{"id":1402,"date":"2023-10-25T12:01:40","date_gmt":"2023-10-25T04:01:40","guid":{"rendered":"https:\/\/darshion.com\/?post_type=product&#038;p=1402"},"modified":"2024-06-28T09:32:23","modified_gmt":"2024-06-28T01:32:23","slug":"custom-gaming-mouse-pads","status":"publish","type":"product","link":"https:\/\/darshion.com\/de\/produkt\/custom-gaming-mouse-pads\/","title":{"rendered":"benutzerdefinierte Gaming-Mauspad Lock edge Lieferant"},"content":{"rendered":"<p><strong data-spm-anchor-id=\"a2g0o.detail.1000023.i0.2dba4611eeJYtX\">Merkmale:<\/strong><\/p>\n<p>*Dauerhafte gen\u00e4hte R\u00e4nder: Dieses Mauspad hat empfindliche Kanten, die Abnutzung verhindern k\u00f6nnen. Gew\u00e4hrleisten Sie eine lange Nutzung ohne Verformung und Degummierung.<\/p>\n<div>*Glatte Oberfl\u00e4che: Die Textur ist dichter. Die Maus kann schnell bewegt und genau positioniert werden, um eine reibungslosere Maussteuerung zu gew\u00e4hrleisten. Perfekt f\u00fcr Ihren Laptop, Computer &amp; PC.<\/div>\n<div>*Rutschfeste Gummibasis: Die dichte Schattierung und die rutschfeste Naturgummibasis sorgen f\u00fcr einen festen Halt auf dem Schreibtisch. Hochwertiges, weiches Material f\u00fcr Ihren Komfort und Ihre Mauskontrolle.<\/div>\n<div>*Washable Design und Fade Prevent : Diese Mausmatte ist aus, die gro\u00dfe Sperre-Farbe-Effekt hat. Fl\u00fcssige Flecken k\u00f6nnen mit Wasser f\u00fcr den Dauereinsatz gereinigt werden. Und es wird nicht mit wiederholter Reinigung verblassen.<\/div>\n<div>*Farbe : Wir bem\u00fchen uns, die farbenfrohsten Drucke zu liefern. Wir verwenden 6 Farben f\u00fcr den Druck, w\u00e4hrend die meisten Konkurrenten 4 Farben verwenden, und wir verwenden eine propriet\u00e4re Mischung aus CMYK- und Neon-Farben, um die gr\u00f6\u00dftm\u00f6gliche Farbskala zu schaffen.<br \/>\n*Druckverfahren: Unser Mauspad wird mit Hilfe von Hei\u00dfpressen und Farbstoffsublimation gedruckt und hergestellt, einem Verfahren, bei dem feste Stoffe in Gase umgewandelt werden. Die hohe Temperatur der Druckpresse verwandelt die Tinte in Gas und verbindet sich mit dem glatten Polyestermaterial, das die Oberseite des Mauspads bildet, sodass Sie sich keine Sorgen machen m\u00fcssen, dass das Design abbl\u00e4ttert oder verblasst.<\/div>\n<div>*Breite Anwendbarkeit: Erh\u00e4ltlich f\u00fcr alle Arten von M\u00e4usen, Laser und optische. Ideale Gr\u00f6\u00dfe f\u00fcr den t\u00e4glichen Gebrauch.<\/div>\n<div><strong>Spezifikationen:<\/strong><\/div>\n<div>Material : Gummi+ Stoff<\/div>\n<div>Sizes : 30x60cm,30x70cm,30x80cm,40x70cm,40x80cm,40x90cm,50x100cm<\/div>\n<div>Dicke : 2\/3\/4\/5mm<\/div>\n<div>Paket enthalten: 1 x Mauspad<\/div>\n<div>Hinweis: Beim \u00d6ffnen der Verpackung kann ein leichter Gummigeruch auftreten, der normal ist und nach einigen Tagen verschwindet.<\/div>\n<div>Nach dem Transport \u00fcber gro\u00dfe Entfernungen betr\u00e4gt die Gr\u00f6\u00dfenabweichung 0,5-1,5 cm, was ein normales Ph\u00e4nomen ist, danke f\u00fcr Ihr Verst\u00e4ndnis.<\/div>","protected":false},"excerpt":{"rendered":"<p>Personalisierte Kunst Gaming-Mauspad Gamer gro\u00dfe tapis de souris anime Gummi Verriegelung Rand gro\u00dfe Computer Mauspad Laptop Schreibtisch Matte<\/p>","protected":false},"featured_media":1405,"comment_status":"open","ping_status":"closed","template":"","meta":{"_monsterinsights_skip_tracking":false,"_monsterinsights_sitenote_active":false,"_monsterinsights_sitenote_note":"","_monsterinsights_sitenote_category":0},"product_cat":[100],"product_tag":[107,134,103],"yoast_head":"<!-- This site is optimized with the Yoast SEO Premium plugin v22.9 (Yoast SEO v24.0) - https:\/\/yoast.com\/wordpress\/plugins\/seo\/ -->\n<title>custom Gaming Mouse pad Lock edge Supplier - darshion<\/title>\n<meta name=\"robots\" content=\"index, follow, max-snippet:-1, max-image-preview:large, max-video-preview:-1\" \/>\n<link rel=\"canonical\" href=\"https:\/\/darshion.com\/de\/produkt\/custom-gaming-mouse-pads\/\" \/>\n<meta property=\"og:locale\" content=\"de_DE\" \/>\n<meta property=\"og:type\" content=\"article\" \/>\n<meta property=\"og:title\" content=\"custom Gaming Mouse pad Lock edge Supplier\" \/>\n<meta property=\"og:description\" content=\"Personalized Art Gaming Mouse Pad Gamer Large tapis de souris anime Rubber Locking Edge Big Computer Mousepad Laptop Desk Mat\" \/>\n<meta property=\"og:url\" content=\"https:\/\/darshion.com\/de\/produkt\/custom-gaming-mouse-pads\/\" \/>\n<meta property=\"og:site_name\" content=\"darshion\" \/>\n<meta property=\"article:modified_time\" content=\"2024-06-28T01:32:23+00:00\" \/>\n<meta property=\"og:image\" content=\"https:\/\/darshion.com\/wp-content\/uploads\/2023\/10\/Large-Custom-Mouse-pad-900x400-1200x600-Desk-Mat-Anime-Gaming-Mousepad-xxl-xl-Lock-edge-Game.jpg_.webp.jpg\" \/>\n\t<meta property=\"og:image:width\" content=\"800\" \/>\n\t<meta property=\"og:image:height\" content=\"800\" \/>\n\t<meta property=\"og:image:type\" content=\"image\/jpeg\" \/>\n<meta name=\"twitter:card\" content=\"summary_large_image\" \/>\n<meta name=\"twitter:label1\" content=\"Gesch\u00e4tzte Lesezeit\" \/>\n\t<meta name=\"twitter:data1\" content=\"1\u00a0Minute\" \/>\n<script type=\"application\/ld+json\" class=\"yoast-schema-graph\">{\"@context\":\"https:\/\/schema.org\",\"@graph\":[{\"@type\":\"WebPage\",\"@id\":\"https:\/\/darshion.com\/product\/custom-gaming-mouse-pads\/\",\"url\":\"https:\/\/darshion.com\/product\/custom-gaming-mouse-pads\/\",\"name\":\"custom Gaming Mouse pad Lock edge Supplier - darshion\",\"isPartOf\":{\"@id\":\"https:\/\/darshion.com\/#website\"},\"primaryImageOfPage\":{\"@id\":\"https:\/\/darshion.com\/product\/custom-gaming-mouse-pads\/#primaryimage\"},\"image\":{\"@id\":\"https:\/\/darshion.com\/product\/custom-gaming-mouse-pads\/#primaryimage\"},\"thumbnailUrl\":\"https:\/\/darshion.com\/wp-content\/uploads\/2023\/10\/Large-Custom-Mouse-pad-900x400-1200x600-Desk-Mat-Anime-Gaming-Mousepad-xxl-xl-Lock-edge-Game.jpg_.webp.jpg\",\"datePublished\":\"2023-10-25T04:01:40+00:00\",\"dateModified\":\"2024-06-28T01:32:23+00:00\",\"breadcrumb\":{\"@id\":\"https:\/\/darshion.com\/product\/custom-gaming-mouse-pads\/#breadcrumb\"},\"inLanguage\":\"de\",\"potentialAction\":[{\"@type\":\"ReadAction\",\"target\":[\"https:\/\/darshion.com\/product\/custom-gaming-mouse-pads\/\"]}]},{\"@type\":\"ImageObject\",\"inLanguage\":\"de\",\"@id\":\"https:\/\/darshion.com\/product\/custom-gaming-mouse-pads\/#primaryimage\",\"url\":\"https:\/\/darshion.com\/wp-content\/uploads\/2023\/10\/Large-Custom-Mouse-pad-900x400-1200x600-Desk-Mat-Anime-Gaming-Mousepad-xxl-xl-Lock-edge-Game.jpg_.webp.jpg\",\"contentUrl\":\"https:\/\/darshion.com\/wp-content\/uploads\/2023\/10\/Large-Custom-Mouse-pad-900x400-1200x600-Desk-Mat-Anime-Gaming-Mousepad-xxl-xl-Lock-edge-Game.jpg_.webp.jpg\",\"width\":800,\"height\":800},{\"@type\":\"BreadcrumbList\",\"@id\":\"https:\/\/darshion.com\/product\/custom-gaming-mouse-pads\/#breadcrumb\",\"itemListElement\":[{\"@type\":\"ListItem\",\"position\":1,\"name\":\"\u9996\u9875\",\"item\":\"https:\/\/darshion.com\/\"},{\"@type\":\"ListItem\",\"position\":2,\"name\":\"PRODUCT\",\"item\":\"https:\/\/darshion.com\/pt\/product\/\"},{\"@type\":\"ListItem\",\"position\":3,\"name\":\"custom Gaming Mouse pad Lock edge Supplier\"}]},{\"@type\":\"WebSite\",\"@id\":\"https:\/\/darshion.com\/#website\",\"url\":\"https:\/\/darshion.com\/\",\"name\":\"darshion\",\"description\":\"14 Years of Experience, Quality Assurance, Innovative Design\",\"publisher\":{\"@id\":\"https:\/\/darshion.com\/#organization\"},\"potentialAction\":[{\"@type\":\"SearchAction\",\"target\":{\"@type\":\"EntryPoint\",\"urlTemplate\":\"https:\/\/darshion.com\/?s={search_term_string}\"},\"query-input\":{\"@type\":\"PropertyValueSpecification\",\"valueRequired\":true,\"valueName\":\"search_term_string\"}}],\"inLanguage\":\"de\"},{\"@type\":\"Organization\",\"@id\":\"https:\/\/darshion.com\/#organization\",\"name\":\"darshion\",\"url\":\"https:\/\/darshion.com\/\",\"logo\":{\"@type\":\"ImageObject\",\"inLanguage\":\"de\",\"@id\":\"https:\/\/darshion.com\/#\/schema\/logo\/image\/\",\"url\":\"https:\/\/darshion.com\/wp-content\/uploads\/2023\/09\/01-1.png\",\"contentUrl\":\"https:\/\/darshion.com\/wp-content\/uploads\/2023\/09\/01-1.png\",\"width\":350,\"height\":100,\"caption\":\"darshion\"},\"image\":{\"@id\":\"https:\/\/darshion.com\/#\/schema\/logo\/image\/\"}}]}<\/script>\n<!-- \/ Yoast SEO Premium plugin. -->","yoast_head_json":{"title":"benutzerdefinierte Gaming-Maus-Pad Sperre Rand Lieferant - darshion","robots":{"index":"index","follow":"follow","max-snippet":"max-snippet:-1","max-image-preview":"max-image-preview:large","max-video-preview":"max-video-preview:-1"},"canonical":"https:\/\/darshion.com\/de\/produkt\/custom-gaming-mouse-pads\/","og_locale":"de_DE","og_type":"article","og_title":"custom Gaming Mouse pad Lock edge Supplier","og_description":"Personalized Art Gaming Mouse Pad Gamer Large tapis de souris anime Rubber Locking Edge Big Computer Mousepad Laptop Desk Mat","og_url":"https:\/\/darshion.com\/de\/produkt\/custom-gaming-mouse-pads\/","og_site_name":"darshion","article_modified_time":"2024-06-28T01:32:23+00:00","og_image":[{"width":800,"height":800,"url":"https:\/\/darshion.com\/wp-content\/uploads\/2023\/10\/Large-Custom-Mouse-pad-900x400-1200x600-Desk-Mat-Anime-Gaming-Mousepad-xxl-xl-Lock-edge-Game.jpg_.webp.jpg","type":"image\/jpeg"}],"twitter_card":"summary_large_image","twitter_misc":{"Gesch\u00e4tzte Lesezeit":"1\u00a0Minute"},"schema":{"@context":"https:\/\/schema.org","@graph":[{"@type":"WebPage","@id":"https:\/\/darshion.com\/product\/custom-gaming-mouse-pads\/","url":"https:\/\/darshion.com\/product\/custom-gaming-mouse-pads\/","name":"benutzerdefinierte Gaming-Maus-Pad Sperre Rand Lieferant - darshion","isPartOf":{"@id":"https:\/\/darshion.com\/#website"},"primaryImageOfPage":{"@id":"https:\/\/darshion.com\/product\/custom-gaming-mouse-pads\/#primaryimage"},"image":{"@id":"https:\/\/darshion.com\/product\/custom-gaming-mouse-pads\/#primaryimage"},"thumbnailUrl":"https:\/\/darshion.com\/wp-content\/uploads\/2023\/10\/Large-Custom-Mouse-pad-900x400-1200x600-Desk-Mat-Anime-Gaming-Mousepad-xxl-xl-Lock-edge-Game.jpg_.webp.jpg","datePublished":"2023-10-25T04:01:40+00:00","dateModified":"2024-06-28T01:32:23+00:00","breadcrumb":{"@id":"https:\/\/darshion.com\/product\/custom-gaming-mouse-pads\/#breadcrumb"},"inLanguage":"de","potentialAction":[{"@type":"ReadAction","target":["https:\/\/darshion.com\/product\/custom-gaming-mouse-pads\/"]}]},{"@type":"ImageObject","inLanguage":"de","@id":"https:\/\/darshion.com\/product\/custom-gaming-mouse-pads\/#primaryimage","url":"https:\/\/darshion.com\/wp-content\/uploads\/2023\/10\/Large-Custom-Mouse-pad-900x400-1200x600-Desk-Mat-Anime-Gaming-Mousepad-xxl-xl-Lock-edge-Game.jpg_.webp.jpg","contentUrl":"https:\/\/darshion.com\/wp-content\/uploads\/2023\/10\/Large-Custom-Mouse-pad-900x400-1200x600-Desk-Mat-Anime-Gaming-Mousepad-xxl-xl-Lock-edge-Game.jpg_.webp.jpg","width":800,"height":800},{"@type":"BreadcrumbList","@id":"https:\/\/darshion.com\/product\/custom-gaming-mouse-pads\/#breadcrumb","itemListElement":[{"@type":"ListItem","position":1,"name":"\u9996\u9875","item":"https:\/\/darshion.com\/"},{"@type":"ListItem","position":2,"name":"PRODUCT","item":"https:\/\/darshion.com\/pt\/product\/"},{"@type":"ListItem","position":3,"name":"custom Gaming Mouse pad Lock edge Supplier"}]},{"@type":"WebSite","@id":"https:\/\/darshion.com\/#website","url":"https:\/\/darshion.com\/","name":"darshion","description":"14 Jahre Erfahrung, Qualit\u00e4tssicherung, innovatives Design","publisher":{"@id":"https:\/\/darshion.com\/#organization"},"potentialAction":[{"@type":"SearchAction","target":{"@type":"EntryPoint","urlTemplate":"https:\/\/darshion.com\/?s={search_term_string}"},"query-input":{"@type":"PropertyValueSpecification","valueRequired":true,"valueName":"search_term_string"}}],"inLanguage":"de"},{"@type":"Organization","@id":"https:\/\/darshion.com\/#organization","name":"darshion","url":"https:\/\/darshion.com\/","logo":{"@type":"ImageObject","inLanguage":"de","@id":"https:\/\/darshion.com\/#\/schema\/logo\/image\/","url":"https:\/\/darshion.com\/wp-content\/uploads\/2023\/09\/01-1.png","contentUrl":"https:\/\/darshion.com\/wp-content\/uploads\/2023\/09\/01-1.png","width":350,"height":100,"caption":"darshion"},"image":{"@id":"https:\/\/darshion.com\/#\/schema\/logo\/image\/"}}]}},"_links":{"self":[{"href":"https:\/\/darshion.com\/de\/wp-json\/wp\/v2\/product\/1402"}],"collection":[{"href":"https:\/\/darshion.com\/de\/wp-json\/wp\/v2\/product"}],"about":[{"href":"https:\/\/darshion.com\/de\/wp-json\/wp\/v2\/types\/product"}],"replies":[{"embeddable":true,"href":"https:\/\/darshion.com\/de\/wp-json\/wp\/v2\/comments?post=1402"}],"wp:featuredmedia":[{"embeddable":true,"href":"https:\/\/darshion.com\/de\/wp-json\/wp\/v2\/media\/1405"}],"wp:attachment":[{"href":"https:\/\/darshion.com\/de\/wp-json\/wp\/v2\/media?parent=1402"}],"wp:term":[{"taxonomy":"product_cat","embeddable":true,"href":"https:\/\/darshion.com\/de\/wp-json\/wp\/v2\/product_cat?post=1402"},{"taxonomy":"product_tag","embeddable":true,"href":"https:\/\/darshion.com\/de\/wp-json\/wp\/v2\/product_tag?post=1402"}],"curies":[{"name":"wp","href":"https:\/\/api.w.org\/{rel}","templated":true}]}}