{"id":149,"date":"2023-09-14T16:01:15","date_gmt":"2023-09-14T08:01:15","guid":{"rendered":"https:\/\/darshion.com\/?post_type=product&#038;p=149"},"modified":"2026-04-15T09:52:24","modified_gmt":"2026-04-15T01:52:24","slug":"rgb-mousepads","status":"publish","type":"product","link":"https:\/\/darshion.com\/de\/produkt\/rgb-mousepads\/","title":{"rendered":"Leuchtende Gaming-RGB-Mauspads in gro\u00dfen Mengen"},"content":{"rendered":"<div class=\"elementor-element elementor-element-1766ea6 elementor-widget elementor-widget-heading\" data-id=\"1766ea6\" data-element_type=\"widget\" data-widget_type=\"heading.default\">\n<div class=\"elementor-widget-container\">\n<div id=\"ali-anchor-AliPostDhMb-80is8\" class=\"mceSectionContainer\" style=\"color: #000000; font-family: Arial; font-size: 12px; font-style: normal; font-weight: 400; padding-top: 8px;\" data-section=\"AliPostDhMb-80is8\" data-section-title=\"Product Description\">\n<div style=\"padding: 10px 0px;\">\n<div style=\"margin: 0px; padding: 0px; border: 0px; font-style: normal; font-weight: 400; font-size: 12px; line-height: inherit; font-family: Arial; vertical-align: baseline; color: #000000;\">\n<table class=\"is-zebra all magic-7\">\n<tbody>\n<tr>\n<td colspan=\"1\" rowspan=\"1\">\n<div class=\"magic-8\">\n<div class=\"magic-9\" data-spm-anchor-id=\"a2700.custom-template.0.i45.5b423333IFnvem\"><b><span class=\"magic-10\">Artikel:<\/span><\/b><\/div>\n<\/div>\n<\/td>\n<td colspan=\"1\" rowspan=\"1\">\n<div class=\"magic-11\"><b>RGB-Mauspad<\/b><\/div>\n<\/td>\n<td colspan=\"1\" rowspan=\"1\">\n<div class=\"magic-12\"><span class=\"magic-13\"><span class=\"magic-14\"><b data-spm-anchor-id=\"a2700.custom-template.0.i215.5b423333IFnvem\">MOQ:<\/b><\/span><\/span><\/div>\n<\/td>\n<td colspan=\"1\" rowspan=\"1\">\n<div class=\"magic-15\">100 St\u00fcck<\/div>\n<\/td>\n<\/tr>\n<tr>\n<td colspan=\"1\" rowspan=\"1\">\n<div class=\"magic-8\">\n<div class=\"magic-9\" data-spm-anchor-id=\"a2700.custom-template.0.i56.5b423333IFnvem\"><b><span class=\"magic-10\">Material:<\/span><\/b><\/div>\n<\/div>\n<\/td>\n<td colspan=\"1\" rowspan=\"1\">\n<div class=\"magic-11\">Naturkautschuk + Seidenstoff+RGB-Beleuchtung<\/div>\n<\/td>\n<td colspan=\"1\" rowspan=\"1\">\n<div class=\"magic-12\"><span class=\"magic-16\"><span class=\"magic-14\"><b data-spm-anchor-id=\"a2700.custom-template.0.i213.5b423333IFnvem\">Beispiel:<\/b><\/span><\/span><\/div>\n<\/td>\n<td colspan=\"1\" rowspan=\"1\">\n<div class=\"magic-15\" data-spm-anchor-id=\"a2700.details.0.i82.454d7d05QsR4UP\">Die Mustergeb\u00fchr kann abgezogen werden<\/div>\n<\/td>\n<\/tr>\n<tr>\n<td colspan=\"1\" rowspan=\"1\">\n<div class=\"magic-8\"><b data-spm-anchor-id=\"a2700.custom-template.0.i220.5b423333IFnvem\">Drucken<\/b><\/div>\n<\/td>\n<td colspan=\"1\" rowspan=\"1\">\n<div class=\"magic-11\"><b data-spm-anchor-id=\"a2700.custom-template.0.i305.5b423333IFnvem\">CMYK\u00a0<\/b><span data-spm-anchor-id=\"a2700.custom-template.0.i305.5b423333IFnvem\">Drucken<\/span>\/<b data-spm-anchor-id=\"a2700.custom-template.0.i306.5b423333IFnvem\">Digital<\/b>\u00a0Druck\/<b>Seide<\/b>\u00a0Drucken<\/div>\n<\/td>\n<td colspan=\"1\" rowspan=\"1\">\n<div class=\"magic-12\"><span class=\"magic-10\"><b data-spm-anchor-id=\"a2700.custom-template.0.i207.5b423333IFnvem\">Probezeit:<\/b><\/span><\/div>\n<\/td>\n<td colspan=\"1\" rowspan=\"1\">\n<div class=\"magic-15\">4-7 Tage<\/div>\n<\/td>\n<\/tr>\n<tr>\n<td colspan=\"1\" rowspan=\"1\">\n<div class=\"magic-8\">\n<div class=\"magic-9\" data-spm-anchor-id=\"a2700.custom-template.0.i57.5b423333IFnvem\"><b><span class=\"magic-10\">Gr\u00f6\u00dfe M:<\/span><\/b><\/div>\n<\/div>\n<\/td>\n<td colspan=\"1\" rowspan=\"1\">\n<div class=\"magic-11\"><b>350*250 mm\u00a0<\/b><\/div>\n<\/td>\n<td colspan=\"1\" rowspan=\"1\">\n<div class=\"magic-12\"><span class=\"magic-10\"><b data-spm-anchor-id=\"a2700.custom-template.0.i212.5b423333IFnvem\">Lieferzeiten:<\/b><\/span><\/div>\n<\/td>\n<td colspan=\"1\" rowspan=\"1\">\n<div class=\"magic-15\">7-28 Tage \uff08normal\uff09<\/div>\n<\/td>\n<\/tr>\n<tr>\n<td colspan=\"1\" rowspan=\"1\">\n<div class=\"magic-8\">\n<div class=\"magic-9\" data-spm-anchor-id=\"a2700.custom-template.0.i58.5b423333IFnvem\"><b><span class=\"magic-10\">Gr\u00f6\u00dfe L:<\/span><\/b><\/div>\n<\/div>\n<\/td>\n<td colspan=\"1\" rowspan=\"1\">\n<div class=\"magic-11\"><b>800*300 mm<\/b><\/div>\n<\/td>\n<td colspan=\"1\" rowspan=\"1\">\n<div class=\"magic-12\"><b>Herkunftsort\uff1a<\/b><\/div>\n<\/td>\n<td colspan=\"1\" rowspan=\"1\">\n<div class=\"magic-15\">Dongguan, China<\/div>\n<\/td>\n<\/tr>\n<tr>\n<td colspan=\"1\" rowspan=\"1\">\n<div class=\"magic-8\"><b><span class=\"magic-10\">Gr\u00f6\u00dfe XL:<\/span><\/b><\/div>\n<\/td>\n<td colspan=\"1\" rowspan=\"1\">\n<div class=\"magic-11\"><b data-spm-anchor-id=\"a2700.custom-template.0.i29.1bba3333LwM3EE\">900*400 mm<\/b><\/div>\n<\/td>\n<td colspan=\"1\" rowspan=\"1\">\n<div class=\"magic-12\"><span class=\"magic-10\"><span class=\"magic-17\" data-spm-anchor-id=\"a2700.custom-template.0.i152.5b423333IFnvem\"><b data-spm-anchor-id=\"a2700.custom-template.0.i202.5b423333IFnvem\">Zertifikat:<\/b><\/span><\/span><\/div>\n<\/td>\n<td colspan=\"1\" rowspan=\"1\">\n<div class=\"magic-15\">Sedex\/Reach\/RoHS\/EN-71\/CE\/PAHs\/FAMA<\/div>\n<\/td>\n<\/tr>\n<tr>\n<td colspan=\"1\" rowspan=\"1\">\n<div class=\"magic-8\"><b><span class=\"magic-10\">Die Sorgfalt:<\/span><\/b><\/div>\n<\/td>\n<td colspan=\"1\" rowspan=\"1\">\n<div class=\"magic-11\"><b>3mm\/4mm\/5mm\/6mm<\/b><\/div>\n<\/td>\n<td colspan=\"1\" rowspan=\"1\">\n<div class=\"magic-12\"><b class=\"magic-18\" data-spm-anchor-id=\"a2700.custom-template.0.i202.5b423333IFnvem\">Preis Laufzeit\uff1a<\/b><\/div>\n<\/td>\n<td colspan=\"1\" rowspan=\"1\">\n<div class=\"magic-15\">EXW\/FOB\/CIF\/Fedex\/DHL\/TNT\/UPS<\/div>\n<\/td>\n<\/tr>\n<tr>\n<td colspan=\"1\" rowspan=\"1\">\n<div class=\"magic-8\"><b><span class=\"magic-10\">Marke:<\/span><\/b><\/div>\n<\/td>\n<td colspan=\"1\" rowspan=\"1\">\n<div class=\"magic-11\"><b>Tigerwings oder OEM\/ODM<\/b><\/div>\n<\/td>\n<td colspan=\"1\" rowspan=\"1\">\n<div class=\"magic-12\"><b class=\"magic-19\" data-spm-anchor-id=\"a2700.custom-template.0.i202.5b423333IFnvem\">Zahlungsfrist\uff1a<\/b><\/div>\n<\/td>\n<td colspan=\"1\" rowspan=\"1\">\n<div class=\"magic-15\">T\/T, Paypal, Western Union, L\/C<\/div>\n<\/td>\n<\/tr>\n<tr>\n<td colspan=\"1\" rowspan=\"1\">\n<div class=\"magic-8\"><b><span class=\"magic-10\">Benutzerdefiniert:<\/span><\/b><\/div>\n<\/td>\n<td colspan=\"3\" rowspan=\"1\">\n<div class=\"magic-20\" data-spm-anchor-id=\"a2700.details.0.i81.454d7d05QsR4UP\">Wir sind die\u00a0<b data-spm-anchor-id=\"a2700.custom-template.0.i291.5b423333IFnvem\">Quelle Fabrik<\/b>, akzeptierend\u00a0<b data-spm-anchor-id=\"a2700.custom-template.0.i290.5b423333IFnvem\">Kundenspezifisch\u00a0<\/b><span data-spm-anchor-id=\"a2700.custom-template.0.i290.5b423333IFnvem\"><b>MATERIAL, GR\u00d6SSE, DRUCK, LOGO, EINFASSUNG, VERPACKUNG<\/b><\/span>, usw.<\/div>\n<\/td>\n<\/tr>\n<\/tbody>\n<\/table>\n<p>Neues Privatmodell Amazon Bestselling Patent Produkt<\/p>\n<p>Produktname: RGB-beleuchtetes Mauspad<\/p>\n<p>Produktgewicht:<\/p>\n<ul>\n<li>900<em>400<\/em>4mm (Gewicht 900-950g)<\/li>\n<li>800<em>300<\/em>4mm (Gewicht 630-660g)<\/li>\n<li>300<em>250<\/em>4mm (Gewicht 300-350g)<\/li>\n<\/ul>\n<p>Gr\u00f6\u00dfe des Kartons: 48*<em>48*<\/em>35cm, 25 St\u00fcck, 17KG<\/p>\n<p>7 feste Farben, 14 Modi: Blau, Rot, Gr\u00fcn, Wei\u00df, Lila, Cyan, Gelb Atemmodus, Laufpferdmodus<\/p>\n<p>Speicherfunktion: Ausschalt-Speicherfunktion<\/p>\n<p>Produktschnittstelle: Typ-C-Schnittstelle<\/p>\n<p>Stromversorgung: 5V<\/p>\n<p>Verpackung: Englische Farbbox<\/p>\n<p>Anpassbar: Logo-Design, Papierbox-Verpackung, Abmessungen<\/p>\n<p style=\"margin: 0px; padding: 0px; border: 0px; vertical-align: baseline;\"><span style=\"margin: 0px; padding: 0px; border: 0px; font-style: inherit; font-weight: inherit; font-size: 20px; line-height: 30px; vertical-align: baseline;\"><strong>Paket enthalten:<\/strong><\/span><span style=\"margin: 0px; padding: 0px; border: 0px; font-style: inherit; font-weight: inherit; font-size: 16px; line-height: 24px; vertical-align: baseline;\"> 1* RGB-Mauspad, 1* Typ-C-Kabel<\/span><\/p>\n<p style=\"margin: 0px; padding: 0px; border: 0px; vertical-align: baseline;\"><span style=\"margin: 0px; padding: 0px; border: 0px; font-style: inherit; font-weight: inherit; font-size: inherit; line-height: 18px; vertical-align: baseline; color: #ff0000;\"><span style=\"margin: 0px; padding: 0px; border: 0px; font-style: inherit; font-weight: inherit; font-size: 16px; line-height: 24px; vertical-align: baseline;\">Anmerkung:<\/span><\/span><\/p>\n<p style=\"margin: 0px; padding: 0px; border: 0px; vertical-align: baseline;\"><span style=\"margin: 0px; padding: 0px; border: 0px; font-style: inherit; font-weight: inherit; font-size: 16px; line-height: 24px; vertical-align: baseline; color: #ff0000;\">Zum Einschalten\/ Farbwechsel einmal dr\u00fccken<\/span><\/p>\n<p style=\"margin: 0px; padding: 0px; border: 0px; vertical-align: baseline;\"><span style=\"margin: 0px; padding: 0px; border: 0px; font-style: inherit; font-weight: inherit; font-size: inherit; line-height: 18px; vertical-align: baseline; color: #ff0000;\"><span style=\"margin: 0px; padding: 0px; border: 0px; font-style: inherit; font-weight: inherit; font-size: 16px; line-height: 24px; vertical-align: baseline;\">zweimal schnell dr\u00fccken, um die Helligkeit einzustellen<\/span><\/span><\/p>\n<div style=\"margin: 0px; padding: 0px; border: 0px; vertical-align: baseline;\"><span style=\"margin: 0px; padding: 0px; border: 0px; font-style: inherit; font-weight: inherit; font-size: inherit; line-height: 18px; vertical-align: baseline; color: #ff0000;\"><span style=\"margin: 0px; padding: 0px; border: 0px; font-style: inherit; font-weight: inherit; font-size: 16px; line-height: 24px; vertical-align: baseline;\">zum Ausschalten 3 Sekunden lang dr\u00fccken<\/span><\/span><\/div>\n<\/div>\n<\/div>\n<div>\n<h1>RGB-Mauspad Benutzerhandbuch<\/h1>\n<h2 class=\"wp-block-heading\">1. schaltbare Tastenfunktionen:<\/h2>\n<ol>\n<li>Mit einem Mausklick k\u00f6nnen Sie zwischen 14 Beleuchtungsmustern hin- und herschalten.<\/li>\n<li>Doppelklicken Sie darauf, um zwischen hoher und niedriger Helligkeit zu wechseln.<\/li>\n<li>Halten Sie die Taste 3 Sekunden lang gedr\u00fcckt, um das Licht auszuschalten; dr\u00fccken Sie erneut leicht, um es wieder einzuschalten.<\/li>\n<li>Sowohl die Beleuchtungsmuster als auch die Helligkeitsstufen haben eine Speicherfunktion. Unabh\u00e4ngig davon, ob der Strom durch langes Dr\u00fccken oder aufgrund eines Stromausfalls ausgeschaltet wird, bleibt der vorherige Zustand erhalten.<\/li>\n<\/ol>\n<figure class=\"wp-block-image size-full\"><img fetchpriority=\"high\" decoding=\"async\" class=\"wp-image-1091\" src=\"https:\/\/rgbmousepad.com\/wp-content\/uploads\/2023\/10\/mousepad-swich.jpg\" sizes=\"(max-width: 790px) 100vw, 790px\" srcset=\"https:\/\/rgbmousepad.com\/wp-content\/uploads\/2023\/10\/mousepad-swich.jpg 790w, https:\/\/rgbmousepad.com\/wp-content\/uploads\/2023\/10\/mousepad-swich-300x297.jpg 300w, https:\/\/rgbmousepad.com\/wp-content\/uploads\/2023\/10\/mousepad-swich-150x150.jpg 150w, https:\/\/rgbmousepad.com\/wp-content\/uploads\/2023\/10\/mousepad-swich-768x761.jpg 768w, https:\/\/rgbmousepad.com\/wp-content\/uploads\/2023\/10\/mousepad-swich-600x595.jpg 600w, https:\/\/rgbmousepad.com\/wp-content\/uploads\/2023\/10\/mousepad-swich-100x100.jpg 100w\" alt=\"\" width=\"790\" height=\"783\" \/><\/figure>\n<h2 class=\"wp-block-heading\">2. beleuchtungsmuster<\/h2>\n<ol>\n<li>Rot<\/li>\n<li>Blau<\/li>\n<li>Gr\u00fcn<\/li>\n<li>Lila<\/li>\n<li>Cyan<\/li>\n<li>Gelb<\/li>\n<li>Wei\u00df<\/li>\n<li>Asynchroner Gradient<\/li>\n<li>Synchroner Gradient<\/li>\n<li>Blinkend<\/li>\n<li>Flackernder Farbverlauf<\/li>\n<li>Aus<\/li>\n<li>Synchrone Atmung<\/li>\n<li>Asynchrone Atmung<\/li>\n<\/ol>\n<figure class=\"wp-block-image size-full\"><img decoding=\"async\" class=\"wp-image-1095\" src=\"https:\/\/rgbmousepad.com\/wp-content\/uploads\/2023\/10\/O1CN01ueTMBo2DQgPHnwLK9_2210221638604-0-cib.gif\" alt=\"\" width=\"790\" height=\"790\" \/><\/figure>\n<h2 class=\"wp-block-heading\">3. besondere Anmerkung<\/h2>\n<ol>\n<li>Wenn der Benutzer das Mauspad einschaltet, wird es einem Selbsttest mit den Farben Rot, Blau und Gr\u00fcn unterzogen. Wenn diese Farben angezeigt werden, bedeutet dies, dass die Beleuchtung korrekt funktioniert.<\/li>\n<li>Das Mauspad unterst\u00fctzt eine Plug-and-Play-USB-Schnittstelle und erfordert keine Softwareinstallation.<\/li>\n<\/ol>\n<h2 class=\"wp-block-heading\">4. TECHNISCHE DATEN<\/h2>\n<ol>\n<li>Auswahltasten f\u00fcr den RGB-Spektrummodus<\/li>\n<li>Optimiert f\u00fcr alle Empfindlichkeitseinstellungen<\/li>\n<li>Rutschfester Gummifu\u00df<\/li>\n<li>RGB-Beleuchtung Kante<\/li>\n<li>Atmungsaktive Stoffoberfl\u00e4che<\/li>\n<\/ol>\n<figure class=\"wp-block-image size-large\"><a href=\"https:\/\/rgbmousepad.com\/product\/rgb-mousepads\/\"><img decoding=\"async\" class=\"wp-image-1093\" src=\"https:\/\/rgbmousepad.com\/wp-content\/uploads\/2023\/10\/7-1-1024x1024.jpg\" sizes=\"(max-width: 1024px) 100vw, 1024px\" srcset=\"https:\/\/rgbmousepad.com\/wp-content\/uploads\/2023\/10\/7-1-1024x1024.jpg 1024w, https:\/\/rgbmousepad.com\/wp-content\/uploads\/2023\/10\/7-1-300x300.jpg 300w, https:\/\/rgbmousepad.com\/wp-content\/uploads\/2023\/10\/7-1-150x150.jpg 150w, https:\/\/rgbmousepad.com\/wp-content\/uploads\/2023\/10\/7-1-768x768.jpg 768w, https:\/\/rgbmousepad.com\/wp-content\/uploads\/2023\/10\/7-1-600x600.jpg 600w, https:\/\/rgbmousepad.com\/wp-content\/uploads\/2023\/10\/7-1-100x100.jpg 100w, https:\/\/rgbmousepad.com\/wp-content\/uploads\/2023\/10\/7-1.jpg 1500w\" alt=\"\" width=\"1024\" height=\"1024\" \/><\/a><\/figure>\n<h2 class=\"wp-block-heading\">5.<strong>WIE VERBINDEN<\/strong><\/h2>\n<p>Schlie\u00dfen Sie das abnehmbare Micro-USB-Kabel an das Mauspad an, um es einzuschalten<\/p>\n<h2 class=\"wp-block-heading\">6.<strong>RGB-BELEUCHTUNGSEINSTELLUNGEN<\/strong><\/h2>\n<ul>\n<li><strong>SCHALTEN<\/strong><\/li>\n<\/ul>\n<p>Dr\u00fccken Sie die Taste SWITCH, um 14 der RGB-Spektralbeleuchtung auszuw\u00e4hlen.<\/p>\n<p>Doppelklick auf den SWITCH, um die Helligkeit des RGB-Lichts zu \u00e4ndern, unterst\u00fctzt zwei Helligkeitseinstellungen<\/p>\n<p>Das Produkt kann sich die Helligkeit und den Modus von RGB<\/p>\n<ul>\n<li><strong>EIN\/AUS<\/strong><\/li>\n<\/ul>\n<p>Halten Sie die Taste 3 Sekunden lang gedr\u00fcckt, um die RGB-Beleuchtung ein- oder auszuschalten.<\/p>\n<h2 class=\"wp-block-heading\">7.OBERFL\u00c4CHE F\u00dcR SPIELE<\/h2>\n<p>Die Stoffoberfl\u00e4che sorgt f\u00fcr punktgenaue Pr\u00e4zision und m\u00fchelose Geschwindigkeit. Die pr\u00e4zise, gleichm\u00e4\u00dfige Oberfl\u00e4che sorgt daf\u00fcr, dass jede Mausbewegung in eine Cursorbewegung umgesetzt wird, sodass Sie auch bei den actionreichsten Gaming-Duellen ultimative Pr\u00e4zision genie\u00dfen k\u00f6nnen.<\/p>\n<h2 class=\"wp-block-heading\">8.<strong>Warnung<\/strong><\/h2>\n<p>* Versuchen Sie nicht, das Mauspad zu warten oder zu ver\u00e4ndern.<\/p>\n<p>* Reinigen Sie die Maus nur mit einem trockenen Tuch; verwenden Sie weder Alkohol noch Reinigungsmittel.<\/p>\n<p>* Keep it away Lire,<\/p>\n<h2 class=\"wp-block-heading\">9.<strong>Betriebsbedingungen<\/strong><\/h2>\n<p>1, Betriebstemperatur: -25\u2103\uff5e65\u2103'+10\u2103<\/p>\n<p>2, Lagertemperatur\uff1a-40\u2103\uff5e70\u2103'+10\u2103<\/p>\n<p>3. Betriebsfeuchtigkeit: 10 - 90% rh<\/p>\n<p>4. Luftfeuchtigkeit bei Lagerung: -5 - 95% rh<\/p>\n<\/div>\n<\/div>\n<div style=\"color: #000000; font-family: Arial; font-size: 12px; font-style: normal; font-weight: 400;\">\n<p style=\"margin: 0px; padding: 0px;\">\n<\/div>\n<\/div>\n<\/div>","protected":false},"excerpt":{"rendered":"<p>14 Beleuchtungseffekte Leuchtende Gaming XXL RGB Mousepad Fabrik<\/p>","protected":false},"featured_media":951,"comment_status":"open","ping_status":"closed","template":"","meta":{"_monsterinsights_skip_tracking":false,"_monsterinsights_sitenote_active":false,"_monsterinsights_sitenote_note":"","_monsterinsights_sitenote_category":0},"product_cat":[563,100],"product_tag":[103,92],"yoast_head":"<!-- This site is optimized with the Yoast SEO Premium plugin v22.9 (Yoast SEO v24.0) - https:\/\/yoast.com\/wordpress\/plugins\/seo\/ -->\n<title>Bulk Luminous Gaming RGB Mouse Pads - darshion<\/title>\n<meta name=\"description\" content=\"RGB mouse pad parameters and user manual, Professional mouse pad factory wholesale and bulk.\" \/>\n<meta name=\"robots\" content=\"index, follow, max-snippet:-1, max-image-preview:large, max-video-preview:-1\" \/>\n<link rel=\"canonical\" href=\"https:\/\/darshion.com\/de\/produkt\/rgb-mousepads\/\" \/>\n<meta property=\"og:locale\" content=\"de_DE\" \/>\n<meta property=\"og:type\" content=\"article\" \/>\n<meta property=\"og:title\" content=\"Bulk Luminous Gaming RGB Mouse Pads\" \/>\n<meta property=\"og:description\" content=\"RGB mouse pad parameters and user manual, Professional mouse pad factory wholesale and bulk.\" \/>\n<meta property=\"og:url\" content=\"https:\/\/darshion.com\/de\/produkt\/rgb-mousepads\/\" \/>\n<meta property=\"og:site_name\" content=\"darshion\" \/>\n<meta property=\"article:modified_time\" content=\"2026-04-15T01:52:24+00:00\" \/>\n<meta property=\"og:image\" content=\"https:\/\/darshion.com\/wp-content\/uploads\/2023\/09\/4.jpg\" \/>\n\t<meta property=\"og:image:width\" content=\"1500\" \/>\n\t<meta property=\"og:image:height\" content=\"1500\" \/>\n\t<meta property=\"og:image:type\" content=\"image\/jpeg\" \/>\n<meta name=\"twitter:card\" content=\"summary_large_image\" \/>\n<meta name=\"twitter:label1\" content=\"Gesch\u00e4tzte Lesezeit\" \/>\n\t<meta name=\"twitter:data1\" content=\"4\u00a0Minuten\" \/>\n<script type=\"application\/ld+json\" class=\"yoast-schema-graph\">{\"@context\":\"https:\/\/schema.org\",\"@graph\":[{\"@type\":\"WebPage\",\"@id\":\"https:\/\/darshion.com\/product\/rgb-mousepads\/\",\"url\":\"https:\/\/darshion.com\/product\/rgb-mousepads\/\",\"name\":\"Bulk Luminous Gaming RGB Mouse Pads - darshion\",\"isPartOf\":{\"@id\":\"https:\/\/darshion.com\/#website\"},\"primaryImageOfPage\":{\"@id\":\"https:\/\/darshion.com\/product\/rgb-mousepads\/#primaryimage\"},\"image\":{\"@id\":\"https:\/\/darshion.com\/product\/rgb-mousepads\/#primaryimage\"},\"thumbnailUrl\":\"https:\/\/darshion.com\/wp-content\/uploads\/2023\/09\/4.jpg\",\"datePublished\":\"2023-09-14T08:01:15+00:00\",\"dateModified\":\"2026-04-15T01:52:24+00:00\",\"description\":\"RGB mouse pad parameters and user manual, Professional mouse pad factory wholesale and bulk.\",\"breadcrumb\":{\"@id\":\"https:\/\/darshion.com\/product\/rgb-mousepads\/#breadcrumb\"},\"inLanguage\":\"de\",\"potentialAction\":[{\"@type\":\"ReadAction\",\"target\":[\"https:\/\/darshion.com\/product\/rgb-mousepads\/\"]}]},{\"@type\":\"ImageObject\",\"inLanguage\":\"de\",\"@id\":\"https:\/\/darshion.com\/product\/rgb-mousepads\/#primaryimage\",\"url\":\"https:\/\/darshion.com\/wp-content\/uploads\/2023\/09\/4.jpg\",\"contentUrl\":\"https:\/\/darshion.com\/wp-content\/uploads\/2023\/09\/4.jpg\",\"width\":1500,\"height\":1500},{\"@type\":\"BreadcrumbList\",\"@id\":\"https:\/\/darshion.com\/product\/rgb-mousepads\/#breadcrumb\",\"itemListElement\":[{\"@type\":\"ListItem\",\"position\":1,\"name\":\"\u9996\u9875\",\"item\":\"https:\/\/darshion.com\/\"},{\"@type\":\"ListItem\",\"position\":2,\"name\":\"PRODUCT\",\"item\":\"https:\/\/darshion.com\/pt\/product\/\"},{\"@type\":\"ListItem\",\"position\":3,\"name\":\"Bulk Luminous Gaming RGB Mouse Pads\"}]},{\"@type\":\"WebSite\",\"@id\":\"https:\/\/darshion.com\/#website\",\"url\":\"https:\/\/darshion.com\/\",\"name\":\"darshion\",\"description\":\"14 Years of Experience, Quality Assurance, Innovative Design\",\"publisher\":{\"@id\":\"https:\/\/darshion.com\/#organization\"},\"potentialAction\":[{\"@type\":\"SearchAction\",\"target\":{\"@type\":\"EntryPoint\",\"urlTemplate\":\"https:\/\/darshion.com\/?s={search_term_string}\"},\"query-input\":{\"@type\":\"PropertyValueSpecification\",\"valueRequired\":true,\"valueName\":\"search_term_string\"}}],\"inLanguage\":\"de\"},{\"@type\":\"Organization\",\"@id\":\"https:\/\/darshion.com\/#organization\",\"name\":\"darshion\",\"url\":\"https:\/\/darshion.com\/\",\"logo\":{\"@type\":\"ImageObject\",\"inLanguage\":\"de\",\"@id\":\"https:\/\/darshion.com\/#\/schema\/logo\/image\/\",\"url\":\"https:\/\/darshion.com\/wp-content\/uploads\/2023\/09\/01-1.png\",\"contentUrl\":\"https:\/\/darshion.com\/wp-content\/uploads\/2023\/09\/01-1.png\",\"width\":350,\"height\":100,\"caption\":\"darshion\"},\"image\":{\"@id\":\"https:\/\/darshion.com\/#\/schema\/logo\/image\/\"}}]}<\/script>\n<!-- \/ Yoast SEO Premium plugin. -->","yoast_head_json":{"title":"Luminous Gaming RGB Mauspads - darshion","description":"RGB-Maus-Pad-Parameter und Benutzerhandbuch, Professional Maus-Pad Fabrik Gro\u00dfhandel und Bulk.","robots":{"index":"index","follow":"follow","max-snippet":"max-snippet:-1","max-image-preview":"max-image-preview:large","max-video-preview":"max-video-preview:-1"},"canonical":"https:\/\/darshion.com\/de\/produkt\/rgb-mousepads\/","og_locale":"de_DE","og_type":"article","og_title":"Bulk Luminous Gaming RGB Mouse Pads","og_description":"RGB mouse pad parameters and user manual, Professional mouse pad factory wholesale and bulk.","og_url":"https:\/\/darshion.com\/de\/produkt\/rgb-mousepads\/","og_site_name":"darshion","article_modified_time":"2026-04-15T01:52:24+00:00","og_image":[{"width":1500,"height":1500,"url":"https:\/\/darshion.com\/wp-content\/uploads\/2023\/09\/4.jpg","type":"image\/jpeg"}],"twitter_card":"summary_large_image","twitter_misc":{"Gesch\u00e4tzte Lesezeit":"4\u00a0Minuten"},"schema":{"@context":"https:\/\/schema.org","@graph":[{"@type":"WebPage","@id":"https:\/\/darshion.com\/product\/rgb-mousepads\/","url":"https:\/\/darshion.com\/product\/rgb-mousepads\/","name":"Luminous Gaming RGB Mauspads - darshion","isPartOf":{"@id":"https:\/\/darshion.com\/#website"},"primaryImageOfPage":{"@id":"https:\/\/darshion.com\/product\/rgb-mousepads\/#primaryimage"},"image":{"@id":"https:\/\/darshion.com\/product\/rgb-mousepads\/#primaryimage"},"thumbnailUrl":"https:\/\/darshion.com\/wp-content\/uploads\/2023\/09\/4.jpg","datePublished":"2023-09-14T08:01:15+00:00","dateModified":"2026-04-15T01:52:24+00:00","description":"RGB-Maus-Pad-Parameter und Benutzerhandbuch, Professional Maus-Pad Fabrik Gro\u00dfhandel und Bulk.","breadcrumb":{"@id":"https:\/\/darshion.com\/product\/rgb-mousepads\/#breadcrumb"},"inLanguage":"de","potentialAction":[{"@type":"ReadAction","target":["https:\/\/darshion.com\/product\/rgb-mousepads\/"]}]},{"@type":"ImageObject","inLanguage":"de","@id":"https:\/\/darshion.com\/product\/rgb-mousepads\/#primaryimage","url":"https:\/\/darshion.com\/wp-content\/uploads\/2023\/09\/4.jpg","contentUrl":"https:\/\/darshion.com\/wp-content\/uploads\/2023\/09\/4.jpg","width":1500,"height":1500},{"@type":"BreadcrumbList","@id":"https:\/\/darshion.com\/product\/rgb-mousepads\/#breadcrumb","itemListElement":[{"@type":"ListItem","position":1,"name":"\u9996\u9875","item":"https:\/\/darshion.com\/"},{"@type":"ListItem","position":2,"name":"PRODUCT","item":"https:\/\/darshion.com\/pt\/product\/"},{"@type":"ListItem","position":3,"name":"Bulk Luminous Gaming RGB Mouse Pads"}]},{"@type":"WebSite","@id":"https:\/\/darshion.com\/#website","url":"https:\/\/darshion.com\/","name":"darshion","description":"14 Jahre Erfahrung, Qualit\u00e4tssicherung, innovatives Design","publisher":{"@id":"https:\/\/darshion.com\/#organization"},"potentialAction":[{"@type":"SearchAction","target":{"@type":"EntryPoint","urlTemplate":"https:\/\/darshion.com\/?s={search_term_string}"},"query-input":{"@type":"PropertyValueSpecification","valueRequired":true,"valueName":"search_term_string"}}],"inLanguage":"de"},{"@type":"Organization","@id":"https:\/\/darshion.com\/#organization","name":"darshion","url":"https:\/\/darshion.com\/","logo":{"@type":"ImageObject","inLanguage":"de","@id":"https:\/\/darshion.com\/#\/schema\/logo\/image\/","url":"https:\/\/darshion.com\/wp-content\/uploads\/2023\/09\/01-1.png","contentUrl":"https:\/\/darshion.com\/wp-content\/uploads\/2023\/09\/01-1.png","width":350,"height":100,"caption":"darshion"},"image":{"@id":"https:\/\/darshion.com\/#\/schema\/logo\/image\/"}}]}},"_links":{"self":[{"href":"https:\/\/darshion.com\/de\/wp-json\/wp\/v2\/product\/149"}],"collection":[{"href":"https:\/\/darshion.com\/de\/wp-json\/wp\/v2\/product"}],"about":[{"href":"https:\/\/darshion.com\/de\/wp-json\/wp\/v2\/types\/product"}],"replies":[{"embeddable":true,"href":"https:\/\/darshion.com\/de\/wp-json\/wp\/v2\/comments?post=149"}],"wp:featuredmedia":[{"embeddable":true,"href":"https:\/\/darshion.com\/de\/wp-json\/wp\/v2\/media\/951"}],"wp:attachment":[{"href":"https:\/\/darshion.com\/de\/wp-json\/wp\/v2\/media?parent=149"}],"wp:term":[{"taxonomy":"product_cat","embeddable":true,"href":"https:\/\/darshion.com\/de\/wp-json\/wp\/v2\/product_cat?post=149"},{"taxonomy":"product_tag","embeddable":true,"href":"https:\/\/darshion.com\/de\/wp-json\/wp\/v2\/product_tag?post=149"}],"curies":[{"name":"wp","href":"https:\/\/api.w.org\/{rel}","templated":true}]}}