{"id":2298,"date":"2024-05-28T11:17:16","date_gmt":"2024-05-28T03:17:16","guid":{"rendered":"https:\/\/darshion.com\/?post_type=product&#038;p=2298"},"modified":"2026-03-07T12:52:25","modified_gmt":"2026-03-07T04:52:25","slug":"desk-mat-manufacturers","status":"publish","type":"product","link":"https:\/\/darshion.com\/de\/produkt\/desk-mat-manufacturers\/","title":{"rendered":"Gro\u00dfe Mauspad f\u00fcr Gaming XXXXL Desk Mat Hersteller"},"content":{"rendered":"<h1>Schreibtischmatte Hersteller &amp; Gro\u00dfhandelslieferant<\/h1>\n<h2>Benutzerdefinierte Schreibtisch Matte Fabrik f\u00fcr Bulk-und Gro\u00dfhandel Bestellungen<\/h2>\n<p>Darshion ist ein professioneller Hersteller von Schreibtischunterlagen, der sich auf die Massen- und Gro\u00dfhandelsproduktion f\u00fcr Marken, Distributoren, Projekteink\u00e4ufer und Gro\u00dfverk\u00e4ufer spezialisiert hat.<\/p>\n<p>Wir bieten OEM- und ODM-Schreibtischmatten mit vollst\u00e4ndigen Anpassungsm\u00f6glichkeiten, einschlie\u00dflich Gr\u00f6\u00dfe, Material, Oberfl\u00e4chendruck, Randn\u00e4hte und Verpackung. Unsere Fabrik unterst\u00fctzt niedrige MOQ ab 500 Einheiten und stabile Massenproduktion f\u00fcr langfristige Zusammenarbeit.<\/p>\n<h2>Gro\u00dfhandels-Schreibtischmatten mit OEM- und ODM-Anpassung<\/h2>\n<p>Unsere Gro\u00dfhandels-Schreibtischmatten sind weit verbreitet f\u00fcr Marken-Merchandising, B\u00fcroeinrichtungen, Werbeprojekte und den Vertrieb im Einzelhandel.<\/p>\n<p>Zu den Anpassungsoptionen geh\u00f6ren:<br \/>\n- Vollfarbsublimation oder Logodruck<br \/>\n- Gummiboden, Stoffoberfl\u00e4che, PU-Leder-Optionen<br \/>\n- Ma\u00dfgeschneiderte Gr\u00f6\u00dfe, Dicke und Randabsteppung<br \/>\n- Eigenmarken und einzelhandelsfertige Verpackungen<\/p>\n<p>Wir unterst\u00fctzen unsere Partner bei der Entwicklung differenzierter Schreibtischunterlagen f\u00fcr wettbewerbsf\u00e4hige M\u00e4rkte.<\/p>\n<h2>Schreibtischmatten f\u00fcr B\u00fcro, Spiele und Markenanwendungen<\/h2>\n<p>Unsere Schreibtischunterlagen sind auf Langlebigkeit und Komfort ausgelegt und eignen sich f\u00fcr den Einsatz im B\u00fcro, in Spielkonsolen und in Markenproduktlinien. Sie werden f\u00fcr die Lieferung in gro\u00dfen Mengen und den Gro\u00dfhandel hergestellt, nicht f\u00fcr den Einzelverkauf.<\/p>\n<h2>Bulk Schreibtisch Matte Herstellung mit niedrigen MOQ<\/h2>\n<p>Unser Standard-MOQ f\u00fcr Gro\u00dfbestellungen von Schreibtischunterlagen beginnt bei 500 St\u00fcck, je nach Kundenwunsch. Mit ausgereiften Produktionslinien und strengen Qualit\u00e4tskontrollen sorgen wir f\u00fcr gleichbleibende Qualit\u00e4t und Lieferung bei Nachbestellungen.<\/p>\n<p>\u3010Professionelles Gaming-Mauspad\u3011Dies ist ein professionelles gro\u00dfes Gaming-Mauspad, unser Mauspad Gaming kann Ihnen helfen, die Gl\u00e4tte und Pr\u00e4zision Ihrer Maussteuerung zu maximieren, die ultra-glatte Oberfl\u00e4che des professionellen Gaming-Mauspads erm\u00f6glicht es Ihnen, die Maus m\u00fchelos jederzeit f\u00fcr pr\u00e4zises Tracking zu bewegen, so dass alle begeisterten Spieler die beste Gaming-Erfahrung haben k\u00f6nnen, verwenden Sie dieses professionelle gro\u00dfe Gaming-Mauspad, um Ihr perfektes Gaming-Niveau herauszubringen\uff01<br \/>\n\u3010Hohe Stabilit\u00e4t, Haltbarkeit &amp; Komfort\u3011Dieses gro\u00dfe Gaming-Mauspad hat die st\u00e4rkste Stabilit\u00e4t, Haltbarkeit und Komfort! L\u00f6sen Sie alle Probleme auf dem Markt der Maus-Pad gefalteten Kanten, schlechte Qualit\u00e4t Maus-Pad-Material, Maus-Pad Geruch und unbequeme Nutzung der Maus-Pad und so weiter! Unsere Gaming-Mauspads wurden unz\u00e4hlige Stunden und unz\u00e4hlige Male getestet, um die besten Gaming-Mauspads f\u00fcr alle Gamer zu bieten!<br \/>\n\u3010Bestes Qualit\u00e4tsmaterial &amp; st\u00e4rkste Anti-Rutsch-Performance\u3011Unsere gro\u00dfe Gaming-Mauspad-Oberfl\u00e4che ist aus dem besten Qualit\u00e4ts-Hochpr\u00e4zisions-Lycra-Gewebe hergestellt, um sicherzustellen, dass es flach bleibt, wenn Sie dieses Gaming-Mauspad verwenden. Die rutschfeste Gummibasis an der Unterseite des gro\u00dfen Gaming-Mauspads h\u00e4lt das Mauspad fest an Ort und Stelle und liefert die st\u00e4rkste Anti-Rutsch-Leistung, und dieses Mauspad Gaming ist mit einer wasserdichten Beschichtung beschichtet, die Versch\u00fcttungen oder Verschmutzungen verhindert, ist leicht zu reinigen und ist geruchlos. Diese gro\u00dfe Gaming-Mauspad wird Ihnen die beste Stabilit\u00e4t, Haltbarkeit und Komfort.<br \/>\n\u3010Extra Large Extended XXXL Size Gaming Mouse Pad\u3011Unser gro\u00dfes Gaming-Mauspad, l\u00e4nger und breiter als andere Mauspads, dieses gro\u00dfe Gaming-Mauspad bietet viel Platz f\u00fcr Ihre Maus und Tastatur, bietet eine gr\u00f6\u00dfere glatte und ungehinderte Oberfl\u00e4che f\u00fcr professionelle Gaming-Sessions, und dieses Mauspad Gaming sch\u00fctzt auch Ihren Desktop. Die extra dicke 2mm Dicke des Mauspads Gaming reduziert nicht nur L\u00e4rm, sondern sorgt auch f\u00fcr eine komfortable Erfahrung f\u00fcr Ihre H\u00e4nde.<br \/>\n\u3010Multifunktionales Mauspad\u3011Unser gro\u00dfes Gaming-Mauspad bietet Ihnen nicht nur die beste Leistung beim Spielen, dieses Mauspad ist auch ein vielseitiger Helfer f\u00fcr Ihr Heimb\u00fcro, Studium und B\u00fcroarbeit. Die vergr\u00f6\u00dferte und verl\u00e4ngerte Gr\u00f6\u00dfe des gro\u00dfen Mauspads xl bietet einen bequemeren und ger\u00e4umigeren Aktivit\u00e4tsraum und sch\u00fctzt gleichzeitig Ihren Schreibtisch. Das sch\u00f6ne Muster der Schreibtisch-Mausunterlage kann auch eine entspannende Atmosph\u00e4re zu Ihrem B\u00fcro, die eine praktische und sch\u00f6ne multifunktionale Mausunterlage ist hinzuzuf\u00fcgen.<\/p>\n<p><img fetchpriority=\"high\" decoding=\"async\" class=\"size-full wp-image-2305\" src=\"https:\/\/darshion.com\/wp-content\/uploads\/2024\/05\/Full-Desk-Mouse-Pad.jpg\" alt=\"Full Desk Mouse Pad\" width=\"1464\" height=\"600\" srcset=\"https:\/\/darshion.com\/wp-content\/uploads\/2024\/05\/Full-Desk-Mouse-Pad.jpg 1464w, https:\/\/darshion.com\/wp-content\/uploads\/2024\/05\/Full-Desk-Mouse-Pad-300x123.jpg 300w, https:\/\/darshion.com\/wp-content\/uploads\/2024\/05\/Full-Desk-Mouse-Pad-1024x420.jpg 1024w, https:\/\/darshion.com\/wp-content\/uploads\/2024\/05\/Full-Desk-Mouse-Pad-768x315.jpg 768w, https:\/\/darshion.com\/wp-content\/uploads\/2024\/05\/Full-Desk-Mouse-Pad-600x246.jpg 600w\" sizes=\"(max-width: 1464px) 100vw, 1464px\" \/><\/p>\n<table class=\"apm-fixed-width apm-eventhirdcol-table\" style=\"height: 566px;\" width=\"474\">\n<tbody>\n<tr>\n<th class=\"apm-center\"><span style=\"font-weight: 400;\"><img decoding=\"async\" class=\"size-full wp-image-2304\" src=\"https:\/\/darshion.com\/wp-content\/uploads\/2024\/05\/f0eff780-12f1-4eeb-8c09-f5c1a4c3b575.__CR00300225_PT0_SX300_V1___.jpg\" alt=\"xxxxl mouse pad\" width=\"300\" height=\"225\" \/><\/span><\/th>\n<th class=\"apm-center\"><span style=\"font-weight: 400;\"><img decoding=\"async\" class=\"size-full wp-image-2302\" src=\"https:\/\/darshion.com\/wp-content\/uploads\/2024\/05\/e5882a06-82f0-40e7-b46a-b5fd7878b0ed.__CR00300225_PT0_SX300_V1___.jpg\" alt=\"xxxxl mouse pad\" width=\"300\" height=\"225\" \/><\/span><\/th>\n<th class=\"apm-center\"><span style=\"font-weight: 400;\"><img loading=\"lazy\" decoding=\"async\" class=\"size-full wp-image-2301\" src=\"https:\/\/darshion.com\/wp-content\/uploads\/2024\/05\/476a90b3-1584-4bd6-98d3-390979d77c08.__CR00300225_PT0_SX300_V1___.jpg\" alt=\"xxxxl mouse pad\" width=\"300\" height=\"225\" \/><\/span><\/th>\n<th class=\"apm-center\"><span style=\"font-weight: 400;\"><img loading=\"lazy\" decoding=\"async\" class=\"size-full wp-image-2303\" src=\"https:\/\/darshion.com\/wp-content\/uploads\/2024\/05\/ec1dcddc-3d07-4e10-b350-1aaf0e3bbac3.__CR00300225_PT0_SX300_V1___.jpg\" alt=\"xxxxl mouse pad\" width=\"300\" height=\"225\" \/><\/span><\/th>\n<\/tr>\n<tr>\n<td class=\"apm-top\">\n<div class=\"a-section a-spacing-none column-heading\">\n<h4 class=\"aplus-h3 a-text-bold\"><span style=\"font-weight: 400;\">Abnutzungsresistente Oberfl\u00e4che<\/span><\/h4>\n<\/div>\n<div class=\"a-section a-spacing-none column-description\">\n<p class=\"aplus-p3\">Die Stoffoberfl\u00e4che aus Lycra-Gewebe verhindert Kratzer durch scharfe Gegenst\u00e4nde wie Besteck und Stifte<\/p>\n<\/div>\n<\/td>\n<td class=\"apm-top\">\n<div class=\"apm-eventhirdcol apm-floatleft\">\n<div class=\"a-section a-spacing-none column-heading\">\n<h4 class=\"aplus-h3 a-text-bold\"><span style=\"font-weight: 400;\">Faltenresistent<\/span><\/h4>\n<\/div>\n<div class=\"a-section a-spacing-none column-description\">\n<p class=\"aplus-p3\">Die Unterlage aus Naturkautschuk ist flexibel, so dass Sie sich keine Sorgen machen m\u00fcssen, dass Ihr Mauspad nach l\u00e4ngerem Gebrauch knittert oder bricht.<\/p>\n<\/div>\n<\/div>\n<\/td>\n<td class=\"apm-top\">\n<div class=\"apm-eventhirdcol apm-floatleft\">\n<div class=\"a-section a-spacing-none column-heading\">\n<h4 class=\"aplus-h3 a-text-bold\"><span style=\"font-weight: 400;\">Wasser- und \u00f6lbest\u00e4ndig<\/span><\/h4>\n<\/div>\n<div class=\"a-section a-spacing-none column-description\">\n<p class=\"aplus-p3\">Die Oberfl\u00e4che ist mit einer wasserfesten Beschichtung versehen, die problemlos Wasser und \u00d6l widersteht und sehr leicht zu reinigen und zu pflegen ist.<\/p>\n<\/div>\n<\/div>\n<\/td>\n<td class=\"apm-top\">\n<div class=\"apm-eventhirdcol apm-floatleft\">\n<div class=\"a-section a-spacing-none column-heading\">\n<h4 class=\"aplus-h3 a-text-bold\"><span style=\"font-weight: 400;\">Langlebigkeit Gen\u00e4hte Kanten<\/span><\/h4>\n<\/div>\n<div class=\"a-section a-spacing-none column-description\">\n<p class=\"aplus-p3\">Doppelte Nahtverst\u00e4rkung, die f\u00fcr Langlebigkeit sorgt, Ausfransen verhindert und gleichbleibende Leistung gew\u00e4hrleistet<\/p>\n<\/div>\n<\/div>\n<\/td>\n<\/tr>\n<\/tbody>\n<\/table>\n<p>Q: Was ist Ihr MOQ f\u00fcr Gro\u00dfhandel Schreibtischmatten?<br \/>\nA: Unser Standard-MOQ beginnt bei 500 St\u00fcck, je nach Gr\u00f6\u00dfe und Anpassung.<\/p>\n<p>F: Unterst\u00fctzen Sie kundenspezifische Logos und OEM-Schreibtischmatten?<br \/>\nA: Ja, wir bieten umfassende OEM- und ODM-Dienstleistungen, einschlie\u00dflich Druck, Materialien und Verpackung.<\/p>\n<p>F: Sind Schreibtischunterlagen f\u00fcr Marken- und Unternehmensprojekte geeignet?<br \/>\nA: Ja, unsere Schreibtischunterlagen werden h\u00e4ufig von Marken, H\u00e4ndlern und Unternehmen verwendet.<\/p>","protected":false},"excerpt":{"rendered":"<p>Professionelle Anti-Rutsch-Gummi-Basis gro\u00dfe Mauspad, Mauspad XXXL f\u00fcr Gaming &amp; B\u00fcro &amp; Haus, Full Desk Mouse Pad<\/p>","protected":false},"featured_media":2279,"comment_status":"open","ping_status":"closed","template":"","meta":{"_monsterinsights_skip_tracking":false,"_monsterinsights_sitenote_active":false,"_monsterinsights_sitenote_note":"","_monsterinsights_sitenote_category":0},"product_cat":[100],"product_tag":[130,556],"yoast_head":"<!-- This site is optimized with the Yoast SEO Premium plugin v22.9 (Yoast SEO v24.0) - https:\/\/yoast.com\/wordpress\/plugins\/seo\/ -->\n<title>Big Mouse Pad for Gaming XXXXL Desk Mat Manufacturers<\/title>\n<meta name=\"description\" content=\"Darshion is a professional desk mat manufacturer and wholesale supplier offering custom desk mats in bulk. OEM &amp; ODM services, full color printing, low MOQ and factory direct pricing.\" \/>\n<meta name=\"robots\" content=\"index, follow, max-snippet:-1, max-image-preview:large, max-video-preview:-1\" \/>\n<link rel=\"canonical\" href=\"https:\/\/darshion.com\/de\/produkt\/desk-mat-manufacturers\/\" \/>\n<meta property=\"og:locale\" content=\"de_DE\" \/>\n<meta property=\"og:type\" content=\"article\" \/>\n<meta property=\"og:title\" content=\"Big Mouse Pad for Gaming XXXXL Desk Mat Manufacturers\" \/>\n<meta property=\"og:description\" content=\"Darshion is a professional desk mat manufacturer and wholesale supplier offering custom desk mats in bulk. OEM &amp; ODM services, full color printing, low MOQ and factory direct pricing.\" \/>\n<meta property=\"og:url\" content=\"https:\/\/darshion.com\/de\/produkt\/desk-mat-manufacturers\/\" \/>\n<meta property=\"og:site_name\" content=\"darshion\" \/>\n<meta property=\"article:modified_time\" content=\"2026-03-07T04:52:25+00:00\" \/>\n<meta property=\"og:image\" content=\"https:\/\/darshion.com\/wp-content\/uploads\/2024\/05\/12.jpg\" \/>\n\t<meta property=\"og:image:width\" content=\"768\" \/>\n\t<meta property=\"og:image:height\" content=\"768\" \/>\n\t<meta property=\"og:image:type\" content=\"image\/jpeg\" \/>\n<meta name=\"twitter:card\" content=\"summary_large_image\" \/>\n<meta name=\"twitter:label1\" content=\"Gesch\u00e4tzte Lesezeit\" \/>\n\t<meta name=\"twitter:data1\" content=\"5\u00a0Minuten\" \/>\n<script type=\"application\/ld+json\" class=\"yoast-schema-graph\">{\"@context\":\"https:\/\/schema.org\",\"@graph\":[{\"@type\":\"WebPage\",\"@id\":\"https:\/\/darshion.com\/product\/desk-mat-manufacturers\/\",\"url\":\"https:\/\/darshion.com\/product\/desk-mat-manufacturers\/\",\"name\":\"Big Mouse Pad for Gaming XXXXL Desk Mat Manufacturers\",\"isPartOf\":{\"@id\":\"https:\/\/darshion.com\/#website\"},\"primaryImageOfPage\":{\"@id\":\"https:\/\/darshion.com\/product\/desk-mat-manufacturers\/#primaryimage\"},\"image\":{\"@id\":\"https:\/\/darshion.com\/product\/desk-mat-manufacturers\/#primaryimage\"},\"thumbnailUrl\":\"https:\/\/darshion.com\/wp-content\/uploads\/2024\/05\/12.jpg\",\"datePublished\":\"2024-05-28T03:17:16+00:00\",\"dateModified\":\"2026-03-07T04:52:25+00:00\",\"description\":\"Darshion is a professional desk mat manufacturer and wholesale supplier offering custom desk mats in bulk. OEM & ODM services, full color printing, low MOQ and factory direct pricing.\",\"breadcrumb\":{\"@id\":\"https:\/\/darshion.com\/product\/desk-mat-manufacturers\/#breadcrumb\"},\"inLanguage\":\"de\",\"potentialAction\":[{\"@type\":\"ReadAction\",\"target\":[\"https:\/\/darshion.com\/product\/desk-mat-manufacturers\/\"]}]},{\"@type\":\"ImageObject\",\"inLanguage\":\"de\",\"@id\":\"https:\/\/darshion.com\/product\/desk-mat-manufacturers\/#primaryimage\",\"url\":\"https:\/\/darshion.com\/wp-content\/uploads\/2024\/05\/12.jpg\",\"contentUrl\":\"https:\/\/darshion.com\/wp-content\/uploads\/2024\/05\/12.jpg\",\"width\":768,\"height\":768,\"caption\":\"xxxxl mouse pad\"},{\"@type\":\"BreadcrumbList\",\"@id\":\"https:\/\/darshion.com\/product\/desk-mat-manufacturers\/#breadcrumb\",\"itemListElement\":[{\"@type\":\"ListItem\",\"position\":1,\"name\":\"\u9996\u9875\",\"item\":\"https:\/\/darshion.com\/\"},{\"@type\":\"ListItem\",\"position\":2,\"name\":\"PRODUCT\",\"item\":\"https:\/\/darshion.com\/pt\/product\/\"},{\"@type\":\"ListItem\",\"position\":3,\"name\":\"Big Mouse Pad for Gaming XXXXL Desk Mat Manufacturers\"}]},{\"@type\":\"WebSite\",\"@id\":\"https:\/\/darshion.com\/#website\",\"url\":\"https:\/\/darshion.com\/\",\"name\":\"darshion\",\"description\":\"14 Years of Experience, Quality Assurance, Innovative Design\",\"publisher\":{\"@id\":\"https:\/\/darshion.com\/#organization\"},\"potentialAction\":[{\"@type\":\"SearchAction\",\"target\":{\"@type\":\"EntryPoint\",\"urlTemplate\":\"https:\/\/darshion.com\/?s={search_term_string}\"},\"query-input\":{\"@type\":\"PropertyValueSpecification\",\"valueRequired\":true,\"valueName\":\"search_term_string\"}}],\"inLanguage\":\"de\"},{\"@type\":\"Organization\",\"@id\":\"https:\/\/darshion.com\/#organization\",\"name\":\"darshion\",\"url\":\"https:\/\/darshion.com\/\",\"logo\":{\"@type\":\"ImageObject\",\"inLanguage\":\"de\",\"@id\":\"https:\/\/darshion.com\/#\/schema\/logo\/image\/\",\"url\":\"https:\/\/darshion.com\/wp-content\/uploads\/2023\/09\/01-1.png\",\"contentUrl\":\"https:\/\/darshion.com\/wp-content\/uploads\/2023\/09\/01-1.png\",\"width\":350,\"height\":100,\"caption\":\"darshion\"},\"image\":{\"@id\":\"https:\/\/darshion.com\/#\/schema\/logo\/image\/\"}}]}<\/script>\n<!-- \/ Yoast SEO Premium plugin. -->","yoast_head_json":{"title":"Gro\u00dfe Mauspad f\u00fcr Gaming XXXXL Desk Mat Hersteller","description":"Darshion ist ein professioneller Hersteller von Schreibtischunterlagen und Gro\u00dfhandelslieferant, der kundenspezifische Schreibtischunterlagen in gro\u00dfen Mengen anbietet. OEM &amp; ODM Dienstleistungen, Vollfarbdruck, niedrige MOQ und Fabrik direkte Preise.","robots":{"index":"index","follow":"follow","max-snippet":"max-snippet:-1","max-image-preview":"max-image-preview:large","max-video-preview":"max-video-preview:-1"},"canonical":"https:\/\/darshion.com\/de\/produkt\/desk-mat-manufacturers\/","og_locale":"de_DE","og_type":"article","og_title":"Big Mouse Pad for Gaming XXXXL Desk Mat Manufacturers","og_description":"Darshion is a professional desk mat manufacturer and wholesale supplier offering custom desk mats in bulk. OEM & ODM services, full color printing, low MOQ and factory direct pricing.","og_url":"https:\/\/darshion.com\/de\/produkt\/desk-mat-manufacturers\/","og_site_name":"darshion","article_modified_time":"2026-03-07T04:52:25+00:00","og_image":[{"width":768,"height":768,"url":"https:\/\/darshion.com\/wp-content\/uploads\/2024\/05\/12.jpg","type":"image\/jpeg"}],"twitter_card":"summary_large_image","twitter_misc":{"Gesch\u00e4tzte Lesezeit":"5\u00a0Minuten"},"schema":{"@context":"https:\/\/schema.org","@graph":[{"@type":"WebPage","@id":"https:\/\/darshion.com\/product\/desk-mat-manufacturers\/","url":"https:\/\/darshion.com\/product\/desk-mat-manufacturers\/","name":"Gro\u00dfe Mauspad f\u00fcr Gaming XXXXL Desk Mat Hersteller","isPartOf":{"@id":"https:\/\/darshion.com\/#website"},"primaryImageOfPage":{"@id":"https:\/\/darshion.com\/product\/desk-mat-manufacturers\/#primaryimage"},"image":{"@id":"https:\/\/darshion.com\/product\/desk-mat-manufacturers\/#primaryimage"},"thumbnailUrl":"https:\/\/darshion.com\/wp-content\/uploads\/2024\/05\/12.jpg","datePublished":"2024-05-28T03:17:16+00:00","dateModified":"2026-03-07T04:52:25+00:00","description":"Darshion ist ein professioneller Hersteller von Schreibtischunterlagen und Gro\u00dfhandelslieferant, der kundenspezifische Schreibtischunterlagen in gro\u00dfen Mengen anbietet. OEM &amp; ODM Dienstleistungen, Vollfarbdruck, niedrige MOQ und Fabrik direkte Preise.","breadcrumb":{"@id":"https:\/\/darshion.com\/product\/desk-mat-manufacturers\/#breadcrumb"},"inLanguage":"de","potentialAction":[{"@type":"ReadAction","target":["https:\/\/darshion.com\/product\/desk-mat-manufacturers\/"]}]},{"@type":"ImageObject","inLanguage":"de","@id":"https:\/\/darshion.com\/product\/desk-mat-manufacturers\/#primaryimage","url":"https:\/\/darshion.com\/wp-content\/uploads\/2024\/05\/12.jpg","contentUrl":"https:\/\/darshion.com\/wp-content\/uploads\/2024\/05\/12.jpg","width":768,"height":768,"caption":"xxxxl mouse pad"},{"@type":"BreadcrumbList","@id":"https:\/\/darshion.com\/product\/desk-mat-manufacturers\/#breadcrumb","itemListElement":[{"@type":"ListItem","position":1,"name":"\u9996\u9875","item":"https:\/\/darshion.com\/"},{"@type":"ListItem","position":2,"name":"PRODUCT","item":"https:\/\/darshion.com\/pt\/product\/"},{"@type":"ListItem","position":3,"name":"Big Mouse Pad for Gaming XXXXL Desk Mat Manufacturers"}]},{"@type":"WebSite","@id":"https:\/\/darshion.com\/#website","url":"https:\/\/darshion.com\/","name":"darshion","description":"14 Jahre Erfahrung, Qualit\u00e4tssicherung, innovatives Design","publisher":{"@id":"https:\/\/darshion.com\/#organization"},"potentialAction":[{"@type":"SearchAction","target":{"@type":"EntryPoint","urlTemplate":"https:\/\/darshion.com\/?s={search_term_string}"},"query-input":{"@type":"PropertyValueSpecification","valueRequired":true,"valueName":"search_term_string"}}],"inLanguage":"de"},{"@type":"Organization","@id":"https:\/\/darshion.com\/#organization","name":"darshion","url":"https:\/\/darshion.com\/","logo":{"@type":"ImageObject","inLanguage":"de","@id":"https:\/\/darshion.com\/#\/schema\/logo\/image\/","url":"https:\/\/darshion.com\/wp-content\/uploads\/2023\/09\/01-1.png","contentUrl":"https:\/\/darshion.com\/wp-content\/uploads\/2023\/09\/01-1.png","width":350,"height":100,"caption":"darshion"},"image":{"@id":"https:\/\/darshion.com\/#\/schema\/logo\/image\/"}}]}},"_links":{"self":[{"href":"https:\/\/darshion.com\/de\/wp-json\/wp\/v2\/product\/2298"}],"collection":[{"href":"https:\/\/darshion.com\/de\/wp-json\/wp\/v2\/product"}],"about":[{"href":"https:\/\/darshion.com\/de\/wp-json\/wp\/v2\/types\/product"}],"replies":[{"embeddable":true,"href":"https:\/\/darshion.com\/de\/wp-json\/wp\/v2\/comments?post=2298"}],"wp:featuredmedia":[{"embeddable":true,"href":"https:\/\/darshion.com\/de\/wp-json\/wp\/v2\/media\/2279"}],"wp:attachment":[{"href":"https:\/\/darshion.com\/de\/wp-json\/wp\/v2\/media?parent=2298"}],"wp:term":[{"taxonomy":"product_cat","embeddable":true,"href":"https:\/\/darshion.com\/de\/wp-json\/wp\/v2\/product_cat?post=2298"},{"taxonomy":"product_tag","embeddable":true,"href":"https:\/\/darshion.com\/de\/wp-json\/wp\/v2\/product_tag?post=2298"}],"curies":[{"name":"wp","href":"https:\/\/api.w.org\/{rel}","templated":true}]}}