{"id":2433,"date":"2024-06-05T17:30:47","date_gmt":"2024-06-05T09:30:47","guid":{"rendered":"https:\/\/darshion.com\/?post_type=product&#038;p=2433"},"modified":"2024-07-09T17:15:20","modified_gmt":"2024-07-09T09:15:20","slug":"2-4ghz-wireless-mouse-t26","status":"publish","type":"product","link":"https:\/\/darshion.com\/de\/produkt\/2-4ghz-wireless-mouse-t26\/","title":{"rendered":"T26 Gaming 2.4GHz Wireless Maus Hersteller"},"content":{"rendered":"<p><strong>Merkmale:<\/strong><br \/>\n1:T26 Optische Lasertechnologie f\u00fcr pr\u00e4zise Steuerung, integrierte wiederaufladbare Lithium-Batterie, Aufladen verwendet die TYPE-C-Schnittstelle, um schnell aufzuladen und vermeidet das Problem des langsamen Aufladens, es gibt keine Notwendigkeit, die Batterie zu ersetzen.<br \/>\n2:Wireless-Empf\u00e4nger, kann innerhalb von 10 Metern von drahtlosen empfangen werden, 2400 DPl hochpr\u00e4zise Engine, genaue Erfahrung! Bequemer Griff, genie\u00dfen Sie 24G drahtlose Technologie, ffice Casual Games anwendbar.<br \/>\n3:L\/R-Maustasten, 2 Daumentasten und ein klickbares Scrollrad, dpi +\/-.<br \/>\n4:Cooles, farbenfrohes, atmendes Lichtdesign, schaltet das Licht aus und spart Strom.<br \/>\n5: Sie w\u00e4hlen die Handposition, die Ihnen am besten passt. Plug and Play, kompatibel mit Mac.<\/p>\n<p><strong>Spezifikation\uff1a<\/strong><br \/>\n1\uff1aProjekttyp: TYPE-C Schnelllade-Maus<br \/>\n2\uff1aPRODUKTNAME: 2.4G-Funkmaus<br \/>\n3\uff1aMarke: Darshion<br \/>\n4\uff1aDrahtlose Technologie: 2.4G<br \/>\n5\uff1aDrahtlose Entfernung: 10m<br \/>\n6\uff1aNennspannung\/Stromst\u00e4rke: 3,7V\/18mA<br \/>\n7\uff1aStromversorgung:Eingebauter wiederaufladbarer Lithium-Akku (600 mAh)<br \/>\n8\uff1aAnzahl der Tasten: 7 Tasten\uff084 Tasten und 1 Rad (mittlere Taste)und dpi+\/-(einstellbar) \uff09<br \/>\n9\uff1aOptische Aufl\u00f6sung: 800dpi\uff1b1600dpi; 2400dpi.<br \/>\n10\uff1aFarbklassifizierung: Schwarz .<br \/>\n11\uff1aArbeit: Photoelektrizit\u00e4t<br \/>\n12\uff1aTastenklick-Lebensdauer: 10 Millionen Mal<br \/>\n13\uff1aMaterial: ABS<br \/>\n14\uff1aProduktgewicht: 102g<br \/>\n15\uff1aGr\u00f6\u00dfe: 12.7x7x4.1cm<br \/>\n16\uff1aVerpackungsgewicht: 150g<br \/>\n17\uff1aVerpackungsgr\u00f6\u00dfe: 13,5\u00d78,5x5cm<br \/>\n18\uff1aSystemanforderungen: Windows 98 \/ Me \/ 2000 \/ XP \/ Vista \/ Win 7 \/ Win8 \/10\/Vista Mac OS oder neuer.<\/p>\n<p><strong>Das Paket enth\u00e4lt:<\/strong><br \/>\n1 x Maus<br \/>\n1 x USB-Empf\u00e4nger<br \/>\n1 x Benutzerhandbuch<br \/>\n1 x Typ-C~usb Ladekabel<br \/>\nBemerkung:<br \/>\nUm mehr Strom zu sparen und die Batterie haltbarer zu machen, verwenden wir nicht mehr bunte Lichter. Nur wenn es nachts kein Licht gibt, ist der Lichteffekt besser. Wenn es Sie st\u00f6rt, kaufen Sie es sorgf\u00e4ltig.<\/p>\n<p><img fetchpriority=\"high\" decoding=\"async\" class=\"alignnone size-full wp-image-2436\" src=\"https:\/\/darshion.com\/wp-content\/uploads\/2024\/06\/1-5.jpg\" alt=\"\" width=\"1500\" height=\"1500\" srcset=\"https:\/\/darshion.com\/wp-content\/uploads\/2024\/06\/1-5.jpg 1500w, https:\/\/darshion.com\/wp-content\/uploads\/2024\/06\/1-5-300x300.jpg 300w, https:\/\/darshion.com\/wp-content\/uploads\/2024\/06\/1-5-1024x1024.jpg 1024w, https:\/\/darshion.com\/wp-content\/uploads\/2024\/06\/1-5-150x150.jpg 150w, https:\/\/darshion.com\/wp-content\/uploads\/2024\/06\/1-5-768x768.jpg 768w, https:\/\/darshion.com\/wp-content\/uploads\/2024\/06\/1-5-600x600.jpg 600w, https:\/\/darshion.com\/wp-content\/uploads\/2024\/06\/1-5-100x100.jpg 100w\" sizes=\"(max-width: 1500px) 100vw, 1500px\" \/> <img decoding=\"async\" class=\"alignnone size-full wp-image-2437\" src=\"https:\/\/darshion.com\/wp-content\/uploads\/2024\/06\/2-5.jpg\" alt=\"\" width=\"1500\" height=\"1500\" srcset=\"https:\/\/darshion.com\/wp-content\/uploads\/2024\/06\/2-5.jpg 1500w, https:\/\/darshion.com\/wp-content\/uploads\/2024\/06\/2-5-300x300.jpg 300w, https:\/\/darshion.com\/wp-content\/uploads\/2024\/06\/2-5-1024x1024.jpg 1024w, https:\/\/darshion.com\/wp-content\/uploads\/2024\/06\/2-5-150x150.jpg 150w, https:\/\/darshion.com\/wp-content\/uploads\/2024\/06\/2-5-768x768.jpg 768w, https:\/\/darshion.com\/wp-content\/uploads\/2024\/06\/2-5-600x600.jpg 600w, https:\/\/darshion.com\/wp-content\/uploads\/2024\/06\/2-5-100x100.jpg 100w\" sizes=\"(max-width: 1500px) 100vw, 1500px\" \/> <img decoding=\"async\" class=\"alignnone size-full wp-image-2438\" src=\"https:\/\/darshion.com\/wp-content\/uploads\/2024\/06\/3-5.jpg\" alt=\"\" width=\"1500\" height=\"1500\" srcset=\"https:\/\/darshion.com\/wp-content\/uploads\/2024\/06\/3-5.jpg 1500w, https:\/\/darshion.com\/wp-content\/uploads\/2024\/06\/3-5-300x300.jpg 300w, https:\/\/darshion.com\/wp-content\/uploads\/2024\/06\/3-5-1024x1024.jpg 1024w, https:\/\/darshion.com\/wp-content\/uploads\/2024\/06\/3-5-150x150.jpg 150w, https:\/\/darshion.com\/wp-content\/uploads\/2024\/06\/3-5-768x768.jpg 768w, https:\/\/darshion.com\/wp-content\/uploads\/2024\/06\/3-5-600x600.jpg 600w, https:\/\/darshion.com\/wp-content\/uploads\/2024\/06\/3-5-100x100.jpg 100w\" sizes=\"(max-width: 1500px) 100vw, 1500px\" \/> <img loading=\"lazy\" decoding=\"async\" class=\"alignnone size-full wp-image-2439\" src=\"https:\/\/darshion.com\/wp-content\/uploads\/2024\/06\/4-5.jpg\" alt=\"\" width=\"1500\" height=\"1500\" srcset=\"https:\/\/darshion.com\/wp-content\/uploads\/2024\/06\/4-5.jpg 1500w, https:\/\/darshion.com\/wp-content\/uploads\/2024\/06\/4-5-300x300.jpg 300w, https:\/\/darshion.com\/wp-content\/uploads\/2024\/06\/4-5-1024x1024.jpg 1024w, https:\/\/darshion.com\/wp-content\/uploads\/2024\/06\/4-5-150x150.jpg 150w, https:\/\/darshion.com\/wp-content\/uploads\/2024\/06\/4-5-768x768.jpg 768w, https:\/\/darshion.com\/wp-content\/uploads\/2024\/06\/4-5-600x600.jpg 600w, https:\/\/darshion.com\/wp-content\/uploads\/2024\/06\/4-5-100x100.jpg 100w\" sizes=\"(max-width: 1500px) 100vw, 1500px\" \/><\/p>","protected":false},"excerpt":{"rendered":"<p class=\"pro_single_title\">T26 RGB-Gaming-Maus mit Hintergrundbeleuchtung, USB, wiederaufladbar, 2,4GHz<\/p>","protected":false},"featured_media":2440,"comment_status":"open","ping_status":"closed","template":"","meta":{"_monsterinsights_skip_tracking":false,"_monsterinsights_sitenote_active":false,"_monsterinsights_sitenote_note":"","_monsterinsights_sitenote_category":0},"product_cat":[541],"product_tag":[],"yoast_head":"<!-- This site is optimized with the Yoast SEO Premium plugin v22.9 (Yoast SEO v24.0) - https:\/\/yoast.com\/wordpress\/plugins\/seo\/ -->\n<title>T26 Gaming 2.4GHz Wireless Mouse Manufacturers - darshion<\/title>\n<meta name=\"robots\" content=\"index, follow, max-snippet:-1, max-image-preview:large, max-video-preview:-1\" \/>\n<link rel=\"canonical\" href=\"https:\/\/darshion.com\/de\/produto\/2-4ghz-wireless-mouse-t26\/\" \/>\n<meta property=\"og:locale\" content=\"de_DE\" \/>\n<meta property=\"og:type\" content=\"article\" \/>\n<meta property=\"og:title\" content=\"T26 Gaming 2.4GHz Wireless Mouse Manufacturers\" \/>\n<meta property=\"og:description\" content=\"T26 Backlit RGB Gaming USB Rechargeable 2.4GHz Wireless Mouse\" \/>\n<meta property=\"og:url\" content=\"https:\/\/darshion.com\/de\/produto\/2-4ghz-wireless-mouse-t26\/\" \/>\n<meta property=\"og:site_name\" content=\"darshion\" \/>\n<meta property=\"article:modified_time\" content=\"2024-07-09T09:15:20+00:00\" \/>\n<meta property=\"og:image\" content=\"https:\/\/darshion.com\/wp-content\/uploads\/2024\/06\/2021-6-2-16226235973710.webp\" \/>\n\t<meta property=\"og:image:width\" content=\"600\" \/>\n\t<meta property=\"og:image:height\" content=\"600\" \/>\n\t<meta property=\"og:image:type\" content=\"image\/webp\" \/>\n<meta name=\"twitter:card\" content=\"summary_large_image\" \/>\n<meta name=\"twitter:label1\" content=\"Gesch\u00e4tzte Lesezeit\" \/>\n\t<meta name=\"twitter:data1\" content=\"3\u00a0Minuten\" \/>\n<script type=\"application\/ld+json\" class=\"yoast-schema-graph\">{\"@context\":\"https:\/\/schema.org\",\"@graph\":[{\"@type\":\"WebPage\",\"@id\":\"https:\/\/darshion.com\/pt\/produto\/2-4ghz-wireless-mouse-t26\/\",\"url\":\"https:\/\/darshion.com\/pt\/produto\/2-4ghz-wireless-mouse-t26\/\",\"name\":\"T26 Gaming 2.4GHz Wireless Mouse Manufacturers - darshion\",\"isPartOf\":{\"@id\":\"https:\/\/darshion.com\/#website\"},\"primaryImageOfPage\":{\"@id\":\"https:\/\/darshion.com\/pt\/produto\/2-4ghz-wireless-mouse-t26\/#primaryimage\"},\"image\":{\"@id\":\"https:\/\/darshion.com\/pt\/produto\/2-4ghz-wireless-mouse-t26\/#primaryimage\"},\"thumbnailUrl\":\"https:\/\/darshion.com\/wp-content\/uploads\/2024\/06\/2021-6-2-16226235973710.webp\",\"datePublished\":\"2024-06-05T09:30:47+00:00\",\"dateModified\":\"2024-07-09T09:15:20+00:00\",\"breadcrumb\":{\"@id\":\"https:\/\/darshion.com\/pt\/produto\/2-4ghz-wireless-mouse-t26\/#breadcrumb\"},\"inLanguage\":\"de\",\"potentialAction\":[{\"@type\":\"ReadAction\",\"target\":[\"https:\/\/darshion.com\/pt\/produto\/2-4ghz-wireless-mouse-t26\/\"]}]},{\"@type\":\"ImageObject\",\"inLanguage\":\"de\",\"@id\":\"https:\/\/darshion.com\/pt\/produto\/2-4ghz-wireless-mouse-t26\/#primaryimage\",\"url\":\"https:\/\/darshion.com\/wp-content\/uploads\/2024\/06\/2021-6-2-16226235973710.webp\",\"contentUrl\":\"https:\/\/darshion.com\/wp-content\/uploads\/2024\/06\/2021-6-2-16226235973710.webp\",\"width\":600,\"height\":600,\"caption\":\"T26 2.4GHz Wireless Mouse\"},{\"@type\":\"BreadcrumbList\",\"@id\":\"https:\/\/darshion.com\/pt\/produto\/2-4ghz-wireless-mouse-t26\/#breadcrumb\",\"itemListElement\":[{\"@type\":\"ListItem\",\"position\":1,\"name\":\"\u9996\u9875\",\"item\":\"https:\/\/darshion.com\/\"},{\"@type\":\"ListItem\",\"position\":2,\"name\":\"PRODUCT\",\"item\":\"https:\/\/darshion.com\/pt\/product\/\"},{\"@type\":\"ListItem\",\"position\":3,\"name\":\"T26 Gaming 2.4GHz Wireless Mouse Manufacturers\"}]},{\"@type\":\"WebSite\",\"@id\":\"https:\/\/darshion.com\/#website\",\"url\":\"https:\/\/darshion.com\/\",\"name\":\"darshion\",\"description\":\"14 Years of Experience, Quality Assurance, Innovative Design\",\"publisher\":{\"@id\":\"https:\/\/darshion.com\/#organization\"},\"potentialAction\":[{\"@type\":\"SearchAction\",\"target\":{\"@type\":\"EntryPoint\",\"urlTemplate\":\"https:\/\/darshion.com\/?s={search_term_string}\"},\"query-input\":{\"@type\":\"PropertyValueSpecification\",\"valueRequired\":true,\"valueName\":\"search_term_string\"}}],\"inLanguage\":\"de\"},{\"@type\":\"Organization\",\"@id\":\"https:\/\/darshion.com\/#organization\",\"name\":\"darshion\",\"url\":\"https:\/\/darshion.com\/\",\"logo\":{\"@type\":\"ImageObject\",\"inLanguage\":\"de\",\"@id\":\"https:\/\/darshion.com\/#\/schema\/logo\/image\/\",\"url\":\"https:\/\/darshion.com\/wp-content\/uploads\/2023\/09\/01-1.png\",\"contentUrl\":\"https:\/\/darshion.com\/wp-content\/uploads\/2023\/09\/01-1.png\",\"width\":350,\"height\":100,\"caption\":\"darshion\"},\"image\":{\"@id\":\"https:\/\/darshion.com\/#\/schema\/logo\/image\/\"}}]}<\/script>\n<!-- \/ Yoast SEO Premium plugin. -->","yoast_head_json":{"title":"T26 Gaming 2.4GHz Wireless Maus Hersteller - darshion","robots":{"index":"index","follow":"follow","max-snippet":"max-snippet:-1","max-image-preview":"max-image-preview:large","max-video-preview":"max-video-preview:-1"},"canonical":"https:\/\/darshion.com\/de\/produto\/2-4ghz-wireless-mouse-t26\/","og_locale":"de_DE","og_type":"article","og_title":"T26 Gaming 2.4GHz Wireless Mouse Manufacturers","og_description":"T26 Backlit RGB Gaming USB Rechargeable 2.4GHz Wireless Mouse","og_url":"https:\/\/darshion.com\/de\/produto\/2-4ghz-wireless-mouse-t26\/","og_site_name":"darshion","article_modified_time":"2024-07-09T09:15:20+00:00","og_image":[{"width":600,"height":600,"url":"https:\/\/darshion.com\/wp-content\/uploads\/2024\/06\/2021-6-2-16226235973710.webp","type":"image\/webp"}],"twitter_card":"summary_large_image","twitter_misc":{"Gesch\u00e4tzte Lesezeit":"3\u00a0Minuten"},"schema":{"@context":"https:\/\/schema.org","@graph":[{"@type":"WebPage","@id":"https:\/\/darshion.com\/pt\/produto\/2-4ghz-wireless-mouse-t26\/","url":"https:\/\/darshion.com\/pt\/produto\/2-4ghz-wireless-mouse-t26\/","name":"T26 Gaming 2.4GHz Wireless Maus Hersteller - darshion","isPartOf":{"@id":"https:\/\/darshion.com\/#website"},"primaryImageOfPage":{"@id":"https:\/\/darshion.com\/pt\/produto\/2-4ghz-wireless-mouse-t26\/#primaryimage"},"image":{"@id":"https:\/\/darshion.com\/pt\/produto\/2-4ghz-wireless-mouse-t26\/#primaryimage"},"thumbnailUrl":"https:\/\/darshion.com\/wp-content\/uploads\/2024\/06\/2021-6-2-16226235973710.webp","datePublished":"2024-06-05T09:30:47+00:00","dateModified":"2024-07-09T09:15:20+00:00","breadcrumb":{"@id":"https:\/\/darshion.com\/pt\/produto\/2-4ghz-wireless-mouse-t26\/#breadcrumb"},"inLanguage":"de","potentialAction":[{"@type":"ReadAction","target":["https:\/\/darshion.com\/pt\/produto\/2-4ghz-wireless-mouse-t26\/"]}]},{"@type":"ImageObject","inLanguage":"de","@id":"https:\/\/darshion.com\/pt\/produto\/2-4ghz-wireless-mouse-t26\/#primaryimage","url":"https:\/\/darshion.com\/wp-content\/uploads\/2024\/06\/2021-6-2-16226235973710.webp","contentUrl":"https:\/\/darshion.com\/wp-content\/uploads\/2024\/06\/2021-6-2-16226235973710.webp","width":600,"height":600,"caption":"T26 2.4GHz Wireless Mouse"},{"@type":"BreadcrumbList","@id":"https:\/\/darshion.com\/pt\/produto\/2-4ghz-wireless-mouse-t26\/#breadcrumb","itemListElement":[{"@type":"ListItem","position":1,"name":"\u9996\u9875","item":"https:\/\/darshion.com\/"},{"@type":"ListItem","position":2,"name":"PRODUCT","item":"https:\/\/darshion.com\/pt\/product\/"},{"@type":"ListItem","position":3,"name":"T26 Gaming 2.4GHz Wireless Mouse Manufacturers"}]},{"@type":"WebSite","@id":"https:\/\/darshion.com\/#website","url":"https:\/\/darshion.com\/","name":"darshion","description":"14 Jahre Erfahrung, Qualit\u00e4tssicherung, innovatives Design","publisher":{"@id":"https:\/\/darshion.com\/#organization"},"potentialAction":[{"@type":"SearchAction","target":{"@type":"EntryPoint","urlTemplate":"https:\/\/darshion.com\/?s={search_term_string}"},"query-input":{"@type":"PropertyValueSpecification","valueRequired":true,"valueName":"search_term_string"}}],"inLanguage":"de"},{"@type":"Organization","@id":"https:\/\/darshion.com\/#organization","name":"darshion","url":"https:\/\/darshion.com\/","logo":{"@type":"ImageObject","inLanguage":"de","@id":"https:\/\/darshion.com\/#\/schema\/logo\/image\/","url":"https:\/\/darshion.com\/wp-content\/uploads\/2023\/09\/01-1.png","contentUrl":"https:\/\/darshion.com\/wp-content\/uploads\/2023\/09\/01-1.png","width":350,"height":100,"caption":"darshion"},"image":{"@id":"https:\/\/darshion.com\/#\/schema\/logo\/image\/"}}]}},"_links":{"self":[{"href":"https:\/\/darshion.com\/de\/wp-json\/wp\/v2\/product\/2433"}],"collection":[{"href":"https:\/\/darshion.com\/de\/wp-json\/wp\/v2\/product"}],"about":[{"href":"https:\/\/darshion.com\/de\/wp-json\/wp\/v2\/types\/product"}],"replies":[{"embeddable":true,"href":"https:\/\/darshion.com\/de\/wp-json\/wp\/v2\/comments?post=2433"}],"wp:featuredmedia":[{"embeddable":true,"href":"https:\/\/darshion.com\/de\/wp-json\/wp\/v2\/media\/2440"}],"wp:attachment":[{"href":"https:\/\/darshion.com\/de\/wp-json\/wp\/v2\/media?parent=2433"}],"wp:term":[{"taxonomy":"product_cat","embeddable":true,"href":"https:\/\/darshion.com\/de\/wp-json\/wp\/v2\/product_cat?post=2433"},{"taxonomy":"product_tag","embeddable":true,"href":"https:\/\/darshion.com\/de\/wp-json\/wp\/v2\/product_tag?post=2433"}],"curies":[{"name":"wp","href":"https:\/\/api.w.org\/{rel}","templated":true}]}}