{"id":2655,"date":"2024-06-11T11:53:08","date_gmt":"2024-06-11T03:53:08","guid":{"rendered":"https:\/\/darshion.com\/?post_type=product&#038;p=2655"},"modified":"2024-07-06T11:46:08","modified_gmt":"2024-07-06T03:46:08","slug":"2-4g-wireless-mouse","status":"publish","type":"product","link":"https:\/\/darshion.com\/de\/produkt\/2-4g-wireless-mouse\/","title":{"rendered":"C100 Bluetooth Touch Wireless Mouse Lieferanten"},"content":{"rendered":"<table border=\"1\">\n<tbody>\n<tr>\n<th>Attribute<\/th>\n<th>Parameter<\/th>\n<\/tr>\n<tr>\n<td>Ort der Herkunft<\/td>\n<td>Guangdong, China<\/td>\n<\/tr>\n<tr>\n<td>Private Form<\/td>\n<td>Ja<\/td>\n<\/tr>\n<tr>\n<td>Programmierbar<\/td>\n<td>NO<\/td>\n<\/tr>\n<tr>\n<td>Tracking-Methode<\/td>\n<td>Optisch<\/td>\n<\/tr>\n<tr>\n<td>Leistung Typ<\/td>\n<td>Batterie<\/td>\n<\/tr>\n<tr>\n<td>Anzahl der Walzen<\/td>\n<td>1<\/td>\n<\/tr>\n<tr>\n<td>Produkte Status<\/td>\n<td>Lagerbestand<\/td>\n<\/tr>\n<tr>\n<td>Anmeldung<\/td>\n<td>Schreibtisch, LAPTOP<\/td>\n<\/tr>\n<tr>\n<td>Orientierung der Hand<\/td>\n<td>Rechts<\/td>\n<\/tr>\n<tr>\n<td>Markenname<\/td>\n<td>Andere<\/td>\n<\/tr>\n<tr>\n<td>Hintergrundbeleuchtung<\/td>\n<td>LED<\/td>\n<\/tr>\n<tr>\n<td>Ergonomie<\/td>\n<td>Ja<\/td>\n<\/tr>\n<tr>\n<td>Produktname<\/td>\n<td>usb-verkabelte computer-maus<\/td>\n<\/tr>\n<tr>\n<td>Schl\u00fcsselw\u00f6rter<\/td>\n<td>Computermaus verkabelt<\/td>\n<\/tr>\n<tr>\n<td>Material<\/td>\n<td>ABS-Kunststoff<\/td>\n<\/tr>\n<tr>\n<td>Schnittstelle<\/td>\n<td>USB Typ-C<\/td>\n<\/tr>\n<tr>\n<td>Funktion<\/td>\n<td>Laptop Pc Computer<\/td>\n<\/tr>\n<tr>\n<td>DPI<\/td>\n<td>1600<\/td>\n<\/tr>\n<tr>\n<td>Maus-Typ<\/td>\n<td>Optische USB-Maus<\/td>\n<\/tr>\n<tr>\n<td>Gestaltung<\/td>\n<td>Bequem<\/td>\n<\/tr>\n<\/tbody>\n<\/table>\n<p>&nbsp;<\/p>\n<p><img fetchpriority=\"high\" decoding=\"async\" class=\"alignnone size-full wp-image-2664\" src=\"https:\/\/darshion.com\/wp-content\/uploads\/2024\/06\/H2bf901c2b1314216bc69ecf71ec76566d_proc.jpg\" alt=\"\" width=\"751\" height=\"570\" srcset=\"https:\/\/darshion.com\/wp-content\/uploads\/2024\/06\/H2bf901c2b1314216bc69ecf71ec76566d_proc.jpg 751w, https:\/\/darshion.com\/wp-content\/uploads\/2024\/06\/H2bf901c2b1314216bc69ecf71ec76566d_proc-300x228.jpg 300w, https:\/\/darshion.com\/wp-content\/uploads\/2024\/06\/H2bf901c2b1314216bc69ecf71ec76566d_proc-600x455.jpg 600w\" sizes=\"(max-width: 751px) 100vw, 751px\" \/> <img decoding=\"async\" class=\"alignnone size-full wp-image-2665\" src=\"https:\/\/darshion.com\/wp-content\/uploads\/2024\/06\/H8b0958ed9df7498db0214500e38ac3a1v_proc.jpg\" alt=\"\" width=\"751\" height=\"752\" srcset=\"https:\/\/darshion.com\/wp-content\/uploads\/2024\/06\/H8b0958ed9df7498db0214500e38ac3a1v_proc.jpg 751w, https:\/\/darshion.com\/wp-content\/uploads\/2024\/06\/H8b0958ed9df7498db0214500e38ac3a1v_proc-300x300.jpg 300w, https:\/\/darshion.com\/wp-content\/uploads\/2024\/06\/H8b0958ed9df7498db0214500e38ac3a1v_proc-150x150.jpg 150w, https:\/\/darshion.com\/wp-content\/uploads\/2024\/06\/H8b0958ed9df7498db0214500e38ac3a1v_proc-600x601.jpg 600w, https:\/\/darshion.com\/wp-content\/uploads\/2024\/06\/H8b0958ed9df7498db0214500e38ac3a1v_proc-100x100.jpg 100w\" sizes=\"(max-width: 751px) 100vw, 751px\" \/> <img decoding=\"async\" class=\"alignnone size-full wp-image-2666\" src=\"https:\/\/darshion.com\/wp-content\/uploads\/2024\/06\/H8618dae37f9f464598c2ca88c314e9ffW_proc.jpg\" alt=\"\" width=\"751\" height=\"730\" srcset=\"https:\/\/darshion.com\/wp-content\/uploads\/2024\/06\/H8618dae37f9f464598c2ca88c314e9ffW_proc.jpg 751w, https:\/\/darshion.com\/wp-content\/uploads\/2024\/06\/H8618dae37f9f464598c2ca88c314e9ffW_proc-300x292.jpg 300w, https:\/\/darshion.com\/wp-content\/uploads\/2024\/06\/H8618dae37f9f464598c2ca88c314e9ffW_proc-600x583.jpg 600w\" sizes=\"(max-width: 751px) 100vw, 751px\" \/> <img loading=\"lazy\" decoding=\"async\" class=\"alignnone size-full wp-image-2667\" src=\"https:\/\/darshion.com\/wp-content\/uploads\/2024\/06\/Ha9fc723e8b494147ac1194a04ce45813q_proc.jpg\" alt=\"\" width=\"751\" height=\"706\" srcset=\"https:\/\/darshion.com\/wp-content\/uploads\/2024\/06\/Ha9fc723e8b494147ac1194a04ce45813q_proc.jpg 751w, https:\/\/darshion.com\/wp-content\/uploads\/2024\/06\/Ha9fc723e8b494147ac1194a04ce45813q_proc-300x282.jpg 300w, https:\/\/darshion.com\/wp-content\/uploads\/2024\/06\/Ha9fc723e8b494147ac1194a04ce45813q_proc-600x564.jpg 600w\" sizes=\"(max-width: 751px) 100vw, 751px\" \/> <img loading=\"lazy\" decoding=\"async\" class=\"alignnone size-full wp-image-2668\" src=\"https:\/\/darshion.com\/wp-content\/uploads\/2024\/06\/Hf379641a64b04c7da5259ac8bf6f4df04_proc.jpg\" alt=\"\" width=\"751\" height=\"656\" srcset=\"https:\/\/darshion.com\/wp-content\/uploads\/2024\/06\/Hf379641a64b04c7da5259ac8bf6f4df04_proc.jpg 751w, https:\/\/darshion.com\/wp-content\/uploads\/2024\/06\/Hf379641a64b04c7da5259ac8bf6f4df04_proc-300x262.jpg 300w, https:\/\/darshion.com\/wp-content\/uploads\/2024\/06\/Hf379641a64b04c7da5259ac8bf6f4df04_proc-600x524.jpg 600w\" sizes=\"(max-width: 751px) 100vw, 751px\" \/><\/p>","protected":false},"excerpt":{"rendered":"<p class=\"pro_single_title\">C100 Bluetooth Computer Touch Mini 2.4G Wireless Maus<\/p>\n<div>Frequenz: 2402-2480MHz<\/div>\n<div>Betriebskanal: 16<\/div>\n<div>Einsatzbereich: 10m<\/div>\n<div>Betriebsstrom: 15mA<\/div>\n<div>USB: USB 2.0<\/div>\n<div>Stromversorgung: 1*AAA #7 Batterie (nicht enthalten)<\/div>\n<div>Farbe: Wei\u00df<\/div>\n<div>Gr\u00f6\u00dfe der Maus: 11,5*6*2cm<\/div>\n<div>USB-Empf\u00e4nger Gr\u00f6\u00dfe: 1,8 * 1,4 * 0,6cm<\/div>\n<div>Gewicht der Maus: 60g<\/div>\n<div>Gewicht des Empf\u00e4ngers: 2g<\/div>\n<p>Betriebssysteme: Windows 98, 2000, XP, Vista, Mac OS.<\/p>","protected":false},"featured_media":3061,"comment_status":"open","ping_status":"closed","template":"","meta":{"_monsterinsights_skip_tracking":false,"_monsterinsights_sitenote_active":false,"_monsterinsights_sitenote_note":"","_monsterinsights_sitenote_category":0},"product_cat":[541],"product_tag":[],"yoast_head":"<!-- This site is optimized with the Yoast SEO Premium plugin v22.9 (Yoast SEO v24.0) - https:\/\/yoast.com\/wordpress\/plugins\/seo\/ -->\n<title>C100 Bluetooth Touch Wireless Mouse Suppliers - darshion<\/title>\n<meta name=\"robots\" content=\"index, follow, max-snippet:-1, max-image-preview:large, max-video-preview:-1\" \/>\n<link rel=\"canonical\" href=\"https:\/\/darshion.com\/de\/produkt\/2-4g-wireless-mouse\/\" \/>\n<meta property=\"og:locale\" content=\"de_DE\" \/>\n<meta property=\"og:type\" content=\"article\" \/>\n<meta property=\"og:title\" content=\"C100 Bluetooth Touch Wireless Mouse Suppliers\" \/>\n<meta property=\"og:description\" content=\"C100 Bluetooth Computer Touch Mini 2.4G Wireless Mouse  Frequency: 2402-2480MHz Operation channel: 16 Operation range: 10m Operation current: 15mA USB: USB 2.0 Power: 1*AAA \u00a0#7 battery (not included) Color: White Mouse size: 11.5*6*2cm USB receiver size: 1.8 * 1.4 * 0.6cm Mouse weight: 60g Receiver weight: 2g Operation systems: Windows 98, 2000, XP, Vista, Mac OS.\" \/>\n<meta property=\"og:url\" content=\"https:\/\/darshion.com\/de\/produkt\/2-4g-wireless-mouse\/\" \/>\n<meta property=\"og:site_name\" content=\"darshion\" \/>\n<meta property=\"article:modified_time\" content=\"2024-07-06T03:46:08+00:00\" \/>\n<meta name=\"twitter:card\" content=\"summary_large_image\" \/>\n<meta name=\"twitter:label1\" content=\"Gesch\u00e4tzte Lesezeit\" \/>\n\t<meta name=\"twitter:data1\" content=\"2\u00a0Minuten\" \/>\n<script type=\"application\/ld+json\" class=\"yoast-schema-graph\">{\"@context\":\"https:\/\/schema.org\",\"@graph\":[{\"@type\":\"WebPage\",\"@id\":\"https:\/\/darshion.com\/de\/produkt\/2-4g-wireless-mouse\/\",\"url\":\"https:\/\/darshion.com\/de\/produkt\/2-4g-wireless-mouse\/\",\"name\":\"C100 Bluetooth Touch Wireless Mouse Suppliers - darshion\",\"isPartOf\":{\"@id\":\"https:\/\/darshion.com\/#website\"},\"primaryImageOfPage\":{\"@id\":\"https:\/\/darshion.com\/de\/produkt\/2-4g-wireless-mouse\/#primaryimage\"},\"image\":{\"@id\":\"https:\/\/darshion.com\/de\/produkt\/2-4g-wireless-mouse\/#primaryimage\"},\"thumbnailUrl\":\"https:\/\/darshion.com\/wp-content\/uploads\/2024\/06\/1.avif\",\"datePublished\":\"2024-06-11T03:53:08+00:00\",\"dateModified\":\"2024-07-06T03:46:08+00:00\",\"breadcrumb\":{\"@id\":\"https:\/\/darshion.com\/de\/produkt\/2-4g-wireless-mouse\/#breadcrumb\"},\"inLanguage\":\"de\",\"potentialAction\":[{\"@type\":\"ReadAction\",\"target\":[\"https:\/\/darshion.com\/de\/produkt\/2-4g-wireless-mouse\/\"]}]},{\"@type\":\"ImageObject\",\"inLanguage\":\"de\",\"@id\":\"https:\/\/darshion.com\/de\/produkt\/2-4g-wireless-mouse\/#primaryimage\",\"url\":\"https:\/\/darshion.com\/wp-content\/uploads\/2024\/06\/1.avif\",\"contentUrl\":\"https:\/\/darshion.com\/wp-content\/uploads\/2024\/06\/1.avif\",\"width\":750,\"height\":750},{\"@type\":\"BreadcrumbList\",\"@id\":\"https:\/\/darshion.com\/de\/produkt\/2-4g-wireless-mouse\/#breadcrumb\",\"itemListElement\":[{\"@type\":\"ListItem\",\"position\":1,\"name\":\"\u9996\u9875\",\"item\":\"https:\/\/darshion.com\/\"},{\"@type\":\"ListItem\",\"position\":2,\"name\":\"PRODUCT\",\"item\":\"https:\/\/darshion.com\/pt\/product\/\"},{\"@type\":\"ListItem\",\"position\":3,\"name\":\"C100 Bluetooth Touch Wireless Mouse Suppliers\"}]},{\"@type\":\"WebSite\",\"@id\":\"https:\/\/darshion.com\/#website\",\"url\":\"https:\/\/darshion.com\/\",\"name\":\"darshion\",\"description\":\"14 Years of Experience, Quality Assurance, Innovative Design\",\"publisher\":{\"@id\":\"https:\/\/darshion.com\/#organization\"},\"potentialAction\":[{\"@type\":\"SearchAction\",\"target\":{\"@type\":\"EntryPoint\",\"urlTemplate\":\"https:\/\/darshion.com\/?s={search_term_string}\"},\"query-input\":{\"@type\":\"PropertyValueSpecification\",\"valueRequired\":true,\"valueName\":\"search_term_string\"}}],\"inLanguage\":\"de\"},{\"@type\":\"Organization\",\"@id\":\"https:\/\/darshion.com\/#organization\",\"name\":\"darshion\",\"url\":\"https:\/\/darshion.com\/\",\"logo\":{\"@type\":\"ImageObject\",\"inLanguage\":\"de\",\"@id\":\"https:\/\/darshion.com\/#\/schema\/logo\/image\/\",\"url\":\"https:\/\/darshion.com\/wp-content\/uploads\/2023\/09\/01-1.png\",\"contentUrl\":\"https:\/\/darshion.com\/wp-content\/uploads\/2023\/09\/01-1.png\",\"width\":350,\"height\":100,\"caption\":\"darshion\"},\"image\":{\"@id\":\"https:\/\/darshion.com\/#\/schema\/logo\/image\/\"}}]}<\/script>\n<!-- \/ Yoast SEO Premium plugin. -->","yoast_head_json":{"title":"C100 Bluetooth Touch Wireless Mouse Lieferanten - darshion","robots":{"index":"index","follow":"follow","max-snippet":"max-snippet:-1","max-image-preview":"max-image-preview:large","max-video-preview":"max-video-preview:-1"},"canonical":"https:\/\/darshion.com\/de\/produkt\/2-4g-wireless-mouse\/","og_locale":"de_DE","og_type":"article","og_title":"C100 Bluetooth Touch Wireless Mouse Suppliers","og_description":"C100 Bluetooth Computer Touch Mini 2.4G Wireless Mouse  Frequency: 2402-2480MHz Operation channel: 16 Operation range: 10m Operation current: 15mA USB: USB 2.0 Power: 1*AAA \u00a0#7 battery (not included) Color: White Mouse size: 11.5*6*2cm USB receiver size: 1.8 * 1.4 * 0.6cm Mouse weight: 60g Receiver weight: 2g Operation systems: Windows 98, 2000, XP, Vista, Mac OS.","og_url":"https:\/\/darshion.com\/de\/produkt\/2-4g-wireless-mouse\/","og_site_name":"darshion","article_modified_time":"2024-07-06T03:46:08+00:00","twitter_card":"summary_large_image","twitter_misc":{"Gesch\u00e4tzte Lesezeit":"2\u00a0Minuten"},"schema":{"@context":"https:\/\/schema.org","@graph":[{"@type":"WebPage","@id":"https:\/\/darshion.com\/de\/produkt\/2-4g-wireless-mouse\/","url":"https:\/\/darshion.com\/de\/produkt\/2-4g-wireless-mouse\/","name":"C100 Bluetooth Touch Wireless Mouse Lieferanten - darshion","isPartOf":{"@id":"https:\/\/darshion.com\/#website"},"primaryImageOfPage":{"@id":"https:\/\/darshion.com\/de\/produkt\/2-4g-wireless-mouse\/#primaryimage"},"image":{"@id":"https:\/\/darshion.com\/de\/produkt\/2-4g-wireless-mouse\/#primaryimage"},"thumbnailUrl":"https:\/\/darshion.com\/wp-content\/uploads\/2024\/06\/1.avif","datePublished":"2024-06-11T03:53:08+00:00","dateModified":"2024-07-06T03:46:08+00:00","breadcrumb":{"@id":"https:\/\/darshion.com\/de\/produkt\/2-4g-wireless-mouse\/#breadcrumb"},"inLanguage":"de","potentialAction":[{"@type":"ReadAction","target":["https:\/\/darshion.com\/de\/produkt\/2-4g-wireless-mouse\/"]}]},{"@type":"ImageObject","inLanguage":"de","@id":"https:\/\/darshion.com\/de\/produkt\/2-4g-wireless-mouse\/#primaryimage","url":"https:\/\/darshion.com\/wp-content\/uploads\/2024\/06\/1.avif","contentUrl":"https:\/\/darshion.com\/wp-content\/uploads\/2024\/06\/1.avif","width":750,"height":750},{"@type":"BreadcrumbList","@id":"https:\/\/darshion.com\/de\/produkt\/2-4g-wireless-mouse\/#breadcrumb","itemListElement":[{"@type":"ListItem","position":1,"name":"\u9996\u9875","item":"https:\/\/darshion.com\/"},{"@type":"ListItem","position":2,"name":"PRODUCT","item":"https:\/\/darshion.com\/pt\/product\/"},{"@type":"ListItem","position":3,"name":"C100 Bluetooth Touch Wireless Mouse Suppliers"}]},{"@type":"WebSite","@id":"https:\/\/darshion.com\/#website","url":"https:\/\/darshion.com\/","name":"darshion","description":"14 Jahre Erfahrung, Qualit\u00e4tssicherung, innovatives Design","publisher":{"@id":"https:\/\/darshion.com\/#organization"},"potentialAction":[{"@type":"SearchAction","target":{"@type":"EntryPoint","urlTemplate":"https:\/\/darshion.com\/?s={search_term_string}"},"query-input":{"@type":"PropertyValueSpecification","valueRequired":true,"valueName":"search_term_string"}}],"inLanguage":"de"},{"@type":"Organization","@id":"https:\/\/darshion.com\/#organization","name":"darshion","url":"https:\/\/darshion.com\/","logo":{"@type":"ImageObject","inLanguage":"de","@id":"https:\/\/darshion.com\/#\/schema\/logo\/image\/","url":"https:\/\/darshion.com\/wp-content\/uploads\/2023\/09\/01-1.png","contentUrl":"https:\/\/darshion.com\/wp-content\/uploads\/2023\/09\/01-1.png","width":350,"height":100,"caption":"darshion"},"image":{"@id":"https:\/\/darshion.com\/#\/schema\/logo\/image\/"}}]}},"_links":{"self":[{"href":"https:\/\/darshion.com\/de\/wp-json\/wp\/v2\/product\/2655"}],"collection":[{"href":"https:\/\/darshion.com\/de\/wp-json\/wp\/v2\/product"}],"about":[{"href":"https:\/\/darshion.com\/de\/wp-json\/wp\/v2\/types\/product"}],"replies":[{"embeddable":true,"href":"https:\/\/darshion.com\/de\/wp-json\/wp\/v2\/comments?post=2655"}],"wp:featuredmedia":[{"embeddable":true,"href":"https:\/\/darshion.com\/de\/wp-json\/wp\/v2\/media\/3061"}],"wp:attachment":[{"href":"https:\/\/darshion.com\/de\/wp-json\/wp\/v2\/media?parent=2655"}],"wp:term":[{"taxonomy":"product_cat","embeddable":true,"href":"https:\/\/darshion.com\/de\/wp-json\/wp\/v2\/product_cat?post=2655"},{"taxonomy":"product_tag","embeddable":true,"href":"https:\/\/darshion.com\/de\/wp-json\/wp\/v2\/product_tag?post=2655"}],"curies":[{"name":"wp","href":"https:\/\/api.w.org\/{rel}","templated":true}]}}