{"id":3575,"date":"2024-07-18T10:56:09","date_gmt":"2024-07-18T02:56:09","guid":{"rendered":"https:\/\/darshion.com\/product\/g41-honeycomb-rgb-ergonomics-wired-gaming-mouse-factory\/"},"modified":"2024-07-18T17:40:06","modified_gmt":"2024-07-18T09:40:06","slug":"g41-wired-gaming-mouse-factory","status":"publish","type":"product","link":"https:\/\/darshion.com\/de\/produkt\/g41-wired-gaming-mouse-factory\/","title":{"rendered":"G41 Honeycomb RGB Ergonomics Kabelgebundene Gaming-Maus Factory"},"content":{"rendered":"<div id=\"detail_decorate_root\" data-magic-global=\"%7B%22bizId%22%3A2329368643%2C%22pageId%22%3A21275247891%2C%22siteId%22%3A10003129106%7D\">\n<div class=\"J_module\">\n<div class=\"detail-decorate-json-renderer-container\">\n<div class=\"magic-0\">\n<div class=\"magic-1\">\n<div class=\"magic-2\">\n<div class=\"magic-3\">Spezifikation<\/div>\n<\/div>\n<\/div>\n<\/div>\n<\/div>\n<\/div>\n<div class=\"J_module\">\n<div class=\"ife-detail-decorate-table\">\n<table class=\"all magic-12\">\n<tbody>\n<tr class=\"firstRow\">\n<td>\n<div class=\"magic-13\">Produktname<\/div>\n<\/td>\n<td>\n<div class=\"magic-14\">Spielmaus<\/div>\n<\/td>\n<td><\/td>\n<\/tr>\n<tr>\n<td>\n<div class=\"magic-13\">Marke<\/div>\n<\/td>\n<td>\n<div class=\"magic-14\">Kein Logo \/ Eigenmarke \/ OEM \/ ODM<\/div>\n<\/td>\n<td><\/td>\n<\/tr>\n<tr>\n<td>\n<div class=\"magic-13\">MOQ<\/div>\n<\/td>\n<td>\n<div class=\"magic-14\">1) Probeauftrag: Freie Probe (innerhalb US$20) 2) Gew\u00f6hnlicher Auftrag 100pcs pro Farbe 3) Kundenspezifischer Auftrag: 500pcs pro Farbe<\/div>\n<\/td>\n<td><\/td>\n<\/tr>\n<tr>\n<td>\n<div class=\"magic-13\">Funktion<\/div>\n<\/td>\n<td>\n<div class=\"magic-14\">1. 15+ Jahre Erfahrung Hersteller 2. Unterst\u00fctzung anpassen Design, Farbe, Logo, Verpackung 3. Flexibel und tragbar, leicht zu lagern und zu transportieren. 4. OEM und ODM erlaubt.<\/div>\n<\/td>\n<td><\/td>\n<\/tr>\n<tr>\n<td>\n<div class=\"magic-13\">Zertifizierung<\/div>\n<\/td>\n<td>\n<div class=\"magic-14\">ISO9001, CE, FCC, ROHS, BSCI, EMC<\/div>\n<\/td>\n<td><\/td>\n<\/tr>\n<tr>\n<td colspan=\"2\">\n<div class=\"magic-15\">Unser Service<\/div>\n<\/td>\n<td class=\"magic-16\">\n<div class=\"magic-17\"><\/div>\n<\/td>\n<\/tr>\n<tr>\n<td>\n<div class=\"magic-13\">Handelsbedingungen<\/div>\n<\/td>\n<td>\n<div class=\"magic-14\">EXW, FOB, CNF, CIF, DDP usw.<\/div>\n<\/td>\n<td><\/td>\n<\/tr>\n<tr>\n<td>\n<div class=\"magic-13\">Lieferfrist<\/div>\n<\/td>\n<td>\n<div class=\"magic-14\">1) Musterbestellung: innerhalb von 3-7 Tagen nach Zahlungseingang 2) Gew\u00f6hnliche Bestellung: 7-15 Tage nach Zahlungseingang oder Anzahlung 3) Kundenspezifische Bestellung: abh\u00e4ngig von Ihren Mengenbedingungen<\/div>\n<\/td>\n<td><\/td>\n<\/tr>\n<tr>\n<td>\n<div class=\"magic-13\">Lieferbedingungen<\/div>\n<\/td>\n<td>\n<div class=\"magic-14\">FedEx \/ DHL \/ UPS \/ per Luftfracht \/ per Seefracht. Wie Sie w\u00fcnschen.<\/div>\n<\/td>\n<td><\/td>\n<\/tr>\n<tr>\n<td>\n<div class=\"magic-13\">Zahlungsbedingungen<\/div>\n<\/td>\n<td>\n<div class=\"magic-14\">T\/T, L\/C, Western Union, Paypal, Moneygram, etc.<\/div>\n<\/td>\n<td><\/td>\n<\/tr>\n<tr>\n<td>\n<div class=\"magic-13\">Verpacken<\/div>\n<\/td>\n<td>\n<div class=\"magic-14\">Farbige Schachtel oder Opp Bag. Willkommen auf anpassen.<\/div>\n<\/td>\n<td><\/td>\n<\/tr>\n<tr>\n<td>\n<div class=\"magic-13\">Online-Dienst<\/div>\n<\/td>\n<td>\n<div class=\"magic-14\">F\u00fcr alle Ihre Anfragen \u00fcber uns oder unsere Produkte, werden wir Ihnen innerhalb von 24 Stunden zu antworten.<\/div>\n<\/td>\n<td><\/td>\n<\/tr>\n<\/tbody>\n<\/table>\n<\/div>\n<\/div>\n<div class=\"J_module\">\n<div class=\"detail-decorate-json-renderer-container\">\n<div class=\"magic-0\">\n<div class=\"magic-1\">\n<div class=\"magic-2\">\n<div class=\"magic-3\">\n<p><span style=\"color: #f91010;\">Hinweis: Wir k\u00f6nnen nach Ihren Qualit\u00e4ts-, Logo- und Farbanforderungen produzieren. Bitte kontaktieren Sie uns, wenn Sie irgendwelche Bed\u00fcrfnisse haben. F\u00fcr gro\u00dfe Mengen, bieten wir kundenspezifische Dienstleistungen wie unten:<\/span><\/p>\n<div><span style=\"color: #f91010;\">(1) Kundenspezifische Form<\/span><\/div>\n<div><span style=\"color: #f91010;\">(2) Individueller Farb- und Logodruck.<\/span><\/div>\n<div><span style=\"color: #f91010;\">(3) Verpackungsdesign.<\/span><\/div>\n<div><span style=\"color: #f91010;\"> (4) Individuelle Verpackungen, Dankeskarten und Anh\u00e4ngeetiketten erh\u00e4ltlich.<\/span><\/div>\n<div><span style=\"color: #f91010;\">(5) Fotos und FBA-Versand.<\/span><\/div>\n<div><span style=\"color: #f91010;\">(6) Kostenloses Drucken von Barcodes.<\/span><\/div>\n<div><span style=\"color: #f91010;\">(7) CE \/ CPC \/ EN71 \/ FSC-Zertifikate, etc. verf\u00fcgbar.<\/span><\/div>\n<\/div>\n<\/div>\n<\/div>\n<\/div>\n<\/div>\n<\/div>\n<div class=\"J_module\">\n<div id=\"ali-anchor-AliMagic-7iiz6r\" class=\"magic-11\" data-section=\"AliMagic-7iiz6r\" data-section-title=\"Details Images\">Details Bilder<\/div>\n<\/div>\n<div class=\"J_module\">\n<div class=\"icbu-pc-detailManyImage magic-19\">\n<div class=\"magic-20\"><img decoding=\"async\" class=\"Wired Gaming Mouse Factory\" title=\"Verkabelte Gaming-Maus Fabrik\" src=\"https:\/\/darshion.com\/wp-content\/uploads\/2024\/07\/H135450e36207410e847203b106764d13B.jpg\" alt=\"Wired Gaming Mouse Factory\" \/><\/div>\n<div class=\"magic-20\"><img decoding=\"async\" class=\"Wired Gaming Mouse Factory\" title=\"Verkabelte Gaming-Maus Fabrik\" src=\"https:\/\/darshion.com\/wp-content\/uploads\/2024\/07\/H6fa3450867414f4caa6a7bdfb20b0236O.jpg\" alt=\"Wired Gaming Mouse Factory\" \/><\/div>\n<div class=\"magic-20\"><img decoding=\"async\" class=\"Wired Gaming Mouse Factory\" title=\"Verkabelte Gaming-Maus Fabrik\" src=\"https:\/\/darshion.com\/wp-content\/uploads\/2024\/07\/H770000b1c0274fff9dafe52b3c5ee2b2w.jpg\" alt=\"Wired Gaming Mouse Factory\" \/><\/div>\n<div class=\"magic-20\"><img decoding=\"async\" class=\"Wired Gaming Mouse Factory\" title=\"Verkabelte Gaming-Maus Fabrik\" src=\"https:\/\/darshion.com\/wp-content\/uploads\/2024\/07\/H1196d0c8e1924931b9705eef53aca85cy.jpg\" alt=\"Wired Gaming Mouse Factory\" \/><\/div>\n<div class=\"magic-20\"><img decoding=\"async\" class=\"Wired Gaming Mouse Factory\" title=\"Verkabelte Gaming-Maus Fabrik\" src=\"https:\/\/darshion.com\/wp-content\/uploads\/2024\/07\/H9189816e47e149298630f0283e709b40F.jpg\" alt=\"Wired Gaming Mouse Factory\" \/><\/div>\n<div class=\"magic-20\"><img decoding=\"async\" class=\"Wired Gaming Mouse Factory\" title=\"Verkabelte Gaming-Maus Fabrik\" src=\"https:\/\/darshion.com\/wp-content\/uploads\/2024\/07\/H35f122775d1c406fba726809bde90795T.jpg\" alt=\"Wired Gaming Mouse Factory\" \/><\/div>\n<div class=\"magic-20\"><img decoding=\"async\" class=\"Wired Gaming Mouse Factory\" title=\"Verkabelte Gaming-Maus Fabrik\" src=\"https:\/\/darshion.com\/wp-content\/uploads\/2024\/07\/H5741f31d179f4ddfb510b19563d49ca3u.jpg\" alt=\"Wired Gaming Mouse Factory\" \/><\/div>\n<div class=\"magic-20\"><img decoding=\"async\" class=\"Wired Gaming Mouse Factory\" title=\"Verkabelte Gaming-Maus Fabrik\" src=\"https:\/\/darshion.com\/wp-content\/uploads\/2024\/07\/Hffcf5ef04c35414daecf27364ad9967fK.jpg\" alt=\"Wired Gaming Mouse Factory\" \/><\/div>\n<div class=\"magic-20\"><img decoding=\"async\" class=\"Wired Gaming Mouse Factory\" title=\"Verkabelte Gaming-Maus Fabrik\" src=\"https:\/\/darshion.com\/wp-content\/uploads\/2024\/07\/H3b26d1d172294c69b5739d0001889c3dF.jpg\" alt=\"Wired Gaming Mouse Factory\" \/><\/div>\n<\/div>\n<\/div>\n<\/div>","protected":false},"excerpt":{"rendered":"<div>\n<p>[Industry-specific attributes]<br \/>\nType:Wired<br \/>\nDPI:1200\/1600\/2400\/7000<br \/>\nErgonomics:Yes<br \/>\nProgrammable:NO<\/p>\n<p>[Other attributes]<br \/>\nHand Orientation:Left<br \/>\nTracking Method:laser<br \/>\nStyle:Gaming<br \/>\nInterface Type:usb<br \/>\nNumber of Rollers:1<br \/>\nNumber of Buttons:6<br \/>\nPrivate Mold:NO<br \/>\nBacklit:7-RGB<br \/>\nProduct Name:gaming Mouse<br \/>\nMouse Type:Wired One<br \/>\nFeature:High DPI<br \/>\nMaterial:ABS Plastic<br \/>\nLogo:Accept Customized Logo<br \/>\nPackage:Customized Box<br \/>\nKeywords:Desktop \u00a0Laptop Computer<br \/>\nWarranty:12 Months<br \/>\nMOQ:1 Pcs<br \/>\nSupport system:Win07\/08\/10\/NT\/ME\/2000\/XP\/vista<\/p>\n<\/div>\n","protected":false},"featured_media":3566,"comment_status":"open","ping_status":"closed","template":"","meta":{"_monsterinsights_skip_tracking":false,"_monsterinsights_sitenote_active":false,"_monsterinsights_sitenote_note":"","_monsterinsights_sitenote_category":0},"product_cat":[542],"product_tag":[561],"yoast_head":"<!-- This site is optimized with the Yoast SEO Premium plugin v22.9 (Yoast SEO v24.0) - https:\/\/yoast.com\/wordpress\/plugins\/seo\/ -->\n<title>G41 Honeycomb RGB Ergonomics Wired Gaming Mouse Factory - darshion<\/title>\n<meta name=\"robots\" content=\"index, follow, max-snippet:-1, max-image-preview:large, max-video-preview:-1\" \/>\n<link rel=\"canonical\" href=\"https:\/\/darshion.com\/de\/produkt\/g41-wired-gaming-mouse-factory\/\" \/>\n<meta property=\"og:locale\" content=\"de_DE\" \/>\n<meta property=\"og:type\" content=\"article\" \/>\n<meta property=\"og:title\" content=\"G41 Honeycomb RGB Ergonomics Wired Gaming Mouse Factory\" \/>\n<meta property=\"og:description\" content=\"[Industry-specific attributes] Type:Wired DPI:1200\/1600\/2400\/7000 Ergonomics:Yes Programmable:NO  [Other attributes] Hand Orientation:Left Tracking Method:laser Style:Gaming Interface Type:usb Number of Rollers:1 Number of Buttons:6 Private Mold:NO Backlit:7-RGB Product Name:gaming Mouse Mouse Type:Wired One Feature:High DPI Material:ABS Plastic Logo:Accept Customized Logo Package:Customized Box Keywords:Desktop \u00a0Laptop Computer Warranty:12 Months MOQ:1 Pcs Support system:Win07\/08\/10\/NT\/ME\/2000\/XP\/vista\" \/>\n<meta property=\"og:url\" content=\"https:\/\/darshion.com\/de\/produkt\/g41-wired-gaming-mouse-factory\/\" \/>\n<meta property=\"og:site_name\" content=\"darshion\" \/>\n<meta property=\"article:modified_time\" content=\"2024-07-18T09:40:06+00:00\" \/>\n<meta property=\"og:image\" content=\"https:\/\/darshion.com\/wp-content\/uploads\/2024\/07\/H17a6c6c2df5340cd83ee18ebe0a317d6q.jpg\" \/>\n\t<meta property=\"og:image:width\" content=\"800\" \/>\n\t<meta property=\"og:image:height\" content=\"800\" \/>\n\t<meta property=\"og:image:type\" content=\"image\/jpeg\" \/>\n<meta name=\"twitter:card\" content=\"summary_large_image\" \/>\n<meta name=\"twitter:label1\" content=\"Gesch\u00e4tzte Lesezeit\" \/>\n\t<meta name=\"twitter:data1\" content=\"4\u00a0Minuten\" \/>\n<script type=\"application\/ld+json\" class=\"yoast-schema-graph\">{\"@context\":\"https:\/\/schema.org\",\"@graph\":[{\"@type\":\"WebPage\",\"@id\":\"https:\/\/darshion.com\/nl\/product\/g41-wired-gaming-mouse-factory\/\",\"url\":\"https:\/\/darshion.com\/nl\/product\/g41-wired-gaming-mouse-factory\/\",\"name\":\"G41 Honeycomb RGB Ergonomics Wired Gaming Mouse Factory - darshion\",\"isPartOf\":{\"@id\":\"https:\/\/darshion.com\/#website\"},\"primaryImageOfPage\":{\"@id\":\"https:\/\/darshion.com\/nl\/product\/g41-wired-gaming-mouse-factory\/#primaryimage\"},\"image\":{\"@id\":\"https:\/\/darshion.com\/nl\/product\/g41-wired-gaming-mouse-factory\/#primaryimage\"},\"thumbnailUrl\":\"https:\/\/darshion.com\/wp-content\/uploads\/2024\/07\/H17a6c6c2df5340cd83ee18ebe0a317d6q.jpg\",\"datePublished\":\"2024-07-18T02:56:09+00:00\",\"dateModified\":\"2024-07-18T09:40:06+00:00\",\"breadcrumb\":{\"@id\":\"https:\/\/darshion.com\/nl\/product\/g41-wired-gaming-mouse-factory\/#breadcrumb\"},\"inLanguage\":\"de\",\"potentialAction\":[{\"@type\":\"ReadAction\",\"target\":[\"https:\/\/darshion.com\/nl\/product\/g41-wired-gaming-mouse-factory\/\"]}]},{\"@type\":\"ImageObject\",\"inLanguage\":\"de\",\"@id\":\"https:\/\/darshion.com\/nl\/product\/g41-wired-gaming-mouse-factory\/#primaryimage\",\"url\":\"https:\/\/darshion.com\/wp-content\/uploads\/2024\/07\/H17a6c6c2df5340cd83ee18ebe0a317d6q.jpg\",\"contentUrl\":\"https:\/\/darshion.com\/wp-content\/uploads\/2024\/07\/H17a6c6c2df5340cd83ee18ebe0a317d6q.jpg\",\"width\":800,\"height\":800},{\"@type\":\"BreadcrumbList\",\"@id\":\"https:\/\/darshion.com\/nl\/product\/g41-wired-gaming-mouse-factory\/#breadcrumb\",\"itemListElement\":[{\"@type\":\"ListItem\",\"position\":1,\"name\":\"\u9996\u9875\",\"item\":\"https:\/\/darshion.com\/\"},{\"@type\":\"ListItem\",\"position\":2,\"name\":\"PRODUCT\",\"item\":\"https:\/\/darshion.com\/pt\/product\/\"},{\"@type\":\"ListItem\",\"position\":3,\"name\":\"G41 Honeycomb RGB Ergonomics Wired Gaming Mouse Factory\"}]},{\"@type\":\"WebSite\",\"@id\":\"https:\/\/darshion.com\/#website\",\"url\":\"https:\/\/darshion.com\/\",\"name\":\"darshion\",\"description\":\"14 Years of Experience, Quality Assurance, Innovative Design\",\"publisher\":{\"@id\":\"https:\/\/darshion.com\/#organization\"},\"potentialAction\":[{\"@type\":\"SearchAction\",\"target\":{\"@type\":\"EntryPoint\",\"urlTemplate\":\"https:\/\/darshion.com\/?s={search_term_string}\"},\"query-input\":{\"@type\":\"PropertyValueSpecification\",\"valueRequired\":true,\"valueName\":\"search_term_string\"}}],\"inLanguage\":\"de\"},{\"@type\":\"Organization\",\"@id\":\"https:\/\/darshion.com\/#organization\",\"name\":\"darshion\",\"url\":\"https:\/\/darshion.com\/\",\"logo\":{\"@type\":\"ImageObject\",\"inLanguage\":\"de\",\"@id\":\"https:\/\/darshion.com\/#\/schema\/logo\/image\/\",\"url\":\"https:\/\/darshion.com\/wp-content\/uploads\/2023\/09\/01-1.png\",\"contentUrl\":\"https:\/\/darshion.com\/wp-content\/uploads\/2023\/09\/01-1.png\",\"width\":350,\"height\":100,\"caption\":\"darshion\"},\"image\":{\"@id\":\"https:\/\/darshion.com\/#\/schema\/logo\/image\/\"}}]}<\/script>\n<!-- \/ Yoast SEO Premium plugin. -->","yoast_head_json":{"title":"G41 Honeycomb RGB Ergonomie Wired Gaming Maus Fabrik - darshion","robots":{"index":"index","follow":"follow","max-snippet":"max-snippet:-1","max-image-preview":"max-image-preview:large","max-video-preview":"max-video-preview:-1"},"canonical":"https:\/\/darshion.com\/de\/produkt\/g41-wired-gaming-mouse-factory\/","og_locale":"de_DE","og_type":"article","og_title":"G41 Honeycomb RGB Ergonomics Wired Gaming Mouse Factory","og_description":"[Industry-specific attributes] Type:Wired DPI:1200\/1600\/2400\/7000 Ergonomics:Yes Programmable:NO  [Other attributes] Hand Orientation:Left Tracking Method:laser Style:Gaming Interface Type:usb Number of Rollers:1 Number of Buttons:6 Private Mold:NO Backlit:7-RGB Product Name:gaming Mouse Mouse Type:Wired One Feature:High DPI Material:ABS Plastic Logo:Accept Customized Logo Package:Customized Box Keywords:Desktop \u00a0Laptop Computer Warranty:12 Months MOQ:1 Pcs Support system:Win07\/08\/10\/NT\/ME\/2000\/XP\/vista","og_url":"https:\/\/darshion.com\/de\/produkt\/g41-wired-gaming-mouse-factory\/","og_site_name":"darshion","article_modified_time":"2024-07-18T09:40:06+00:00","og_image":[{"width":800,"height":800,"url":"https:\/\/darshion.com\/wp-content\/uploads\/2024\/07\/H17a6c6c2df5340cd83ee18ebe0a317d6q.jpg","type":"image\/jpeg"}],"twitter_card":"summary_large_image","twitter_misc":{"Gesch\u00e4tzte Lesezeit":"4\u00a0Minuten"},"schema":{"@context":"https:\/\/schema.org","@graph":[{"@type":"WebPage","@id":"https:\/\/darshion.com\/nl\/product\/g41-wired-gaming-mouse-factory\/","url":"https:\/\/darshion.com\/nl\/product\/g41-wired-gaming-mouse-factory\/","name":"G41 Honeycomb RGB Ergonomie Wired Gaming Maus Fabrik - darshion","isPartOf":{"@id":"https:\/\/darshion.com\/#website"},"primaryImageOfPage":{"@id":"https:\/\/darshion.com\/nl\/product\/g41-wired-gaming-mouse-factory\/#primaryimage"},"image":{"@id":"https:\/\/darshion.com\/nl\/product\/g41-wired-gaming-mouse-factory\/#primaryimage"},"thumbnailUrl":"https:\/\/darshion.com\/wp-content\/uploads\/2024\/07\/H17a6c6c2df5340cd83ee18ebe0a317d6q.jpg","datePublished":"2024-07-18T02:56:09+00:00","dateModified":"2024-07-18T09:40:06+00:00","breadcrumb":{"@id":"https:\/\/darshion.com\/nl\/product\/g41-wired-gaming-mouse-factory\/#breadcrumb"},"inLanguage":"de","potentialAction":[{"@type":"ReadAction","target":["https:\/\/darshion.com\/nl\/product\/g41-wired-gaming-mouse-factory\/"]}]},{"@type":"ImageObject","inLanguage":"de","@id":"https:\/\/darshion.com\/nl\/product\/g41-wired-gaming-mouse-factory\/#primaryimage","url":"https:\/\/darshion.com\/wp-content\/uploads\/2024\/07\/H17a6c6c2df5340cd83ee18ebe0a317d6q.jpg","contentUrl":"https:\/\/darshion.com\/wp-content\/uploads\/2024\/07\/H17a6c6c2df5340cd83ee18ebe0a317d6q.jpg","width":800,"height":800},{"@type":"BreadcrumbList","@id":"https:\/\/darshion.com\/nl\/product\/g41-wired-gaming-mouse-factory\/#breadcrumb","itemListElement":[{"@type":"ListItem","position":1,"name":"\u9996\u9875","item":"https:\/\/darshion.com\/"},{"@type":"ListItem","position":2,"name":"PRODUCT","item":"https:\/\/darshion.com\/pt\/product\/"},{"@type":"ListItem","position":3,"name":"G41 Honeycomb RGB Ergonomics Wired Gaming Mouse Factory"}]},{"@type":"WebSite","@id":"https:\/\/darshion.com\/#website","url":"https:\/\/darshion.com\/","name":"darshion","description":"14 Jahre Erfahrung, Qualit\u00e4tssicherung, innovatives Design","publisher":{"@id":"https:\/\/darshion.com\/#organization"},"potentialAction":[{"@type":"SearchAction","target":{"@type":"EntryPoint","urlTemplate":"https:\/\/darshion.com\/?s={search_term_string}"},"query-input":{"@type":"PropertyValueSpecification","valueRequired":true,"valueName":"search_term_string"}}],"inLanguage":"de"},{"@type":"Organization","@id":"https:\/\/darshion.com\/#organization","name":"darshion","url":"https:\/\/darshion.com\/","logo":{"@type":"ImageObject","inLanguage":"de","@id":"https:\/\/darshion.com\/#\/schema\/logo\/image\/","url":"https:\/\/darshion.com\/wp-content\/uploads\/2023\/09\/01-1.png","contentUrl":"https:\/\/darshion.com\/wp-content\/uploads\/2023\/09\/01-1.png","width":350,"height":100,"caption":"darshion"},"image":{"@id":"https:\/\/darshion.com\/#\/schema\/logo\/image\/"}}]}},"_links":{"self":[{"href":"https:\/\/darshion.com\/de\/wp-json\/wp\/v2\/product\/3575"}],"collection":[{"href":"https:\/\/darshion.com\/de\/wp-json\/wp\/v2\/product"}],"about":[{"href":"https:\/\/darshion.com\/de\/wp-json\/wp\/v2\/types\/product"}],"replies":[{"embeddable":true,"href":"https:\/\/darshion.com\/de\/wp-json\/wp\/v2\/comments?post=3575"}],"wp:featuredmedia":[{"embeddable":true,"href":"https:\/\/darshion.com\/de\/wp-json\/wp\/v2\/media\/3566"}],"wp:attachment":[{"href":"https:\/\/darshion.com\/de\/wp-json\/wp\/v2\/media?parent=3575"}],"wp:term":[{"taxonomy":"product_cat","embeddable":true,"href":"https:\/\/darshion.com\/de\/wp-json\/wp\/v2\/product_cat?post=3575"},{"taxonomy":"product_tag","embeddable":true,"href":"https:\/\/darshion.com\/de\/wp-json\/wp\/v2\/product_tag?post=3575"}],"curies":[{"name":"wp","href":"https:\/\/api.w.org\/{rel}","templated":true}]}}