{"id":4227,"date":"2026-02-26T17:41:56","date_gmt":"2026-02-26T09:41:56","guid":{"rendered":"https:\/\/darshion.com\/product\/amz-hot-sale-2-4g-full-sized-ergonomic-keyboard-mouse-quiet-click-computer-laptop-cordless-usb-wireless-keyboard-and-mouse\/"},"modified":"2026-02-26T18:02:30","modified_gmt":"2026-02-26T10:02:30","slug":"ck710-keyboard-and-mouse-combo-manufacturer","status":"publish","type":"product","link":"https:\/\/darshion.com\/de\/produkt\/ck710-keyboard-and-mouse-combo-manufacturer\/","title":{"rendered":"CK710 2.4G Ergonomische drahtlose Tastatur-Maus-Kombination in voller Gr\u00f6\u00dfe Hersteller"},"content":{"rendered":"<div id=\"detail_decorate_root\" data-magic-global=\"%7B%22bizId%22%3A2329368643%2C%22pageId%22%3A21463948937%2C%22siteId%22%3A10003129106%7D\">\n<div class=\"J_module\">\n<div class=\"icbu-pc-detailVideoShow magic-0\" data-magic=\"\"><\/div>\n<\/div>\n<div class=\"J_module\">\n<p style=\"border-bottom: solid 2px currentColor; font-size: 24px; padding: 8px 0 4px 0; margin: 0 0 8px 0;\">Produkte Beschreibung<\/p>\n<\/div>\n<div class=\"J_module\">\n<div class=\"detail-decorate-json-renderer-container\">1.  Anzahl der Tasten:104 Tasten<br \/>\n2.  Schlankes Design, Schokolade Schl\u00fcsselkappen<br \/>\n3.  12 Gruppe von Fn+F Multimedia-Funktionstasten<br \/>\n4.  Drei Indikatoren<br \/>\n5.  Kabelgebundene\/drahtlose Optionen verf\u00fcgbar<br \/>\n6.  Alkalibatterie- und Lithiumbatterie-Optionen verf\u00fcgbar<br \/>\n7.  Mit Anti-Rutsch-Gummif\u00fc\u00dfen, Neigungsverstellung<br \/>\n8.  Gr\u00f6\u00dfe:434.99 *184.88 *25.62mm;Gewicht:686g1.  4D Ergonomische Maus<br \/>\n2.  DPI: 800-1200-1600<br \/>\n3.  Size:106*62*37.7mm;Weight:55g \u00b15g<br \/>\n\u3010Customizable\u3011<br \/>\n- Tastenkappen Farbe<br \/>\n- Verdrahtet\/drahtlos\/2.4G\/Bluetooth Dreifachmodus\/Mehrfachkanal<br \/>\n- Layout:US\/UK\/S\u00dcDKOREA\/SPANIEN\/BRAZILIEN\/RUSSLAND usw.<br \/>\n- LOGO &amp; Verpackung<\/p>\n<\/div>\n<\/div>\n<div class=\"J_module\">\n<div id=\"ali-anchor-AliMagic-t9ai6c\" class=\"magic-1\" style=\"border-bottom: solid 2px currentColor; font-size: 24px; padding: 8px 0 4px 0; margin: 0 0 8px 0;\" data-section=\"AliMagic-t9ai6c\" data-section-title=\"Details Images\">Details Bilder<\/div>\n<\/div>\n<div class=\"J_module\">\n<div class=\"icbu-pc-detailManyImage magic-6\">\n<div class=\"magic-7\"><img decoding=\"async\" class=\"magic-8\" src=\"https:\/\/darshion.com\/wp-content\/uploads\/2026\/02\/H4ebaefe40f7041bd8e4ea99d38c1f28bl.jpg\" \/><\/div>\n<div class=\"magic-7\"><img decoding=\"async\" class=\"magic-8\" src=\"https:\/\/darshion.com\/wp-content\/uploads\/2026\/02\/H41f2ec0ac7a4425bb43efc4151e977a87.jpg\" \/><\/div>\n<div class=\"magic-7\"><img decoding=\"async\" class=\"magic-8\" src=\"https:\/\/darshion.com\/wp-content\/uploads\/2026\/02\/Hdd916391c6c341afb2f9c27d29c638f0J.jpg\" \/><\/div>\n<div class=\"magic-7\"><img decoding=\"async\" class=\"magic-8\" src=\"https:\/\/darshion.com\/wp-content\/uploads\/2026\/02\/H75e968de59d3409fbf4f453704bce1a1a.jpg\" \/><\/div>\n<div class=\"magic-7\"><img decoding=\"async\" class=\"magic-8\" src=\"https:\/\/darshion.com\/wp-content\/uploads\/2026\/02\/Hba4b6f1c4c3143afa2e6e3007e8139fbx.jpg\" \/><\/div>\n<div class=\"magic-7\"><img decoding=\"async\" class=\"magic-8\" src=\"https:\/\/darshion.com\/wp-content\/uploads\/2026\/02\/H4574e576a1574e6aa3be44fc3060b44bJ.jpg\" \/><\/div>\n<\/div>\n<\/div>\n<div class=\"J_module\">\n<div class=\"icbu-pc-images magic-9\">\n<div><\/div>\n<\/div>\n<\/div>\n<div class=\"J_module\">\n<div id=\"ali-anchor-AliMagic-bfpvzk\" class=\"magic-1\" style=\"border-bottom: solid 2px currentColor; font-size: 24px; padding: 8px 0 4px 0; margin: 0 0 8px 0;\" data-section=\"AliMagic-bfpvzk\" data-section-title=\"Description\">Beschreibung<\/div>\n<\/div>\n<div class=\"J_module\">\n<div class=\"detail-decorate-json-renderer-container\">\n<p>1.2.4G Wireless Plug and Play- Schlie\u00dfen Sie einfach kabellose Tastatur und Maus mit einem USB-Empf\u00e4nger an, um den USB-Anschluss Ihres Computers zu sichern. Keine Verz\u00f6gerungen oder Aussetzer. Erm\u00f6glicht eine zuverl\u00e4ssige kabellose Verbindung bis zu 10 Meter (33 ft) ohne jeden Treiber.<br \/>\n2.104-Tasten Full-size Keyboard- Mit Standard-US-QWERTY-Layout, Lovaky drahtlose Tastatur macht jede Taste auf dem Ziffernblock unabh\u00e4ngig und gut beabstandet, stark zu vermeiden, die falsche Taste dr\u00fccken. Der klappbare St\u00e4nder hinter der Tastatur bietet einen bequemen Schreibwinkel f\u00fcr Sie, so dass Sie stundenlang bequemes Tippen genie\u00dfen k\u00f6nnen.<br \/>\n3.power Saving Verl\u00e4ngert die Lebensdauer der Batterie- Tastatur und Maus drahtlose haben Power-Schalter zum Ein- \/ Ausschalten, unn\u00f6tige Batterie Verlust zu speichern. Nach 10 Minuten Inaktivit\u00e4t geht die kabellose Tastatur-Maus-Kombination automatisch in den Schlafmodus, um Energie zu sparen.die Tastatur ben\u00f6tigt eine AAA-Batterie, und die Maus ben\u00f6tigt zwei.<br \/>\n4. ger\u00e4uschlose kabellose Maus - Die Computermaus bietet einen fl\u00fcsterleisen Klick, so dass Sie sich keine Sorgen machen m\u00fcssen, andere beim Arbeiten oder Spielen zu st\u00f6ren. DPI einstellbare Maus bietet 3 Stufen von DPI (800\/1200\/1600), um Ihre unterschiedlichen Bed\u00fcrfnisse in Bezug auf die Empfindlichkeit zu erf\u00fcllen.<br \/>\n5. kompatible kabellose Maus- und Tastaturkombination - enth\u00e4lt eine Tastatur in voller Gr\u00f6\u00dfe und eine hochempfindliche Maus. Funktioniert mit Ihrem PC, Desktop, Laptop oder Notebook. Kompatibel mit Windows XP \/ Vista \/ 7 \/ 8 \/ 10 Betriebssystemen.<\/p>\n<p>6.power indicator- die neue Batterie in die Tastatur und Maus, wenn die normale Verbindung mit dem Computer Macht rotes Licht blinkt 5-8 Sekunden aus, wenn der Computer nicht normalerweise an die Macht rotes Licht auf f\u00fcr einen Moment auf off verbunden ist. Low-Batterie-Modus ist es, eine beliebige Taste dr\u00fccken Macht rotes Licht blinkt. Wenn Sie den Computer zum ersten Mal benutzen, ist es normal, dass das rote Licht f\u00fcr 5-8 Sekunden blinkt. Tipp: Wenn Ihre Maus nicht mehr funktioniert, \u00fcberpr\u00fcfen Sie zuerst die Batterien und ersetzen Sie sie durch neue.<br \/>\n7. anpassbare Sprache\/Layout f\u00fcr Deutschland, Spanien, Italien, Korea, Japan, Arabisch und Russisch<\/p>\n<\/div>\n<\/div>\n<div class=\"J_module\">\n<div id=\"ali-anchor-AliMagic-o5sbrj\" class=\"magic-12\" style=\"border-bottom: solid 2px currentColor; font-size: 24px; padding: 8px 0 4px 0; margin: 0 0 8px 0;\" data-section=\"AliMagic-o5sbrj\" data-section-title=\"WHY CHOOSE US?\"><\/div>\n<\/div>\n<\/div>","protected":false},"excerpt":{"rendered":"<div>\n<p>[Industry-specific attributes]<br \/>\nsupports human engineering:Yes<br \/>\ntype:Wireless<\/p>\n<p>[Other attributes]<br \/>\nplace of origin:Guangdong, China<br \/>\ninterface:Usb<br \/>\nkeyboard backlit:no<br \/>\nkeyboard standard:104 Keys<br \/>\nmechanical:No<br \/>\nmodel number:CK710+CM620<br \/>\nBrand:OEM<br \/>\napplicable object:For Home Office<br \/>\ndpi:1600<br \/>\nmouse connection:Wireless<br \/>\nprivate mold:Yes<br \/>\nwith multimedia function keys:Yes<br \/>\nwrist support:No<br \/>\nProduct name:Wireless Keyboard Mouse Combo<br \/>\nKeywords:Wireless Keyboard and mouse<br \/>\nLayout:Customized Layout<br \/>\nMaterial:ABS<br \/>\nUsage:Office Working Gaming<br \/>\nLogo:Accept Customized Logo<br \/>\nPackage:Customized Box<br \/>\nWarranty:12 Months<br \/>\nLanguage:Customized Lanaguage<br \/>\nMOQ:1000PCS<\/p>\n<\/div>\n","protected":false},"featured_media":4216,"comment_status":"open","ping_status":"closed","template":"","meta":{"_monsterinsights_skip_tracking":false,"_monsterinsights_sitenote_active":false,"_monsterinsights_sitenote_note":"","_monsterinsights_sitenote_category":0},"product_cat":[552],"product_tag":[130,112,558],"yoast_head":"<!-- This site is optimized with the Yoast SEO Premium plugin v22.9 (Yoast SEO v24.0) - https:\/\/yoast.com\/wordpress\/plugins\/seo\/ -->\n<title>CK710 2.4G Full-Sized Ergonomic Wireless Keyboard and Mouse Combo Manufacturer<\/title>\n<meta name=\"description\" content=\"Darshion is a professional manufacturer of 2.4G full-sized ergonomic wireless keyboard and mouse combos. We provide OEM and custom solutions for brands, distributors, and bulk buyers with stable production capacity.\" \/>\n<meta name=\"robots\" content=\"index, follow, max-snippet:-1, max-image-preview:large, max-video-preview:-1\" \/>\n<link rel=\"canonical\" href=\"https:\/\/darshion.com\/de\/produkt\/ck710-keyboard-and-mouse-combo-manufacturer\/\" \/>\n<meta property=\"og:locale\" content=\"de_DE\" \/>\n<meta property=\"og:type\" content=\"article\" \/>\n<meta property=\"og:title\" content=\"CK710 2.4G Full-Sized Ergonomic Wireless Keyboard and Mouse Combo Manufacturer\" \/>\n<meta property=\"og:description\" content=\"Darshion is a professional manufacturer of 2.4G full-sized ergonomic wireless keyboard and mouse combos. We provide OEM and custom solutions for brands, distributors, and bulk buyers with stable production capacity.\" \/>\n<meta property=\"og:url\" content=\"https:\/\/darshion.com\/de\/produkt\/ck710-keyboard-and-mouse-combo-manufacturer\/\" \/>\n<meta property=\"og:site_name\" content=\"darshion\" \/>\n<meta property=\"article:modified_time\" content=\"2026-02-26T10:02:30+00:00\" \/>\n<meta property=\"og:image\" content=\"https:\/\/darshion.com\/wp-content\/uploads\/2026\/02\/H4ebaefe40f7041bd8e4ea99d38c1f28bl.jpg\" \/>\n\t<meta property=\"og:image:width\" content=\"1200\" \/>\n\t<meta property=\"og:image:height\" content=\"1200\" \/>\n\t<meta property=\"og:image:type\" content=\"image\/jpeg\" \/>\n<meta name=\"twitter:card\" content=\"summary_large_image\" \/>\n<meta name=\"twitter:label1\" content=\"Gesch\u00e4tzte Lesezeit\" \/>\n\t<meta name=\"twitter:data1\" content=\"4\u00a0Minuten\" \/>\n<script type=\"application\/ld+json\" class=\"yoast-schema-graph\">{\"@context\":\"https:\/\/schema.org\",\"@graph\":[{\"@type\":\"WebPage\",\"@id\":\"https:\/\/darshion.com\/product\/ck710-keyboard-and-mouse-combo-manufacturer\/\",\"url\":\"https:\/\/darshion.com\/product\/ck710-keyboard-and-mouse-combo-manufacturer\/\",\"name\":\"CK710 2.4G Full-Sized Ergonomic Wireless Keyboard and Mouse Combo Manufacturer\",\"isPartOf\":{\"@id\":\"https:\/\/darshion.com\/#website\"},\"primaryImageOfPage\":{\"@id\":\"https:\/\/darshion.com\/product\/ck710-keyboard-and-mouse-combo-manufacturer\/#primaryimage\"},\"image\":{\"@id\":\"https:\/\/darshion.com\/product\/ck710-keyboard-and-mouse-combo-manufacturer\/#primaryimage\"},\"thumbnailUrl\":\"https:\/\/darshion.com\/wp-content\/uploads\/2026\/02\/H4ebaefe40f7041bd8e4ea99d38c1f28bl.jpg\",\"datePublished\":\"2026-02-26T09:41:56+00:00\",\"dateModified\":\"2026-02-26T10:02:30+00:00\",\"description\":\"Darshion is a professional manufacturer of 2.4G full-sized ergonomic wireless keyboard and mouse combos. We provide OEM and custom solutions for brands, distributors, and bulk buyers with stable production capacity.\",\"breadcrumb\":{\"@id\":\"https:\/\/darshion.com\/product\/ck710-keyboard-and-mouse-combo-manufacturer\/#breadcrumb\"},\"inLanguage\":\"de\",\"potentialAction\":[{\"@type\":\"ReadAction\",\"target\":[\"https:\/\/darshion.com\/product\/ck710-keyboard-and-mouse-combo-manufacturer\/\"]}]},{\"@type\":\"ImageObject\",\"inLanguage\":\"de\",\"@id\":\"https:\/\/darshion.com\/product\/ck710-keyboard-and-mouse-combo-manufacturer\/#primaryimage\",\"url\":\"https:\/\/darshion.com\/wp-content\/uploads\/2026\/02\/H4ebaefe40f7041bd8e4ea99d38c1f28bl.jpg\",\"contentUrl\":\"https:\/\/darshion.com\/wp-content\/uploads\/2026\/02\/H4ebaefe40f7041bd8e4ea99d38c1f28bl.jpg\",\"width\":1200,\"height\":1200},{\"@type\":\"BreadcrumbList\",\"@id\":\"https:\/\/darshion.com\/product\/ck710-keyboard-and-mouse-combo-manufacturer\/#breadcrumb\",\"itemListElement\":[{\"@type\":\"ListItem\",\"position\":1,\"name\":\"\u9996\u9875\",\"item\":\"https:\/\/darshion.com\/\"},{\"@type\":\"ListItem\",\"position\":2,\"name\":\"PRODUCT\",\"item\":\"https:\/\/darshion.com\/pt\/product\/\"},{\"@type\":\"ListItem\",\"position\":3,\"name\":\"CK710 2.4G Full-Sized Ergonomic Wireless Keyboard and Mouse Combo Manufacturer\"}]},{\"@type\":\"WebSite\",\"@id\":\"https:\/\/darshion.com\/#website\",\"url\":\"https:\/\/darshion.com\/\",\"name\":\"darshion\",\"description\":\"14 Years of Experience, Quality Assurance, Innovative Design\",\"publisher\":{\"@id\":\"https:\/\/darshion.com\/#organization\"},\"potentialAction\":[{\"@type\":\"SearchAction\",\"target\":{\"@type\":\"EntryPoint\",\"urlTemplate\":\"https:\/\/darshion.com\/?s={search_term_string}\"},\"query-input\":{\"@type\":\"PropertyValueSpecification\",\"valueRequired\":true,\"valueName\":\"search_term_string\"}}],\"inLanguage\":\"de\"},{\"@type\":\"Organization\",\"@id\":\"https:\/\/darshion.com\/#organization\",\"name\":\"darshion\",\"url\":\"https:\/\/darshion.com\/\",\"logo\":{\"@type\":\"ImageObject\",\"inLanguage\":\"de\",\"@id\":\"https:\/\/darshion.com\/#\/schema\/logo\/image\/\",\"url\":\"https:\/\/darshion.com\/wp-content\/uploads\/2023\/09\/01-1.png\",\"contentUrl\":\"https:\/\/darshion.com\/wp-content\/uploads\/2023\/09\/01-1.png\",\"width\":350,\"height\":100,\"caption\":\"darshion\"},\"image\":{\"@id\":\"https:\/\/darshion.com\/#\/schema\/logo\/image\/\"}}]}<\/script>\n<!-- \/ Yoast SEO Premium plugin. -->","yoast_head_json":{"title":"CK710 2.4G Ergonomische drahtlose Tastatur-Maus-Kombination in voller Gr\u00f6\u00dfe Hersteller","description":"Darshion ist ein professioneller Hersteller von ergonomischen kabellosen 2.4G-Tastatur-Maus-Kombinationen in voller Gr\u00f6\u00dfe. Wir bieten OEM- und kundenspezifische L\u00f6sungen f\u00fcr Marken, Distributoren und Gro\u00dfabnehmer mit stabiler Produktionskapazit\u00e4t.","robots":{"index":"index","follow":"follow","max-snippet":"max-snippet:-1","max-image-preview":"max-image-preview:large","max-video-preview":"max-video-preview:-1"},"canonical":"https:\/\/darshion.com\/de\/produkt\/ck710-keyboard-and-mouse-combo-manufacturer\/","og_locale":"de_DE","og_type":"article","og_title":"CK710 2.4G Full-Sized Ergonomic Wireless Keyboard and Mouse Combo Manufacturer","og_description":"Darshion is a professional manufacturer of 2.4G full-sized ergonomic wireless keyboard and mouse combos. We provide OEM and custom solutions for brands, distributors, and bulk buyers with stable production capacity.","og_url":"https:\/\/darshion.com\/de\/produkt\/ck710-keyboard-and-mouse-combo-manufacturer\/","og_site_name":"darshion","article_modified_time":"2026-02-26T10:02:30+00:00","og_image":[{"width":1200,"height":1200,"url":"https:\/\/darshion.com\/wp-content\/uploads\/2026\/02\/H4ebaefe40f7041bd8e4ea99d38c1f28bl.jpg","type":"image\/jpeg"}],"twitter_card":"summary_large_image","twitter_misc":{"Gesch\u00e4tzte Lesezeit":"4\u00a0Minuten"},"schema":{"@context":"https:\/\/schema.org","@graph":[{"@type":"WebPage","@id":"https:\/\/darshion.com\/product\/ck710-keyboard-and-mouse-combo-manufacturer\/","url":"https:\/\/darshion.com\/product\/ck710-keyboard-and-mouse-combo-manufacturer\/","name":"CK710 2.4G Ergonomische drahtlose Tastatur-Maus-Kombination in voller Gr\u00f6\u00dfe Hersteller","isPartOf":{"@id":"https:\/\/darshion.com\/#website"},"primaryImageOfPage":{"@id":"https:\/\/darshion.com\/product\/ck710-keyboard-and-mouse-combo-manufacturer\/#primaryimage"},"image":{"@id":"https:\/\/darshion.com\/product\/ck710-keyboard-and-mouse-combo-manufacturer\/#primaryimage"},"thumbnailUrl":"https:\/\/darshion.com\/wp-content\/uploads\/2026\/02\/H4ebaefe40f7041bd8e4ea99d38c1f28bl.jpg","datePublished":"2026-02-26T09:41:56+00:00","dateModified":"2026-02-26T10:02:30+00:00","description":"Darshion ist ein professioneller Hersteller von ergonomischen kabellosen 2.4G-Tastatur-Maus-Kombinationen in voller Gr\u00f6\u00dfe. Wir bieten OEM- und kundenspezifische L\u00f6sungen f\u00fcr Marken, Distributoren und Gro\u00dfabnehmer mit stabiler Produktionskapazit\u00e4t.","breadcrumb":{"@id":"https:\/\/darshion.com\/product\/ck710-keyboard-and-mouse-combo-manufacturer\/#breadcrumb"},"inLanguage":"de","potentialAction":[{"@type":"ReadAction","target":["https:\/\/darshion.com\/product\/ck710-keyboard-and-mouse-combo-manufacturer\/"]}]},{"@type":"ImageObject","inLanguage":"de","@id":"https:\/\/darshion.com\/product\/ck710-keyboard-and-mouse-combo-manufacturer\/#primaryimage","url":"https:\/\/darshion.com\/wp-content\/uploads\/2026\/02\/H4ebaefe40f7041bd8e4ea99d38c1f28bl.jpg","contentUrl":"https:\/\/darshion.com\/wp-content\/uploads\/2026\/02\/H4ebaefe40f7041bd8e4ea99d38c1f28bl.jpg","width":1200,"height":1200},{"@type":"BreadcrumbList","@id":"https:\/\/darshion.com\/product\/ck710-keyboard-and-mouse-combo-manufacturer\/#breadcrumb","itemListElement":[{"@type":"ListItem","position":1,"name":"\u9996\u9875","item":"https:\/\/darshion.com\/"},{"@type":"ListItem","position":2,"name":"PRODUCT","item":"https:\/\/darshion.com\/pt\/product\/"},{"@type":"ListItem","position":3,"name":"CK710 2.4G Full-Sized Ergonomic Wireless Keyboard and Mouse Combo Manufacturer"}]},{"@type":"WebSite","@id":"https:\/\/darshion.com\/#website","url":"https:\/\/darshion.com\/","name":"darshion","description":"14 Jahre Erfahrung, Qualit\u00e4tssicherung, innovatives Design","publisher":{"@id":"https:\/\/darshion.com\/#organization"},"potentialAction":[{"@type":"SearchAction","target":{"@type":"EntryPoint","urlTemplate":"https:\/\/darshion.com\/?s={search_term_string}"},"query-input":{"@type":"PropertyValueSpecification","valueRequired":true,"valueName":"search_term_string"}}],"inLanguage":"de"},{"@type":"Organization","@id":"https:\/\/darshion.com\/#organization","name":"darshion","url":"https:\/\/darshion.com\/","logo":{"@type":"ImageObject","inLanguage":"de","@id":"https:\/\/darshion.com\/#\/schema\/logo\/image\/","url":"https:\/\/darshion.com\/wp-content\/uploads\/2023\/09\/01-1.png","contentUrl":"https:\/\/darshion.com\/wp-content\/uploads\/2023\/09\/01-1.png","width":350,"height":100,"caption":"darshion"},"image":{"@id":"https:\/\/darshion.com\/#\/schema\/logo\/image\/"}}]}},"_links":{"self":[{"href":"https:\/\/darshion.com\/de\/wp-json\/wp\/v2\/product\/4227"}],"collection":[{"href":"https:\/\/darshion.com\/de\/wp-json\/wp\/v2\/product"}],"about":[{"href":"https:\/\/darshion.com\/de\/wp-json\/wp\/v2\/types\/product"}],"replies":[{"embeddable":true,"href":"https:\/\/darshion.com\/de\/wp-json\/wp\/v2\/comments?post=4227"}],"wp:featuredmedia":[{"embeddable":true,"href":"https:\/\/darshion.com\/de\/wp-json\/wp\/v2\/media\/4216"}],"wp:attachment":[{"href":"https:\/\/darshion.com\/de\/wp-json\/wp\/v2\/media?parent=4227"}],"wp:term":[{"taxonomy":"product_cat","embeddable":true,"href":"https:\/\/darshion.com\/de\/wp-json\/wp\/v2\/product_cat?post=4227"},{"taxonomy":"product_tag","embeddable":true,"href":"https:\/\/darshion.com\/de\/wp-json\/wp\/v2\/product_tag?post=4227"}],"curies":[{"name":"wp","href":"https:\/\/api.w.org\/{rel}","templated":true}]}}