{"id":999,"date":"2023-10-06T11:52:02","date_gmt":"2023-10-06T03:52:02","guid":{"rendered":"https:\/\/darshion.com\/?post_type=product&#038;p=999"},"modified":"2024-06-28T09:32:24","modified_gmt":"2024-06-28T01:32:24","slug":"gaming-mousepads","status":"publish","type":"product","link":"https:\/\/darshion.com\/de\/produkt\/gaming-mousepads\/","title":{"rendered":"Verriegelung Rand Gaming Mousepad benutzerdefinierte Muster Lieferant"},"content":{"rendered":"<p>Merkmale:<\/p>\n<p>Langlebige gen\u00e4hte Kanten: Dieses Mauspad hat empfindliche Kanten, die Abnutzung verhindern k\u00f6nnen. Gew\u00e4hrleisten Sie eine lange Nutzung ohne Verformung und Degummierung.<\/p>\n<p>Glatte Oberfl\u00e4che: Die Textur ist dichter. Die Maus kann schnell bewegt und genau positioniert werden, um eine reibungslosere Maussteuerung zu gew\u00e4hrleisten. Perfekt f\u00fcr Ihren Laptop, Computer &amp; PC.<\/p>\n<p>Rutschfeste Gummibasis: Die dichte Schattierung und die rutschfeste Basis aus Naturkautschuk sorgen f\u00fcr festen Halt auf dem Schreibtisch. Hochwertiges, weiches Material f\u00fcr Ihren Komfort und Ihre Mauskontrolle.<\/p>\n<p>Waschbares Design und Fade Prevent: Diese Mausmatte ist aus, die gro\u00dfe Verriegelung-Farbe-Effekt hat. Fl\u00fcssige Flecken k\u00f6nnen mit Wasser f\u00fcr den Dauereinsatz gereinigt werden. Und es wird nicht mit wiederholter Reinigung verblassen.<\/p>\n<p>Farbe: Wir bem\u00fchen uns, die farbenfrohesten Drucke zu liefern. Wir verwenden 6 Farben f\u00fcr den Druck, w\u00e4hrend die meisten Konkurrenten 4 Farben verwenden, und wir verwenden eine firmeneigene Mischung aus CMYK- und Neon-Farben, um die gr\u00f6\u00dftm\u00f6gliche Farbskala zu schaffen.<br \/>\nDruckverfahren: Unser Mauspad wird mit Hilfe von Hei\u00dfpressen und Farbstoffsublimation bedruckt und hergestellt, einem Verfahren, bei dem feste Stoffe in Gase umgewandelt werden. Die hohe Temperatur der Druckpresse verwandelt die Tinte in Gas und verbindet sich mit dem glatten Polyestermaterial, das die Oberseite des Mauspads bildet, sodass Sie sich keine Sorgen machen m\u00fcssen, dass sich das Design abl\u00f6st oder verblasst.<\/p>\n<p>Breite Anwendbarkeit: Erh\u00e4ltlich f\u00fcr alle Arten von M\u00e4usen, Laser und optische. Ideale Gr\u00f6\u00dfe f\u00fcr den t\u00e4glichen Gebrauch.<\/p>\n<p>Passen Sie Ihr Mauspad an:<br \/>\n1.100% Brandneu<br \/>\n2. Sie k\u00f6nnen Ihren Schreibtisch mit dem Mauspad dekorieren.<br \/>\n3. Sch\u00f6ne Farbe gedruckt auf Mauspad<br \/>\n4. Hohe Qualit\u00e4t, hergestellt aus weichem Gummimaterial und glattem Stoff<br \/>\n5. Alle Gr\u00f6\u00dfe (Abweichung Bereich: 1-3cm 2. Bitte beachten Sie, dass leichte Farbunterschiede aufgrund des Lichts und des Bildschirms akzeptabel sein sollten).<br \/>\n6. Wir k\u00f6nnen jedes Bild anpassen. Sie k\u00f6nnen uns kontaktieren, wenn Sie es brauchen. Wenn Sie mehr kaufen. Bitte kontaktieren Sie unseren Kundenservice. Wir geben Ihnen den Gro\u00dfhandelspreis.<\/p>\n<p>Kundenspezifische Muster: Bitte stellen Sie sicher, dass Ihr Bild hochaufl\u00f6send ist, vorzugsweise nicht weniger als 1920*1080 Aufl\u00f6sung, wenn Ihr Bild gr\u00f6\u00dfer als 5MB ist, senden Sie bitte das Bild Link an den Verk\u00e4ufer oder bitten Sie den Verk\u00e4ufer, eine E-Mail zu senden<\/p>","protected":false},"excerpt":{"rendered":"<p>China Gaming Mauspad Computer Schreibtischmatte Rutschfest Hersteller<\/p>","protected":false},"featured_media":1000,"comment_status":"open","ping_status":"closed","template":"","meta":{"_monsterinsights_skip_tracking":false,"_monsterinsights_sitenote_active":false,"_monsterinsights_sitenote_note":"","_monsterinsights_sitenote_category":0},"product_cat":[100],"product_tag":[107,103],"yoast_head":"<!-- This site is optimized with the Yoast SEO Premium plugin v22.9 (Yoast SEO v24.0) - https:\/\/yoast.com\/wordpress\/plugins\/seo\/ -->\n<title>Locking Edge Gaming Mousepad Custom Pattern Supplier - darshion<\/title>\n<meta name=\"robots\" content=\"index, follow, max-snippet:-1, max-image-preview:large, max-video-preview:-1\" \/>\n<link rel=\"canonical\" href=\"https:\/\/darshion.com\/de\/produkt\/gaming-mousepads\/\" \/>\n<meta property=\"og:locale\" content=\"de_DE\" \/>\n<meta property=\"og:type\" content=\"article\" \/>\n<meta property=\"og:title\" content=\"Locking Edge Gaming Mousepad Custom Pattern Supplier\" \/>\n<meta property=\"og:description\" content=\"China Gaming Mousepad Computer Deskmat Non-Slip Manufacturer\" \/>\n<meta property=\"og:url\" content=\"https:\/\/darshion.com\/de\/produkt\/gaming-mousepads\/\" \/>\n<meta property=\"og:site_name\" content=\"darshion\" \/>\n<meta property=\"article:modified_time\" content=\"2024-06-28T01:32:24+00:00\" \/>\n<meta property=\"og:image\" content=\"https:\/\/darshion.com\/wp-content\/uploads\/2023\/10\/1.webp\" \/>\n\t<meta property=\"og:image:width\" content=\"720\" \/>\n\t<meta property=\"og:image:height\" content=\"720\" \/>\n\t<meta property=\"og:image:type\" content=\"image\/webp\" \/>\n<meta name=\"twitter:card\" content=\"summary_large_image\" \/>\n<meta name=\"twitter:label1\" content=\"Gesch\u00e4tzte Lesezeit\" \/>\n\t<meta name=\"twitter:data1\" content=\"2\u00a0Minuten\" \/>\n<script type=\"application\/ld+json\" class=\"yoast-schema-graph\">{\"@context\":\"https:\/\/schema.org\",\"@graph\":[{\"@type\":\"WebPage\",\"@id\":\"https:\/\/darshion.com\/product\/gaming-mousepads\/\",\"url\":\"https:\/\/darshion.com\/product\/gaming-mousepads\/\",\"name\":\"Locking Edge Gaming Mousepad Custom Pattern Supplier - darshion\",\"isPartOf\":{\"@id\":\"https:\/\/darshion.com\/#website\"},\"primaryImageOfPage\":{\"@id\":\"https:\/\/darshion.com\/product\/gaming-mousepads\/#primaryimage\"},\"image\":{\"@id\":\"https:\/\/darshion.com\/product\/gaming-mousepads\/#primaryimage\"},\"thumbnailUrl\":\"https:\/\/darshion.com\/wp-content\/uploads\/2023\/10\/1.webp\",\"datePublished\":\"2023-10-06T03:52:02+00:00\",\"dateModified\":\"2024-06-28T01:32:24+00:00\",\"breadcrumb\":{\"@id\":\"https:\/\/darshion.com\/product\/gaming-mousepads\/#breadcrumb\"},\"inLanguage\":\"de\",\"potentialAction\":[{\"@type\":\"ReadAction\",\"target\":[\"https:\/\/darshion.com\/product\/gaming-mousepads\/\"]}]},{\"@type\":\"ImageObject\",\"inLanguage\":\"de\",\"@id\":\"https:\/\/darshion.com\/product\/gaming-mousepads\/#primaryimage\",\"url\":\"https:\/\/darshion.com\/wp-content\/uploads\/2023\/10\/1.webp\",\"contentUrl\":\"https:\/\/darshion.com\/wp-content\/uploads\/2023\/10\/1.webp\",\"width\":720,\"height\":720},{\"@type\":\"BreadcrumbList\",\"@id\":\"https:\/\/darshion.com\/product\/gaming-mousepads\/#breadcrumb\",\"itemListElement\":[{\"@type\":\"ListItem\",\"position\":1,\"name\":\"\u9996\u9875\",\"item\":\"https:\/\/darshion.com\/\"},{\"@type\":\"ListItem\",\"position\":2,\"name\":\"PRODUCT\",\"item\":\"https:\/\/darshion.com\/pt\/product\/\"},{\"@type\":\"ListItem\",\"position\":3,\"name\":\"Locking Edge Gaming Mousepad Custom Pattern Supplier\"}]},{\"@type\":\"WebSite\",\"@id\":\"https:\/\/darshion.com\/#website\",\"url\":\"https:\/\/darshion.com\/\",\"name\":\"darshion\",\"description\":\"14 Years of Experience, Quality Assurance, Innovative Design\",\"publisher\":{\"@id\":\"https:\/\/darshion.com\/#organization\"},\"potentialAction\":[{\"@type\":\"SearchAction\",\"target\":{\"@type\":\"EntryPoint\",\"urlTemplate\":\"https:\/\/darshion.com\/?s={search_term_string}\"},\"query-input\":{\"@type\":\"PropertyValueSpecification\",\"valueRequired\":true,\"valueName\":\"search_term_string\"}}],\"inLanguage\":\"de\"},{\"@type\":\"Organization\",\"@id\":\"https:\/\/darshion.com\/#organization\",\"name\":\"darshion\",\"url\":\"https:\/\/darshion.com\/\",\"logo\":{\"@type\":\"ImageObject\",\"inLanguage\":\"de\",\"@id\":\"https:\/\/darshion.com\/#\/schema\/logo\/image\/\",\"url\":\"https:\/\/darshion.com\/wp-content\/uploads\/2023\/09\/01-1.png\",\"contentUrl\":\"https:\/\/darshion.com\/wp-content\/uploads\/2023\/09\/01-1.png\",\"width\":350,\"height\":100,\"caption\":\"darshion\"},\"image\":{\"@id\":\"https:\/\/darshion.com\/#\/schema\/logo\/image\/\"}}]}<\/script>\n<!-- \/ Yoast SEO Premium plugin. -->","yoast_head_json":{"title":"Verriegelung Rand Gaming Mousepad benutzerdefinierte Muster Lieferant - darshion","robots":{"index":"index","follow":"follow","max-snippet":"max-snippet:-1","max-image-preview":"max-image-preview:large","max-video-preview":"max-video-preview:-1"},"canonical":"https:\/\/darshion.com\/de\/produkt\/gaming-mousepads\/","og_locale":"de_DE","og_type":"article","og_title":"Locking Edge Gaming Mousepad Custom Pattern Supplier","og_description":"China Gaming Mousepad Computer Deskmat Non-Slip Manufacturer","og_url":"https:\/\/darshion.com\/de\/produkt\/gaming-mousepads\/","og_site_name":"darshion","article_modified_time":"2024-06-28T01:32:24+00:00","og_image":[{"width":720,"height":720,"url":"https:\/\/darshion.com\/wp-content\/uploads\/2023\/10\/1.webp","type":"image\/webp"}],"twitter_card":"summary_large_image","twitter_misc":{"Gesch\u00e4tzte Lesezeit":"2\u00a0Minuten"},"schema":{"@context":"https:\/\/schema.org","@graph":[{"@type":"WebPage","@id":"https:\/\/darshion.com\/product\/gaming-mousepads\/","url":"https:\/\/darshion.com\/product\/gaming-mousepads\/","name":"Verriegelung Rand Gaming Mousepad benutzerdefinierte Muster Lieferant - darshion","isPartOf":{"@id":"https:\/\/darshion.com\/#website"},"primaryImageOfPage":{"@id":"https:\/\/darshion.com\/product\/gaming-mousepads\/#primaryimage"},"image":{"@id":"https:\/\/darshion.com\/product\/gaming-mousepads\/#primaryimage"},"thumbnailUrl":"https:\/\/darshion.com\/wp-content\/uploads\/2023\/10\/1.webp","datePublished":"2023-10-06T03:52:02+00:00","dateModified":"2024-06-28T01:32:24+00:00","breadcrumb":{"@id":"https:\/\/darshion.com\/product\/gaming-mousepads\/#breadcrumb"},"inLanguage":"de","potentialAction":[{"@type":"ReadAction","target":["https:\/\/darshion.com\/product\/gaming-mousepads\/"]}]},{"@type":"ImageObject","inLanguage":"de","@id":"https:\/\/darshion.com\/product\/gaming-mousepads\/#primaryimage","url":"https:\/\/darshion.com\/wp-content\/uploads\/2023\/10\/1.webp","contentUrl":"https:\/\/darshion.com\/wp-content\/uploads\/2023\/10\/1.webp","width":720,"height":720},{"@type":"BreadcrumbList","@id":"https:\/\/darshion.com\/product\/gaming-mousepads\/#breadcrumb","itemListElement":[{"@type":"ListItem","position":1,"name":"\u9996\u9875","item":"https:\/\/darshion.com\/"},{"@type":"ListItem","position":2,"name":"PRODUCT","item":"https:\/\/darshion.com\/pt\/product\/"},{"@type":"ListItem","position":3,"name":"Locking Edge Gaming Mousepad Custom Pattern Supplier"}]},{"@type":"WebSite","@id":"https:\/\/darshion.com\/#website","url":"https:\/\/darshion.com\/","name":"darshion","description":"14 Jahre Erfahrung, Qualit\u00e4tssicherung, innovatives Design","publisher":{"@id":"https:\/\/darshion.com\/#organization"},"potentialAction":[{"@type":"SearchAction","target":{"@type":"EntryPoint","urlTemplate":"https:\/\/darshion.com\/?s={search_term_string}"},"query-input":{"@type":"PropertyValueSpecification","valueRequired":true,"valueName":"search_term_string"}}],"inLanguage":"de"},{"@type":"Organization","@id":"https:\/\/darshion.com\/#organization","name":"darshion","url":"https:\/\/darshion.com\/","logo":{"@type":"ImageObject","inLanguage":"de","@id":"https:\/\/darshion.com\/#\/schema\/logo\/image\/","url":"https:\/\/darshion.com\/wp-content\/uploads\/2023\/09\/01-1.png","contentUrl":"https:\/\/darshion.com\/wp-content\/uploads\/2023\/09\/01-1.png","width":350,"height":100,"caption":"darshion"},"image":{"@id":"https:\/\/darshion.com\/#\/schema\/logo\/image\/"}}]}},"_links":{"self":[{"href":"https:\/\/darshion.com\/de\/wp-json\/wp\/v2\/product\/999"}],"collection":[{"href":"https:\/\/darshion.com\/de\/wp-json\/wp\/v2\/product"}],"about":[{"href":"https:\/\/darshion.com\/de\/wp-json\/wp\/v2\/types\/product"}],"replies":[{"embeddable":true,"href":"https:\/\/darshion.com\/de\/wp-json\/wp\/v2\/comments?post=999"}],"wp:featuredmedia":[{"embeddable":true,"href":"https:\/\/darshion.com\/de\/wp-json\/wp\/v2\/media\/1000"}],"wp:attachment":[{"href":"https:\/\/darshion.com\/de\/wp-json\/wp\/v2\/media?parent=999"}],"wp:term":[{"taxonomy":"product_cat","embeddable":true,"href":"https:\/\/darshion.com\/de\/wp-json\/wp\/v2\/product_cat?post=999"},{"taxonomy":"product_tag","embeddable":true,"href":"https:\/\/darshion.com\/de\/wp-json\/wp\/v2\/product_tag?post=999"}],"curies":[{"name":"wp","href":"https:\/\/api.w.org\/{rel}","templated":true}]}}