{"id":1402,"date":"2023-10-25T12:01:40","date_gmt":"2023-10-25T04:01:40","guid":{"rendered":"https:\/\/darshion.com\/?post_type=product&#038;p=1402"},"modified":"2024-06-28T09:32:23","modified_gmt":"2024-06-28T01:32:23","slug":"custom-gaming-mouse-pads","status":"publish","type":"product","link":"https:\/\/darshion.com\/es\/producto\/custom-gaming-mouse-pads\/","title":{"rendered":"alfombrilla de rat\u00f3n personalizada para juegos Lock edge Proveedor"},"content":{"rendered":"<p><strong data-spm-anchor-id=\"a2g0o.detail.1000023.i0.2dba4611eeJYtX\">Caracter\u00edsticas:<\/strong><\/p>\n<p>*Bordes cosidos duraderos: Esta alfombrilla de rat\u00f3n tiene bordes delicados que pueden evitar el desgaste. Garantiza un uso prolongado sin deformarse ni desgomarse.<\/p>\n<div>*Superficie lisa : La textura es m\u00e1s densa. El rat\u00f3n se puede mover r\u00e1pidamente y se coloca con precisi\u00f3n para garantizar un control m\u00e1s suave del rat\u00f3n . Perfecto para su ordenador port\u00e1til, ordenador y PC.<\/div>\n<div>*Base de goma antideslizante : La base de goma natural antideslizante y de sombreado denso puede agarrarse firmemente al escritorio. Material suave de primera calidad para su comodidad y control del rat\u00f3n.<\/div>\n<div>*Dise\u00f1o lavable y previene la decoloraci\u00f3n : Esta alfombrilla de rat\u00f3n est\u00e1 hecha de lo que tiene un gran efecto de bloqueo-color. Las manchas de l\u00edquido se pueden limpiar con agua para un uso continuo. Y no se desvanecer\u00e1 con la limpieza repetida.<\/div>\n<div>*Color : Nos esforzamos por ofrecer las impresiones m\u00e1s coloridas. Utilizamos 6 colores para la impresi\u00f3n, mientras que la mayor\u00eda de los competidores utilizan 4 colores, y utilizamos una mezcla patentada de CMYK y colores de ne\u00f3n para crear la gama de colores m\u00e1s amplia posible.<br \/>\n*Proceso de impresi\u00f3n: Nuestra alfombrilla de rat\u00f3n se imprime y produce con la ayuda del prensado en caliente y la sublimaci\u00f3n de tinta, que es el proceso de convertir s\u00f3lidos en gases. La alta temperatura de la prensa de impresi\u00f3n convierte la tinta en gas y se une con el material de poli\u00e9ster liso que forma la parte superior de la alfombrilla de rat\u00f3n, por lo que no tiene que preocuparse de que el dise\u00f1o se despegue o se decolore.<\/div>\n<div>*Aplicabilidad amplia : Disponible para todo tipo de ratones, l\u00e1ser y \u00f3pticos. Tama\u00f1o ideal para el uso diario.<\/div>\n<div><strong>Especificaciones:<\/strong><\/div>\n<div>Material : Goma+ tela<\/div>\n<div>Sizes : 30x60cm,30x70cm,30x80cm,40x70cm,40x80cm,40x90cm,50x100cm<\/div>\n<div>Espesor : 2\/3\/4\/5mm<\/div>\n<div>Contenido del paquete: 1 alfombrilla de rat\u00f3n<\/div>\n<div>Nota : Al abrir el paquete, a veces se percibe un ligero olor a goma, lo cual es normal, y desaparecer\u00e1 en unos d\u00edas.<\/div>\n<div>Tras el transporte a larga distancia, la desviaci\u00f3n del tama\u00f1o es de 0,5-1,5 cm, que es un fen\u00f3meno normal.Gracias por su comprensi\u00f3n.<\/div>","protected":false},"excerpt":{"rendered":"<p>Personalizada Art Gaming Alfombrilla de rat\u00f3n Gamer Gran tapis de souris anime Caucho Borde de bloqueo Gran ordenador alfombrilla de rat\u00f3n Alfombrilla de escritorio del ordenador port\u00e1til<\/p>","protected":false},"featured_media":1405,"comment_status":"open","ping_status":"closed","template":"","meta":{"_monsterinsights_skip_tracking":false,"_monsterinsights_sitenote_active":false,"_monsterinsights_sitenote_note":"","_monsterinsights_sitenote_category":0},"product_cat":[100],"product_tag":[107,134,103],"yoast_head":"<!-- This site is optimized with the Yoast SEO Premium plugin v22.9 (Yoast SEO v24.0) - https:\/\/yoast.com\/wordpress\/plugins\/seo\/ -->\n<title>custom Gaming Mouse pad Lock edge Supplier - darshion<\/title>\n<meta name=\"robots\" content=\"index, follow, max-snippet:-1, max-image-preview:large, max-video-preview:-1\" \/>\n<link rel=\"canonical\" href=\"https:\/\/darshion.com\/es\/producto\/custom-gaming-mouse-pads\/\" \/>\n<meta property=\"og:locale\" content=\"es_ES\" \/>\n<meta property=\"og:type\" content=\"article\" \/>\n<meta property=\"og:title\" content=\"custom Gaming Mouse pad Lock edge Supplier\" \/>\n<meta property=\"og:description\" content=\"Personalized Art Gaming Mouse Pad Gamer Large tapis de souris anime Rubber Locking Edge Big Computer Mousepad Laptop Desk Mat\" \/>\n<meta property=\"og:url\" content=\"https:\/\/darshion.com\/es\/producto\/custom-gaming-mouse-pads\/\" \/>\n<meta property=\"og:site_name\" content=\"darshion\" \/>\n<meta property=\"article:modified_time\" content=\"2024-06-28T01:32:23+00:00\" \/>\n<meta property=\"og:image\" content=\"https:\/\/darshion.com\/wp-content\/uploads\/2023\/10\/Large-Custom-Mouse-pad-900x400-1200x600-Desk-Mat-Anime-Gaming-Mousepad-xxl-xl-Lock-edge-Game.jpg_.webp.jpg\" \/>\n\t<meta property=\"og:image:width\" content=\"800\" \/>\n\t<meta property=\"og:image:height\" content=\"800\" \/>\n\t<meta property=\"og:image:type\" content=\"image\/jpeg\" \/>\n<meta name=\"twitter:card\" content=\"summary_large_image\" \/>\n<meta name=\"twitter:label1\" content=\"Tiempo de lectura\" \/>\n\t<meta name=\"twitter:data1\" content=\"1 minuto\" \/>\n<script type=\"application\/ld+json\" class=\"yoast-schema-graph\">{\"@context\":\"https:\/\/schema.org\",\"@graph\":[{\"@type\":\"WebPage\",\"@id\":\"https:\/\/darshion.com\/product\/custom-gaming-mouse-pads\/\",\"url\":\"https:\/\/darshion.com\/product\/custom-gaming-mouse-pads\/\",\"name\":\"custom Gaming Mouse pad Lock edge Supplier - darshion\",\"isPartOf\":{\"@id\":\"https:\/\/darshion.com\/#website\"},\"primaryImageOfPage\":{\"@id\":\"https:\/\/darshion.com\/product\/custom-gaming-mouse-pads\/#primaryimage\"},\"image\":{\"@id\":\"https:\/\/darshion.com\/product\/custom-gaming-mouse-pads\/#primaryimage\"},\"thumbnailUrl\":\"https:\/\/darshion.com\/wp-content\/uploads\/2023\/10\/Large-Custom-Mouse-pad-900x400-1200x600-Desk-Mat-Anime-Gaming-Mousepad-xxl-xl-Lock-edge-Game.jpg_.webp.jpg\",\"datePublished\":\"2023-10-25T04:01:40+00:00\",\"dateModified\":\"2024-06-28T01:32:23+00:00\",\"breadcrumb\":{\"@id\":\"https:\/\/darshion.com\/product\/custom-gaming-mouse-pads\/#breadcrumb\"},\"inLanguage\":\"es\",\"potentialAction\":[{\"@type\":\"ReadAction\",\"target\":[\"https:\/\/darshion.com\/product\/custom-gaming-mouse-pads\/\"]}]},{\"@type\":\"ImageObject\",\"inLanguage\":\"es\",\"@id\":\"https:\/\/darshion.com\/product\/custom-gaming-mouse-pads\/#primaryimage\",\"url\":\"https:\/\/darshion.com\/wp-content\/uploads\/2023\/10\/Large-Custom-Mouse-pad-900x400-1200x600-Desk-Mat-Anime-Gaming-Mousepad-xxl-xl-Lock-edge-Game.jpg_.webp.jpg\",\"contentUrl\":\"https:\/\/darshion.com\/wp-content\/uploads\/2023\/10\/Large-Custom-Mouse-pad-900x400-1200x600-Desk-Mat-Anime-Gaming-Mousepad-xxl-xl-Lock-edge-Game.jpg_.webp.jpg\",\"width\":800,\"height\":800},{\"@type\":\"BreadcrumbList\",\"@id\":\"https:\/\/darshion.com\/product\/custom-gaming-mouse-pads\/#breadcrumb\",\"itemListElement\":[{\"@type\":\"ListItem\",\"position\":1,\"name\":\"\u9996\u9875\",\"item\":\"https:\/\/darshion.com\/\"},{\"@type\":\"ListItem\",\"position\":2,\"name\":\"PRODUCT\",\"item\":\"https:\/\/darshion.com\/pt\/product\/\"},{\"@type\":\"ListItem\",\"position\":3,\"name\":\"custom Gaming Mouse pad Lock edge Supplier\"}]},{\"@type\":\"WebSite\",\"@id\":\"https:\/\/darshion.com\/#website\",\"url\":\"https:\/\/darshion.com\/\",\"name\":\"darshion\",\"description\":\"14 Years of Experience, Quality Assurance, Innovative Design\",\"publisher\":{\"@id\":\"https:\/\/darshion.com\/#organization\"},\"potentialAction\":[{\"@type\":\"SearchAction\",\"target\":{\"@type\":\"EntryPoint\",\"urlTemplate\":\"https:\/\/darshion.com\/?s={search_term_string}\"},\"query-input\":{\"@type\":\"PropertyValueSpecification\",\"valueRequired\":true,\"valueName\":\"search_term_string\"}}],\"inLanguage\":\"es\"},{\"@type\":\"Organization\",\"@id\":\"https:\/\/darshion.com\/#organization\",\"name\":\"darshion\",\"url\":\"https:\/\/darshion.com\/\",\"logo\":{\"@type\":\"ImageObject\",\"inLanguage\":\"es\",\"@id\":\"https:\/\/darshion.com\/#\/schema\/logo\/image\/\",\"url\":\"https:\/\/darshion.com\/wp-content\/uploads\/2023\/09\/01-1.png\",\"contentUrl\":\"https:\/\/darshion.com\/wp-content\/uploads\/2023\/09\/01-1.png\",\"width\":350,\"height\":100,\"caption\":\"darshion\"},\"image\":{\"@id\":\"https:\/\/darshion.com\/#\/schema\/logo\/image\/\"}}]}<\/script>\n<!-- \/ Yoast SEO Premium plugin. -->","yoast_head_json":{"title":"alfombrilla de rat\u00f3n personalizada Gaming Lock borde Proveedor - darshion","robots":{"index":"index","follow":"follow","max-snippet":"max-snippet:-1","max-image-preview":"max-image-preview:large","max-video-preview":"max-video-preview:-1"},"canonical":"https:\/\/darshion.com\/es\/producto\/custom-gaming-mouse-pads\/","og_locale":"es_ES","og_type":"article","og_title":"custom Gaming Mouse pad Lock edge Supplier","og_description":"Personalized Art Gaming Mouse Pad Gamer Large tapis de souris anime Rubber Locking Edge Big Computer Mousepad Laptop Desk Mat","og_url":"https:\/\/darshion.com\/es\/producto\/custom-gaming-mouse-pads\/","og_site_name":"darshion","article_modified_time":"2024-06-28T01:32:23+00:00","og_image":[{"width":800,"height":800,"url":"https:\/\/darshion.com\/wp-content\/uploads\/2023\/10\/Large-Custom-Mouse-pad-900x400-1200x600-Desk-Mat-Anime-Gaming-Mousepad-xxl-xl-Lock-edge-Game.jpg_.webp.jpg","type":"image\/jpeg"}],"twitter_card":"summary_large_image","twitter_misc":{"Tiempo de lectura":"1 minuto"},"schema":{"@context":"https:\/\/schema.org","@graph":[{"@type":"WebPage","@id":"https:\/\/darshion.com\/product\/custom-gaming-mouse-pads\/","url":"https:\/\/darshion.com\/product\/custom-gaming-mouse-pads\/","name":"alfombrilla de rat\u00f3n personalizada Gaming Lock borde Proveedor - darshion","isPartOf":{"@id":"https:\/\/darshion.com\/#website"},"primaryImageOfPage":{"@id":"https:\/\/darshion.com\/product\/custom-gaming-mouse-pads\/#primaryimage"},"image":{"@id":"https:\/\/darshion.com\/product\/custom-gaming-mouse-pads\/#primaryimage"},"thumbnailUrl":"https:\/\/darshion.com\/wp-content\/uploads\/2023\/10\/Large-Custom-Mouse-pad-900x400-1200x600-Desk-Mat-Anime-Gaming-Mousepad-xxl-xl-Lock-edge-Game.jpg_.webp.jpg","datePublished":"2023-10-25T04:01:40+00:00","dateModified":"2024-06-28T01:32:23+00:00","breadcrumb":{"@id":"https:\/\/darshion.com\/product\/custom-gaming-mouse-pads\/#breadcrumb"},"inLanguage":"es","potentialAction":[{"@type":"ReadAction","target":["https:\/\/darshion.com\/product\/custom-gaming-mouse-pads\/"]}]},{"@type":"ImageObject","inLanguage":"es","@id":"https:\/\/darshion.com\/product\/custom-gaming-mouse-pads\/#primaryimage","url":"https:\/\/darshion.com\/wp-content\/uploads\/2023\/10\/Large-Custom-Mouse-pad-900x400-1200x600-Desk-Mat-Anime-Gaming-Mousepad-xxl-xl-Lock-edge-Game.jpg_.webp.jpg","contentUrl":"https:\/\/darshion.com\/wp-content\/uploads\/2023\/10\/Large-Custom-Mouse-pad-900x400-1200x600-Desk-Mat-Anime-Gaming-Mousepad-xxl-xl-Lock-edge-Game.jpg_.webp.jpg","width":800,"height":800},{"@type":"BreadcrumbList","@id":"https:\/\/darshion.com\/product\/custom-gaming-mouse-pads\/#breadcrumb","itemListElement":[{"@type":"ListItem","position":1,"name":"\u9996\u9875","item":"https:\/\/darshion.com\/"},{"@type":"ListItem","position":2,"name":"PRODUCT","item":"https:\/\/darshion.com\/pt\/product\/"},{"@type":"ListItem","position":3,"name":"custom Gaming Mouse pad Lock edge Supplier"}]},{"@type":"WebSite","@id":"https:\/\/darshion.com\/#website","url":"https:\/\/darshion.com\/","name":"darshion","description":"14 a\u00f1os de experiencia, garant\u00eda de calidad, dise\u00f1o innovador","publisher":{"@id":"https:\/\/darshion.com\/#organization"},"potentialAction":[{"@type":"SearchAction","target":{"@type":"EntryPoint","urlTemplate":"https:\/\/darshion.com\/?s={search_term_string}"},"query-input":{"@type":"PropertyValueSpecification","valueRequired":true,"valueName":"search_term_string"}}],"inLanguage":"es"},{"@type":"Organization","@id":"https:\/\/darshion.com\/#organization","name":"darshion","url":"https:\/\/darshion.com\/","logo":{"@type":"ImageObject","inLanguage":"es","@id":"https:\/\/darshion.com\/#\/schema\/logo\/image\/","url":"https:\/\/darshion.com\/wp-content\/uploads\/2023\/09\/01-1.png","contentUrl":"https:\/\/darshion.com\/wp-content\/uploads\/2023\/09\/01-1.png","width":350,"height":100,"caption":"darshion"},"image":{"@id":"https:\/\/darshion.com\/#\/schema\/logo\/image\/"}}]}},"_links":{"self":[{"href":"https:\/\/darshion.com\/es\/wp-json\/wp\/v2\/product\/1402"}],"collection":[{"href":"https:\/\/darshion.com\/es\/wp-json\/wp\/v2\/product"}],"about":[{"href":"https:\/\/darshion.com\/es\/wp-json\/wp\/v2\/types\/product"}],"replies":[{"embeddable":true,"href":"https:\/\/darshion.com\/es\/wp-json\/wp\/v2\/comments?post=1402"}],"wp:featuredmedia":[{"embeddable":true,"href":"https:\/\/darshion.com\/es\/wp-json\/wp\/v2\/media\/1405"}],"wp:attachment":[{"href":"https:\/\/darshion.com\/es\/wp-json\/wp\/v2\/media?parent=1402"}],"wp:term":[{"taxonomy":"product_cat","embeddable":true,"href":"https:\/\/darshion.com\/es\/wp-json\/wp\/v2\/product_cat?post=1402"},{"taxonomy":"product_tag","embeddable":true,"href":"https:\/\/darshion.com\/es\/wp-json\/wp\/v2\/product_tag?post=1402"}],"curies":[{"name":"wp","href":"https:\/\/api.w.org\/{rel}","templated":true}]}}