{"id":2185,"date":"2024-05-16T16:57:11","date_gmt":"2024-05-16T08:57:11","guid":{"rendered":"https:\/\/darshion.com\/?post_type=product&#038;p=2185"},"modified":"2024-07-06T09:49:32","modified_gmt":"2024-07-06T01:49:32","slug":"chair-mats-factory","status":"publish","type":"product","link":"https:\/\/darshion.com\/es\/producto\/chair-mats-factory\/","title":{"rendered":"Antideslizante Redondo De Caucho Gaming Silla Esteras F\u00e1brica"},"content":{"rendered":"<div class=\"celwidget aplus-module 3p-module-b aplus-standard\" data-csa-c-id=\"ix3dej-x4kscu-p3udkf-htlicl\" data-cel-widget=\"aplus-3p-module-b\">\n<div class=\"aplus-module-wrapper aplus-3p-fixed-width\">\n<h3 class=\"a-spacing-mini\">\u00a0Alfombrilla antideslizante para suelos de madera<\/h3>\n<p>\u3010Custom Size Round Gaming Chair Mats Factory\u3011\uff1a2mm de espesor almohadillas de silla de ordenador est\u00e1n dise\u00f1ados para ser fresco para salas de juegos,Gran tama\u00f1o personalizado y suave superficie de tela de microfibra de poli\u00e9ster permite que las ruedas de la silla de ordenador se deslicen libremente.<br \/>\n\u3010Anti-Slip Rubber Chair Mats Factory for Hardwood\u3011\uff1a alfombrilla redonda para silla de ordenador de juegos est\u00e1 hecha de caucho natural y tejido de microfibra de poli\u00e9ster,el dise\u00f1o de la parte inferior de goma proporciona estabilidad y mantiene la alfombrilla firmemente en su lugar-protecci\u00f3n de seguridad.<br \/>\n\u3010Game Controller Design Chair Mats Factory\u3011: Cool Game Controller dise\u00f1o a\u00f1adir diversi\u00f3n a su sala de juegos y Esta estera silla de piso duro est\u00e1 dise\u00f1ado para su silla de juego para proteger sus pisos duros de todo tipo de ara\u00f1azos o hendiduras causadas por las ruedas de la silla y ayudar a reducir el ruido de la superficie del piso duro.Hacer su experiencia de juego m\u00e1s agradable maravilloso.<br \/>\n\u3010Durable Protective Desk Chair Mats Factory\u3011:El material suave y de alta calidad y el dise\u00f1o del patr\u00f3n hacen que esta alfombra de piso redonda se adapte flexiblemente a diversos escenarios de la vida, como la oficina, la sala de juegos, el gimnasio, la sala de estar, el dormitorio, tambi\u00e9n puede hacer VR alfombras de juego, alfombras de yoga, alfombra de juego para ni\u00f1os, alfombra de decoraci\u00f3n de la habitaci\u00f3n de los ni\u00f1os, alfombras para mascotas, Gran regalo para gamer, ni\u00f1os.<br \/>\n\u3010Quick Sample\u3011: Podemos organizar muestras el mismo d\u00eda tan pronto como sea posible.<\/p>\n<p><img fetchpriority=\"high\" decoding=\"async\" class=\"size-full wp-image-2230\" src=\"https:\/\/darshion.com\/wp-content\/uploads\/2024\/05\/aio7j-wgimi.webp\" alt=\"Chair Mats Factory\" width=\"970\" height=\"600\" srcset=\"https:\/\/darshion.com\/wp-content\/uploads\/2024\/05\/aio7j-wgimi.webp 970w, https:\/\/darshion.com\/wp-content\/uploads\/2024\/05\/aio7j-wgimi-300x186.webp 300w, https:\/\/darshion.com\/wp-content\/uploads\/2024\/05\/aio7j-wgimi-768x475.webp 768w, https:\/\/darshion.com\/wp-content\/uploads\/2024\/05\/aio7j-wgimi-600x371.webp 600w\" sizes=\"(max-width: 970px) 100vw, 970px\" \/><\/p>\n<\/div>\n<\/div>\n<div class=\"celwidget aplus-module module-2 aplus-standard\" data-csa-c-id=\"fzxhh3-588f6e-mylyb9-23ld9s\" data-cel-widget=\"aplus-module-2\">\n<div class=\"aplus-module-wrapper apm-floatnone apm-fixed-width\">\n<div class=\"apm-sidemodule apm-spacing\">\n<div class=\"apm-sidemodule-imageleft\"><img decoding=\"async\" class=\"alignleft\" src=\"https:\/\/m.media-amazon.com\/images\/S\/aplus-media-library-service-media\/c49fade5-5406-45b3-b202-35b7aa69c0d5.__CR0,0,600,600_PT0_SX300_V1___.jpg\" alt=\"Chair Mat\" data-src=\"https:\/\/m.media-amazon.com\/images\/S\/aplus-media-library-service-media\/c49fade5-5406-45b3-b202-35b7aa69c0d5.__CR0,0,600,600_PT0_SX300_V1___.jpg\" data-wp-editing=\"1\" \/><\/div>\n<div class=\"apm-sidemodule-textright\">\n<h3 class=\"a-spacing-mini\">ESPECIFICACI\u00d3N<\/h3>\n<p>&nbsp;<\/p>\n<p><span class=\"a-list-item\">Tama\u00f1o : 47\u00d747 pulgadas<\/span><\/p>\n<ul class=\"a-unordered-list a-vertical\">\n<li><span class=\"a-list-item\">Material : Tejido de microfibra de poli\u00e9ster+Fondo de goma<\/span><\/li>\n<li><span class=\"a-list-item\">Color : Colorido<\/span><\/li>\n<li><span class=\"a-list-item\">Estilo : Zona de juegos<\/span><\/li>\n<li><span class=\"a-list-item\">Tipo: Bajo pelo 2mm<\/span><\/li>\n<li><span class=\"a-list-item\">Instrucciones de cuidado : Limpiar regularmente con aspiradora<\/span><\/li>\n<li><span class=\"a-list-item\">Uso vers\u00e1til: Excelente para sala de juegos, oficina en casa, gimnasio, sala de estar, dormitorio, tambi\u00e9n puede hacer VR alfombras de juego, colchonetas de yoga, alfombra de juego de los ni\u00f1os, alfombra de decoraci\u00f3n de la habitaci\u00f3n de los ni\u00f1os, esteras del animal dom\u00e9stico, gran regalo para el jugador, los ni\u00f1os.<\/span><\/li>\n<li><span class=\"a-list-item\"><span class=\"a-text-bold\">Nota :<\/span>\u00a0<span class=\"a-text-bold\"><span class=\"a-text-italic\">Puede haber arrugas en la estera debido al paquete doblado, no se preocupe y simplemente ponerlo plano con paciencia durante 1 a 2 d\u00edas para eliminar las arrugas<\/span><\/span><\/span><\/li>\n<\/ul>\n<p>&nbsp;<\/p>\n<\/div>\n<\/div>\n<\/div>\n<div><\/div>\n<\/div>\n<div class=\"celwidget aplus-module 3p-module-b aplus-standard\" data-csa-c-id=\"dqcm5z-9pxn3f-kpstrl-nsx20o\" data-cel-widget=\"aplus-3p-module-b\">\n<div class=\"aplus-module-wrapper aplus-3p-fixed-width\">\n<p><img decoding=\"async\" class=\"size-full wp-image-2231\" src=\"https:\/\/darshion.com\/wp-content\/uploads\/2024\/05\/a3fy4-6tz9o.webp\" alt=\"Chair Mats Factory\" width=\"970\" height=\"600\" srcset=\"https:\/\/darshion.com\/wp-content\/uploads\/2024\/05\/a3fy4-6tz9o.webp 970w, https:\/\/darshion.com\/wp-content\/uploads\/2024\/05\/a3fy4-6tz9o-300x186.webp 300w, https:\/\/darshion.com\/wp-content\/uploads\/2024\/05\/a3fy4-6tz9o-768x475.webp 768w, https:\/\/darshion.com\/wp-content\/uploads\/2024\/05\/a3fy4-6tz9o-600x371.webp 600w\" sizes=\"(max-width: 970px) 100vw, 970px\" \/><\/p>\n<\/div>\n<\/div>\n<div class=\"celwidget aplus-module module-9 aplus-standard\" data-csa-c-id=\"l56t9i-od38gu-ishykx-b5z7nc\" data-cel-widget=\"aplus-module-9\">\n<div class=\"aplus-module-wrapper apm-fixed-width\">\n<div class=\"apm-spacing apm-fixed-width\">\n<h3 class=\"a-spacing-small\">Alfombrilla de goma para silla de ordenador Protector de suelo<\/h3>\n<table class=\"apm-fixed-width apm-eventhirdcol-table\">\n<tbody>\n<tr>\n<th class=\"apm-center\">\n<div class=\"apm-eventhirdcol apm-floatleft\">\n<p><img decoding=\"async\" class=\"a-spacing-mini\" src=\"https:\/\/m.media-amazon.com\/images\/S\/aplus-media-library-service-media\/9cdc6082-9052-4bef-992f-4c00b545d5fa.__CR0,0,600,600_PT0_SX300_V1___.jpg\" alt=\"Chair Mat\" data-src=\"https:\/\/m.media-amazon.com\/images\/S\/aplus-media-library-service-media\/9cdc6082-9052-4bef-992f-4c00b545d5fa.__CR0,0,600,600_PT0_SX300_V1___.jpg\" \/><\/p>\n<\/div>\n<\/th>\n<th class=\"apm-center\">\n<div class=\"apm-eventhirdcol apm-floatleft\">\n<p><img decoding=\"async\" class=\"a-spacing-mini\" src=\"https:\/\/m.media-amazon.com\/images\/S\/aplus-media-library-service-media\/344fd103-480a-4eff-8082-348a15b882fc.__CR0,0,600,600_PT0_SX300_V1___.jpg\" alt=\"Non Slip Chair Mat\" data-src=\"https:\/\/m.media-amazon.com\/images\/S\/aplus-media-library-service-media\/344fd103-480a-4eff-8082-348a15b882fc.__CR0,0,600,600_PT0_SX300_V1___.jpg\" \/><\/p>\n<\/div>\n<\/th>\n<th class=\"apm-center\">\n<div class=\"apm-eventhirdcol apm-floatleft\">\n<p><img decoding=\"async\" class=\"a-spacing-mini\" src=\"https:\/\/m.media-amazon.com\/images\/S\/aplus-media-library-service-media\/5e9dd705-8dd7-4651-aa82-678ef9bb6588.__CR0,0,600,600_PT0_SX300_V1___.jpg\" alt=\"chair mat\" data-src=\"https:\/\/m.media-amazon.com\/images\/S\/aplus-media-library-service-media\/5e9dd705-8dd7-4651-aa82-678ef9bb6588.__CR0,0,600,600_PT0_SX300_V1___.jpg\" \/><\/p>\n<\/div>\n<\/th>\n<\/tr>\n<tr>\n<td class=\"apm-top\">\n<div class=\"apm-eventhirdcol apm-floatleft\">\n<h4 class=\"a-spacing-mini\">Superficie lisa<\/h4>\n<p>&nbsp;<\/p>\n<ul class=\"a-unordered-list a-vertical\">\n<li><span class=\"a-list-item\">M\u00e1s suave y silencioso<\/span><\/li>\n<li><span class=\"a-list-item\">Dise\u00f1o de pelo bajo de 2 mm<\/span><\/li>\n<li><span class=\"a-list-item\">Doble dobladillo<\/span><\/li>\n<li><span class=\"a-list-item\">Resistente a los ara\u00f1azos<\/span><\/li>\n<\/ul>\n<p>&nbsp;<\/p>\n<\/div>\n<\/td>\n<td class=\"apm-top\">\n<div class=\"apm-eventhirdcol apm-floatleft\">\n<h4 class=\"a-spacing-mini\">Soporte de goma antideslizante<\/h4>\n<p>&nbsp;<\/p>\n<ul class=\"a-unordered-list a-vertical\">\n<li><span class=\"a-list-item\">Soporte antideslizante<\/span><\/li>\n<li><span class=\"a-list-item\">Llevar suficiente agarre al suelo<\/span><\/li>\n<li><span class=\"a-list-item\">Apto para suelos de madera, m\u00e1rmol y baldosas.<\/span><\/li>\n<\/ul>\n<p>&nbsp;<\/p>\n<\/div>\n<\/td>\n<td class=\"apm-top\">\n<div class=\"apm-eventhirdcol apm-floatleft\">\n<h4 class=\"a-spacing-mini\">F\u00e1cil de limpiar<\/h4>\n<p>&nbsp;<\/p>\n<ul class=\"a-unordered-list a-vertical\">\n<li><span class=\"a-list-item\">Utilizar la aspiradora para limpiarlo regularmente<\/span><\/li>\n<li><span class=\"a-list-item\">Limpiar con un pa\u00f1o h\u00famedo<\/span><\/li>\n<\/ul>\n<p>&nbsp;<\/p>\n<\/div>\n<\/td>\n<\/tr>\n<\/tbody>\n<\/table>\n<\/div>\n<\/div>\n<div><\/div>\n<\/div>\n<div class=\"celwidget aplus-module module-9 aplus-standard\" data-csa-c-id=\"z9yuvq-j25pux-ucjnf7-sql50e\" data-cel-widget=\"aplus-module-9\">\n<div class=\"aplus-module-wrapper apm-fixed-width\">\n<div class=\"apm-spacing apm-fixed-width\">\n<h3 class=\"a-spacing-small\">Yincimar Gaming Chair Mat para Home Office Gaming Room VR Gaming Mat<\/h3>\n<table class=\"apm-fixed-width apm-eventhirdcol-table\">\n<tbody>\n<tr>\n<th class=\"apm-center\">\n<div class=\"apm-eventhirdcol apm-floatleft\">\n<p><img decoding=\"async\" class=\"a-spacing-mini\" src=\"https:\/\/m.media-amazon.com\/images\/S\/aplus-media-library-service-media\/411a0f84-f836-4b33-907f-40102cd961c2.__CR0,0,600,600_PT0_SX300_V1___.jpg\" alt=\"Gaming Chair Mat\" data-src=\"https:\/\/m.media-amazon.com\/images\/S\/aplus-media-library-service-media\/411a0f84-f836-4b33-907f-40102cd961c2.__CR0,0,600,600_PT0_SX300_V1___.jpg\" \/><\/p>\n<\/div>\n<\/th>\n<th class=\"apm-center\">\n<div class=\"apm-eventhirdcol apm-floatleft\">\n<p><img decoding=\"async\" class=\"a-spacing-mini\" src=\"https:\/\/m.media-amazon.com\/images\/S\/aplus-media-library-service-media\/12f4a4f1-da13-4bf7-937a-a77f4ab73704.__CR0,0,600,600_PT0_SX300_V1___.jpg\" alt=\"Home Office Decor\" data-src=\"https:\/\/m.media-amazon.com\/images\/S\/aplus-media-library-service-media\/12f4a4f1-da13-4bf7-937a-a77f4ab73704.__CR0,0,600,600_PT0_SX300_V1___.jpg\" \/><\/p>\n<\/div>\n<\/th>\n<th class=\"apm-center\">\n<div class=\"apm-eventhirdcol apm-floatleft\">\n<p><img decoding=\"async\" class=\"a-spacing-mini\" src=\"https:\/\/m.media-amazon.com\/images\/S\/aplus-media-library-service-media\/6c036462-88c6-4880-a2b6-d4c52616bb2e.__CR0,0,600,600_PT0_SX300_V1___.jpg\" alt=\"RV Gaming Mat\" data-src=\"https:\/\/m.media-amazon.com\/images\/S\/aplus-media-library-service-media\/6c036462-88c6-4880-a2b6-d4c52616bb2e.__CR0,0,600,600_PT0_SX300_V1___.jpg\" \/><\/p>\n<\/div>\n<\/th>\n<\/tr>\n<tr>\n<td class=\"apm-top\">\n<div class=\"apm-eventhirdcol apm-floatleft\">\n<h4 class=\"a-spacing-mini\">Alfombrilla para silla de juegos<\/h4>\n<p>&nbsp;<\/p>\n<ul class=\"a-unordered-list a-vertical\">\n<li><span class=\"a-list-item\">Gran adici\u00f3n a su sala de juegos y Cool Game Controller dise\u00f1o a\u00f1adir diversi\u00f3n a su sala de juegos.<\/span><\/li>\n<\/ul>\n<p>&nbsp;<\/p>\n<\/div>\n<\/td>\n<td class=\"apm-top\">\n<div class=\"apm-eventhirdcol apm-floatleft\">\n<h4 class=\"a-spacing-mini\">Alfombrilla para silla de ordenador<\/h4>\n<p>&nbsp;<\/p>\n<ul class=\"a-unordered-list a-vertical\">\n<li><span class=\"a-list-item\">Protege sus suelos duros de todo tipo de ara\u00f1azos o abolladuras causados por las ruedas de las sillas y ayuda a reducir el ruido de la superficie de los suelos duros<\/span><\/li>\n<\/ul>\n<p>&nbsp;<\/p>\n<\/div>\n<\/td>\n<td class=\"apm-top\">\n<div class=\"apm-eventhirdcol apm-floatleft\">\n<h4 class=\"a-spacing-mini\">Alfombrilla de juego VR Gaming<\/h4>\n<p>&nbsp;<\/p>\n<ul class=\"a-unordered-list a-vertical\">\n<li><span class=\"a-list-item\">El material suave y de alta calidad y el dise\u00f1o estampado hacen que esta alfombrilla redonda se adapte con flexibilidad a diversos escenarios de la vida.<\/span><\/li>\n<\/ul>\n<\/div>\n<\/td>\n<\/tr>\n<\/tbody>\n<\/table>\n<\/div>\n<\/div>\n<\/div>","protected":false},"excerpt":{"rendered":"<p>F\u00e1brica de alfombrillas de goma para sillas de juego<\/p>","protected":false},"featured_media":2188,"comment_status":"open","ping_status":"closed","template":"","meta":{"_monsterinsights_skip_tracking":false,"_monsterinsights_sitenote_active":false,"_monsterinsights_sitenote_note":"","_monsterinsights_sitenote_category":0},"product_cat":[100],"product_tag":[],"yoast_head":"<!-- This site is optimized with the Yoast SEO Premium plugin v22.9 (Yoast SEO v24.0) - https:\/\/yoast.com\/wordpress\/plugins\/seo\/ -->\n<title>Anti-Slip Round Rubber Gaming Chair Mats Factory - darshion<\/title>\n<meta name=\"robots\" content=\"index, follow, max-snippet:-1, max-image-preview:large, max-video-preview:-1\" \/>\n<link rel=\"canonical\" href=\"https:\/\/darshion.com\/es\/producto\/chair-mats-factory\/\" \/>\n<meta property=\"og:locale\" content=\"es_ES\" \/>\n<meta property=\"og:type\" content=\"article\" \/>\n<meta property=\"og:title\" content=\"Anti-Slip Round Rubber Gaming Chair Mats Factory\" \/>\n<meta property=\"og:description\" content=\"Rubber Gaming Chair Mats Factory\" \/>\n<meta property=\"og:url\" content=\"https:\/\/darshion.com\/es\/producto\/chair-mats-factory\/\" \/>\n<meta property=\"og:site_name\" content=\"darshion\" \/>\n<meta property=\"article:modified_time\" content=\"2024-07-06T01:49:32+00:00\" \/>\n<meta property=\"og:image\" content=\"https:\/\/darshion.com\/wp-content\/uploads\/2024\/05\/1.jpg\" \/>\n\t<meta property=\"og:image:width\" content=\"1491\" \/>\n\t<meta property=\"og:image:height\" content=\"1486\" \/>\n\t<meta property=\"og:image:type\" content=\"image\/jpeg\" \/>\n<meta name=\"twitter:card\" content=\"summary_large_image\" \/>\n<meta name=\"twitter:label1\" content=\"Tiempo de lectura\" \/>\n\t<meta name=\"twitter:data1\" content=\"2 minutos\" \/>\n<script type=\"application\/ld+json\" class=\"yoast-schema-graph\">{\"@context\":\"https:\/\/schema.org\",\"@graph\":[{\"@type\":\"WebPage\",\"@id\":\"https:\/\/darshion.com\/product\/chair-mats-factory\/\",\"url\":\"https:\/\/darshion.com\/product\/chair-mats-factory\/\",\"name\":\"Anti-Slip Round Rubber Gaming Chair Mats Factory - darshion\",\"isPartOf\":{\"@id\":\"https:\/\/darshion.com\/#website\"},\"primaryImageOfPage\":{\"@id\":\"https:\/\/darshion.com\/product\/chair-mats-factory\/#primaryimage\"},\"image\":{\"@id\":\"https:\/\/darshion.com\/product\/chair-mats-factory\/#primaryimage\"},\"thumbnailUrl\":\"https:\/\/darshion.com\/wp-content\/uploads\/2024\/05\/1.jpg\",\"datePublished\":\"2024-05-16T08:57:11+00:00\",\"dateModified\":\"2024-07-06T01:49:32+00:00\",\"breadcrumb\":{\"@id\":\"https:\/\/darshion.com\/product\/chair-mats-factory\/#breadcrumb\"},\"inLanguage\":\"es\",\"potentialAction\":[{\"@type\":\"ReadAction\",\"target\":[\"https:\/\/darshion.com\/product\/chair-mats-factory\/\"]}]},{\"@type\":\"ImageObject\",\"inLanguage\":\"es\",\"@id\":\"https:\/\/darshion.com\/product\/chair-mats-factory\/#primaryimage\",\"url\":\"https:\/\/darshion.com\/wp-content\/uploads\/2024\/05\/1.jpg\",\"contentUrl\":\"https:\/\/darshion.com\/wp-content\/uploads\/2024\/05\/1.jpg\",\"width\":1491,\"height\":1486,\"caption\":\"chair mats factory\"},{\"@type\":\"BreadcrumbList\",\"@id\":\"https:\/\/darshion.com\/product\/chair-mats-factory\/#breadcrumb\",\"itemListElement\":[{\"@type\":\"ListItem\",\"position\":1,\"name\":\"\u9996\u9875\",\"item\":\"https:\/\/darshion.com\/\"},{\"@type\":\"ListItem\",\"position\":2,\"name\":\"PRODUCT\",\"item\":\"https:\/\/darshion.com\/pt\/product\/\"},{\"@type\":\"ListItem\",\"position\":3,\"name\":\"Anti-Slip Round Rubber Gaming Chair Mats Factory\"}]},{\"@type\":\"WebSite\",\"@id\":\"https:\/\/darshion.com\/#website\",\"url\":\"https:\/\/darshion.com\/\",\"name\":\"darshion\",\"description\":\"14 Years of Experience, Quality Assurance, Innovative Design\",\"publisher\":{\"@id\":\"https:\/\/darshion.com\/#organization\"},\"potentialAction\":[{\"@type\":\"SearchAction\",\"target\":{\"@type\":\"EntryPoint\",\"urlTemplate\":\"https:\/\/darshion.com\/?s={search_term_string}\"},\"query-input\":{\"@type\":\"PropertyValueSpecification\",\"valueRequired\":true,\"valueName\":\"search_term_string\"}}],\"inLanguage\":\"es\"},{\"@type\":\"Organization\",\"@id\":\"https:\/\/darshion.com\/#organization\",\"name\":\"darshion\",\"url\":\"https:\/\/darshion.com\/\",\"logo\":{\"@type\":\"ImageObject\",\"inLanguage\":\"es\",\"@id\":\"https:\/\/darshion.com\/#\/schema\/logo\/image\/\",\"url\":\"https:\/\/darshion.com\/wp-content\/uploads\/2023\/09\/01-1.png\",\"contentUrl\":\"https:\/\/darshion.com\/wp-content\/uploads\/2023\/09\/01-1.png\",\"width\":350,\"height\":100,\"caption\":\"darshion\"},\"image\":{\"@id\":\"https:\/\/darshion.com\/#\/schema\/logo\/image\/\"}}]}<\/script>\n<!-- \/ Yoast SEO Premium plugin. -->","yoast_head_json":{"title":"Antideslizante Ronda de Caucho Gaming Silla Mats F\u00e1brica - darshion","robots":{"index":"index","follow":"follow","max-snippet":"max-snippet:-1","max-image-preview":"max-image-preview:large","max-video-preview":"max-video-preview:-1"},"canonical":"https:\/\/darshion.com\/es\/producto\/chair-mats-factory\/","og_locale":"es_ES","og_type":"article","og_title":"Anti-Slip Round Rubber Gaming Chair Mats Factory","og_description":"Rubber Gaming Chair Mats Factory","og_url":"https:\/\/darshion.com\/es\/producto\/chair-mats-factory\/","og_site_name":"darshion","article_modified_time":"2024-07-06T01:49:32+00:00","og_image":[{"width":1491,"height":1486,"url":"https:\/\/darshion.com\/wp-content\/uploads\/2024\/05\/1.jpg","type":"image\/jpeg"}],"twitter_card":"summary_large_image","twitter_misc":{"Tiempo de lectura":"2 minutos"},"schema":{"@context":"https:\/\/schema.org","@graph":[{"@type":"WebPage","@id":"https:\/\/darshion.com\/product\/chair-mats-factory\/","url":"https:\/\/darshion.com\/product\/chair-mats-factory\/","name":"Antideslizante Ronda de Caucho Gaming Silla Mats F\u00e1brica - darshion","isPartOf":{"@id":"https:\/\/darshion.com\/#website"},"primaryImageOfPage":{"@id":"https:\/\/darshion.com\/product\/chair-mats-factory\/#primaryimage"},"image":{"@id":"https:\/\/darshion.com\/product\/chair-mats-factory\/#primaryimage"},"thumbnailUrl":"https:\/\/darshion.com\/wp-content\/uploads\/2024\/05\/1.jpg","datePublished":"2024-05-16T08:57:11+00:00","dateModified":"2024-07-06T01:49:32+00:00","breadcrumb":{"@id":"https:\/\/darshion.com\/product\/chair-mats-factory\/#breadcrumb"},"inLanguage":"es","potentialAction":[{"@type":"ReadAction","target":["https:\/\/darshion.com\/product\/chair-mats-factory\/"]}]},{"@type":"ImageObject","inLanguage":"es","@id":"https:\/\/darshion.com\/product\/chair-mats-factory\/#primaryimage","url":"https:\/\/darshion.com\/wp-content\/uploads\/2024\/05\/1.jpg","contentUrl":"https:\/\/darshion.com\/wp-content\/uploads\/2024\/05\/1.jpg","width":1491,"height":1486,"caption":"chair mats factory"},{"@type":"BreadcrumbList","@id":"https:\/\/darshion.com\/product\/chair-mats-factory\/#breadcrumb","itemListElement":[{"@type":"ListItem","position":1,"name":"\u9996\u9875","item":"https:\/\/darshion.com\/"},{"@type":"ListItem","position":2,"name":"PRODUCT","item":"https:\/\/darshion.com\/pt\/product\/"},{"@type":"ListItem","position":3,"name":"Anti-Slip Round Rubber Gaming Chair Mats Factory"}]},{"@type":"WebSite","@id":"https:\/\/darshion.com\/#website","url":"https:\/\/darshion.com\/","name":"darshion","description":"14 a\u00f1os de experiencia, garant\u00eda de calidad, dise\u00f1o innovador","publisher":{"@id":"https:\/\/darshion.com\/#organization"},"potentialAction":[{"@type":"SearchAction","target":{"@type":"EntryPoint","urlTemplate":"https:\/\/darshion.com\/?s={search_term_string}"},"query-input":{"@type":"PropertyValueSpecification","valueRequired":true,"valueName":"search_term_string"}}],"inLanguage":"es"},{"@type":"Organization","@id":"https:\/\/darshion.com\/#organization","name":"darshion","url":"https:\/\/darshion.com\/","logo":{"@type":"ImageObject","inLanguage":"es","@id":"https:\/\/darshion.com\/#\/schema\/logo\/image\/","url":"https:\/\/darshion.com\/wp-content\/uploads\/2023\/09\/01-1.png","contentUrl":"https:\/\/darshion.com\/wp-content\/uploads\/2023\/09\/01-1.png","width":350,"height":100,"caption":"darshion"},"image":{"@id":"https:\/\/darshion.com\/#\/schema\/logo\/image\/"}}]}},"_links":{"self":[{"href":"https:\/\/darshion.com\/es\/wp-json\/wp\/v2\/product\/2185"}],"collection":[{"href":"https:\/\/darshion.com\/es\/wp-json\/wp\/v2\/product"}],"about":[{"href":"https:\/\/darshion.com\/es\/wp-json\/wp\/v2\/types\/product"}],"replies":[{"embeddable":true,"href":"https:\/\/darshion.com\/es\/wp-json\/wp\/v2\/comments?post=2185"}],"wp:featuredmedia":[{"embeddable":true,"href":"https:\/\/darshion.com\/es\/wp-json\/wp\/v2\/media\/2188"}],"wp:attachment":[{"href":"https:\/\/darshion.com\/es\/wp-json\/wp\/v2\/media?parent=2185"}],"wp:term":[{"taxonomy":"product_cat","embeddable":true,"href":"https:\/\/darshion.com\/es\/wp-json\/wp\/v2\/product_cat?post=2185"},{"taxonomy":"product_tag","embeddable":true,"href":"https:\/\/darshion.com\/es\/wp-json\/wp\/v2\/product_tag?post=2185"}],"curies":[{"name":"wp","href":"https:\/\/api.w.org\/{rel}","templated":true}]}}