{"id":2298,"date":"2024-05-28T11:17:16","date_gmt":"2024-05-28T03:17:16","guid":{"rendered":"https:\/\/darshion.com\/?post_type=product&#038;p=2298"},"modified":"2026-03-07T12:52:25","modified_gmt":"2026-03-07T04:52:25","slug":"desk-mat-manufacturers","status":"publish","type":"product","link":"https:\/\/darshion.com\/es\/producto\/desk-mat-manufacturers\/","title":{"rendered":"Alfombrilla de rat\u00f3n grande para juegos XXXXL Desk Mat Fabricantes"},"content":{"rendered":"<h1>Alfombrilla de escritorio Fabricante y proveedor al por mayor<\/h1>\n<h2>F\u00e1brica de alfombrillas de escritorio a medida para pedidos al por mayor y al por mayor<\/h2>\n<p>Darshion es un fabricante profesional de alfombrillas de escritorio especializado en la producci\u00f3n a granel y al por mayor para marcas, distribuidores, compradores de proyectos y vendedores a gran escala.<\/p>\n<p>Ofrecemos alfombras de escritorio OEM y ODM con opciones de personalizaci\u00f3n completa, incluyendo el tama\u00f1o, el material, la impresi\u00f3n de la superficie, la costura del borde y el embalaje. Nuestra f\u00e1brica apoya MOQ bajo a partir de 500 unidades y la producci\u00f3n en masa estable para la cooperaci\u00f3n a largo plazo.<\/p>\n<h2>Alfombrillas de escritorio al por mayor con personalizaci\u00f3n OEM y ODM<\/h2>\n<p>Nuestras alfombrillas de escritorio al por mayor se utilizan ampliamente para la comercializaci\u00f3n de marcas, la instalaci\u00f3n de oficinas, los proyectos promocionales y la distribuci\u00f3n minorista.<\/p>\n<p>Las opciones de personalizaci\u00f3n incluyen:<br \/>\n- Sublimaci\u00f3n a todo color o impresi\u00f3n del logotipo<br \/>\n- Base de goma, superficie de tela, opciones de cuero PU<br \/>\n- Tama\u00f1o, grosor y pespunte personalizados<br \/>\n- Marca blanca y envases listos para la venta<\/p>\n<p>Ayudamos a los socios a crear productos de alfombrillas de escritorio diferenciados para mercados competitivos.<\/p>\n<h2>Alfombrillas de escritorio para aplicaciones de oficina, juegos y marcas<\/h2>\n<p>Nuestras alfombrillas de escritorio est\u00e1n dise\u00f1adas para ofrecer durabilidad y comodidad, y son adecuadas para su uso en oficinas, instalaciones de juego y l\u00edneas de productos de marca. Se fabrican para el suministro a granel y la distribuci\u00f3n al por mayor, no para la venta individual al por menor.<\/p>\n<h2>Fabricaci\u00f3n de alfombrillas de escritorio a granel con MOQ bajo<\/h2>\n<p>Nuestro MOQ est\u00e1ndar para pedidos de alfombrillas de escritorio al por mayor comienza a partir de 500 unidades, dependiendo de los requisitos de personalizaci\u00f3n. Con l\u00edneas de producci\u00f3n maduras y un estricto control de calidad, garantizamos una calidad y entrega constantes para pedidos repetidos.<\/p>\n<p>\u3010Professional Gaming Mouse Pad\u3011Esta es una alfombrilla de rat\u00f3n de juego grande profesional, nuestro juego alfombrilla de rat\u00f3n puede ayudarle a maximizar la suavidad y la precisi\u00f3n de su control del rat\u00f3n, la superficie ultra lisa de la alfombrilla de rat\u00f3n de juego profesional le permite mover el rat\u00f3n sin esfuerzo en cualquier momento para un seguimiento preciso, por lo que todos los jugadores \u00e1vidos pueden tener la mejor experiencia de juego, utilice esta alfombrilla de rat\u00f3n de juego grande profesional para llevar a cabo su nivel de juego perfecto\uff01.<br \/>\n\u3010Alta Estabilidad, Durabilidad y Confort\u3011\u00a1Esta gran alfombrilla de rat\u00f3n para juegos tiene la m\u00e1s potente estabilidad, durabilidad y comodidad! \u00a1Resolver todos los problemas en el mercado de los bordes doblados alfombrilla de rat\u00f3n, material de la alfombrilla de rat\u00f3n de mala calidad, olor alfombrilla de rat\u00f3n y el uso inc\u00f3modo de la alfombrilla de rat\u00f3n y as\u00ed sucesivamente! \u00a1Nuestras alfombrillas de rat\u00f3n para juegos han sido probadas durante incontables horas e innumerables veces para proporcionar las mejores alfombrillas de rat\u00f3n para juegos a todos los jugadores!<br \/>\n\u3010Material de la mejor calidad y rendimiento antideslizante m\u00e1s fuerte\u3011La superficie de nuestra alfombrilla de rat\u00f3n grande para juegos est\u00e1 hecha de tela de lycra de alta precisi\u00f3n de la mejor calidad para garantizar que se mantenga plana cuando utilice esta alfombrilla de rat\u00f3n para juegos. La base de goma antideslizante en la parte inferior de la alfombrilla de rat\u00f3n grande para juegos mantiene la alfombrilla de rat\u00f3n firmemente en su lugar y ofrece el rendimiento antideslizante m\u00e1s fuerte, y esta alfombrilla de rat\u00f3n para juegos est\u00e1 recubierta con un revestimiento impermeable que evita derrames o suciedad, es f\u00e1cil de limpiar y no tiene olor. Esta gran alfombrilla de rat\u00f3n para juegos le proporcionar\u00e1 la mejor estabilidad, durabilidad y comodidad.<br \/>\n\u3010Extra Large Extended XXXL Size Gaming Mouse Pad\u3011Nuestra alfombrilla de rat\u00f3n de juego grande, m\u00e1s larga y m\u00e1s ancha que otras alfombrillas de rat\u00f3n, esta alfombrilla de rat\u00f3n de juego grande proporciona un mont\u00f3n de espacio para el rat\u00f3n y el teclado, proporcionando una superficie lisa y sin obst\u00e1culos m\u00e1s grande para las sesiones de juego profesional, y esta alfombrilla de rat\u00f3n de juego tambi\u00e9n protege su escritorio. El espesor extra grueso de 2 mm de la alfombrilla de rat\u00f3n de juego no s\u00f3lo reduce el ruido, sino que tambi\u00e9n garantiza una experiencia m\u00e1s c\u00f3moda para sus manos.<br \/>\n\u3010Multifunctional Mouse Pad\u3011Nuestra alfombrilla de rat\u00f3n grande para juegos no s\u00f3lo le da el mejor rendimiento cuando juega, esta alfombrilla de rat\u00f3n es tambi\u00e9n un asistente multifac\u00e9tico para su oficina en casa, estudio y trabajo de oficina. El tama\u00f1o ampliado y alargado de la alfombrilla de rat\u00f3n grande xl proporciona un espacio de actividad m\u00e1s c\u00f3modo y espacioso mientras protege su escritorio. El hermoso patr\u00f3n de la alfombrilla de rat\u00f3n de escritorio tambi\u00e9n puede a\u00f1adir un ambiente relajante a su oficina, que es una alfombrilla de rat\u00f3n multifuncional pr\u00e1ctico y hermoso.<\/p>\n<p><img fetchpriority=\"high\" decoding=\"async\" class=\"size-full wp-image-2305\" src=\"https:\/\/darshion.com\/wp-content\/uploads\/2024\/05\/Full-Desk-Mouse-Pad.jpg\" alt=\"Full Desk Mouse Pad\" width=\"1464\" height=\"600\" srcset=\"https:\/\/darshion.com\/wp-content\/uploads\/2024\/05\/Full-Desk-Mouse-Pad.jpg 1464w, https:\/\/darshion.com\/wp-content\/uploads\/2024\/05\/Full-Desk-Mouse-Pad-300x123.jpg 300w, https:\/\/darshion.com\/wp-content\/uploads\/2024\/05\/Full-Desk-Mouse-Pad-1024x420.jpg 1024w, https:\/\/darshion.com\/wp-content\/uploads\/2024\/05\/Full-Desk-Mouse-Pad-768x315.jpg 768w, https:\/\/darshion.com\/wp-content\/uploads\/2024\/05\/Full-Desk-Mouse-Pad-600x246.jpg 600w\" sizes=\"(max-width: 1464px) 100vw, 1464px\" \/><\/p>\n<table class=\"apm-fixed-width apm-eventhirdcol-table\" style=\"height: 566px;\" width=\"474\">\n<tbody>\n<tr>\n<th class=\"apm-center\"><span style=\"font-weight: 400;\"><img decoding=\"async\" class=\"size-full wp-image-2304\" src=\"https:\/\/darshion.com\/wp-content\/uploads\/2024\/05\/f0eff780-12f1-4eeb-8c09-f5c1a4c3b575.__CR00300225_PT0_SX300_V1___.jpg\" alt=\"xxxxl mouse pad\" width=\"300\" height=\"225\" \/><\/span><\/th>\n<th class=\"apm-center\"><span style=\"font-weight: 400;\"><img decoding=\"async\" class=\"size-full wp-image-2302\" src=\"https:\/\/darshion.com\/wp-content\/uploads\/2024\/05\/e5882a06-82f0-40e7-b46a-b5fd7878b0ed.__CR00300225_PT0_SX300_V1___.jpg\" alt=\"xxxxl mouse pad\" width=\"300\" height=\"225\" \/><\/span><\/th>\n<th class=\"apm-center\"><span style=\"font-weight: 400;\"><img loading=\"lazy\" decoding=\"async\" class=\"size-full wp-image-2301\" src=\"https:\/\/darshion.com\/wp-content\/uploads\/2024\/05\/476a90b3-1584-4bd6-98d3-390979d77c08.__CR00300225_PT0_SX300_V1___.jpg\" alt=\"xxxxl mouse pad\" width=\"300\" height=\"225\" \/><\/span><\/th>\n<th class=\"apm-center\"><span style=\"font-weight: 400;\"><img loading=\"lazy\" decoding=\"async\" class=\"size-full wp-image-2303\" src=\"https:\/\/darshion.com\/wp-content\/uploads\/2024\/05\/ec1dcddc-3d07-4e10-b350-1aaf0e3bbac3.__CR00300225_PT0_SX300_V1___.jpg\" alt=\"xxxxl mouse pad\" width=\"300\" height=\"225\" \/><\/span><\/th>\n<\/tr>\n<tr>\n<td class=\"apm-top\">\n<div class=\"a-section a-spacing-none column-heading\">\n<h4 class=\"aplus-h3 a-text-bold\"><span style=\"font-weight: 400;\">Superficie resistente al desgaste<\/span><\/h4>\n<\/div>\n<div class=\"a-section a-spacing-none column-description\">\n<p class=\"aplus-p3\">La superficie de tela de lycra evita los ara\u00f1azos de objetos punzantes como cubiertos y bol\u00edgrafos<\/p>\n<\/div>\n<\/td>\n<td class=\"apm-top\">\n<div class=\"apm-eventhirdcol apm-floatleft\">\n<div class=\"a-section a-spacing-none column-heading\">\n<h4 class=\"aplus-h3 a-text-bold\"><span style=\"font-weight: 400;\">Resistente a las arrugas<\/span><\/h4>\n<\/div>\n<div class=\"a-section a-spacing-none column-description\">\n<p class=\"aplus-p3\">La base de caucho natural es flexible, por lo que no tendr\u00e1 que preocuparse de que la alfombrilla se arrugue o se rompa tras un uso prolongado.<\/p>\n<\/div>\n<\/div>\n<\/td>\n<td class=\"apm-top\">\n<div class=\"apm-eventhirdcol apm-floatleft\">\n<div class=\"a-section a-spacing-none column-heading\">\n<h4 class=\"aplus-h3 a-text-bold\"><span style=\"font-weight: 400;\">A prueba de agua y aceite<\/span><\/h4>\n<\/div>\n<div class=\"a-section a-spacing-none column-description\">\n<p class=\"aplus-p3\">La superficie tiene un revestimiento impermeable, que puede resistir f\u00e1cilmente el agua y el aceite, y es muy f\u00e1cil de limpiar y cuidar<\/p>\n<\/div>\n<\/div>\n<\/td>\n<td class=\"apm-top\">\n<div class=\"apm-eventhirdcol apm-floatleft\">\n<div class=\"a-section a-spacing-none column-heading\">\n<h4 class=\"aplus-h3 a-text-bold\"><span style=\"font-weight: 400;\">Durabilidad Bordes cosidos<\/span><\/h4>\n<\/div>\n<div class=\"a-section a-spacing-none column-description\">\n<p class=\"aplus-p3\">Doble costura de refuerzo, hecha para durar, que evita que se deshilache y garantiza un rendimiento constante<\/p>\n<\/div>\n<\/div>\n<\/td>\n<\/tr>\n<\/tbody>\n<\/table>\n<p>P: \u00bfCu\u00e1l es su MOQ para alfombras de escritorio al por mayor?<br \/>\nR: Nuestro MOQ est\u00e1ndar comienza a partir de 500 unidades dependiendo del tama\u00f1o y la personalizaci\u00f3n.<\/p>\n<p>P: \u00bfAdmiten logotipos personalizados y alfombrillas de escritorio OEM?<br \/>\nR: S\u00ed, ofrecemos servicios completos de OEM y ODM que incluyen impresi\u00f3n, materiales y embalaje.<\/p>\n<p>P: \u00bfSon adecuadas las alfombrillas de escritorio para proyectos de marca y corporativos?<br \/>\nR: S\u00ed, nuestras alfombrillas de escritorio son muy utilizadas por marcas, distribuidores y compradores corporativos.<\/p>","protected":false},"excerpt":{"rendered":"<p>Alfombrilla de Rat\u00f3n Profesional Antideslizante con Base de Goma, Alfombrilla de Rat\u00f3n XXXL para Juegos y Oficina y Hogar, Alfombrilla de Rat\u00f3n para Escritorio Completo<\/p>","protected":false},"featured_media":2279,"comment_status":"open","ping_status":"closed","template":"","meta":{"_monsterinsights_skip_tracking":false,"_monsterinsights_sitenote_active":false,"_monsterinsights_sitenote_note":"","_monsterinsights_sitenote_category":0},"product_cat":[100],"product_tag":[130,556],"yoast_head":"<!-- This site is optimized with the Yoast SEO Premium plugin v22.9 (Yoast SEO v24.0) - https:\/\/yoast.com\/wordpress\/plugins\/seo\/ -->\n<title>Big Mouse Pad for Gaming XXXXL Desk Mat Manufacturers<\/title>\n<meta name=\"description\" content=\"Darshion is a professional desk mat manufacturer and wholesale supplier offering custom desk mats in bulk. OEM &amp; ODM services, full color printing, low MOQ and factory direct pricing.\" \/>\n<meta name=\"robots\" content=\"index, follow, max-snippet:-1, max-image-preview:large, max-video-preview:-1\" \/>\n<link rel=\"canonical\" href=\"https:\/\/darshion.com\/es\/producto\/desk-mat-manufacturers\/\" \/>\n<meta property=\"og:locale\" content=\"es_ES\" \/>\n<meta property=\"og:type\" content=\"article\" \/>\n<meta property=\"og:title\" content=\"Big Mouse Pad for Gaming XXXXL Desk Mat Manufacturers\" \/>\n<meta property=\"og:description\" content=\"Darshion is a professional desk mat manufacturer and wholesale supplier offering custom desk mats in bulk. OEM &amp; ODM services, full color printing, low MOQ and factory direct pricing.\" \/>\n<meta property=\"og:url\" content=\"https:\/\/darshion.com\/es\/producto\/desk-mat-manufacturers\/\" \/>\n<meta property=\"og:site_name\" content=\"darshion\" \/>\n<meta property=\"article:modified_time\" content=\"2026-03-07T04:52:25+00:00\" \/>\n<meta property=\"og:image\" content=\"https:\/\/darshion.com\/wp-content\/uploads\/2024\/05\/12.jpg\" \/>\n\t<meta property=\"og:image:width\" content=\"768\" \/>\n\t<meta property=\"og:image:height\" content=\"768\" \/>\n\t<meta property=\"og:image:type\" content=\"image\/jpeg\" \/>\n<meta name=\"twitter:card\" content=\"summary_large_image\" \/>\n<meta name=\"twitter:label1\" content=\"Tiempo de lectura\" \/>\n\t<meta name=\"twitter:data1\" content=\"5 minutos\" \/>\n<script type=\"application\/ld+json\" class=\"yoast-schema-graph\">{\"@context\":\"https:\/\/schema.org\",\"@graph\":[{\"@type\":\"WebPage\",\"@id\":\"https:\/\/darshion.com\/product\/desk-mat-manufacturers\/\",\"url\":\"https:\/\/darshion.com\/product\/desk-mat-manufacturers\/\",\"name\":\"Big Mouse Pad for Gaming XXXXL Desk Mat Manufacturers\",\"isPartOf\":{\"@id\":\"https:\/\/darshion.com\/#website\"},\"primaryImageOfPage\":{\"@id\":\"https:\/\/darshion.com\/product\/desk-mat-manufacturers\/#primaryimage\"},\"image\":{\"@id\":\"https:\/\/darshion.com\/product\/desk-mat-manufacturers\/#primaryimage\"},\"thumbnailUrl\":\"https:\/\/darshion.com\/wp-content\/uploads\/2024\/05\/12.jpg\",\"datePublished\":\"2024-05-28T03:17:16+00:00\",\"dateModified\":\"2026-03-07T04:52:25+00:00\",\"description\":\"Darshion is a professional desk mat manufacturer and wholesale supplier offering custom desk mats in bulk. OEM & ODM services, full color printing, low MOQ and factory direct pricing.\",\"breadcrumb\":{\"@id\":\"https:\/\/darshion.com\/product\/desk-mat-manufacturers\/#breadcrumb\"},\"inLanguage\":\"es\",\"potentialAction\":[{\"@type\":\"ReadAction\",\"target\":[\"https:\/\/darshion.com\/product\/desk-mat-manufacturers\/\"]}]},{\"@type\":\"ImageObject\",\"inLanguage\":\"es\",\"@id\":\"https:\/\/darshion.com\/product\/desk-mat-manufacturers\/#primaryimage\",\"url\":\"https:\/\/darshion.com\/wp-content\/uploads\/2024\/05\/12.jpg\",\"contentUrl\":\"https:\/\/darshion.com\/wp-content\/uploads\/2024\/05\/12.jpg\",\"width\":768,\"height\":768,\"caption\":\"xxxxl mouse pad\"},{\"@type\":\"BreadcrumbList\",\"@id\":\"https:\/\/darshion.com\/product\/desk-mat-manufacturers\/#breadcrumb\",\"itemListElement\":[{\"@type\":\"ListItem\",\"position\":1,\"name\":\"\u9996\u9875\",\"item\":\"https:\/\/darshion.com\/\"},{\"@type\":\"ListItem\",\"position\":2,\"name\":\"PRODUCT\",\"item\":\"https:\/\/darshion.com\/pt\/product\/\"},{\"@type\":\"ListItem\",\"position\":3,\"name\":\"Big Mouse Pad for Gaming XXXXL Desk Mat Manufacturers\"}]},{\"@type\":\"WebSite\",\"@id\":\"https:\/\/darshion.com\/#website\",\"url\":\"https:\/\/darshion.com\/\",\"name\":\"darshion\",\"description\":\"14 Years of Experience, Quality Assurance, Innovative Design\",\"publisher\":{\"@id\":\"https:\/\/darshion.com\/#organization\"},\"potentialAction\":[{\"@type\":\"SearchAction\",\"target\":{\"@type\":\"EntryPoint\",\"urlTemplate\":\"https:\/\/darshion.com\/?s={search_term_string}\"},\"query-input\":{\"@type\":\"PropertyValueSpecification\",\"valueRequired\":true,\"valueName\":\"search_term_string\"}}],\"inLanguage\":\"es\"},{\"@type\":\"Organization\",\"@id\":\"https:\/\/darshion.com\/#organization\",\"name\":\"darshion\",\"url\":\"https:\/\/darshion.com\/\",\"logo\":{\"@type\":\"ImageObject\",\"inLanguage\":\"es\",\"@id\":\"https:\/\/darshion.com\/#\/schema\/logo\/image\/\",\"url\":\"https:\/\/darshion.com\/wp-content\/uploads\/2023\/09\/01-1.png\",\"contentUrl\":\"https:\/\/darshion.com\/wp-content\/uploads\/2023\/09\/01-1.png\",\"width\":350,\"height\":100,\"caption\":\"darshion\"},\"image\":{\"@id\":\"https:\/\/darshion.com\/#\/schema\/logo\/image\/\"}}]}<\/script>\n<!-- \/ Yoast SEO Premium plugin. -->","yoast_head_json":{"title":"Alfombrilla de rat\u00f3n grande para juegos XXXXL Desk Mat Fabricantes","description":"Darshion es un fabricante profesional de alfombrillas de escritorio y proveedor mayorista que ofrece alfombrillas de escritorio personalizadas al por mayor. Servicios OEM y ODM, impresi\u00f3n a todo color, MOQ bajo y precios directos de f\u00e1brica.","robots":{"index":"index","follow":"follow","max-snippet":"max-snippet:-1","max-image-preview":"max-image-preview:large","max-video-preview":"max-video-preview:-1"},"canonical":"https:\/\/darshion.com\/es\/producto\/desk-mat-manufacturers\/","og_locale":"es_ES","og_type":"article","og_title":"Big Mouse Pad for Gaming XXXXL Desk Mat Manufacturers","og_description":"Darshion is a professional desk mat manufacturer and wholesale supplier offering custom desk mats in bulk. OEM & ODM services, full color printing, low MOQ and factory direct pricing.","og_url":"https:\/\/darshion.com\/es\/producto\/desk-mat-manufacturers\/","og_site_name":"darshion","article_modified_time":"2026-03-07T04:52:25+00:00","og_image":[{"width":768,"height":768,"url":"https:\/\/darshion.com\/wp-content\/uploads\/2024\/05\/12.jpg","type":"image\/jpeg"}],"twitter_card":"summary_large_image","twitter_misc":{"Tiempo de lectura":"5 minutos"},"schema":{"@context":"https:\/\/schema.org","@graph":[{"@type":"WebPage","@id":"https:\/\/darshion.com\/product\/desk-mat-manufacturers\/","url":"https:\/\/darshion.com\/product\/desk-mat-manufacturers\/","name":"Alfombrilla de rat\u00f3n grande para juegos XXXXL Desk Mat Fabricantes","isPartOf":{"@id":"https:\/\/darshion.com\/#website"},"primaryImageOfPage":{"@id":"https:\/\/darshion.com\/product\/desk-mat-manufacturers\/#primaryimage"},"image":{"@id":"https:\/\/darshion.com\/product\/desk-mat-manufacturers\/#primaryimage"},"thumbnailUrl":"https:\/\/darshion.com\/wp-content\/uploads\/2024\/05\/12.jpg","datePublished":"2024-05-28T03:17:16+00:00","dateModified":"2026-03-07T04:52:25+00:00","description":"Darshion es un fabricante profesional de alfombrillas de escritorio y proveedor mayorista que ofrece alfombrillas de escritorio personalizadas al por mayor. Servicios OEM y ODM, impresi\u00f3n a todo color, MOQ bajo y precios directos de f\u00e1brica.","breadcrumb":{"@id":"https:\/\/darshion.com\/product\/desk-mat-manufacturers\/#breadcrumb"},"inLanguage":"es","potentialAction":[{"@type":"ReadAction","target":["https:\/\/darshion.com\/product\/desk-mat-manufacturers\/"]}]},{"@type":"ImageObject","inLanguage":"es","@id":"https:\/\/darshion.com\/product\/desk-mat-manufacturers\/#primaryimage","url":"https:\/\/darshion.com\/wp-content\/uploads\/2024\/05\/12.jpg","contentUrl":"https:\/\/darshion.com\/wp-content\/uploads\/2024\/05\/12.jpg","width":768,"height":768,"caption":"xxxxl mouse pad"},{"@type":"BreadcrumbList","@id":"https:\/\/darshion.com\/product\/desk-mat-manufacturers\/#breadcrumb","itemListElement":[{"@type":"ListItem","position":1,"name":"\u9996\u9875","item":"https:\/\/darshion.com\/"},{"@type":"ListItem","position":2,"name":"PRODUCT","item":"https:\/\/darshion.com\/pt\/product\/"},{"@type":"ListItem","position":3,"name":"Big Mouse Pad for Gaming XXXXL Desk Mat Manufacturers"}]},{"@type":"WebSite","@id":"https:\/\/darshion.com\/#website","url":"https:\/\/darshion.com\/","name":"darshion","description":"14 a\u00f1os de experiencia, garant\u00eda de calidad, dise\u00f1o innovador","publisher":{"@id":"https:\/\/darshion.com\/#organization"},"potentialAction":[{"@type":"SearchAction","target":{"@type":"EntryPoint","urlTemplate":"https:\/\/darshion.com\/?s={search_term_string}"},"query-input":{"@type":"PropertyValueSpecification","valueRequired":true,"valueName":"search_term_string"}}],"inLanguage":"es"},{"@type":"Organization","@id":"https:\/\/darshion.com\/#organization","name":"darshion","url":"https:\/\/darshion.com\/","logo":{"@type":"ImageObject","inLanguage":"es","@id":"https:\/\/darshion.com\/#\/schema\/logo\/image\/","url":"https:\/\/darshion.com\/wp-content\/uploads\/2023\/09\/01-1.png","contentUrl":"https:\/\/darshion.com\/wp-content\/uploads\/2023\/09\/01-1.png","width":350,"height":100,"caption":"darshion"},"image":{"@id":"https:\/\/darshion.com\/#\/schema\/logo\/image\/"}}]}},"_links":{"self":[{"href":"https:\/\/darshion.com\/es\/wp-json\/wp\/v2\/product\/2298"}],"collection":[{"href":"https:\/\/darshion.com\/es\/wp-json\/wp\/v2\/product"}],"about":[{"href":"https:\/\/darshion.com\/es\/wp-json\/wp\/v2\/types\/product"}],"replies":[{"embeddable":true,"href":"https:\/\/darshion.com\/es\/wp-json\/wp\/v2\/comments?post=2298"}],"wp:featuredmedia":[{"embeddable":true,"href":"https:\/\/darshion.com\/es\/wp-json\/wp\/v2\/media\/2279"}],"wp:attachment":[{"href":"https:\/\/darshion.com\/es\/wp-json\/wp\/v2\/media?parent=2298"}],"wp:term":[{"taxonomy":"product_cat","embeddable":true,"href":"https:\/\/darshion.com\/es\/wp-json\/wp\/v2\/product_cat?post=2298"},{"taxonomy":"product_tag","embeddable":true,"href":"https:\/\/darshion.com\/es\/wp-json\/wp\/v2\/product_tag?post=2298"}],"curies":[{"name":"wp","href":"https:\/\/api.w.org\/{rel}","templated":true}]}}