{"id":2343,"date":"2024-05-31T12:15:27","date_gmt":"2024-05-31T04:15:27","guid":{"rendered":"https:\/\/darshion.com\/?post_type=product&#038;p=2343"},"modified":"2024-07-04T16:20:10","modified_gmt":"2024-07-04T08:20:10","slug":"gaming-wireless-mouse","status":"publish","type":"product","link":"https:\/\/darshion.com\/es\/producto\/gaming-wireless-mouse\/","title":{"rendered":"F\u00e1brica de ratones inal\u00e1mbricos recargables A20"},"content":{"rendered":"<p>&nbsp;<\/p>\n<table style=\"height: 614px;\" border=\"1\" width=\"752\">\n<tbody>\n<tr>\n<th>Atributo<\/th>\n<th>Par\u00e1metro<\/th>\n<\/tr>\n<tr>\n<td>M\u00e9todo de seguimiento<\/td>\n<td>\u00d3ptico<\/td>\n<\/tr>\n<tr>\n<td>Tipo de potencia<\/td>\n<td>RECARGABLE<\/td>\n<\/tr>\n<tr>\n<td>N\u00famero de rodillos<\/td>\n<td>1<\/td>\n<\/tr>\n<tr>\n<td>Estado de los productos<\/td>\n<td>Stock<\/td>\n<\/tr>\n<tr>\n<td>Aplicaci\u00f3n<\/td>\n<td>Sobremesa, PORT\u00c1TIL<\/td>\n<\/tr>\n<tr>\n<td>Orientaci\u00f3n de la mano<\/td>\n<td>Derecha<\/td>\n<\/tr>\n<tr>\n<td>Marca<\/td>\n<td>darshion<\/td>\n<\/tr>\n<tr>\n<td>N\u00famero de modelo<\/td>\n<td>A20<\/td>\n<\/tr>\n<tr>\n<td>Retroiluminaci\u00f3n<\/td>\n<td>RGB<\/td>\n<\/tr>\n<tr>\n<td>Ergonom\u00eda<\/td>\n<td>S\u00ed<\/td>\n<\/tr>\n<tr>\n<td>Peso<\/td>\n<td>100g<\/td>\n<\/tr>\n<tr>\n<td>Talla<\/td>\n<td>110*60*25mm<\/td>\n<\/tr>\n<tr>\n<td>Nombre del producto<\/td>\n<td>Rat\u00f3n inal\u00e1mbrico 2.4G<\/td>\n<\/tr>\n<tr>\n<td>Tipo de rat\u00f3n<\/td>\n<td>Inal\u00e1mbrico Uno<\/td>\n<\/tr>\n<tr>\n<td>Garant\u00eda<\/td>\n<td>1 a\u00f1o<\/td>\n<\/tr>\n<tr>\n<td>Material<\/td>\n<td>ABS+Metal<\/td>\n<\/tr>\n<tr>\n<td>Interfaz<\/td>\n<td>USB 2.0<\/td>\n<\/tr>\n<tr>\n<td>Certificaci\u00f3n<\/td>\n<td>CE,ROHS<\/td>\n<\/tr>\n<tr>\n<td>Capacidad de la bater\u00eda<\/td>\n<td>500 mAh<\/td>\n<\/tr>\n<tr>\n<td>Bater\u00eda<\/td>\n<td>Recargable<\/td>\n<\/tr>\n<\/tbody>\n<\/table>\n<p>&nbsp;<\/p>\n<p><img fetchpriority=\"high\" decoding=\"async\" class=\"alignnone size-full wp-image-2354\" src=\"https:\/\/darshion.com\/wp-content\/uploads\/2024\/05\/1-3.jpg\" alt=\"\" width=\"800\" height=\"800\" srcset=\"https:\/\/darshion.com\/wp-content\/uploads\/2024\/05\/1-3.jpg 800w, https:\/\/darshion.com\/wp-content\/uploads\/2024\/05\/1-3-300x300.jpg 300w, https:\/\/darshion.com\/wp-content\/uploads\/2024\/05\/1-3-150x150.jpg 150w, https:\/\/darshion.com\/wp-content\/uploads\/2024\/05\/1-3-768x768.jpg 768w, https:\/\/darshion.com\/wp-content\/uploads\/2024\/05\/1-3-600x600.jpg 600w, https:\/\/darshion.com\/wp-content\/uploads\/2024\/05\/1-3-100x100.jpg 100w\" sizes=\"(max-width: 800px) 100vw, 800px\" \/> <img decoding=\"async\" class=\"alignnone size-full wp-image-2355\" src=\"https:\/\/darshion.com\/wp-content\/uploads\/2024\/05\/3-1-1.jpg\" alt=\"\" width=\"800\" height=\"800\" srcset=\"https:\/\/darshion.com\/wp-content\/uploads\/2024\/05\/3-1-1.jpg 800w, https:\/\/darshion.com\/wp-content\/uploads\/2024\/05\/3-1-1-300x300.jpg 300w, https:\/\/darshion.com\/wp-content\/uploads\/2024\/05\/3-1-1-150x150.jpg 150w, https:\/\/darshion.com\/wp-content\/uploads\/2024\/05\/3-1-1-768x768.jpg 768w, https:\/\/darshion.com\/wp-content\/uploads\/2024\/05\/3-1-1-600x600.jpg 600w, https:\/\/darshion.com\/wp-content\/uploads\/2024\/05\/3-1-1-100x100.jpg 100w\" sizes=\"(max-width: 800px) 100vw, 800px\" \/> <img decoding=\"async\" class=\"alignnone size-full wp-image-2356\" src=\"https:\/\/darshion.com\/wp-content\/uploads\/2024\/05\/3-3.jpg\" alt=\"\" width=\"800\" height=\"800\" srcset=\"https:\/\/darshion.com\/wp-content\/uploads\/2024\/05\/3-3.jpg 800w, https:\/\/darshion.com\/wp-content\/uploads\/2024\/05\/3-3-300x300.jpg 300w, https:\/\/darshion.com\/wp-content\/uploads\/2024\/05\/3-3-150x150.jpg 150w, https:\/\/darshion.com\/wp-content\/uploads\/2024\/05\/3-3-768x768.jpg 768w, https:\/\/darshion.com\/wp-content\/uploads\/2024\/05\/3-3-600x600.jpg 600w, https:\/\/darshion.com\/wp-content\/uploads\/2024\/05\/3-3-100x100.jpg 100w\" sizes=\"(max-width: 800px) 100vw, 800px\" \/> <img loading=\"lazy\" decoding=\"async\" class=\"alignnone size-full wp-image-2357\" src=\"https:\/\/darshion.com\/wp-content\/uploads\/2024\/05\/04-2.jpg\" alt=\"\" width=\"800\" height=\"1116\" srcset=\"https:\/\/darshion.com\/wp-content\/uploads\/2024\/05\/04-2.jpg 800w, https:\/\/darshion.com\/wp-content\/uploads\/2024\/05\/04-2-215x300.jpg 215w, https:\/\/darshion.com\/wp-content\/uploads\/2024\/05\/04-2-734x1024.jpg 734w, https:\/\/darshion.com\/wp-content\/uploads\/2024\/05\/04-2-768x1071.jpg 768w, https:\/\/darshion.com\/wp-content\/uploads\/2024\/05\/04-2-600x837.jpg 600w\" sizes=\"(max-width: 800px) 100vw, 800px\" \/> <img loading=\"lazy\" decoding=\"async\" class=\"alignnone size-full wp-image-2358\" src=\"https:\/\/darshion.com\/wp-content\/uploads\/2024\/05\/5-3.jpg\" alt=\"\" width=\"800\" height=\"800\" srcset=\"https:\/\/darshion.com\/wp-content\/uploads\/2024\/05\/5-3.jpg 800w, https:\/\/darshion.com\/wp-content\/uploads\/2024\/05\/5-3-300x300.jpg 300w, https:\/\/darshion.com\/wp-content\/uploads\/2024\/05\/5-3-150x150.jpg 150w, https:\/\/darshion.com\/wp-content\/uploads\/2024\/05\/5-3-768x768.jpg 768w, https:\/\/darshion.com\/wp-content\/uploads\/2024\/05\/5-3-600x600.jpg 600w, https:\/\/darshion.com\/wp-content\/uploads\/2024\/05\/5-3-100x100.jpg 100w\" sizes=\"(max-width: 800px) 100vw, 800px\" \/> <img loading=\"lazy\" decoding=\"async\" class=\"alignnone size-full wp-image-2359\" src=\"https:\/\/darshion.com\/wp-content\/uploads\/2024\/05\/6-2.jpg\" alt=\"\" width=\"800\" height=\"800\" srcset=\"https:\/\/darshion.com\/wp-content\/uploads\/2024\/05\/6-2.jpg 800w, https:\/\/darshion.com\/wp-content\/uploads\/2024\/05\/6-2-300x300.jpg 300w, https:\/\/darshion.com\/wp-content\/uploads\/2024\/05\/6-2-150x150.jpg 150w, https:\/\/darshion.com\/wp-content\/uploads\/2024\/05\/6-2-768x768.jpg 768w, https:\/\/darshion.com\/wp-content\/uploads\/2024\/05\/6-2-600x600.jpg 600w, https:\/\/darshion.com\/wp-content\/uploads\/2024\/05\/6-2-100x100.jpg 100w\" sizes=\"(max-width: 800px) 100vw, 800px\" \/> <img loading=\"lazy\" decoding=\"async\" class=\"alignnone size-full wp-image-2360\" src=\"https:\/\/darshion.com\/wp-content\/uploads\/2024\/05\/6-1-1.jpg\" alt=\"\" width=\"800\" height=\"800\" srcset=\"https:\/\/darshion.com\/wp-content\/uploads\/2024\/05\/6-1-1.jpg 800w, https:\/\/darshion.com\/wp-content\/uploads\/2024\/05\/6-1-1-300x300.jpg 300w, https:\/\/darshion.com\/wp-content\/uploads\/2024\/05\/6-1-1-150x150.jpg 150w, https:\/\/darshion.com\/wp-content\/uploads\/2024\/05\/6-1-1-768x768.jpg 768w, https:\/\/darshion.com\/wp-content\/uploads\/2024\/05\/6-1-1-600x600.jpg 600w, https:\/\/darshion.com\/wp-content\/uploads\/2024\/05\/6-1-1-100x100.jpg 100w\" sizes=\"(max-width: 800px) 100vw, 800px\" \/> <img loading=\"lazy\" decoding=\"async\" class=\"alignnone size-full wp-image-2361\" src=\"https:\/\/darshion.com\/wp-content\/uploads\/2024\/05\/6-2-1.jpg\" alt=\"\" width=\"800\" height=\"800\" srcset=\"https:\/\/darshion.com\/wp-content\/uploads\/2024\/05\/6-2-1.jpg 800w, https:\/\/darshion.com\/wp-content\/uploads\/2024\/05\/6-2-1-300x300.jpg 300w, https:\/\/darshion.com\/wp-content\/uploads\/2024\/05\/6-2-1-150x150.jpg 150w, https:\/\/darshion.com\/wp-content\/uploads\/2024\/05\/6-2-1-768x768.jpg 768w, https:\/\/darshion.com\/wp-content\/uploads\/2024\/05\/6-2-1-600x600.jpg 600w, https:\/\/darshion.com\/wp-content\/uploads\/2024\/05\/6-2-1-100x100.jpg 100w\" sizes=\"(max-width: 800px) 100vw, 800px\" \/> <img loading=\"lazy\" decoding=\"async\" class=\"alignnone size-full wp-image-2362\" src=\"https:\/\/darshion.com\/wp-content\/uploads\/2024\/05\/6-3.jpg\" alt=\"\" width=\"800\" height=\"800\" srcset=\"https:\/\/darshion.com\/wp-content\/uploads\/2024\/05\/6-3.jpg 800w, https:\/\/darshion.com\/wp-content\/uploads\/2024\/05\/6-3-300x300.jpg 300w, https:\/\/darshion.com\/wp-content\/uploads\/2024\/05\/6-3-150x150.jpg 150w, https:\/\/darshion.com\/wp-content\/uploads\/2024\/05\/6-3-768x768.jpg 768w, https:\/\/darshion.com\/wp-content\/uploads\/2024\/05\/6-3-600x600.jpg 600w, https:\/\/darshion.com\/wp-content\/uploads\/2024\/05\/6-3-100x100.jpg 100w\" sizes=\"(max-width: 800px) 100vw, 800px\" \/> <img loading=\"lazy\" decoding=\"async\" class=\"alignnone size-full wp-image-2363\" src=\"https:\/\/darshion.com\/wp-content\/uploads\/2024\/05\/07.jpg\" alt=\"\" width=\"800\" height=\"970\" srcset=\"https:\/\/darshion.com\/wp-content\/uploads\/2024\/05\/07.jpg 800w, https:\/\/darshion.com\/wp-content\/uploads\/2024\/05\/07-247x300.jpg 247w, https:\/\/darshion.com\/wp-content\/uploads\/2024\/05\/07-768x931.jpg 768w, https:\/\/darshion.com\/wp-content\/uploads\/2024\/05\/07-600x728.jpg 600w\" sizes=\"(max-width: 800px) 100vw, 800px\" \/> <img loading=\"lazy\" decoding=\"async\" class=\"alignnone size-full wp-image-2364\" src=\"https:\/\/darshion.com\/wp-content\/uploads\/2024\/05\/8.jpg\" alt=\"\" width=\"800\" height=\"755\" srcset=\"https:\/\/darshion.com\/wp-content\/uploads\/2024\/05\/8.jpg 800w, https:\/\/darshion.com\/wp-content\/uploads\/2024\/05\/8-300x283.jpg 300w, https:\/\/darshion.com\/wp-content\/uploads\/2024\/05\/8-768x725.jpg 768w, https:\/\/darshion.com\/wp-content\/uploads\/2024\/05\/8-600x566.jpg 600w\" sizes=\"(max-width: 800px) 100vw, 800px\" \/><\/p>","protected":false},"excerpt":{"rendered":"<p class=\"pro_single_title\">A20 Rat\u00f3n inal\u00e1mbrico recargable con bater\u00eda de litio de 2,4 GHz para juegos \u00f3pticos de colores<\/p>","protected":false},"featured_media":2353,"comment_status":"open","ping_status":"closed","template":"","meta":{"_monsterinsights_skip_tracking":false,"_monsterinsights_sitenote_active":false,"_monsterinsights_sitenote_note":"","_monsterinsights_sitenote_category":0},"product_cat":[541],"product_tag":[],"yoast_head":"<!-- This site is optimized with the Yoast SEO Premium plugin v22.9 (Yoast SEO v24.0) - https:\/\/yoast.com\/wordpress\/plugins\/seo\/ -->\n<title>A20 Rechargeable Wireless Mouse Factory - darshion<\/title>\n<meta name=\"robots\" content=\"index, follow, max-snippet:-1, max-image-preview:large, max-video-preview:-1\" \/>\n<link rel=\"canonical\" href=\"https:\/\/darshion.com\/es\/producto\/gaming-wireless-mouse\/\" \/>\n<meta property=\"og:locale\" content=\"es_ES\" \/>\n<meta property=\"og:type\" content=\"article\" \/>\n<meta property=\"og:title\" content=\"A20 Rechargeable Wireless Mouse Factory\" \/>\n<meta property=\"og:description\" content=\"A20 Rechargeable Lithium Battery Colorful 2.4Ghz Optical Gaming Wireless Mouse\" \/>\n<meta property=\"og:url\" content=\"https:\/\/darshion.com\/es\/producto\/gaming-wireless-mouse\/\" \/>\n<meta property=\"og:site_name\" content=\"darshion\" \/>\n<meta property=\"article:modified_time\" content=\"2024-07-04T08:20:10+00:00\" \/>\n<meta property=\"og:image\" content=\"https:\/\/darshion.com\/wp-content\/uploads\/2024\/05\/\u767d\u5e95.jpg\" \/>\n\t<meta property=\"og:image:width\" content=\"800\" \/>\n\t<meta property=\"og:image:height\" content=\"800\" \/>\n\t<meta property=\"og:image:type\" content=\"image\/jpeg\" \/>\n<meta name=\"twitter:card\" content=\"summary_large_image\" \/>\n<meta name=\"twitter:label1\" content=\"Tiempo de lectura\" \/>\n\t<meta name=\"twitter:data1\" content=\"3 minutos\" \/>\n<script type=\"application\/ld+json\" class=\"yoast-schema-graph\">{\"@context\":\"https:\/\/schema.org\",\"@graph\":[{\"@type\":\"WebPage\",\"@id\":\"https:\/\/darshion.com\/ru\/product\/gaming-wireless-mouse\/\",\"url\":\"https:\/\/darshion.com\/ru\/product\/gaming-wireless-mouse\/\",\"name\":\"A20 Rechargeable Wireless Mouse Factory - darshion\",\"isPartOf\":{\"@id\":\"https:\/\/darshion.com\/#website\"},\"primaryImageOfPage\":{\"@id\":\"https:\/\/darshion.com\/ru\/product\/gaming-wireless-mouse\/#primaryimage\"},\"image\":{\"@id\":\"https:\/\/darshion.com\/ru\/product\/gaming-wireless-mouse\/#primaryimage\"},\"thumbnailUrl\":\"https:\/\/darshion.com\/wp-content\/uploads\/2024\/05\/\u767d\u5e95.jpg\",\"datePublished\":\"2024-05-31T04:15:27+00:00\",\"dateModified\":\"2024-07-04T08:20:10+00:00\",\"breadcrumb\":{\"@id\":\"https:\/\/darshion.com\/ru\/product\/gaming-wireless-mouse\/#breadcrumb\"},\"inLanguage\":\"es\",\"potentialAction\":[{\"@type\":\"ReadAction\",\"target\":[\"https:\/\/darshion.com\/ru\/product\/gaming-wireless-mouse\/\"]}]},{\"@type\":\"ImageObject\",\"inLanguage\":\"es\",\"@id\":\"https:\/\/darshion.com\/ru\/product\/gaming-wireless-mouse\/#primaryimage\",\"url\":\"https:\/\/darshion.com\/wp-content\/uploads\/2024\/05\/\u767d\u5e95.jpg\",\"contentUrl\":\"https:\/\/darshion.com\/wp-content\/uploads\/2024\/05\/\u767d\u5e95.jpg\",\"width\":800,\"height\":800,\"caption\":\"A20 Rechargeable Colorful Gaming Wireless Mouse\"},{\"@type\":\"BreadcrumbList\",\"@id\":\"https:\/\/darshion.com\/ru\/product\/gaming-wireless-mouse\/#breadcrumb\",\"itemListElement\":[{\"@type\":\"ListItem\",\"position\":1,\"name\":\"\u9996\u9875\",\"item\":\"https:\/\/darshion.com\/\"},{\"@type\":\"ListItem\",\"position\":2,\"name\":\"PRODUCT\",\"item\":\"https:\/\/darshion.com\/pt\/product\/\"},{\"@type\":\"ListItem\",\"position\":3,\"name\":\"A20 Rechargeable Wireless Mouse Factory\"}]},{\"@type\":\"WebSite\",\"@id\":\"https:\/\/darshion.com\/#website\",\"url\":\"https:\/\/darshion.com\/\",\"name\":\"darshion\",\"description\":\"14 Years of Experience, Quality Assurance, Innovative Design\",\"publisher\":{\"@id\":\"https:\/\/darshion.com\/#organization\"},\"potentialAction\":[{\"@type\":\"SearchAction\",\"target\":{\"@type\":\"EntryPoint\",\"urlTemplate\":\"https:\/\/darshion.com\/?s={search_term_string}\"},\"query-input\":{\"@type\":\"PropertyValueSpecification\",\"valueRequired\":true,\"valueName\":\"search_term_string\"}}],\"inLanguage\":\"es\"},{\"@type\":\"Organization\",\"@id\":\"https:\/\/darshion.com\/#organization\",\"name\":\"darshion\",\"url\":\"https:\/\/darshion.com\/\",\"logo\":{\"@type\":\"ImageObject\",\"inLanguage\":\"es\",\"@id\":\"https:\/\/darshion.com\/#\/schema\/logo\/image\/\",\"url\":\"https:\/\/darshion.com\/wp-content\/uploads\/2023\/09\/01-1.png\",\"contentUrl\":\"https:\/\/darshion.com\/wp-content\/uploads\/2023\/09\/01-1.png\",\"width\":350,\"height\":100,\"caption\":\"darshion\"},\"image\":{\"@id\":\"https:\/\/darshion.com\/#\/schema\/logo\/image\/\"}}]}<\/script>\n<!-- \/ Yoast SEO Premium plugin. -->","yoast_head_json":{"title":"F\u00e1brica de ratones inal\u00e1mbricos recargables A20 - darshion","robots":{"index":"index","follow":"follow","max-snippet":"max-snippet:-1","max-image-preview":"max-image-preview:large","max-video-preview":"max-video-preview:-1"},"canonical":"https:\/\/darshion.com\/es\/producto\/gaming-wireless-mouse\/","og_locale":"es_ES","og_type":"article","og_title":"A20 Rechargeable Wireless Mouse Factory","og_description":"A20 Rechargeable Lithium Battery Colorful 2.4Ghz Optical Gaming Wireless Mouse","og_url":"https:\/\/darshion.com\/es\/producto\/gaming-wireless-mouse\/","og_site_name":"darshion","article_modified_time":"2024-07-04T08:20:10+00:00","og_image":[{"width":800,"height":800,"url":"https:\/\/darshion.com\/wp-content\/uploads\/2024\/05\/\u767d\u5e95.jpg","type":"image\/jpeg"}],"twitter_card":"summary_large_image","twitter_misc":{"Tiempo de lectura":"3 minutos"},"schema":{"@context":"https:\/\/schema.org","@graph":[{"@type":"WebPage","@id":"https:\/\/darshion.com\/ru\/product\/gaming-wireless-mouse\/","url":"https:\/\/darshion.com\/ru\/product\/gaming-wireless-mouse\/","name":"F\u00e1brica de ratones inal\u00e1mbricos recargables A20 - darshion","isPartOf":{"@id":"https:\/\/darshion.com\/#website"},"primaryImageOfPage":{"@id":"https:\/\/darshion.com\/ru\/product\/gaming-wireless-mouse\/#primaryimage"},"image":{"@id":"https:\/\/darshion.com\/ru\/product\/gaming-wireless-mouse\/#primaryimage"},"thumbnailUrl":"https:\/\/darshion.com\/wp-content\/uploads\/2024\/05\/\u767d\u5e95.jpg","datePublished":"2024-05-31T04:15:27+00:00","dateModified":"2024-07-04T08:20:10+00:00","breadcrumb":{"@id":"https:\/\/darshion.com\/ru\/product\/gaming-wireless-mouse\/#breadcrumb"},"inLanguage":"es","potentialAction":[{"@type":"ReadAction","target":["https:\/\/darshion.com\/ru\/product\/gaming-wireless-mouse\/"]}]},{"@type":"ImageObject","inLanguage":"es","@id":"https:\/\/darshion.com\/ru\/product\/gaming-wireless-mouse\/#primaryimage","url":"https:\/\/darshion.com\/wp-content\/uploads\/2024\/05\/\u767d\u5e95.jpg","contentUrl":"https:\/\/darshion.com\/wp-content\/uploads\/2024\/05\/\u767d\u5e95.jpg","width":800,"height":800,"caption":"A20 Rechargeable Colorful Gaming Wireless Mouse"},{"@type":"BreadcrumbList","@id":"https:\/\/darshion.com\/ru\/product\/gaming-wireless-mouse\/#breadcrumb","itemListElement":[{"@type":"ListItem","position":1,"name":"\u9996\u9875","item":"https:\/\/darshion.com\/"},{"@type":"ListItem","position":2,"name":"PRODUCT","item":"https:\/\/darshion.com\/pt\/product\/"},{"@type":"ListItem","position":3,"name":"A20 Rechargeable Wireless Mouse Factory"}]},{"@type":"WebSite","@id":"https:\/\/darshion.com\/#website","url":"https:\/\/darshion.com\/","name":"darshion","description":"14 a\u00f1os de experiencia, garant\u00eda de calidad, dise\u00f1o innovador","publisher":{"@id":"https:\/\/darshion.com\/#organization"},"potentialAction":[{"@type":"SearchAction","target":{"@type":"EntryPoint","urlTemplate":"https:\/\/darshion.com\/?s={search_term_string}"},"query-input":{"@type":"PropertyValueSpecification","valueRequired":true,"valueName":"search_term_string"}}],"inLanguage":"es"},{"@type":"Organization","@id":"https:\/\/darshion.com\/#organization","name":"darshion","url":"https:\/\/darshion.com\/","logo":{"@type":"ImageObject","inLanguage":"es","@id":"https:\/\/darshion.com\/#\/schema\/logo\/image\/","url":"https:\/\/darshion.com\/wp-content\/uploads\/2023\/09\/01-1.png","contentUrl":"https:\/\/darshion.com\/wp-content\/uploads\/2023\/09\/01-1.png","width":350,"height":100,"caption":"darshion"},"image":{"@id":"https:\/\/darshion.com\/#\/schema\/logo\/image\/"}}]}},"_links":{"self":[{"href":"https:\/\/darshion.com\/es\/wp-json\/wp\/v2\/product\/2343"}],"collection":[{"href":"https:\/\/darshion.com\/es\/wp-json\/wp\/v2\/product"}],"about":[{"href":"https:\/\/darshion.com\/es\/wp-json\/wp\/v2\/types\/product"}],"replies":[{"embeddable":true,"href":"https:\/\/darshion.com\/es\/wp-json\/wp\/v2\/comments?post=2343"}],"wp:featuredmedia":[{"embeddable":true,"href":"https:\/\/darshion.com\/es\/wp-json\/wp\/v2\/media\/2353"}],"wp:attachment":[{"href":"https:\/\/darshion.com\/es\/wp-json\/wp\/v2\/media?parent=2343"}],"wp:term":[{"taxonomy":"product_cat","embeddable":true,"href":"https:\/\/darshion.com\/es\/wp-json\/wp\/v2\/product_cat?post=2343"},{"taxonomy":"product_tag","embeddable":true,"href":"https:\/\/darshion.com\/es\/wp-json\/wp\/v2\/product_tag?post=2343"}],"curies":[{"name":"wp","href":"https:\/\/api.w.org\/{rel}","templated":true}]}}