{"id":2433,"date":"2024-06-05T17:30:47","date_gmt":"2024-06-05T09:30:47","guid":{"rendered":"https:\/\/darshion.com\/?post_type=product&#038;p=2433"},"modified":"2024-07-09T17:15:20","modified_gmt":"2024-07-09T09:15:20","slug":"2-4ghz-wireless-mouse-t26","status":"publish","type":"product","link":"https:\/\/darshion.com\/es\/producto\/2-4ghz-wireless-mouse-t26\/","title":{"rendered":"T26 Gaming 2.4GHz Wireless Mouse Fabricantes"},"content":{"rendered":"<p><strong>Caracter\u00edsticas:<\/strong><br \/>\n1:T26 Tecnolog\u00eda l\u00e1ser \u00f3ptica para un control preciso\uff0cBater\u00eda de litio recargable incorporada,La carga utiliza la interfaz TYPE-C para cargar r\u00e1pidamente, evitando el problema de la carga lenta\uff0cNo hay necesidad de reemplazar la bater\u00eda.<br \/>\n\u00a12:Receptor inal\u00e1mbrico, se puede recibir dentro de 10 metros de wireless\uff0c2400 DPl motor de alta precisi\u00f3n, experiencia precisa! C\u00f3modo agarre, disfrutar de la tecnolog\u00eda inal\u00e1mbrica 24G, ffice juegos casuales aplicables.<br \/>\n3:Botones L\/R del rat\u00f3n, 2 botones para el pulgar y una rueda de desplazamiento clicable , dpi +\/-.<br \/>\n4:Cool colorido dise\u00f1o de la luz de respiraci\u00f3n, apagar las luces y ahorrar energ\u00eda.<br \/>\n5:Elige la posici\u00f3n de la mano que m\u00e1s te convenga. Plug and play, compatible con Mac.<\/p>\n<p><strong>Especificaci\u00f3n\uff1a<\/strong><br \/>\n1\uff1aTipo de proyecto: TYPE-C Rat\u00f3n de carga r\u00e1pida<br \/>\n2\uff1aNOMBRE DEL PRODUCTO: Rat\u00f3n inal\u00e1mbrico 2.4G<br \/>\n3\uff1aMarca: Darshion<br \/>\n4\uff1aTecnolog\u00eda inal\u00e1mbrica: 2.4G<br \/>\n5\uff1aDistancia inal\u00e1mbrica: 10 m<br \/>\n6\uff1aVoltaje nominal \/ corriente: 3,7V\/18mA<br \/>\n7\uff1aFuente de alimentaci\u00f3n: bater\u00eda de litio recargable integrada (600 mAh)<br \/>\n8\uff1aN\u00famero de teclas: 7 teclas\uff084 botones y 1 rueda (bot\u00f3n central)y dpi+\/-(ajustable) \uff09<br \/>\n9\uff1aResoluci\u00f3n \u00f3ptica: 800 ppp\uff1b1600 ppp; 2400 ppp.<br \/>\n10\uff1aClasificaci\u00f3n del color: Negro .<br \/>\n11\uff1aTrabajo: Fotoelectricidad<br \/>\n12\uff1aVida \u00fatil del bot\u00f3n: 10 millones de veces<br \/>\n13\uff1aMaterial: ABS<br \/>\n14\uff1aPeso del producto: 102 g<br \/>\n15\uff1aTama\u00f1o del art\u00edculo: 12,7x7x4,1cm<br \/>\n16\uff1aPeso del envase: 150 g<br \/>\n17\uff1aTama\u00f1o del embalaje: 13,5\u00d78,5x5cm<br \/>\n18\uff1aRequisitos del sistema: Windows 98 \/ Me \/ 2000 \/ XP \/ Vista \/ Win 7 \/ Win8 \/10\/Vista Mac OS o m\u00e1s reciente.<\/p>\n<p><strong>El paquete incluye:<\/strong><br \/>\n1 x Rat\u00f3n<br \/>\n1 x Receptor USB<br \/>\n1 x Manual de usuario<br \/>\n1 x Cable de carga Type-C~usb<br \/>\nObservaciones:<br \/>\nPara ahorrar m\u00e1s energ\u00eda y hacer que la bater\u00eda sea m\u00e1s duradera, no utilizamos m\u00e1s luces de colores. S\u00f3lo cuando no hay luz por la noche, el efecto de iluminaci\u00f3n es mejor. Si te importa, c\u00f3mpralo con cuidado.<\/p>\n<p><img fetchpriority=\"high\" decoding=\"async\" class=\"alignnone size-full wp-image-2436\" src=\"https:\/\/darshion.com\/wp-content\/uploads\/2024\/06\/1-5.jpg\" alt=\"\" width=\"1500\" height=\"1500\" srcset=\"https:\/\/darshion.com\/wp-content\/uploads\/2024\/06\/1-5.jpg 1500w, https:\/\/darshion.com\/wp-content\/uploads\/2024\/06\/1-5-300x300.jpg 300w, https:\/\/darshion.com\/wp-content\/uploads\/2024\/06\/1-5-1024x1024.jpg 1024w, https:\/\/darshion.com\/wp-content\/uploads\/2024\/06\/1-5-150x150.jpg 150w, https:\/\/darshion.com\/wp-content\/uploads\/2024\/06\/1-5-768x768.jpg 768w, https:\/\/darshion.com\/wp-content\/uploads\/2024\/06\/1-5-600x600.jpg 600w, https:\/\/darshion.com\/wp-content\/uploads\/2024\/06\/1-5-100x100.jpg 100w\" sizes=\"(max-width: 1500px) 100vw, 1500px\" \/> <img decoding=\"async\" class=\"alignnone size-full wp-image-2437\" src=\"https:\/\/darshion.com\/wp-content\/uploads\/2024\/06\/2-5.jpg\" alt=\"\" width=\"1500\" height=\"1500\" srcset=\"https:\/\/darshion.com\/wp-content\/uploads\/2024\/06\/2-5.jpg 1500w, https:\/\/darshion.com\/wp-content\/uploads\/2024\/06\/2-5-300x300.jpg 300w, https:\/\/darshion.com\/wp-content\/uploads\/2024\/06\/2-5-1024x1024.jpg 1024w, https:\/\/darshion.com\/wp-content\/uploads\/2024\/06\/2-5-150x150.jpg 150w, https:\/\/darshion.com\/wp-content\/uploads\/2024\/06\/2-5-768x768.jpg 768w, https:\/\/darshion.com\/wp-content\/uploads\/2024\/06\/2-5-600x600.jpg 600w, https:\/\/darshion.com\/wp-content\/uploads\/2024\/06\/2-5-100x100.jpg 100w\" sizes=\"(max-width: 1500px) 100vw, 1500px\" \/> <img decoding=\"async\" class=\"alignnone size-full wp-image-2438\" src=\"https:\/\/darshion.com\/wp-content\/uploads\/2024\/06\/3-5.jpg\" alt=\"\" width=\"1500\" height=\"1500\" srcset=\"https:\/\/darshion.com\/wp-content\/uploads\/2024\/06\/3-5.jpg 1500w, https:\/\/darshion.com\/wp-content\/uploads\/2024\/06\/3-5-300x300.jpg 300w, https:\/\/darshion.com\/wp-content\/uploads\/2024\/06\/3-5-1024x1024.jpg 1024w, https:\/\/darshion.com\/wp-content\/uploads\/2024\/06\/3-5-150x150.jpg 150w, https:\/\/darshion.com\/wp-content\/uploads\/2024\/06\/3-5-768x768.jpg 768w, https:\/\/darshion.com\/wp-content\/uploads\/2024\/06\/3-5-600x600.jpg 600w, https:\/\/darshion.com\/wp-content\/uploads\/2024\/06\/3-5-100x100.jpg 100w\" sizes=\"(max-width: 1500px) 100vw, 1500px\" \/> <img loading=\"lazy\" decoding=\"async\" class=\"alignnone size-full wp-image-2439\" src=\"https:\/\/darshion.com\/wp-content\/uploads\/2024\/06\/4-5.jpg\" alt=\"\" width=\"1500\" height=\"1500\" srcset=\"https:\/\/darshion.com\/wp-content\/uploads\/2024\/06\/4-5.jpg 1500w, https:\/\/darshion.com\/wp-content\/uploads\/2024\/06\/4-5-300x300.jpg 300w, https:\/\/darshion.com\/wp-content\/uploads\/2024\/06\/4-5-1024x1024.jpg 1024w, https:\/\/darshion.com\/wp-content\/uploads\/2024\/06\/4-5-150x150.jpg 150w, https:\/\/darshion.com\/wp-content\/uploads\/2024\/06\/4-5-768x768.jpg 768w, https:\/\/darshion.com\/wp-content\/uploads\/2024\/06\/4-5-600x600.jpg 600w, https:\/\/darshion.com\/wp-content\/uploads\/2024\/06\/4-5-100x100.jpg 100w\" sizes=\"(max-width: 1500px) 100vw, 1500px\" \/><\/p>","protected":false},"excerpt":{"rendered":"<p class=\"pro_single_title\">Rat\u00f3n inal\u00e1mbrico T26 Backlit RGB Gaming USB recargable de 2,4 GHz<\/p>","protected":false},"featured_media":2440,"comment_status":"open","ping_status":"closed","template":"","meta":{"_monsterinsights_skip_tracking":false,"_monsterinsights_sitenote_active":false,"_monsterinsights_sitenote_note":"","_monsterinsights_sitenote_category":0},"product_cat":[541],"product_tag":[],"yoast_head":"<!-- This site is optimized with the Yoast SEO Premium plugin v22.9 (Yoast SEO v24.0) - https:\/\/yoast.com\/wordpress\/plugins\/seo\/ -->\n<title>T26 Gaming 2.4GHz Wireless Mouse Manufacturers - darshion<\/title>\n<meta name=\"robots\" content=\"index, follow, max-snippet:-1, max-image-preview:large, max-video-preview:-1\" \/>\n<link rel=\"canonical\" href=\"https:\/\/darshion.com\/es\/produto\/2-4ghz-wireless-mouse-t26\/\" \/>\n<meta property=\"og:locale\" content=\"es_ES\" \/>\n<meta property=\"og:type\" content=\"article\" \/>\n<meta property=\"og:title\" content=\"T26 Gaming 2.4GHz Wireless Mouse Manufacturers\" \/>\n<meta property=\"og:description\" content=\"T26 Backlit RGB Gaming USB Rechargeable 2.4GHz Wireless Mouse\" \/>\n<meta property=\"og:url\" content=\"https:\/\/darshion.com\/es\/produto\/2-4ghz-wireless-mouse-t26\/\" \/>\n<meta property=\"og:site_name\" content=\"darshion\" \/>\n<meta property=\"article:modified_time\" content=\"2024-07-09T09:15:20+00:00\" \/>\n<meta property=\"og:image\" content=\"https:\/\/darshion.com\/wp-content\/uploads\/2024\/06\/2021-6-2-16226235973710.webp\" \/>\n\t<meta property=\"og:image:width\" content=\"600\" \/>\n\t<meta property=\"og:image:height\" content=\"600\" \/>\n\t<meta property=\"og:image:type\" content=\"image\/webp\" \/>\n<meta name=\"twitter:card\" content=\"summary_large_image\" \/>\n<meta name=\"twitter:label1\" content=\"Tiempo de lectura\" \/>\n\t<meta name=\"twitter:data1\" content=\"3 minutos\" \/>\n<script type=\"application\/ld+json\" class=\"yoast-schema-graph\">{\"@context\":\"https:\/\/schema.org\",\"@graph\":[{\"@type\":\"WebPage\",\"@id\":\"https:\/\/darshion.com\/pt\/produto\/2-4ghz-wireless-mouse-t26\/\",\"url\":\"https:\/\/darshion.com\/pt\/produto\/2-4ghz-wireless-mouse-t26\/\",\"name\":\"T26 Gaming 2.4GHz Wireless Mouse Manufacturers - darshion\",\"isPartOf\":{\"@id\":\"https:\/\/darshion.com\/#website\"},\"primaryImageOfPage\":{\"@id\":\"https:\/\/darshion.com\/pt\/produto\/2-4ghz-wireless-mouse-t26\/#primaryimage\"},\"image\":{\"@id\":\"https:\/\/darshion.com\/pt\/produto\/2-4ghz-wireless-mouse-t26\/#primaryimage\"},\"thumbnailUrl\":\"https:\/\/darshion.com\/wp-content\/uploads\/2024\/06\/2021-6-2-16226235973710.webp\",\"datePublished\":\"2024-06-05T09:30:47+00:00\",\"dateModified\":\"2024-07-09T09:15:20+00:00\",\"breadcrumb\":{\"@id\":\"https:\/\/darshion.com\/pt\/produto\/2-4ghz-wireless-mouse-t26\/#breadcrumb\"},\"inLanguage\":\"es\",\"potentialAction\":[{\"@type\":\"ReadAction\",\"target\":[\"https:\/\/darshion.com\/pt\/produto\/2-4ghz-wireless-mouse-t26\/\"]}]},{\"@type\":\"ImageObject\",\"inLanguage\":\"es\",\"@id\":\"https:\/\/darshion.com\/pt\/produto\/2-4ghz-wireless-mouse-t26\/#primaryimage\",\"url\":\"https:\/\/darshion.com\/wp-content\/uploads\/2024\/06\/2021-6-2-16226235973710.webp\",\"contentUrl\":\"https:\/\/darshion.com\/wp-content\/uploads\/2024\/06\/2021-6-2-16226235973710.webp\",\"width\":600,\"height\":600,\"caption\":\"T26 2.4GHz Wireless Mouse\"},{\"@type\":\"BreadcrumbList\",\"@id\":\"https:\/\/darshion.com\/pt\/produto\/2-4ghz-wireless-mouse-t26\/#breadcrumb\",\"itemListElement\":[{\"@type\":\"ListItem\",\"position\":1,\"name\":\"\u9996\u9875\",\"item\":\"https:\/\/darshion.com\/\"},{\"@type\":\"ListItem\",\"position\":2,\"name\":\"PRODUCT\",\"item\":\"https:\/\/darshion.com\/pt\/product\/\"},{\"@type\":\"ListItem\",\"position\":3,\"name\":\"T26 Gaming 2.4GHz Wireless Mouse Manufacturers\"}]},{\"@type\":\"WebSite\",\"@id\":\"https:\/\/darshion.com\/#website\",\"url\":\"https:\/\/darshion.com\/\",\"name\":\"darshion\",\"description\":\"14 Years of Experience, Quality Assurance, Innovative Design\",\"publisher\":{\"@id\":\"https:\/\/darshion.com\/#organization\"},\"potentialAction\":[{\"@type\":\"SearchAction\",\"target\":{\"@type\":\"EntryPoint\",\"urlTemplate\":\"https:\/\/darshion.com\/?s={search_term_string}\"},\"query-input\":{\"@type\":\"PropertyValueSpecification\",\"valueRequired\":true,\"valueName\":\"search_term_string\"}}],\"inLanguage\":\"es\"},{\"@type\":\"Organization\",\"@id\":\"https:\/\/darshion.com\/#organization\",\"name\":\"darshion\",\"url\":\"https:\/\/darshion.com\/\",\"logo\":{\"@type\":\"ImageObject\",\"inLanguage\":\"es\",\"@id\":\"https:\/\/darshion.com\/#\/schema\/logo\/image\/\",\"url\":\"https:\/\/darshion.com\/wp-content\/uploads\/2023\/09\/01-1.png\",\"contentUrl\":\"https:\/\/darshion.com\/wp-content\/uploads\/2023\/09\/01-1.png\",\"width\":350,\"height\":100,\"caption\":\"darshion\"},\"image\":{\"@id\":\"https:\/\/darshion.com\/#\/schema\/logo\/image\/\"}}]}<\/script>\n<!-- \/ Yoast SEO Premium plugin. -->","yoast_head_json":{"title":"Fabricantes de ratones inal\u00e1mbricos T26 Gaming 2.4GHz - darshion","robots":{"index":"index","follow":"follow","max-snippet":"max-snippet:-1","max-image-preview":"max-image-preview:large","max-video-preview":"max-video-preview:-1"},"canonical":"https:\/\/darshion.com\/es\/produto\/2-4ghz-wireless-mouse-t26\/","og_locale":"es_ES","og_type":"article","og_title":"T26 Gaming 2.4GHz Wireless Mouse Manufacturers","og_description":"T26 Backlit RGB Gaming USB Rechargeable 2.4GHz Wireless Mouse","og_url":"https:\/\/darshion.com\/es\/produto\/2-4ghz-wireless-mouse-t26\/","og_site_name":"darshion","article_modified_time":"2024-07-09T09:15:20+00:00","og_image":[{"width":600,"height":600,"url":"https:\/\/darshion.com\/wp-content\/uploads\/2024\/06\/2021-6-2-16226235973710.webp","type":"image\/webp"}],"twitter_card":"summary_large_image","twitter_misc":{"Tiempo de lectura":"3 minutos"},"schema":{"@context":"https:\/\/schema.org","@graph":[{"@type":"WebPage","@id":"https:\/\/darshion.com\/pt\/produto\/2-4ghz-wireless-mouse-t26\/","url":"https:\/\/darshion.com\/pt\/produto\/2-4ghz-wireless-mouse-t26\/","name":"Fabricantes de ratones inal\u00e1mbricos T26 Gaming 2.4GHz - darshion","isPartOf":{"@id":"https:\/\/darshion.com\/#website"},"primaryImageOfPage":{"@id":"https:\/\/darshion.com\/pt\/produto\/2-4ghz-wireless-mouse-t26\/#primaryimage"},"image":{"@id":"https:\/\/darshion.com\/pt\/produto\/2-4ghz-wireless-mouse-t26\/#primaryimage"},"thumbnailUrl":"https:\/\/darshion.com\/wp-content\/uploads\/2024\/06\/2021-6-2-16226235973710.webp","datePublished":"2024-06-05T09:30:47+00:00","dateModified":"2024-07-09T09:15:20+00:00","breadcrumb":{"@id":"https:\/\/darshion.com\/pt\/produto\/2-4ghz-wireless-mouse-t26\/#breadcrumb"},"inLanguage":"es","potentialAction":[{"@type":"ReadAction","target":["https:\/\/darshion.com\/pt\/produto\/2-4ghz-wireless-mouse-t26\/"]}]},{"@type":"ImageObject","inLanguage":"es","@id":"https:\/\/darshion.com\/pt\/produto\/2-4ghz-wireless-mouse-t26\/#primaryimage","url":"https:\/\/darshion.com\/wp-content\/uploads\/2024\/06\/2021-6-2-16226235973710.webp","contentUrl":"https:\/\/darshion.com\/wp-content\/uploads\/2024\/06\/2021-6-2-16226235973710.webp","width":600,"height":600,"caption":"T26 2.4GHz Wireless Mouse"},{"@type":"BreadcrumbList","@id":"https:\/\/darshion.com\/pt\/produto\/2-4ghz-wireless-mouse-t26\/#breadcrumb","itemListElement":[{"@type":"ListItem","position":1,"name":"\u9996\u9875","item":"https:\/\/darshion.com\/"},{"@type":"ListItem","position":2,"name":"PRODUCT","item":"https:\/\/darshion.com\/pt\/product\/"},{"@type":"ListItem","position":3,"name":"T26 Gaming 2.4GHz Wireless Mouse Manufacturers"}]},{"@type":"WebSite","@id":"https:\/\/darshion.com\/#website","url":"https:\/\/darshion.com\/","name":"darshion","description":"14 a\u00f1os de experiencia, garant\u00eda de calidad, dise\u00f1o innovador","publisher":{"@id":"https:\/\/darshion.com\/#organization"},"potentialAction":[{"@type":"SearchAction","target":{"@type":"EntryPoint","urlTemplate":"https:\/\/darshion.com\/?s={search_term_string}"},"query-input":{"@type":"PropertyValueSpecification","valueRequired":true,"valueName":"search_term_string"}}],"inLanguage":"es"},{"@type":"Organization","@id":"https:\/\/darshion.com\/#organization","name":"darshion","url":"https:\/\/darshion.com\/","logo":{"@type":"ImageObject","inLanguage":"es","@id":"https:\/\/darshion.com\/#\/schema\/logo\/image\/","url":"https:\/\/darshion.com\/wp-content\/uploads\/2023\/09\/01-1.png","contentUrl":"https:\/\/darshion.com\/wp-content\/uploads\/2023\/09\/01-1.png","width":350,"height":100,"caption":"darshion"},"image":{"@id":"https:\/\/darshion.com\/#\/schema\/logo\/image\/"}}]}},"_links":{"self":[{"href":"https:\/\/darshion.com\/es\/wp-json\/wp\/v2\/product\/2433"}],"collection":[{"href":"https:\/\/darshion.com\/es\/wp-json\/wp\/v2\/product"}],"about":[{"href":"https:\/\/darshion.com\/es\/wp-json\/wp\/v2\/types\/product"}],"replies":[{"embeddable":true,"href":"https:\/\/darshion.com\/es\/wp-json\/wp\/v2\/comments?post=2433"}],"wp:featuredmedia":[{"embeddable":true,"href":"https:\/\/darshion.com\/es\/wp-json\/wp\/v2\/media\/2440"}],"wp:attachment":[{"href":"https:\/\/darshion.com\/es\/wp-json\/wp\/v2\/media?parent=2433"}],"wp:term":[{"taxonomy":"product_cat","embeddable":true,"href":"https:\/\/darshion.com\/es\/wp-json\/wp\/v2\/product_cat?post=2433"},{"taxonomy":"product_tag","embeddable":true,"href":"https:\/\/darshion.com\/es\/wp-json\/wp\/v2\/product_tag?post=2433"}],"curies":[{"name":"wp","href":"https:\/\/api.w.org\/{rel}","templated":true}]}}