{"id":2445,"date":"2024-06-06T11:04:56","date_gmt":"2024-06-06T03:04:56","guid":{"rendered":"https:\/\/darshion.com\/?post_type=product&#038;p=2445"},"modified":"2024-07-09T11:46:09","modified_gmt":"2024-07-09T03:46:09","slug":"computer-game-mouse-t16","status":"publish","type":"product","link":"https:\/\/darshion.com\/es\/producto\/computer-game-mouse-t16\/","title":{"rendered":"F\u00e1brica de ratones con cable para juegos de ordenador T16"},"content":{"rendered":"<p><strong>Descripci\u00f3n<\/strong><br \/>\nMarca: Darshion<br \/>\nOrientaci\u00f3n de la mano\uff1a Derecha<br \/>\nM\u00e9todo de seguimiento\uff1a \u00d3ptico<br \/>\nEstilo\uff1a Juegos<br \/>\nTipo de interfaz\uff1a usb<br \/>\nTipo de alimentaci\u00f3n\uff1a Ninguna<br \/>\nN\u00famero de rodillos\uff1a 1<br \/>\nN\u00famero de botones\uff1a 8<br \/>\nRetroiluminado\uff1a RGB<br \/>\nNombre del producto\uff1a rat\u00f3n para juegos<br \/>\nPersonas a las que va dirigido\uff1a Adultos<br \/>\nEmbalaje\uff1a Caja de regalo<br \/>\nColor\uff1a negro<br \/>\nMOQ\uff1a 1000PCS<br \/>\nCertificaci\u00f3n de calidad\uff1a CE\/FCC\/ROHS<br \/>\nFecha de caducidad\uff1a 12 meses<br \/>\nTama\u00f1o del producto\uff1a 126,7\u00d774,5\u00d741,3mm<\/p>\n<p><img fetchpriority=\"high\" decoding=\"async\" class=\"alignnone size-full wp-image-2457\" src=\"https:\/\/darshion.com\/wp-content\/uploads\/2024\/06\/5.jpg\" alt=\"\" width=\"750\" height=\"750\" srcset=\"https:\/\/darshion.com\/wp-content\/uploads\/2024\/06\/5.jpg 750w, https:\/\/darshion.com\/wp-content\/uploads\/2024\/06\/5-300x300.jpg 300w, https:\/\/darshion.com\/wp-content\/uploads\/2024\/06\/5-150x150.jpg 150w, https:\/\/darshion.com\/wp-content\/uploads\/2024\/06\/5-600x600.jpg 600w, https:\/\/darshion.com\/wp-content\/uploads\/2024\/06\/5-100x100.jpg 100w\" sizes=\"(max-width: 750px) 100vw, 750px\" \/> <img decoding=\"async\" class=\"alignnone size-full wp-image-2455\" src=\"https:\/\/darshion.com\/wp-content\/uploads\/2024\/06\/3-6.jpg\" alt=\"\" width=\"750\" height=\"750\" srcset=\"https:\/\/darshion.com\/wp-content\/uploads\/2024\/06\/3-6.jpg 750w, https:\/\/darshion.com\/wp-content\/uploads\/2024\/06\/3-6-300x300.jpg 300w, https:\/\/darshion.com\/wp-content\/uploads\/2024\/06\/3-6-150x150.jpg 150w, https:\/\/darshion.com\/wp-content\/uploads\/2024\/06\/3-6-600x600.jpg 600w, https:\/\/darshion.com\/wp-content\/uploads\/2024\/06\/3-6-100x100.jpg 100w\" sizes=\"(max-width: 750px) 100vw, 750px\" \/> <img decoding=\"async\" class=\"alignnone size-full wp-image-2454\" src=\"https:\/\/darshion.com\/wp-content\/uploads\/2024\/06\/2-6.jpg\" alt=\"\" width=\"750\" height=\"750\" srcset=\"https:\/\/darshion.com\/wp-content\/uploads\/2024\/06\/2-6.jpg 750w, https:\/\/darshion.com\/wp-content\/uploads\/2024\/06\/2-6-300x300.jpg 300w, https:\/\/darshion.com\/wp-content\/uploads\/2024\/06\/2-6-150x150.jpg 150w, https:\/\/darshion.com\/wp-content\/uploads\/2024\/06\/2-6-600x600.jpg 600w, https:\/\/darshion.com\/wp-content\/uploads\/2024\/06\/2-6-100x100.jpg 100w\" sizes=\"(max-width: 750px) 100vw, 750px\" \/> <img loading=\"lazy\" decoding=\"async\" class=\"alignnone size-full wp-image-2453\" src=\"https:\/\/darshion.com\/wp-content\/uploads\/2024\/06\/1-6.jpg\" alt=\"\" width=\"750\" height=\"750\" srcset=\"https:\/\/darshion.com\/wp-content\/uploads\/2024\/06\/1-6.jpg 750w, https:\/\/darshion.com\/wp-content\/uploads\/2024\/06\/1-6-300x300.jpg 300w, https:\/\/darshion.com\/wp-content\/uploads\/2024\/06\/1-6-150x150.jpg 150w, https:\/\/darshion.com\/wp-content\/uploads\/2024\/06\/1-6-600x600.jpg 600w, https:\/\/darshion.com\/wp-content\/uploads\/2024\/06\/1-6-100x100.jpg 100w\" sizes=\"(max-width: 750px) 100vw, 750px\" \/><\/p>","protected":false},"excerpt":{"rendered":"<p class=\"pro_single_title\">T16 Rat\u00f3n con cable 7200 DPI para juegos de ordenador<\/p>","protected":false},"featured_media":2455,"comment_status":"open","ping_status":"closed","template":"","meta":{"_monsterinsights_skip_tracking":false,"_monsterinsights_sitenote_active":false,"_monsterinsights_sitenote_note":"","_monsterinsights_sitenote_category":0},"product_cat":[542],"product_tag":[],"yoast_head":"<!-- This site is optimized with the Yoast SEO Premium plugin v22.9 (Yoast SEO v24.0) - https:\/\/yoast.com\/wordpress\/plugins\/seo\/ -->\n<title>T16 Wired Computer Game Mouse Factory - darshion<\/title>\n<meta name=\"robots\" content=\"index, follow, max-snippet:-1, max-image-preview:large, max-video-preview:-1\" \/>\n<link rel=\"canonical\" href=\"https:\/\/darshion.com\/es\/urun\/computer-game-mouse-t16\/\" \/>\n<meta property=\"og:locale\" content=\"es_ES\" \/>\n<meta property=\"og:type\" content=\"article\" \/>\n<meta property=\"og:title\" content=\"T16 Wired Computer Game Mouse Factory\" \/>\n<meta property=\"og:description\" content=\"T16 Wired 7200 DPI PC Computer Game Mouse\" \/>\n<meta property=\"og:url\" content=\"https:\/\/darshion.com\/es\/urun\/computer-game-mouse-t16\/\" \/>\n<meta property=\"og:site_name\" content=\"darshion\" \/>\n<meta property=\"article:modified_time\" content=\"2024-07-09T03:46:09+00:00\" \/>\n<meta property=\"og:image\" content=\"https:\/\/darshion.com\/wp-content\/uploads\/2024\/06\/3-6.jpg\" \/>\n\t<meta property=\"og:image:width\" content=\"750\" \/>\n\t<meta property=\"og:image:height\" content=\"750\" \/>\n\t<meta property=\"og:image:type\" content=\"image\/jpeg\" \/>\n<meta name=\"twitter:card\" content=\"summary_large_image\" \/>\n<meta name=\"twitter:label1\" content=\"Tiempo de lectura\" \/>\n\t<meta name=\"twitter:data1\" content=\"2 minutos\" \/>\n<script type=\"application\/ld+json\" class=\"yoast-schema-graph\">{\"@context\":\"https:\/\/schema.org\",\"@graph\":[{\"@type\":\"WebPage\",\"@id\":\"https:\/\/darshion.com\/tr\/urun\/computer-game-mouse-t16\/\",\"url\":\"https:\/\/darshion.com\/tr\/urun\/computer-game-mouse-t16\/\",\"name\":\"T16 Wired Computer Game Mouse Factory - darshion\",\"isPartOf\":{\"@id\":\"https:\/\/darshion.com\/#website\"},\"primaryImageOfPage\":{\"@id\":\"https:\/\/darshion.com\/tr\/urun\/computer-game-mouse-t16\/#primaryimage\"},\"image\":{\"@id\":\"https:\/\/darshion.com\/tr\/urun\/computer-game-mouse-t16\/#primaryimage\"},\"thumbnailUrl\":\"https:\/\/darshion.com\/wp-content\/uploads\/2024\/06\/3-6.jpg\",\"datePublished\":\"2024-06-06T03:04:56+00:00\",\"dateModified\":\"2024-07-09T03:46:09+00:00\",\"breadcrumb\":{\"@id\":\"https:\/\/darshion.com\/tr\/urun\/computer-game-mouse-t16\/#breadcrumb\"},\"inLanguage\":\"es\",\"potentialAction\":[{\"@type\":\"ReadAction\",\"target\":[\"https:\/\/darshion.com\/tr\/urun\/computer-game-mouse-t16\/\"]}]},{\"@type\":\"ImageObject\",\"inLanguage\":\"es\",\"@id\":\"https:\/\/darshion.com\/tr\/urun\/computer-game-mouse-t16\/#primaryimage\",\"url\":\"https:\/\/darshion.com\/wp-content\/uploads\/2024\/06\/3-6.jpg\",\"contentUrl\":\"https:\/\/darshion.com\/wp-content\/uploads\/2024\/06\/3-6.jpg\",\"width\":750,\"height\":750,\"caption\":\"T16 Wired Computer Game Mouse\"},{\"@type\":\"BreadcrumbList\",\"@id\":\"https:\/\/darshion.com\/tr\/urun\/computer-game-mouse-t16\/#breadcrumb\",\"itemListElement\":[{\"@type\":\"ListItem\",\"position\":1,\"name\":\"\u9996\u9875\",\"item\":\"https:\/\/darshion.com\/\"},{\"@type\":\"ListItem\",\"position\":2,\"name\":\"PRODUCT\",\"item\":\"https:\/\/darshion.com\/pt\/product\/\"},{\"@type\":\"ListItem\",\"position\":3,\"name\":\"T16 Wired Computer Game Mouse Factory\"}]},{\"@type\":\"WebSite\",\"@id\":\"https:\/\/darshion.com\/#website\",\"url\":\"https:\/\/darshion.com\/\",\"name\":\"darshion\",\"description\":\"14 Years of Experience, Quality Assurance, Innovative Design\",\"publisher\":{\"@id\":\"https:\/\/darshion.com\/#organization\"},\"potentialAction\":[{\"@type\":\"SearchAction\",\"target\":{\"@type\":\"EntryPoint\",\"urlTemplate\":\"https:\/\/darshion.com\/?s={search_term_string}\"},\"query-input\":{\"@type\":\"PropertyValueSpecification\",\"valueRequired\":true,\"valueName\":\"search_term_string\"}}],\"inLanguage\":\"es\"},{\"@type\":\"Organization\",\"@id\":\"https:\/\/darshion.com\/#organization\",\"name\":\"darshion\",\"url\":\"https:\/\/darshion.com\/\",\"logo\":{\"@type\":\"ImageObject\",\"inLanguage\":\"es\",\"@id\":\"https:\/\/darshion.com\/#\/schema\/logo\/image\/\",\"url\":\"https:\/\/darshion.com\/wp-content\/uploads\/2023\/09\/01-1.png\",\"contentUrl\":\"https:\/\/darshion.com\/wp-content\/uploads\/2023\/09\/01-1.png\",\"width\":350,\"height\":100,\"caption\":\"darshion\"},\"image\":{\"@id\":\"https:\/\/darshion.com\/#\/schema\/logo\/image\/\"}}]}<\/script>\n<!-- \/ Yoast SEO Premium plugin. -->","yoast_head_json":{"title":"T16 Rat\u00f3n con cable para juegos de ordenador F\u00e1brica - darshion","robots":{"index":"index","follow":"follow","max-snippet":"max-snippet:-1","max-image-preview":"max-image-preview:large","max-video-preview":"max-video-preview:-1"},"canonical":"https:\/\/darshion.com\/es\/urun\/computer-game-mouse-t16\/","og_locale":"es_ES","og_type":"article","og_title":"T16 Wired Computer Game Mouse Factory","og_description":"T16 Wired 7200 DPI PC Computer Game Mouse","og_url":"https:\/\/darshion.com\/es\/urun\/computer-game-mouse-t16\/","og_site_name":"darshion","article_modified_time":"2024-07-09T03:46:09+00:00","og_image":[{"width":750,"height":750,"url":"https:\/\/darshion.com\/wp-content\/uploads\/2024\/06\/3-6.jpg","type":"image\/jpeg"}],"twitter_card":"summary_large_image","twitter_misc":{"Tiempo de lectura":"2 minutos"},"schema":{"@context":"https:\/\/schema.org","@graph":[{"@type":"WebPage","@id":"https:\/\/darshion.com\/tr\/urun\/computer-game-mouse-t16\/","url":"https:\/\/darshion.com\/tr\/urun\/computer-game-mouse-t16\/","name":"T16 Rat\u00f3n con cable para juegos de ordenador F\u00e1brica - darshion","isPartOf":{"@id":"https:\/\/darshion.com\/#website"},"primaryImageOfPage":{"@id":"https:\/\/darshion.com\/tr\/urun\/computer-game-mouse-t16\/#primaryimage"},"image":{"@id":"https:\/\/darshion.com\/tr\/urun\/computer-game-mouse-t16\/#primaryimage"},"thumbnailUrl":"https:\/\/darshion.com\/wp-content\/uploads\/2024\/06\/3-6.jpg","datePublished":"2024-06-06T03:04:56+00:00","dateModified":"2024-07-09T03:46:09+00:00","breadcrumb":{"@id":"https:\/\/darshion.com\/tr\/urun\/computer-game-mouse-t16\/#breadcrumb"},"inLanguage":"es","potentialAction":[{"@type":"ReadAction","target":["https:\/\/darshion.com\/tr\/urun\/computer-game-mouse-t16\/"]}]},{"@type":"ImageObject","inLanguage":"es","@id":"https:\/\/darshion.com\/tr\/urun\/computer-game-mouse-t16\/#primaryimage","url":"https:\/\/darshion.com\/wp-content\/uploads\/2024\/06\/3-6.jpg","contentUrl":"https:\/\/darshion.com\/wp-content\/uploads\/2024\/06\/3-6.jpg","width":750,"height":750,"caption":"T16 Wired Computer Game Mouse"},{"@type":"BreadcrumbList","@id":"https:\/\/darshion.com\/tr\/urun\/computer-game-mouse-t16\/#breadcrumb","itemListElement":[{"@type":"ListItem","position":1,"name":"\u9996\u9875","item":"https:\/\/darshion.com\/"},{"@type":"ListItem","position":2,"name":"PRODUCT","item":"https:\/\/darshion.com\/pt\/product\/"},{"@type":"ListItem","position":3,"name":"T16 Wired Computer Game Mouse Factory"}]},{"@type":"WebSite","@id":"https:\/\/darshion.com\/#website","url":"https:\/\/darshion.com\/","name":"darshion","description":"14 a\u00f1os de experiencia, garant\u00eda de calidad, dise\u00f1o innovador","publisher":{"@id":"https:\/\/darshion.com\/#organization"},"potentialAction":[{"@type":"SearchAction","target":{"@type":"EntryPoint","urlTemplate":"https:\/\/darshion.com\/?s={search_term_string}"},"query-input":{"@type":"PropertyValueSpecification","valueRequired":true,"valueName":"search_term_string"}}],"inLanguage":"es"},{"@type":"Organization","@id":"https:\/\/darshion.com\/#organization","name":"darshion","url":"https:\/\/darshion.com\/","logo":{"@type":"ImageObject","inLanguage":"es","@id":"https:\/\/darshion.com\/#\/schema\/logo\/image\/","url":"https:\/\/darshion.com\/wp-content\/uploads\/2023\/09\/01-1.png","contentUrl":"https:\/\/darshion.com\/wp-content\/uploads\/2023\/09\/01-1.png","width":350,"height":100,"caption":"darshion"},"image":{"@id":"https:\/\/darshion.com\/#\/schema\/logo\/image\/"}}]}},"_links":{"self":[{"href":"https:\/\/darshion.com\/es\/wp-json\/wp\/v2\/product\/2445"}],"collection":[{"href":"https:\/\/darshion.com\/es\/wp-json\/wp\/v2\/product"}],"about":[{"href":"https:\/\/darshion.com\/es\/wp-json\/wp\/v2\/types\/product"}],"replies":[{"embeddable":true,"href":"https:\/\/darshion.com\/es\/wp-json\/wp\/v2\/comments?post=2445"}],"wp:featuredmedia":[{"embeddable":true,"href":"https:\/\/darshion.com\/es\/wp-json\/wp\/v2\/media\/2455"}],"wp:attachment":[{"href":"https:\/\/darshion.com\/es\/wp-json\/wp\/v2\/media?parent=2445"}],"wp:term":[{"taxonomy":"product_cat","embeddable":true,"href":"https:\/\/darshion.com\/es\/wp-json\/wp\/v2\/product_cat?post=2445"},{"taxonomy":"product_tag","embeddable":true,"href":"https:\/\/darshion.com\/es\/wp-json\/wp\/v2\/product_tag?post=2445"}],"curies":[{"name":"wp","href":"https:\/\/api.w.org\/{rel}","templated":true}]}}