{"id":2496,"date":"2024-06-06T17:28:12","date_gmt":"2024-06-06T09:28:12","guid":{"rendered":"https:\/\/darshion.com\/?post_type=product&#038;p=2496"},"modified":"2024-07-08T17:27:50","modified_gmt":"2024-07-08T09:27:50","slug":"wired-gaming-mouse-j200","status":"publish","type":"product","link":"https:\/\/darshion.com\/es\/producto\/wired-gaming-mouse-j200\/","title":{"rendered":"J200 USB Wired Gaming Mouse Fabricante"},"content":{"rendered":"<p><strong>Descripci\u00f3n<\/strong><br \/>\nTipo: Rat\u00f3n para juegos deportivos<br \/>\nFunci\u00f3n: Admite programaci\u00f3n de macros<br \/>\nPPP: 800\/1200\/1600\/2400\/4800<br \/>\nCable: Cable trenzado de 1,5 metros<br \/>\nPlan: Inspur 704E<br \/>\nInterfaz: USB<br \/>\nIluminaci\u00f3n: Luz de respiraci\u00f3n de cuatro colores<br \/>\nFunci\u00f3n: Rat\u00f3n para juegos con programaci\u00f3n de juegos<br \/>\nVida \u00fatil: 3 a\u00f1os<br \/>\nMaterial: ABS+placa de acero<br \/>\nTama\u00f1o: 120 * 85 * 32mm<br \/>\nPeso neto: 135 g<br \/>\nColor: Negro, Plata<\/p>\n<p><img fetchpriority=\"high\" decoding=\"async\" class=\"alignnone size-full wp-image-2504\" src=\"https:\/\/darshion.com\/wp-content\/uploads\/2024\/06\/1622453136697840.jpg\" alt=\"\" width=\"800\" height=\"800\" srcset=\"https:\/\/darshion.com\/wp-content\/uploads\/2024\/06\/1622453136697840.jpg 800w, https:\/\/darshion.com\/wp-content\/uploads\/2024\/06\/1622453136697840-300x300.jpg 300w, https:\/\/darshion.com\/wp-content\/uploads\/2024\/06\/1622453136697840-150x150.jpg 150w, https:\/\/darshion.com\/wp-content\/uploads\/2024\/06\/1622453136697840-768x768.jpg 768w, https:\/\/darshion.com\/wp-content\/uploads\/2024\/06\/1622453136697840-600x600.jpg 600w, https:\/\/darshion.com\/wp-content\/uploads\/2024\/06\/1622453136697840-100x100.jpg 100w\" sizes=\"(max-width: 800px) 100vw, 800px\" \/> <img decoding=\"async\" class=\"alignnone size-full wp-image-2505\" src=\"https:\/\/darshion.com\/wp-content\/uploads\/2024\/06\/1622453146382603.jpg\" alt=\"\" width=\"1500\" height=\"1500\" srcset=\"https:\/\/darshion.com\/wp-content\/uploads\/2024\/06\/1622453146382603.jpg 1500w, https:\/\/darshion.com\/wp-content\/uploads\/2024\/06\/1622453146382603-300x300.jpg 300w, https:\/\/darshion.com\/wp-content\/uploads\/2024\/06\/1622453146382603-1024x1024.jpg 1024w, https:\/\/darshion.com\/wp-content\/uploads\/2024\/06\/1622453146382603-150x150.jpg 150w, https:\/\/darshion.com\/wp-content\/uploads\/2024\/06\/1622453146382603-768x768.jpg 768w, https:\/\/darshion.com\/wp-content\/uploads\/2024\/06\/1622453146382603-600x600.jpg 600w, https:\/\/darshion.com\/wp-content\/uploads\/2024\/06\/1622453146382603-100x100.jpg 100w\" sizes=\"(max-width: 1500px) 100vw, 1500px\" \/> <img decoding=\"async\" class=\"alignnone size-full wp-image-2506\" src=\"https:\/\/darshion.com\/wp-content\/uploads\/2024\/06\/1622453156217729.jpg\" alt=\"\" width=\"1500\" height=\"1500\" srcset=\"https:\/\/darshion.com\/wp-content\/uploads\/2024\/06\/1622453156217729.jpg 1500w, https:\/\/darshion.com\/wp-content\/uploads\/2024\/06\/1622453156217729-300x300.jpg 300w, https:\/\/darshion.com\/wp-content\/uploads\/2024\/06\/1622453156217729-1024x1024.jpg 1024w, https:\/\/darshion.com\/wp-content\/uploads\/2024\/06\/1622453156217729-150x150.jpg 150w, https:\/\/darshion.com\/wp-content\/uploads\/2024\/06\/1622453156217729-768x768.jpg 768w, https:\/\/darshion.com\/wp-content\/uploads\/2024\/06\/1622453156217729-600x600.jpg 600w, https:\/\/darshion.com\/wp-content\/uploads\/2024\/06\/1622453156217729-100x100.jpg 100w\" sizes=\"(max-width: 1500px) 100vw, 1500px\" \/> <img loading=\"lazy\" decoding=\"async\" class=\"alignnone size-full wp-image-2507\" src=\"https:\/\/darshion.com\/wp-content\/uploads\/2024\/06\/1622453167727798.jpg\" alt=\"\" width=\"800\" height=\"800\" srcset=\"https:\/\/darshion.com\/wp-content\/uploads\/2024\/06\/1622453167727798.jpg 800w, https:\/\/darshion.com\/wp-content\/uploads\/2024\/06\/1622453167727798-300x300.jpg 300w, https:\/\/darshion.com\/wp-content\/uploads\/2024\/06\/1622453167727798-150x150.jpg 150w, https:\/\/darshion.com\/wp-content\/uploads\/2024\/06\/1622453167727798-768x768.jpg 768w, https:\/\/darshion.com\/wp-content\/uploads\/2024\/06\/1622453167727798-600x600.jpg 600w, https:\/\/darshion.com\/wp-content\/uploads\/2024\/06\/1622453167727798-100x100.jpg 100w\" sizes=\"(max-width: 800px) 100vw, 800px\" \/> <img loading=\"lazy\" decoding=\"async\" class=\"alignnone size-full wp-image-2508\" src=\"https:\/\/darshion.com\/wp-content\/uploads\/2024\/06\/1622453174633895.jpg\" alt=\"\" width=\"800\" height=\"800\" srcset=\"https:\/\/darshion.com\/wp-content\/uploads\/2024\/06\/1622453174633895.jpg 800w, https:\/\/darshion.com\/wp-content\/uploads\/2024\/06\/1622453174633895-300x300.jpg 300w, https:\/\/darshion.com\/wp-content\/uploads\/2024\/06\/1622453174633895-150x150.jpg 150w, https:\/\/darshion.com\/wp-content\/uploads\/2024\/06\/1622453174633895-768x768.jpg 768w, https:\/\/darshion.com\/wp-content\/uploads\/2024\/06\/1622453174633895-600x600.jpg 600w, https:\/\/darshion.com\/wp-content\/uploads\/2024\/06\/1622453174633895-100x100.jpg 100w\" sizes=\"(max-width: 800px) 100vw, 800px\" \/><\/p>","protected":false},"excerpt":{"rendered":"<p>J200 Rat\u00f3n para juegos con cable USB de 7 teclas<\/p>\n<p>Punto de venta:<\/p>\n<p>1. Programaci\u00f3n de macros personalizables de 7 teclas.<\/p>\n<p>2. DIP ajustable de seis velocidades (800-1600-2400-3200-4800-6400).<\/p>\n<p>3. microinterruptor de chip de juego.<\/p>\n<p>4. Dise\u00f1o de suelo met\u00e1lico arenado de aleaci\u00f3n de aluminio integrado.<\/p>\n<p>5. Electrochapado rueda delantal 3D talla tridimensional.<\/p>\n<p>6.1680 millones de colores retroiluminaci\u00f3n m\u00faltiples cambios de modo.<\/p>\n<p>7. Dise\u00f1o mec\u00e1nico, tacto agradable en la piel.<\/p>\n<p>8. Dise\u00f1o de peso extra\u00edble<\/p>\n<p>&nbsp;<\/p>\n<p>Especificaci\u00f3n:<\/p>\n<p>1. Modelo de producto : J200 Macros mec\u00e1nicos Definir el rat\u00f3n de juego.<\/p>\n<p>2. 100% nuevo juego del rat\u00f3n<\/p>\n<p>3. Rat\u00f3n mec\u00e1nico para juegos de macrodefinici\u00f3n de marca de gama alta<\/p>\n<p>4. Dise\u00f1o de ingenier\u00eda del cuerpo humano<\/p>\n<p>5. 7 teclas programables<\/p>\n<p>6. Efecto de luz LED variable<\/p>\n<p>7. 12 niveles de DPI ajustables, Max.6400 DPI<\/p>\n<p>8. Tensi\u00f3n nominal \/ corriente el\u00e9ctrica: DC 5V \/ 100mA<\/p>\n<p>9. USB plug and play<\/p>\n<p>10. Vida \u00fatil del interruptor:20 millones de ciclos<\/p>\n<p>11. Longitud del cable: 150 cm<\/p>\n<p>12:Peso del producto: 139 g<\/p>\n<p>13:Tama\u00f1o del producto: 13*8,5*3,5cm<\/p>\n<p>14:Peso del paquete: 193 g<\/p>\n<p>15:Tama\u00f1o del embalaje: 15*9,8*5cm<\/p>\n<p>16. Compatible con Windows 2000 \/ XP \/ win7 \/ win8 \/win10 Vista<\/p>\n<p>IOS de 32 bits o m\u00e1s reciente.<\/p>","protected":false},"featured_media":2505,"comment_status":"open","ping_status":"closed","template":"","meta":{"_monsterinsights_skip_tracking":false,"_monsterinsights_sitenote_active":false,"_monsterinsights_sitenote_note":"","_monsterinsights_sitenote_category":0},"product_cat":[542],"product_tag":[],"yoast_head":"<!-- This site is optimized with the Yoast SEO Premium plugin v22.9 (Yoast SEO v24.0) - https:\/\/yoast.com\/wordpress\/plugins\/seo\/ -->\n<title>J200 USB Wired Gaming Mouse Manufacturer - darshion<\/title>\n<meta name=\"robots\" content=\"index, follow, max-snippet:-1, max-image-preview:large, max-video-preview:-1\" \/>\n<link rel=\"canonical\" href=\"https:\/\/darshion.com\/es\/urun\/wired-gaming-mouse-j200\/\" \/>\n<meta property=\"og:locale\" content=\"es_ES\" \/>\n<meta property=\"og:type\" content=\"article\" \/>\n<meta property=\"og:title\" content=\"J200 USB Wired Gaming Mouse Manufacturer\" \/>\n<meta property=\"og:description\" content=\"J200 7 Keys USB Wired Gaming Mouse  Selling point:  1. Full-key 7 customizable macro programming.  2. Six-speed variable speed adjustable DIP (800-1600-2400-3200-4800-6400).  3. game chip micro switch.  4. Integrated aluminum alloy sandblasted metal floor design.  5. Electroplated apron wheel 3D three-dimensional carving.  6.1680 million color backlight multiple mode changes.  7. Mechanical design, comfortable skin feel.  8. Removable weight design  &nbsp;  Specification:  1. Product model : J200 Mechanical Macros Define the game\u00a0mouse  2. 100% new mouse game  3. High-end brand mechanical macro definition gaming mouse  4. Human body engineering design  5. 7 programmable keys  6. Cool LED variable light effect  7. 12-level adjustable DPI, Max.6400 DPI  8. Voltage rating \/ electric current: DC 5V \/ 100mA  9. USB plug and play  10. Switch life:20 million cycle  11. Cable length: 150cm  12:Product weight: 139g  13:Product size: 13*8.5*3.5cm  14:Package weight: 193g  15:Packing size: 15*9.8*5cm  16. Support Windows 2000 \/ XP \/ win7 \/ win8 \/win10 Vista  32bit IOS or latest.\" \/>\n<meta property=\"og:url\" content=\"https:\/\/darshion.com\/es\/urun\/wired-gaming-mouse-j200\/\" \/>\n<meta property=\"og:site_name\" content=\"darshion\" \/>\n<meta property=\"article:modified_time\" content=\"2024-07-08T09:27:50+00:00\" \/>\n<meta property=\"og:image\" content=\"https:\/\/darshion.com\/wp-content\/uploads\/2024\/06\/1622453146382603.jpg\" \/>\n\t<meta property=\"og:image:width\" content=\"1500\" \/>\n\t<meta property=\"og:image:height\" content=\"1500\" \/>\n\t<meta property=\"og:image:type\" content=\"image\/jpeg\" \/>\n<meta name=\"twitter:card\" content=\"summary_large_image\" \/>\n<meta name=\"twitter:label1\" content=\"Tiempo de lectura\" \/>\n\t<meta name=\"twitter:data1\" content=\"2 minutos\" \/>\n<script type=\"application\/ld+json\" class=\"yoast-schema-graph\">{\"@context\":\"https:\/\/schema.org\",\"@graph\":[{\"@type\":\"WebPage\",\"@id\":\"https:\/\/darshion.com\/tr\/urun\/wired-gaming-mouse-j200\/\",\"url\":\"https:\/\/darshion.com\/tr\/urun\/wired-gaming-mouse-j200\/\",\"name\":\"J200 USB Wired Gaming Mouse Manufacturer - darshion\",\"isPartOf\":{\"@id\":\"https:\/\/darshion.com\/#website\"},\"primaryImageOfPage\":{\"@id\":\"https:\/\/darshion.com\/tr\/urun\/wired-gaming-mouse-j200\/#primaryimage\"},\"image\":{\"@id\":\"https:\/\/darshion.com\/tr\/urun\/wired-gaming-mouse-j200\/#primaryimage\"},\"thumbnailUrl\":\"https:\/\/darshion.com\/wp-content\/uploads\/2024\/06\/1622453146382603.jpg\",\"datePublished\":\"2024-06-06T09:28:12+00:00\",\"dateModified\":\"2024-07-08T09:27:50+00:00\",\"breadcrumb\":{\"@id\":\"https:\/\/darshion.com\/tr\/urun\/wired-gaming-mouse-j200\/#breadcrumb\"},\"inLanguage\":\"es\",\"potentialAction\":[{\"@type\":\"ReadAction\",\"target\":[\"https:\/\/darshion.com\/tr\/urun\/wired-gaming-mouse-j200\/\"]}]},{\"@type\":\"ImageObject\",\"inLanguage\":\"es\",\"@id\":\"https:\/\/darshion.com\/tr\/urun\/wired-gaming-mouse-j200\/#primaryimage\",\"url\":\"https:\/\/darshion.com\/wp-content\/uploads\/2024\/06\/1622453146382603.jpg\",\"contentUrl\":\"https:\/\/darshion.com\/wp-content\/uploads\/2024\/06\/1622453146382603.jpg\",\"width\":1500,\"height\":1500,\"caption\":\"J200 Wired Gaming Mouse\"},{\"@type\":\"BreadcrumbList\",\"@id\":\"https:\/\/darshion.com\/tr\/urun\/wired-gaming-mouse-j200\/#breadcrumb\",\"itemListElement\":[{\"@type\":\"ListItem\",\"position\":1,\"name\":\"\u9996\u9875\",\"item\":\"https:\/\/darshion.com\/\"},{\"@type\":\"ListItem\",\"position\":2,\"name\":\"PRODUCT\",\"item\":\"https:\/\/darshion.com\/pt\/product\/\"},{\"@type\":\"ListItem\",\"position\":3,\"name\":\"J200 USB Wired Gaming Mouse Manufacturer\"}]},{\"@type\":\"WebSite\",\"@id\":\"https:\/\/darshion.com\/#website\",\"url\":\"https:\/\/darshion.com\/\",\"name\":\"darshion\",\"description\":\"14 Years of Experience, Quality Assurance, Innovative Design\",\"publisher\":{\"@id\":\"https:\/\/darshion.com\/#organization\"},\"potentialAction\":[{\"@type\":\"SearchAction\",\"target\":{\"@type\":\"EntryPoint\",\"urlTemplate\":\"https:\/\/darshion.com\/?s={search_term_string}\"},\"query-input\":{\"@type\":\"PropertyValueSpecification\",\"valueRequired\":true,\"valueName\":\"search_term_string\"}}],\"inLanguage\":\"es\"},{\"@type\":\"Organization\",\"@id\":\"https:\/\/darshion.com\/#organization\",\"name\":\"darshion\",\"url\":\"https:\/\/darshion.com\/\",\"logo\":{\"@type\":\"ImageObject\",\"inLanguage\":\"es\",\"@id\":\"https:\/\/darshion.com\/#\/schema\/logo\/image\/\",\"url\":\"https:\/\/darshion.com\/wp-content\/uploads\/2023\/09\/01-1.png\",\"contentUrl\":\"https:\/\/darshion.com\/wp-content\/uploads\/2023\/09\/01-1.png\",\"width\":350,\"height\":100,\"caption\":\"darshion\"},\"image\":{\"@id\":\"https:\/\/darshion.com\/#\/schema\/logo\/image\/\"}}]}<\/script>\n<!-- \/ Yoast SEO Premium plugin. -->","yoast_head_json":{"title":"J200 Rat\u00f3n USB con cable para juegos Fabricante - darshion","robots":{"index":"index","follow":"follow","max-snippet":"max-snippet:-1","max-image-preview":"max-image-preview:large","max-video-preview":"max-video-preview:-1"},"canonical":"https:\/\/darshion.com\/es\/urun\/wired-gaming-mouse-j200\/","og_locale":"es_ES","og_type":"article","og_title":"J200 USB Wired Gaming Mouse Manufacturer","og_description":"J200 7 Keys USB Wired Gaming Mouse  Selling point:  1. Full-key 7 customizable macro programming.  2. Six-speed variable speed adjustable DIP (800-1600-2400-3200-4800-6400).  3. game chip micro switch.  4. Integrated aluminum alloy sandblasted metal floor design.  5. Electroplated apron wheel 3D three-dimensional carving.  6.1680 million color backlight multiple mode changes.  7. Mechanical design, comfortable skin feel.  8. Removable weight design  &nbsp;  Specification:  1. Product model : J200 Mechanical Macros Define the game\u00a0mouse  2. 100% new mouse game  3. High-end brand mechanical macro definition gaming mouse  4. Human body engineering design  5. 7 programmable keys  6. Cool LED variable light effect  7. 12-level adjustable DPI, Max.6400 DPI  8. Voltage rating \/ electric current: DC 5V \/ 100mA  9. USB plug and play  10. Switch life:20 million cycle  11. Cable length: 150cm  12:Product weight: 139g  13:Product size: 13*8.5*3.5cm  14:Package weight: 193g  15:Packing size: 15*9.8*5cm  16. Support Windows 2000 \/ XP \/ win7 \/ win8 \/win10 Vista  32bit IOS or latest.","og_url":"https:\/\/darshion.com\/es\/urun\/wired-gaming-mouse-j200\/","og_site_name":"darshion","article_modified_time":"2024-07-08T09:27:50+00:00","og_image":[{"width":1500,"height":1500,"url":"https:\/\/darshion.com\/wp-content\/uploads\/2024\/06\/1622453146382603.jpg","type":"image\/jpeg"}],"twitter_card":"summary_large_image","twitter_misc":{"Tiempo de lectura":"2 minutos"},"schema":{"@context":"https:\/\/schema.org","@graph":[{"@type":"WebPage","@id":"https:\/\/darshion.com\/tr\/urun\/wired-gaming-mouse-j200\/","url":"https:\/\/darshion.com\/tr\/urun\/wired-gaming-mouse-j200\/","name":"J200 Rat\u00f3n USB con cable para juegos Fabricante - darshion","isPartOf":{"@id":"https:\/\/darshion.com\/#website"},"primaryImageOfPage":{"@id":"https:\/\/darshion.com\/tr\/urun\/wired-gaming-mouse-j200\/#primaryimage"},"image":{"@id":"https:\/\/darshion.com\/tr\/urun\/wired-gaming-mouse-j200\/#primaryimage"},"thumbnailUrl":"https:\/\/darshion.com\/wp-content\/uploads\/2024\/06\/1622453146382603.jpg","datePublished":"2024-06-06T09:28:12+00:00","dateModified":"2024-07-08T09:27:50+00:00","breadcrumb":{"@id":"https:\/\/darshion.com\/tr\/urun\/wired-gaming-mouse-j200\/#breadcrumb"},"inLanguage":"es","potentialAction":[{"@type":"ReadAction","target":["https:\/\/darshion.com\/tr\/urun\/wired-gaming-mouse-j200\/"]}]},{"@type":"ImageObject","inLanguage":"es","@id":"https:\/\/darshion.com\/tr\/urun\/wired-gaming-mouse-j200\/#primaryimage","url":"https:\/\/darshion.com\/wp-content\/uploads\/2024\/06\/1622453146382603.jpg","contentUrl":"https:\/\/darshion.com\/wp-content\/uploads\/2024\/06\/1622453146382603.jpg","width":1500,"height":1500,"caption":"J200 Wired Gaming Mouse"},{"@type":"BreadcrumbList","@id":"https:\/\/darshion.com\/tr\/urun\/wired-gaming-mouse-j200\/#breadcrumb","itemListElement":[{"@type":"ListItem","position":1,"name":"\u9996\u9875","item":"https:\/\/darshion.com\/"},{"@type":"ListItem","position":2,"name":"PRODUCT","item":"https:\/\/darshion.com\/pt\/product\/"},{"@type":"ListItem","position":3,"name":"J200 USB Wired Gaming Mouse Manufacturer"}]},{"@type":"WebSite","@id":"https:\/\/darshion.com\/#website","url":"https:\/\/darshion.com\/","name":"darshion","description":"14 a\u00f1os de experiencia, garant\u00eda de calidad, dise\u00f1o innovador","publisher":{"@id":"https:\/\/darshion.com\/#organization"},"potentialAction":[{"@type":"SearchAction","target":{"@type":"EntryPoint","urlTemplate":"https:\/\/darshion.com\/?s={search_term_string}"},"query-input":{"@type":"PropertyValueSpecification","valueRequired":true,"valueName":"search_term_string"}}],"inLanguage":"es"},{"@type":"Organization","@id":"https:\/\/darshion.com\/#organization","name":"darshion","url":"https:\/\/darshion.com\/","logo":{"@type":"ImageObject","inLanguage":"es","@id":"https:\/\/darshion.com\/#\/schema\/logo\/image\/","url":"https:\/\/darshion.com\/wp-content\/uploads\/2023\/09\/01-1.png","contentUrl":"https:\/\/darshion.com\/wp-content\/uploads\/2023\/09\/01-1.png","width":350,"height":100,"caption":"darshion"},"image":{"@id":"https:\/\/darshion.com\/#\/schema\/logo\/image\/"}}]}},"_links":{"self":[{"href":"https:\/\/darshion.com\/es\/wp-json\/wp\/v2\/product\/2496"}],"collection":[{"href":"https:\/\/darshion.com\/es\/wp-json\/wp\/v2\/product"}],"about":[{"href":"https:\/\/darshion.com\/es\/wp-json\/wp\/v2\/types\/product"}],"replies":[{"embeddable":true,"href":"https:\/\/darshion.com\/es\/wp-json\/wp\/v2\/comments?post=2496"}],"wp:featuredmedia":[{"embeddable":true,"href":"https:\/\/darshion.com\/es\/wp-json\/wp\/v2\/media\/2505"}],"wp:attachment":[{"href":"https:\/\/darshion.com\/es\/wp-json\/wp\/v2\/media?parent=2496"}],"wp:term":[{"taxonomy":"product_cat","embeddable":true,"href":"https:\/\/darshion.com\/es\/wp-json\/wp\/v2\/product_cat?post=2496"},{"taxonomy":"product_tag","embeddable":true,"href":"https:\/\/darshion.com\/es\/wp-json\/wp\/v2\/product_tag?post=2496"}],"curies":[{"name":"wp","href":"https:\/\/api.w.org\/{rel}","templated":true}]}}