{"id":2509,"date":"2024-06-06T17:43:16","date_gmt":"2024-06-06T09:43:16","guid":{"rendered":"https:\/\/darshion.com\/?post_type=product&#038;p=2509"},"modified":"2024-07-08T16:48:18","modified_gmt":"2024-07-08T08:48:18","slug":"pc-laptop-mouse-hm9","status":"publish","type":"product","link":"https:\/\/darshion.com\/es\/producto\/pc-laptop-mouse-hm9\/","title":{"rendered":"HM9 Pink Silent Office Wireless Mouse Proveedores"},"content":{"rendered":"<p><strong>Caracter\u00edsticas:<\/strong><br \/>\nnuevo y de alta calidad.<br \/>\nTipo inal\u00e1mbrico recargable. Construido en bater\u00eda recargable de iones de litio, muy c\u00f3modo de usar, prescindir de la bater\u00eda de reemplazo frecuente problema, viene con un cable usb de recarga.<br \/>\nRequisitos del sistema: Windows 2000\/XP\/Vista\/7\/10, Linux, M-a-c OS, superior.<br \/>\nDise\u00f1o de moda Pink Girl: Dise\u00f1o delgado para un aspecto elegante y f\u00e1cil de usar<br \/>\nDise\u00f1o ergon\u00f3mico, tecnolog\u00eda de seguimiento \u00f3ptico, que funciona en muchas superficies diferentes y uso ideal para el hogar, la oficina o el juego.<br \/>\nAdecuado para PC Port\u00e1til Ordenador de sobremesa Con puerto USB.<\/p>\n<p><strong>Especificaciones:<\/strong><br \/>\nMaterial: Pl\u00e1stico<br \/>\nColor: Rosa<br \/>\nTama\u00f1o: aprox.: 125x67x39mm<br \/>\nPPP: 1600 ppp.<br \/>\nFuente de alimentaci\u00f3n: Bater\u00eda de litio recargable<\/p>\n<p><strong>El paquete incluye:<\/strong><br \/>\n1 x Rat\u00f3n inal\u00e1mbrico 2.4G<br \/>\n1 x Receptor USB (color aleatorio)<br \/>\n1 cable USB<\/p>\n<p><img fetchpriority=\"high\" decoding=\"async\" class=\"alignnone size-full wp-image-2517\" src=\"https:\/\/darshion.com\/wp-content\/uploads\/2024\/06\/1622451518604103.jpg\" alt=\"\" width=\"800\" height=\"800\" srcset=\"https:\/\/darshion.com\/wp-content\/uploads\/2024\/06\/1622451518604103.jpg 800w, https:\/\/darshion.com\/wp-content\/uploads\/2024\/06\/1622451518604103-300x300.jpg 300w, https:\/\/darshion.com\/wp-content\/uploads\/2024\/06\/1622451518604103-150x150.jpg 150w, https:\/\/darshion.com\/wp-content\/uploads\/2024\/06\/1622451518604103-768x768.jpg 768w, https:\/\/darshion.com\/wp-content\/uploads\/2024\/06\/1622451518604103-600x600.jpg 600w, https:\/\/darshion.com\/wp-content\/uploads\/2024\/06\/1622451518604103-100x100.jpg 100w\" sizes=\"(max-width: 800px) 100vw, 800px\" \/> <img decoding=\"async\" class=\"alignnone size-full wp-image-2518\" src=\"https:\/\/darshion.com\/wp-content\/uploads\/2024\/06\/1622451633448029.jpg\" alt=\"\" width=\"800\" height=\"800\" srcset=\"https:\/\/darshion.com\/wp-content\/uploads\/2024\/06\/1622451633448029.jpg 800w, https:\/\/darshion.com\/wp-content\/uploads\/2024\/06\/1622451633448029-300x300.jpg 300w, https:\/\/darshion.com\/wp-content\/uploads\/2024\/06\/1622451633448029-150x150.jpg 150w, https:\/\/darshion.com\/wp-content\/uploads\/2024\/06\/1622451633448029-768x768.jpg 768w, https:\/\/darshion.com\/wp-content\/uploads\/2024\/06\/1622451633448029-600x600.jpg 600w, https:\/\/darshion.com\/wp-content\/uploads\/2024\/06\/1622451633448029-100x100.jpg 100w\" sizes=\"(max-width: 800px) 100vw, 800px\" \/> <img decoding=\"async\" class=\"alignnone size-full wp-image-2519\" src=\"https:\/\/darshion.com\/wp-content\/uploads\/2024\/06\/1622451633809278.jpg\" alt=\"\" width=\"800\" height=\"800\" srcset=\"https:\/\/darshion.com\/wp-content\/uploads\/2024\/06\/1622451633809278.jpg 800w, https:\/\/darshion.com\/wp-content\/uploads\/2024\/06\/1622451633809278-300x300.jpg 300w, https:\/\/darshion.com\/wp-content\/uploads\/2024\/06\/1622451633809278-150x150.jpg 150w, https:\/\/darshion.com\/wp-content\/uploads\/2024\/06\/1622451633809278-768x768.jpg 768w, https:\/\/darshion.com\/wp-content\/uploads\/2024\/06\/1622451633809278-600x600.jpg 600w, https:\/\/darshion.com\/wp-content\/uploads\/2024\/06\/1622451633809278-100x100.jpg 100w\" sizes=\"(max-width: 800px) 100vw, 800px\" \/> <img loading=\"lazy\" decoding=\"async\" class=\"alignnone size-full wp-image-2520\" src=\"https:\/\/darshion.com\/wp-content\/uploads\/2024\/06\/H6ab552e784bc49c5ace7b034260ceceb9_proc.jpg\" alt=\"\" width=\"800\" height=\"800\" srcset=\"https:\/\/darshion.com\/wp-content\/uploads\/2024\/06\/H6ab552e784bc49c5ace7b034260ceceb9_proc.jpg 800w, https:\/\/darshion.com\/wp-content\/uploads\/2024\/06\/H6ab552e784bc49c5ace7b034260ceceb9_proc-300x300.jpg 300w, https:\/\/darshion.com\/wp-content\/uploads\/2024\/06\/H6ab552e784bc49c5ace7b034260ceceb9_proc-150x150.jpg 150w, https:\/\/darshion.com\/wp-content\/uploads\/2024\/06\/H6ab552e784bc49c5ace7b034260ceceb9_proc-768x768.jpg 768w, https:\/\/darshion.com\/wp-content\/uploads\/2024\/06\/H6ab552e784bc49c5ace7b034260ceceb9_proc-600x600.jpg 600w, https:\/\/darshion.com\/wp-content\/uploads\/2024\/06\/H6ab552e784bc49c5ace7b034260ceceb9_proc-100x100.jpg 100w\" sizes=\"(max-width: 800px) 100vw, 800px\" \/> <img loading=\"lazy\" decoding=\"async\" class=\"alignnone size-full wp-image-2521\" src=\"https:\/\/darshion.com\/wp-content\/uploads\/2024\/06\/H985364aee3c24450a67b84c840c6cf4ax_proc.jpg\" alt=\"\" width=\"800\" height=\"800\" srcset=\"https:\/\/darshion.com\/wp-content\/uploads\/2024\/06\/H985364aee3c24450a67b84c840c6cf4ax_proc.jpg 800w, https:\/\/darshion.com\/wp-content\/uploads\/2024\/06\/H985364aee3c24450a67b84c840c6cf4ax_proc-300x300.jpg 300w, https:\/\/darshion.com\/wp-content\/uploads\/2024\/06\/H985364aee3c24450a67b84c840c6cf4ax_proc-150x150.jpg 150w, https:\/\/darshion.com\/wp-content\/uploads\/2024\/06\/H985364aee3c24450a67b84c840c6cf4ax_proc-768x768.jpg 768w, https:\/\/darshion.com\/wp-content\/uploads\/2024\/06\/H985364aee3c24450a67b84c840c6cf4ax_proc-600x600.jpg 600w, https:\/\/darshion.com\/wp-content\/uploads\/2024\/06\/H985364aee3c24450a67b84c840c6cf4ax_proc-100x100.jpg 100w\" sizes=\"(max-width: 800px) 100vw, 800px\" \/> <img loading=\"lazy\" decoding=\"async\" class=\"alignnone size-full wp-image-2522\" src=\"https:\/\/darshion.com\/wp-content\/uploads\/2024\/06\/Hf8436b0f49cb455ba602cc9d931aad34Z_proc.jpg\" alt=\"\" width=\"800\" height=\"800\" srcset=\"https:\/\/darshion.com\/wp-content\/uploads\/2024\/06\/Hf8436b0f49cb455ba602cc9d931aad34Z_proc.jpg 800w, https:\/\/darshion.com\/wp-content\/uploads\/2024\/06\/Hf8436b0f49cb455ba602cc9d931aad34Z_proc-300x300.jpg 300w, https:\/\/darshion.com\/wp-content\/uploads\/2024\/06\/Hf8436b0f49cb455ba602cc9d931aad34Z_proc-150x150.jpg 150w, https:\/\/darshion.com\/wp-content\/uploads\/2024\/06\/Hf8436b0f49cb455ba602cc9d931aad34Z_proc-768x768.jpg 768w, https:\/\/darshion.com\/wp-content\/uploads\/2024\/06\/Hf8436b0f49cb455ba602cc9d931aad34Z_proc-600x600.jpg 600w, https:\/\/darshion.com\/wp-content\/uploads\/2024\/06\/Hf8436b0f49cb455ba602cc9d931aad34Z_proc-100x100.jpg 100w\" sizes=\"(max-width: 800px) 100vw, 800px\" \/><\/p>","protected":false},"excerpt":{"rendered":"<p>HM9 Rosa LED Silencioso 1600DPI para PC Rat\u00f3n Port\u00e1til<\/p>\n<p>100% nuevo y de alta calidad.<\/p>\n<p>Tipo inal\u00e1mbrico recargable. Construido en bater\u00eda recargable de iones de litio, muy c\u00f3modo de usar, prescindir de la bater\u00eda de reemplazo frecuente problema, viene con un cable usb de recarga.<\/p>\n<p>Requisitos del sistema: Windows 2000\/XP\/Vista\/7, Linux, M-a-c OS, superior.<\/p>\n<p>Dise\u00f1o de moda Pink Girl: Dise\u00f1o delgado para un aspecto elegante y f\u00e1cil de usar<\/p>\n<p>Dise\u00f1o ergon\u00f3mico, tecnolog\u00eda de seguimiento \u00f3ptico, que funciona en muchas superficies diferentes y uso ideal para el hogar, la oficina o el juego.<\/p>\n<p>Adecuado para PC Port\u00e1til Ordenador de sobremesa Con puerto USB.<\/p>\n<p>Especificaciones:<br \/>\nMaterial: Pl\u00e1stico<br \/>\nColor: Rosa<br \/>\nTama\u00f1o: aprox.: 125x67x39mm<br \/>\nPPP: 1600 ppp.<br \/>\nFuente de alimentaci\u00f3n: Bater\u00eda de litio recargable<\/p>","protected":false},"featured_media":2518,"comment_status":"open","ping_status":"closed","template":"","meta":{"_monsterinsights_skip_tracking":false,"_monsterinsights_sitenote_active":false,"_monsterinsights_sitenote_note":"","_monsterinsights_sitenote_category":0},"product_cat":[541],"product_tag":[],"yoast_head":"<!-- This site is optimized with the Yoast SEO Premium plugin v22.9 (Yoast SEO v24.0) - https:\/\/yoast.com\/wordpress\/plugins\/seo\/ -->\n<title>HM9 Pink Silent Office Wireless Mouse Suppliers - darshion<\/title>\n<meta name=\"robots\" content=\"index, follow, max-snippet:-1, max-image-preview:large, max-video-preview:-1\" \/>\n<link rel=\"canonical\" href=\"https:\/\/darshion.com\/es\/produkt\/pc-laptop-mouse-hm9\/\" \/>\n<meta property=\"og:locale\" content=\"es_ES\" \/>\n<meta property=\"og:type\" content=\"article\" \/>\n<meta property=\"og:title\" content=\"HM9 Pink Silent Office Wireless Mouse Suppliers\" \/>\n<meta property=\"og:description\" content=\"HM9 Pink Silent LED 1600DPI for PC Laptop Mouse  100% brand new and high quality.  Rechargeable wireless type. Built-in rechargeable lithium-ion battery,very convenient to use, dispense with frequent battery replacement trouble, comes with a recharging usb cable.  System requirement: Windows 2000\/XP\/Vista\/7, Linux, M-a-c OS,above.  Fashionable Pink Girl design: Slim design for sleek look and easy to use  Ergonomically designed, optical tracking technology, working on many different surfaces and ideal usage for home, office or game.  Suitable for PC Laptop Desktop Computer With USB port.  Specifications: Material: Plastic Color: Pink Size: approx.: 125x67x39mm DPI: 1600 dpi. Power supply: Rechargeable lithium battery\" \/>\n<meta property=\"og:url\" content=\"https:\/\/darshion.com\/es\/produkt\/pc-laptop-mouse-hm9\/\" \/>\n<meta property=\"og:site_name\" content=\"darshion\" \/>\n<meta property=\"article:modified_time\" content=\"2024-07-08T08:48:18+00:00\" \/>\n<meta property=\"og:image\" content=\"https:\/\/darshion.com\/wp-content\/uploads\/2024\/06\/1622451633448029.jpg\" \/>\n\t<meta property=\"og:image:width\" content=\"800\" \/>\n\t<meta property=\"og:image:height\" content=\"800\" \/>\n\t<meta property=\"og:image:type\" content=\"image\/jpeg\" \/>\n<meta name=\"twitter:card\" content=\"summary_large_image\" \/>\n<meta name=\"twitter:label1\" content=\"Tiempo de lectura\" \/>\n\t<meta name=\"twitter:data1\" content=\"2 minutos\" \/>\n<script type=\"application\/ld+json\" class=\"yoast-schema-graph\">{\"@context\":\"https:\/\/schema.org\",\"@graph\":[{\"@type\":\"WebPage\",\"@id\":\"https:\/\/darshion.com\/de\/produkt\/pc-laptop-mouse-hm9\/\",\"url\":\"https:\/\/darshion.com\/de\/produkt\/pc-laptop-mouse-hm9\/\",\"name\":\"HM9 Pink Silent Office Wireless Mouse Suppliers - darshion\",\"isPartOf\":{\"@id\":\"https:\/\/darshion.com\/#website\"},\"primaryImageOfPage\":{\"@id\":\"https:\/\/darshion.com\/de\/produkt\/pc-laptop-mouse-hm9\/#primaryimage\"},\"image\":{\"@id\":\"https:\/\/darshion.com\/de\/produkt\/pc-laptop-mouse-hm9\/#primaryimage\"},\"thumbnailUrl\":\"https:\/\/darshion.com\/wp-content\/uploads\/2024\/06\/1622451633448029.jpg\",\"datePublished\":\"2024-06-06T09:43:16+00:00\",\"dateModified\":\"2024-07-08T08:48:18+00:00\",\"breadcrumb\":{\"@id\":\"https:\/\/darshion.com\/de\/produkt\/pc-laptop-mouse-hm9\/#breadcrumb\"},\"inLanguage\":\"es\",\"potentialAction\":[{\"@type\":\"ReadAction\",\"target\":[\"https:\/\/darshion.com\/de\/produkt\/pc-laptop-mouse-hm9\/\"]}]},{\"@type\":\"ImageObject\",\"inLanguage\":\"es\",\"@id\":\"https:\/\/darshion.com\/de\/produkt\/pc-laptop-mouse-hm9\/#primaryimage\",\"url\":\"https:\/\/darshion.com\/wp-content\/uploads\/2024\/06\/1622451633448029.jpg\",\"contentUrl\":\"https:\/\/darshion.com\/wp-content\/uploads\/2024\/06\/1622451633448029.jpg\",\"width\":800,\"height\":800,\"caption\":\"HM9 Silent LED Wireless Mouse\"},{\"@type\":\"BreadcrumbList\",\"@id\":\"https:\/\/darshion.com\/de\/produkt\/pc-laptop-mouse-hm9\/#breadcrumb\",\"itemListElement\":[{\"@type\":\"ListItem\",\"position\":1,\"name\":\"\u9996\u9875\",\"item\":\"https:\/\/darshion.com\/\"},{\"@type\":\"ListItem\",\"position\":2,\"name\":\"PRODUCT\",\"item\":\"https:\/\/darshion.com\/pt\/product\/\"},{\"@type\":\"ListItem\",\"position\":3,\"name\":\"HM9 Pink Silent Office Wireless Mouse Suppliers\"}]},{\"@type\":\"WebSite\",\"@id\":\"https:\/\/darshion.com\/#website\",\"url\":\"https:\/\/darshion.com\/\",\"name\":\"darshion\",\"description\":\"14 Years of Experience, Quality Assurance, Innovative Design\",\"publisher\":{\"@id\":\"https:\/\/darshion.com\/#organization\"},\"potentialAction\":[{\"@type\":\"SearchAction\",\"target\":{\"@type\":\"EntryPoint\",\"urlTemplate\":\"https:\/\/darshion.com\/?s={search_term_string}\"},\"query-input\":{\"@type\":\"PropertyValueSpecification\",\"valueRequired\":true,\"valueName\":\"search_term_string\"}}],\"inLanguage\":\"es\"},{\"@type\":\"Organization\",\"@id\":\"https:\/\/darshion.com\/#organization\",\"name\":\"darshion\",\"url\":\"https:\/\/darshion.com\/\",\"logo\":{\"@type\":\"ImageObject\",\"inLanguage\":\"es\",\"@id\":\"https:\/\/darshion.com\/#\/schema\/logo\/image\/\",\"url\":\"https:\/\/darshion.com\/wp-content\/uploads\/2023\/09\/01-1.png\",\"contentUrl\":\"https:\/\/darshion.com\/wp-content\/uploads\/2023\/09\/01-1.png\",\"width\":350,\"height\":100,\"caption\":\"darshion\"},\"image\":{\"@id\":\"https:\/\/darshion.com\/#\/schema\/logo\/image\/\"}}]}<\/script>\n<!-- \/ Yoast SEO Premium plugin. -->","yoast_head_json":{"title":"HM9 Rosa Rat\u00f3n Inal\u00e1mbrico Silencioso Oficina Proveedores - darshion","robots":{"index":"index","follow":"follow","max-snippet":"max-snippet:-1","max-image-preview":"max-image-preview:large","max-video-preview":"max-video-preview:-1"},"canonical":"https:\/\/darshion.com\/es\/produkt\/pc-laptop-mouse-hm9\/","og_locale":"es_ES","og_type":"article","og_title":"HM9 Pink Silent Office Wireless Mouse Suppliers","og_description":"HM9 Pink Silent LED 1600DPI for PC Laptop Mouse  100% brand new and high quality.  Rechargeable wireless type. Built-in rechargeable lithium-ion battery,very convenient to use, dispense with frequent battery replacement trouble, comes with a recharging usb cable.  System requirement: Windows 2000\/XP\/Vista\/7, Linux, M-a-c OS,above.  Fashionable Pink Girl design: Slim design for sleek look and easy to use  Ergonomically designed, optical tracking technology, working on many different surfaces and ideal usage for home, office or game.  Suitable for PC Laptop Desktop Computer With USB port.  Specifications: Material: Plastic Color: Pink Size: approx.: 125x67x39mm DPI: 1600 dpi. Power supply: Rechargeable lithium battery","og_url":"https:\/\/darshion.com\/es\/produkt\/pc-laptop-mouse-hm9\/","og_site_name":"darshion","article_modified_time":"2024-07-08T08:48:18+00:00","og_image":[{"width":800,"height":800,"url":"https:\/\/darshion.com\/wp-content\/uploads\/2024\/06\/1622451633448029.jpg","type":"image\/jpeg"}],"twitter_card":"summary_large_image","twitter_misc":{"Tiempo de lectura":"2 minutos"},"schema":{"@context":"https:\/\/schema.org","@graph":[{"@type":"WebPage","@id":"https:\/\/darshion.com\/de\/produkt\/pc-laptop-mouse-hm9\/","url":"https:\/\/darshion.com\/de\/produkt\/pc-laptop-mouse-hm9\/","name":"HM9 Rosa Rat\u00f3n Inal\u00e1mbrico Silencioso Oficina Proveedores - darshion","isPartOf":{"@id":"https:\/\/darshion.com\/#website"},"primaryImageOfPage":{"@id":"https:\/\/darshion.com\/de\/produkt\/pc-laptop-mouse-hm9\/#primaryimage"},"image":{"@id":"https:\/\/darshion.com\/de\/produkt\/pc-laptop-mouse-hm9\/#primaryimage"},"thumbnailUrl":"https:\/\/darshion.com\/wp-content\/uploads\/2024\/06\/1622451633448029.jpg","datePublished":"2024-06-06T09:43:16+00:00","dateModified":"2024-07-08T08:48:18+00:00","breadcrumb":{"@id":"https:\/\/darshion.com\/de\/produkt\/pc-laptop-mouse-hm9\/#breadcrumb"},"inLanguage":"es","potentialAction":[{"@type":"ReadAction","target":["https:\/\/darshion.com\/de\/produkt\/pc-laptop-mouse-hm9\/"]}]},{"@type":"ImageObject","inLanguage":"es","@id":"https:\/\/darshion.com\/de\/produkt\/pc-laptop-mouse-hm9\/#primaryimage","url":"https:\/\/darshion.com\/wp-content\/uploads\/2024\/06\/1622451633448029.jpg","contentUrl":"https:\/\/darshion.com\/wp-content\/uploads\/2024\/06\/1622451633448029.jpg","width":800,"height":800,"caption":"HM9 Silent LED Wireless Mouse"},{"@type":"BreadcrumbList","@id":"https:\/\/darshion.com\/de\/produkt\/pc-laptop-mouse-hm9\/#breadcrumb","itemListElement":[{"@type":"ListItem","position":1,"name":"\u9996\u9875","item":"https:\/\/darshion.com\/"},{"@type":"ListItem","position":2,"name":"PRODUCT","item":"https:\/\/darshion.com\/pt\/product\/"},{"@type":"ListItem","position":3,"name":"HM9 Pink Silent Office Wireless Mouse Suppliers"}]},{"@type":"WebSite","@id":"https:\/\/darshion.com\/#website","url":"https:\/\/darshion.com\/","name":"darshion","description":"14 a\u00f1os de experiencia, garant\u00eda de calidad, dise\u00f1o innovador","publisher":{"@id":"https:\/\/darshion.com\/#organization"},"potentialAction":[{"@type":"SearchAction","target":{"@type":"EntryPoint","urlTemplate":"https:\/\/darshion.com\/?s={search_term_string}"},"query-input":{"@type":"PropertyValueSpecification","valueRequired":true,"valueName":"search_term_string"}}],"inLanguage":"es"},{"@type":"Organization","@id":"https:\/\/darshion.com\/#organization","name":"darshion","url":"https:\/\/darshion.com\/","logo":{"@type":"ImageObject","inLanguage":"es","@id":"https:\/\/darshion.com\/#\/schema\/logo\/image\/","url":"https:\/\/darshion.com\/wp-content\/uploads\/2023\/09\/01-1.png","contentUrl":"https:\/\/darshion.com\/wp-content\/uploads\/2023\/09\/01-1.png","width":350,"height":100,"caption":"darshion"},"image":{"@id":"https:\/\/darshion.com\/#\/schema\/logo\/image\/"}}]}},"_links":{"self":[{"href":"https:\/\/darshion.com\/es\/wp-json\/wp\/v2\/product\/2509"}],"collection":[{"href":"https:\/\/darshion.com\/es\/wp-json\/wp\/v2\/product"}],"about":[{"href":"https:\/\/darshion.com\/es\/wp-json\/wp\/v2\/types\/product"}],"replies":[{"embeddable":true,"href":"https:\/\/darshion.com\/es\/wp-json\/wp\/v2\/comments?post=2509"}],"wp:featuredmedia":[{"embeddable":true,"href":"https:\/\/darshion.com\/es\/wp-json\/wp\/v2\/media\/2518"}],"wp:attachment":[{"href":"https:\/\/darshion.com\/es\/wp-json\/wp\/v2\/media?parent=2509"}],"wp:term":[{"taxonomy":"product_cat","embeddable":true,"href":"https:\/\/darshion.com\/es\/wp-json\/wp\/v2\/product_cat?post=2509"},{"taxonomy":"product_tag","embeddable":true,"href":"https:\/\/darshion.com\/es\/wp-json\/wp\/v2\/product_tag?post=2509"}],"curies":[{"name":"wp","href":"https:\/\/api.w.org\/{rel}","templated":true}]}}