{"id":2537,"date":"2024-06-07T10:32:00","date_gmt":"2024-06-07T02:32:00","guid":{"rendered":"https:\/\/darshion.com\/?post_type=product&#038;p=2537"},"modified":"2024-07-08T11:56:51","modified_gmt":"2024-07-08T03:56:51","slug":"wired-gaming-mouse-g530","status":"publish","type":"product","link":"https:\/\/darshion.com\/es\/producto\/wired-gaming-mouse-g530\/","title":{"rendered":"Fabricantes de ratones para juegos con cable G530"},"content":{"rendered":"<p><strong>Especificaci\u00f3n del producto:<\/strong><\/p>\n<p>Tipo:Game Mouse<\/p>\n<p>Tama\u00f1o del rat\u00f3n: rat\u00f3n grande (\u2265120mm)<\/p>\n<p>Conexi\u00f3n con el ordenador: por cable<\/p>\n<p>Modelos aplicables: sobremesa<\/p>\n<p>Resoluci\u00f3n \u00f3ptica:5600dpi (ppp)<\/p>\n<p>N\u00famero de botones:7 (teclas)<\/p>\n<p>Interfaz:USB<\/p>\n<p>Frecuencia de transmisi\u00f3n inal\u00e1mbrica: por cable<\/p>\n<p>Apoyo a la ergonom\u00eda:Apoyo<\/p>\n<p>Resoluci\u00f3n ajustable:Cuatro<\/p>\n<p>Distancia de funcionamiento:1,5(m)<\/p>\n<p>Modo de funcionamiento: fotoel\u00e9ctrico<\/p>\n<p>Direcci\u00f3n del rodillo: rodillo de cuatro v\u00edas<\/p>\n<p>Longitud de la l\u00ednea:1,35(m)<\/p>\n<p>Tama\u00f1o del producto: 130*80*35 mm<\/p>\n<p>Peso del producto:185 g<\/p>\n<p>Color:negro,plata<\/p>\n<p>Compatible con: Windows ,MAC OS y Linux ; Los controladores y programas de grabaci\u00f3n s\u00f3lo son compatibles con sistemas Windows.<\/p>\n<p><strong>Paquete incluido:<\/strong><\/p>\n<p>1 x Rat\u00f3n con cable<\/p>\n<p>1 x Manual de usuario<\/p>\n<p>&nbsp;<\/p>\n<p><img fetchpriority=\"high\" decoding=\"async\" class=\"alignnone size-full wp-image-2545\" src=\"https:\/\/darshion.com\/wp-content\/uploads\/2024\/06\/1622450254394524.jpg\" alt=\"\" width=\"1000\" height=\"1000\" srcset=\"https:\/\/darshion.com\/wp-content\/uploads\/2024\/06\/1622450254394524.jpg 1000w, https:\/\/darshion.com\/wp-content\/uploads\/2024\/06\/1622450254394524-300x300.jpg 300w, https:\/\/darshion.com\/wp-content\/uploads\/2024\/06\/1622450254394524-150x150.jpg 150w, https:\/\/darshion.com\/wp-content\/uploads\/2024\/06\/1622450254394524-768x768.jpg 768w, https:\/\/darshion.com\/wp-content\/uploads\/2024\/06\/1622450254394524-600x600.jpg 600w, https:\/\/darshion.com\/wp-content\/uploads\/2024\/06\/1622450254394524-100x100.jpg 100w\" sizes=\"(max-width: 1000px) 100vw, 1000px\" \/> <img decoding=\"async\" class=\"alignnone size-full wp-image-2546\" src=\"https:\/\/darshion.com\/wp-content\/uploads\/2024\/06\/1622450254473469.jpg\" alt=\"\" width=\"1000\" height=\"1000\" srcset=\"https:\/\/darshion.com\/wp-content\/uploads\/2024\/06\/1622450254473469.jpg 1000w, https:\/\/darshion.com\/wp-content\/uploads\/2024\/06\/1622450254473469-300x300.jpg 300w, https:\/\/darshion.com\/wp-content\/uploads\/2024\/06\/1622450254473469-150x150.jpg 150w, https:\/\/darshion.com\/wp-content\/uploads\/2024\/06\/1622450254473469-768x768.jpg 768w, https:\/\/darshion.com\/wp-content\/uploads\/2024\/06\/1622450254473469-600x600.jpg 600w, https:\/\/darshion.com\/wp-content\/uploads\/2024\/06\/1622450254473469-100x100.jpg 100w\" sizes=\"(max-width: 1000px) 100vw, 1000px\" \/> <img decoding=\"async\" class=\"alignnone size-full wp-image-2547\" src=\"https:\/\/darshion.com\/wp-content\/uploads\/2024\/06\/1622450254478041.jpg\" alt=\"\" width=\"1000\" height=\"1000\" srcset=\"https:\/\/darshion.com\/wp-content\/uploads\/2024\/06\/1622450254478041.jpg 1000w, https:\/\/darshion.com\/wp-content\/uploads\/2024\/06\/1622450254478041-300x300.jpg 300w, https:\/\/darshion.com\/wp-content\/uploads\/2024\/06\/1622450254478041-150x150.jpg 150w, https:\/\/darshion.com\/wp-content\/uploads\/2024\/06\/1622450254478041-768x768.jpg 768w, https:\/\/darshion.com\/wp-content\/uploads\/2024\/06\/1622450254478041-600x600.jpg 600w, https:\/\/darshion.com\/wp-content\/uploads\/2024\/06\/1622450254478041-100x100.jpg 100w\" sizes=\"(max-width: 1000px) 100vw, 1000px\" \/> <img loading=\"lazy\" decoding=\"async\" class=\"alignnone size-full wp-image-2548\" src=\"https:\/\/darshion.com\/wp-content\/uploads\/2024\/06\/1622450254869048.jpg\" alt=\"\" width=\"1000\" height=\"1000\" srcset=\"https:\/\/darshion.com\/wp-content\/uploads\/2024\/06\/1622450254869048.jpg 1000w, https:\/\/darshion.com\/wp-content\/uploads\/2024\/06\/1622450254869048-300x300.jpg 300w, https:\/\/darshion.com\/wp-content\/uploads\/2024\/06\/1622450254869048-150x150.jpg 150w, https:\/\/darshion.com\/wp-content\/uploads\/2024\/06\/1622450254869048-768x768.jpg 768w, https:\/\/darshion.com\/wp-content\/uploads\/2024\/06\/1622450254869048-600x600.jpg 600w, https:\/\/darshion.com\/wp-content\/uploads\/2024\/06\/1622450254869048-100x100.jpg 100w\" sizes=\"(max-width: 1000px) 100vw, 1000px\" \/> <img loading=\"lazy\" decoding=\"async\" class=\"alignnone size-full wp-image-2549\" src=\"https:\/\/darshion.com\/wp-content\/uploads\/2024\/06\/1622450255273202.jpg\" alt=\"\" width=\"1000\" height=\"1000\" srcset=\"https:\/\/darshion.com\/wp-content\/uploads\/2024\/06\/1622450255273202.jpg 1000w, https:\/\/darshion.com\/wp-content\/uploads\/2024\/06\/1622450255273202-300x300.jpg 300w, https:\/\/darshion.com\/wp-content\/uploads\/2024\/06\/1622450255273202-150x150.jpg 150w, https:\/\/darshion.com\/wp-content\/uploads\/2024\/06\/1622450255273202-768x768.jpg 768w, https:\/\/darshion.com\/wp-content\/uploads\/2024\/06\/1622450255273202-600x600.jpg 600w, https:\/\/darshion.com\/wp-content\/uploads\/2024\/06\/1622450255273202-100x100.jpg 100w\" sizes=\"(max-width: 1000px) 100vw, 1000px\" \/><\/p>","protected":false},"excerpt":{"rendered":"<p class=\"pro_single_title\">Rat\u00f3n de juego con cable G530 de alta precisi\u00f3n DPI<\/p>","protected":false},"featured_media":2548,"comment_status":"open","ping_status":"closed","template":"","meta":{"_monsterinsights_skip_tracking":false,"_monsterinsights_sitenote_active":false,"_monsterinsights_sitenote_note":"","_monsterinsights_sitenote_category":0},"product_cat":[542],"product_tag":[],"yoast_head":"<!-- This site is optimized with the Yoast SEO Premium plugin v22.9 (Yoast SEO v24.0) - https:\/\/yoast.com\/wordpress\/plugins\/seo\/ -->\n<title>G530 Wired Gaming Mouse Manufacturers - darshion<\/title>\n<meta name=\"robots\" content=\"index, follow, max-snippet:-1, max-image-preview:large, max-video-preview:-1\" \/>\n<link rel=\"canonical\" href=\"https:\/\/darshion.com\/es\/producto\/wired-gaming-mouse-g530\/\" \/>\n<meta property=\"og:locale\" content=\"es_ES\" \/>\n<meta property=\"og:type\" content=\"article\" \/>\n<meta property=\"og:title\" content=\"G530 Wired Gaming Mouse Manufacturers\" \/>\n<meta property=\"og:description\" content=\"G530 High Precision DPI Wired Gaming Mouse\" \/>\n<meta property=\"og:url\" content=\"https:\/\/darshion.com\/es\/producto\/wired-gaming-mouse-g530\/\" \/>\n<meta property=\"og:site_name\" content=\"darshion\" \/>\n<meta property=\"article:modified_time\" content=\"2024-07-08T03:56:51+00:00\" \/>\n<meta property=\"og:image\" content=\"https:\/\/darshion.com\/wp-content\/uploads\/2024\/06\/1622450254869048.jpg\" \/>\n\t<meta property=\"og:image:width\" content=\"1000\" \/>\n\t<meta property=\"og:image:height\" content=\"1000\" \/>\n\t<meta property=\"og:image:type\" content=\"image\/jpeg\" \/>\n<meta name=\"twitter:card\" content=\"summary_large_image\" \/>\n<meta name=\"twitter:label1\" content=\"Tiempo de lectura\" \/>\n\t<meta name=\"twitter:data1\" content=\"2 minutos\" \/>\n<script type=\"application\/ld+json\" class=\"yoast-schema-graph\">{\"@context\":\"https:\/\/schema.org\",\"@graph\":[{\"@type\":\"WebPage\",\"@id\":\"https:\/\/darshion.com\/nl\/product\/wired-gaming-mouse-g530\/\",\"url\":\"https:\/\/darshion.com\/nl\/product\/wired-gaming-mouse-g530\/\",\"name\":\"G530 Wired Gaming Mouse Manufacturers - darshion\",\"isPartOf\":{\"@id\":\"https:\/\/darshion.com\/#website\"},\"primaryImageOfPage\":{\"@id\":\"https:\/\/darshion.com\/nl\/product\/wired-gaming-mouse-g530\/#primaryimage\"},\"image\":{\"@id\":\"https:\/\/darshion.com\/nl\/product\/wired-gaming-mouse-g530\/#primaryimage\"},\"thumbnailUrl\":\"https:\/\/darshion.com\/wp-content\/uploads\/2024\/06\/1622450254869048.jpg\",\"datePublished\":\"2024-06-07T02:32:00+00:00\",\"dateModified\":\"2024-07-08T03:56:51+00:00\",\"breadcrumb\":{\"@id\":\"https:\/\/darshion.com\/nl\/product\/wired-gaming-mouse-g530\/#breadcrumb\"},\"inLanguage\":\"es\",\"potentialAction\":[{\"@type\":\"ReadAction\",\"target\":[\"https:\/\/darshion.com\/nl\/product\/wired-gaming-mouse-g530\/\"]}]},{\"@type\":\"ImageObject\",\"inLanguage\":\"es\",\"@id\":\"https:\/\/darshion.com\/nl\/product\/wired-gaming-mouse-g530\/#primaryimage\",\"url\":\"https:\/\/darshion.com\/wp-content\/uploads\/2024\/06\/1622450254869048.jpg\",\"contentUrl\":\"https:\/\/darshion.com\/wp-content\/uploads\/2024\/06\/1622450254869048.jpg\",\"width\":1000,\"height\":1000,\"caption\":\"G530 Wired Gaming Mouse\"},{\"@type\":\"BreadcrumbList\",\"@id\":\"https:\/\/darshion.com\/nl\/product\/wired-gaming-mouse-g530\/#breadcrumb\",\"itemListElement\":[{\"@type\":\"ListItem\",\"position\":1,\"name\":\"\u9996\u9875\",\"item\":\"https:\/\/darshion.com\/\"},{\"@type\":\"ListItem\",\"position\":2,\"name\":\"PRODUCT\",\"item\":\"https:\/\/darshion.com\/pt\/product\/\"},{\"@type\":\"ListItem\",\"position\":3,\"name\":\"G530 Wired Gaming Mouse Manufacturers\"}]},{\"@type\":\"WebSite\",\"@id\":\"https:\/\/darshion.com\/#website\",\"url\":\"https:\/\/darshion.com\/\",\"name\":\"darshion\",\"description\":\"14 Years of Experience, Quality Assurance, Innovative Design\",\"publisher\":{\"@id\":\"https:\/\/darshion.com\/#organization\"},\"potentialAction\":[{\"@type\":\"SearchAction\",\"target\":{\"@type\":\"EntryPoint\",\"urlTemplate\":\"https:\/\/darshion.com\/?s={search_term_string}\"},\"query-input\":{\"@type\":\"PropertyValueSpecification\",\"valueRequired\":true,\"valueName\":\"search_term_string\"}}],\"inLanguage\":\"es\"},{\"@type\":\"Organization\",\"@id\":\"https:\/\/darshion.com\/#organization\",\"name\":\"darshion\",\"url\":\"https:\/\/darshion.com\/\",\"logo\":{\"@type\":\"ImageObject\",\"inLanguage\":\"es\",\"@id\":\"https:\/\/darshion.com\/#\/schema\/logo\/image\/\",\"url\":\"https:\/\/darshion.com\/wp-content\/uploads\/2023\/09\/01-1.png\",\"contentUrl\":\"https:\/\/darshion.com\/wp-content\/uploads\/2023\/09\/01-1.png\",\"width\":350,\"height\":100,\"caption\":\"darshion\"},\"image\":{\"@id\":\"https:\/\/darshion.com\/#\/schema\/logo\/image\/\"}}]}<\/script>\n<!-- \/ Yoast SEO Premium plugin. -->","yoast_head_json":{"title":"Fabricantes de ratones para juegos con cable G530 - darshion","robots":{"index":"index","follow":"follow","max-snippet":"max-snippet:-1","max-image-preview":"max-image-preview:large","max-video-preview":"max-video-preview:-1"},"canonical":"https:\/\/darshion.com\/es\/producto\/wired-gaming-mouse-g530\/","og_locale":"es_ES","og_type":"article","og_title":"G530 Wired Gaming Mouse Manufacturers","og_description":"G530 High Precision DPI Wired Gaming Mouse","og_url":"https:\/\/darshion.com\/es\/producto\/wired-gaming-mouse-g530\/","og_site_name":"darshion","article_modified_time":"2024-07-08T03:56:51+00:00","og_image":[{"width":1000,"height":1000,"url":"https:\/\/darshion.com\/wp-content\/uploads\/2024\/06\/1622450254869048.jpg","type":"image\/jpeg"}],"twitter_card":"summary_large_image","twitter_misc":{"Tiempo de lectura":"2 minutos"},"schema":{"@context":"https:\/\/schema.org","@graph":[{"@type":"WebPage","@id":"https:\/\/darshion.com\/nl\/product\/wired-gaming-mouse-g530\/","url":"https:\/\/darshion.com\/nl\/product\/wired-gaming-mouse-g530\/","name":"Fabricantes de ratones para juegos con cable G530 - darshion","isPartOf":{"@id":"https:\/\/darshion.com\/#website"},"primaryImageOfPage":{"@id":"https:\/\/darshion.com\/nl\/product\/wired-gaming-mouse-g530\/#primaryimage"},"image":{"@id":"https:\/\/darshion.com\/nl\/product\/wired-gaming-mouse-g530\/#primaryimage"},"thumbnailUrl":"https:\/\/darshion.com\/wp-content\/uploads\/2024\/06\/1622450254869048.jpg","datePublished":"2024-06-07T02:32:00+00:00","dateModified":"2024-07-08T03:56:51+00:00","breadcrumb":{"@id":"https:\/\/darshion.com\/nl\/product\/wired-gaming-mouse-g530\/#breadcrumb"},"inLanguage":"es","potentialAction":[{"@type":"ReadAction","target":["https:\/\/darshion.com\/nl\/product\/wired-gaming-mouse-g530\/"]}]},{"@type":"ImageObject","inLanguage":"es","@id":"https:\/\/darshion.com\/nl\/product\/wired-gaming-mouse-g530\/#primaryimage","url":"https:\/\/darshion.com\/wp-content\/uploads\/2024\/06\/1622450254869048.jpg","contentUrl":"https:\/\/darshion.com\/wp-content\/uploads\/2024\/06\/1622450254869048.jpg","width":1000,"height":1000,"caption":"G530 Wired Gaming Mouse"},{"@type":"BreadcrumbList","@id":"https:\/\/darshion.com\/nl\/product\/wired-gaming-mouse-g530\/#breadcrumb","itemListElement":[{"@type":"ListItem","position":1,"name":"\u9996\u9875","item":"https:\/\/darshion.com\/"},{"@type":"ListItem","position":2,"name":"PRODUCT","item":"https:\/\/darshion.com\/pt\/product\/"},{"@type":"ListItem","position":3,"name":"G530 Wired Gaming Mouse Manufacturers"}]},{"@type":"WebSite","@id":"https:\/\/darshion.com\/#website","url":"https:\/\/darshion.com\/","name":"darshion","description":"14 a\u00f1os de experiencia, garant\u00eda de calidad, dise\u00f1o innovador","publisher":{"@id":"https:\/\/darshion.com\/#organization"},"potentialAction":[{"@type":"SearchAction","target":{"@type":"EntryPoint","urlTemplate":"https:\/\/darshion.com\/?s={search_term_string}"},"query-input":{"@type":"PropertyValueSpecification","valueRequired":true,"valueName":"search_term_string"}}],"inLanguage":"es"},{"@type":"Organization","@id":"https:\/\/darshion.com\/#organization","name":"darshion","url":"https:\/\/darshion.com\/","logo":{"@type":"ImageObject","inLanguage":"es","@id":"https:\/\/darshion.com\/#\/schema\/logo\/image\/","url":"https:\/\/darshion.com\/wp-content\/uploads\/2023\/09\/01-1.png","contentUrl":"https:\/\/darshion.com\/wp-content\/uploads\/2023\/09\/01-1.png","width":350,"height":100,"caption":"darshion"},"image":{"@id":"https:\/\/darshion.com\/#\/schema\/logo\/image\/"}}]}},"_links":{"self":[{"href":"https:\/\/darshion.com\/es\/wp-json\/wp\/v2\/product\/2537"}],"collection":[{"href":"https:\/\/darshion.com\/es\/wp-json\/wp\/v2\/product"}],"about":[{"href":"https:\/\/darshion.com\/es\/wp-json\/wp\/v2\/types\/product"}],"replies":[{"embeddable":true,"href":"https:\/\/darshion.com\/es\/wp-json\/wp\/v2\/comments?post=2537"}],"wp:featuredmedia":[{"embeddable":true,"href":"https:\/\/darshion.com\/es\/wp-json\/wp\/v2\/media\/2548"}],"wp:attachment":[{"href":"https:\/\/darshion.com\/es\/wp-json\/wp\/v2\/media?parent=2537"}],"wp:term":[{"taxonomy":"product_cat","embeddable":true,"href":"https:\/\/darshion.com\/es\/wp-json\/wp\/v2\/product_cat?post=2537"},{"taxonomy":"product_tag","embeddable":true,"href":"https:\/\/darshion.com\/es\/wp-json\/wp\/v2\/product_tag?post=2537"}],"curies":[{"name":"wp","href":"https:\/\/api.w.org\/{rel}","templated":true}]}}