{"id":2588,"date":"2024-06-07T11:47:57","date_gmt":"2024-06-07T03:47:57","guid":{"rendered":"https:\/\/darshion.com\/?post_type=product&#038;p=2588"},"modified":"2024-07-08T10:37:02","modified_gmt":"2024-07-08T02:37:02","slug":"backlight-mouse","status":"publish","type":"product","link":"https:\/\/darshion.com\/es\/producto\/backlight-mouse\/","title":{"rendered":"F\u00e1brica de ratones con retroiluminaci\u00f3n para juegos con cable A903"},"content":{"rendered":"<p><strong>Caracter\u00edsticas<\/strong><br \/>\nMotor \u00f3ptico de alta gama, posicionamiento preciso.<br \/>\n6 botones, incluyendo rueda de desplazamiento, bot\u00f3n izquierdo, bot\u00f3n derecho, avance, retroceso, conmutador DPI,<br \/>\nAjustable 1200 \/ 1600 \/ 2400 \/ 3200DPI<br \/>\nDise\u00f1o ergon\u00f3mico, tacto c\u00f3modo, uso prolongado sin fatiga.<br \/>\nConectividad inteligente, plug and play.<br \/>\nInterruptor de larga duraci\u00f3n, hasta 10 millones.<br \/>\nUn total de 7 colores brillantes que se muestran por turnos, proporcion\u00e1ndole un colorido efecto visual.<br \/>\nAdecuado para jugadores de alto nivel, jugadores profesionales de juegos.<\/p>\n<p><strong>Especificaciones<\/strong><br \/>\nMaterial: ABS<br \/>\nSistema de seguimiento: \u00d3ptico<br \/>\nTensi\u00f3n nominal \/ Corriente el\u00e9ctrica: DC 5V \/ 100mA<br \/>\nConexi\u00f3n: Por cable<br \/>\nLongitud del cable: Aprox : 140cm<br \/>\nPuerto USB 2.0<br \/>\nPPP: 1200\/1600\/2400\/3200 ppp<br \/>\nVida \u00fatil del interruptor: 10 millones de ciclos<br \/>\nBotones: izquierda, derecha, rueda de desplazamiento, DPI, avanzar, retroceder<br \/>\nEfecto de luz: colorido<br \/>\nSistema de soporte: Windows 7\/8\/2000\/XP\/Vista Mac OS o posterior<br \/>\nTama\u00f1o del art\u00edculo: 13,5*7 *4,5cm<br \/>\nPeso del art\u00edculo: 125 g<\/p>\n<p><img fetchpriority=\"high\" decoding=\"async\" class=\"alignnone size-full wp-image-2596\" src=\"https:\/\/darshion.com\/wp-content\/uploads\/2024\/06\/1622443881201250.jpg\" alt=\"\" width=\"1500\" height=\"1500\" srcset=\"https:\/\/darshion.com\/wp-content\/uploads\/2024\/06\/1622443881201250.jpg 1500w, https:\/\/darshion.com\/wp-content\/uploads\/2024\/06\/1622443881201250-300x300.jpg 300w, https:\/\/darshion.com\/wp-content\/uploads\/2024\/06\/1622443881201250-1024x1024.jpg 1024w, https:\/\/darshion.com\/wp-content\/uploads\/2024\/06\/1622443881201250-150x150.jpg 150w, https:\/\/darshion.com\/wp-content\/uploads\/2024\/06\/1622443881201250-768x768.jpg 768w, https:\/\/darshion.com\/wp-content\/uploads\/2024\/06\/1622443881201250-600x600.jpg 600w, https:\/\/darshion.com\/wp-content\/uploads\/2024\/06\/1622443881201250-100x100.jpg 100w\" sizes=\"(max-width: 1500px) 100vw, 1500px\" \/> <img decoding=\"async\" class=\"alignnone size-full wp-image-2597\" src=\"https:\/\/darshion.com\/wp-content\/uploads\/2024\/06\/1622443881440984.jpg\" alt=\"\" width=\"1500\" height=\"1500\" srcset=\"https:\/\/darshion.com\/wp-content\/uploads\/2024\/06\/1622443881440984.jpg 1500w, https:\/\/darshion.com\/wp-content\/uploads\/2024\/06\/1622443881440984-300x300.jpg 300w, https:\/\/darshion.com\/wp-content\/uploads\/2024\/06\/1622443881440984-1024x1024.jpg 1024w, https:\/\/darshion.com\/wp-content\/uploads\/2024\/06\/1622443881440984-150x150.jpg 150w, https:\/\/darshion.com\/wp-content\/uploads\/2024\/06\/1622443881440984-768x768.jpg 768w, https:\/\/darshion.com\/wp-content\/uploads\/2024\/06\/1622443881440984-600x600.jpg 600w, https:\/\/darshion.com\/wp-content\/uploads\/2024\/06\/1622443881440984-100x100.jpg 100w\" sizes=\"(max-width: 1500px) 100vw, 1500px\" \/> <img decoding=\"async\" class=\"alignnone size-full wp-image-2598\" src=\"https:\/\/darshion.com\/wp-content\/uploads\/2024\/06\/1622443881590770.jpg\" alt=\"\" width=\"1500\" height=\"1500\" srcset=\"https:\/\/darshion.com\/wp-content\/uploads\/2024\/06\/1622443881590770.jpg 1500w, https:\/\/darshion.com\/wp-content\/uploads\/2024\/06\/1622443881590770-300x300.jpg 300w, https:\/\/darshion.com\/wp-content\/uploads\/2024\/06\/1622443881590770-1024x1024.jpg 1024w, https:\/\/darshion.com\/wp-content\/uploads\/2024\/06\/1622443881590770-150x150.jpg 150w, https:\/\/darshion.com\/wp-content\/uploads\/2024\/06\/1622443881590770-768x768.jpg 768w, https:\/\/darshion.com\/wp-content\/uploads\/2024\/06\/1622443881590770-600x600.jpg 600w, https:\/\/darshion.com\/wp-content\/uploads\/2024\/06\/1622443881590770-100x100.jpg 100w\" sizes=\"(max-width: 1500px) 100vw, 1500px\" \/> <img loading=\"lazy\" decoding=\"async\" class=\"alignnone size-full wp-image-2599\" src=\"https:\/\/darshion.com\/wp-content\/uploads\/2024\/06\/1622443882937142.jpg\" alt=\"\" width=\"1500\" height=\"1500\" srcset=\"https:\/\/darshion.com\/wp-content\/uploads\/2024\/06\/1622443882937142.jpg 1500w, https:\/\/darshion.com\/wp-content\/uploads\/2024\/06\/1622443882937142-300x300.jpg 300w, https:\/\/darshion.com\/wp-content\/uploads\/2024\/06\/1622443882937142-1024x1024.jpg 1024w, https:\/\/darshion.com\/wp-content\/uploads\/2024\/06\/1622443882937142-150x150.jpg 150w, https:\/\/darshion.com\/wp-content\/uploads\/2024\/06\/1622443882937142-768x768.jpg 768w, https:\/\/darshion.com\/wp-content\/uploads\/2024\/06\/1622443882937142-600x600.jpg 600w, https:\/\/darshion.com\/wp-content\/uploads\/2024\/06\/1622443882937142-100x100.jpg 100w\" sizes=\"(max-width: 1500px) 100vw, 1500px\" \/> <img loading=\"lazy\" decoding=\"async\" class=\"alignnone size-full wp-image-2600\" src=\"https:\/\/darshion.com\/wp-content\/uploads\/2024\/06\/1622443883471652.jpg\" alt=\"\" width=\"1500\" height=\"1500\" srcset=\"https:\/\/darshion.com\/wp-content\/uploads\/2024\/06\/1622443883471652.jpg 1500w, https:\/\/darshion.com\/wp-content\/uploads\/2024\/06\/1622443883471652-300x300.jpg 300w, https:\/\/darshion.com\/wp-content\/uploads\/2024\/06\/1622443883471652-1024x1024.jpg 1024w, https:\/\/darshion.com\/wp-content\/uploads\/2024\/06\/1622443883471652-150x150.jpg 150w, https:\/\/darshion.com\/wp-content\/uploads\/2024\/06\/1622443883471652-768x768.jpg 768w, https:\/\/darshion.com\/wp-content\/uploads\/2024\/06\/1622443883471652-600x600.jpg 600w, https:\/\/darshion.com\/wp-content\/uploads\/2024\/06\/1622443883471652-100x100.jpg 100w\" sizes=\"(max-width: 1500px) 100vw, 1500px\" \/><\/p>","protected":false},"excerpt":{"rendered":"<p class=\"pro_single_title\">A903 Rat\u00f3n Cableado Gaming LED 3200 DPI Con Retroiluminaci\u00f3n<\/p>","protected":false},"featured_media":2596,"comment_status":"open","ping_status":"closed","template":"","meta":{"_monsterinsights_skip_tracking":false,"_monsterinsights_sitenote_active":false,"_monsterinsights_sitenote_note":"","_monsterinsights_sitenote_category":0},"product_cat":[542],"product_tag":[],"yoast_head":"<!-- This site is optimized with the Yoast SEO Premium plugin v22.9 (Yoast SEO v24.0) - https:\/\/yoast.com\/wordpress\/plugins\/seo\/ -->\n<title>A903 Wired Gaming Backlight Mouse Factory - darshion<\/title>\n<meta name=\"robots\" content=\"index, follow, max-snippet:-1, max-image-preview:large, max-video-preview:-1\" \/>\n<link rel=\"canonical\" href=\"https:\/\/darshion.com\/es\/producto\/backlight-mouse\/\" \/>\n<meta property=\"og:locale\" content=\"es_ES\" \/>\n<meta property=\"og:type\" content=\"article\" \/>\n<meta property=\"og:title\" content=\"A903 Wired Gaming Backlight Mouse Factory\" \/>\n<meta property=\"og:description\" content=\"A903 Wired Gaming LED 3200 DPI With Backlight Mouse\" \/>\n<meta property=\"og:url\" content=\"https:\/\/darshion.com\/es\/producto\/backlight-mouse\/\" \/>\n<meta property=\"og:site_name\" content=\"darshion\" \/>\n<meta property=\"article:modified_time\" content=\"2024-07-08T02:37:02+00:00\" \/>\n<meta property=\"og:image\" content=\"https:\/\/darshion.com\/wp-content\/uploads\/2024\/06\/1622443881201250.jpg\" \/>\n\t<meta property=\"og:image:width\" content=\"1500\" \/>\n\t<meta property=\"og:image:height\" content=\"1500\" \/>\n\t<meta property=\"og:image:type\" content=\"image\/jpeg\" \/>\n<meta name=\"twitter:card\" content=\"summary_large_image\" \/>\n<meta name=\"twitter:label1\" content=\"Tiempo de lectura\" \/>\n\t<meta name=\"twitter:data1\" content=\"2 minutos\" \/>\n<script type=\"application\/ld+json\" class=\"yoast-schema-graph\">{\"@context\":\"https:\/\/schema.org\",\"@graph\":[{\"@type\":\"WebPage\",\"@id\":\"https:\/\/darshion.com\/ru\/product\/backlight-mouse\/\",\"url\":\"https:\/\/darshion.com\/ru\/product\/backlight-mouse\/\",\"name\":\"A903 Wired Gaming Backlight Mouse Factory - darshion\",\"isPartOf\":{\"@id\":\"https:\/\/darshion.com\/#website\"},\"primaryImageOfPage\":{\"@id\":\"https:\/\/darshion.com\/ru\/product\/backlight-mouse\/#primaryimage\"},\"image\":{\"@id\":\"https:\/\/darshion.com\/ru\/product\/backlight-mouse\/#primaryimage\"},\"thumbnailUrl\":\"https:\/\/darshion.com\/wp-content\/uploads\/2024\/06\/1622443881201250.jpg\",\"datePublished\":\"2024-06-07T03:47:57+00:00\",\"dateModified\":\"2024-07-08T02:37:02+00:00\",\"breadcrumb\":{\"@id\":\"https:\/\/darshion.com\/ru\/product\/backlight-mouse\/#breadcrumb\"},\"inLanguage\":\"es\",\"potentialAction\":[{\"@type\":\"ReadAction\",\"target\":[\"https:\/\/darshion.com\/ru\/product\/backlight-mouse\/\"]}]},{\"@type\":\"ImageObject\",\"inLanguage\":\"es\",\"@id\":\"https:\/\/darshion.com\/ru\/product\/backlight-mouse\/#primaryimage\",\"url\":\"https:\/\/darshion.com\/wp-content\/uploads\/2024\/06\/1622443881201250.jpg\",\"contentUrl\":\"https:\/\/darshion.com\/wp-content\/uploads\/2024\/06\/1622443881201250.jpg\",\"width\":1500,\"height\":1500,\"caption\":\"A903 Wired Gaming Mouse\"},{\"@type\":\"BreadcrumbList\",\"@id\":\"https:\/\/darshion.com\/ru\/product\/backlight-mouse\/#breadcrumb\",\"itemListElement\":[{\"@type\":\"ListItem\",\"position\":1,\"name\":\"\u9996\u9875\",\"item\":\"https:\/\/darshion.com\/\"},{\"@type\":\"ListItem\",\"position\":2,\"name\":\"PRODUCT\",\"item\":\"https:\/\/darshion.com\/pt\/product\/\"},{\"@type\":\"ListItem\",\"position\":3,\"name\":\"A903 Wired Gaming Backlight Mouse Factory\"}]},{\"@type\":\"WebSite\",\"@id\":\"https:\/\/darshion.com\/#website\",\"url\":\"https:\/\/darshion.com\/\",\"name\":\"darshion\",\"description\":\"14 Years of Experience, Quality Assurance, Innovative Design\",\"publisher\":{\"@id\":\"https:\/\/darshion.com\/#organization\"},\"potentialAction\":[{\"@type\":\"SearchAction\",\"target\":{\"@type\":\"EntryPoint\",\"urlTemplate\":\"https:\/\/darshion.com\/?s={search_term_string}\"},\"query-input\":{\"@type\":\"PropertyValueSpecification\",\"valueRequired\":true,\"valueName\":\"search_term_string\"}}],\"inLanguage\":\"es\"},{\"@type\":\"Organization\",\"@id\":\"https:\/\/darshion.com\/#organization\",\"name\":\"darshion\",\"url\":\"https:\/\/darshion.com\/\",\"logo\":{\"@type\":\"ImageObject\",\"inLanguage\":\"es\",\"@id\":\"https:\/\/darshion.com\/#\/schema\/logo\/image\/\",\"url\":\"https:\/\/darshion.com\/wp-content\/uploads\/2023\/09\/01-1.png\",\"contentUrl\":\"https:\/\/darshion.com\/wp-content\/uploads\/2023\/09\/01-1.png\",\"width\":350,\"height\":100,\"caption\":\"darshion\"},\"image\":{\"@id\":\"https:\/\/darshion.com\/#\/schema\/logo\/image\/\"}}]}<\/script>\n<!-- \/ Yoast SEO Premium plugin. -->","yoast_head_json":{"title":"A903 Wired Gaming Backlight Mouse Factory - darshion","robots":{"index":"index","follow":"follow","max-snippet":"max-snippet:-1","max-image-preview":"max-image-preview:large","max-video-preview":"max-video-preview:-1"},"canonical":"https:\/\/darshion.com\/es\/producto\/backlight-mouse\/","og_locale":"es_ES","og_type":"article","og_title":"A903 Wired Gaming Backlight Mouse Factory","og_description":"A903 Wired Gaming LED 3200 DPI With Backlight Mouse","og_url":"https:\/\/darshion.com\/es\/producto\/backlight-mouse\/","og_site_name":"darshion","article_modified_time":"2024-07-08T02:37:02+00:00","og_image":[{"width":1500,"height":1500,"url":"https:\/\/darshion.com\/wp-content\/uploads\/2024\/06\/1622443881201250.jpg","type":"image\/jpeg"}],"twitter_card":"summary_large_image","twitter_misc":{"Tiempo de lectura":"2 minutos"},"schema":{"@context":"https:\/\/schema.org","@graph":[{"@type":"WebPage","@id":"https:\/\/darshion.com\/ru\/product\/backlight-mouse\/","url":"https:\/\/darshion.com\/ru\/product\/backlight-mouse\/","name":"A903 Wired Gaming Backlight Mouse Factory - darshion","isPartOf":{"@id":"https:\/\/darshion.com\/#website"},"primaryImageOfPage":{"@id":"https:\/\/darshion.com\/ru\/product\/backlight-mouse\/#primaryimage"},"image":{"@id":"https:\/\/darshion.com\/ru\/product\/backlight-mouse\/#primaryimage"},"thumbnailUrl":"https:\/\/darshion.com\/wp-content\/uploads\/2024\/06\/1622443881201250.jpg","datePublished":"2024-06-07T03:47:57+00:00","dateModified":"2024-07-08T02:37:02+00:00","breadcrumb":{"@id":"https:\/\/darshion.com\/ru\/product\/backlight-mouse\/#breadcrumb"},"inLanguage":"es","potentialAction":[{"@type":"ReadAction","target":["https:\/\/darshion.com\/ru\/product\/backlight-mouse\/"]}]},{"@type":"ImageObject","inLanguage":"es","@id":"https:\/\/darshion.com\/ru\/product\/backlight-mouse\/#primaryimage","url":"https:\/\/darshion.com\/wp-content\/uploads\/2024\/06\/1622443881201250.jpg","contentUrl":"https:\/\/darshion.com\/wp-content\/uploads\/2024\/06\/1622443881201250.jpg","width":1500,"height":1500,"caption":"A903 Wired Gaming Mouse"},{"@type":"BreadcrumbList","@id":"https:\/\/darshion.com\/ru\/product\/backlight-mouse\/#breadcrumb","itemListElement":[{"@type":"ListItem","position":1,"name":"\u9996\u9875","item":"https:\/\/darshion.com\/"},{"@type":"ListItem","position":2,"name":"PRODUCT","item":"https:\/\/darshion.com\/pt\/product\/"},{"@type":"ListItem","position":3,"name":"A903 Wired Gaming Backlight Mouse Factory"}]},{"@type":"WebSite","@id":"https:\/\/darshion.com\/#website","url":"https:\/\/darshion.com\/","name":"darshion","description":"14 a\u00f1os de experiencia, garant\u00eda de calidad, dise\u00f1o innovador","publisher":{"@id":"https:\/\/darshion.com\/#organization"},"potentialAction":[{"@type":"SearchAction","target":{"@type":"EntryPoint","urlTemplate":"https:\/\/darshion.com\/?s={search_term_string}"},"query-input":{"@type":"PropertyValueSpecification","valueRequired":true,"valueName":"search_term_string"}}],"inLanguage":"es"},{"@type":"Organization","@id":"https:\/\/darshion.com\/#organization","name":"darshion","url":"https:\/\/darshion.com\/","logo":{"@type":"ImageObject","inLanguage":"es","@id":"https:\/\/darshion.com\/#\/schema\/logo\/image\/","url":"https:\/\/darshion.com\/wp-content\/uploads\/2023\/09\/01-1.png","contentUrl":"https:\/\/darshion.com\/wp-content\/uploads\/2023\/09\/01-1.png","width":350,"height":100,"caption":"darshion"},"image":{"@id":"https:\/\/darshion.com\/#\/schema\/logo\/image\/"}}]}},"_links":{"self":[{"href":"https:\/\/darshion.com\/es\/wp-json\/wp\/v2\/product\/2588"}],"collection":[{"href":"https:\/\/darshion.com\/es\/wp-json\/wp\/v2\/product"}],"about":[{"href":"https:\/\/darshion.com\/es\/wp-json\/wp\/v2\/types\/product"}],"replies":[{"embeddable":true,"href":"https:\/\/darshion.com\/es\/wp-json\/wp\/v2\/comments?post=2588"}],"wp:featuredmedia":[{"embeddable":true,"href":"https:\/\/darshion.com\/es\/wp-json\/wp\/v2\/media\/2596"}],"wp:attachment":[{"href":"https:\/\/darshion.com\/es\/wp-json\/wp\/v2\/media?parent=2588"}],"wp:term":[{"taxonomy":"product_cat","embeddable":true,"href":"https:\/\/darshion.com\/es\/wp-json\/wp\/v2\/product_cat?post=2588"},{"taxonomy":"product_tag","embeddable":true,"href":"https:\/\/darshion.com\/es\/wp-json\/wp\/v2\/product_tag?post=2588"}],"curies":[{"name":"wp","href":"https:\/\/api.w.org\/{rel}","templated":true}]}}