{"id":2613,"date":"2024-06-07T17:34:01","date_gmt":"2024-06-07T09:34:01","guid":{"rendered":"https:\/\/darshion.com\/?post_type=product&#038;p=2613"},"modified":"2024-07-11T17:06:10","modified_gmt":"2024-07-11T09:06:10","slug":"game-wired-rgb-mouse","status":"publish","type":"product","link":"https:\/\/darshion.com\/es\/producto\/game-wired-rgb-mouse\/","title":{"rendered":"A869 USB Juego Rat\u00f3n RGB con cable F\u00e1brica"},"content":{"rendered":"<p><strong>Caracter\u00edsticas:<\/strong><br \/>\nMotor \u00f3ptico de alta gama, posicionamiento preciso. Conexi\u00f3n inteligente, plug and play.<br \/>\n7 botones, incluyendo Izquierda, Derecha, Rueda de desplazamiento, DPI +, DPI-, Avanzar, Retroceder.<br \/>\nDando un total de 7 colores brillantes que muestran devoluciones, un efecto visual de color.<br \/>\n4 niveles de DPI ajustables (1200\/1600\/2400\/3200).<br \/>\nDise\u00f1o ergon\u00f3mico, tacto c\u00f3modo, uso prolongado sin fatiga.<\/p>\n<p><strong>Especificaciones:<\/strong><br \/>\nTasa de rendimiento: 125Hz<br \/>\nVelocidad de movimiento: 30IPS<br \/>\nFrecuencia de actualizaci\u00f3n: 4000FPS<br \/>\nAceleraci\u00f3n: 8G<br \/>\nPPP: 1200\/1600\/2400\/3600 ppp<br \/>\nMaterial: ABS<br \/>\nSistema de seguimiento: \u00d3ptico<br \/>\nTensi\u00f3n nominal \/ corriente el\u00e9ctrica: DC 5V\/ 100mA<br \/>\nConexi\u00f3n: Por cable<br \/>\nLongitud del cable: Aprox. 150 cm<br \/>\nPuerto USB 2.0<br \/>\nVida \u00fatil del interruptor: 10 millones de ciclos<br \/>\nBotones: Izquierda, derecha, rueda de desplazamiento, DPI +\uff0cDPI -, avanzar, retroceder<br \/>\nEfecto de luz: colorido<br \/>\nTama\u00f1o del rat\u00f3n: 12,7 * 7 * 4cm\/ 5 * 2,8 * 1,6in<br \/>\nPeso del rat\u00f3n: 131g\/ 4.6oz<\/p>\n<p><img fetchpriority=\"high\" decoding=\"async\" class=\"alignnone size-full wp-image-2621\" src=\"https:\/\/darshion.com\/wp-content\/uploads\/2024\/06\/1622442936105842.jpg\" alt=\"\" width=\"1500\" height=\"1500\" srcset=\"https:\/\/darshion.com\/wp-content\/uploads\/2024\/06\/1622442936105842.jpg 1500w, https:\/\/darshion.com\/wp-content\/uploads\/2024\/06\/1622442936105842-300x300.jpg 300w, https:\/\/darshion.com\/wp-content\/uploads\/2024\/06\/1622442936105842-1024x1024.jpg 1024w, https:\/\/darshion.com\/wp-content\/uploads\/2024\/06\/1622442936105842-150x150.jpg 150w, https:\/\/darshion.com\/wp-content\/uploads\/2024\/06\/1622442936105842-768x768.jpg 768w, https:\/\/darshion.com\/wp-content\/uploads\/2024\/06\/1622442936105842-600x600.jpg 600w, https:\/\/darshion.com\/wp-content\/uploads\/2024\/06\/1622442936105842-100x100.jpg 100w\" sizes=\"(max-width: 1500px) 100vw, 1500px\" \/> <img decoding=\"async\" class=\"alignnone size-full wp-image-2622\" src=\"https:\/\/darshion.com\/wp-content\/uploads\/2024\/06\/1622442936656738.jpg\" alt=\"\" width=\"1600\" height=\"1600\" srcset=\"https:\/\/darshion.com\/wp-content\/uploads\/2024\/06\/1622442936656738.jpg 1600w, https:\/\/darshion.com\/wp-content\/uploads\/2024\/06\/1622442936656738-300x300.jpg 300w, https:\/\/darshion.com\/wp-content\/uploads\/2024\/06\/1622442936656738-1024x1024.jpg 1024w, https:\/\/darshion.com\/wp-content\/uploads\/2024\/06\/1622442936656738-150x150.jpg 150w, https:\/\/darshion.com\/wp-content\/uploads\/2024\/06\/1622442936656738-768x768.jpg 768w, https:\/\/darshion.com\/wp-content\/uploads\/2024\/06\/1622442936656738-1536x1536.jpg 1536w, https:\/\/darshion.com\/wp-content\/uploads\/2024\/06\/1622442936656738-600x600.jpg 600w, https:\/\/darshion.com\/wp-content\/uploads\/2024\/06\/1622442936656738-100x100.jpg 100w\" sizes=\"(max-width: 1600px) 100vw, 1600px\" \/> <img decoding=\"async\" class=\"alignnone size-full wp-image-2623\" src=\"https:\/\/darshion.com\/wp-content\/uploads\/2024\/06\/1622442936733359.jpg\" alt=\"\" width=\"1500\" height=\"1500\" srcset=\"https:\/\/darshion.com\/wp-content\/uploads\/2024\/06\/1622442936733359.jpg 1500w, https:\/\/darshion.com\/wp-content\/uploads\/2024\/06\/1622442936733359-300x300.jpg 300w, https:\/\/darshion.com\/wp-content\/uploads\/2024\/06\/1622442936733359-1024x1024.jpg 1024w, https:\/\/darshion.com\/wp-content\/uploads\/2024\/06\/1622442936733359-150x150.jpg 150w, https:\/\/darshion.com\/wp-content\/uploads\/2024\/06\/1622442936733359-768x768.jpg 768w, https:\/\/darshion.com\/wp-content\/uploads\/2024\/06\/1622442936733359-600x600.jpg 600w, https:\/\/darshion.com\/wp-content\/uploads\/2024\/06\/1622442936733359-100x100.jpg 100w\" sizes=\"(max-width: 1500px) 100vw, 1500px\" \/> <img loading=\"lazy\" decoding=\"async\" class=\"alignnone size-full wp-image-2624\" src=\"https:\/\/darshion.com\/wp-content\/uploads\/2024\/06\/1622442936744894.jpg\" alt=\"\" width=\"1500\" height=\"1500\" srcset=\"https:\/\/darshion.com\/wp-content\/uploads\/2024\/06\/1622442936744894.jpg 1500w, https:\/\/darshion.com\/wp-content\/uploads\/2024\/06\/1622442936744894-300x300.jpg 300w, https:\/\/darshion.com\/wp-content\/uploads\/2024\/06\/1622442936744894-1024x1024.jpg 1024w, https:\/\/darshion.com\/wp-content\/uploads\/2024\/06\/1622442936744894-150x150.jpg 150w, https:\/\/darshion.com\/wp-content\/uploads\/2024\/06\/1622442936744894-768x768.jpg 768w, https:\/\/darshion.com\/wp-content\/uploads\/2024\/06\/1622442936744894-600x600.jpg 600w, https:\/\/darshion.com\/wp-content\/uploads\/2024\/06\/1622442936744894-100x100.jpg 100w\" sizes=\"(max-width: 1500px) 100vw, 1500px\" \/> <img loading=\"lazy\" decoding=\"async\" class=\"alignnone size-full wp-image-2625\" src=\"https:\/\/darshion.com\/wp-content\/uploads\/2024\/06\/1622442937626936.jpg\" alt=\"\" width=\"1600\" height=\"1600\" srcset=\"https:\/\/darshion.com\/wp-content\/uploads\/2024\/06\/1622442937626936.jpg 1600w, https:\/\/darshion.com\/wp-content\/uploads\/2024\/06\/1622442937626936-300x300.jpg 300w, https:\/\/darshion.com\/wp-content\/uploads\/2024\/06\/1622442937626936-1024x1024.jpg 1024w, https:\/\/darshion.com\/wp-content\/uploads\/2024\/06\/1622442937626936-150x150.jpg 150w, https:\/\/darshion.com\/wp-content\/uploads\/2024\/06\/1622442937626936-768x768.jpg 768w, https:\/\/darshion.com\/wp-content\/uploads\/2024\/06\/1622442937626936-1536x1536.jpg 1536w, https:\/\/darshion.com\/wp-content\/uploads\/2024\/06\/1622442937626936-600x600.jpg 600w, https:\/\/darshion.com\/wp-content\/uploads\/2024\/06\/1622442937626936-100x100.jpg 100w\" sizes=\"(max-width: 1600px) 100vw, 1600px\" \/><\/p>","protected":false},"excerpt":{"rendered":"<p class=\"pro_single_title\">A869 Led Glowing USB 7 Colores Juego Rat\u00f3n RGB con cable<\/p>","protected":false},"featured_media":2625,"comment_status":"open","ping_status":"closed","template":"","meta":{"_monsterinsights_skip_tracking":false,"_monsterinsights_sitenote_active":false,"_monsterinsights_sitenote_note":"","_monsterinsights_sitenote_category":0},"product_cat":[542],"product_tag":[],"yoast_head":"<!-- This site is optimized with the Yoast SEO Premium plugin v22.9 (Yoast SEO v24.0) - https:\/\/yoast.com\/wordpress\/plugins\/seo\/ -->\n<title>A869 USB Game Wired RGB Mouse Factory - darshion<\/title>\n<meta name=\"robots\" content=\"index, follow, max-snippet:-1, max-image-preview:large, max-video-preview:-1\" \/>\n<link rel=\"canonical\" href=\"https:\/\/darshion.com\/es\/produto\/game-wired-rgb-mouse\/\" \/>\n<meta property=\"og:locale\" content=\"es_ES\" \/>\n<meta property=\"og:type\" content=\"article\" \/>\n<meta property=\"og:title\" content=\"A869 USB Game Wired RGB Mouse Factory\" \/>\n<meta property=\"og:description\" content=\"A869 Led Glowing USB 7 Colors Game Wired RGB Mouse\" \/>\n<meta property=\"og:url\" content=\"https:\/\/darshion.com\/es\/produto\/game-wired-rgb-mouse\/\" \/>\n<meta property=\"og:site_name\" content=\"darshion\" \/>\n<meta property=\"article:modified_time\" content=\"2024-07-11T09:06:10+00:00\" \/>\n<meta property=\"og:image\" content=\"https:\/\/darshion.com\/wp-content\/uploads\/2024\/06\/1622442937626936.jpg\" \/>\n\t<meta property=\"og:image:width\" content=\"1600\" \/>\n\t<meta property=\"og:image:height\" content=\"1600\" \/>\n\t<meta property=\"og:image:type\" content=\"image\/jpeg\" \/>\n<meta name=\"twitter:card\" content=\"summary_large_image\" \/>\n<meta name=\"twitter:label1\" content=\"Tiempo de lectura\" \/>\n\t<meta name=\"twitter:data1\" content=\"2 minutos\" \/>\n<script type=\"application\/ld+json\" class=\"yoast-schema-graph\">{\"@context\":\"https:\/\/schema.org\",\"@graph\":[{\"@type\":\"WebPage\",\"@id\":\"https:\/\/darshion.com\/pt\/produto\/game-wired-rgb-mouse\/\",\"url\":\"https:\/\/darshion.com\/pt\/produto\/game-wired-rgb-mouse\/\",\"name\":\"A869 USB Game Wired RGB Mouse Factory - darshion\",\"isPartOf\":{\"@id\":\"https:\/\/darshion.com\/#website\"},\"primaryImageOfPage\":{\"@id\":\"https:\/\/darshion.com\/pt\/produto\/game-wired-rgb-mouse\/#primaryimage\"},\"image\":{\"@id\":\"https:\/\/darshion.com\/pt\/produto\/game-wired-rgb-mouse\/#primaryimage\"},\"thumbnailUrl\":\"https:\/\/darshion.com\/wp-content\/uploads\/2024\/06\/1622442937626936.jpg\",\"datePublished\":\"2024-06-07T09:34:01+00:00\",\"dateModified\":\"2024-07-11T09:06:10+00:00\",\"breadcrumb\":{\"@id\":\"https:\/\/darshion.com\/pt\/produto\/game-wired-rgb-mouse\/#breadcrumb\"},\"inLanguage\":\"es\",\"potentialAction\":[{\"@type\":\"ReadAction\",\"target\":[\"https:\/\/darshion.com\/pt\/produto\/game-wired-rgb-mouse\/\"]}]},{\"@type\":\"ImageObject\",\"inLanguage\":\"es\",\"@id\":\"https:\/\/darshion.com\/pt\/produto\/game-wired-rgb-mouse\/#primaryimage\",\"url\":\"https:\/\/darshion.com\/wp-content\/uploads\/2024\/06\/1622442937626936.jpg\",\"contentUrl\":\"https:\/\/darshion.com\/wp-content\/uploads\/2024\/06\/1622442937626936.jpg\",\"width\":1600,\"height\":1600,\"caption\":\"A869 Wired RGB Mouse\"},{\"@type\":\"BreadcrumbList\",\"@id\":\"https:\/\/darshion.com\/pt\/produto\/game-wired-rgb-mouse\/#breadcrumb\",\"itemListElement\":[{\"@type\":\"ListItem\",\"position\":1,\"name\":\"\u9996\u9875\",\"item\":\"https:\/\/darshion.com\/\"},{\"@type\":\"ListItem\",\"position\":2,\"name\":\"PRODUCT\",\"item\":\"https:\/\/darshion.com\/pt\/product\/\"},{\"@type\":\"ListItem\",\"position\":3,\"name\":\"A869 USB Game Wired RGB Mouse Factory\"}]},{\"@type\":\"WebSite\",\"@id\":\"https:\/\/darshion.com\/#website\",\"url\":\"https:\/\/darshion.com\/\",\"name\":\"darshion\",\"description\":\"14 Years of Experience, Quality Assurance, Innovative Design\",\"publisher\":{\"@id\":\"https:\/\/darshion.com\/#organization\"},\"potentialAction\":[{\"@type\":\"SearchAction\",\"target\":{\"@type\":\"EntryPoint\",\"urlTemplate\":\"https:\/\/darshion.com\/?s={search_term_string}\"},\"query-input\":{\"@type\":\"PropertyValueSpecification\",\"valueRequired\":true,\"valueName\":\"search_term_string\"}}],\"inLanguage\":\"es\"},{\"@type\":\"Organization\",\"@id\":\"https:\/\/darshion.com\/#organization\",\"name\":\"darshion\",\"url\":\"https:\/\/darshion.com\/\",\"logo\":{\"@type\":\"ImageObject\",\"inLanguage\":\"es\",\"@id\":\"https:\/\/darshion.com\/#\/schema\/logo\/image\/\",\"url\":\"https:\/\/darshion.com\/wp-content\/uploads\/2023\/09\/01-1.png\",\"contentUrl\":\"https:\/\/darshion.com\/wp-content\/uploads\/2023\/09\/01-1.png\",\"width\":350,\"height\":100,\"caption\":\"darshion\"},\"image\":{\"@id\":\"https:\/\/darshion.com\/#\/schema\/logo\/image\/\"}}]}<\/script>\n<!-- \/ Yoast SEO Premium plugin. -->","yoast_head_json":{"title":"F\u00e1brica de ratones RGB con cable USB para juegos A869 - darshion","robots":{"index":"index","follow":"follow","max-snippet":"max-snippet:-1","max-image-preview":"max-image-preview:large","max-video-preview":"max-video-preview:-1"},"canonical":"https:\/\/darshion.com\/es\/produto\/game-wired-rgb-mouse\/","og_locale":"es_ES","og_type":"article","og_title":"A869 USB Game Wired RGB Mouse Factory","og_description":"A869 Led Glowing USB 7 Colors Game Wired RGB Mouse","og_url":"https:\/\/darshion.com\/es\/produto\/game-wired-rgb-mouse\/","og_site_name":"darshion","article_modified_time":"2024-07-11T09:06:10+00:00","og_image":[{"width":1600,"height":1600,"url":"https:\/\/darshion.com\/wp-content\/uploads\/2024\/06\/1622442937626936.jpg","type":"image\/jpeg"}],"twitter_card":"summary_large_image","twitter_misc":{"Tiempo de lectura":"2 minutos"},"schema":{"@context":"https:\/\/schema.org","@graph":[{"@type":"WebPage","@id":"https:\/\/darshion.com\/pt\/produto\/game-wired-rgb-mouse\/","url":"https:\/\/darshion.com\/pt\/produto\/game-wired-rgb-mouse\/","name":"F\u00e1brica de ratones RGB con cable USB para juegos A869 - darshion","isPartOf":{"@id":"https:\/\/darshion.com\/#website"},"primaryImageOfPage":{"@id":"https:\/\/darshion.com\/pt\/produto\/game-wired-rgb-mouse\/#primaryimage"},"image":{"@id":"https:\/\/darshion.com\/pt\/produto\/game-wired-rgb-mouse\/#primaryimage"},"thumbnailUrl":"https:\/\/darshion.com\/wp-content\/uploads\/2024\/06\/1622442937626936.jpg","datePublished":"2024-06-07T09:34:01+00:00","dateModified":"2024-07-11T09:06:10+00:00","breadcrumb":{"@id":"https:\/\/darshion.com\/pt\/produto\/game-wired-rgb-mouse\/#breadcrumb"},"inLanguage":"es","potentialAction":[{"@type":"ReadAction","target":["https:\/\/darshion.com\/pt\/produto\/game-wired-rgb-mouse\/"]}]},{"@type":"ImageObject","inLanguage":"es","@id":"https:\/\/darshion.com\/pt\/produto\/game-wired-rgb-mouse\/#primaryimage","url":"https:\/\/darshion.com\/wp-content\/uploads\/2024\/06\/1622442937626936.jpg","contentUrl":"https:\/\/darshion.com\/wp-content\/uploads\/2024\/06\/1622442937626936.jpg","width":1600,"height":1600,"caption":"A869 Wired RGB Mouse"},{"@type":"BreadcrumbList","@id":"https:\/\/darshion.com\/pt\/produto\/game-wired-rgb-mouse\/#breadcrumb","itemListElement":[{"@type":"ListItem","position":1,"name":"\u9996\u9875","item":"https:\/\/darshion.com\/"},{"@type":"ListItem","position":2,"name":"PRODUCT","item":"https:\/\/darshion.com\/pt\/product\/"},{"@type":"ListItem","position":3,"name":"A869 USB Game Wired RGB Mouse Factory"}]},{"@type":"WebSite","@id":"https:\/\/darshion.com\/#website","url":"https:\/\/darshion.com\/","name":"darshion","description":"14 a\u00f1os de experiencia, garant\u00eda de calidad, dise\u00f1o innovador","publisher":{"@id":"https:\/\/darshion.com\/#organization"},"potentialAction":[{"@type":"SearchAction","target":{"@type":"EntryPoint","urlTemplate":"https:\/\/darshion.com\/?s={search_term_string}"},"query-input":{"@type":"PropertyValueSpecification","valueRequired":true,"valueName":"search_term_string"}}],"inLanguage":"es"},{"@type":"Organization","@id":"https:\/\/darshion.com\/#organization","name":"darshion","url":"https:\/\/darshion.com\/","logo":{"@type":"ImageObject","inLanguage":"es","@id":"https:\/\/darshion.com\/#\/schema\/logo\/image\/","url":"https:\/\/darshion.com\/wp-content\/uploads\/2023\/09\/01-1.png","contentUrl":"https:\/\/darshion.com\/wp-content\/uploads\/2023\/09\/01-1.png","width":350,"height":100,"caption":"darshion"},"image":{"@id":"https:\/\/darshion.com\/#\/schema\/logo\/image\/"}}]}},"_links":{"self":[{"href":"https:\/\/darshion.com\/es\/wp-json\/wp\/v2\/product\/2613"}],"collection":[{"href":"https:\/\/darshion.com\/es\/wp-json\/wp\/v2\/product"}],"about":[{"href":"https:\/\/darshion.com\/es\/wp-json\/wp\/v2\/types\/product"}],"replies":[{"embeddable":true,"href":"https:\/\/darshion.com\/es\/wp-json\/wp\/v2\/comments?post=2613"}],"wp:featuredmedia":[{"embeddable":true,"href":"https:\/\/darshion.com\/es\/wp-json\/wp\/v2\/media\/2625"}],"wp:attachment":[{"href":"https:\/\/darshion.com\/es\/wp-json\/wp\/v2\/media?parent=2613"}],"wp:term":[{"taxonomy":"product_cat","embeddable":true,"href":"https:\/\/darshion.com\/es\/wp-json\/wp\/v2\/product_cat?post=2613"},{"taxonomy":"product_tag","embeddable":true,"href":"https:\/\/darshion.com\/es\/wp-json\/wp\/v2\/product_tag?post=2613"}],"curies":[{"name":"wp","href":"https:\/\/api.w.org\/{rel}","templated":true}]}}