{"id":3363,"date":"2024-07-16T10:47:58","date_gmt":"2024-07-16T02:47:58","guid":{"rendered":"https:\/\/darshion.com\/product\/cx23u-61-keys-wired-gaming-mechanical-keyboard-manufacturers\/"},"modified":"2024-07-16T11:03:42","modified_gmt":"2024-07-16T03:03:42","slug":"cx23u-keyboard-manufacturers","status":"publish","type":"product","link":"https:\/\/darshion.com\/es\/producto\/cx23u-keyboard-manufacturers\/","title":{"rendered":"CX23U 61 Keys Wired Gaming Mechanical Keyboard Fabricantes"},"content":{"rendered":"<div id=\"detail_decorate_root\" data-magic-global=\"%7B%22bizId%22%3A2329368643%2C%22pageId%22%3A21335880647%2C%22siteId%22%3A10003129106%7D\">\n<div class=\"J_module\">\n<div class=\"detail-decorate-json-renderer-container\">\n<div class=\"magic-0\">\n<div class=\"magic-1\">\n<div class=\"magic-2\">\n<div class=\"magic-3\">Teclado Gaming RGB Cableado 60 Porcentaje 61 Teclas RGB Teclado Mec\u00e1nico Gamer Interruptor Azul<\/p>\n<div><\/div>\n<div>\n<div class=\"magic-5\"><span class=\"magic-4\">darshion es un fabricante profesional de teclados y ratones OEM\/ODM fundado en 2014.<\/span><\/div>\n<div class=\"magic-5\"><span class=\"magic-4\">-Entrega r\u00e1pida -Alta calidad -Protecci\u00f3n del mercado -Precio competitivo-Pago flexible<\/span><\/div>\n<div class=\"magic-5\"><span class=\"magic-4\">\u00a0<\/span><\/div>\n<div class=\"magic-5\"><span class=\"magic-4\">P\u00f3ngase en contacto con nosotros para <span style=\"color: #c4433c;\">muestras<\/span> y<span style=\"color: #c4433c;\"> presupuesto de f\u00e1brica<\/span>!<\/span><\/div>\n<\/div>\n<\/div>\n<\/div>\n<\/div>\n<\/div>\n<\/div>\n<\/div>\n<div class=\"J_module\">\n<div id=\"ali-anchor-AliMagic-ghyr2e\" class=\"magic-7\" data-section=\"AliMagic-ghyr2e\" data-section-title=\"Products Description\">Descripci\u00f3n de los productos<\/div>\n<\/div>\n<div class=\"J_module\">\n<div class=\"detail-decorate-json-renderer-container\">\n<div class=\"magic-0\">\n<div class=\"magic-1\">\n<div class=\"magic-2\">\n<div class=\"magic-3\">\u3010Teclado cl\u00e1sico 60%: 61 Teclas Dise\u00f1o Compacto\u3011 El dise\u00f1o ultracompacto con 61 teclas es un teclado de tama\u00f1o perfecto,y el cable USB-C desmontable hace que sea m\u00e1s c\u00f3modo de llevar<br \/>\n\u3010Interruptor mec\u00e1nico azul\u3011 Para mecanograf\u00eda y GAMING, interruptores azules entregan comandos de teclas precisas y sensibles;da un sonido satisfactorio \"clic\" y resistencia t\u00e1ctil con cada pulsaci\u00f3n de tecla<br \/>\n\u3010Rainbow LED Backlit\u3011 8 efectos de retroiluminaci\u00f3n monocrom\u00e1tica le dan a este peque\u00f1o teclado para juegos un efecto visual vibrante y espl\u00e9ndido.<br \/>\n\u3010Cable Tipo-C desmontable\u3011 La conexi\u00f3n USB Tipo-C tambi\u00e9n proporciona una transmisi\u00f3n m\u00e1s estable, dise\u00f1o de separaci\u00f3n de cable clave, conveniente con el almacenamiento.<br \/>\n\u3010Strong Compatibility\u3011Plug and play,no drivers or software required.Work perfectly for Windows 10\/8\/7\/XP, Mac OS, and Windows<\/p>\n<div>\u3010Personalizable\u3011<\/div>\n<div data-spm-anchor-id=\"a2700.details.0.i43.7036371bfhtH8Q\">- Tapas de color<br \/>\n- Cableado\/inal\u00e1mbrico\/2.4G\/Bluetooth modo triple\/canal m\u00faltiple<br \/>\n- Interruptores mec\u00e1nicos: Gateron\/OUTEMU\/Interruptor rojo\/Interruptor azul\/Interruptor marr\u00f3n, etc.<br \/>\n- Disposici\u00f3n:EEUU\/Reino Unido\/Corea del Sur\/Espa\u00f1a\/BRASILIA\/RUSIA, etc.<br \/>\n- Material de la placa de circuito impreso: ABS\/Aluminio de primera calidad\/Hierro de electroforesis de primera calidad<br \/>\n- LOGO Y EMBALAJE<\/div>\n<\/div>\n<\/div>\n<\/div>\n<\/div>\n<\/div>\n<\/div>\n<div class=\"J_module\">\n<div data-section=\"AliMagic-sofbhx\" data-section-title=\"Details Images\"><\/div>\n<\/div>\n<div class=\"J_module\">\n<div class=\"icbu-pc-detailManyImage magic-10\">\n<div class=\"magic-11\"><img decoding=\"async\" class=\"keyboard Manufacturers\" title=\"teclado Fabricantes\" src=\"https:\/\/darshion.com\/wp-content\/uploads\/2024\/07\/H53ceb7baddcd4e5686d08a4fa546cdae7.jpg\" alt=\"keyboard Manufacturers\" \/><\/div>\n<div class=\"magic-11\"><img decoding=\"async\" class=\"keyboard Manufacturers\" title=\"teclado Fabricantes\" src=\"https:\/\/darshion.com\/wp-content\/uploads\/2024\/07\/H9c036046699b45068554224923e026de2.jpg\" alt=\"keyboard Manufacturers\" \/><\/div>\n<div class=\"magic-11\"><img decoding=\"async\" class=\"keyboard Manufacturers\" title=\"teclado Fabricantes\" src=\"https:\/\/darshion.com\/wp-content\/uploads\/2024\/07\/H023865a7d366416ea80b133484eaf462U.jpg\" alt=\"keyboard Manufacturers\" \/><\/div>\n<div class=\"magic-11\"><img decoding=\"async\" class=\"keyboard Manufacturers\" title=\"teclado Fabricantes\" src=\"https:\/\/darshion.com\/wp-content\/uploads\/2024\/07\/H13bc2501a18f4c6eb08a523793e133e8u.jpg\" alt=\"keyboard Manufacturers\" \/><\/div>\n<div class=\"magic-11\"><img decoding=\"async\" class=\"keyboard Manufacturers\" title=\"teclado Fabricantes\" src=\"https:\/\/darshion.com\/wp-content\/uploads\/2024\/07\/H77e688f018284b2d9b10a5e25f0282ecW.jpg\" alt=\"keyboard Manufacturers\" \/><\/div>\n<div class=\"magic-11\"><img decoding=\"async\" class=\"keyboard Manufacturers\" title=\"teclado Fabricantes\" src=\"https:\/\/darshion.com\/wp-content\/uploads\/2024\/07\/H61113bb0fd314bccafb15e1e180ccc66T.jpg\" alt=\"keyboard Manufacturers\" \/><\/div>\n<div class=\"magic-11\"><\/div>\n<\/div>\n<\/div>\n<div class=\"J_module\"><\/div>\n<div class=\"J_module\">\n<div class=\"icbu-pc-images magic-13\">\n<div>\n<div class=\"flex-layout-v\">\n<div class=\"flex-layout-h magic-13\">\n<div class=\"magic-20\"><\/div>\n<\/div>\n<\/div>\n<\/div>\n<\/div>\n<\/div>\n<\/div>","protected":false},"excerpt":{"rendered":"<div>\n<p>[Industry-specific attributes]<br \/>\nOperation Style:Mechanical<br \/>\nStyle:Mini, Gaming, Mechanical<br \/>\nKeyboard Standard:61 keys<\/p>\n<p>[Other attributes]<br \/>\nDrive Interface:USB Type C<br \/>\nProducts Status:New<br \/>\nApplication:Desktop<br \/>\nPlace of Origin:Guangdong, China<br \/>\nKeyboard backlit:LED<br \/>\nFull Size keyboard:No<br \/>\nFeatures:anti-ghosting, Plug and Play<br \/>\nPrivate Mold:Yes<br \/>\nWrist Support:NO<br \/>\nBrand Name:darshion<br \/>\nModel Number:CX23U<br \/>\nAxis Body Brand:Kailh<br \/>\nAnti-ghosting:Multi Keys<br \/>\nMechanical:Yes<br \/>\nProgrammable:Yes<br \/>\nSupport:Windows XP\/7\/8\/10, IOS, Android Mobile phone, PC, Tablet, Mac<br \/>\nPackage:4c colour box<br \/>\nCertification:CE,ROHS<br \/>\nLogo:OEM Service<br \/>\nProduct name:61 keys rgb backlit gaming mechanical keyboard<br \/>\nKeywords:Mechanical Keyboard Backlight<br \/>\nMaterial:ABS\/STEEL\/Aluminum<br \/>\nLayout:Customized Layout<br \/>\nUsage:Office Working Gaming<br \/>\nBacklit:RGB Backling<\/p>\n<\/div>\n","protected":false},"featured_media":3353,"comment_status":"open","ping_status":"closed","template":"","meta":{"_monsterinsights_skip_tracking":false,"_monsterinsights_sitenote_active":false,"_monsterinsights_sitenote_note":"","_monsterinsights_sitenote_category":0},"product_cat":[559,554],"product_tag":[103,560],"yoast_head":"<!-- This site is optimized with the Yoast SEO Premium plugin v22.9 (Yoast SEO v24.0) - https:\/\/yoast.com\/wordpress\/plugins\/seo\/ -->\n<title>CX23U 61 Keys Wired Gaming Mechanical Keyboard Manufacturers - darshion<\/title>\n<meta name=\"description\" content=\"Wired RGB Gaming Keyboard 60 Percent 61 Keys RGB Teclado Gamer Mechanical Keyboard Blue Switch\" \/>\n<meta name=\"robots\" content=\"index, follow, max-snippet:-1, max-image-preview:large, max-video-preview:-1\" \/>\n<link rel=\"canonical\" href=\"https:\/\/darshion.com\/es\/producto\/cx23u-keyboard-manufacturers\/\" \/>\n<meta property=\"og:locale\" content=\"es_ES\" \/>\n<meta property=\"og:type\" content=\"article\" \/>\n<meta property=\"og:title\" content=\"CX23U 61 Keys Wired Gaming Mechanical Keyboard Manufacturers\" \/>\n<meta property=\"og:description\" content=\"Wired RGB Gaming Keyboard 60 Percent 61 Keys RGB Teclado Gamer Mechanical Keyboard Blue Switch\" \/>\n<meta property=\"og:url\" content=\"https:\/\/darshion.com\/es\/producto\/cx23u-keyboard-manufacturers\/\" \/>\n<meta property=\"og:site_name\" content=\"darshion\" \/>\n<meta property=\"article:modified_time\" content=\"2024-07-16T03:03:42+00:00\" \/>\n<meta property=\"og:image\" content=\"https:\/\/darshion.com\/wp-content\/uploads\/2024\/07\/H0aa6ab96dd0246609b90e8d7a8b29475y.jpg\" \/>\n\t<meta property=\"og:image:width\" content=\"1200\" \/>\n\t<meta property=\"og:image:height\" content=\"1200\" \/>\n\t<meta property=\"og:image:type\" content=\"image\/jpeg\" \/>\n<meta name=\"twitter:card\" content=\"summary_large_image\" \/>\n<meta name=\"twitter:label1\" content=\"Tiempo de lectura\" \/>\n\t<meta name=\"twitter:data1\" content=\"3 minutos\" \/>\n<script type=\"application\/ld+json\" class=\"yoast-schema-graph\">{\"@context\":\"https:\/\/schema.org\",\"@graph\":[{\"@type\":\"WebPage\",\"@id\":\"https:\/\/darshion.com\/product\/cx23u-keyboard-manufacturers\/\",\"url\":\"https:\/\/darshion.com\/product\/cx23u-keyboard-manufacturers\/\",\"name\":\"CX23U 61 Keys Wired Gaming Mechanical Keyboard Manufacturers - darshion\",\"isPartOf\":{\"@id\":\"https:\/\/darshion.com\/#website\"},\"primaryImageOfPage\":{\"@id\":\"https:\/\/darshion.com\/product\/cx23u-keyboard-manufacturers\/#primaryimage\"},\"image\":{\"@id\":\"https:\/\/darshion.com\/product\/cx23u-keyboard-manufacturers\/#primaryimage\"},\"thumbnailUrl\":\"https:\/\/darshion.com\/wp-content\/uploads\/2024\/07\/H0aa6ab96dd0246609b90e8d7a8b29475y.jpg\",\"datePublished\":\"2024-07-16T02:47:58+00:00\",\"dateModified\":\"2024-07-16T03:03:42+00:00\",\"description\":\"Wired RGB Gaming Keyboard 60 Percent 61 Keys RGB Teclado Gamer Mechanical Keyboard Blue Switch\",\"breadcrumb\":{\"@id\":\"https:\/\/darshion.com\/product\/cx23u-keyboard-manufacturers\/#breadcrumb\"},\"inLanguage\":\"es\",\"potentialAction\":[{\"@type\":\"ReadAction\",\"target\":[\"https:\/\/darshion.com\/product\/cx23u-keyboard-manufacturers\/\"]}]},{\"@type\":\"ImageObject\",\"inLanguage\":\"es\",\"@id\":\"https:\/\/darshion.com\/product\/cx23u-keyboard-manufacturers\/#primaryimage\",\"url\":\"https:\/\/darshion.com\/wp-content\/uploads\/2024\/07\/H0aa6ab96dd0246609b90e8d7a8b29475y.jpg\",\"contentUrl\":\"https:\/\/darshion.com\/wp-content\/uploads\/2024\/07\/H0aa6ab96dd0246609b90e8d7a8b29475y.jpg\",\"width\":1200,\"height\":1200},{\"@type\":\"BreadcrumbList\",\"@id\":\"https:\/\/darshion.com\/product\/cx23u-keyboard-manufacturers\/#breadcrumb\",\"itemListElement\":[{\"@type\":\"ListItem\",\"position\":1,\"name\":\"\u9996\u9875\",\"item\":\"https:\/\/darshion.com\/\"},{\"@type\":\"ListItem\",\"position\":2,\"name\":\"PRODUCT\",\"item\":\"https:\/\/darshion.com\/pt\/product\/\"},{\"@type\":\"ListItem\",\"position\":3,\"name\":\"CX23U 61 Keys Wired Gaming Mechanical Keyboard Manufacturers\"}]},{\"@type\":\"WebSite\",\"@id\":\"https:\/\/darshion.com\/#website\",\"url\":\"https:\/\/darshion.com\/\",\"name\":\"darshion\",\"description\":\"14 Years of Experience, Quality Assurance, Innovative Design\",\"publisher\":{\"@id\":\"https:\/\/darshion.com\/#organization\"},\"potentialAction\":[{\"@type\":\"SearchAction\",\"target\":{\"@type\":\"EntryPoint\",\"urlTemplate\":\"https:\/\/darshion.com\/?s={search_term_string}\"},\"query-input\":{\"@type\":\"PropertyValueSpecification\",\"valueRequired\":true,\"valueName\":\"search_term_string\"}}],\"inLanguage\":\"es\"},{\"@type\":\"Organization\",\"@id\":\"https:\/\/darshion.com\/#organization\",\"name\":\"darshion\",\"url\":\"https:\/\/darshion.com\/\",\"logo\":{\"@type\":\"ImageObject\",\"inLanguage\":\"es\",\"@id\":\"https:\/\/darshion.com\/#\/schema\/logo\/image\/\",\"url\":\"https:\/\/darshion.com\/wp-content\/uploads\/2023\/09\/01-1.png\",\"contentUrl\":\"https:\/\/darshion.com\/wp-content\/uploads\/2023\/09\/01-1.png\",\"width\":350,\"height\":100,\"caption\":\"darshion\"},\"image\":{\"@id\":\"https:\/\/darshion.com\/#\/schema\/logo\/image\/\"}}]}<\/script>\n<!-- \/ Yoast SEO Premium plugin. -->","yoast_head_json":{"title":"CX23U 61 Teclas Teclado Mec\u00e1nico Con Cable Para Juegos Fabricantes - darshion","description":"Teclado Gaming RGB Cableado 60 Porcentaje 61 Teclas RGB Teclado Mec\u00e1nico Gamer Interruptor Azul","robots":{"index":"index","follow":"follow","max-snippet":"max-snippet:-1","max-image-preview":"max-image-preview:large","max-video-preview":"max-video-preview:-1"},"canonical":"https:\/\/darshion.com\/es\/producto\/cx23u-keyboard-manufacturers\/","og_locale":"es_ES","og_type":"article","og_title":"CX23U 61 Keys Wired Gaming Mechanical Keyboard Manufacturers","og_description":"Wired RGB Gaming Keyboard 60 Percent 61 Keys RGB Teclado Gamer Mechanical Keyboard Blue Switch","og_url":"https:\/\/darshion.com\/es\/producto\/cx23u-keyboard-manufacturers\/","og_site_name":"darshion","article_modified_time":"2024-07-16T03:03:42+00:00","og_image":[{"width":1200,"height":1200,"url":"https:\/\/darshion.com\/wp-content\/uploads\/2024\/07\/H0aa6ab96dd0246609b90e8d7a8b29475y.jpg","type":"image\/jpeg"}],"twitter_card":"summary_large_image","twitter_misc":{"Tiempo de lectura":"3 minutos"},"schema":{"@context":"https:\/\/schema.org","@graph":[{"@type":"WebPage","@id":"https:\/\/darshion.com\/product\/cx23u-keyboard-manufacturers\/","url":"https:\/\/darshion.com\/product\/cx23u-keyboard-manufacturers\/","name":"CX23U 61 Teclas Teclado Mec\u00e1nico Con Cable Para Juegos Fabricantes - darshion","isPartOf":{"@id":"https:\/\/darshion.com\/#website"},"primaryImageOfPage":{"@id":"https:\/\/darshion.com\/product\/cx23u-keyboard-manufacturers\/#primaryimage"},"image":{"@id":"https:\/\/darshion.com\/product\/cx23u-keyboard-manufacturers\/#primaryimage"},"thumbnailUrl":"https:\/\/darshion.com\/wp-content\/uploads\/2024\/07\/H0aa6ab96dd0246609b90e8d7a8b29475y.jpg","datePublished":"2024-07-16T02:47:58+00:00","dateModified":"2024-07-16T03:03:42+00:00","description":"Teclado Gaming RGB Cableado 60 Porcentaje 61 Teclas RGB Teclado Mec\u00e1nico Gamer Interruptor Azul","breadcrumb":{"@id":"https:\/\/darshion.com\/product\/cx23u-keyboard-manufacturers\/#breadcrumb"},"inLanguage":"es","potentialAction":[{"@type":"ReadAction","target":["https:\/\/darshion.com\/product\/cx23u-keyboard-manufacturers\/"]}]},{"@type":"ImageObject","inLanguage":"es","@id":"https:\/\/darshion.com\/product\/cx23u-keyboard-manufacturers\/#primaryimage","url":"https:\/\/darshion.com\/wp-content\/uploads\/2024\/07\/H0aa6ab96dd0246609b90e8d7a8b29475y.jpg","contentUrl":"https:\/\/darshion.com\/wp-content\/uploads\/2024\/07\/H0aa6ab96dd0246609b90e8d7a8b29475y.jpg","width":1200,"height":1200},{"@type":"BreadcrumbList","@id":"https:\/\/darshion.com\/product\/cx23u-keyboard-manufacturers\/#breadcrumb","itemListElement":[{"@type":"ListItem","position":1,"name":"\u9996\u9875","item":"https:\/\/darshion.com\/"},{"@type":"ListItem","position":2,"name":"PRODUCT","item":"https:\/\/darshion.com\/pt\/product\/"},{"@type":"ListItem","position":3,"name":"CX23U 61 Keys Wired Gaming Mechanical Keyboard Manufacturers"}]},{"@type":"WebSite","@id":"https:\/\/darshion.com\/#website","url":"https:\/\/darshion.com\/","name":"darshion","description":"14 a\u00f1os de experiencia, garant\u00eda de calidad, dise\u00f1o innovador","publisher":{"@id":"https:\/\/darshion.com\/#organization"},"potentialAction":[{"@type":"SearchAction","target":{"@type":"EntryPoint","urlTemplate":"https:\/\/darshion.com\/?s={search_term_string}"},"query-input":{"@type":"PropertyValueSpecification","valueRequired":true,"valueName":"search_term_string"}}],"inLanguage":"es"},{"@type":"Organization","@id":"https:\/\/darshion.com\/#organization","name":"darshion","url":"https:\/\/darshion.com\/","logo":{"@type":"ImageObject","inLanguage":"es","@id":"https:\/\/darshion.com\/#\/schema\/logo\/image\/","url":"https:\/\/darshion.com\/wp-content\/uploads\/2023\/09\/01-1.png","contentUrl":"https:\/\/darshion.com\/wp-content\/uploads\/2023\/09\/01-1.png","width":350,"height":100,"caption":"darshion"},"image":{"@id":"https:\/\/darshion.com\/#\/schema\/logo\/image\/"}}]}},"_links":{"self":[{"href":"https:\/\/darshion.com\/es\/wp-json\/wp\/v2\/product\/3363"}],"collection":[{"href":"https:\/\/darshion.com\/es\/wp-json\/wp\/v2\/product"}],"about":[{"href":"https:\/\/darshion.com\/es\/wp-json\/wp\/v2\/types\/product"}],"replies":[{"embeddable":true,"href":"https:\/\/darshion.com\/es\/wp-json\/wp\/v2\/comments?post=3363"}],"wp:featuredmedia":[{"embeddable":true,"href":"https:\/\/darshion.com\/es\/wp-json\/wp\/v2\/media\/3353"}],"wp:attachment":[{"href":"https:\/\/darshion.com\/es\/wp-json\/wp\/v2\/media?parent=3363"}],"wp:term":[{"taxonomy":"product_cat","embeddable":true,"href":"https:\/\/darshion.com\/es\/wp-json\/wp\/v2\/product_cat?post=3363"},{"taxonomy":"product_tag","embeddable":true,"href":"https:\/\/darshion.com\/es\/wp-json\/wp\/v2\/product_tag?post=3363"}],"curies":[{"name":"wp","href":"https:\/\/api.w.org\/{rel}","templated":true}]}}