{"id":3383,"date":"2024-07-16T10:54:40","date_gmt":"2024-07-16T02:54:40","guid":{"rendered":"https:\/\/darshion.com\/product\/cx20u-custom-104-keys-gaming-wired-mechanical-keyboard-manufacturers\/"},"modified":"2024-07-16T11:21:12","modified_gmt":"2024-07-16T03:21:12","slug":"cx20u-keyboard-manufacturers","status":"publish","type":"product","link":"https:\/\/darshion.com\/es\/producto\/cx20u-keyboard-manufacturers\/","title":{"rendered":"CX20U Custom 104 Keys Gaming Teclado mec\u00e1nico con cable Fabricantes"},"content":{"rendered":"<div id=\"detail_decorate_root\" data-magic-global=\"%7B%22bizId%22%3A2329368643%2C%22pageId%22%3A21308579315%2C%22siteId%22%3A10003129106%7D\">\n<div class=\"J_module\">\n<div class=\"detail-decorate-json-renderer-container\">\n<div class=\"magic-0\">\n<div class=\"magic-1\">\n<div class=\"magic-2\">\n<div class=\"magic-3\">Hot Sale 104 Teclado Mec\u00e1nico Interruptor Rojo Ordenador Ergon\u00f3mico RGB Retroiluminado Teclado Gaming para Ordenador PC<\/div>\n<\/div>\n<\/div>\n<\/div>\n<\/div>\n<\/div>\n<div class=\"J_module\">\n<div id=\"ali-anchor-AliMagic-csq2pw\" class=\"magic-4\" data-section=\"AliMagic-csq2pw\" data-section-title=\"Products Description\">Descripci\u00f3n de los productos<\/div>\n<\/div>\n<div class=\"J_module\">\n<div class=\"detail-decorate-json-renderer-container\">\n<div class=\"magic-0\">\n<div class=\"magic-1\">\n<div class=\"magic-2\">\n<div class=\"magic-3\"><strong class=\"magic-6\">\u3010Teclado mec\u00e1nico de tama\u00f1o completo de 104 teclas con interruptor rojo \u3011<br \/>\n<\/strong>Para mecanograf\u00eda y juegos, los interruptores rojos son lineales, de arriba abajo. Estos interruptores requieren menos fuerza para presionar y las teclas se sienten m\u00e1s suaves y f\u00e1ciles de usar. Sin \"golpes\" t\u00e1ctiles, pero con gran capacidad de respuesta. Una gran elecci\u00f3n para trabajar y jugar.<br \/>\n<strong class=\"magic-6\">\u3010Rainbow LED Backlit\u3011<br \/>\n<\/strong>8 efectos de retroiluminaci\u00f3n monocrom\u00e1tica dan a este peque\u00f1o teclado para juegos un efecto visual vibrante y espl\u00e9ndido.<br \/>\n<strong class=\"magic-6\">\u3010Cable Tipo-C desmontable\u3011<br \/>\n<\/strong>La conexi\u00f3n USB Tipo-C tambi\u00e9n proporciona una transmisi\u00f3n m\u00e1s estable, dise\u00f1o de separaci\u00f3n de cables clave, conveniente con el almacenamiento.<\/p>\n<div><strong>\u3010Extrema Durabilidad\u3011<\/strong><\/div>\n<div>50 millones de veces la prueba de pulsaci\u00f3n de teclas, peque\u00f1a fuerza de accionamiento y el recorrido corto lo hacen. Base s\u00f3lida con dise\u00f1o de doble inyecci\u00f3n ABS keycaps, est\u00e1 construido para soportar toda una vida de juego.<br \/>\n<strong>\u3010Fuerte Compatibilidad\u3011<\/strong><\/p>\n<div>Plug and play, sin necesidad de controladores ni software. Funciona perfectamente para Windows 10\/8\/7\/XP, Mac OS y Windows.<br \/>\n\u3010Personalizable\u3011<br \/>\n- Colores Keycap<br \/>\n- Cableado\/inal\u00e1mbrico\/2.4G\/Bluetooth modo triple\/canal m\u00faltiple<br \/>\n- Hasta 20 efectos de retroiluminaci\u00f3n RGB reales predefinidos<br \/>\n- Material de las teclas: ABS\/PBT\/Aluminio<br \/>\n- Interruptores mec\u00e1nicos: Interruptor rojo\/interruptor azul\/interruptor marr\u00f3n, etc.<br \/>\n- Disposici\u00f3n:EEUU\/Reino Unido\/Corea del Sur\/Espa\u00f1a\/BRASILIA\/RUSIA, etc.<br \/>\n- Material de la placa de circuito impreso: ABS\/Aluminio de primera calidad\/Hierro de electroforesis de primera calidad<br \/>\n- LOGO Y EMBALAJE<\/div>\n<\/div>\n<\/div>\n<\/div>\n<\/div>\n<\/div>\n<\/div>\n<\/div>\n<div class=\"J_module\">\n<div id=\"ali-anchor-AliMagic-ua5u15\" class=\"magic-4\" data-section=\"AliMagic-ua5u15\" data-section-title=\"Details Images\">Detalles Im\u00e1genes<\/div>\n<\/div>\n<div class=\"J_module\">\n<div class=\"icbu-pc-detailManyImage magic-7\">\n<div class=\"magic-8\"><img decoding=\"async\" class=\"keyboard Manufacturers\" title=\"teclado Fabricantes\" src=\"https:\/\/darshion.com\/wp-content\/uploads\/2024\/07\/H5f33963b39bc459c80fde92c3f28e831W.jpg\" alt=\"keyboard Manufacturers\" \/><\/div>\n<div class=\"magic-8\"><img decoding=\"async\" class=\"keyboard Manufacturers\" title=\"teclado Fabricantes\" src=\"https:\/\/darshion.com\/wp-content\/uploads\/2024\/07\/H4b34c17d44dc42b78b10b1142f868217B.jpg\" alt=\"keyboard Manufacturers\" \/><\/div>\n<div class=\"magic-8\"><img decoding=\"async\" class=\"keyboard Manufacturers\" title=\"teclado Fabricantes\" src=\"https:\/\/darshion.com\/wp-content\/uploads\/2024\/07\/H4465a10126fb4f7da641d94bff217b09b.jpg\" alt=\"keyboard Manufacturers\" \/><\/div>\n<div class=\"magic-8\"><img decoding=\"async\" class=\"keyboard Manufacturers\" title=\"teclado Fabricantes\" src=\"https:\/\/darshion.com\/wp-content\/uploads\/2024\/07\/Ha4192b97f2ac4c8da2a9120cd01244f51.jpg\" alt=\"keyboard Manufacturers\" \/><\/div>\n<div class=\"magic-8\"><img decoding=\"async\" class=\"keyboard Manufacturers\" title=\"teclado Fabricantes\" src=\"https:\/\/darshion.com\/wp-content\/uploads\/2024\/07\/Hac74115f700440eba6e7c47fb946310bh.jpg\" alt=\"keyboard Manufacturers\" \/><\/div>\n<div class=\"magic-8\"><img decoding=\"async\" class=\"keyboard Manufacturers\" title=\"teclado Fabricantes\" src=\"https:\/\/darshion.com\/wp-content\/uploads\/2024\/07\/H715e2c1c353644788d7ab3f62a11b6872.jpg\" alt=\"keyboard Manufacturers\" \/><\/div>\n<div class=\"magic-8\"><img decoding=\"async\" class=\"keyboard Manufacturers\" title=\"teclado Fabricantes\" src=\"https:\/\/darshion.com\/wp-content\/uploads\/2024\/07\/He400fbc44fd34539badb05205622e8ebV.jpg\" alt=\"keyboard Manufacturers\" \/><\/div>\n<div class=\"magic-8\"><img decoding=\"async\" class=\"keyboard Manufacturers\" title=\"teclado Fabricantes\" src=\"https:\/\/darshion.com\/wp-content\/uploads\/2024\/07\/H2919cea6c7b14a1b8f74cef294545c97u.jpg\" alt=\"keyboard Manufacturers\" \/><\/div>\n<\/div>\n<\/div>\n<div class=\"J_module\">\n<div id=\"ali-anchor-AliMagic-xkyg98\" class=\"magic-4\" data-section=\"AliMagic-xkyg98\" data-section-title=\"Related Products\"><\/div>\n<\/div>\n<div class=\"J_module\">\n<div class=\"icbu-pc-images magic-11\">\n<div>\n<div class=\"flex-layout-v\">\n<div class=\"flex-layout-h magic-11\"><\/div>\n<\/div>\n<\/div>\n<\/div>\n<\/div>\n<\/div>","protected":false},"excerpt":{"rendered":"<div>\n<p>[Industry-specific attributes]<br \/>\nInterface Type:usb<br \/>\nKeyboard Standard:104 Keys<br \/>\nAnti-ghosting:Multi Keys<br \/>\nKeyboard backlit:RGB<br \/>\nMechanical:Yes<br \/>\nProgrammable:NO<\/p>\n<p>[Other attributes]<br \/>\nBrand Name:darshion<br \/>\nType:Wired<br \/>\nFull Size keyboard:Yes<br \/>\nWrist Support:NO<br \/>\nDrive Interface:USB Type C<br \/>\nPrivate Mold:Yes<br \/>\nProduct name:104 keys mechanical keyboard<br \/>\nMaterial:ABS Plastic<br \/>\nCertification:CE FCC ROHS<br \/>\nLayout:Customized Layout<br \/>\nWarranty:12 Months<br \/>\nPackage:Customized Box<br \/>\nLogo:Accept Customized Logo<br \/>\nKeywords:Gaming Keyboard OEM<br \/>\nModel:Machanical Keyboard<br \/>\nStyle:Gaming Keyboard Mechanical<\/p>\n<\/div>\n","protected":false},"featured_media":3377,"comment_status":"open","ping_status":"closed","template":"","meta":{"_monsterinsights_skip_tracking":false,"_monsterinsights_sitenote_active":false,"_monsterinsights_sitenote_note":"","_monsterinsights_sitenote_category":0},"product_cat":[559,554],"product_tag":[560,561],"yoast_head":"<!-- This site is optimized with the Yoast SEO Premium plugin v22.9 (Yoast SEO v24.0) - https:\/\/yoast.com\/wordpress\/plugins\/seo\/ -->\n<title>CX20U Custom 104 Keys Gaming Wired Mechanical Keyboard Manufacturers - darshion<\/title>\n<meta name=\"robots\" content=\"index, follow, max-snippet:-1, max-image-preview:large, max-video-preview:-1\" \/>\n<link rel=\"canonical\" href=\"https:\/\/darshion.com\/es\/producto\/cx20u-keyboard-manufacturers\/\" \/>\n<meta property=\"og:locale\" content=\"es_ES\" \/>\n<meta property=\"og:type\" content=\"article\" \/>\n<meta property=\"og:title\" content=\"CX20U Custom 104 Keys Gaming Wired Mechanical Keyboard Manufacturers\" \/>\n<meta property=\"og:description\" content=\"[Industry-specific attributes] Interface Type:usb Keyboard Standard:104 Keys Anti-ghosting:Multi Keys Keyboard backlit:RGB Mechanical:Yes Programmable:NO  [Other attributes] Brand Name:darshion Type:Wired Full Size keyboard:Yes Wrist Support:NO Drive Interface:USB Type C Private Mold:Yes Product name:104 keys mechanical keyboard Material:ABS Plastic Certification:CE FCC ROHS Layout:Customized Layout Warranty:12 Months Package:Customized Box Logo:Accept Customized Logo Keywords:Gaming Keyboard OEM Model:Machanical Keyboard Style:Gaming Keyboard Mechanical\" \/>\n<meta property=\"og:url\" content=\"https:\/\/darshion.com\/es\/producto\/cx20u-keyboard-manufacturers\/\" \/>\n<meta property=\"og:site_name\" content=\"darshion\" \/>\n<meta property=\"article:modified_time\" content=\"2024-07-16T03:21:12+00:00\" \/>\n<meta property=\"og:image\" content=\"https:\/\/darshion.com\/wp-content\/uploads\/2024\/07\/Hf0b55fe747804b9e88474e86b4f1bc44L.jpg\" \/>\n\t<meta property=\"og:image:width\" content=\"1400\" \/>\n\t<meta property=\"og:image:height\" content=\"1400\" \/>\n\t<meta property=\"og:image:type\" content=\"image\/jpeg\" \/>\n<meta name=\"twitter:card\" content=\"summary_large_image\" \/>\n<meta name=\"twitter:label1\" content=\"Tiempo de lectura\" \/>\n\t<meta name=\"twitter:data1\" content=\"3 minutos\" \/>\n<script type=\"application\/ld+json\" class=\"yoast-schema-graph\">{\"@context\":\"https:\/\/schema.org\",\"@graph\":[{\"@type\":\"WebPage\",\"@id\":\"https:\/\/darshion.com\/product\/cx20u-keyboard-manufacturers\/\",\"url\":\"https:\/\/darshion.com\/product\/cx20u-keyboard-manufacturers\/\",\"name\":\"CX20U Custom 104 Keys Gaming Wired Mechanical Keyboard Manufacturers - darshion\",\"isPartOf\":{\"@id\":\"https:\/\/darshion.com\/#website\"},\"primaryImageOfPage\":{\"@id\":\"https:\/\/darshion.com\/product\/cx20u-keyboard-manufacturers\/#primaryimage\"},\"image\":{\"@id\":\"https:\/\/darshion.com\/product\/cx20u-keyboard-manufacturers\/#primaryimage\"},\"thumbnailUrl\":\"https:\/\/darshion.com\/wp-content\/uploads\/2024\/07\/Hf0b55fe747804b9e88474e86b4f1bc44L.jpg\",\"datePublished\":\"2024-07-16T02:54:40+00:00\",\"dateModified\":\"2024-07-16T03:21:12+00:00\",\"breadcrumb\":{\"@id\":\"https:\/\/darshion.com\/product\/cx20u-keyboard-manufacturers\/#breadcrumb\"},\"inLanguage\":\"es\",\"potentialAction\":[{\"@type\":\"ReadAction\",\"target\":[\"https:\/\/darshion.com\/product\/cx20u-keyboard-manufacturers\/\"]}]},{\"@type\":\"ImageObject\",\"inLanguage\":\"es\",\"@id\":\"https:\/\/darshion.com\/product\/cx20u-keyboard-manufacturers\/#primaryimage\",\"url\":\"https:\/\/darshion.com\/wp-content\/uploads\/2024\/07\/Hf0b55fe747804b9e88474e86b4f1bc44L.jpg\",\"contentUrl\":\"https:\/\/darshion.com\/wp-content\/uploads\/2024\/07\/Hf0b55fe747804b9e88474e86b4f1bc44L.jpg\",\"width\":1400,\"height\":1400},{\"@type\":\"BreadcrumbList\",\"@id\":\"https:\/\/darshion.com\/product\/cx20u-keyboard-manufacturers\/#breadcrumb\",\"itemListElement\":[{\"@type\":\"ListItem\",\"position\":1,\"name\":\"\u9996\u9875\",\"item\":\"https:\/\/darshion.com\/\"},{\"@type\":\"ListItem\",\"position\":2,\"name\":\"PRODUCT\",\"item\":\"https:\/\/darshion.com\/pt\/product\/\"},{\"@type\":\"ListItem\",\"position\":3,\"name\":\"CX20U Custom 104 Keys Gaming Wired Mechanical Keyboard Manufacturers\"}]},{\"@type\":\"WebSite\",\"@id\":\"https:\/\/darshion.com\/#website\",\"url\":\"https:\/\/darshion.com\/\",\"name\":\"darshion\",\"description\":\"14 Years of Experience, Quality Assurance, Innovative Design\",\"publisher\":{\"@id\":\"https:\/\/darshion.com\/#organization\"},\"potentialAction\":[{\"@type\":\"SearchAction\",\"target\":{\"@type\":\"EntryPoint\",\"urlTemplate\":\"https:\/\/darshion.com\/?s={search_term_string}\"},\"query-input\":{\"@type\":\"PropertyValueSpecification\",\"valueRequired\":true,\"valueName\":\"search_term_string\"}}],\"inLanguage\":\"es\"},{\"@type\":\"Organization\",\"@id\":\"https:\/\/darshion.com\/#organization\",\"name\":\"darshion\",\"url\":\"https:\/\/darshion.com\/\",\"logo\":{\"@type\":\"ImageObject\",\"inLanguage\":\"es\",\"@id\":\"https:\/\/darshion.com\/#\/schema\/logo\/image\/\",\"url\":\"https:\/\/darshion.com\/wp-content\/uploads\/2023\/09\/01-1.png\",\"contentUrl\":\"https:\/\/darshion.com\/wp-content\/uploads\/2023\/09\/01-1.png\",\"width\":350,\"height\":100,\"caption\":\"darshion\"},\"image\":{\"@id\":\"https:\/\/darshion.com\/#\/schema\/logo\/image\/\"}}]}<\/script>\n<!-- \/ Yoast SEO Premium plugin. -->","yoast_head_json":{"title":"CX20U Custom 104 Teclas Gaming Teclado Mec\u00e1nico con Cable Fabricantes - darshion","robots":{"index":"index","follow":"follow","max-snippet":"max-snippet:-1","max-image-preview":"max-image-preview:large","max-video-preview":"max-video-preview:-1"},"canonical":"https:\/\/darshion.com\/es\/producto\/cx20u-keyboard-manufacturers\/","og_locale":"es_ES","og_type":"article","og_title":"CX20U Custom 104 Keys Gaming Wired Mechanical Keyboard Manufacturers","og_description":"[Industry-specific attributes] Interface Type:usb Keyboard Standard:104 Keys Anti-ghosting:Multi Keys Keyboard backlit:RGB Mechanical:Yes Programmable:NO  [Other attributes] Brand Name:darshion Type:Wired Full Size keyboard:Yes Wrist Support:NO Drive Interface:USB Type C Private Mold:Yes Product name:104 keys mechanical keyboard Material:ABS Plastic Certification:CE FCC ROHS Layout:Customized Layout Warranty:12 Months Package:Customized Box Logo:Accept Customized Logo Keywords:Gaming Keyboard OEM Model:Machanical Keyboard Style:Gaming Keyboard Mechanical","og_url":"https:\/\/darshion.com\/es\/producto\/cx20u-keyboard-manufacturers\/","og_site_name":"darshion","article_modified_time":"2024-07-16T03:21:12+00:00","og_image":[{"width":1400,"height":1400,"url":"https:\/\/darshion.com\/wp-content\/uploads\/2024\/07\/Hf0b55fe747804b9e88474e86b4f1bc44L.jpg","type":"image\/jpeg"}],"twitter_card":"summary_large_image","twitter_misc":{"Tiempo de lectura":"3 minutos"},"schema":{"@context":"https:\/\/schema.org","@graph":[{"@type":"WebPage","@id":"https:\/\/darshion.com\/product\/cx20u-keyboard-manufacturers\/","url":"https:\/\/darshion.com\/product\/cx20u-keyboard-manufacturers\/","name":"CX20U Custom 104 Teclas Gaming Teclado Mec\u00e1nico con Cable Fabricantes - darshion","isPartOf":{"@id":"https:\/\/darshion.com\/#website"},"primaryImageOfPage":{"@id":"https:\/\/darshion.com\/product\/cx20u-keyboard-manufacturers\/#primaryimage"},"image":{"@id":"https:\/\/darshion.com\/product\/cx20u-keyboard-manufacturers\/#primaryimage"},"thumbnailUrl":"https:\/\/darshion.com\/wp-content\/uploads\/2024\/07\/Hf0b55fe747804b9e88474e86b4f1bc44L.jpg","datePublished":"2024-07-16T02:54:40+00:00","dateModified":"2024-07-16T03:21:12+00:00","breadcrumb":{"@id":"https:\/\/darshion.com\/product\/cx20u-keyboard-manufacturers\/#breadcrumb"},"inLanguage":"es","potentialAction":[{"@type":"ReadAction","target":["https:\/\/darshion.com\/product\/cx20u-keyboard-manufacturers\/"]}]},{"@type":"ImageObject","inLanguage":"es","@id":"https:\/\/darshion.com\/product\/cx20u-keyboard-manufacturers\/#primaryimage","url":"https:\/\/darshion.com\/wp-content\/uploads\/2024\/07\/Hf0b55fe747804b9e88474e86b4f1bc44L.jpg","contentUrl":"https:\/\/darshion.com\/wp-content\/uploads\/2024\/07\/Hf0b55fe747804b9e88474e86b4f1bc44L.jpg","width":1400,"height":1400},{"@type":"BreadcrumbList","@id":"https:\/\/darshion.com\/product\/cx20u-keyboard-manufacturers\/#breadcrumb","itemListElement":[{"@type":"ListItem","position":1,"name":"\u9996\u9875","item":"https:\/\/darshion.com\/"},{"@type":"ListItem","position":2,"name":"PRODUCT","item":"https:\/\/darshion.com\/pt\/product\/"},{"@type":"ListItem","position":3,"name":"CX20U Custom 104 Keys Gaming Wired Mechanical Keyboard Manufacturers"}]},{"@type":"WebSite","@id":"https:\/\/darshion.com\/#website","url":"https:\/\/darshion.com\/","name":"darshion","description":"14 a\u00f1os de experiencia, garant\u00eda de calidad, dise\u00f1o innovador","publisher":{"@id":"https:\/\/darshion.com\/#organization"},"potentialAction":[{"@type":"SearchAction","target":{"@type":"EntryPoint","urlTemplate":"https:\/\/darshion.com\/?s={search_term_string}"},"query-input":{"@type":"PropertyValueSpecification","valueRequired":true,"valueName":"search_term_string"}}],"inLanguage":"es"},{"@type":"Organization","@id":"https:\/\/darshion.com\/#organization","name":"darshion","url":"https:\/\/darshion.com\/","logo":{"@type":"ImageObject","inLanguage":"es","@id":"https:\/\/darshion.com\/#\/schema\/logo\/image\/","url":"https:\/\/darshion.com\/wp-content\/uploads\/2023\/09\/01-1.png","contentUrl":"https:\/\/darshion.com\/wp-content\/uploads\/2023\/09\/01-1.png","width":350,"height":100,"caption":"darshion"},"image":{"@id":"https:\/\/darshion.com\/#\/schema\/logo\/image\/"}}]}},"_links":{"self":[{"href":"https:\/\/darshion.com\/es\/wp-json\/wp\/v2\/product\/3383"}],"collection":[{"href":"https:\/\/darshion.com\/es\/wp-json\/wp\/v2\/product"}],"about":[{"href":"https:\/\/darshion.com\/es\/wp-json\/wp\/v2\/types\/product"}],"replies":[{"embeddable":true,"href":"https:\/\/darshion.com\/es\/wp-json\/wp\/v2\/comments?post=3383"}],"wp:featuredmedia":[{"embeddable":true,"href":"https:\/\/darshion.com\/es\/wp-json\/wp\/v2\/media\/3377"}],"wp:attachment":[{"href":"https:\/\/darshion.com\/es\/wp-json\/wp\/v2\/media?parent=3383"}],"wp:term":[{"taxonomy":"product_cat","embeddable":true,"href":"https:\/\/darshion.com\/es\/wp-json\/wp\/v2\/product_cat?post=3383"},{"taxonomy":"product_tag","embeddable":true,"href":"https:\/\/darshion.com\/es\/wp-json\/wp\/v2\/product_tag?post=3383"}],"curies":[{"name":"wp","href":"https:\/\/api.w.org\/{rel}","templated":true}]}}