{"id":3391,"date":"2024-07-16T10:56:00","date_gmt":"2024-07-16T02:56:00","guid":{"rendered":"https:\/\/darshion.com\/product\/cx23r-bluetooth-wireless-rgb-mechanical-keyboard-suppliers\/"},"modified":"2024-07-16T11:16:55","modified_gmt":"2024-07-16T03:16:55","slug":"cx23r-keyboard-suppliers","status":"publish","type":"product","link":"https:\/\/darshion.com\/es\/producto\/cx23r-keyboard-suppliers\/","title":{"rendered":"CX23R Teclado mec\u00e1nico RGB inal\u00e1mbrico Bluetooth Proveedores"},"content":{"rendered":"<div id=\"detail_decorate_root\" data-magic-global=\"%7B%22bizId%22%3A2329368643%2C%22pageId%22%3A21424337557%2C%22siteId%22%3A10003129106%7D\">\n<div class=\"J_module\">\n<div class=\"detail-decorate-json-renderer-container\">\n<div class=\"magic-0\">\n<div class=\"magic-1\">\n<div class=\"magic-2\">\n<div class=\"magic-3\">\n<div><span class=\"magic-5\">Bluetooth Triple Modo Inal\u00e1mbrico RGB Retroiluminado Mini 61 Teclas 60 Porcentaje Gaming Teclado Cableado 60% Teclado Mec\u00e1nico Interruptor Azul<\/span><\/div>\n<\/div>\n<\/div>\n<\/div>\n<\/div>\n<\/div>\n<\/div>\n<div class=\"J_module\">\n<div class=\"icbu-pc-images magic-6\">\n<div>\n<div class=\"flex-layout-v\">\n<div class=\"flex-layout-h magic-6\">\n<div class=\"magic-7\"><img decoding=\"async\" class=\"keyboard Manufacturers\" title=\"teclado Fabricantes\" src=\"https:\/\/darshion.com\/wp-content\/uploads\/2024\/07\/H64e98bffa89f4238b04f2e323850e6bb9.jpg\" alt=\"keyboard Manufacturers\" \/><\/div>\n<\/div>\n<\/div>\n<\/div>\n<\/div>\n<\/div>\n<div class=\"J_module\">\n<div id=\"ali-anchor-AliMagic-ler8fq\" class=\"magic-9\" data-section=\"AliMagic-ler8fq\" data-section-title=\"Products Description\">Descripci\u00f3n de los productos<\/div>\n<\/div>\n<div class=\"J_module\">\n<div class=\"detail-decorate-json-renderer-container\">\n<div class=\"magic-0\">\n<div class=\"magic-1\">\n<div class=\"magic-2\">\n<div class=\"magic-3\">\n<div class=\"magic-10\"><span class=\"magic-4\">Cl\u00e1sico <\/span><span class=\"magic-4\">Teclado 60%: 61 teclas Dise\u00f1o compacto<\/span><span class=\"magic-4\">\u3011<\/span><\/div>\n<p>&nbsp;<\/p>\n<div class=\"magic-10\"><span class=\"magic-4\">El dise\u00f1o ultracompacto con 61 teclas es un teclado de tama\u00f1o perfecto,y el cable USB-C desmontable lo hace m\u00e1s c\u00f3modo de transportar<\/span><\/div>\n<div class=\"magic-10\"><\/div>\n<div class=\"magic-10\">\u3010Interruptor mec\u00e1nico azul\u3011<\/div>\n<div class=\"magic-10\">Para teclear y jugar, los interruptores azules ofrecen comandos de teclas precisos y sensibles; proporciona un satisfactorio sonido de \"clic\" y resistencia t\u00e1ctil con cada pulsaci\u00f3n.<\/div>\n<div class=\"magic-10\"><\/div>\n<div class=\"magic-10\">\u3010Rainbow LED Backlit\u3011<\/div>\n<div class=\"magic-10\">8 efectos de retroiluminaci\u00f3n monocrom\u00e1tica dan a este peque\u00f1o teclado para juegos un efecto visual vibrante y espl\u00e9ndido.<\/div>\n<div class=\"magic-10\"><\/div>\n<div class=\"magic-10\">\u3010Cable Tipo-C desmontable\u3011<\/div>\n<div class=\"magic-10\">La conexi\u00f3n USB Tipo-C tambi\u00e9n proporciona una transmisi\u00f3n m\u00e1s estable, dise\u00f1o de separaci\u00f3n de cables clave, conveniente con el almacenamiento.<\/div>\n<p>&nbsp;<\/p>\n<\/div>\n<\/div>\n<\/div>\n<\/div>\n<\/div>\n<\/div>\n<div class=\"J_module\">\n<div class=\"icbu-pc-images magic-6\">\n<div>\n<div class=\"flex-layout-v\">\n<div class=\"flex-layout-h magic-6\">\n<div class=\"magic-11\"><\/div>\n<\/div>\n<\/div>\n<\/div>\n<\/div>\n<\/div>\n<div class=\"J_module\">\n<div id=\"ali-anchor-AliMagic-6r3rdj\" class=\"magic-9\" data-section=\"AliMagic-6r3rdj\" data-section-title=\"Details Images\">Detalles Im\u00e1genes<\/div>\n<\/div>\n<div class=\"J_module\">\n<div class=\"icbu-pc-images magic-6\">\n<div>\n<div class=\"flex-layout-v\">\n<div class=\"flex-layout-h magic-6\">\n<div class=\"magic-13\"><img decoding=\"async\" class=\"keyboard Manufacturers\" title=\"teclado Fabricantes\" src=\"https:\/\/darshion.com\/wp-content\/uploads\/2024\/07\/Hc9c9b7c94cd74177a31f4a94d41e85a28.jpg\" alt=\"keyboard Manufacturers\" \/><\/div>\n<\/div>\n<\/div>\n<\/div>\n<\/div>\n<\/div>\n<div class=\"J_module\">\n<div class=\"icbu-pc-detailManyImage magic-15\">\n<div class=\"magic-16\"><img decoding=\"async\" class=\"keyboard Manufacturers\" title=\"teclado Fabricantes\" src=\"https:\/\/darshion.com\/wp-content\/uploads\/2024\/07\/Hd4bfed7ca7684943b9330afc2d8cffd8X.jpg\" alt=\"keyboard Manufacturers\" \/><\/div>\n<div class=\"magic-16\"><img decoding=\"async\" class=\"keyboard Manufacturers\" title=\"teclado Fabricantes\" src=\"https:\/\/darshion.com\/wp-content\/uploads\/2024\/07\/H9c036046699b45068554224923e026de2.jpg\" alt=\"keyboard Manufacturers\" \/><\/div>\n<div class=\"magic-16\"><img decoding=\"async\" class=\"keyboard Manufacturers\" title=\"teclado Fabricantes\" src=\"https:\/\/darshion.com\/wp-content\/uploads\/2024\/07\/H53ceb7baddcd4e5686d08a4fa546cdae7.jpg\" alt=\"keyboard Manufacturers\" \/><\/div>\n<div class=\"magic-16\"><\/div>\n<div class=\"magic-16\"><\/div>\n<div class=\"magic-16\"><\/div>\n<div class=\"magic-16\"><img decoding=\"async\" class=\"keyboard Manufacturers\" title=\"teclado Fabricantes\" src=\"https:\/\/darshion.com\/wp-content\/uploads\/2024\/07\/H61113bb0fd314bccafb15e1e180ccc66T.jpg\" alt=\"keyboard Manufacturers\" \/><\/div>\n<div class=\"magic-16\"><\/div>\n<\/div>\n<\/div>\n<div class=\"J_module\">\n<div id=\"ali-anchor-AliMagic-kw4zmp\" class=\"magic-9\" data-section=\"AliMagic-kw4zmp\" data-section-title=\"Related Products\"><\/div>\n<\/div>\n<div class=\"J_module\">\n<div class=\"icbu-pc-images magic-6\">\n<div>\n<div class=\"flex-layout-v\">\n<div class=\"flex-layout-h magic-6\"><\/div>\n<\/div>\n<\/div>\n<\/div>\n<\/div>\n<\/div>","protected":false},"excerpt":{"rendered":"<div>\n<p>[Industry-specific attributes]<br \/>\nOperation Style:Mechanical<br \/>\nStyle:Mini, Gaming, Mechanical<br \/>\nType:2.4Ghz Wireless,BT<br \/>\nInterface Type:usb, Wireless<br \/>\nKeyboard Standard:61 keys<\/p>\n<p>[Other attributes]<br \/>\nDrive Interface:USB Type C<br \/>\nProducts Status:New<br \/>\nApplication:Desktop<br \/>\nPlace of Origin:Guangdong, China<br \/>\nKeyboard backlit:RGB, LED<br \/>\nFull Size keyboard:No<br \/>\nFeatures:anti-ghosting, Wireless, Plug and Play<br \/>\nPrivate Mold:Yes<br \/>\nWrist Support:NO<br \/>\nBrand Name:darshion<br \/>\nModel Number:CX23R<br \/>\nAxis Body Brand:Kailh<br \/>\nAnti-ghosting:Multi Keys<br \/>\nMechanical:Yes<br \/>\nProgrammable:Yes<br \/>\nProduct name:61 keys mechanical gaming keyboard 60 percent<br \/>\nKeywords:Mechanical Keyboard Backlight<br \/>\nMaterial:ABS<br \/>\nLayout:Customized Layout<br \/>\nUsage:Office Working Gaming<br \/>\nBacklit:LED Backling<br \/>\nColor:Black White<br \/>\nPackage:Strong Carton<br \/>\nWarranty:12months Non-human Damage<br \/>\nMOQ:1000PCS<\/p>\n<\/div>\n","protected":false},"featured_media":3385,"comment_status":"open","ping_status":"closed","template":"","meta":{"_monsterinsights_skip_tracking":false,"_monsterinsights_sitenote_active":false,"_monsterinsights_sitenote_note":"","_monsterinsights_sitenote_category":0},"product_cat":[559,555],"product_tag":[562,103,560],"yoast_head":"<!-- This site is optimized with the Yoast SEO Premium plugin v22.9 (Yoast SEO v24.0) - https:\/\/yoast.com\/wordpress\/plugins\/seo\/ -->\n<title>CX23R Bluetooth Wireless RGB Mechanical Keyboard Suppliers - darshion<\/title>\n<meta name=\"robots\" content=\"index, follow, max-snippet:-1, max-image-preview:large, max-video-preview:-1\" \/>\n<link rel=\"canonical\" href=\"https:\/\/darshion.com\/es\/producto\/cx23r-keyboard-suppliers\/\" \/>\n<meta property=\"og:locale\" content=\"es_ES\" \/>\n<meta property=\"og:type\" content=\"article\" \/>\n<meta property=\"og:title\" content=\"CX23R Bluetooth Wireless RGB Mechanical Keyboard Suppliers\" \/>\n<meta property=\"og:description\" content=\"[Industry-specific attributes] Operation Style:Mechanical Style:Mini, Gaming, Mechanical Type:2.4Ghz Wireless,BT Interface Type:usb, Wireless Keyboard Standard:61 keys  [Other attributes] Drive Interface:USB Type C Products Status:New Application:Desktop Place of Origin:Guangdong, China Keyboard backlit:RGB, LED Full Size keyboard:No Features:anti-ghosting, Wireless, Plug and Play Private Mold:Yes Wrist Support:NO Brand Name:darshion Model Number:CX23R Axis Body Brand:Kailh Anti-ghosting:Multi Keys Mechanical:Yes Programmable:Yes Product name:61 keys mechanical gaming keyboard 60 percent Keywords:Mechanical Keyboard Backlight Material:ABS Layout:Customized Layout Usage:Office Working Gaming Backlit:LED Backling Color:Black White Package:Strong Carton Warranty:12months Non-human Damage MOQ:1000PCS\" \/>\n<meta property=\"og:url\" content=\"https:\/\/darshion.com\/es\/producto\/cx23r-keyboard-suppliers\/\" \/>\n<meta property=\"og:site_name\" content=\"darshion\" \/>\n<meta property=\"article:modified_time\" content=\"2024-07-16T03:16:55+00:00\" \/>\n<meta property=\"og:image\" content=\"https:\/\/darshion.com\/wp-content\/uploads\/2024\/07\/Hda32d072e09540988dbe515dea9f20cc2.jpg\" \/>\n\t<meta property=\"og:image:width\" content=\"1600\" \/>\n\t<meta property=\"og:image:height\" content=\"1600\" \/>\n\t<meta property=\"og:image:type\" content=\"image\/jpeg\" \/>\n<meta name=\"twitter:card\" content=\"summary_large_image\" \/>\n<meta name=\"twitter:label1\" content=\"Tiempo de lectura\" \/>\n\t<meta name=\"twitter:data1\" content=\"2 minutos\" \/>\n<script type=\"application\/ld+json\" class=\"yoast-schema-graph\">{\"@context\":\"https:\/\/schema.org\",\"@graph\":[{\"@type\":\"WebPage\",\"@id\":\"https:\/\/darshion.com\/product\/cx23r-keyboard-suppliers\/\",\"url\":\"https:\/\/darshion.com\/product\/cx23r-keyboard-suppliers\/\",\"name\":\"CX23R Bluetooth Wireless RGB Mechanical Keyboard Suppliers - darshion\",\"isPartOf\":{\"@id\":\"https:\/\/darshion.com\/#website\"},\"primaryImageOfPage\":{\"@id\":\"https:\/\/darshion.com\/product\/cx23r-keyboard-suppliers\/#primaryimage\"},\"image\":{\"@id\":\"https:\/\/darshion.com\/product\/cx23r-keyboard-suppliers\/#primaryimage\"},\"thumbnailUrl\":\"https:\/\/darshion.com\/wp-content\/uploads\/2024\/07\/Hda32d072e09540988dbe515dea9f20cc2.jpg\",\"datePublished\":\"2024-07-16T02:56:00+00:00\",\"dateModified\":\"2024-07-16T03:16:55+00:00\",\"breadcrumb\":{\"@id\":\"https:\/\/darshion.com\/product\/cx23r-keyboard-suppliers\/#breadcrumb\"},\"inLanguage\":\"es\",\"potentialAction\":[{\"@type\":\"ReadAction\",\"target\":[\"https:\/\/darshion.com\/product\/cx23r-keyboard-suppliers\/\"]}]},{\"@type\":\"ImageObject\",\"inLanguage\":\"es\",\"@id\":\"https:\/\/darshion.com\/product\/cx23r-keyboard-suppliers\/#primaryimage\",\"url\":\"https:\/\/darshion.com\/wp-content\/uploads\/2024\/07\/Hda32d072e09540988dbe515dea9f20cc2.jpg\",\"contentUrl\":\"https:\/\/darshion.com\/wp-content\/uploads\/2024\/07\/Hda32d072e09540988dbe515dea9f20cc2.jpg\",\"width\":1600,\"height\":1600},{\"@type\":\"BreadcrumbList\",\"@id\":\"https:\/\/darshion.com\/product\/cx23r-keyboard-suppliers\/#breadcrumb\",\"itemListElement\":[{\"@type\":\"ListItem\",\"position\":1,\"name\":\"\u9996\u9875\",\"item\":\"https:\/\/darshion.com\/\"},{\"@type\":\"ListItem\",\"position\":2,\"name\":\"PRODUCT\",\"item\":\"https:\/\/darshion.com\/pt\/product\/\"},{\"@type\":\"ListItem\",\"position\":3,\"name\":\"CX23R Bluetooth Wireless RGB Mechanical Keyboard Suppliers\"}]},{\"@type\":\"WebSite\",\"@id\":\"https:\/\/darshion.com\/#website\",\"url\":\"https:\/\/darshion.com\/\",\"name\":\"darshion\",\"description\":\"14 Years of Experience, Quality Assurance, Innovative Design\",\"publisher\":{\"@id\":\"https:\/\/darshion.com\/#organization\"},\"potentialAction\":[{\"@type\":\"SearchAction\",\"target\":{\"@type\":\"EntryPoint\",\"urlTemplate\":\"https:\/\/darshion.com\/?s={search_term_string}\"},\"query-input\":{\"@type\":\"PropertyValueSpecification\",\"valueRequired\":true,\"valueName\":\"search_term_string\"}}],\"inLanguage\":\"es\"},{\"@type\":\"Organization\",\"@id\":\"https:\/\/darshion.com\/#organization\",\"name\":\"darshion\",\"url\":\"https:\/\/darshion.com\/\",\"logo\":{\"@type\":\"ImageObject\",\"inLanguage\":\"es\",\"@id\":\"https:\/\/darshion.com\/#\/schema\/logo\/image\/\",\"url\":\"https:\/\/darshion.com\/wp-content\/uploads\/2023\/09\/01-1.png\",\"contentUrl\":\"https:\/\/darshion.com\/wp-content\/uploads\/2023\/09\/01-1.png\",\"width\":350,\"height\":100,\"caption\":\"darshion\"},\"image\":{\"@id\":\"https:\/\/darshion.com\/#\/schema\/logo\/image\/\"}}]}<\/script>\n<!-- \/ Yoast SEO Premium plugin. -->","yoast_head_json":{"title":"CX23R Teclado mec\u00e1nico RGB inal\u00e1mbrico Bluetooth Proveedores - darshion","robots":{"index":"index","follow":"follow","max-snippet":"max-snippet:-1","max-image-preview":"max-image-preview:large","max-video-preview":"max-video-preview:-1"},"canonical":"https:\/\/darshion.com\/es\/producto\/cx23r-keyboard-suppliers\/","og_locale":"es_ES","og_type":"article","og_title":"CX23R Bluetooth Wireless RGB Mechanical Keyboard Suppliers","og_description":"[Industry-specific attributes] Operation Style:Mechanical Style:Mini, Gaming, Mechanical Type:2.4Ghz Wireless,BT Interface Type:usb, Wireless Keyboard Standard:61 keys  [Other attributes] Drive Interface:USB Type C Products Status:New Application:Desktop Place of Origin:Guangdong, China Keyboard backlit:RGB, LED Full Size keyboard:No Features:anti-ghosting, Wireless, Plug and Play Private Mold:Yes Wrist Support:NO Brand Name:darshion Model Number:CX23R Axis Body Brand:Kailh Anti-ghosting:Multi Keys Mechanical:Yes Programmable:Yes Product name:61 keys mechanical gaming keyboard 60 percent Keywords:Mechanical Keyboard Backlight Material:ABS Layout:Customized Layout Usage:Office Working Gaming Backlit:LED Backling Color:Black White Package:Strong Carton Warranty:12months Non-human Damage MOQ:1000PCS","og_url":"https:\/\/darshion.com\/es\/producto\/cx23r-keyboard-suppliers\/","og_site_name":"darshion","article_modified_time":"2024-07-16T03:16:55+00:00","og_image":[{"width":1600,"height":1600,"url":"https:\/\/darshion.com\/wp-content\/uploads\/2024\/07\/Hda32d072e09540988dbe515dea9f20cc2.jpg","type":"image\/jpeg"}],"twitter_card":"summary_large_image","twitter_misc":{"Tiempo de lectura":"2 minutos"},"schema":{"@context":"https:\/\/schema.org","@graph":[{"@type":"WebPage","@id":"https:\/\/darshion.com\/product\/cx23r-keyboard-suppliers\/","url":"https:\/\/darshion.com\/product\/cx23r-keyboard-suppliers\/","name":"CX23R Teclado mec\u00e1nico RGB inal\u00e1mbrico Bluetooth Proveedores - darshion","isPartOf":{"@id":"https:\/\/darshion.com\/#website"},"primaryImageOfPage":{"@id":"https:\/\/darshion.com\/product\/cx23r-keyboard-suppliers\/#primaryimage"},"image":{"@id":"https:\/\/darshion.com\/product\/cx23r-keyboard-suppliers\/#primaryimage"},"thumbnailUrl":"https:\/\/darshion.com\/wp-content\/uploads\/2024\/07\/Hda32d072e09540988dbe515dea9f20cc2.jpg","datePublished":"2024-07-16T02:56:00+00:00","dateModified":"2024-07-16T03:16:55+00:00","breadcrumb":{"@id":"https:\/\/darshion.com\/product\/cx23r-keyboard-suppliers\/#breadcrumb"},"inLanguage":"es","potentialAction":[{"@type":"ReadAction","target":["https:\/\/darshion.com\/product\/cx23r-keyboard-suppliers\/"]}]},{"@type":"ImageObject","inLanguage":"es","@id":"https:\/\/darshion.com\/product\/cx23r-keyboard-suppliers\/#primaryimage","url":"https:\/\/darshion.com\/wp-content\/uploads\/2024\/07\/Hda32d072e09540988dbe515dea9f20cc2.jpg","contentUrl":"https:\/\/darshion.com\/wp-content\/uploads\/2024\/07\/Hda32d072e09540988dbe515dea9f20cc2.jpg","width":1600,"height":1600},{"@type":"BreadcrumbList","@id":"https:\/\/darshion.com\/product\/cx23r-keyboard-suppliers\/#breadcrumb","itemListElement":[{"@type":"ListItem","position":1,"name":"\u9996\u9875","item":"https:\/\/darshion.com\/"},{"@type":"ListItem","position":2,"name":"PRODUCT","item":"https:\/\/darshion.com\/pt\/product\/"},{"@type":"ListItem","position":3,"name":"CX23R Bluetooth Wireless RGB Mechanical Keyboard Suppliers"}]},{"@type":"WebSite","@id":"https:\/\/darshion.com\/#website","url":"https:\/\/darshion.com\/","name":"darshion","description":"14 a\u00f1os de experiencia, garant\u00eda de calidad, dise\u00f1o innovador","publisher":{"@id":"https:\/\/darshion.com\/#organization"},"potentialAction":[{"@type":"SearchAction","target":{"@type":"EntryPoint","urlTemplate":"https:\/\/darshion.com\/?s={search_term_string}"},"query-input":{"@type":"PropertyValueSpecification","valueRequired":true,"valueName":"search_term_string"}}],"inLanguage":"es"},{"@type":"Organization","@id":"https:\/\/darshion.com\/#organization","name":"darshion","url":"https:\/\/darshion.com\/","logo":{"@type":"ImageObject","inLanguage":"es","@id":"https:\/\/darshion.com\/#\/schema\/logo\/image\/","url":"https:\/\/darshion.com\/wp-content\/uploads\/2023\/09\/01-1.png","contentUrl":"https:\/\/darshion.com\/wp-content\/uploads\/2023\/09\/01-1.png","width":350,"height":100,"caption":"darshion"},"image":{"@id":"https:\/\/darshion.com\/#\/schema\/logo\/image\/"}}]}},"_links":{"self":[{"href":"https:\/\/darshion.com\/es\/wp-json\/wp\/v2\/product\/3391"}],"collection":[{"href":"https:\/\/darshion.com\/es\/wp-json\/wp\/v2\/product"}],"about":[{"href":"https:\/\/darshion.com\/es\/wp-json\/wp\/v2\/types\/product"}],"replies":[{"embeddable":true,"href":"https:\/\/darshion.com\/es\/wp-json\/wp\/v2\/comments?post=3391"}],"wp:featuredmedia":[{"embeddable":true,"href":"https:\/\/darshion.com\/es\/wp-json\/wp\/v2\/media\/3385"}],"wp:attachment":[{"href":"https:\/\/darshion.com\/es\/wp-json\/wp\/v2\/media?parent=3391"}],"wp:term":[{"taxonomy":"product_cat","embeddable":true,"href":"https:\/\/darshion.com\/es\/wp-json\/wp\/v2\/product_cat?post=3391"},{"taxonomy":"product_tag","embeddable":true,"href":"https:\/\/darshion.com\/es\/wp-json\/wp\/v2\/product_tag?post=3391"}],"curies":[{"name":"wp","href":"https:\/\/api.w.org\/{rel}","templated":true}]}}