{"id":3693,"date":"2024-07-19T11:44:01","date_gmt":"2024-07-19T03:44:01","guid":{"rendered":"https:\/\/darshion.com\/product\/v30-rechargeable-wireless-silent-vertical-gaming-mouse-suppliers\/"},"modified":"2024-07-19T17:36:59","modified_gmt":"2024-07-19T09:36:59","slug":"v30-rechargeable-wireless-silent-vertical-gaming-mouse-suppliers","status":"publish","type":"product","link":"https:\/\/darshion.com\/es\/producto\/v30-rechargeable-wireless-silent-vertical-gaming-mouse-suppliers\/","title":{"rendered":"V30 Rechargeable Wireless Silent Vertical Gaming Mouse Proveedores"},"content":{"rendered":"<div id=\"detail_decorate_root\" data-magic-global=\"%7B%22bizId%22%3A2329368643%2C%22pageId%22%3A21359055401%2C%22siteId%22%3A10003129106%7D\">\n<div class=\"J_module\">\n<div class=\"detail-decorate-json-renderer-container\">\n<div class=\"magic-0\">\n<div class=\"magic-1\">\n<div class=\"magic-2\">\n<div class=\"magic-3\">\u3010<strong>Dise\u00f1o ergon\u00f3mico avanzado<\/strong>\u3011<\/div>\n<\/div>\n<\/div>\n<\/div>\n<\/div>\n<\/div>\n<div class=\"J_module\">\n<div class=\"detail-decorate-json-renderer-container\">\n<div class=\"magic-0\">\n<div class=\"magic-1\">\n<div class=\"magic-2\">\n<div class=\"magic-3\">\n<p><span style=\"font-family: Times New Roman;\"> Su forma perfectamente esculpida a mano sujeta la mano y la mu\u00f1eca en una posici\u00f3n c\u00f3moda y natural<\/span><\/p>\n<p>&nbsp;<\/p>\n<div>\n<p><span style=\"font-family: Times New Roman;\"><br \/>\n<strong>\u3010Bater\u00eda recargable\u3011<br \/>\n<\/strong> Con una bater\u00eda de litio recargable de 500 mAh incorporada, disfrute de un uso continuo del rat\u00f3n durante d\u00edas sin tener que volver a cargarlo. Utilice el cable USB suministrado para cargar el rat\u00f3n cuando lo necesite. <\/span><\/p>\n<p>&nbsp;<\/p>\n<p><strong>\u3010Adjustable DPI\u3011<br \/>\n<\/strong>Alterna entre 3 niveles de configuraci\u00f3n de PPP para adaptarlo a tus necesidades (800\/1200\/1600)<\/p>\n<p>&nbsp;<\/p>\n<\/div>\n<div><span style=\"font-family: Times New Roman;\"><br \/>\n<span class=\"magic-6\"><strong class=\"magic-6\">\u30101 Rat\u00f3n Bluetooth vertical para 3 dispositivos\u3011<\/strong><\/span><\/span><\/div>\n<div><span style=\"font-family: Times New Roman;\">El rat\u00f3n inal\u00e1mbrico tiene tres modos: Bluetooth BT1\/BT2 y conexi\u00f3n inal\u00e1mbrica 2.4G.Cada modo se puede conectar a un dispositivo, basta con hacer clic en el bot\u00f3n de cambio de modo para realizar el cambio libre entre los tres dispositivos. \u00a1El rat\u00f3n vertical puede mejorar en gran medida su eficiencia en el trabajo!<\/span><\/div>\n<div><\/div>\n<div><span style=\"font-family: Times New Roman;\"><strong>\u3010Fuerte Compatibilidad\u3011<\/strong><\/span><\/div>\n<p><span style=\"font-family: Times New Roman;\">Windows 2000,Me,XP,Vista,Windows 7\/8\/10 o PC IBM<\/span><\/p>\n<div>\n<p><span style=\"font-family: Times New Roman;\">\u00a0<\/span><\/p>\n<p>&nbsp;<\/p>\n<div>\n<div>\n<p><span style=\"font-family: Times New Roman;\">Demensions:124.23*82.37*49.12mm<br \/>\n<\/span><\/p>\n<p>&nbsp;<\/p>\n<div><span style=\"font-family: Times New Roman;\">Peso:114,4 g<\/span><\/div>\n<div><span style=\"font-family: Times New Roman;\">Distancia de recepci\u00f3n inal\u00e1mbrica: 10 m<\/span><\/div>\n<div><span style=\"font-family: Times New Roman;\">Botones:6 botones (clic izquierdo\/derecho, atr\u00e1s\/adelante, conmutador de aplicaciones, rueda de cambio de modo, clic central)<\/span><\/div>\n<div><span style=\"font-family: Times New Roman;\">Tipo de interfaz: USD (puerto de carga USB-C disponible)<\/span><\/div>\n<div><span style=\"font-family: Times New Roman;\">Tecnolog\u00eda inal\u00e1mbrica: Tecnolog\u00eda inal\u00e1mbrica avanzada de 2,4 GHz(2,4 G + BT4.0 + BT4.0 modo dual)<\/span><\/div>\n<div><span style=\"font-family: Times New Roman;\">Vida \u00fatil del bot\u00f3n:3 millones de veces<\/span><\/div>\n<div><span style=\"font-family: Times New Roman;\"><br \/>\n<strong class=\"magic-5\">\u3010Personalizable\u3011<\/strong><br \/>\n- Cableado\/inal\u00e1mbrico\/2.4G\/Bluetooth modo triple\/canal m\u00faltiple<br \/>\n- Soluciones internas:Yichip\/NORDIC\/BEKEN\/MOSART\/TELINK\/<br \/>\n- LOGO &amp; Embalaje &amp; Color del rat\u00f3n<\/span><\/div>\n<\/div>\n<\/div>\n<\/div>\n<\/div>\n<\/div>\n<\/div>\n<\/div>\n<\/div>\n<\/div>\n<div class=\"J_module\">\n<div id=\"ali-anchor-AliMagic-2hz52z\" class=\"magic-4\" data-section=\"AliMagic-2hz52z\" data-section-title=\"Details Images\">Detalles Im\u00e1genes<\/div>\n<\/div>\n<div class=\"J_module\">\n<div class=\"icbu-pc-detailManyImage magic-7\">\n<div class=\"magic-8\"><img decoding=\"async\" class=\"magic-9\" src=\"https:\/\/darshion.com\/wp-content\/uploads\/2024\/07\/Hf38b7013d0cb4f5899c14940c6774a9c7.jpg\" \/><\/div>\n<div class=\"magic-8\"><img decoding=\"async\" class=\"magic-9\" src=\"https:\/\/darshion.com\/wp-content\/uploads\/2024\/07\/Hd317add71d184d109064d593e10ca6e4k.jpg\" \/><\/div>\n<div class=\"magic-8\"><img decoding=\"async\" class=\"magic-9\" src=\"https:\/\/darshion.com\/wp-content\/uploads\/2024\/07\/H6aee696af0094554bfd65f472869e1d3K.jpg\" \/><\/div>\n<div class=\"magic-8\"><img decoding=\"async\" class=\"magic-9\" src=\"https:\/\/darshion.com\/wp-content\/uploads\/2024\/07\/H15861c8852b84af886c24be63be6e9595.jpg\" \/><\/div>\n<div class=\"magic-8\"><img decoding=\"async\" class=\"magic-9\" src=\"https:\/\/darshion.com\/wp-content\/uploads\/2024\/07\/H78197e63d2ec45ea9b1f4eb8ec981800w.jpg\" \/><\/div>\n<div class=\"magic-8\"><img decoding=\"async\" class=\"magic-9\" src=\"https:\/\/darshion.com\/wp-content\/uploads\/2024\/07\/H6ff35d16b8534f3f859e0bcd90491be8y.jpg\" \/><\/div>\n<div class=\"magic-8\"><img decoding=\"async\" class=\"magic-9\" src=\"https:\/\/darshion.com\/wp-content\/uploads\/2024\/07\/H5926a5d641b84c7aa43be2523ab5f881l.jpg\" \/><\/div>\n<div class=\"magic-8\"><img decoding=\"async\" class=\"magic-9\" src=\"https:\/\/darshion.com\/wp-content\/uploads\/2024\/07\/Hb20434b4f76a4d3f885ea82a1d0bc63bL.jpg\" \/><\/div>\n<div class=\"magic-8\"><img decoding=\"async\" class=\"magic-9\" src=\"https:\/\/darshion.com\/wp-content\/uploads\/2024\/07\/H0eee520489644567adef02fa095734944.jpg\" \/><\/div>\n<\/div>\n<\/div>\n<\/div>","protected":false},"excerpt":{"rendered":"<div>\n<p>[Industry-specific attributes]<br \/>\nType:2.4Ghz Wireless<br \/>\nInterface Type:usb<br \/>\nNumber of Buttons:6<br \/>\nDPI:1000, 1200, 1600<\/p>\n<p>&nbsp;<\/p>\n<p>[Other attributes]<br \/>\nPlace of Origin:Guangdong, China<br \/>\nPrivate Mold:Yes<br \/>\nProgrammable:NO<br \/>\nTracking Method:Optical<br \/>\nPower Type:RECHARGEABLE<br \/>\nNumber of Rollers:1<br \/>\nProducts Status:Stock<br \/>\nApplication:Desktop, LAPTOP<br \/>\nHand Orientation:Right<br \/>\nModel Number:V30<br \/>\nErgonomics:Yes<br \/>\nProduct Name:wireless bluetooth ergonomic mouse<br \/>\nKeywords:wireless ergonomic mouse<br \/>\nSupport:Windows XP\/7\/8\/10, IOS, Android Mobile phone, PC, Tablet, Mac<br \/>\nPackage:4c colour box<br \/>\nMouse Type:2.4G Wireless bluetooth Mouse<br \/>\nCertification:CE,ROHS,BQB,FCC<br \/>\nButtons:6D Buttons<br \/>\nFeature:2.4g Advanced Wireless Mouse<br \/>\nLogo:Accept Customized Logo<br \/>\nFunction:Gaming Office Pc Mouse<\/p>\n<\/div>\n","protected":false},"featured_media":3691,"comment_status":"open","ping_status":"closed","template":"","meta":{"_monsterinsights_skip_tracking":false,"_monsterinsights_sitenote_active":false,"_monsterinsights_sitenote_note":"","_monsterinsights_sitenote_category":0},"product_cat":[541],"product_tag":[558],"yoast_head":"<!-- This site is optimized with the Yoast SEO Premium plugin v22.9 (Yoast SEO v24.0) - https:\/\/yoast.com\/wordpress\/plugins\/seo\/ -->\n<title>V30 Rechargeable Wireless Silent Vertical Gaming Mouse Suppliers - darshion<\/title>\n<meta name=\"robots\" content=\"index, follow, max-snippet:-1, max-image-preview:large, max-video-preview:-1\" \/>\n<link rel=\"canonical\" href=\"https:\/\/darshion.com\/es\/producto\/v30-rechargeable-wireless-silent-vertical-gaming-mouse-suppliers\/\" \/>\n<meta property=\"og:locale\" content=\"es_ES\" \/>\n<meta property=\"og:type\" content=\"article\" \/>\n<meta property=\"og:title\" content=\"V30 Rechargeable Wireless Silent Vertical Gaming Mouse Suppliers\" \/>\n<meta property=\"og:description\" content=\"[Industry-specific attributes] Type:2.4Ghz Wireless Interface Type:usb Number of Buttons:6 DPI:1000, 1200, 1600  &nbsp;  [Other attributes] Place of Origin:Guangdong, China Private Mold:Yes Programmable:NO Tracking Method:Optical Power Type:RECHARGEABLE Number of Rollers:1 Products Status:Stock Application:Desktop, LAPTOP Hand Orientation:Right Model Number:V30 Ergonomics:Yes Product Name:wireless bluetooth ergonomic mouse Keywords:wireless ergonomic mouse Support:Windows XP\/7\/8\/10, IOS, Android Mobile phone, PC, Tablet, Mac Package:4c colour box Mouse Type:2.4G Wireless bluetooth Mouse Certification:CE,ROHS,BQB,FCC Buttons:6D Buttons Feature:2.4g Advanced Wireless Mouse Logo:Accept Customized Logo Function:Gaming Office Pc Mouse\" \/>\n<meta property=\"og:url\" content=\"https:\/\/darshion.com\/es\/producto\/v30-rechargeable-wireless-silent-vertical-gaming-mouse-suppliers\/\" \/>\n<meta property=\"og:site_name\" content=\"darshion\" \/>\n<meta property=\"article:modified_time\" content=\"2024-07-19T09:36:59+00:00\" \/>\n<meta property=\"og:image\" content=\"https:\/\/darshion.com\/wp-content\/uploads\/2024\/07\/H90d217bb952744cfb1f1452c6ef24141y.jpg\" \/>\n\t<meta property=\"og:image:width\" content=\"1200\" \/>\n\t<meta property=\"og:image:height\" content=\"1200\" \/>\n\t<meta property=\"og:image:type\" content=\"image\/jpeg\" \/>\n<meta name=\"twitter:card\" content=\"summary_large_image\" \/>\n<meta name=\"twitter:label1\" content=\"Tiempo de lectura\" \/>\n\t<meta name=\"twitter:data1\" content=\"3 minutos\" \/>\n<script type=\"application\/ld+json\" class=\"yoast-schema-graph\">{\"@context\":\"https:\/\/schema.org\",\"@graph\":[{\"@type\":\"WebPage\",\"@id\":\"https:\/\/darshion.com\/ru\/product\/v30-rechargeable-wireless-silent-vertical-gaming-mouse-suppliers\/\",\"url\":\"https:\/\/darshion.com\/ru\/product\/v30-rechargeable-wireless-silent-vertical-gaming-mouse-suppliers\/\",\"name\":\"V30 Rechargeable Wireless Silent Vertical Gaming Mouse Suppliers - darshion\",\"isPartOf\":{\"@id\":\"https:\/\/darshion.com\/#website\"},\"primaryImageOfPage\":{\"@id\":\"https:\/\/darshion.com\/ru\/product\/v30-rechargeable-wireless-silent-vertical-gaming-mouse-suppliers\/#primaryimage\"},\"image\":{\"@id\":\"https:\/\/darshion.com\/ru\/product\/v30-rechargeable-wireless-silent-vertical-gaming-mouse-suppliers\/#primaryimage\"},\"thumbnailUrl\":\"https:\/\/darshion.com\/wp-content\/uploads\/2024\/07\/H90d217bb952744cfb1f1452c6ef24141y.jpg\",\"datePublished\":\"2024-07-19T03:44:01+00:00\",\"dateModified\":\"2024-07-19T09:36:59+00:00\",\"breadcrumb\":{\"@id\":\"https:\/\/darshion.com\/ru\/product\/v30-rechargeable-wireless-silent-vertical-gaming-mouse-suppliers\/#breadcrumb\"},\"inLanguage\":\"es\",\"potentialAction\":[{\"@type\":\"ReadAction\",\"target\":[\"https:\/\/darshion.com\/ru\/product\/v30-rechargeable-wireless-silent-vertical-gaming-mouse-suppliers\/\"]}]},{\"@type\":\"ImageObject\",\"inLanguage\":\"es\",\"@id\":\"https:\/\/darshion.com\/ru\/product\/v30-rechargeable-wireless-silent-vertical-gaming-mouse-suppliers\/#primaryimage\",\"url\":\"https:\/\/darshion.com\/wp-content\/uploads\/2024\/07\/H90d217bb952744cfb1f1452c6ef24141y.jpg\",\"contentUrl\":\"https:\/\/darshion.com\/wp-content\/uploads\/2024\/07\/H90d217bb952744cfb1f1452c6ef24141y.jpg\",\"width\":1200,\"height\":1200},{\"@type\":\"BreadcrumbList\",\"@id\":\"https:\/\/darshion.com\/ru\/product\/v30-rechargeable-wireless-silent-vertical-gaming-mouse-suppliers\/#breadcrumb\",\"itemListElement\":[{\"@type\":\"ListItem\",\"position\":1,\"name\":\"\u9996\u9875\",\"item\":\"https:\/\/darshion.com\/\"},{\"@type\":\"ListItem\",\"position\":2,\"name\":\"PRODUCT\",\"item\":\"https:\/\/darshion.com\/pt\/product\/\"},{\"@type\":\"ListItem\",\"position\":3,\"name\":\"V30 Rechargeable Wireless Silent Vertical Gaming Mouse Suppliers\"}]},{\"@type\":\"WebSite\",\"@id\":\"https:\/\/darshion.com\/#website\",\"url\":\"https:\/\/darshion.com\/\",\"name\":\"darshion\",\"description\":\"14 Years of Experience, Quality Assurance, Innovative Design\",\"publisher\":{\"@id\":\"https:\/\/darshion.com\/#organization\"},\"potentialAction\":[{\"@type\":\"SearchAction\",\"target\":{\"@type\":\"EntryPoint\",\"urlTemplate\":\"https:\/\/darshion.com\/?s={search_term_string}\"},\"query-input\":{\"@type\":\"PropertyValueSpecification\",\"valueRequired\":true,\"valueName\":\"search_term_string\"}}],\"inLanguage\":\"es\"},{\"@type\":\"Organization\",\"@id\":\"https:\/\/darshion.com\/#organization\",\"name\":\"darshion\",\"url\":\"https:\/\/darshion.com\/\",\"logo\":{\"@type\":\"ImageObject\",\"inLanguage\":\"es\",\"@id\":\"https:\/\/darshion.com\/#\/schema\/logo\/image\/\",\"url\":\"https:\/\/darshion.com\/wp-content\/uploads\/2023\/09\/01-1.png\",\"contentUrl\":\"https:\/\/darshion.com\/wp-content\/uploads\/2023\/09\/01-1.png\",\"width\":350,\"height\":100,\"caption\":\"darshion\"},\"image\":{\"@id\":\"https:\/\/darshion.com\/#\/schema\/logo\/image\/\"}}]}<\/script>\n<!-- \/ Yoast SEO Premium plugin. -->","yoast_head_json":{"title":"V30 Recargable Inal\u00e1mbrico Silencioso Vertical Gaming Mouse Proveedores - darshion","robots":{"index":"index","follow":"follow","max-snippet":"max-snippet:-1","max-image-preview":"max-image-preview:large","max-video-preview":"max-video-preview:-1"},"canonical":"https:\/\/darshion.com\/es\/producto\/v30-rechargeable-wireless-silent-vertical-gaming-mouse-suppliers\/","og_locale":"es_ES","og_type":"article","og_title":"V30 Rechargeable Wireless Silent Vertical Gaming Mouse Suppliers","og_description":"[Industry-specific attributes] Type:2.4Ghz Wireless Interface Type:usb Number of Buttons:6 DPI:1000, 1200, 1600  &nbsp;  [Other attributes] Place of Origin:Guangdong, China Private Mold:Yes Programmable:NO Tracking Method:Optical Power Type:RECHARGEABLE Number of Rollers:1 Products Status:Stock Application:Desktop, LAPTOP Hand Orientation:Right Model Number:V30 Ergonomics:Yes Product Name:wireless bluetooth ergonomic mouse Keywords:wireless ergonomic mouse Support:Windows XP\/7\/8\/10, IOS, Android Mobile phone, PC, Tablet, Mac Package:4c colour box Mouse Type:2.4G Wireless bluetooth Mouse Certification:CE,ROHS,BQB,FCC Buttons:6D Buttons Feature:2.4g Advanced Wireless Mouse Logo:Accept Customized Logo Function:Gaming Office Pc Mouse","og_url":"https:\/\/darshion.com\/es\/producto\/v30-rechargeable-wireless-silent-vertical-gaming-mouse-suppliers\/","og_site_name":"darshion","article_modified_time":"2024-07-19T09:36:59+00:00","og_image":[{"width":1200,"height":1200,"url":"https:\/\/darshion.com\/wp-content\/uploads\/2024\/07\/H90d217bb952744cfb1f1452c6ef24141y.jpg","type":"image\/jpeg"}],"twitter_card":"summary_large_image","twitter_misc":{"Tiempo de lectura":"3 minutos"},"schema":{"@context":"https:\/\/schema.org","@graph":[{"@type":"WebPage","@id":"https:\/\/darshion.com\/ru\/product\/v30-rechargeable-wireless-silent-vertical-gaming-mouse-suppliers\/","url":"https:\/\/darshion.com\/ru\/product\/v30-rechargeable-wireless-silent-vertical-gaming-mouse-suppliers\/","name":"V30 Recargable Inal\u00e1mbrico Silencioso Vertical Gaming Mouse Proveedores - darshion","isPartOf":{"@id":"https:\/\/darshion.com\/#website"},"primaryImageOfPage":{"@id":"https:\/\/darshion.com\/ru\/product\/v30-rechargeable-wireless-silent-vertical-gaming-mouse-suppliers\/#primaryimage"},"image":{"@id":"https:\/\/darshion.com\/ru\/product\/v30-rechargeable-wireless-silent-vertical-gaming-mouse-suppliers\/#primaryimage"},"thumbnailUrl":"https:\/\/darshion.com\/wp-content\/uploads\/2024\/07\/H90d217bb952744cfb1f1452c6ef24141y.jpg","datePublished":"2024-07-19T03:44:01+00:00","dateModified":"2024-07-19T09:36:59+00:00","breadcrumb":{"@id":"https:\/\/darshion.com\/ru\/product\/v30-rechargeable-wireless-silent-vertical-gaming-mouse-suppliers\/#breadcrumb"},"inLanguage":"es","potentialAction":[{"@type":"ReadAction","target":["https:\/\/darshion.com\/ru\/product\/v30-rechargeable-wireless-silent-vertical-gaming-mouse-suppliers\/"]}]},{"@type":"ImageObject","inLanguage":"es","@id":"https:\/\/darshion.com\/ru\/product\/v30-rechargeable-wireless-silent-vertical-gaming-mouse-suppliers\/#primaryimage","url":"https:\/\/darshion.com\/wp-content\/uploads\/2024\/07\/H90d217bb952744cfb1f1452c6ef24141y.jpg","contentUrl":"https:\/\/darshion.com\/wp-content\/uploads\/2024\/07\/H90d217bb952744cfb1f1452c6ef24141y.jpg","width":1200,"height":1200},{"@type":"BreadcrumbList","@id":"https:\/\/darshion.com\/ru\/product\/v30-rechargeable-wireless-silent-vertical-gaming-mouse-suppliers\/#breadcrumb","itemListElement":[{"@type":"ListItem","position":1,"name":"\u9996\u9875","item":"https:\/\/darshion.com\/"},{"@type":"ListItem","position":2,"name":"PRODUCT","item":"https:\/\/darshion.com\/pt\/product\/"},{"@type":"ListItem","position":3,"name":"V30 Rechargeable Wireless Silent Vertical Gaming Mouse Suppliers"}]},{"@type":"WebSite","@id":"https:\/\/darshion.com\/#website","url":"https:\/\/darshion.com\/","name":"darshion","description":"14 a\u00f1os de experiencia, garant\u00eda de calidad, dise\u00f1o innovador","publisher":{"@id":"https:\/\/darshion.com\/#organization"},"potentialAction":[{"@type":"SearchAction","target":{"@type":"EntryPoint","urlTemplate":"https:\/\/darshion.com\/?s={search_term_string}"},"query-input":{"@type":"PropertyValueSpecification","valueRequired":true,"valueName":"search_term_string"}}],"inLanguage":"es"},{"@type":"Organization","@id":"https:\/\/darshion.com\/#organization","name":"darshion","url":"https:\/\/darshion.com\/","logo":{"@type":"ImageObject","inLanguage":"es","@id":"https:\/\/darshion.com\/#\/schema\/logo\/image\/","url":"https:\/\/darshion.com\/wp-content\/uploads\/2023\/09\/01-1.png","contentUrl":"https:\/\/darshion.com\/wp-content\/uploads\/2023\/09\/01-1.png","width":350,"height":100,"caption":"darshion"},"image":{"@id":"https:\/\/darshion.com\/#\/schema\/logo\/image\/"}}]}},"_links":{"self":[{"href":"https:\/\/darshion.com\/es\/wp-json\/wp\/v2\/product\/3693"}],"collection":[{"href":"https:\/\/darshion.com\/es\/wp-json\/wp\/v2\/product"}],"about":[{"href":"https:\/\/darshion.com\/es\/wp-json\/wp\/v2\/types\/product"}],"replies":[{"embeddable":true,"href":"https:\/\/darshion.com\/es\/wp-json\/wp\/v2\/comments?post=3693"}],"wp:featuredmedia":[{"embeddable":true,"href":"https:\/\/darshion.com\/es\/wp-json\/wp\/v2\/media\/3691"}],"wp:attachment":[{"href":"https:\/\/darshion.com\/es\/wp-json\/wp\/v2\/media?parent=3693"}],"wp:term":[{"taxonomy":"product_cat","embeddable":true,"href":"https:\/\/darshion.com\/es\/wp-json\/wp\/v2\/product_cat?post=3693"},{"taxonomy":"product_tag","embeddable":true,"href":"https:\/\/darshion.com\/es\/wp-json\/wp\/v2\/product_tag?post=3693"}],"curies":[{"name":"wp","href":"https:\/\/api.w.org\/{rel}","templated":true}]}}