{"id":4055,"date":"2024-07-31T10:56:37","date_gmt":"2024-07-31T02:56:37","guid":{"rendered":"https:\/\/darshion.com\/product\/cx22-programmable-107-keys-mechanical-wireless-gaming-keyboard-factory\/"},"modified":"2024-07-31T12:01:41","modified_gmt":"2024-07-31T04:01:41","slug":"cx22-mechanical-wireless-gaming-keyboard-factory","status":"publish","type":"product","link":"https:\/\/darshion.com\/es\/producto\/cx22-mechanical-wireless-gaming-keyboard-factory\/","title":{"rendered":"CX22 107 Teclado Inal\u00e1mbrico Mec\u00e1nico Para Juegos De F\u00e1brica"},"content":{"rendered":"<div id=\"detail_decorate_root\" data-magic-global=\"%7B%22bizId%22%3A2329368643%2C%22pageId%22%3A21445611423%2C%22siteId%22%3A10003129106%7D\">\n<div class=\"J_module\">\n<div class=\"detail-decorate-json-renderer-container\">\n<div class=\"magic-0\">\n<div class=\"magic-1\">\n<div class=\"magic-2\">\n<div class=\"magic-3\"><strong>Descripci\u00f3n de los productos<\/strong><\/div>\n<\/div>\n<\/div>\n<\/div>\n<\/div>\n<\/div>\n<div class=\"J_module\">\n<div class=\"detail-decorate-json-renderer-container\">\n<div class=\"magic-0\">\n<div class=\"magic-1\">\n<div class=\"magic-2\">\n<div class=\"magic-3\">\n<div>Art\u00edculo No.CX22<\/div>\n<div>Vida \u00fatil de la llave: 5 millones de veces<br \/>\nN\u00famero de llaves: 107 llaves<\/div>\n<div>Conexi\u00f3n: 2.4G+BT1+BT2 (modos Bluetooth triples)<\/div>\n<div><\/div>\n<div>\u3010Multimedia Knob\u3011Ajuste f\u00e1cilmente el volumen con la perilla multimedia multifunci\u00f3n de aluminio de nuestro teclado mec\u00e1nico.<\/div>\n<div>\u301024 Magn\u00edficos efectos de retroiluminaci\u00f3n\u3011<\/div>\n<div>El teclado para juegos de 107 teclas ofrece 24 modos de retroiluminaci\u00f3n con efectos RGB, que proporcionan m\u00e1s de 16 millones de combinaciones de colores para personalizar el aspecto del teclado. La iluminaci\u00f3n tambi\u00e9n tiene una funci\u00f3n de memoria, puede reanudar r\u00e1pidamente su modo de iluminaci\u00f3n preferido al reiniciar el ordenador.<\/div>\n<div>\u3010Tecnolog\u00eda Anti-Ghosting\u3011 Con anti-ghosting de teclas completas para garantizar que cada pulsaci\u00f3n de tecla se registre, incluso cuando se pulsan varias teclas simult\u00e1neamente, lo que permite a los usuarios disfrutar de una experiencia de juego fluida y sin interrupciones.<\/div>\n<div>\u3010Blue Switch\u3011Cuando se presiona, se puede sentir una colisi\u00f3n t\u00e1ctil perceptible. La combinaci\u00f3n de retroalimentaci\u00f3n t\u00e1ctil y clics audibles es muy adecuado para los jugadores.<\/div>\n<div>\u3010Red Switch\u3011Proporciona una pulsaci\u00f3n lineal sin golpes t\u00e1ctiles ni clics. Genera un ruido m\u00ednimo y permite escribir de forma r\u00e1pida y sencilla.<\/div>\n<div>\u3010Brown Switch\u3011La sensaci\u00f3n t\u00e1ctil cae entre el Blue Switch y el Red Switch, proporcionando sutiles colisiones t\u00e1ctiles. En comparaci\u00f3n con los interruptores de clic audible, son relativamente silenciosos y adecuados para escribir y jugar.<\/div>\n<div>\u3010Personalizable\u3011<\/div>\n<div>- Tapas de color<br \/>\n- Cableado\/inal\u00e1mbrico\/2.4G\/Bluetooth modo triple\/canal m\u00faltiple<br \/>\n- Interruptores mec\u00e1nicos: Gateron\/OUTEMU\/Interruptor rojo\/Interruptor azul\/Interruptor marr\u00f3n, etc.<br \/>\n- Disposici\u00f3n: EEUU\/Reino Unido\/Corea del Sur\/Espa\u00f1a\/BRASILIA\/RUSIA, etc.<br \/>\n- Material PCB: ABS\/Aluminio de primera calidad\/Hierro de electroforesis de primera calidad<br \/>\n- LOGO Y EMBALAJE<\/div>\n<div><\/div>\n<\/div>\n<\/div>\n<\/div>\n<\/div>\n<\/div>\n<\/div>\n<div class=\"J_module\">\n<div id=\"ali-anchor-AliMagic-5wksn1\" class=\"magic-6\" data-section=\"AliMagic-5wksn1\" data-section-title=\"Details Images\">Detalles Im\u00e1genes<\/div>\n<\/div>\n<div class=\"J_module\">\n<div class=\"icbu-pc-detailManyImage magic-7\">\n<div class=\"magic-8\"><img decoding=\"async\" class=\"Wireless Gaming Keyboard Factory\" title=\"F\u00e1brica de teclados inal\u00e1mbricos para juegos\" src=\"https:\/\/darshion.com\/wp-content\/uploads\/2024\/07\/He36922dd7ca7478d881b2b84e82c5b51q.jpg\" alt=\"Wireless Gaming Keyboard Factory\" \/><\/div>\n<div class=\"magic-8\"><img decoding=\"async\" class=\"Wireless Gaming Keyboard Factory\" title=\"F\u00e1brica de teclados inal\u00e1mbricos para juegos\" src=\"https:\/\/darshion.com\/wp-content\/uploads\/2024\/07\/H6db775439f8b4824a8150d926d7004f6c.jpg\" alt=\"Wireless Gaming Keyboard Factory\" \/><\/div>\n<div class=\"magic-8\"><img decoding=\"async\" class=\"Wireless Gaming Keyboard Factory\" title=\"F\u00e1brica de teclados inal\u00e1mbricos para juegos\" src=\"https:\/\/darshion.com\/wp-content\/uploads\/2024\/07\/Hc736c13b31c54644b5836d3176e06e8fO.jpg\" alt=\"Wireless Gaming Keyboard Factory\" \/><\/div>\n<div class=\"magic-8\"><img decoding=\"async\" class=\"Wireless Gaming Keyboard Factory\" title=\"F\u00e1brica de teclados inal\u00e1mbricos para juegos\" src=\"https:\/\/darshion.com\/wp-content\/uploads\/2024\/07\/He8198b4ddc78407996fb429d9b12fa99R.jpg\" alt=\"Wireless Gaming Keyboard Factory\" \/><\/div>\n<div class=\"magic-8\"><img decoding=\"async\" class=\"Wireless Gaming Keyboard Factory\" title=\"F\u00e1brica de teclados inal\u00e1mbricos para juegos\" src=\"https:\/\/darshion.com\/wp-content\/uploads\/2024\/07\/H0ede359d5c82448c84a4916f694d1021T.jpg\" alt=\"Wireless Gaming Keyboard Factory\" \/><\/div>\n<div class=\"magic-8\"><img decoding=\"async\" class=\"Wireless Gaming Keyboard Factory\" title=\"F\u00e1brica de teclados inal\u00e1mbricos para juegos\" src=\"https:\/\/darshion.com\/wp-content\/uploads\/2024\/07\/Hf42540f17de043469532455924073af6o.jpg\" alt=\"Wireless Gaming Keyboard Factory\" \/><\/div>\n<div class=\"magic-8\"><img decoding=\"async\" class=\"Wireless Gaming Keyboard Factory\" title=\"F\u00e1brica de teclados inal\u00e1mbricos para juegos\" src=\"https:\/\/darshion.com\/wp-content\/uploads\/2024\/07\/H6e1a1d8391b546ec8f784b4f117f2977Q.jpg\" alt=\"Wireless Gaming Keyboard Factory\" \/><\/div>\n<div class=\"magic-8\"><img decoding=\"async\" class=\"Wireless Gaming Keyboard Factory\" title=\"F\u00e1brica de teclados inal\u00e1mbricos para juegos\" src=\"https:\/\/darshion.com\/wp-content\/uploads\/2024\/07\/H4fbef5b463a741229caffedf9a607f8ey.jpg\" alt=\"Wireless Gaming Keyboard Factory\" \/><\/div>\n<div class=\"magic-8\"><img decoding=\"async\" class=\"Wireless Gaming Keyboard Factory\" title=\"F\u00e1brica de teclados inal\u00e1mbricos para juegos\" src=\"https:\/\/darshion.com\/wp-content\/uploads\/2024\/07\/H23e0ba1d290e47e18ca9ea18b363d7e70.jpg\" alt=\"Wireless Gaming Keyboard Factory\" \/><\/div>\n<div class=\"magic-8\"><img decoding=\"async\" class=\"Wireless Gaming Keyboard Factory\" title=\"F\u00e1brica de teclados inal\u00e1mbricos para juegos\" src=\"https:\/\/darshion.com\/wp-content\/uploads\/2024\/07\/H71339de2dd334502b18704c78fcabe18d.jpg\" alt=\"Wireless Gaming Keyboard Factory\" \/><\/div>\n<\/div>\n<\/div>\n<\/div>","protected":false},"excerpt":{"rendered":"<div>\n<p>[Industry-specific attributes]<br \/>\nOperation Style:Mechanical<br \/>\nStyle:For Laptop, For Tablet, Gaming, Mechanical<br \/>\nType:27Mhz RF Wireless<br \/>\nInterface Type:Wireless<br \/>\nKeyboard Standard:107 Keys<\/p>\n<p>&nbsp;<\/p>\n<p>[Other attributes]<br \/>\nDrive Interface:USB 2.0<br \/>\nProducts Status:New<br \/>\nApplication:Desktop<br \/>\nPlace of Origin:Guangdong, China<br \/>\nKeyboard backlit:RGB<br \/>\nFull Size keyboard:Yes<br \/>\nFeatures:anti-ghosting, Wireless, Plug and Play<br \/>\nPrivate Mold:Yes<br \/>\nWrist Support:NO<br \/>\nModel Number:CX22<br \/>\nAxis Body Brand:Gateron, CHERRY, OUTEMU<br \/>\nMechanical:Yes<br \/>\nProgrammable:Yes<br \/>\nProduct name:mechanical Gaming Keyboard with knob<br \/>\nMaterial:aluminum knob+ABS Plate+ABS keycaps<br \/>\nCertification:CE FCC ROHS<br \/>\nLayout:Customized Layout<br \/>\nWarranty:12 Months<br \/>\nPackage:Customized Box<br \/>\nLogo:Accept Customized Logo<br \/>\nBacklit:RGB Backling<br \/>\nKeywords:mechanical keyboard<br \/>\nStyle:Gaming Keyboard Mechanical<\/p>\n<\/div>\n","protected":false},"featured_media":4045,"comment_status":"open","ping_status":"closed","template":"","meta":{"_monsterinsights_skip_tracking":false,"_monsterinsights_sitenote_active":false,"_monsterinsights_sitenote_note":"","_monsterinsights_sitenote_category":0},"product_cat":[559,555],"product_tag":[560],"yoast_head":"<!-- This site is optimized with the Yoast SEO Premium plugin v22.9 (Yoast SEO v24.0) - https:\/\/yoast.com\/wordpress\/plugins\/seo\/ -->\n<title>CX22 107 Keys Mechanical Wireless Gaming Keyboard Factory - darshion<\/title>\n<meta name=\"robots\" content=\"index, follow, max-snippet:-1, max-image-preview:large, max-video-preview:-1\" \/>\n<link rel=\"canonical\" href=\"https:\/\/darshion.com\/es\/producto\/cx22-mechanical-wireless-gaming-keyboard-factory\/\" \/>\n<meta property=\"og:locale\" content=\"es_ES\" \/>\n<meta property=\"og:type\" content=\"article\" \/>\n<meta property=\"og:title\" content=\"CX22 107 Keys Mechanical Wireless Gaming Keyboard Factory\" \/>\n<meta property=\"og:description\" content=\"[Industry-specific attributes] Operation Style:Mechanical Style:For Laptop, For Tablet, Gaming, Mechanical Type:27Mhz RF Wireless Interface Type:Wireless Keyboard Standard:107 Keys  &nbsp;  [Other attributes] Drive Interface:USB 2.0 Products Status:New Application:Desktop Place of Origin:Guangdong, China Keyboard backlit:RGB Full Size keyboard:Yes Features:anti-ghosting, Wireless, Plug and Play Private Mold:Yes Wrist Support:NO Model Number:CX22 Axis Body Brand:Gateron, CHERRY, OUTEMU Mechanical:Yes Programmable:Yes Product name:mechanical Gaming Keyboard with knob Material:aluminum knob+ABS Plate+ABS keycaps Certification:CE FCC ROHS Layout:Customized Layout Warranty:12 Months Package:Customized Box Logo:Accept Customized Logo Backlit:RGB Backling Keywords:mechanical keyboard Style:Gaming Keyboard Mechanical\" \/>\n<meta property=\"og:url\" content=\"https:\/\/darshion.com\/es\/producto\/cx22-mechanical-wireless-gaming-keyboard-factory\/\" \/>\n<meta property=\"og:site_name\" content=\"darshion\" \/>\n<meta property=\"article:modified_time\" content=\"2024-07-31T04:01:41+00:00\" \/>\n<meta property=\"og:image\" content=\"https:\/\/darshion.com\/wp-content\/uploads\/2024\/07\/Hd85730739aeb4b8fbf36b303d531249fx.jpg\" \/>\n\t<meta property=\"og:image:width\" content=\"1200\" \/>\n\t<meta property=\"og:image:height\" content=\"1200\" \/>\n\t<meta property=\"og:image:type\" content=\"image\/jpeg\" \/>\n<meta name=\"twitter:card\" content=\"summary_large_image\" \/>\n<meta name=\"twitter:label1\" content=\"Tiempo de lectura\" \/>\n\t<meta name=\"twitter:data1\" content=\"4 minutos\" \/>\n<script type=\"application\/ld+json\" class=\"yoast-schema-graph\">{\"@context\":\"https:\/\/schema.org\",\"@graph\":[{\"@type\":\"WebPage\",\"@id\":\"https:\/\/darshion.com\/product\/cx22-mechanical-wireless-gaming-keyboard-factory\/\",\"url\":\"https:\/\/darshion.com\/product\/cx22-mechanical-wireless-gaming-keyboard-factory\/\",\"name\":\"CX22 107 Keys Mechanical Wireless Gaming Keyboard Factory - darshion\",\"isPartOf\":{\"@id\":\"https:\/\/darshion.com\/#website\"},\"primaryImageOfPage\":{\"@id\":\"https:\/\/darshion.com\/product\/cx22-mechanical-wireless-gaming-keyboard-factory\/#primaryimage\"},\"image\":{\"@id\":\"https:\/\/darshion.com\/product\/cx22-mechanical-wireless-gaming-keyboard-factory\/#primaryimage\"},\"thumbnailUrl\":\"https:\/\/darshion.com\/wp-content\/uploads\/2024\/07\/Hd85730739aeb4b8fbf36b303d531249fx.jpg\",\"datePublished\":\"2024-07-31T02:56:37+00:00\",\"dateModified\":\"2024-07-31T04:01:41+00:00\",\"breadcrumb\":{\"@id\":\"https:\/\/darshion.com\/product\/cx22-mechanical-wireless-gaming-keyboard-factory\/#breadcrumb\"},\"inLanguage\":\"es\",\"potentialAction\":[{\"@type\":\"ReadAction\",\"target\":[\"https:\/\/darshion.com\/product\/cx22-mechanical-wireless-gaming-keyboard-factory\/\"]}]},{\"@type\":\"ImageObject\",\"inLanguage\":\"es\",\"@id\":\"https:\/\/darshion.com\/product\/cx22-mechanical-wireless-gaming-keyboard-factory\/#primaryimage\",\"url\":\"https:\/\/darshion.com\/wp-content\/uploads\/2024\/07\/Hd85730739aeb4b8fbf36b303d531249fx.jpg\",\"contentUrl\":\"https:\/\/darshion.com\/wp-content\/uploads\/2024\/07\/Hd85730739aeb4b8fbf36b303d531249fx.jpg\",\"width\":1200,\"height\":1200},{\"@type\":\"BreadcrumbList\",\"@id\":\"https:\/\/darshion.com\/product\/cx22-mechanical-wireless-gaming-keyboard-factory\/#breadcrumb\",\"itemListElement\":[{\"@type\":\"ListItem\",\"position\":1,\"name\":\"\u9996\u9875\",\"item\":\"https:\/\/darshion.com\/\"},{\"@type\":\"ListItem\",\"position\":2,\"name\":\"PRODUCT\",\"item\":\"https:\/\/darshion.com\/pt\/product\/\"},{\"@type\":\"ListItem\",\"position\":3,\"name\":\"CX22 107 Keys Mechanical Wireless Gaming Keyboard Factory\"}]},{\"@type\":\"WebSite\",\"@id\":\"https:\/\/darshion.com\/#website\",\"url\":\"https:\/\/darshion.com\/\",\"name\":\"darshion\",\"description\":\"14 Years of Experience, Quality Assurance, Innovative Design\",\"publisher\":{\"@id\":\"https:\/\/darshion.com\/#organization\"},\"potentialAction\":[{\"@type\":\"SearchAction\",\"target\":{\"@type\":\"EntryPoint\",\"urlTemplate\":\"https:\/\/darshion.com\/?s={search_term_string}\"},\"query-input\":{\"@type\":\"PropertyValueSpecification\",\"valueRequired\":true,\"valueName\":\"search_term_string\"}}],\"inLanguage\":\"es\"},{\"@type\":\"Organization\",\"@id\":\"https:\/\/darshion.com\/#organization\",\"name\":\"darshion\",\"url\":\"https:\/\/darshion.com\/\",\"logo\":{\"@type\":\"ImageObject\",\"inLanguage\":\"es\",\"@id\":\"https:\/\/darshion.com\/#\/schema\/logo\/image\/\",\"url\":\"https:\/\/darshion.com\/wp-content\/uploads\/2023\/09\/01-1.png\",\"contentUrl\":\"https:\/\/darshion.com\/wp-content\/uploads\/2023\/09\/01-1.png\",\"width\":350,\"height\":100,\"caption\":\"darshion\"},\"image\":{\"@id\":\"https:\/\/darshion.com\/#\/schema\/logo\/image\/\"}}]}<\/script>\n<!-- \/ Yoast SEO Premium plugin. -->","yoast_head_json":{"title":"CX22 107 Teclado Mec\u00e1nico Inal\u00e1mbrico para Juegos de F\u00e1brica - darshion","robots":{"index":"index","follow":"follow","max-snippet":"max-snippet:-1","max-image-preview":"max-image-preview:large","max-video-preview":"max-video-preview:-1"},"canonical":"https:\/\/darshion.com\/es\/producto\/cx22-mechanical-wireless-gaming-keyboard-factory\/","og_locale":"es_ES","og_type":"article","og_title":"CX22 107 Keys Mechanical Wireless Gaming Keyboard Factory","og_description":"[Industry-specific attributes] Operation Style:Mechanical Style:For Laptop, For Tablet, Gaming, Mechanical Type:27Mhz RF Wireless Interface Type:Wireless Keyboard Standard:107 Keys  &nbsp;  [Other attributes] Drive Interface:USB 2.0 Products Status:New Application:Desktop Place of Origin:Guangdong, China Keyboard backlit:RGB Full Size keyboard:Yes Features:anti-ghosting, Wireless, Plug and Play Private Mold:Yes Wrist Support:NO Model Number:CX22 Axis Body Brand:Gateron, CHERRY, OUTEMU Mechanical:Yes Programmable:Yes Product name:mechanical Gaming Keyboard with knob Material:aluminum knob+ABS Plate+ABS keycaps Certification:CE FCC ROHS Layout:Customized Layout Warranty:12 Months Package:Customized Box Logo:Accept Customized Logo Backlit:RGB Backling Keywords:mechanical keyboard Style:Gaming Keyboard Mechanical","og_url":"https:\/\/darshion.com\/es\/producto\/cx22-mechanical-wireless-gaming-keyboard-factory\/","og_site_name":"darshion","article_modified_time":"2024-07-31T04:01:41+00:00","og_image":[{"width":1200,"height":1200,"url":"https:\/\/darshion.com\/wp-content\/uploads\/2024\/07\/Hd85730739aeb4b8fbf36b303d531249fx.jpg","type":"image\/jpeg"}],"twitter_card":"summary_large_image","twitter_misc":{"Tiempo de lectura":"4 minutos"},"schema":{"@context":"https:\/\/schema.org","@graph":[{"@type":"WebPage","@id":"https:\/\/darshion.com\/product\/cx22-mechanical-wireless-gaming-keyboard-factory\/","url":"https:\/\/darshion.com\/product\/cx22-mechanical-wireless-gaming-keyboard-factory\/","name":"CX22 107 Teclado Mec\u00e1nico Inal\u00e1mbrico para Juegos de F\u00e1brica - darshion","isPartOf":{"@id":"https:\/\/darshion.com\/#website"},"primaryImageOfPage":{"@id":"https:\/\/darshion.com\/product\/cx22-mechanical-wireless-gaming-keyboard-factory\/#primaryimage"},"image":{"@id":"https:\/\/darshion.com\/product\/cx22-mechanical-wireless-gaming-keyboard-factory\/#primaryimage"},"thumbnailUrl":"https:\/\/darshion.com\/wp-content\/uploads\/2024\/07\/Hd85730739aeb4b8fbf36b303d531249fx.jpg","datePublished":"2024-07-31T02:56:37+00:00","dateModified":"2024-07-31T04:01:41+00:00","breadcrumb":{"@id":"https:\/\/darshion.com\/product\/cx22-mechanical-wireless-gaming-keyboard-factory\/#breadcrumb"},"inLanguage":"es","potentialAction":[{"@type":"ReadAction","target":["https:\/\/darshion.com\/product\/cx22-mechanical-wireless-gaming-keyboard-factory\/"]}]},{"@type":"ImageObject","inLanguage":"es","@id":"https:\/\/darshion.com\/product\/cx22-mechanical-wireless-gaming-keyboard-factory\/#primaryimage","url":"https:\/\/darshion.com\/wp-content\/uploads\/2024\/07\/Hd85730739aeb4b8fbf36b303d531249fx.jpg","contentUrl":"https:\/\/darshion.com\/wp-content\/uploads\/2024\/07\/Hd85730739aeb4b8fbf36b303d531249fx.jpg","width":1200,"height":1200},{"@type":"BreadcrumbList","@id":"https:\/\/darshion.com\/product\/cx22-mechanical-wireless-gaming-keyboard-factory\/#breadcrumb","itemListElement":[{"@type":"ListItem","position":1,"name":"\u9996\u9875","item":"https:\/\/darshion.com\/"},{"@type":"ListItem","position":2,"name":"PRODUCT","item":"https:\/\/darshion.com\/pt\/product\/"},{"@type":"ListItem","position":3,"name":"CX22 107 Keys Mechanical Wireless Gaming Keyboard Factory"}]},{"@type":"WebSite","@id":"https:\/\/darshion.com\/#website","url":"https:\/\/darshion.com\/","name":"darshion","description":"14 a\u00f1os de experiencia, garant\u00eda de calidad, dise\u00f1o innovador","publisher":{"@id":"https:\/\/darshion.com\/#organization"},"potentialAction":[{"@type":"SearchAction","target":{"@type":"EntryPoint","urlTemplate":"https:\/\/darshion.com\/?s={search_term_string}"},"query-input":{"@type":"PropertyValueSpecification","valueRequired":true,"valueName":"search_term_string"}}],"inLanguage":"es"},{"@type":"Organization","@id":"https:\/\/darshion.com\/#organization","name":"darshion","url":"https:\/\/darshion.com\/","logo":{"@type":"ImageObject","inLanguage":"es","@id":"https:\/\/darshion.com\/#\/schema\/logo\/image\/","url":"https:\/\/darshion.com\/wp-content\/uploads\/2023\/09\/01-1.png","contentUrl":"https:\/\/darshion.com\/wp-content\/uploads\/2023\/09\/01-1.png","width":350,"height":100,"caption":"darshion"},"image":{"@id":"https:\/\/darshion.com\/#\/schema\/logo\/image\/"}}]}},"_links":{"self":[{"href":"https:\/\/darshion.com\/es\/wp-json\/wp\/v2\/product\/4055"}],"collection":[{"href":"https:\/\/darshion.com\/es\/wp-json\/wp\/v2\/product"}],"about":[{"href":"https:\/\/darshion.com\/es\/wp-json\/wp\/v2\/types\/product"}],"replies":[{"embeddable":true,"href":"https:\/\/darshion.com\/es\/wp-json\/wp\/v2\/comments?post=4055"}],"wp:featuredmedia":[{"embeddable":true,"href":"https:\/\/darshion.com\/es\/wp-json\/wp\/v2\/media\/4045"}],"wp:attachment":[{"href":"https:\/\/darshion.com\/es\/wp-json\/wp\/v2\/media?parent=4055"}],"wp:term":[{"taxonomy":"product_cat","embeddable":true,"href":"https:\/\/darshion.com\/es\/wp-json\/wp\/v2\/product_cat?post=4055"},{"taxonomy":"product_tag","embeddable":true,"href":"https:\/\/darshion.com\/es\/wp-json\/wp\/v2\/product_tag?post=4055"}],"curies":[{"name":"wp","href":"https:\/\/api.w.org\/{rel}","templated":true}]}}