{"id":999,"date":"2023-10-06T11:52:02","date_gmt":"2023-10-06T03:52:02","guid":{"rendered":"https:\/\/darshion.com\/?post_type=product&#038;p=999"},"modified":"2024-06-28T09:32:24","modified_gmt":"2024-06-28T01:32:24","slug":"gaming-mousepads","status":"publish","type":"product","link":"https:\/\/darshion.com\/es\/producto\/gaming-mousepads\/","title":{"rendered":"Locking Edge Gaming Mousepad Custom Pattern Proveedor"},"content":{"rendered":"<p>Caracter\u00edsticas:<\/p>\n<p>Bordes cosidos duraderos:Esta alfombrilla de rat\u00f3n tiene bordes delicados que pueden evitar el desgaste. Garantiza un uso prolongado sin deformarse ni desgomarse.<\/p>\n<p>Superficie lisa : La textura es m\u00e1s densa. El rat\u00f3n se puede mover r\u00e1pidamente y se coloca con precisi\u00f3n para garantizar un control m\u00e1s suave del rat\u00f3n . Perfecto para su ordenador port\u00e1til, ordenador y PC.<\/p>\n<p>Base de caucho antideslizante : La base de caucho natural antideslizante y de sombreado denso puede agarrarse firmemente al escritorio. Material suave de primera calidad para su comodidad y control del rat\u00f3n.<\/p>\n<p>Dise\u00f1o lavable y previene la decoloraci\u00f3n : Esta alfombrilla de rat\u00f3n est\u00e1 hecha de lo que tiene gran efecto de bloqueo-color. Las manchas de l\u00edquido se pueden limpiar con agua para un uso continuo. Y no se desvanecer\u00e1 con la limpieza repetida.<\/p>\n<p>Color : Nos esforzamos por ofrecer las impresiones m\u00e1s coloridas. Utilizamos 6 colores para la impresi\u00f3n, mientras que la mayor\u00eda de los competidores utilizan 4 colores, y utilizamos una mezcla patentada de CMYK y colores de ne\u00f3n para crear la gama de colores m\u00e1s amplia posible.<br \/>\nProceso de impresi\u00f3n : Nuestra alfombrilla de rat\u00f3n se imprime y produce con la ayuda del prensado en caliente y la sublimaci\u00f3n de tinta, que es el proceso de convertir s\u00f3lidos en gases. La alta temperatura de la prensa de impresi\u00f3n convierte la tinta en gas y se adhiere al material de poli\u00e9ster liso que forma la parte superior de la alfombrilla de rat\u00f3n, por lo que no tienes que preocuparte de que el dise\u00f1o se despegue o se decolore.<\/p>\n<p>Amplia aplicabilidad : Disponible para todo tipo de ratones, l\u00e1ser y \u00f3pticos. Tama\u00f1o ideal para el uso diario.<\/p>\n<p>Personalice su alfombrilla de rat\u00f3n:<br \/>\n1.100% Nuevo<br \/>\n2. Puede decorar su escritorio con la alfombrilla de rat\u00f3n.<br \/>\n3. Bonito color impreso en la alfombrilla de rat\u00f3n<br \/>\n4. Alta calidad, hecho de material de goma suave y tela lisa.<br \/>\n5. Todos los tama\u00f1os (Rango de desviaci\u00f3n:1-3cm 2. Tenga en cuenta que una ligera diferencia de color debe ser aceptable debido a la luz y la pantalla).<br \/>\n6. Podemos personalizar cualquier imagen. Puede ponerse en contacto con nosotros si lo necesita. Si compra m\u00e1s. P\u00f3ngase en contacto con nuestro servicio de atenci\u00f3n al cliente. Le daremos el precio al por mayor.<\/p>\n<p>Patr\u00f3n personalizado: Por favor, aseg\u00farese de que su imagen es de alta definici\u00f3n, preferiblemente no menos de 1920 * 1080 de resoluci\u00f3n, si su imagen es mayor de 5 MB, por favor env\u00ede el enlace de la imagen al vendedor o pedir al vendedor que env\u00ede un correo electr\u00f3nico<\/p>","protected":false},"excerpt":{"rendered":"<p>China Gaming Mousepad Ordenador Deskmat Antideslizante Fabricante<\/p>","protected":false},"featured_media":1000,"comment_status":"open","ping_status":"closed","template":"","meta":{"_monsterinsights_skip_tracking":false,"_monsterinsights_sitenote_active":false,"_monsterinsights_sitenote_note":"","_monsterinsights_sitenote_category":0},"product_cat":[100],"product_tag":[107,103],"yoast_head":"<!-- This site is optimized with the Yoast SEO Premium plugin v22.9 (Yoast SEO v24.0) - https:\/\/yoast.com\/wordpress\/plugins\/seo\/ -->\n<title>Locking Edge Gaming Mousepad Custom Pattern Supplier - darshion<\/title>\n<meta name=\"robots\" content=\"index, follow, max-snippet:-1, max-image-preview:large, max-video-preview:-1\" \/>\n<link rel=\"canonical\" href=\"https:\/\/darshion.com\/es\/producto\/gaming-mousepads\/\" \/>\n<meta property=\"og:locale\" content=\"es_ES\" \/>\n<meta property=\"og:type\" content=\"article\" \/>\n<meta property=\"og:title\" content=\"Locking Edge Gaming Mousepad Custom Pattern Supplier\" \/>\n<meta property=\"og:description\" content=\"China Gaming Mousepad Computer Deskmat Non-Slip Manufacturer\" \/>\n<meta property=\"og:url\" content=\"https:\/\/darshion.com\/es\/producto\/gaming-mousepads\/\" \/>\n<meta property=\"og:site_name\" content=\"darshion\" \/>\n<meta property=\"article:modified_time\" content=\"2024-06-28T01:32:24+00:00\" \/>\n<meta property=\"og:image\" content=\"https:\/\/darshion.com\/wp-content\/uploads\/2023\/10\/1.webp\" \/>\n\t<meta property=\"og:image:width\" content=\"720\" \/>\n\t<meta property=\"og:image:height\" content=\"720\" \/>\n\t<meta property=\"og:image:type\" content=\"image\/webp\" \/>\n<meta name=\"twitter:card\" content=\"summary_large_image\" \/>\n<meta name=\"twitter:label1\" content=\"Tiempo de lectura\" \/>\n\t<meta name=\"twitter:data1\" content=\"2 minutos\" \/>\n<script type=\"application\/ld+json\" class=\"yoast-schema-graph\">{\"@context\":\"https:\/\/schema.org\",\"@graph\":[{\"@type\":\"WebPage\",\"@id\":\"https:\/\/darshion.com\/product\/gaming-mousepads\/\",\"url\":\"https:\/\/darshion.com\/product\/gaming-mousepads\/\",\"name\":\"Locking Edge Gaming Mousepad Custom Pattern Supplier - darshion\",\"isPartOf\":{\"@id\":\"https:\/\/darshion.com\/#website\"},\"primaryImageOfPage\":{\"@id\":\"https:\/\/darshion.com\/product\/gaming-mousepads\/#primaryimage\"},\"image\":{\"@id\":\"https:\/\/darshion.com\/product\/gaming-mousepads\/#primaryimage\"},\"thumbnailUrl\":\"https:\/\/darshion.com\/wp-content\/uploads\/2023\/10\/1.webp\",\"datePublished\":\"2023-10-06T03:52:02+00:00\",\"dateModified\":\"2024-06-28T01:32:24+00:00\",\"breadcrumb\":{\"@id\":\"https:\/\/darshion.com\/product\/gaming-mousepads\/#breadcrumb\"},\"inLanguage\":\"es\",\"potentialAction\":[{\"@type\":\"ReadAction\",\"target\":[\"https:\/\/darshion.com\/product\/gaming-mousepads\/\"]}]},{\"@type\":\"ImageObject\",\"inLanguage\":\"es\",\"@id\":\"https:\/\/darshion.com\/product\/gaming-mousepads\/#primaryimage\",\"url\":\"https:\/\/darshion.com\/wp-content\/uploads\/2023\/10\/1.webp\",\"contentUrl\":\"https:\/\/darshion.com\/wp-content\/uploads\/2023\/10\/1.webp\",\"width\":720,\"height\":720},{\"@type\":\"BreadcrumbList\",\"@id\":\"https:\/\/darshion.com\/product\/gaming-mousepads\/#breadcrumb\",\"itemListElement\":[{\"@type\":\"ListItem\",\"position\":1,\"name\":\"\u9996\u9875\",\"item\":\"https:\/\/darshion.com\/\"},{\"@type\":\"ListItem\",\"position\":2,\"name\":\"PRODUCT\",\"item\":\"https:\/\/darshion.com\/pt\/product\/\"},{\"@type\":\"ListItem\",\"position\":3,\"name\":\"Locking Edge Gaming Mousepad Custom Pattern Supplier\"}]},{\"@type\":\"WebSite\",\"@id\":\"https:\/\/darshion.com\/#website\",\"url\":\"https:\/\/darshion.com\/\",\"name\":\"darshion\",\"description\":\"14 Years of Experience, Quality Assurance, Innovative Design\",\"publisher\":{\"@id\":\"https:\/\/darshion.com\/#organization\"},\"potentialAction\":[{\"@type\":\"SearchAction\",\"target\":{\"@type\":\"EntryPoint\",\"urlTemplate\":\"https:\/\/darshion.com\/?s={search_term_string}\"},\"query-input\":{\"@type\":\"PropertyValueSpecification\",\"valueRequired\":true,\"valueName\":\"search_term_string\"}}],\"inLanguage\":\"es\"},{\"@type\":\"Organization\",\"@id\":\"https:\/\/darshion.com\/#organization\",\"name\":\"darshion\",\"url\":\"https:\/\/darshion.com\/\",\"logo\":{\"@type\":\"ImageObject\",\"inLanguage\":\"es\",\"@id\":\"https:\/\/darshion.com\/#\/schema\/logo\/image\/\",\"url\":\"https:\/\/darshion.com\/wp-content\/uploads\/2023\/09\/01-1.png\",\"contentUrl\":\"https:\/\/darshion.com\/wp-content\/uploads\/2023\/09\/01-1.png\",\"width\":350,\"height\":100,\"caption\":\"darshion\"},\"image\":{\"@id\":\"https:\/\/darshion.com\/#\/schema\/logo\/image\/\"}}]}<\/script>\n<!-- \/ Yoast SEO Premium plugin. -->","yoast_head_json":{"title":"Locking Edge Gaming Mousepad Custom Pattern Proveedor - darshion","robots":{"index":"index","follow":"follow","max-snippet":"max-snippet:-1","max-image-preview":"max-image-preview:large","max-video-preview":"max-video-preview:-1"},"canonical":"https:\/\/darshion.com\/es\/producto\/gaming-mousepads\/","og_locale":"es_ES","og_type":"article","og_title":"Locking Edge Gaming Mousepad Custom Pattern Supplier","og_description":"China Gaming Mousepad Computer Deskmat Non-Slip Manufacturer","og_url":"https:\/\/darshion.com\/es\/producto\/gaming-mousepads\/","og_site_name":"darshion","article_modified_time":"2024-06-28T01:32:24+00:00","og_image":[{"width":720,"height":720,"url":"https:\/\/darshion.com\/wp-content\/uploads\/2023\/10\/1.webp","type":"image\/webp"}],"twitter_card":"summary_large_image","twitter_misc":{"Tiempo de lectura":"2 minutos"},"schema":{"@context":"https:\/\/schema.org","@graph":[{"@type":"WebPage","@id":"https:\/\/darshion.com\/product\/gaming-mousepads\/","url":"https:\/\/darshion.com\/product\/gaming-mousepads\/","name":"Locking Edge Gaming Mousepad Custom Pattern Proveedor - darshion","isPartOf":{"@id":"https:\/\/darshion.com\/#website"},"primaryImageOfPage":{"@id":"https:\/\/darshion.com\/product\/gaming-mousepads\/#primaryimage"},"image":{"@id":"https:\/\/darshion.com\/product\/gaming-mousepads\/#primaryimage"},"thumbnailUrl":"https:\/\/darshion.com\/wp-content\/uploads\/2023\/10\/1.webp","datePublished":"2023-10-06T03:52:02+00:00","dateModified":"2024-06-28T01:32:24+00:00","breadcrumb":{"@id":"https:\/\/darshion.com\/product\/gaming-mousepads\/#breadcrumb"},"inLanguage":"es","potentialAction":[{"@type":"ReadAction","target":["https:\/\/darshion.com\/product\/gaming-mousepads\/"]}]},{"@type":"ImageObject","inLanguage":"es","@id":"https:\/\/darshion.com\/product\/gaming-mousepads\/#primaryimage","url":"https:\/\/darshion.com\/wp-content\/uploads\/2023\/10\/1.webp","contentUrl":"https:\/\/darshion.com\/wp-content\/uploads\/2023\/10\/1.webp","width":720,"height":720},{"@type":"BreadcrumbList","@id":"https:\/\/darshion.com\/product\/gaming-mousepads\/#breadcrumb","itemListElement":[{"@type":"ListItem","position":1,"name":"\u9996\u9875","item":"https:\/\/darshion.com\/"},{"@type":"ListItem","position":2,"name":"PRODUCT","item":"https:\/\/darshion.com\/pt\/product\/"},{"@type":"ListItem","position":3,"name":"Locking Edge Gaming Mousepad Custom Pattern Supplier"}]},{"@type":"WebSite","@id":"https:\/\/darshion.com\/#website","url":"https:\/\/darshion.com\/","name":"darshion","description":"14 a\u00f1os de experiencia, garant\u00eda de calidad, dise\u00f1o innovador","publisher":{"@id":"https:\/\/darshion.com\/#organization"},"potentialAction":[{"@type":"SearchAction","target":{"@type":"EntryPoint","urlTemplate":"https:\/\/darshion.com\/?s={search_term_string}"},"query-input":{"@type":"PropertyValueSpecification","valueRequired":true,"valueName":"search_term_string"}}],"inLanguage":"es"},{"@type":"Organization","@id":"https:\/\/darshion.com\/#organization","name":"darshion","url":"https:\/\/darshion.com\/","logo":{"@type":"ImageObject","inLanguage":"es","@id":"https:\/\/darshion.com\/#\/schema\/logo\/image\/","url":"https:\/\/darshion.com\/wp-content\/uploads\/2023\/09\/01-1.png","contentUrl":"https:\/\/darshion.com\/wp-content\/uploads\/2023\/09\/01-1.png","width":350,"height":100,"caption":"darshion"},"image":{"@id":"https:\/\/darshion.com\/#\/schema\/logo\/image\/"}}]}},"_links":{"self":[{"href":"https:\/\/darshion.com\/es\/wp-json\/wp\/v2\/product\/999"}],"collection":[{"href":"https:\/\/darshion.com\/es\/wp-json\/wp\/v2\/product"}],"about":[{"href":"https:\/\/darshion.com\/es\/wp-json\/wp\/v2\/types\/product"}],"replies":[{"embeddable":true,"href":"https:\/\/darshion.com\/es\/wp-json\/wp\/v2\/comments?post=999"}],"wp:featuredmedia":[{"embeddable":true,"href":"https:\/\/darshion.com\/es\/wp-json\/wp\/v2\/media\/1000"}],"wp:attachment":[{"href":"https:\/\/darshion.com\/es\/wp-json\/wp\/v2\/media?parent=999"}],"wp:term":[{"taxonomy":"product_cat","embeddable":true,"href":"https:\/\/darshion.com\/es\/wp-json\/wp\/v2\/product_cat?post=999"},{"taxonomy":"product_tag","embeddable":true,"href":"https:\/\/darshion.com\/es\/wp-json\/wp\/v2\/product_tag?post=999"}],"curies":[{"name":"wp","href":"https:\/\/api.w.org\/{rel}","templated":true}]}}