{"id":99,"date":"2023-09-14T12:00:29","date_gmt":"2023-09-14T04:00:29","guid":{"rendered":"https:\/\/darshion.com\/?page_id=99"},"modified":"2024-07-04T11:16:07","modified_gmt":"2024-07-04T03:16:07","slug":"product","status":"publish","type":"page","link":"https:\/\/darshion.com\/fr\/product\/","title":{"rendered":"PRODUIT"},"content":{"rendered":"","protected":false},"excerpt":{"rendered":"","protected":false},"author":1,"featured_media":0,"parent":0,"menu_order":0,"comment_status":"closed","ping_status":"closed","template":"","meta":{"_monsterinsights_skip_tracking":false,"_monsterinsights_sitenote_active":false,"_monsterinsights_sitenote_note":"","_monsterinsights_sitenote_category":0,"footnotes":""},"yoast_head":"<!-- This site is optimized with the Yoast SEO Premium plugin v22.9 (Yoast SEO v24.0) - https:\/\/yoast.com\/wordpress\/plugins\/seo\/ -->\n<title>China Keyboard Maker: Quality Assembly and Innovative Design - darshion<\/title>\n<meta name=\"description\" content=\"Our keyboard production process begins in the injection workshop and mold area, where raw materials are molded into components.\" \/>\n<meta name=\"robots\" content=\"index, follow, max-snippet:-1, max-image-preview:large, max-video-preview:-1\" \/>\n<link rel=\"canonical\" href=\"https:\/\/darshion.com\/fr\/produit\/\" \/>\n<meta property=\"og:locale\" content=\"fr_FR\" \/>\n<meta property=\"og:type\" content=\"article\" \/>\n<meta property=\"og:title\" content=\"PRODUCT\" \/>\n<meta property=\"og:description\" content=\"Our keyboard production process begins in the injection workshop and mold area, where raw materials are molded into components.\" \/>\n<meta property=\"og:url\" content=\"https:\/\/darshion.com\/fr\/produit\/\" \/>\n<meta property=\"og:site_name\" content=\"darshion\" \/>\n<meta property=\"article:modified_time\" content=\"2024-07-04T03:16:07+00:00\" \/>\n<meta name=\"twitter:card\" content=\"summary_large_image\" \/>\n<script type=\"application\/ld+json\" class=\"yoast-schema-graph\">{\"@context\":\"https:\/\/schema.org\",\"@graph\":[{\"@type\":\"WebPage\",\"@id\":\"https:\/\/darshion.com\/pt\/product\/\",\"url\":\"https:\/\/darshion.com\/pt\/product\/\",\"name\":\"China Keyboard Maker: Quality Assembly and Innovative Design - darshion\",\"isPartOf\":{\"@id\":\"https:\/\/darshion.com\/#website\"},\"datePublished\":\"2023-09-14T04:00:29+00:00\",\"dateModified\":\"2024-07-04T03:16:07+00:00\",\"description\":\"Our keyboard production process begins in the injection workshop and mold area, where raw materials are molded into components.\",\"breadcrumb\":{\"@id\":\"https:\/\/darshion.com\/pt\/product\/#breadcrumb\"},\"inLanguage\":\"fr-FR\",\"potentialAction\":[{\"@type\":\"ReadAction\",\"target\":[\"https:\/\/darshion.com\/pt\/product\/\"]}]},{\"@type\":\"BreadcrumbList\",\"@id\":\"https:\/\/darshion.com\/pt\/product\/#breadcrumb\",\"itemListElement\":[{\"@type\":\"ListItem\",\"position\":1,\"name\":\"\u9996\u9875\",\"item\":\"https:\/\/darshion.com\/\"},{\"@type\":\"ListItem\",\"position\":2,\"name\":\"PRODUCT\"}]},{\"@type\":\"WebSite\",\"@id\":\"https:\/\/darshion.com\/#website\",\"url\":\"https:\/\/darshion.com\/\",\"name\":\"darshion\",\"description\":\"14 Years of Experience, Quality Assurance, Innovative Design\",\"publisher\":{\"@id\":\"https:\/\/darshion.com\/#organization\"},\"potentialAction\":[{\"@type\":\"SearchAction\",\"target\":{\"@type\":\"EntryPoint\",\"urlTemplate\":\"https:\/\/darshion.com\/?s={search_term_string}\"},\"query-input\":{\"@type\":\"PropertyValueSpecification\",\"valueRequired\":true,\"valueName\":\"search_term_string\"}}],\"inLanguage\":\"fr-FR\"},{\"@type\":\"Organization\",\"@id\":\"https:\/\/darshion.com\/#organization\",\"name\":\"darshion\",\"url\":\"https:\/\/darshion.com\/\",\"logo\":{\"@type\":\"ImageObject\",\"inLanguage\":\"fr-FR\",\"@id\":\"https:\/\/darshion.com\/#\/schema\/logo\/image\/\",\"url\":\"https:\/\/darshion.com\/wp-content\/uploads\/2023\/09\/01-1.png\",\"contentUrl\":\"https:\/\/darshion.com\/wp-content\/uploads\/2023\/09\/01-1.png\",\"width\":350,\"height\":100,\"caption\":\"darshion\"},\"image\":{\"@id\":\"https:\/\/darshion.com\/#\/schema\/logo\/image\/\"}}]}<\/script>\n<!-- \/ Yoast SEO Premium plugin. -->","yoast_head_json":{"title":"Fabricant chinois de claviers : Assemblage de qualit\u00e9 et conception innovante - darshion","description":"Notre processus de production de claviers commence dans l'atelier d'injection et la zone de moulage, o\u00f9 les mati\u00e8res premi\u00e8res sont moul\u00e9es en composants.","robots":{"index":"index","follow":"follow","max-snippet":"max-snippet:-1","max-image-preview":"max-image-preview:large","max-video-preview":"max-video-preview:-1"},"canonical":"https:\/\/darshion.com\/fr\/produit\/","og_locale":"fr_FR","og_type":"article","og_title":"PRODUCT","og_description":"Our keyboard production process begins in the injection workshop and mold area, where raw materials are molded into components.","og_url":"https:\/\/darshion.com\/fr\/produit\/","og_site_name":"darshion","article_modified_time":"2024-07-04T03:16:07+00:00","twitter_card":"summary_large_image","schema":{"@context":"https:\/\/schema.org","@graph":[{"@type":"WebPage","@id":"https:\/\/darshion.com\/pt\/product\/","url":"https:\/\/darshion.com\/pt\/product\/","name":"Fabricant chinois de claviers : Assemblage de qualit\u00e9 et conception innovante - darshion","isPartOf":{"@id":"https:\/\/darshion.com\/#website"},"datePublished":"2023-09-14T04:00:29+00:00","dateModified":"2024-07-04T03:16:07+00:00","description":"Notre processus de production de claviers commence dans l'atelier d'injection et la zone de moulage, o\u00f9 les mati\u00e8res premi\u00e8res sont moul\u00e9es en composants.","breadcrumb":{"@id":"https:\/\/darshion.com\/pt\/product\/#breadcrumb"},"inLanguage":"fr-FR","potentialAction":[{"@type":"ReadAction","target":["https:\/\/darshion.com\/pt\/product\/"]}]},{"@type":"BreadcrumbList","@id":"https:\/\/darshion.com\/pt\/product\/#breadcrumb","itemListElement":[{"@type":"ListItem","position":1,"name":"\u9996\u9875","item":"https:\/\/darshion.com\/"},{"@type":"ListItem","position":2,"name":"PRODUCT"}]},{"@type":"WebSite","@id":"https:\/\/darshion.com\/#website","url":"https:\/\/darshion.com\/","name":"darshion","description":"14 ans d'exp\u00e9rience, assurance qualit\u00e9, conception innovante","publisher":{"@id":"https:\/\/darshion.com\/#organization"},"potentialAction":[{"@type":"SearchAction","target":{"@type":"EntryPoint","urlTemplate":"https:\/\/darshion.com\/?s={search_term_string}"},"query-input":{"@type":"PropertyValueSpecification","valueRequired":true,"valueName":"search_term_string"}}],"inLanguage":"fr-FR"},{"@type":"Organization","@id":"https:\/\/darshion.com\/#organization","name":"darshion","url":"https:\/\/darshion.com\/","logo":{"@type":"ImageObject","inLanguage":"fr-FR","@id":"https:\/\/darshion.com\/#\/schema\/logo\/image\/","url":"https:\/\/darshion.com\/wp-content\/uploads\/2023\/09\/01-1.png","contentUrl":"https:\/\/darshion.com\/wp-content\/uploads\/2023\/09\/01-1.png","width":350,"height":100,"caption":"darshion"},"image":{"@id":"https:\/\/darshion.com\/#\/schema\/logo\/image\/"}}]}},"_links":{"self":[{"href":"https:\/\/darshion.com\/fr\/wp-json\/wp\/v2\/pages\/99"}],"collection":[{"href":"https:\/\/darshion.com\/fr\/wp-json\/wp\/v2\/pages"}],"about":[{"href":"https:\/\/darshion.com\/fr\/wp-json\/wp\/v2\/types\/page"}],"author":[{"embeddable":true,"href":"https:\/\/darshion.com\/fr\/wp-json\/wp\/v2\/users\/1"}],"replies":[{"embeddable":true,"href":"https:\/\/darshion.com\/fr\/wp-json\/wp\/v2\/comments?post=99"}],"version-history":[{"count":4,"href":"https:\/\/darshion.com\/fr\/wp-json\/wp\/v2\/pages\/99\/revisions"}],"predecessor-version":[{"id":3014,"href":"https:\/\/darshion.com\/fr\/wp-json\/wp\/v2\/pages\/99\/revisions\/3014"}],"wp:attachment":[{"href":"https:\/\/darshion.com\/fr\/wp-json\/wp\/v2\/media?parent=99"}],"curies":[{"name":"wp","href":"https:\/\/api.w.org\/{rel}","templated":true}]}}