{"id":1063,"date":"2023-10-06T16:09:28","date_gmt":"2023-10-06T08:09:28","guid":{"rendered":"https:\/\/darshion.com\/?post_type=product&#038;p=1063"},"modified":"2024-07-06T09:50:27","modified_gmt":"2024-07-06T01:50:27","slug":"leather-mousepads","status":"publish","type":"product","link":"https:\/\/darshion.com\/fr\/produit\/leather-mousepads\/","title":{"rendered":"Tapis de souris en cuir PU imperm\u00e9able Fabricant"},"content":{"rendered":"<h2>Tapis de souris en cuir en gros<\/h2>\n<div class=\"aplus-v2 desktop celwidget\" data-csa-c-id=\"buydj7-tvddbq-k3wm84-wsjsff\" data-cel-widget=\"aplus\">\n<div class=\"celwidget aplus-module module-11 aplus-standard\" data-csa-c-id=\"lyqns2-w0bgk6-a9efo0-udeuev\" data-cel-widget=\"aplus-module-11\">\n<div class=\"aplus-module-wrapper apm-spacing apm-floatnone apm-fixed-width\">\n<div class=\"apm-sidemodule aplus-module-content\">\n<div class=\"apm-hero-image\">\n<p><img fetchpriority=\"high\" decoding=\"async\" class=\"size-full wp-image-2238\" src=\"https:\/\/darshion.com\/wp-content\/uploads\/2024\/05\/aerbh-3rggz.webp\" alt=\"mouse pads wholesale\" width=\"970\" height=\"300\" srcset=\"https:\/\/darshion.com\/wp-content\/uploads\/2024\/05\/aerbh-3rggz.webp 970w, https:\/\/darshion.com\/wp-content\/uploads\/2024\/05\/aerbh-3rggz-300x93.webp 300w, https:\/\/darshion.com\/wp-content\/uploads\/2024\/05\/aerbh-3rggz-768x238.webp 768w, https:\/\/darshion.com\/wp-content\/uploads\/2024\/05\/aerbh-3rggz-600x186.webp 600w\" sizes=\"(max-width: 970px) 100vw, 970px\" \/><\/p>\n<\/div>\n<\/div>\n<\/div>\n<\/div>\n<div class=\"celwidget aplus-module module-3 aplus-standard\" data-csa-c-id=\"5f5y2d-rk39rw-ey84ga-1esz8a\" data-cel-widget=\"aplus-module-3\">\n<div class=\"aplus-module-wrapper apm-floatnone apm-fixed-width\">\n<div class=\"apm-sidemodule apm-spacing\">\n<div class=\"apm-sidemodule-imageright\">\n<p><img decoding=\"async\" class=\"wp-image-2240 alignleft\" src=\"https:\/\/darshion.com\/wp-content\/uploads\/2024\/05\/ak536-7q96m.webp\" alt=\"mouse pads wholesale\" width=\"363\" height=\"363\" srcset=\"https:\/\/darshion.com\/wp-content\/uploads\/2024\/05\/ak536-7q96m.webp 300w, https:\/\/darshion.com\/wp-content\/uploads\/2024\/05\/ak536-7q96m-150x150.webp 150w, https:\/\/darshion.com\/wp-content\/uploads\/2024\/05\/ak536-7q96m-100x100.webp 100w\" sizes=\"(max-width: 363px) 100vw, 363px\" \/><\/p>\n<\/div>\n<div class=\"apm-sidemodule-textleft\">\n<h3><\/h3>\n<h3><\/h3>\n<h3 class=\"a-spacing-mini\" style=\"text-align: center;\">Grand tapis de souris<\/h3>\n<p><span class=\"a-text-bold\">Sous-main Towwi<\/span> La souris est dot\u00e9e d'une texture de qualit\u00e9 sup\u00e9rieure et d'une surface de grande taille qui garantissent un mouvement complet et un positionnement pr\u00e9cis. La souris peut se d\u00e9placer rapidement et en douceur. Fonctionne efficacement avec n'importe quelle souris pour une exp\u00e9rience fluide.<\/p>\n<\/div>\n<\/div>\n<\/div>\n<\/div>\n<\/div>\n<div class=\"aplus-v2 desktop celwidget\" data-csa-c-id=\"buydj7-tvddbq-k3wm84-wsjsff\" data-cel-widget=\"aplus\">\n<div class=\"celwidget aplus-module module-9 aplus-standard\" data-csa-c-id=\"tkdkch-1w3yyv-t6v4s6-fkqoxb\" data-cel-widget=\"aplus-module-9\">\n<div class=\"aplus-module-wrapper apm-fixed-width\">\n<div class=\"apm-spacing apm-fixed-width\">\n<p>&nbsp;<\/p>\n<p>&nbsp;<\/p>\n<p>&nbsp;<\/p>\n<p>&nbsp;<\/p>\n<p>&nbsp;<\/p>\n<p>&nbsp;<\/p>\n<table class=\"apm-fixed-width apm-eventhirdcol-table\">\n<tbody>\n<tr>\n<th class=\"apm-center\">\n<div class=\"apm-eventhirdcol apm-floatleft\">\n<p><img decoding=\"async\" class=\"size-full wp-image-2244\" src=\"https:\/\/darshion.com\/wp-content\/uploads\/2024\/05\/a8tm5-iuqqh.webp\" alt=\"mouse pads wholesale\" width=\"300\" height=\"300\" srcset=\"https:\/\/darshion.com\/wp-content\/uploads\/2024\/05\/a8tm5-iuqqh.webp 300w, https:\/\/darshion.com\/wp-content\/uploads\/2024\/05\/a8tm5-iuqqh-150x150.webp 150w, https:\/\/darshion.com\/wp-content\/uploads\/2024\/05\/a8tm5-iuqqh-100x100.webp 100w\" sizes=\"(max-width: 300px) 100vw, 300px\" \/><\/p>\n<\/div>\n<\/th>\n<th class=\"apm-center\">\n<div class=\"apm-eventhirdcol apm-floatleft\">\n<p><img loading=\"lazy\" decoding=\"async\" class=\"size-full wp-image-2245\" src=\"https:\/\/darshion.com\/wp-content\/uploads\/2024\/05\/aor2f-y8brp.webp\" alt=\"mouse pads wholesale\" width=\"300\" height=\"300\" srcset=\"https:\/\/darshion.com\/wp-content\/uploads\/2024\/05\/aor2f-y8brp.webp 300w, https:\/\/darshion.com\/wp-content\/uploads\/2024\/05\/aor2f-y8brp-150x150.webp 150w, https:\/\/darshion.com\/wp-content\/uploads\/2024\/05\/aor2f-y8brp-100x100.webp 100w\" sizes=\"(max-width: 300px) 100vw, 300px\" \/><\/p>\n<\/div>\n<\/th>\n<th class=\"apm-center\">\n<div class=\"apm-eventhirdcol apm-floatleft\">\n<p><img loading=\"lazy\" decoding=\"async\" class=\"size-full wp-image-2246\" src=\"https:\/\/darshion.com\/wp-content\/uploads\/2024\/05\/a64i5-9gjan.webp\" alt=\"mouse pads wholesale\" width=\"300\" height=\"300\" srcset=\"https:\/\/darshion.com\/wp-content\/uploads\/2024\/05\/a64i5-9gjan.webp 300w, https:\/\/darshion.com\/wp-content\/uploads\/2024\/05\/a64i5-9gjan-150x150.webp 150w, https:\/\/darshion.com\/wp-content\/uploads\/2024\/05\/a64i5-9gjan-100x100.webp 100w\" sizes=\"(max-width: 300px) 100vw, 300px\" \/><\/p>\n<\/div>\n<\/th>\n<\/tr>\n<tr>\n<td class=\"apm-top\">\n<div class=\"apm-eventhirdcol apm-floatleft\">\n<h4 class=\"a-spacing-mini\">Facile \u00e0 nettoyer<\/h4>\n<p>La surface est imperm\u00e9able \u00e0 l'eau et \u00e0 l'huile, facile \u00e0 nettoyer, lorsque vous aspergez accidentellement le tapis d'eau, utilisez simplement un chiffon pour l'essuyer, un chiffon humide est pr\u00e9f\u00e9rable s'il y a trop de salet\u00e9 dans le tapis.<\/p>\n<\/div>\n<\/td>\n<td class=\"apm-top\">\n<div class=\"apm-eventhirdcol apm-floatleft\">\n<h4 class=\"a-spacing-mini\">Conception portable<\/h4>\n<p>Le tapis est livr\u00e9 en rouleau et peut \u00eatre facilement mis \u00e0 plat. L'emballage est muni d'un lien, vous pouvez rouler et transporter le sous-main au travail ou lors d'un voyage d'affaires n'importe o\u00f9.<\/p>\n<\/div>\n<\/td>\n<td class=\"apm-top\">\n<div class=\"apm-eventhirdcol apm-floatleft\">\n<h4 class=\"a-spacing-mini\">Surface d'\u00e9criture parfaite<\/h4>\n<p>Le sous-main Towwi est confortable pour reposer vos mains et \u00e9crire sans effort. Prot\u00e8ge votre bureau des rayures et ajoute de la couleur \u00e0 votre environnement de travail.<\/p>\n<\/div>\n<\/td>\n<\/tr>\n<\/tbody>\n<\/table>\n<\/div>\n<\/div>\n<\/div>\n<\/div>\n<div><\/div>\n<h3>Couverture de bureau respectueuse de la sant\u00e9 :<\/h3>\n<div>\u00a0Nous accordons de l'importance \u00e0 votre sant\u00e9, le sous-main Towwi est fabriqu\u00e9 \u00e0 partir de mat\u00e9riaux \u00e9cologiques de haute qualit\u00e9 - cuir PU (pas de cuir v\u00e9ritable) et daim. Tous ces mat\u00e9riaux sont s\u00fbrs et respectueux de l'environnement.<\/div>\n<div><\/div>\n<div>\n<p><img loading=\"lazy\" decoding=\"async\" class=\"size-full wp-image-2241\" src=\"https:\/\/darshion.com\/wp-content\/uploads\/2024\/05\/a9ps3-efhch.webp\" alt=\"mouse pads wholesale\" width=\"970\" height=\"398\" srcset=\"https:\/\/darshion.com\/wp-content\/uploads\/2024\/05\/a9ps3-efhch.webp 970w, https:\/\/darshion.com\/wp-content\/uploads\/2024\/05\/a9ps3-efhch-300x123.webp 300w, https:\/\/darshion.com\/wp-content\/uploads\/2024\/05\/a9ps3-efhch-768x315.webp 768w, https:\/\/darshion.com\/wp-content\/uploads\/2024\/05\/a9ps3-efhch-600x246.webp 600w\" sizes=\"(max-width: 970px) 100vw, 970px\" \/><\/p>\n<\/div>\n<h3><\/h3>\n<h3>Prot\u00e9gez votre bureau et vos yeux :<\/h3>\n<div>La face en cuir PU est imperm\u00e9able \u00e0 l'eau et \u00e0 l'huile, ce qui prot\u00e8ge votre bureau des rayures, des taches et des \u00e9claboussures. Il suffit d'utiliser un chiffon humide pour l'essuyer, ce qui le rend tr\u00e8s facile \u00e0 nettoyer. La texture de la surface emp\u00eache l'irritation des yeux par la r\u00e9flexion de la lumi\u00e8re et soulage la fatigue oculaire.<\/div>\n<div><\/div>\n<div>\n<p><img loading=\"lazy\" decoding=\"async\" class=\"size-full wp-image-2239\" src=\"https:\/\/darshion.com\/wp-content\/uploads\/2024\/05\/a1crw-73ul3.webp\" alt=\"mouse pads wholesale\" width=\"970\" height=\"300\" srcset=\"https:\/\/darshion.com\/wp-content\/uploads\/2024\/05\/a1crw-73ul3.webp 970w, https:\/\/darshion.com\/wp-content\/uploads\/2024\/05\/a1crw-73ul3-300x93.webp 300w, https:\/\/darshion.com\/wp-content\/uploads\/2024\/05\/a1crw-73ul3-768x238.webp 768w, https:\/\/darshion.com\/wp-content\/uploads\/2024\/05\/a1crw-73ul3-600x186.webp 600w\" sizes=\"(max-width: 970px) 100vw, 970px\" \/><\/p>\n<\/div>\n<h3><\/h3>\n<h3>Surface imperm\u00e9able et face arri\u00e8re antid\u00e9rapante :<\/h3>\n<div>Diff\u00e9rents mat\u00e9riaux pour les diff\u00e9rentes faces ; la face en cuir PU est lisse et imperm\u00e9able et peut \u00eatre utilis\u00e9e comme tapis de souris et d'\u00e9criture. La face arri\u00e8re en daim est antid\u00e9rapante et offre un toucher doux. Veuillez noter que la face arri\u00e8re n'est pas totalement imperm\u00e9able.<\/div>\n<div><\/div>\n<div>\n<p><img loading=\"lazy\" decoding=\"async\" class=\"size-full wp-image-2243\" src=\"https:\/\/darshion.com\/wp-content\/uploads\/2024\/05\/a7qkj-pc6s9.webp\" alt=\"mouse pads wholesale\" width=\"970\" height=\"398\" srcset=\"https:\/\/darshion.com\/wp-content\/uploads\/2024\/05\/a7qkj-pc6s9.webp 970w, https:\/\/darshion.com\/wp-content\/uploads\/2024\/05\/a7qkj-pc6s9-300x123.webp 300w, https:\/\/darshion.com\/wp-content\/uploads\/2024\/05\/a7qkj-pc6s9-768x315.webp 768w, https:\/\/darshion.com\/wp-content\/uploads\/2024\/05\/a7qkj-pc6s9-600x246.webp 600w\" sizes=\"(max-width: 970px) 100vw, 970px\" \/><\/p>\n<\/div>\n<h3><\/h3>\n<h3>Conception portable :<\/h3>\n<div>Le coussin est con\u00e7u pour \u00eatre souple et fin. Si vous souhaitez le ranger ou l'emporter avec vous, il vous suffit de l'enrouler \u00e0 l'aide de la sangle. L'objectif est d'\u00e9conomiser de l'espace et de faciliter le transport.<\/div>\n<div><\/div>\n<div class=\"aplus-v2 desktop celwidget\" data-csa-c-id=\"buydj7-tvddbq-k3wm84-wsjsff\" data-cel-widget=\"aplus\">\n<div class=\"celwidget aplus-module module-12 aplus-standard\" data-csa-c-id=\"exs0mw-2b73ec-ctf10a-osgidd\" data-cel-widget=\"aplus-module-12\">\n<div class=\"aplus-module-wrapper apm-spacing apm-floatnone apm-fixed-width\">\n<div class=\"apm-sidemodule aplus-module-content\">\n<div class=\"apm-hero-image\">\n<p><img loading=\"lazy\" decoding=\"async\" class=\"size-full wp-image-2242\" src=\"https:\/\/darshion.com\/wp-content\/uploads\/2024\/05\/a3opa-t0oi1.webp\" alt=\"mouse pads wholesale\" width=\"970\" height=\"398\" srcset=\"https:\/\/darshion.com\/wp-content\/uploads\/2024\/05\/a3opa-t0oi1.webp 970w, https:\/\/darshion.com\/wp-content\/uploads\/2024\/05\/a3opa-t0oi1-300x123.webp 300w, https:\/\/darshion.com\/wp-content\/uploads\/2024\/05\/a3opa-t0oi1-768x315.webp 768w, https:\/\/darshion.com\/wp-content\/uploads\/2024\/05\/a3opa-t0oi1-600x246.webp 600w\" sizes=\"(max-width: 970px) 100vw, 970px\" \/><\/p>\n<\/div>\n<\/div>\n<\/div>\n<\/div>\n<\/div>","protected":false},"excerpt":{"rendered":"<p>Tapis de bureau en cuir PU antid\u00e9rapant, protecteur de jeu, tapis de souris de table pour le bureau<\/p>","protected":false},"featured_media":1067,"comment_status":"open","ping_status":"closed","template":"","meta":{"_monsterinsights_skip_tracking":false,"_monsterinsights_sitenote_active":false,"_monsterinsights_sitenote_note":"","_monsterinsights_sitenote_category":0},"product_cat":[100],"product_tag":[95,112],"yoast_head":"<!-- This site is optimized with the Yoast SEO Premium plugin v22.9 (Yoast SEO v24.0) - https:\/\/yoast.com\/wordpress\/plugins\/seo\/ -->\n<title>PU Leather Waterproof Mouse Pad Manufacturer - darshion<\/title>\n<meta name=\"robots\" content=\"index, follow, max-snippet:-1, max-image-preview:large, max-video-preview:-1\" \/>\n<link rel=\"canonical\" href=\"https:\/\/darshion.com\/fr\/produit\/leather-mousepads\/\" \/>\n<meta property=\"og:locale\" content=\"fr_FR\" \/>\n<meta property=\"og:type\" content=\"article\" \/>\n<meta property=\"og:title\" content=\"PU Leather Waterproof Mouse Pad Manufacturer\" \/>\n<meta property=\"og:description\" content=\"Factory Custom Size Print Non Slip PU Leather Desk Pad Gaming Protector Office Table Mat Mouse Pad\" \/>\n<meta property=\"og:url\" content=\"https:\/\/darshion.com\/fr\/produit\/leather-mousepads\/\" \/>\n<meta property=\"og:site_name\" content=\"darshion\" \/>\n<meta property=\"article:modified_time\" content=\"2024-07-06T01:50:27+00:00\" \/>\n<meta property=\"og:image\" content=\"https:\/\/darshion.com\/wp-content\/uploads\/2023\/10\/PU-Leather-Desk-Protector-Mat-Large-Size-Office-Waterproof-Mouse-Pad-XXL-Desktop-Gaming-MousePad-Mouse.jpg_.webp.jpg\" \/>\n\t<meta property=\"og:image:width\" content=\"1000\" \/>\n\t<meta property=\"og:image:height\" content=\"1000\" \/>\n\t<meta property=\"og:image:type\" content=\"image\/jpeg\" \/>\n<meta name=\"twitter:card\" content=\"summary_large_image\" \/>\n<meta name=\"twitter:label1\" content=\"Dur\u00e9e de lecture estim\u00e9e\" \/>\n\t<meta name=\"twitter:data1\" content=\"2 minutes\" \/>\n<script type=\"application\/ld+json\" class=\"yoast-schema-graph\">{\"@context\":\"https:\/\/schema.org\",\"@graph\":[{\"@type\":\"WebPage\",\"@id\":\"https:\/\/darshion.com\/product\/leather-mousepads\/\",\"url\":\"https:\/\/darshion.com\/product\/leather-mousepads\/\",\"name\":\"PU Leather Waterproof Mouse Pad Manufacturer - darshion\",\"isPartOf\":{\"@id\":\"https:\/\/darshion.com\/#website\"},\"primaryImageOfPage\":{\"@id\":\"https:\/\/darshion.com\/product\/leather-mousepads\/#primaryimage\"},\"image\":{\"@id\":\"https:\/\/darshion.com\/product\/leather-mousepads\/#primaryimage\"},\"thumbnailUrl\":\"https:\/\/darshion.com\/wp-content\/uploads\/2023\/10\/PU-Leather-Desk-Protector-Mat-Large-Size-Office-Waterproof-Mouse-Pad-XXL-Desktop-Gaming-MousePad-Mouse.jpg_.webp.jpg\",\"datePublished\":\"2023-10-06T08:09:28+00:00\",\"dateModified\":\"2024-07-06T01:50:27+00:00\",\"breadcrumb\":{\"@id\":\"https:\/\/darshion.com\/product\/leather-mousepads\/#breadcrumb\"},\"inLanguage\":\"fr-FR\",\"potentialAction\":[{\"@type\":\"ReadAction\",\"target\":[\"https:\/\/darshion.com\/product\/leather-mousepads\/\"]}]},{\"@type\":\"ImageObject\",\"inLanguage\":\"fr-FR\",\"@id\":\"https:\/\/darshion.com\/product\/leather-mousepads\/#primaryimage\",\"url\":\"https:\/\/darshion.com\/wp-content\/uploads\/2023\/10\/PU-Leather-Desk-Protector-Mat-Large-Size-Office-Waterproof-Mouse-Pad-XXL-Desktop-Gaming-MousePad-Mouse.jpg_.webp.jpg\",\"contentUrl\":\"https:\/\/darshion.com\/wp-content\/uploads\/2023\/10\/PU-Leather-Desk-Protector-Mat-Large-Size-Office-Waterproof-Mouse-Pad-XXL-Desktop-Gaming-MousePad-Mouse.jpg_.webp.jpg\",\"width\":1000,\"height\":1000},{\"@type\":\"BreadcrumbList\",\"@id\":\"https:\/\/darshion.com\/product\/leather-mousepads\/#breadcrumb\",\"itemListElement\":[{\"@type\":\"ListItem\",\"position\":1,\"name\":\"\u9996\u9875\",\"item\":\"https:\/\/darshion.com\/\"},{\"@type\":\"ListItem\",\"position\":2,\"name\":\"PRODUCT\",\"item\":\"https:\/\/darshion.com\/pt\/product\/\"},{\"@type\":\"ListItem\",\"position\":3,\"name\":\"PU Leather Waterproof Mouse Pad Manufacturer\"}]},{\"@type\":\"WebSite\",\"@id\":\"https:\/\/darshion.com\/#website\",\"url\":\"https:\/\/darshion.com\/\",\"name\":\"darshion\",\"description\":\"14 Years of Experience, Quality Assurance, Innovative Design\",\"publisher\":{\"@id\":\"https:\/\/darshion.com\/#organization\"},\"potentialAction\":[{\"@type\":\"SearchAction\",\"target\":{\"@type\":\"EntryPoint\",\"urlTemplate\":\"https:\/\/darshion.com\/?s={search_term_string}\"},\"query-input\":{\"@type\":\"PropertyValueSpecification\",\"valueRequired\":true,\"valueName\":\"search_term_string\"}}],\"inLanguage\":\"fr-FR\"},{\"@type\":\"Organization\",\"@id\":\"https:\/\/darshion.com\/#organization\",\"name\":\"darshion\",\"url\":\"https:\/\/darshion.com\/\",\"logo\":{\"@type\":\"ImageObject\",\"inLanguage\":\"fr-FR\",\"@id\":\"https:\/\/darshion.com\/#\/schema\/logo\/image\/\",\"url\":\"https:\/\/darshion.com\/wp-content\/uploads\/2023\/09\/01-1.png\",\"contentUrl\":\"https:\/\/darshion.com\/wp-content\/uploads\/2023\/09\/01-1.png\",\"width\":350,\"height\":100,\"caption\":\"darshion\"},\"image\":{\"@id\":\"https:\/\/darshion.com\/#\/schema\/logo\/image\/\"}}]}<\/script>\n<!-- \/ Yoast SEO Premium plugin. -->","yoast_head_json":{"title":"Tapis de souris imperm\u00e9able en cuir PU - darshion","robots":{"index":"index","follow":"follow","max-snippet":"max-snippet:-1","max-image-preview":"max-image-preview:large","max-video-preview":"max-video-preview:-1"},"canonical":"https:\/\/darshion.com\/fr\/produit\/leather-mousepads\/","og_locale":"fr_FR","og_type":"article","og_title":"PU Leather Waterproof Mouse Pad Manufacturer","og_description":"Factory Custom Size Print Non Slip PU Leather Desk Pad Gaming Protector Office Table Mat Mouse Pad","og_url":"https:\/\/darshion.com\/fr\/produit\/leather-mousepads\/","og_site_name":"darshion","article_modified_time":"2024-07-06T01:50:27+00:00","og_image":[{"width":1000,"height":1000,"url":"https:\/\/darshion.com\/wp-content\/uploads\/2023\/10\/PU-Leather-Desk-Protector-Mat-Large-Size-Office-Waterproof-Mouse-Pad-XXL-Desktop-Gaming-MousePad-Mouse.jpg_.webp.jpg","type":"image\/jpeg"}],"twitter_card":"summary_large_image","twitter_misc":{"Dur\u00e9e de lecture estim\u00e9e":"2 minutes"},"schema":{"@context":"https:\/\/schema.org","@graph":[{"@type":"WebPage","@id":"https:\/\/darshion.com\/product\/leather-mousepads\/","url":"https:\/\/darshion.com\/product\/leather-mousepads\/","name":"Tapis de souris imperm\u00e9able en cuir PU - darshion","isPartOf":{"@id":"https:\/\/darshion.com\/#website"},"primaryImageOfPage":{"@id":"https:\/\/darshion.com\/product\/leather-mousepads\/#primaryimage"},"image":{"@id":"https:\/\/darshion.com\/product\/leather-mousepads\/#primaryimage"},"thumbnailUrl":"https:\/\/darshion.com\/wp-content\/uploads\/2023\/10\/PU-Leather-Desk-Protector-Mat-Large-Size-Office-Waterproof-Mouse-Pad-XXL-Desktop-Gaming-MousePad-Mouse.jpg_.webp.jpg","datePublished":"2023-10-06T08:09:28+00:00","dateModified":"2024-07-06T01:50:27+00:00","breadcrumb":{"@id":"https:\/\/darshion.com\/product\/leather-mousepads\/#breadcrumb"},"inLanguage":"fr-FR","potentialAction":[{"@type":"ReadAction","target":["https:\/\/darshion.com\/product\/leather-mousepads\/"]}]},{"@type":"ImageObject","inLanguage":"fr-FR","@id":"https:\/\/darshion.com\/product\/leather-mousepads\/#primaryimage","url":"https:\/\/darshion.com\/wp-content\/uploads\/2023\/10\/PU-Leather-Desk-Protector-Mat-Large-Size-Office-Waterproof-Mouse-Pad-XXL-Desktop-Gaming-MousePad-Mouse.jpg_.webp.jpg","contentUrl":"https:\/\/darshion.com\/wp-content\/uploads\/2023\/10\/PU-Leather-Desk-Protector-Mat-Large-Size-Office-Waterproof-Mouse-Pad-XXL-Desktop-Gaming-MousePad-Mouse.jpg_.webp.jpg","width":1000,"height":1000},{"@type":"BreadcrumbList","@id":"https:\/\/darshion.com\/product\/leather-mousepads\/#breadcrumb","itemListElement":[{"@type":"ListItem","position":1,"name":"\u9996\u9875","item":"https:\/\/darshion.com\/"},{"@type":"ListItem","position":2,"name":"PRODUCT","item":"https:\/\/darshion.com\/pt\/product\/"},{"@type":"ListItem","position":3,"name":"PU Leather Waterproof Mouse Pad Manufacturer"}]},{"@type":"WebSite","@id":"https:\/\/darshion.com\/#website","url":"https:\/\/darshion.com\/","name":"darshion","description":"14 ans d'exp\u00e9rience, assurance qualit\u00e9, conception innovante","publisher":{"@id":"https:\/\/darshion.com\/#organization"},"potentialAction":[{"@type":"SearchAction","target":{"@type":"EntryPoint","urlTemplate":"https:\/\/darshion.com\/?s={search_term_string}"},"query-input":{"@type":"PropertyValueSpecification","valueRequired":true,"valueName":"search_term_string"}}],"inLanguage":"fr-FR"},{"@type":"Organization","@id":"https:\/\/darshion.com\/#organization","name":"darshion","url":"https:\/\/darshion.com\/","logo":{"@type":"ImageObject","inLanguage":"fr-FR","@id":"https:\/\/darshion.com\/#\/schema\/logo\/image\/","url":"https:\/\/darshion.com\/wp-content\/uploads\/2023\/09\/01-1.png","contentUrl":"https:\/\/darshion.com\/wp-content\/uploads\/2023\/09\/01-1.png","width":350,"height":100,"caption":"darshion"},"image":{"@id":"https:\/\/darshion.com\/#\/schema\/logo\/image\/"}}]}},"_links":{"self":[{"href":"https:\/\/darshion.com\/fr\/wp-json\/wp\/v2\/product\/1063"}],"collection":[{"href":"https:\/\/darshion.com\/fr\/wp-json\/wp\/v2\/product"}],"about":[{"href":"https:\/\/darshion.com\/fr\/wp-json\/wp\/v2\/types\/product"}],"replies":[{"embeddable":true,"href":"https:\/\/darshion.com\/fr\/wp-json\/wp\/v2\/comments?post=1063"}],"wp:featuredmedia":[{"embeddable":true,"href":"https:\/\/darshion.com\/fr\/wp-json\/wp\/v2\/media\/1067"}],"wp:attachment":[{"href":"https:\/\/darshion.com\/fr\/wp-json\/wp\/v2\/media?parent=1063"}],"wp:term":[{"taxonomy":"product_cat","embeddable":true,"href":"https:\/\/darshion.com\/fr\/wp-json\/wp\/v2\/product_cat?post=1063"},{"taxonomy":"product_tag","embeddable":true,"href":"https:\/\/darshion.com\/fr\/wp-json\/wp\/v2\/product_tag?post=1063"}],"curies":[{"name":"wp","href":"https:\/\/api.w.org\/{rel}","templated":true}]}}