{"id":1286,"date":"2023-10-24T11:16:32","date_gmt":"2023-10-24T03:16:32","guid":{"rendered":"https:\/\/darshion.com\/?post_type=product&#038;p=1286"},"modified":"2024-07-19T12:16:28","modified_gmt":"2024-07-19T04:16:28","slug":"new-luminous-mouse-pads","status":"publish","type":"product","link":"https:\/\/darshion.com\/fr\/produit\/new-luminous-mouse-pads\/","title":{"rendered":"Tapis de souris lumineux \u00e0 motifs personnalisables Fabricant"},"content":{"rendered":"<div class=\"elementor-element elementor-element-1766ea6 elementor-widget elementor-widget-heading\" data-id=\"1766ea6\" data-element_type=\"widget\" data-widget_type=\"heading.default\">\n<div class=\"elementor-widget-container\">\n<div id=\"ali-anchor-AliPostDhMb-80is8\" class=\"mceSectionContainer\" style=\"color: #000000; font-family: Arial; font-size: 12px; font-style: normal; font-weight: 400; padding-top: 8px;\" data-section=\"AliPostDhMb-80is8\" data-section-title=\"Product Description\">\n<div style=\"padding: 10px 0px;\">\n<div style=\"margin: 0px; padding: 0px; border: 0px; font-style: normal; font-weight: 400; font-size: 12px; line-height: inherit; font-family: Arial; vertical-align: baseline; color: #000000;\">\n<p>Nouveau mod\u00e8le priv\u00e9 Amazon Bestselling Patent Product Nom du produit : Tapis de souris illumin\u00e9 RGB<\/p>\n<p>Poids du produit :<\/p>\n<ul>\n<li>900<em>400<\/em>4mm (Poids 900-950g)<\/li>\n<li>800<em>300<\/em>4mm (Poids 630-660g)<\/li>\n<li>300<em>250<\/em>4mm (Poids 300-350g)<\/li>\n<\/ul>\n<p>Taille du carton : 48*<em>48*<\/em>35cm, 25 pi\u00e8ces, 17KG<\/p>\n<p>7 couleurs unies, 14 modes : Bleu, rouge, vert, blanc, violet, cyan, jaune Mode respiratoire, mode cheval de course<\/p>\n<p>Fonction m\u00e9moire : Fonction de m\u00e9moire de mise hors tension<\/p>\n<p>Interface du produit : Interface Type-C<\/p>\n<p>Alimentation \u00e9lectrique : 5V<\/p>\n<p>Emballage : Bo\u00eete de couleur anglaise<\/p>\n<p>Personnalisable : Logo, emballage en bo\u00eete de papier, dimensions<\/p>\n<p style=\"margin: 0px; padding: 0px; border: 0px; vertical-align: baseline;\"><span style=\"margin: 0px; padding: 0px; border: 0px; font-style: inherit; font-weight: inherit; font-size: 20px; line-height: 30px; vertical-align: baseline;\"><strong>Le paquet comprend :<\/strong><\/span><span style=\"margin: 0px; padding: 0px; border: 0px; font-style: inherit; font-weight: inherit; font-size: 16px; line-height: 24px; vertical-align: baseline;\"> 1* Tapis de souris RGB, 1* C\u00e2ble Type-C<\/span><\/p>\n<p style=\"margin: 0px; padding: 0px; border: 0px; vertical-align: baseline;\"><span style=\"margin: 0px; padding: 0px; border: 0px; font-style: inherit; font-weight: inherit; font-size: inherit; line-height: 18px; vertical-align: baseline; color: #ff0000;\"><span style=\"margin: 0px; padding: 0px; border: 0px; font-style: inherit; font-weight: inherit; font-size: 16px; line-height: 24px; vertical-align: baseline;\">note :<\/span><\/span><\/p>\n<p style=\"margin: 0px; padding: 0px; border: 0px; vertical-align: baseline;\"><span style=\"margin: 0px; padding: 0px; border: 0px; font-style: inherit; font-weight: inherit; font-size: 16px; line-height: 24px; vertical-align: baseline; color: #ff0000;\">appuyer une fois pour mettre en marche\/changer de couleur<\/span><\/p>\n<p style=\"margin: 0px; padding: 0px; border: 0px; vertical-align: baseline;\"><span style=\"margin: 0px; padding: 0px; border: 0px; font-style: inherit; font-weight: inherit; font-size: inherit; line-height: 18px; vertical-align: baseline; color: #ff0000;\"><span style=\"margin: 0px; padding: 0px; border: 0px; font-style: inherit; font-weight: inherit; font-size: 16px; line-height: 24px; vertical-align: baseline;\">appuyer deux fois rapidement pour r\u00e9gler la luminosit\u00e9<\/span><\/span><\/p>\n<div style=\"margin: 0px; padding: 0px; border: 0px; vertical-align: baseline;\"><span style=\"margin: 0px; padding: 0px; border: 0px; font-style: inherit; font-weight: inherit; font-size: inherit; line-height: 18px; vertical-align: baseline; color: #ff0000;\"><span style=\"margin: 0px; padding: 0px; border: 0px; font-style: inherit; font-weight: inherit; font-size: 16px; line-height: 24px; vertical-align: baseline;\">appuyer longuement pendant 3 secondes pour \u00e9teindre l'appareil<\/span><\/span><\/div>\n<\/div>\n<\/div>\n<\/div>\n<div style=\"color: #000000; font-family: Arial; font-size: 12px; font-style: normal; font-weight: 400;\">\n<p style=\"margin: 0px; padding: 0px;\">\n<\/div>\n<\/div>\n<\/div>","protected":false},"excerpt":{"rendered":"<p>Dernier tapis de souris Amazon populaire rgb<\/p>","protected":false},"featured_media":1289,"comment_status":"open","ping_status":"closed","template":"","meta":{"_monsterinsights_skip_tracking":false,"_monsterinsights_sitenote_active":false,"_monsterinsights_sitenote_note":"","_monsterinsights_sitenote_category":0},"product_cat":[563,100],"product_tag":[103,130],"yoast_head":"<!-- This site is optimized with the Yoast SEO Premium plugin v22.9 (Yoast SEO v24.0) - https:\/\/yoast.com\/wordpress\/plugins\/seo\/ -->\n<title>Luminous Mouse Pad Customizable Patterns Manufacturer - darshion<\/title>\n<meta name=\"robots\" content=\"index, follow, max-snippet:-1, max-image-preview:large, max-video-preview:-1\" \/>\n<link rel=\"canonical\" href=\"https:\/\/darshion.com\/fr\/produit\/new-luminous-mouse-pads\/\" \/>\n<meta property=\"og:locale\" content=\"fr_FR\" \/>\n<meta property=\"og:type\" content=\"article\" \/>\n<meta property=\"og:title\" content=\"Luminous Mouse Pad Customizable Patterns Manufacturer\" \/>\n<meta property=\"og:description\" content=\"Factory latest Amazon popular rgb mousepad\" \/>\n<meta property=\"og:url\" content=\"https:\/\/darshion.com\/fr\/produit\/new-luminous-mouse-pads\/\" \/>\n<meta property=\"og:site_name\" content=\"darshion\" \/>\n<meta property=\"article:modified_time\" content=\"2024-07-19T04:16:28+00:00\" \/>\n<meta property=\"og:image\" content=\"https:\/\/darshion.com\/wp-content\/uploads\/2023\/10\/\u55b7\u706b\u9f99.jpg\" \/>\n\t<meta property=\"og:image:width\" content=\"1000\" \/>\n\t<meta property=\"og:image:height\" content=\"1000\" \/>\n\t<meta property=\"og:image:type\" content=\"image\/jpeg\" \/>\n<meta name=\"twitter:card\" content=\"summary_large_image\" \/>\n<script type=\"application\/ld+json\" class=\"yoast-schema-graph\">{\"@context\":\"https:\/\/schema.org\",\"@graph\":[{\"@type\":\"WebPage\",\"@id\":\"https:\/\/darshion.com\/product\/new-luminous-mouse-pads\/\",\"url\":\"https:\/\/darshion.com\/product\/new-luminous-mouse-pads\/\",\"name\":\"Luminous Mouse Pad Customizable Patterns Manufacturer - darshion\",\"isPartOf\":{\"@id\":\"https:\/\/darshion.com\/#website\"},\"primaryImageOfPage\":{\"@id\":\"https:\/\/darshion.com\/product\/new-luminous-mouse-pads\/#primaryimage\"},\"image\":{\"@id\":\"https:\/\/darshion.com\/product\/new-luminous-mouse-pads\/#primaryimage\"},\"thumbnailUrl\":\"https:\/\/darshion.com\/wp-content\/uploads\/2023\/10\/\u55b7\u706b\u9f99.jpg\",\"datePublished\":\"2023-10-24T03:16:32+00:00\",\"dateModified\":\"2024-07-19T04:16:28+00:00\",\"breadcrumb\":{\"@id\":\"https:\/\/darshion.com\/product\/new-luminous-mouse-pads\/#breadcrumb\"},\"inLanguage\":\"fr-FR\",\"potentialAction\":[{\"@type\":\"ReadAction\",\"target\":[\"https:\/\/darshion.com\/product\/new-luminous-mouse-pads\/\"]}]},{\"@type\":\"ImageObject\",\"inLanguage\":\"fr-FR\",\"@id\":\"https:\/\/darshion.com\/product\/new-luminous-mouse-pads\/#primaryimage\",\"url\":\"https:\/\/darshion.com\/wp-content\/uploads\/2023\/10\/\u55b7\u706b\u9f99.jpg\",\"contentUrl\":\"https:\/\/darshion.com\/wp-content\/uploads\/2023\/10\/\u55b7\u706b\u9f99.jpg\",\"width\":1000,\"height\":1000},{\"@type\":\"BreadcrumbList\",\"@id\":\"https:\/\/darshion.com\/product\/new-luminous-mouse-pads\/#breadcrumb\",\"itemListElement\":[{\"@type\":\"ListItem\",\"position\":1,\"name\":\"\u9996\u9875\",\"item\":\"https:\/\/darshion.com\/\"},{\"@type\":\"ListItem\",\"position\":2,\"name\":\"PRODUCT\",\"item\":\"https:\/\/darshion.com\/pt\/product\/\"},{\"@type\":\"ListItem\",\"position\":3,\"name\":\"Luminous Mouse Pad Customizable Patterns Manufacturer\"}]},{\"@type\":\"WebSite\",\"@id\":\"https:\/\/darshion.com\/#website\",\"url\":\"https:\/\/darshion.com\/\",\"name\":\"darshion\",\"description\":\"14 Years of Experience, Quality Assurance, Innovative Design\",\"publisher\":{\"@id\":\"https:\/\/darshion.com\/#organization\"},\"potentialAction\":[{\"@type\":\"SearchAction\",\"target\":{\"@type\":\"EntryPoint\",\"urlTemplate\":\"https:\/\/darshion.com\/?s={search_term_string}\"},\"query-input\":{\"@type\":\"PropertyValueSpecification\",\"valueRequired\":true,\"valueName\":\"search_term_string\"}}],\"inLanguage\":\"fr-FR\"},{\"@type\":\"Organization\",\"@id\":\"https:\/\/darshion.com\/#organization\",\"name\":\"darshion\",\"url\":\"https:\/\/darshion.com\/\",\"logo\":{\"@type\":\"ImageObject\",\"inLanguage\":\"fr-FR\",\"@id\":\"https:\/\/darshion.com\/#\/schema\/logo\/image\/\",\"url\":\"https:\/\/darshion.com\/wp-content\/uploads\/2023\/09\/01-1.png\",\"contentUrl\":\"https:\/\/darshion.com\/wp-content\/uploads\/2023\/09\/01-1.png\",\"width\":350,\"height\":100,\"caption\":\"darshion\"},\"image\":{\"@id\":\"https:\/\/darshion.com\/#\/schema\/logo\/image\/\"}}]}<\/script>\n<!-- \/ Yoast SEO Premium plugin. -->","yoast_head_json":{"title":"Tapis de souris lumineux \u00e0 motifs personnalisables Fabricant - darshion","robots":{"index":"index","follow":"follow","max-snippet":"max-snippet:-1","max-image-preview":"max-image-preview:large","max-video-preview":"max-video-preview:-1"},"canonical":"https:\/\/darshion.com\/fr\/produit\/new-luminous-mouse-pads\/","og_locale":"fr_FR","og_type":"article","og_title":"Luminous Mouse Pad Customizable Patterns Manufacturer","og_description":"Factory latest Amazon popular rgb mousepad","og_url":"https:\/\/darshion.com\/fr\/produit\/new-luminous-mouse-pads\/","og_site_name":"darshion","article_modified_time":"2024-07-19T04:16:28+00:00","og_image":[{"width":1000,"height":1000,"url":"https:\/\/darshion.com\/wp-content\/uploads\/2023\/10\/\u55b7\u706b\u9f99.jpg","type":"image\/jpeg"}],"twitter_card":"summary_large_image","schema":{"@context":"https:\/\/schema.org","@graph":[{"@type":"WebPage","@id":"https:\/\/darshion.com\/product\/new-luminous-mouse-pads\/","url":"https:\/\/darshion.com\/product\/new-luminous-mouse-pads\/","name":"Tapis de souris lumineux \u00e0 motifs personnalisables Fabricant - darshion","isPartOf":{"@id":"https:\/\/darshion.com\/#website"},"primaryImageOfPage":{"@id":"https:\/\/darshion.com\/product\/new-luminous-mouse-pads\/#primaryimage"},"image":{"@id":"https:\/\/darshion.com\/product\/new-luminous-mouse-pads\/#primaryimage"},"thumbnailUrl":"https:\/\/darshion.com\/wp-content\/uploads\/2023\/10\/\u55b7\u706b\u9f99.jpg","datePublished":"2023-10-24T03:16:32+00:00","dateModified":"2024-07-19T04:16:28+00:00","breadcrumb":{"@id":"https:\/\/darshion.com\/product\/new-luminous-mouse-pads\/#breadcrumb"},"inLanguage":"fr-FR","potentialAction":[{"@type":"ReadAction","target":["https:\/\/darshion.com\/product\/new-luminous-mouse-pads\/"]}]},{"@type":"ImageObject","inLanguage":"fr-FR","@id":"https:\/\/darshion.com\/product\/new-luminous-mouse-pads\/#primaryimage","url":"https:\/\/darshion.com\/wp-content\/uploads\/2023\/10\/\u55b7\u706b\u9f99.jpg","contentUrl":"https:\/\/darshion.com\/wp-content\/uploads\/2023\/10\/\u55b7\u706b\u9f99.jpg","width":1000,"height":1000},{"@type":"BreadcrumbList","@id":"https:\/\/darshion.com\/product\/new-luminous-mouse-pads\/#breadcrumb","itemListElement":[{"@type":"ListItem","position":1,"name":"\u9996\u9875","item":"https:\/\/darshion.com\/"},{"@type":"ListItem","position":2,"name":"PRODUCT","item":"https:\/\/darshion.com\/pt\/product\/"},{"@type":"ListItem","position":3,"name":"Luminous Mouse Pad Customizable Patterns Manufacturer"}]},{"@type":"WebSite","@id":"https:\/\/darshion.com\/#website","url":"https:\/\/darshion.com\/","name":"darshion","description":"14 ans d'exp\u00e9rience, assurance qualit\u00e9, conception innovante","publisher":{"@id":"https:\/\/darshion.com\/#organization"},"potentialAction":[{"@type":"SearchAction","target":{"@type":"EntryPoint","urlTemplate":"https:\/\/darshion.com\/?s={search_term_string}"},"query-input":{"@type":"PropertyValueSpecification","valueRequired":true,"valueName":"search_term_string"}}],"inLanguage":"fr-FR"},{"@type":"Organization","@id":"https:\/\/darshion.com\/#organization","name":"darshion","url":"https:\/\/darshion.com\/","logo":{"@type":"ImageObject","inLanguage":"fr-FR","@id":"https:\/\/darshion.com\/#\/schema\/logo\/image\/","url":"https:\/\/darshion.com\/wp-content\/uploads\/2023\/09\/01-1.png","contentUrl":"https:\/\/darshion.com\/wp-content\/uploads\/2023\/09\/01-1.png","width":350,"height":100,"caption":"darshion"},"image":{"@id":"https:\/\/darshion.com\/#\/schema\/logo\/image\/"}}]}},"_links":{"self":[{"href":"https:\/\/darshion.com\/fr\/wp-json\/wp\/v2\/product\/1286"}],"collection":[{"href":"https:\/\/darshion.com\/fr\/wp-json\/wp\/v2\/product"}],"about":[{"href":"https:\/\/darshion.com\/fr\/wp-json\/wp\/v2\/types\/product"}],"replies":[{"embeddable":true,"href":"https:\/\/darshion.com\/fr\/wp-json\/wp\/v2\/comments?post=1286"}],"wp:featuredmedia":[{"embeddable":true,"href":"https:\/\/darshion.com\/fr\/wp-json\/wp\/v2\/media\/1289"}],"wp:attachment":[{"href":"https:\/\/darshion.com\/fr\/wp-json\/wp\/v2\/media?parent=1286"}],"wp:term":[{"taxonomy":"product_cat","embeddable":true,"href":"https:\/\/darshion.com\/fr\/wp-json\/wp\/v2\/product_cat?post=1286"},{"taxonomy":"product_tag","embeddable":true,"href":"https:\/\/darshion.com\/fr\/wp-json\/wp\/v2\/product_tag?post=1286"}],"curies":[{"name":"wp","href":"https:\/\/api.w.org\/{rel}","templated":true}]}}