{"id":1402,"date":"2023-10-25T12:01:40","date_gmt":"2023-10-25T04:01:40","guid":{"rendered":"https:\/\/darshion.com\/?post_type=product&#038;p=1402"},"modified":"2024-06-28T09:32:23","modified_gmt":"2024-06-28T01:32:23","slug":"custom-gaming-mouse-pads","status":"publish","type":"product","link":"https:\/\/darshion.com\/fr\/produit\/custom-gaming-mouse-pads\/","title":{"rendered":"Tapis de souris de jeu personnalis\u00e9 Lock edge Supplier"},"content":{"rendered":"<p><strong data-spm-anchor-id=\"a2g0o.detail.1000023.i0.2dba4611eeJYtX\">Caract\u00e9ristiques :<\/strong><\/p>\n<p>*Bords cousus durables : Ce tapis de souris a des bords d\u00e9licats qui peuvent emp\u00eacher l'usure. Assure une utilisation prolong\u00e9e sans d\u00e9formation ni d\u00e9gommage.<\/p>\n<div>*Surface lisse : la texture est plus dense. La souris peut \u00eatre d\u00e9plac\u00e9e rapidement et positionn\u00e9e avec pr\u00e9cision pour assurer un contr\u00f4le plus fluide de la souris. Parfait pour votre ordinateur portable, votre ordinateur et votre PC.<\/div>\n<div>*Base en caoutchouc antid\u00e9rapante : la base en caoutchouc naturel antid\u00e9rapante et les ombres denses permettent une bonne prise en main du bureau. Mat\u00e9riau doux de premi\u00e8re qualit\u00e9 pour le confort et le contr\u00f4le de la souris.<\/div>\n<div>*Lavable et r\u00e9sistant \u00e0 la d\u00e9coloration : Ce tapis de souris est fabriqu\u00e9 dans un mat\u00e9riau qui a un excellent effet de verrouillage de la couleur. Les taches liquides peuvent \u00eatre nettoy\u00e9es \u00e0 l'eau pour une utilisation continue. Il ne se d\u00e9colore pas apr\u00e8s plusieurs nettoyages.<\/div>\n<div>*Couleur : Nous nous effor\u00e7ons de fournir les impressions les plus color\u00e9es. Nous utilisons 6 couleurs pour l'impression, alors que la plupart des concurrents utilisent 4 couleurs, et nous utilisons un m\u00e9lange exclusif de CMYK et de couleurs n\u00e9on pour cr\u00e9er la gamme de couleurs la plus large possible.<br \/>\n*Processus d'impression : Notre tapis de souris est imprim\u00e9 et produit \u00e0 l'aide d'une presse \u00e0 chaud et de la sublimation, qui est le processus de conversion des solides en gaz. La temp\u00e9rature \u00e9lev\u00e9e de la presse \u00e0 imprimer transforme l'encre en gaz et la lie au mat\u00e9riau polyester lisse qui forme le dessus du tapis de souris, de sorte que vous n'avez pas \u00e0 vous soucier du d\u00e9collement ou de la d\u00e9coloration du motif.<\/div>\n<div>*Large application : disponible pour tous les types de souris, laser et optique. Taille id\u00e9ale pour une utilisation quotidienne.<\/div>\n<div><strong>Sp\u00e9cifications :<\/strong><\/div>\n<div>Mati\u00e8re : caoutchouc + tissu<\/div>\n<div>Sizes : 30x60cm,30x70cm,30x80cm,40x70cm,40x80cm,40x90cm,50x100cm<\/div>\n<div>\u00c9paisseur : 2\/3\/4\/5mm<\/div>\n<div>Contenu de l'emballage : 1 x Tapis de souris<\/div>\n<div>Note : Lorsque vous ouvrez le paquet, il y a parfois une l\u00e9g\u00e8re odeur de caoutchouc, ce qui est normal, et elle dispara\u00eetra au bout de quelques jours.<\/div>\n<div>Apr\u00e8s un transport sur de longues distances, l'\u00e9cart de taille est de 0,5 \u00e0 1,5 cm, ce qui est un ph\u00e9nom\u00e8ne normal.<\/div>","protected":false},"excerpt":{"rendered":"<p>Art Personnalis\u00e9 Tapis de souris Gaming Gamer Grand tapis de souris anime Rubber Locking Edge Big Computer Mousepad Laptop Desk Mat<\/p>","protected":false},"featured_media":1405,"comment_status":"open","ping_status":"closed","template":"","meta":{"_monsterinsights_skip_tracking":false,"_monsterinsights_sitenote_active":false,"_monsterinsights_sitenote_note":"","_monsterinsights_sitenote_category":0},"product_cat":[100],"product_tag":[107,134,103],"yoast_head":"<!-- This site is optimized with the Yoast SEO Premium plugin v22.9 (Yoast SEO v24.0) - https:\/\/yoast.com\/wordpress\/plugins\/seo\/ -->\n<title>custom Gaming Mouse pad Lock edge Supplier - darshion<\/title>\n<meta name=\"robots\" content=\"index, follow, max-snippet:-1, max-image-preview:large, max-video-preview:-1\" \/>\n<link rel=\"canonical\" href=\"https:\/\/darshion.com\/fr\/produit\/custom-gaming-mouse-pads\/\" \/>\n<meta property=\"og:locale\" content=\"fr_FR\" \/>\n<meta property=\"og:type\" content=\"article\" \/>\n<meta property=\"og:title\" content=\"custom Gaming Mouse pad Lock edge Supplier\" \/>\n<meta property=\"og:description\" content=\"Personalized Art Gaming Mouse Pad Gamer Large tapis de souris anime Rubber Locking Edge Big Computer Mousepad Laptop Desk Mat\" \/>\n<meta property=\"og:url\" content=\"https:\/\/darshion.com\/fr\/produit\/custom-gaming-mouse-pads\/\" \/>\n<meta property=\"og:site_name\" content=\"darshion\" \/>\n<meta property=\"article:modified_time\" content=\"2024-06-28T01:32:23+00:00\" \/>\n<meta property=\"og:image\" content=\"https:\/\/darshion.com\/wp-content\/uploads\/2023\/10\/Large-Custom-Mouse-pad-900x400-1200x600-Desk-Mat-Anime-Gaming-Mousepad-xxl-xl-Lock-edge-Game.jpg_.webp.jpg\" \/>\n\t<meta property=\"og:image:width\" content=\"800\" \/>\n\t<meta property=\"og:image:height\" content=\"800\" \/>\n\t<meta property=\"og:image:type\" content=\"image\/jpeg\" \/>\n<meta name=\"twitter:card\" content=\"summary_large_image\" \/>\n<meta name=\"twitter:label1\" content=\"Dur\u00e9e de lecture estim\u00e9e\" \/>\n\t<meta name=\"twitter:data1\" content=\"1 minute\" \/>\n<script type=\"application\/ld+json\" class=\"yoast-schema-graph\">{\"@context\":\"https:\/\/schema.org\",\"@graph\":[{\"@type\":\"WebPage\",\"@id\":\"https:\/\/darshion.com\/product\/custom-gaming-mouse-pads\/\",\"url\":\"https:\/\/darshion.com\/product\/custom-gaming-mouse-pads\/\",\"name\":\"custom Gaming Mouse pad Lock edge Supplier - darshion\",\"isPartOf\":{\"@id\":\"https:\/\/darshion.com\/#website\"},\"primaryImageOfPage\":{\"@id\":\"https:\/\/darshion.com\/product\/custom-gaming-mouse-pads\/#primaryimage\"},\"image\":{\"@id\":\"https:\/\/darshion.com\/product\/custom-gaming-mouse-pads\/#primaryimage\"},\"thumbnailUrl\":\"https:\/\/darshion.com\/wp-content\/uploads\/2023\/10\/Large-Custom-Mouse-pad-900x400-1200x600-Desk-Mat-Anime-Gaming-Mousepad-xxl-xl-Lock-edge-Game.jpg_.webp.jpg\",\"datePublished\":\"2023-10-25T04:01:40+00:00\",\"dateModified\":\"2024-06-28T01:32:23+00:00\",\"breadcrumb\":{\"@id\":\"https:\/\/darshion.com\/product\/custom-gaming-mouse-pads\/#breadcrumb\"},\"inLanguage\":\"fr-FR\",\"potentialAction\":[{\"@type\":\"ReadAction\",\"target\":[\"https:\/\/darshion.com\/product\/custom-gaming-mouse-pads\/\"]}]},{\"@type\":\"ImageObject\",\"inLanguage\":\"fr-FR\",\"@id\":\"https:\/\/darshion.com\/product\/custom-gaming-mouse-pads\/#primaryimage\",\"url\":\"https:\/\/darshion.com\/wp-content\/uploads\/2023\/10\/Large-Custom-Mouse-pad-900x400-1200x600-Desk-Mat-Anime-Gaming-Mousepad-xxl-xl-Lock-edge-Game.jpg_.webp.jpg\",\"contentUrl\":\"https:\/\/darshion.com\/wp-content\/uploads\/2023\/10\/Large-Custom-Mouse-pad-900x400-1200x600-Desk-Mat-Anime-Gaming-Mousepad-xxl-xl-Lock-edge-Game.jpg_.webp.jpg\",\"width\":800,\"height\":800},{\"@type\":\"BreadcrumbList\",\"@id\":\"https:\/\/darshion.com\/product\/custom-gaming-mouse-pads\/#breadcrumb\",\"itemListElement\":[{\"@type\":\"ListItem\",\"position\":1,\"name\":\"\u9996\u9875\",\"item\":\"https:\/\/darshion.com\/\"},{\"@type\":\"ListItem\",\"position\":2,\"name\":\"PRODUCT\",\"item\":\"https:\/\/darshion.com\/pt\/product\/\"},{\"@type\":\"ListItem\",\"position\":3,\"name\":\"custom Gaming Mouse pad Lock edge Supplier\"}]},{\"@type\":\"WebSite\",\"@id\":\"https:\/\/darshion.com\/#website\",\"url\":\"https:\/\/darshion.com\/\",\"name\":\"darshion\",\"description\":\"14 Years of Experience, Quality Assurance, Innovative Design\",\"publisher\":{\"@id\":\"https:\/\/darshion.com\/#organization\"},\"potentialAction\":[{\"@type\":\"SearchAction\",\"target\":{\"@type\":\"EntryPoint\",\"urlTemplate\":\"https:\/\/darshion.com\/?s={search_term_string}\"},\"query-input\":{\"@type\":\"PropertyValueSpecification\",\"valueRequired\":true,\"valueName\":\"search_term_string\"}}],\"inLanguage\":\"fr-FR\"},{\"@type\":\"Organization\",\"@id\":\"https:\/\/darshion.com\/#organization\",\"name\":\"darshion\",\"url\":\"https:\/\/darshion.com\/\",\"logo\":{\"@type\":\"ImageObject\",\"inLanguage\":\"fr-FR\",\"@id\":\"https:\/\/darshion.com\/#\/schema\/logo\/image\/\",\"url\":\"https:\/\/darshion.com\/wp-content\/uploads\/2023\/09\/01-1.png\",\"contentUrl\":\"https:\/\/darshion.com\/wp-content\/uploads\/2023\/09\/01-1.png\",\"width\":350,\"height\":100,\"caption\":\"darshion\"},\"image\":{\"@id\":\"https:\/\/darshion.com\/#\/schema\/logo\/image\/\"}}]}<\/script>\n<!-- \/ Yoast SEO Premium plugin. -->","yoast_head_json":{"title":"Tapis de souris de jeu personnalis\u00e9 Lock edge Supplier - darshion","robots":{"index":"index","follow":"follow","max-snippet":"max-snippet:-1","max-image-preview":"max-image-preview:large","max-video-preview":"max-video-preview:-1"},"canonical":"https:\/\/darshion.com\/fr\/produit\/custom-gaming-mouse-pads\/","og_locale":"fr_FR","og_type":"article","og_title":"custom Gaming Mouse pad Lock edge Supplier","og_description":"Personalized Art Gaming Mouse Pad Gamer Large tapis de souris anime Rubber Locking Edge Big Computer Mousepad Laptop Desk Mat","og_url":"https:\/\/darshion.com\/fr\/produit\/custom-gaming-mouse-pads\/","og_site_name":"darshion","article_modified_time":"2024-06-28T01:32:23+00:00","og_image":[{"width":800,"height":800,"url":"https:\/\/darshion.com\/wp-content\/uploads\/2023\/10\/Large-Custom-Mouse-pad-900x400-1200x600-Desk-Mat-Anime-Gaming-Mousepad-xxl-xl-Lock-edge-Game.jpg_.webp.jpg","type":"image\/jpeg"}],"twitter_card":"summary_large_image","twitter_misc":{"Dur\u00e9e de lecture estim\u00e9e":"1 minute"},"schema":{"@context":"https:\/\/schema.org","@graph":[{"@type":"WebPage","@id":"https:\/\/darshion.com\/product\/custom-gaming-mouse-pads\/","url":"https:\/\/darshion.com\/product\/custom-gaming-mouse-pads\/","name":"Tapis de souris de jeu personnalis\u00e9 Lock edge Supplier - darshion","isPartOf":{"@id":"https:\/\/darshion.com\/#website"},"primaryImageOfPage":{"@id":"https:\/\/darshion.com\/product\/custom-gaming-mouse-pads\/#primaryimage"},"image":{"@id":"https:\/\/darshion.com\/product\/custom-gaming-mouse-pads\/#primaryimage"},"thumbnailUrl":"https:\/\/darshion.com\/wp-content\/uploads\/2023\/10\/Large-Custom-Mouse-pad-900x400-1200x600-Desk-Mat-Anime-Gaming-Mousepad-xxl-xl-Lock-edge-Game.jpg_.webp.jpg","datePublished":"2023-10-25T04:01:40+00:00","dateModified":"2024-06-28T01:32:23+00:00","breadcrumb":{"@id":"https:\/\/darshion.com\/product\/custom-gaming-mouse-pads\/#breadcrumb"},"inLanguage":"fr-FR","potentialAction":[{"@type":"ReadAction","target":["https:\/\/darshion.com\/product\/custom-gaming-mouse-pads\/"]}]},{"@type":"ImageObject","inLanguage":"fr-FR","@id":"https:\/\/darshion.com\/product\/custom-gaming-mouse-pads\/#primaryimage","url":"https:\/\/darshion.com\/wp-content\/uploads\/2023\/10\/Large-Custom-Mouse-pad-900x400-1200x600-Desk-Mat-Anime-Gaming-Mousepad-xxl-xl-Lock-edge-Game.jpg_.webp.jpg","contentUrl":"https:\/\/darshion.com\/wp-content\/uploads\/2023\/10\/Large-Custom-Mouse-pad-900x400-1200x600-Desk-Mat-Anime-Gaming-Mousepad-xxl-xl-Lock-edge-Game.jpg_.webp.jpg","width":800,"height":800},{"@type":"BreadcrumbList","@id":"https:\/\/darshion.com\/product\/custom-gaming-mouse-pads\/#breadcrumb","itemListElement":[{"@type":"ListItem","position":1,"name":"\u9996\u9875","item":"https:\/\/darshion.com\/"},{"@type":"ListItem","position":2,"name":"PRODUCT","item":"https:\/\/darshion.com\/pt\/product\/"},{"@type":"ListItem","position":3,"name":"custom Gaming Mouse pad Lock edge Supplier"}]},{"@type":"WebSite","@id":"https:\/\/darshion.com\/#website","url":"https:\/\/darshion.com\/","name":"darshion","description":"14 ans d'exp\u00e9rience, assurance qualit\u00e9, conception innovante","publisher":{"@id":"https:\/\/darshion.com\/#organization"},"potentialAction":[{"@type":"SearchAction","target":{"@type":"EntryPoint","urlTemplate":"https:\/\/darshion.com\/?s={search_term_string}"},"query-input":{"@type":"PropertyValueSpecification","valueRequired":true,"valueName":"search_term_string"}}],"inLanguage":"fr-FR"},{"@type":"Organization","@id":"https:\/\/darshion.com\/#organization","name":"darshion","url":"https:\/\/darshion.com\/","logo":{"@type":"ImageObject","inLanguage":"fr-FR","@id":"https:\/\/darshion.com\/#\/schema\/logo\/image\/","url":"https:\/\/darshion.com\/wp-content\/uploads\/2023\/09\/01-1.png","contentUrl":"https:\/\/darshion.com\/wp-content\/uploads\/2023\/09\/01-1.png","width":350,"height":100,"caption":"darshion"},"image":{"@id":"https:\/\/darshion.com\/#\/schema\/logo\/image\/"}}]}},"_links":{"self":[{"href":"https:\/\/darshion.com\/fr\/wp-json\/wp\/v2\/product\/1402"}],"collection":[{"href":"https:\/\/darshion.com\/fr\/wp-json\/wp\/v2\/product"}],"about":[{"href":"https:\/\/darshion.com\/fr\/wp-json\/wp\/v2\/types\/product"}],"replies":[{"embeddable":true,"href":"https:\/\/darshion.com\/fr\/wp-json\/wp\/v2\/comments?post=1402"}],"wp:featuredmedia":[{"embeddable":true,"href":"https:\/\/darshion.com\/fr\/wp-json\/wp\/v2\/media\/1405"}],"wp:attachment":[{"href":"https:\/\/darshion.com\/fr\/wp-json\/wp\/v2\/media?parent=1402"}],"wp:term":[{"taxonomy":"product_cat","embeddable":true,"href":"https:\/\/darshion.com\/fr\/wp-json\/wp\/v2\/product_cat?post=1402"},{"taxonomy":"product_tag","embeddable":true,"href":"https:\/\/darshion.com\/fr\/wp-json\/wp\/v2\/product_tag?post=1402"}],"curies":[{"name":"wp","href":"https:\/\/api.w.org\/{rel}","templated":true}]}}