{"id":149,"date":"2023-09-14T16:01:15","date_gmt":"2023-09-14T08:01:15","guid":{"rendered":"https:\/\/darshion.com\/?post_type=product&#038;p=149"},"modified":"2024-07-19T12:15:39","modified_gmt":"2024-07-19T04:15:39","slug":"rgb-mousepads","status":"publish","type":"product","link":"https:\/\/darshion.com\/fr\/produit\/rgb-mousepads\/","title":{"rendered":"Tapis de souris de jeu RGB lumineux en vrac"},"content":{"rendered":"<div class=\"elementor-element elementor-element-1766ea6 elementor-widget elementor-widget-heading\" data-id=\"1766ea6\" data-element_type=\"widget\" data-widget_type=\"heading.default\">\n<div class=\"elementor-widget-container\">\n<div id=\"ali-anchor-AliPostDhMb-80is8\" class=\"mceSectionContainer\" style=\"color: #000000; font-family: Arial; font-size: 12px; font-style: normal; font-weight: 400; padding-top: 8px;\" data-section=\"AliPostDhMb-80is8\" data-section-title=\"Product Description\">\n<div style=\"padding: 10px 0px;\">\n<div style=\"margin: 0px; padding: 0px; border: 0px; font-style: normal; font-weight: 400; font-size: 12px; line-height: inherit; font-family: Arial; vertical-align: baseline; color: #000000;\">\n<table class=\"is-zebra all magic-7\">\n<tbody>\n<tr>\n<td colspan=\"1\" rowspan=\"1\">\n<div class=\"magic-8\">\n<div class=\"magic-9\" data-spm-anchor-id=\"a2700.custom-template.0.i45.5b423333IFnvem\"><b><span class=\"magic-10\">Article :<\/span><\/b><\/div>\n<\/div>\n<\/td>\n<td colspan=\"1\" rowspan=\"1\">\n<div class=\"magic-11\"><b>Tapis de souris RGB<\/b><\/div>\n<\/td>\n<td colspan=\"1\" rowspan=\"1\">\n<div class=\"magic-12\"><span class=\"magic-13\"><span class=\"magic-14\"><b data-spm-anchor-id=\"a2700.custom-template.0.i215.5b423333IFnvem\">MOQ :<\/b><\/span><\/span><\/div>\n<\/td>\n<td colspan=\"1\" rowspan=\"1\">\n<div class=\"magic-15\">100 pi\u00e8ces<\/div>\n<\/td>\n<\/tr>\n<tr>\n<td colspan=\"1\" rowspan=\"1\">\n<div class=\"magic-8\">\n<div class=\"magic-9\" data-spm-anchor-id=\"a2700.custom-template.0.i56.5b423333IFnvem\"><b><span class=\"magic-10\">Mat\u00e9riau :<\/span><\/b><\/div>\n<\/div>\n<\/td>\n<td colspan=\"1\" rowspan=\"1\">\n<div class=\"magic-11\">Caoutchouc naturel + Tissu de soie + Eclairage RVB<\/div>\n<\/td>\n<td colspan=\"1\" rowspan=\"1\">\n<div class=\"magic-12\"><span class=\"magic-16\"><span class=\"magic-14\"><b data-spm-anchor-id=\"a2700.custom-template.0.i213.5b423333IFnvem\">Exemple :<\/b><\/span><\/span><\/div>\n<\/td>\n<td colspan=\"1\" rowspan=\"1\">\n<div class=\"magic-15\" data-spm-anchor-id=\"a2700.details.0.i82.454d7d05QsR4UP\">La taxe d'\u00e9chantillonnage peut \u00eatre d\u00e9duite<\/div>\n<\/td>\n<\/tr>\n<tr>\n<td colspan=\"1\" rowspan=\"1\">\n<div class=\"magic-8\"><b data-spm-anchor-id=\"a2700.custom-template.0.i220.5b423333IFnvem\">Impression<\/b><\/div>\n<\/td>\n<td colspan=\"1\" rowspan=\"1\">\n<div class=\"magic-11\"><b data-spm-anchor-id=\"a2700.custom-template.0.i305.5b423333IFnvem\">CMYK\u00a0<\/b><span data-spm-anchor-id=\"a2700.custom-template.0.i305.5b423333IFnvem\">Impression<\/span>\/<b data-spm-anchor-id=\"a2700.custom-template.0.i306.5b423333IFnvem\">Num\u00e9rique<\/b>\u00a0Impression\/<b>Soie<\/b>\u00a0Impression<\/div>\n<\/td>\n<td colspan=\"1\" rowspan=\"1\">\n<div class=\"magic-12\"><span class=\"magic-10\"><b data-spm-anchor-id=\"a2700.custom-template.0.i207.5b423333IFnvem\">Dur\u00e9e de l'\u00e9chantillon :<\/b><\/span><\/div>\n<\/td>\n<td colspan=\"1\" rowspan=\"1\">\n<div class=\"magic-15\">4-7 jours<\/div>\n<\/td>\n<\/tr>\n<tr>\n<td colspan=\"1\" rowspan=\"1\">\n<div class=\"magic-8\">\n<div class=\"magic-9\" data-spm-anchor-id=\"a2700.custom-template.0.i57.5b423333IFnvem\"><b><span class=\"magic-10\">Taille M :<\/span><\/b><\/div>\n<\/div>\n<\/td>\n<td colspan=\"1\" rowspan=\"1\">\n<div class=\"magic-11\"><b>350*250 mm\u00a0<\/b><\/div>\n<\/td>\n<td colspan=\"1\" rowspan=\"1\">\n<div class=\"magic-12\"><span class=\"magic-10\"><b data-spm-anchor-id=\"a2700.custom-template.0.i212.5b423333IFnvem\">D\u00e9lai de livraison :<\/b><\/span><\/div>\n<\/td>\n<td colspan=\"1\" rowspan=\"1\">\n<div class=\"magic-15\">7-28 jours \uff08normal\uff09<\/div>\n<\/td>\n<\/tr>\n<tr>\n<td colspan=\"1\" rowspan=\"1\">\n<div class=\"magic-8\">\n<div class=\"magic-9\" data-spm-anchor-id=\"a2700.custom-template.0.i58.5b423333IFnvem\"><b><span class=\"magic-10\">Taille L :<\/span><\/b><\/div>\n<\/div>\n<\/td>\n<td colspan=\"1\" rowspan=\"1\">\n<div class=\"magic-11\"><b>800*300 mm<\/b><\/div>\n<\/td>\n<td colspan=\"1\" rowspan=\"1\">\n<div class=\"magic-12\"><b>Lieu d'origine\uff1a<\/b><\/div>\n<\/td>\n<td colspan=\"1\" rowspan=\"1\">\n<div class=\"magic-15\">Dongguan, Chine<\/div>\n<\/td>\n<\/tr>\n<tr>\n<td colspan=\"1\" rowspan=\"1\">\n<div class=\"magic-8\"><b><span class=\"magic-10\">Taille XL :<\/span><\/b><\/div>\n<\/td>\n<td colspan=\"1\" rowspan=\"1\">\n<div class=\"magic-11\"><b data-spm-anchor-id=\"a2700.custom-template.0.i29.1bba3333LwM3EE\">900*400 mm<\/b><\/div>\n<\/td>\n<td colspan=\"1\" rowspan=\"1\">\n<div class=\"magic-12\"><span class=\"magic-10\"><span class=\"magic-17\" data-spm-anchor-id=\"a2700.custom-template.0.i152.5b423333IFnvem\"><b data-spm-anchor-id=\"a2700.custom-template.0.i202.5b423333IFnvem\">Certificat :<\/b><\/span><\/span><\/div>\n<\/td>\n<td colspan=\"1\" rowspan=\"1\">\n<div class=\"magic-15\">Sedex\/Reach\/RoHS\/EN-71\/CE\/PAHs\/FAMA<\/div>\n<\/td>\n<\/tr>\n<tr>\n<td colspan=\"1\" rowspan=\"1\">\n<div class=\"magic-8\"><b><span class=\"magic-10\">La minceur :<\/span><\/b><\/div>\n<\/td>\n<td colspan=\"1\" rowspan=\"1\">\n<div class=\"magic-11\"><b>3mm\/4mm\/5mm\/6mm<\/b><\/div>\n<\/td>\n<td colspan=\"1\" rowspan=\"1\">\n<div class=\"magic-12\"><b class=\"magic-18\" data-spm-anchor-id=\"a2700.custom-template.0.i202.5b423333IFnvem\">Dur\u00e9e du prix\uff1a<\/b><\/div>\n<\/td>\n<td colspan=\"1\" rowspan=\"1\">\n<div class=\"magic-15\">EXW\/FOB\/CIF\/Fedex\/DHL\/TNT\/UPS<\/div>\n<\/td>\n<\/tr>\n<tr>\n<td colspan=\"1\" rowspan=\"1\">\n<div class=\"magic-8\"><b><span class=\"magic-10\">Marque :<\/span><\/b><\/div>\n<\/td>\n<td colspan=\"1\" rowspan=\"1\">\n<div class=\"magic-11\"><b>Ailes de tigre ou OEM\/ODM<\/b><\/div>\n<\/td>\n<td colspan=\"1\" rowspan=\"1\">\n<div class=\"magic-12\"><b class=\"magic-19\" data-spm-anchor-id=\"a2700.custom-template.0.i202.5b423333IFnvem\">D\u00e9lai de paiement\uff1a<\/b><\/div>\n<\/td>\n<td colspan=\"1\" rowspan=\"1\">\n<div class=\"magic-15\">T\/T, Paypal, Western Union, L\/C<\/div>\n<\/td>\n<\/tr>\n<tr>\n<td colspan=\"1\" rowspan=\"1\">\n<div class=\"magic-8\"><b><span class=\"magic-10\">Sur mesure :<\/span><\/b><\/div>\n<\/td>\n<td colspan=\"3\" rowspan=\"1\">\n<div class=\"magic-20\" data-spm-anchor-id=\"a2700.details.0.i81.454d7d05QsR4UP\">Nous sommes le\u00a0<b data-spm-anchor-id=\"a2700.custom-template.0.i291.5b423333IFnvem\">Usine source<\/b>, acceptant\u00a0<b data-spm-anchor-id=\"a2700.custom-template.0.i290.5b423333IFnvem\">Sur mesure\u00a0<\/b><span data-spm-anchor-id=\"a2700.custom-template.0.i290.5b423333IFnvem\"><b>MAT\u00c9RIAU, TAILLE, IMPRESSION, LOGO, BORDURE, EMBALLAGE<\/b><\/span>, etc.<\/div>\n<\/td>\n<\/tr>\n<\/tbody>\n<\/table>\n<p>Nouveau mod\u00e8le priv\u00e9 Amazon Bestselling Patent Product<\/p>\n<p>Nom du produit : Tapis de souris \u00e9clair\u00e9 RVB<\/p>\n<p>Poids du produit :<\/p>\n<ul>\n<li>900<em>400<\/em>4mm (Poids 900-950g)<\/li>\n<li>800<em>300<\/em>4mm (Poids 630-660g)<\/li>\n<li>300<em>250<\/em>4mm (Poids 300-350g)<\/li>\n<\/ul>\n<p>Taille du carton : 48*<em>48*<\/em>35cm, 25 pi\u00e8ces, 17KG<\/p>\n<p>7 couleurs unies, 14 modes : Bleu, rouge, vert, blanc, violet, cyan, jaune Mode respiratoire, mode cheval de course<\/p>\n<p>Fonction m\u00e9moire : Fonction de m\u00e9moire de mise hors tension<\/p>\n<p>Interface du produit : Interface Type-C<\/p>\n<p>Alimentation \u00e9lectrique : 5V<\/p>\n<p>Emballage : Bo\u00eete de couleur anglaise<\/p>\n<p>Personnalisable : Logo, emballage en bo\u00eete de papier, dimensions<\/p>\n<p style=\"margin: 0px; padding: 0px; border: 0px; vertical-align: baseline;\"><span style=\"margin: 0px; padding: 0px; border: 0px; font-style: inherit; font-weight: inherit; font-size: 20px; line-height: 30px; vertical-align: baseline;\"><strong>Le paquet comprend :<\/strong><\/span><span style=\"margin: 0px; padding: 0px; border: 0px; font-style: inherit; font-weight: inherit; font-size: 16px; line-height: 24px; vertical-align: baseline;\"> 1* Tapis de souris RGB, 1* C\u00e2ble Type-C<\/span><\/p>\n<p style=\"margin: 0px; padding: 0px; border: 0px; vertical-align: baseline;\"><span style=\"margin: 0px; padding: 0px; border: 0px; font-style: inherit; font-weight: inherit; font-size: inherit; line-height: 18px; vertical-align: baseline; color: #ff0000;\"><span style=\"margin: 0px; padding: 0px; border: 0px; font-style: inherit; font-weight: inherit; font-size: 16px; line-height: 24px; vertical-align: baseline;\">note :<\/span><\/span><\/p>\n<p style=\"margin: 0px; padding: 0px; border: 0px; vertical-align: baseline;\"><span style=\"margin: 0px; padding: 0px; border: 0px; font-style: inherit; font-weight: inherit; font-size: 16px; line-height: 24px; vertical-align: baseline; color: #ff0000;\">appuyer une fois pour mettre en marche\/changer de couleur<\/span><\/p>\n<p style=\"margin: 0px; padding: 0px; border: 0px; vertical-align: baseline;\"><span style=\"margin: 0px; padding: 0px; border: 0px; font-style: inherit; font-weight: inherit; font-size: inherit; line-height: 18px; vertical-align: baseline; color: #ff0000;\"><span style=\"margin: 0px; padding: 0px; border: 0px; font-style: inherit; font-weight: inherit; font-size: 16px; line-height: 24px; vertical-align: baseline;\">appuyer deux fois rapidement pour r\u00e9gler la luminosit\u00e9<\/span><\/span><\/p>\n<div style=\"margin: 0px; padding: 0px; border: 0px; vertical-align: baseline;\"><span style=\"margin: 0px; padding: 0px; border: 0px; font-style: inherit; font-weight: inherit; font-size: inherit; line-height: 18px; vertical-align: baseline; color: #ff0000;\"><span style=\"margin: 0px; padding: 0px; border: 0px; font-style: inherit; font-weight: inherit; font-size: 16px; line-height: 24px; vertical-align: baseline;\">appuyer longuement pendant 3 secondes pour \u00e9teindre l'appareil<\/span><\/span><\/div>\n<\/div>\n<\/div>\n<div>\n<h1>Manuel d'utilisation du tapis de souris RVB<\/h1>\n<h2 class=\"wp-block-heading\">1. fonctions des touches de commutation :<\/h2>\n<ol>\n<li>Un simple clic permet de basculer d'un mode \u00e0 l'autre parmi 14 mod\u00e8les d'\u00e9clairage.<\/li>\n<li>Double-cliquez pour alterner entre les niveaux de luminosit\u00e9 \u00e9lev\u00e9 et faible.<\/li>\n<li>Appuyez sur la touche et maintenez-la enfonc\u00e9e pendant 3 secondes pour \u00e9teindre la lumi\u00e8re ; appuyez de nouveau l\u00e9g\u00e8rement pour l'allumer.<\/li>\n<li>Les mod\u00e8les d'\u00e9clairage et les niveaux de luminosit\u00e9 sont tous deux dot\u00e9s d'une fonction de m\u00e9morisation. Que l'alimentation soit coup\u00e9e par une pression longue ou \u00e0 la suite d'une panne de courant, l'\u00e9tat pr\u00e9c\u00e9dent est m\u00e9moris\u00e9.<\/li>\n<\/ol>\n<figure class=\"wp-block-image size-full\"><img fetchpriority=\"high\" decoding=\"async\" class=\"wp-image-1091\" src=\"https:\/\/rgbmousepad.com\/wp-content\/uploads\/2023\/10\/mousepad-swich.jpg\" sizes=\"(max-width: 790px) 100vw, 790px\" srcset=\"https:\/\/rgbmousepad.com\/wp-content\/uploads\/2023\/10\/mousepad-swich.jpg 790w, https:\/\/rgbmousepad.com\/wp-content\/uploads\/2023\/10\/mousepad-swich-300x297.jpg 300w, https:\/\/rgbmousepad.com\/wp-content\/uploads\/2023\/10\/mousepad-swich-150x150.jpg 150w, https:\/\/rgbmousepad.com\/wp-content\/uploads\/2023\/10\/mousepad-swich-768x761.jpg 768w, https:\/\/rgbmousepad.com\/wp-content\/uploads\/2023\/10\/mousepad-swich-600x595.jpg 600w, https:\/\/rgbmousepad.com\/wp-content\/uploads\/2023\/10\/mousepad-swich-100x100.jpg 100w\" alt=\"\" width=\"790\" height=\"783\" \/><\/figure>\n<h2 class=\"wp-block-heading\">2.Mod\u00e8les d'\u00e9clairage<\/h2>\n<ol>\n<li>Rouge<\/li>\n<li>Bleu<\/li>\n<li>Vert<\/li>\n<li>Pourpre<\/li>\n<li>Cyan<\/li>\n<li>Jaune<\/li>\n<li>Blanc<\/li>\n<li>Gradient asynchrone<\/li>\n<li>Gradient synchrone<\/li>\n<li>Clignotant<\/li>\n<li>D\u00e9grad\u00e9 scintillant<\/li>\n<li>Arr\u00eat<\/li>\n<li>Respiration synchrone<\/li>\n<li>Respiration asynchrone<\/li>\n<\/ol>\n<figure class=\"wp-block-image size-full\"><img decoding=\"async\" class=\"wp-image-1095\" src=\"https:\/\/rgbmousepad.com\/wp-content\/uploads\/2023\/10\/O1CN01ueTMBo2DQgPHnwLK9_2210221638604-0-cib.gif\" alt=\"\" width=\"790\" height=\"790\" \/><\/figure>\n<h2 class=\"wp-block-heading\">3.Note sp\u00e9ciale<\/h2>\n<ol>\n<li>Lorsque l'utilisateur allume le tapis de souris, celui-ci subit un autocontr\u00f4le en affichant des couleurs rouge, bleue et verte. Si ces couleurs s'affichent, cela signifie que l'\u00e9clairage fonctionne correctement.<\/li>\n<li>Le tapis de souris est dot\u00e9 d'une interface USB pr\u00eate \u00e0 l'emploi et ne n\u00e9cessite aucune installation logicielle.<\/li>\n<\/ol>\n<h2 class=\"wp-block-heading\">4. SP\u00c9CIFICATIONS TECHNIQUES<\/h2>\n<ol>\n<li>Boutons de s\u00e9lection du mode Spectre RVB<\/li>\n<li>Optimis\u00e9 pour tous les r\u00e9glages de sensibilit\u00e9<\/li>\n<li>Base en caoutchouc antid\u00e9rapante<\/li>\n<li>Bord d'\u00e9clairage RVB<\/li>\n<li>Surface en tissu respirant<\/li>\n<\/ol>\n<figure class=\"wp-block-image size-large\"><a href=\"https:\/\/rgbmousepad.com\/product\/rgb-mousepads\/\"><img decoding=\"async\" class=\"wp-image-1093\" src=\"https:\/\/rgbmousepad.com\/wp-content\/uploads\/2023\/10\/7-1-1024x1024.jpg\" sizes=\"(max-width: 1024px) 100vw, 1024px\" srcset=\"https:\/\/rgbmousepad.com\/wp-content\/uploads\/2023\/10\/7-1-1024x1024.jpg 1024w, https:\/\/rgbmousepad.com\/wp-content\/uploads\/2023\/10\/7-1-300x300.jpg 300w, https:\/\/rgbmousepad.com\/wp-content\/uploads\/2023\/10\/7-1-150x150.jpg 150w, https:\/\/rgbmousepad.com\/wp-content\/uploads\/2023\/10\/7-1-768x768.jpg 768w, https:\/\/rgbmousepad.com\/wp-content\/uploads\/2023\/10\/7-1-600x600.jpg 600w, https:\/\/rgbmousepad.com\/wp-content\/uploads\/2023\/10\/7-1-100x100.jpg 100w, https:\/\/rgbmousepad.com\/wp-content\/uploads\/2023\/10\/7-1.jpg 1500w\" alt=\"\" width=\"1024\" height=\"1024\" \/><\/a><\/figure>\n<h2 class=\"wp-block-heading\">5.<strong>COMMENT SE CONNECTER<\/strong><\/h2>\n<p>Branchez le c\u00e2ble Micro USB d\u00e9tachable sur le tapis de souris pour le mettre en marche.<\/p>\n<h2 class=\"wp-block-heading\">6.<strong>R\u00c9GLAGES DE L'\u00c9CLAIRAGE RGB<\/strong><\/h2>\n<ul>\n<li><strong>INTERRUPTEUR<\/strong><\/li>\n<\/ul>\n<p>Appuyez sur le bouton SWITCH pour s\u00e9lectionner 14 des \u00e9clairages \u00e0 spectre RVB.<\/p>\n<p>Double-cliquez sur SWITCH pour modifier la luminosit\u00e9 de la lumi\u00e8re RVB, deux r\u00e9glages de luminosit\u00e9 sont possibles<\/p>\n<p>Le produit peut m\u00e9moriser la luminosit\u00e9 et le mode de RVB.<\/p>\n<ul>\n<li><strong>ON\/OFF<\/strong><\/li>\n<\/ul>\n<p>appuyez sur le bouton pendant 3 secondes pour activer ou d\u00e9sactiver l'\u00e9clairage RVB.<\/p>\n<h2 class=\"wp-block-heading\">7.SURFACE POUR LES JEUX<\/h2>\n<p>La surface en tissu de la souris offre une pr\u00e9cision extr\u00eame et une vitesse sans effort. La surface pr\u00e9cise et homog\u00e8ne garantit que chaque mouvement de la souris se traduit par un mouvement du curseur, ce qui vous permet de b\u00e9n\u00e9ficier d'une pr\u00e9cision ultime lors des duels de jeu les plus intenses.<\/p>\n<h2 class=\"wp-block-heading\">8.<strong>Avertissement<\/strong><\/h2>\n<p>* Ne pas essayer de r\u00e9parer ou de modifier le tapis de souris.<\/p>\n<p>* Nettoyer la souris \u00e0 l'aide d'un chiffon sec ; ne pas utiliser d'alcool ou de d\u00e9tergent.<\/p>\n<p>* Tenir \u00e0 l'\u00e9cart Lire,<\/p>\n<h2 class=\"wp-block-heading\">9.<strong>Conditions de fonctionnement<\/strong><\/h2>\n<p>1, Temp\u00e9rature de fonctionnement : -25\u2103\uff5e65\u2103'+10\u2103<\/p>\n<p>2, Temp\u00e9rature de stockage\uff1a-40\u2103\uff5e70\u2103'+10\u2103<\/p>\n<p>3. Humidit\u00e9 de fonctionnement : 10 - 90% rh<\/p>\n<p>4. Humidit\u00e9 de stockage : -5 - 95% rh<\/p>\n<\/div>\n<\/div>\n<div style=\"color: #000000; font-family: Arial; font-size: 12px; font-style: normal; font-weight: 400;\">\n<p style=\"margin: 0px; padding: 0px;\">\n<\/div>\n<\/div>\n<\/div>","protected":false},"excerpt":{"rendered":"<p>14 Effets de lumi\u00e8re Tapis de souris lumineux Gaming XXL RGB Factory<\/p>","protected":false},"featured_media":951,"comment_status":"open","ping_status":"closed","template":"","meta":{"_monsterinsights_skip_tracking":false,"_monsterinsights_sitenote_active":false,"_monsterinsights_sitenote_note":"","_monsterinsights_sitenote_category":0},"product_cat":[563,100],"product_tag":[103,92],"yoast_head":"<!-- This site is optimized with the Yoast SEO Premium plugin v22.9 (Yoast SEO v24.0) - https:\/\/yoast.com\/wordpress\/plugins\/seo\/ -->\n<title>Bulk Luminous Gaming RGB Mouse Pads - darshion<\/title>\n<meta name=\"description\" content=\"RGB mouse pad parameters and user manual, Professional mouse pad factory wholesale and bulk.\" \/>\n<meta name=\"robots\" content=\"index, follow, max-snippet:-1, max-image-preview:large, max-video-preview:-1\" \/>\n<link rel=\"canonical\" href=\"https:\/\/darshion.com\/fr\/produit\/rgb-mousepads\/\" \/>\n<meta property=\"og:locale\" content=\"fr_FR\" \/>\n<meta property=\"og:type\" content=\"article\" \/>\n<meta property=\"og:title\" content=\"Bulk Luminous Gaming RGB Mouse Pads\" \/>\n<meta property=\"og:description\" content=\"RGB mouse pad parameters and user manual, Professional mouse pad factory wholesale and bulk.\" \/>\n<meta property=\"og:url\" content=\"https:\/\/darshion.com\/fr\/produit\/rgb-mousepads\/\" \/>\n<meta property=\"og:site_name\" content=\"darshion\" \/>\n<meta property=\"article:modified_time\" content=\"2024-07-19T04:15:39+00:00\" \/>\n<meta property=\"og:image\" content=\"https:\/\/darshion.com\/wp-content\/uploads\/2023\/09\/4.jpg\" \/>\n\t<meta property=\"og:image:width\" content=\"1500\" \/>\n\t<meta property=\"og:image:height\" content=\"1500\" \/>\n\t<meta property=\"og:image:type\" content=\"image\/jpeg\" \/>\n<meta name=\"twitter:card\" content=\"summary_large_image\" \/>\n<meta name=\"twitter:label1\" content=\"Dur\u00e9e de lecture estim\u00e9e\" \/>\n\t<meta name=\"twitter:data1\" content=\"4 minutes\" \/>\n<script type=\"application\/ld+json\" class=\"yoast-schema-graph\">{\"@context\":\"https:\/\/schema.org\",\"@graph\":[{\"@type\":\"WebPage\",\"@id\":\"https:\/\/darshion.com\/product\/rgb-mousepads\/\",\"url\":\"https:\/\/darshion.com\/product\/rgb-mousepads\/\",\"name\":\"Bulk Luminous Gaming RGB Mouse Pads - darshion\",\"isPartOf\":{\"@id\":\"https:\/\/darshion.com\/#website\"},\"primaryImageOfPage\":{\"@id\":\"https:\/\/darshion.com\/product\/rgb-mousepads\/#primaryimage\"},\"image\":{\"@id\":\"https:\/\/darshion.com\/product\/rgb-mousepads\/#primaryimage\"},\"thumbnailUrl\":\"https:\/\/darshion.com\/wp-content\/uploads\/2023\/09\/4.jpg\",\"datePublished\":\"2023-09-14T08:01:15+00:00\",\"dateModified\":\"2024-07-19T04:15:39+00:00\",\"description\":\"RGB mouse pad parameters and user manual, Professional mouse pad factory wholesale and bulk.\",\"breadcrumb\":{\"@id\":\"https:\/\/darshion.com\/product\/rgb-mousepads\/#breadcrumb\"},\"inLanguage\":\"fr-FR\",\"potentialAction\":[{\"@type\":\"ReadAction\",\"target\":[\"https:\/\/darshion.com\/product\/rgb-mousepads\/\"]}]},{\"@type\":\"ImageObject\",\"inLanguage\":\"fr-FR\",\"@id\":\"https:\/\/darshion.com\/product\/rgb-mousepads\/#primaryimage\",\"url\":\"https:\/\/darshion.com\/wp-content\/uploads\/2023\/09\/4.jpg\",\"contentUrl\":\"https:\/\/darshion.com\/wp-content\/uploads\/2023\/09\/4.jpg\",\"width\":1500,\"height\":1500},{\"@type\":\"BreadcrumbList\",\"@id\":\"https:\/\/darshion.com\/product\/rgb-mousepads\/#breadcrumb\",\"itemListElement\":[{\"@type\":\"ListItem\",\"position\":1,\"name\":\"\u9996\u9875\",\"item\":\"https:\/\/darshion.com\/\"},{\"@type\":\"ListItem\",\"position\":2,\"name\":\"PRODUCT\",\"item\":\"https:\/\/darshion.com\/pt\/product\/\"},{\"@type\":\"ListItem\",\"position\":3,\"name\":\"Bulk Luminous Gaming RGB Mouse Pads\"}]},{\"@type\":\"WebSite\",\"@id\":\"https:\/\/darshion.com\/#website\",\"url\":\"https:\/\/darshion.com\/\",\"name\":\"darshion\",\"description\":\"14 Years of Experience, Quality Assurance, Innovative Design\",\"publisher\":{\"@id\":\"https:\/\/darshion.com\/#organization\"},\"potentialAction\":[{\"@type\":\"SearchAction\",\"target\":{\"@type\":\"EntryPoint\",\"urlTemplate\":\"https:\/\/darshion.com\/?s={search_term_string}\"},\"query-input\":{\"@type\":\"PropertyValueSpecification\",\"valueRequired\":true,\"valueName\":\"search_term_string\"}}],\"inLanguage\":\"fr-FR\"},{\"@type\":\"Organization\",\"@id\":\"https:\/\/darshion.com\/#organization\",\"name\":\"darshion\",\"url\":\"https:\/\/darshion.com\/\",\"logo\":{\"@type\":\"ImageObject\",\"inLanguage\":\"fr-FR\",\"@id\":\"https:\/\/darshion.com\/#\/schema\/logo\/image\/\",\"url\":\"https:\/\/darshion.com\/wp-content\/uploads\/2023\/09\/01-1.png\",\"contentUrl\":\"https:\/\/darshion.com\/wp-content\/uploads\/2023\/09\/01-1.png\",\"width\":350,\"height\":100,\"caption\":\"darshion\"},\"image\":{\"@id\":\"https:\/\/darshion.com\/#\/schema\/logo\/image\/\"}}]}<\/script>\n<!-- \/ Yoast SEO Premium plugin. -->","yoast_head_json":{"title":"Tapis de souris de jeu RGB lumineux en vrac - darshion","description":"Param\u00e8tres et manuel d'utilisation du tapis de souris RVB, Tapis de souris professionnel en gros et en vrac.","robots":{"index":"index","follow":"follow","max-snippet":"max-snippet:-1","max-image-preview":"max-image-preview:large","max-video-preview":"max-video-preview:-1"},"canonical":"https:\/\/darshion.com\/fr\/produit\/rgb-mousepads\/","og_locale":"fr_FR","og_type":"article","og_title":"Bulk Luminous Gaming RGB Mouse Pads","og_description":"RGB mouse pad parameters and user manual, Professional mouse pad factory wholesale and bulk.","og_url":"https:\/\/darshion.com\/fr\/produit\/rgb-mousepads\/","og_site_name":"darshion","article_modified_time":"2024-07-19T04:15:39+00:00","og_image":[{"width":1500,"height":1500,"url":"https:\/\/darshion.com\/wp-content\/uploads\/2023\/09\/4.jpg","type":"image\/jpeg"}],"twitter_card":"summary_large_image","twitter_misc":{"Dur\u00e9e de lecture estim\u00e9e":"4 minutes"},"schema":{"@context":"https:\/\/schema.org","@graph":[{"@type":"WebPage","@id":"https:\/\/darshion.com\/product\/rgb-mousepads\/","url":"https:\/\/darshion.com\/product\/rgb-mousepads\/","name":"Tapis de souris de jeu RGB lumineux en vrac - darshion","isPartOf":{"@id":"https:\/\/darshion.com\/#website"},"primaryImageOfPage":{"@id":"https:\/\/darshion.com\/product\/rgb-mousepads\/#primaryimage"},"image":{"@id":"https:\/\/darshion.com\/product\/rgb-mousepads\/#primaryimage"},"thumbnailUrl":"https:\/\/darshion.com\/wp-content\/uploads\/2023\/09\/4.jpg","datePublished":"2023-09-14T08:01:15+00:00","dateModified":"2024-07-19T04:15:39+00:00","description":"Param\u00e8tres et manuel d'utilisation du tapis de souris RVB, Tapis de souris professionnel en gros et en vrac.","breadcrumb":{"@id":"https:\/\/darshion.com\/product\/rgb-mousepads\/#breadcrumb"},"inLanguage":"fr-FR","potentialAction":[{"@type":"ReadAction","target":["https:\/\/darshion.com\/product\/rgb-mousepads\/"]}]},{"@type":"ImageObject","inLanguage":"fr-FR","@id":"https:\/\/darshion.com\/product\/rgb-mousepads\/#primaryimage","url":"https:\/\/darshion.com\/wp-content\/uploads\/2023\/09\/4.jpg","contentUrl":"https:\/\/darshion.com\/wp-content\/uploads\/2023\/09\/4.jpg","width":1500,"height":1500},{"@type":"BreadcrumbList","@id":"https:\/\/darshion.com\/product\/rgb-mousepads\/#breadcrumb","itemListElement":[{"@type":"ListItem","position":1,"name":"\u9996\u9875","item":"https:\/\/darshion.com\/"},{"@type":"ListItem","position":2,"name":"PRODUCT","item":"https:\/\/darshion.com\/pt\/product\/"},{"@type":"ListItem","position":3,"name":"Bulk Luminous Gaming RGB Mouse Pads"}]},{"@type":"WebSite","@id":"https:\/\/darshion.com\/#website","url":"https:\/\/darshion.com\/","name":"darshion","description":"14 ans d'exp\u00e9rience, assurance qualit\u00e9, conception innovante","publisher":{"@id":"https:\/\/darshion.com\/#organization"},"potentialAction":[{"@type":"SearchAction","target":{"@type":"EntryPoint","urlTemplate":"https:\/\/darshion.com\/?s={search_term_string}"},"query-input":{"@type":"PropertyValueSpecification","valueRequired":true,"valueName":"search_term_string"}}],"inLanguage":"fr-FR"},{"@type":"Organization","@id":"https:\/\/darshion.com\/#organization","name":"darshion","url":"https:\/\/darshion.com\/","logo":{"@type":"ImageObject","inLanguage":"fr-FR","@id":"https:\/\/darshion.com\/#\/schema\/logo\/image\/","url":"https:\/\/darshion.com\/wp-content\/uploads\/2023\/09\/01-1.png","contentUrl":"https:\/\/darshion.com\/wp-content\/uploads\/2023\/09\/01-1.png","width":350,"height":100,"caption":"darshion"},"image":{"@id":"https:\/\/darshion.com\/#\/schema\/logo\/image\/"}}]}},"_links":{"self":[{"href":"https:\/\/darshion.com\/fr\/wp-json\/wp\/v2\/product\/149"}],"collection":[{"href":"https:\/\/darshion.com\/fr\/wp-json\/wp\/v2\/product"}],"about":[{"href":"https:\/\/darshion.com\/fr\/wp-json\/wp\/v2\/types\/product"}],"replies":[{"embeddable":true,"href":"https:\/\/darshion.com\/fr\/wp-json\/wp\/v2\/comments?post=149"}],"wp:featuredmedia":[{"embeddable":true,"href":"https:\/\/darshion.com\/fr\/wp-json\/wp\/v2\/media\/951"}],"wp:attachment":[{"href":"https:\/\/darshion.com\/fr\/wp-json\/wp\/v2\/media?parent=149"}],"wp:term":[{"taxonomy":"product_cat","embeddable":true,"href":"https:\/\/darshion.com\/fr\/wp-json\/wp\/v2\/product_cat?post=149"},{"taxonomy":"product_tag","embeddable":true,"href":"https:\/\/darshion.com\/fr\/wp-json\/wp\/v2\/product_tag?post=149"}],"curies":[{"name":"wp","href":"https:\/\/api.w.org\/{rel}","templated":true}]}}