{"id":1842,"date":"2024-03-19T16:53:33","date_gmt":"2024-03-19T08:53:33","guid":{"rendered":"https:\/\/darshion.com\/?post_type=product&#038;p=1842"},"modified":"2024-06-28T09:32:23","modified_gmt":"2024-06-28T01:32:23","slug":"roundmousepad","status":"publish","type":"product","link":"https:\/\/darshion.com\/fr\/produit\/roundmousepad\/","title":{"rendered":"Tapis de souris rond et mignon personnalis\u00e9 Fabricant"},"content":{"rendered":"<p>1. tapis de souris personnalis\u00e9 : Ce tapis de souris mesure 7.9 x 7.9 x 0.1 pouces (200mm x 200mm x 3mm), petit mais parfait pour le travail et les jeux. Sa forme g\u00e9om\u00e9trique \u00e9l\u00e9gante et son illustration exquise ajoutent de la personnalit\u00e9 \u00e0 votre bureau, id\u00e9al pour tous les styles de bureaux, bureaux, maisons, ordinateurs, claviers et souris.<\/p>\n<p>2. surface lisse et base en caoutchouc antid\u00e9rapante : Fabriqu\u00e9e \u00e0 partir d'un tissu polyester durable et r\u00e9sistant \u00e0 la chaleur, la surface lisse permet des mouvements de souris plus pr\u00e9cis et plus rapides. La base antid\u00e9rapante en caoutchouc dense adh\u00e8re fermement au bureau, assurant un fonctionnement stable de la souris et emp\u00eachant tout glissement.<\/p>\n<p>3. mat\u00e9riau durable et confortable : Fabriqu\u00e9 en caoutchouc naturel \u00e0 haute \u00e9lasticit\u00e9, ce tapis de souris souple offre un confort d'utilisation optimal. La version actualis\u00e9e est dot\u00e9e de bords cousus durables, garantissant l'absence de risque d'usure, de d\u00e9formation ou de d\u00e9tachement.<\/p>\n<p>4. entretien facile : L'image imprim\u00e9e est recouverte d'un \u00e9mail cristallin, offrant un superbe effet de verrouillage des couleurs qui ne s'estompera pas apr\u00e8s plusieurs nettoyages. Le rev\u00eatement r\u00e9sistant \u00e0 l'eau pr\u00e9vient efficacement les dommages accidentels caus\u00e9s par les liquides renvers\u00e9s et est facile \u00e0 nettoyer, ce qui permet de ne pas perturber votre travail ou vos jeux.<\/p>\n<p>5) Accessoires de bureau et d\u00e9coration de bureau parfaits : Mini tapis de souris avec un design artistique, qui \u00e9tablit un \u00e9quilibre parfait entre l'esth\u00e9tique et l'utilit\u00e9. Il est id\u00e9al pour le bureau, la maison, l'\u00e9cole et les voyages.<\/p>\n<p>6. toutes les tailles et tous les motifs peuvent \u00eatre personnalis\u00e9s, veuillez envoyer une demande et nous vous enverrons un \u00e9chantillon gratuit.<\/p>","protected":false},"excerpt":{"rendered":"<p>Tapis de souris personnalis\u00e9 avec surface lisse, base en caoutchouc antid\u00e9rapante, mat\u00e9riau durable et confortable, facile \u00e0 nettoyer, parfait pour la d\u00e9coration du bureau.<\/p>","protected":false},"featured_media":1845,"comment_status":"open","ping_status":"closed","template":"","meta":{"_monsterinsights_skip_tracking":false,"_monsterinsights_sitenote_active":false,"_monsterinsights_sitenote_note":"","_monsterinsights_sitenote_category":0},"product_cat":[100],"product_tag":[107,113,134,103],"yoast_head":"<!-- This site is optimized with the Yoast SEO Premium plugin v22.9 (Yoast SEO v24.0) - https:\/\/yoast.com\/wordpress\/plugins\/seo\/ -->\n<title>Round Cute Personalized Mouse Pad Manufacturer - darshion<\/title>\n<meta name=\"robots\" content=\"index, follow, max-snippet:-1, max-image-preview:large, max-video-preview:-1\" \/>\n<link rel=\"canonical\" href=\"https:\/\/darshion.com\/fr\/produit\/roundmousepad\/\" \/>\n<meta property=\"og:locale\" content=\"fr_FR\" \/>\n<meta property=\"og:type\" content=\"article\" \/>\n<meta property=\"og:title\" content=\"Round Cute Personalized Mouse Pad Manufacturer\" \/>\n<meta property=\"og:description\" content=\"Personalized mouse pad with smooth surface, non-slip rubber base, durable and comfortable material, easy to clean, perfect for office desk decor.\" \/>\n<meta property=\"og:url\" content=\"https:\/\/darshion.com\/fr\/produit\/roundmousepad\/\" \/>\n<meta property=\"og:site_name\" content=\"darshion\" \/>\n<meta property=\"article:modified_time\" content=\"2024-06-28T01:32:23+00:00\" \/>\n<meta property=\"og:image\" content=\"https:\/\/darshion.com\/wp-content\/uploads\/2024\/03\/111.jpg\" \/>\n\t<meta property=\"og:image:width\" content=\"1000\" \/>\n\t<meta property=\"og:image:height\" content=\"999\" \/>\n\t<meta property=\"og:image:type\" content=\"image\/jpeg\" \/>\n<meta name=\"twitter:card\" content=\"summary_large_image\" \/>\n<meta name=\"twitter:label1\" content=\"Dur\u00e9e de lecture estim\u00e9e\" \/>\n\t<meta name=\"twitter:data1\" content=\"1 minute\" \/>\n<script type=\"application\/ld+json\" class=\"yoast-schema-graph\">{\"@context\":\"https:\/\/schema.org\",\"@graph\":[{\"@type\":\"WebPage\",\"@id\":\"https:\/\/darshion.com\/product\/roundmousepad\/\",\"url\":\"https:\/\/darshion.com\/product\/roundmousepad\/\",\"name\":\"Round Cute Personalized Mouse Pad Manufacturer - darshion\",\"isPartOf\":{\"@id\":\"https:\/\/darshion.com\/#website\"},\"primaryImageOfPage\":{\"@id\":\"https:\/\/darshion.com\/product\/roundmousepad\/#primaryimage\"},\"image\":{\"@id\":\"https:\/\/darshion.com\/product\/roundmousepad\/#primaryimage\"},\"thumbnailUrl\":\"https:\/\/darshion.com\/wp-content\/uploads\/2024\/03\/111.jpg\",\"datePublished\":\"2024-03-19T08:53:33+00:00\",\"dateModified\":\"2024-06-28T01:32:23+00:00\",\"breadcrumb\":{\"@id\":\"https:\/\/darshion.com\/product\/roundmousepad\/#breadcrumb\"},\"inLanguage\":\"fr-FR\",\"potentialAction\":[{\"@type\":\"ReadAction\",\"target\":[\"https:\/\/darshion.com\/product\/roundmousepad\/\"]}]},{\"@type\":\"ImageObject\",\"inLanguage\":\"fr-FR\",\"@id\":\"https:\/\/darshion.com\/product\/roundmousepad\/#primaryimage\",\"url\":\"https:\/\/darshion.com\/wp-content\/uploads\/2024\/03\/111.jpg\",\"contentUrl\":\"https:\/\/darshion.com\/wp-content\/uploads\/2024\/03\/111.jpg\",\"width\":1000,\"height\":999},{\"@type\":\"BreadcrumbList\",\"@id\":\"https:\/\/darshion.com\/product\/roundmousepad\/#breadcrumb\",\"itemListElement\":[{\"@type\":\"ListItem\",\"position\":1,\"name\":\"\u9996\u9875\",\"item\":\"https:\/\/darshion.com\/\"},{\"@type\":\"ListItem\",\"position\":2,\"name\":\"PRODUCT\",\"item\":\"https:\/\/darshion.com\/pt\/product\/\"},{\"@type\":\"ListItem\",\"position\":3,\"name\":\"Round Cute Personalized Mouse Pad Manufacturer\"}]},{\"@type\":\"WebSite\",\"@id\":\"https:\/\/darshion.com\/#website\",\"url\":\"https:\/\/darshion.com\/\",\"name\":\"darshion\",\"description\":\"14 Years of Experience, Quality Assurance, Innovative Design\",\"publisher\":{\"@id\":\"https:\/\/darshion.com\/#organization\"},\"potentialAction\":[{\"@type\":\"SearchAction\",\"target\":{\"@type\":\"EntryPoint\",\"urlTemplate\":\"https:\/\/darshion.com\/?s={search_term_string}\"},\"query-input\":{\"@type\":\"PropertyValueSpecification\",\"valueRequired\":true,\"valueName\":\"search_term_string\"}}],\"inLanguage\":\"fr-FR\"},{\"@type\":\"Organization\",\"@id\":\"https:\/\/darshion.com\/#organization\",\"name\":\"darshion\",\"url\":\"https:\/\/darshion.com\/\",\"logo\":{\"@type\":\"ImageObject\",\"inLanguage\":\"fr-FR\",\"@id\":\"https:\/\/darshion.com\/#\/schema\/logo\/image\/\",\"url\":\"https:\/\/darshion.com\/wp-content\/uploads\/2023\/09\/01-1.png\",\"contentUrl\":\"https:\/\/darshion.com\/wp-content\/uploads\/2023\/09\/01-1.png\",\"width\":350,\"height\":100,\"caption\":\"darshion\"},\"image\":{\"@id\":\"https:\/\/darshion.com\/#\/schema\/logo\/image\/\"}}]}<\/script>\n<!-- \/ Yoast SEO Premium plugin. -->","yoast_head_json":{"title":"Tapis de souris rond et mignon personnalis\u00e9 Fabricant - darshion","robots":{"index":"index","follow":"follow","max-snippet":"max-snippet:-1","max-image-preview":"max-image-preview:large","max-video-preview":"max-video-preview:-1"},"canonical":"https:\/\/darshion.com\/fr\/produit\/roundmousepad\/","og_locale":"fr_FR","og_type":"article","og_title":"Round Cute Personalized Mouse Pad Manufacturer","og_description":"Personalized mouse pad with smooth surface, non-slip rubber base, durable and comfortable material, easy to clean, perfect for office desk decor.","og_url":"https:\/\/darshion.com\/fr\/produit\/roundmousepad\/","og_site_name":"darshion","article_modified_time":"2024-06-28T01:32:23+00:00","og_image":[{"width":1000,"height":999,"url":"https:\/\/darshion.com\/wp-content\/uploads\/2024\/03\/111.jpg","type":"image\/jpeg"}],"twitter_card":"summary_large_image","twitter_misc":{"Dur\u00e9e de lecture estim\u00e9e":"1 minute"},"schema":{"@context":"https:\/\/schema.org","@graph":[{"@type":"WebPage","@id":"https:\/\/darshion.com\/product\/roundmousepad\/","url":"https:\/\/darshion.com\/product\/roundmousepad\/","name":"Tapis de souris rond et mignon personnalis\u00e9 Fabricant - darshion","isPartOf":{"@id":"https:\/\/darshion.com\/#website"},"primaryImageOfPage":{"@id":"https:\/\/darshion.com\/product\/roundmousepad\/#primaryimage"},"image":{"@id":"https:\/\/darshion.com\/product\/roundmousepad\/#primaryimage"},"thumbnailUrl":"https:\/\/darshion.com\/wp-content\/uploads\/2024\/03\/111.jpg","datePublished":"2024-03-19T08:53:33+00:00","dateModified":"2024-06-28T01:32:23+00:00","breadcrumb":{"@id":"https:\/\/darshion.com\/product\/roundmousepad\/#breadcrumb"},"inLanguage":"fr-FR","potentialAction":[{"@type":"ReadAction","target":["https:\/\/darshion.com\/product\/roundmousepad\/"]}]},{"@type":"ImageObject","inLanguage":"fr-FR","@id":"https:\/\/darshion.com\/product\/roundmousepad\/#primaryimage","url":"https:\/\/darshion.com\/wp-content\/uploads\/2024\/03\/111.jpg","contentUrl":"https:\/\/darshion.com\/wp-content\/uploads\/2024\/03\/111.jpg","width":1000,"height":999},{"@type":"BreadcrumbList","@id":"https:\/\/darshion.com\/product\/roundmousepad\/#breadcrumb","itemListElement":[{"@type":"ListItem","position":1,"name":"\u9996\u9875","item":"https:\/\/darshion.com\/"},{"@type":"ListItem","position":2,"name":"PRODUCT","item":"https:\/\/darshion.com\/pt\/product\/"},{"@type":"ListItem","position":3,"name":"Round Cute Personalized Mouse Pad Manufacturer"}]},{"@type":"WebSite","@id":"https:\/\/darshion.com\/#website","url":"https:\/\/darshion.com\/","name":"darshion","description":"14 ans d'exp\u00e9rience, assurance qualit\u00e9, conception innovante","publisher":{"@id":"https:\/\/darshion.com\/#organization"},"potentialAction":[{"@type":"SearchAction","target":{"@type":"EntryPoint","urlTemplate":"https:\/\/darshion.com\/?s={search_term_string}"},"query-input":{"@type":"PropertyValueSpecification","valueRequired":true,"valueName":"search_term_string"}}],"inLanguage":"fr-FR"},{"@type":"Organization","@id":"https:\/\/darshion.com\/#organization","name":"darshion","url":"https:\/\/darshion.com\/","logo":{"@type":"ImageObject","inLanguage":"fr-FR","@id":"https:\/\/darshion.com\/#\/schema\/logo\/image\/","url":"https:\/\/darshion.com\/wp-content\/uploads\/2023\/09\/01-1.png","contentUrl":"https:\/\/darshion.com\/wp-content\/uploads\/2023\/09\/01-1.png","width":350,"height":100,"caption":"darshion"},"image":{"@id":"https:\/\/darshion.com\/#\/schema\/logo\/image\/"}}]}},"_links":{"self":[{"href":"https:\/\/darshion.com\/fr\/wp-json\/wp\/v2\/product\/1842"}],"collection":[{"href":"https:\/\/darshion.com\/fr\/wp-json\/wp\/v2\/product"}],"about":[{"href":"https:\/\/darshion.com\/fr\/wp-json\/wp\/v2\/types\/product"}],"replies":[{"embeddable":true,"href":"https:\/\/darshion.com\/fr\/wp-json\/wp\/v2\/comments?post=1842"}],"wp:featuredmedia":[{"embeddable":true,"href":"https:\/\/darshion.com\/fr\/wp-json\/wp\/v2\/media\/1845"}],"wp:attachment":[{"href":"https:\/\/darshion.com\/fr\/wp-json\/wp\/v2\/media?parent=1842"}],"wp:term":[{"taxonomy":"product_cat","embeddable":true,"href":"https:\/\/darshion.com\/fr\/wp-json\/wp\/v2\/product_cat?post=1842"},{"taxonomy":"product_tag","embeddable":true,"href":"https:\/\/darshion.com\/fr\/wp-json\/wp\/v2\/product_tag?post=1842"}],"curies":[{"name":"wp","href":"https:\/\/api.w.org\/{rel}","templated":true}]}}