{"id":2185,"date":"2024-05-16T16:57:11","date_gmt":"2024-05-16T08:57:11","guid":{"rendered":"https:\/\/darshion.com\/?post_type=product&#038;p=2185"},"modified":"2024-07-06T09:49:32","modified_gmt":"2024-07-06T01:49:32","slug":"chair-mats-factory","status":"publish","type":"product","link":"https:\/\/darshion.com\/fr\/produit\/chair-mats-factory\/","title":{"rendered":"Tapis de chaise de jeu antid\u00e9rapant en caoutchouc rond Factory"},"content":{"rendered":"<div class=\"celwidget aplus-module 3p-module-b aplus-standard\" data-csa-c-id=\"ix3dej-x4kscu-p3udkf-htlicl\" data-cel-widget=\"aplus-3p-module-b\">\n<div class=\"aplus-module-wrapper aplus-3p-fixed-width\">\n<h3 class=\"a-spacing-mini\">\u00a0Tapis de chaise antid\u00e9rapant pour parquet<\/h3>\n<p>\u3010Custom Size Round Gaming Chair Mats Factory\u3011\uff1a2mm thick computer chair pads are designed to be cool for gaming rooms,Large Custom size and smooth polyester microfiber fabric surface allows the wheels of the computer chair to slide freely.<br \/>\n\u3010Anti-Slip Rubber Chair Mats Factory for Hardwood\u3011\uff1a tapis de chaise d'ordinateur de jeu rond est fait de caoutchouc naturel et de tissu microfibre de polyester, la conception du fond en caoutchouc fournit la stabilit\u00e9 et maintient le tapis de sol fermement en place-protection de la s\u00e9curit\u00e9.<br \/>\n\u3010Game Controller Design Chair Mats Factory\u3011 : Cool Game Controller design ajouter du plaisir \u00e0 votre salle de jeux et Ce tapis de chaise de sol dur est con\u00e7u pour votre chaise de jeu pour prot\u00e9ger vos sols durs de tous les types de rayures ou d'indentations caus\u00e9es par les roues de la chaise et aider \u00e0 r\u00e9duire le bruit de la surface du sol dur.Rendre votre exp\u00e9rience de jeu plus agr\u00e9able merveilleux.<br \/>\n\u3010Durable Protective Desk Chair Mats Factory\u3011:Le mat\u00e9riau doux et de haute qualit\u00e9 et le design du motif font que ce tapis de sol rond s'adapte de mani\u00e8re flexible \u00e0 divers sc\u00e9narios de vie, tels que le bureau, la salle de jeu, la salle de sport, le salon, la chambre \u00e0 coucher.Vous pouvez \u00e9galement faire des tapis de jeu VR, des tapis de yoga, des tapis de jeu pour enfants, des tapis de d\u00e9coration de chambre d'enfant, des tapis pour animaux de compagnie, un excellent cadeau pour les joueurs, les enfants.<br \/>\n\u3010Quick Sample\u3011 : Nous pouvons fournir des \u00e9chantillons le jour m\u00eame, d\u00e8s que possible.<\/p>\n<p><img fetchpriority=\"high\" decoding=\"async\" class=\"size-full wp-image-2230\" src=\"https:\/\/darshion.com\/wp-content\/uploads\/2024\/05\/aio7j-wgimi.webp\" alt=\"Chair Mats Factory\" width=\"970\" height=\"600\" srcset=\"https:\/\/darshion.com\/wp-content\/uploads\/2024\/05\/aio7j-wgimi.webp 970w, https:\/\/darshion.com\/wp-content\/uploads\/2024\/05\/aio7j-wgimi-300x186.webp 300w, https:\/\/darshion.com\/wp-content\/uploads\/2024\/05\/aio7j-wgimi-768x475.webp 768w, https:\/\/darshion.com\/wp-content\/uploads\/2024\/05\/aio7j-wgimi-600x371.webp 600w\" sizes=\"(max-width: 970px) 100vw, 970px\" \/><\/p>\n<\/div>\n<\/div>\n<div class=\"celwidget aplus-module module-2 aplus-standard\" data-csa-c-id=\"fzxhh3-588f6e-mylyb9-23ld9s\" data-cel-widget=\"aplus-module-2\">\n<div class=\"aplus-module-wrapper apm-floatnone apm-fixed-width\">\n<div class=\"apm-sidemodule apm-spacing\">\n<div class=\"apm-sidemodule-imageleft\"><img decoding=\"async\" class=\"alignleft\" src=\"https:\/\/m.media-amazon.com\/images\/S\/aplus-media-library-service-media\/c49fade5-5406-45b3-b202-35b7aa69c0d5.__CR0,0,600,600_PT0_SX300_V1___.jpg\" alt=\"Chair Mat\" data-src=\"https:\/\/m.media-amazon.com\/images\/S\/aplus-media-library-service-media\/c49fade5-5406-45b3-b202-35b7aa69c0d5.__CR0,0,600,600_PT0_SX300_V1___.jpg\" data-wp-editing=\"1\" \/><\/div>\n<div class=\"apm-sidemodule-textright\">\n<h3 class=\"a-spacing-mini\">SPECIFICATION<\/h3>\n<p>&nbsp;<\/p>\n<p><span class=\"a-list-item\">Taille : 47\u00d747 pouces<\/span><\/p>\n<ul class=\"a-unordered-list a-vertical\">\n<li><span class=\"a-list-item\">Mati\u00e8re : tissu microfibre polyester + support caoutchouc<\/span><\/li>\n<li><span class=\"a-list-item\">Couleur : color\u00e9e<\/span><\/li>\n<li><span class=\"a-list-item\">Style : Gaming Zone<\/span><\/li>\n<li><span class=\"a-list-item\">Type : Faible \u00e9paisseur 2mm<\/span><\/li>\n<li><span class=\"a-list-item\">Instructions d'entretien : Utiliser un aspirateur pour le nettoyer r\u00e9guli\u00e8rement<\/span><\/li>\n<li><span class=\"a-list-item\">Utilisation polyvalente : Excellent pour la salle de jeu, le bureau \u00e0 domicile, la salle de sport, le salon, la chambre \u00e0 coucher, vous pouvez \u00e9galement faire des tapis de jeu VR, des tapis de yoga, des tapis de jeu pour enfants, des tapis de d\u00e9coration de chambre d'enfant, des tapis pour animaux de compagnie, un excellent cadeau pour les joueurs, les enfants.<\/span><\/li>\n<li><span class=\"a-list-item\"><span class=\"a-text-bold\">Note :<\/span>\u00a0<span class=\"a-text-bold\"><span class=\"a-text-italic\">Il peut y avoir des plis sur le tapis en raison de l'emballage pli\u00e9, ne vous inqui\u00e9tez pas et posez-le patiemment \u00e0 plat pendant 1 \u00e0 2 jours pour faire dispara\u00eetre les plis.<\/span><\/span><\/span><\/li>\n<\/ul>\n<p>&nbsp;<\/p>\n<\/div>\n<\/div>\n<\/div>\n<div><\/div>\n<\/div>\n<div class=\"celwidget aplus-module 3p-module-b aplus-standard\" data-csa-c-id=\"dqcm5z-9pxn3f-kpstrl-nsx20o\" data-cel-widget=\"aplus-3p-module-b\">\n<div class=\"aplus-module-wrapper aplus-3p-fixed-width\">\n<p><img decoding=\"async\" class=\"size-full wp-image-2231\" src=\"https:\/\/darshion.com\/wp-content\/uploads\/2024\/05\/a3fy4-6tz9o.webp\" alt=\"Chair Mats Factory\" width=\"970\" height=\"600\" srcset=\"https:\/\/darshion.com\/wp-content\/uploads\/2024\/05\/a3fy4-6tz9o.webp 970w, https:\/\/darshion.com\/wp-content\/uploads\/2024\/05\/a3fy4-6tz9o-300x186.webp 300w, https:\/\/darshion.com\/wp-content\/uploads\/2024\/05\/a3fy4-6tz9o-768x475.webp 768w, https:\/\/darshion.com\/wp-content\/uploads\/2024\/05\/a3fy4-6tz9o-600x371.webp 600w\" sizes=\"(max-width: 970px) 100vw, 970px\" \/><\/p>\n<\/div>\n<\/div>\n<div class=\"celwidget aplus-module module-9 aplus-standard\" data-csa-c-id=\"l56t9i-od38gu-ishykx-b5z7nc\" data-cel-widget=\"aplus-module-9\">\n<div class=\"aplus-module-wrapper apm-fixed-width\">\n<div class=\"apm-spacing apm-fixed-width\">\n<h3 class=\"a-spacing-small\">Tapis de chaise d'ordinateur en caoutchouc Protecteur de sol<\/h3>\n<table class=\"apm-fixed-width apm-eventhirdcol-table\">\n<tbody>\n<tr>\n<th class=\"apm-center\">\n<div class=\"apm-eventhirdcol apm-floatleft\">\n<p><img decoding=\"async\" class=\"a-spacing-mini\" src=\"https:\/\/m.media-amazon.com\/images\/S\/aplus-media-library-service-media\/9cdc6082-9052-4bef-992f-4c00b545d5fa.__CR0,0,600,600_PT0_SX300_V1___.jpg\" alt=\"Chair Mat\" data-src=\"https:\/\/m.media-amazon.com\/images\/S\/aplus-media-library-service-media\/9cdc6082-9052-4bef-992f-4c00b545d5fa.__CR0,0,600,600_PT0_SX300_V1___.jpg\" \/><\/p>\n<\/div>\n<\/th>\n<th class=\"apm-center\">\n<div class=\"apm-eventhirdcol apm-floatleft\">\n<p><img decoding=\"async\" class=\"a-spacing-mini\" src=\"https:\/\/m.media-amazon.com\/images\/S\/aplus-media-library-service-media\/344fd103-480a-4eff-8082-348a15b882fc.__CR0,0,600,600_PT0_SX300_V1___.jpg\" alt=\"Non Slip Chair Mat\" data-src=\"https:\/\/m.media-amazon.com\/images\/S\/aplus-media-library-service-media\/344fd103-480a-4eff-8082-348a15b882fc.__CR0,0,600,600_PT0_SX300_V1___.jpg\" \/><\/p>\n<\/div>\n<\/th>\n<th class=\"apm-center\">\n<div class=\"apm-eventhirdcol apm-floatleft\">\n<p><img decoding=\"async\" class=\"a-spacing-mini\" src=\"https:\/\/m.media-amazon.com\/images\/S\/aplus-media-library-service-media\/5e9dd705-8dd7-4651-aa82-678ef9bb6588.__CR0,0,600,600_PT0_SX300_V1___.jpg\" alt=\"chair mat\" data-src=\"https:\/\/m.media-amazon.com\/images\/S\/aplus-media-library-service-media\/5e9dd705-8dd7-4651-aa82-678ef9bb6588.__CR0,0,600,600_PT0_SX300_V1___.jpg\" \/><\/p>\n<\/div>\n<\/th>\n<\/tr>\n<tr>\n<td class=\"apm-top\">\n<div class=\"apm-eventhirdcol apm-floatleft\">\n<h4 class=\"a-spacing-mini\">Surface lisse<\/h4>\n<p>&nbsp;<\/p>\n<ul class=\"a-unordered-list a-vertical\">\n<li><span class=\"a-list-item\">Plus doux et plus silencieux<\/span><\/li>\n<li><span class=\"a-list-item\">Conception \u00e0 pile basse de 2 mm<\/span><\/li>\n<li><span class=\"a-list-item\">Double ourlet<\/span><\/li>\n<li><span class=\"a-list-item\">R\u00e9sistant aux rayures<\/span><\/li>\n<\/ul>\n<p>&nbsp;<\/p>\n<\/div>\n<\/td>\n<td class=\"apm-top\">\n<div class=\"apm-eventhirdcol apm-floatleft\">\n<h4 class=\"a-spacing-mini\">Support en caoutchouc antid\u00e9rapant<\/h4>\n<p>&nbsp;<\/p>\n<ul class=\"a-unordered-list a-vertical\">\n<li><span class=\"a-list-item\">Support antid\u00e9rapant<\/span><\/li>\n<li><span class=\"a-list-item\">Ramener suffisamment de poign\u00e9es au sol<\/span><\/li>\n<li><span class=\"a-list-item\">Convient aux sols en bois dur, en marbre et en carrelage.<\/span><\/li>\n<\/ul>\n<p>&nbsp;<\/p>\n<\/div>\n<\/td>\n<td class=\"apm-top\">\n<div class=\"apm-eventhirdcol apm-floatleft\">\n<h4 class=\"a-spacing-mini\">Facile \u00e0 nettoyer<\/h4>\n<p>&nbsp;<\/p>\n<ul class=\"a-unordered-list a-vertical\">\n<li><span class=\"a-list-item\">Utilisation d'un aspirateur pour le nettoyer r\u00e9guli\u00e8rement<\/span><\/li>\n<li><span class=\"a-list-item\">Essuyer avec un chiffon humide<\/span><\/li>\n<\/ul>\n<p>&nbsp;<\/p>\n<\/div>\n<\/td>\n<\/tr>\n<\/tbody>\n<\/table>\n<\/div>\n<\/div>\n<div><\/div>\n<\/div>\n<div class=\"celwidget aplus-module module-9 aplus-standard\" data-csa-c-id=\"z9yuvq-j25pux-ucjnf7-sql50e\" data-cel-widget=\"aplus-module-9\">\n<div class=\"aplus-module-wrapper apm-fixed-width\">\n<div class=\"apm-spacing apm-fixed-width\">\n<h3 class=\"a-spacing-small\">Yincimar Tapis de chaise de jeu pour la maison, le bureau et la salle de jeu VR Tapis de jeu<\/h3>\n<table class=\"apm-fixed-width apm-eventhirdcol-table\">\n<tbody>\n<tr>\n<th class=\"apm-center\">\n<div class=\"apm-eventhirdcol apm-floatleft\">\n<p><img decoding=\"async\" class=\"a-spacing-mini\" src=\"https:\/\/m.media-amazon.com\/images\/S\/aplus-media-library-service-media\/411a0f84-f836-4b33-907f-40102cd961c2.__CR0,0,600,600_PT0_SX300_V1___.jpg\" alt=\"Gaming Chair Mat\" data-src=\"https:\/\/m.media-amazon.com\/images\/S\/aplus-media-library-service-media\/411a0f84-f836-4b33-907f-40102cd961c2.__CR0,0,600,600_PT0_SX300_V1___.jpg\" \/><\/p>\n<\/div>\n<\/th>\n<th class=\"apm-center\">\n<div class=\"apm-eventhirdcol apm-floatleft\">\n<p><img decoding=\"async\" class=\"a-spacing-mini\" src=\"https:\/\/m.media-amazon.com\/images\/S\/aplus-media-library-service-media\/12f4a4f1-da13-4bf7-937a-a77f4ab73704.__CR0,0,600,600_PT0_SX300_V1___.jpg\" alt=\"Home Office Decor\" data-src=\"https:\/\/m.media-amazon.com\/images\/S\/aplus-media-library-service-media\/12f4a4f1-da13-4bf7-937a-a77f4ab73704.__CR0,0,600,600_PT0_SX300_V1___.jpg\" \/><\/p>\n<\/div>\n<\/th>\n<th class=\"apm-center\">\n<div class=\"apm-eventhirdcol apm-floatleft\">\n<p><img decoding=\"async\" class=\"a-spacing-mini\" src=\"https:\/\/m.media-amazon.com\/images\/S\/aplus-media-library-service-media\/6c036462-88c6-4880-a2b6-d4c52616bb2e.__CR0,0,600,600_PT0_SX300_V1___.jpg\" alt=\"RV Gaming Mat\" data-src=\"https:\/\/m.media-amazon.com\/images\/S\/aplus-media-library-service-media\/6c036462-88c6-4880-a2b6-d4c52616bb2e.__CR0,0,600,600_PT0_SX300_V1___.jpg\" \/><\/p>\n<\/div>\n<\/th>\n<\/tr>\n<tr>\n<td class=\"apm-top\">\n<div class=\"apm-eventhirdcol apm-floatleft\">\n<h4 class=\"a-spacing-mini\">Tapis de chaise de jeu<\/h4>\n<p>&nbsp;<\/p>\n<ul class=\"a-unordered-list a-vertical\">\n<li><span class=\"a-list-item\">Un excellent compl\u00e9ment \u00e0 votre salle de jeu et le design de la manette de jeu cool ajoute de l'amusement \u00e0 votre salle de jeu.<\/span><\/li>\n<\/ul>\n<p>&nbsp;<\/p>\n<\/div>\n<\/td>\n<td class=\"apm-top\">\n<div class=\"apm-eventhirdcol apm-floatleft\">\n<h4 class=\"a-spacing-mini\">Tapis de chaise d'ordinateur pour le bureau \u00e0 domicile<\/h4>\n<p>&nbsp;<\/p>\n<ul class=\"a-unordered-list a-vertical\">\n<li><span class=\"a-list-item\">Prot\u00e8ge vos sols durs de tous les types de rayures ou d'empreintes caus\u00e9es par les roues des chaises et aide \u00e0 r\u00e9duire le bruit de la surface des sols durs.<\/span><\/li>\n<\/ul>\n<p>&nbsp;<\/p>\n<\/div>\n<\/td>\n<td class=\"apm-top\">\n<div class=\"apm-eventhirdcol apm-floatleft\">\n<h4 class=\"a-spacing-mini\">Tapis de jeu VR<\/h4>\n<p>&nbsp;<\/p>\n<ul class=\"a-unordered-list a-vertical\">\n<li><span class=\"a-list-item\">Le mat\u00e9riau souple et de haute qualit\u00e9 ainsi que le motif permettent \u00e0 ce tapis de sol rond de s'adapter de mani\u00e8re flexible \u00e0 diff\u00e9rents sc\u00e9narios de vie.<\/span><\/li>\n<\/ul>\n<\/div>\n<\/td>\n<\/tr>\n<\/tbody>\n<\/table>\n<\/div>\n<\/div>\n<\/div>","protected":false},"excerpt":{"rendered":"<p>Tapis de chaise de jeu en caoutchouc Factory<\/p>","protected":false},"featured_media":2188,"comment_status":"open","ping_status":"closed","template":"","meta":{"_monsterinsights_skip_tracking":false,"_monsterinsights_sitenote_active":false,"_monsterinsights_sitenote_note":"","_monsterinsights_sitenote_category":0},"product_cat":[100],"product_tag":[],"yoast_head":"<!-- This site is optimized with the Yoast SEO Premium plugin v22.9 (Yoast SEO v24.0) - https:\/\/yoast.com\/wordpress\/plugins\/seo\/ -->\n<title>Anti-Slip Round Rubber Gaming Chair Mats Factory - darshion<\/title>\n<meta name=\"robots\" content=\"index, follow, max-snippet:-1, max-image-preview:large, max-video-preview:-1\" \/>\n<link rel=\"canonical\" href=\"https:\/\/darshion.com\/fr\/produit\/chair-mats-factory\/\" \/>\n<meta property=\"og:locale\" content=\"fr_FR\" \/>\n<meta property=\"og:type\" content=\"article\" \/>\n<meta property=\"og:title\" content=\"Anti-Slip Round Rubber Gaming Chair Mats Factory\" \/>\n<meta property=\"og:description\" content=\"Rubber Gaming Chair Mats Factory\" \/>\n<meta property=\"og:url\" content=\"https:\/\/darshion.com\/fr\/produit\/chair-mats-factory\/\" \/>\n<meta property=\"og:site_name\" content=\"darshion\" \/>\n<meta property=\"article:modified_time\" content=\"2024-07-06T01:49:32+00:00\" \/>\n<meta property=\"og:image\" content=\"https:\/\/darshion.com\/wp-content\/uploads\/2024\/05\/1.jpg\" \/>\n\t<meta property=\"og:image:width\" content=\"1491\" \/>\n\t<meta property=\"og:image:height\" content=\"1486\" \/>\n\t<meta property=\"og:image:type\" content=\"image\/jpeg\" \/>\n<meta name=\"twitter:card\" content=\"summary_large_image\" \/>\n<meta name=\"twitter:label1\" content=\"Dur\u00e9e de lecture estim\u00e9e\" \/>\n\t<meta name=\"twitter:data1\" content=\"2 minutes\" \/>\n<script type=\"application\/ld+json\" class=\"yoast-schema-graph\">{\"@context\":\"https:\/\/schema.org\",\"@graph\":[{\"@type\":\"WebPage\",\"@id\":\"https:\/\/darshion.com\/product\/chair-mats-factory\/\",\"url\":\"https:\/\/darshion.com\/product\/chair-mats-factory\/\",\"name\":\"Anti-Slip Round Rubber Gaming Chair Mats Factory - darshion\",\"isPartOf\":{\"@id\":\"https:\/\/darshion.com\/#website\"},\"primaryImageOfPage\":{\"@id\":\"https:\/\/darshion.com\/product\/chair-mats-factory\/#primaryimage\"},\"image\":{\"@id\":\"https:\/\/darshion.com\/product\/chair-mats-factory\/#primaryimage\"},\"thumbnailUrl\":\"https:\/\/darshion.com\/wp-content\/uploads\/2024\/05\/1.jpg\",\"datePublished\":\"2024-05-16T08:57:11+00:00\",\"dateModified\":\"2024-07-06T01:49:32+00:00\",\"breadcrumb\":{\"@id\":\"https:\/\/darshion.com\/product\/chair-mats-factory\/#breadcrumb\"},\"inLanguage\":\"fr-FR\",\"potentialAction\":[{\"@type\":\"ReadAction\",\"target\":[\"https:\/\/darshion.com\/product\/chair-mats-factory\/\"]}]},{\"@type\":\"ImageObject\",\"inLanguage\":\"fr-FR\",\"@id\":\"https:\/\/darshion.com\/product\/chair-mats-factory\/#primaryimage\",\"url\":\"https:\/\/darshion.com\/wp-content\/uploads\/2024\/05\/1.jpg\",\"contentUrl\":\"https:\/\/darshion.com\/wp-content\/uploads\/2024\/05\/1.jpg\",\"width\":1491,\"height\":1486,\"caption\":\"chair mats factory\"},{\"@type\":\"BreadcrumbList\",\"@id\":\"https:\/\/darshion.com\/product\/chair-mats-factory\/#breadcrumb\",\"itemListElement\":[{\"@type\":\"ListItem\",\"position\":1,\"name\":\"\u9996\u9875\",\"item\":\"https:\/\/darshion.com\/\"},{\"@type\":\"ListItem\",\"position\":2,\"name\":\"PRODUCT\",\"item\":\"https:\/\/darshion.com\/pt\/product\/\"},{\"@type\":\"ListItem\",\"position\":3,\"name\":\"Anti-Slip Round Rubber Gaming Chair Mats Factory\"}]},{\"@type\":\"WebSite\",\"@id\":\"https:\/\/darshion.com\/#website\",\"url\":\"https:\/\/darshion.com\/\",\"name\":\"darshion\",\"description\":\"14 Years of Experience, Quality Assurance, Innovative Design\",\"publisher\":{\"@id\":\"https:\/\/darshion.com\/#organization\"},\"potentialAction\":[{\"@type\":\"SearchAction\",\"target\":{\"@type\":\"EntryPoint\",\"urlTemplate\":\"https:\/\/darshion.com\/?s={search_term_string}\"},\"query-input\":{\"@type\":\"PropertyValueSpecification\",\"valueRequired\":true,\"valueName\":\"search_term_string\"}}],\"inLanguage\":\"fr-FR\"},{\"@type\":\"Organization\",\"@id\":\"https:\/\/darshion.com\/#organization\",\"name\":\"darshion\",\"url\":\"https:\/\/darshion.com\/\",\"logo\":{\"@type\":\"ImageObject\",\"inLanguage\":\"fr-FR\",\"@id\":\"https:\/\/darshion.com\/#\/schema\/logo\/image\/\",\"url\":\"https:\/\/darshion.com\/wp-content\/uploads\/2023\/09\/01-1.png\",\"contentUrl\":\"https:\/\/darshion.com\/wp-content\/uploads\/2023\/09\/01-1.png\",\"width\":350,\"height\":100,\"caption\":\"darshion\"},\"image\":{\"@id\":\"https:\/\/darshion.com\/#\/schema\/logo\/image\/\"}}]}<\/script>\n<!-- \/ Yoast SEO Premium plugin. -->","yoast_head_json":{"title":"Tapis de chaise de jeu antid\u00e9rapant en caoutchouc rond - darshion","robots":{"index":"index","follow":"follow","max-snippet":"max-snippet:-1","max-image-preview":"max-image-preview:large","max-video-preview":"max-video-preview:-1"},"canonical":"https:\/\/darshion.com\/fr\/produit\/chair-mats-factory\/","og_locale":"fr_FR","og_type":"article","og_title":"Anti-Slip Round Rubber Gaming Chair Mats Factory","og_description":"Rubber Gaming Chair Mats Factory","og_url":"https:\/\/darshion.com\/fr\/produit\/chair-mats-factory\/","og_site_name":"darshion","article_modified_time":"2024-07-06T01:49:32+00:00","og_image":[{"width":1491,"height":1486,"url":"https:\/\/darshion.com\/wp-content\/uploads\/2024\/05\/1.jpg","type":"image\/jpeg"}],"twitter_card":"summary_large_image","twitter_misc":{"Dur\u00e9e de lecture estim\u00e9e":"2 minutes"},"schema":{"@context":"https:\/\/schema.org","@graph":[{"@type":"WebPage","@id":"https:\/\/darshion.com\/product\/chair-mats-factory\/","url":"https:\/\/darshion.com\/product\/chair-mats-factory\/","name":"Tapis de chaise de jeu antid\u00e9rapant en caoutchouc rond - darshion","isPartOf":{"@id":"https:\/\/darshion.com\/#website"},"primaryImageOfPage":{"@id":"https:\/\/darshion.com\/product\/chair-mats-factory\/#primaryimage"},"image":{"@id":"https:\/\/darshion.com\/product\/chair-mats-factory\/#primaryimage"},"thumbnailUrl":"https:\/\/darshion.com\/wp-content\/uploads\/2024\/05\/1.jpg","datePublished":"2024-05-16T08:57:11+00:00","dateModified":"2024-07-06T01:49:32+00:00","breadcrumb":{"@id":"https:\/\/darshion.com\/product\/chair-mats-factory\/#breadcrumb"},"inLanguage":"fr-FR","potentialAction":[{"@type":"ReadAction","target":["https:\/\/darshion.com\/product\/chair-mats-factory\/"]}]},{"@type":"ImageObject","inLanguage":"fr-FR","@id":"https:\/\/darshion.com\/product\/chair-mats-factory\/#primaryimage","url":"https:\/\/darshion.com\/wp-content\/uploads\/2024\/05\/1.jpg","contentUrl":"https:\/\/darshion.com\/wp-content\/uploads\/2024\/05\/1.jpg","width":1491,"height":1486,"caption":"chair mats factory"},{"@type":"BreadcrumbList","@id":"https:\/\/darshion.com\/product\/chair-mats-factory\/#breadcrumb","itemListElement":[{"@type":"ListItem","position":1,"name":"\u9996\u9875","item":"https:\/\/darshion.com\/"},{"@type":"ListItem","position":2,"name":"PRODUCT","item":"https:\/\/darshion.com\/pt\/product\/"},{"@type":"ListItem","position":3,"name":"Anti-Slip Round Rubber Gaming Chair Mats Factory"}]},{"@type":"WebSite","@id":"https:\/\/darshion.com\/#website","url":"https:\/\/darshion.com\/","name":"darshion","description":"14 ans d'exp\u00e9rience, assurance qualit\u00e9, conception innovante","publisher":{"@id":"https:\/\/darshion.com\/#organization"},"potentialAction":[{"@type":"SearchAction","target":{"@type":"EntryPoint","urlTemplate":"https:\/\/darshion.com\/?s={search_term_string}"},"query-input":{"@type":"PropertyValueSpecification","valueRequired":true,"valueName":"search_term_string"}}],"inLanguage":"fr-FR"},{"@type":"Organization","@id":"https:\/\/darshion.com\/#organization","name":"darshion","url":"https:\/\/darshion.com\/","logo":{"@type":"ImageObject","inLanguage":"fr-FR","@id":"https:\/\/darshion.com\/#\/schema\/logo\/image\/","url":"https:\/\/darshion.com\/wp-content\/uploads\/2023\/09\/01-1.png","contentUrl":"https:\/\/darshion.com\/wp-content\/uploads\/2023\/09\/01-1.png","width":350,"height":100,"caption":"darshion"},"image":{"@id":"https:\/\/darshion.com\/#\/schema\/logo\/image\/"}}]}},"_links":{"self":[{"href":"https:\/\/darshion.com\/fr\/wp-json\/wp\/v2\/product\/2185"}],"collection":[{"href":"https:\/\/darshion.com\/fr\/wp-json\/wp\/v2\/product"}],"about":[{"href":"https:\/\/darshion.com\/fr\/wp-json\/wp\/v2\/types\/product"}],"replies":[{"embeddable":true,"href":"https:\/\/darshion.com\/fr\/wp-json\/wp\/v2\/comments?post=2185"}],"wp:featuredmedia":[{"embeddable":true,"href":"https:\/\/darshion.com\/fr\/wp-json\/wp\/v2\/media\/2188"}],"wp:attachment":[{"href":"https:\/\/darshion.com\/fr\/wp-json\/wp\/v2\/media?parent=2185"}],"wp:term":[{"taxonomy":"product_cat","embeddable":true,"href":"https:\/\/darshion.com\/fr\/wp-json\/wp\/v2\/product_cat?post=2185"},{"taxonomy":"product_tag","embeddable":true,"href":"https:\/\/darshion.com\/fr\/wp-json\/wp\/v2\/product_tag?post=2185"}],"curies":[{"name":"wp","href":"https:\/\/api.w.org\/{rel}","templated":true}]}}