{"id":2268,"date":"2024-07-19T14:43:21","date_gmt":"2024-07-19T06:43:21","guid":{"rendered":"https:\/\/darshion.com\/?post_type=product&#038;p=2268"},"modified":"2024-07-19T14:43:21","modified_gmt":"2024-07-19T06:43:21","slug":"ds20-desk-mat-bulk","status":"publish","type":"product","link":"https:\/\/darshion.com\/fr\/produit\/ds20-desk-mat-bulk\/","title":{"rendered":"DS20 15W RGB Wireless Charging Mat Bulk (tapis de bureau sans fil)"},"content":{"rendered":"<h2>Nouvelles caract\u00e9ristiques Tapis de bureau de recharge sans fil de haute qualit\u00e9 en vrac<\/h2>\n<p>Il peut fournir une charge sans fil de 15 W pour la plupart des smartphones.<br \/>\nLorsque vous jouez ou travaillez, le tapis de souris \u00e9tendu offre une plus grande surface utilisable pour couvrir votre clavier, votre souris et d'autres objets sur votre bureau.<br \/>\nNos tapis de souris offrent une surface ultra lisse, pr\u00e9cise et contr\u00f4lable. Il offre la meilleure surface pour les capteurs de jeu, avec moins de tra\u00een\u00e9e que les autres tapis de souris. Fournit une surface de suivi rapide et lisse pour votre souris. Faites passer votre exp\u00e9rience de jeu au niveau sup\u00e9rieur<br \/>\nLes modes d'\u00e9clairage personnalis\u00e9s super lumineux, y compris les modes d'\u00e9clairage statique et dynamique, offrent une atmosph\u00e8re unique lors des jeux ou du travail.<br \/>\nCe tapis de souris est dot\u00e9 d'une base antid\u00e9rapante qui repose fermement sur la table et assure une bonne prise en main. Les coutures professionnelles sur les bords \u00e9vitent l'usure et garantissent une plus longue dur\u00e9e de vie. L'\u00e9paisseur de 4 mm assure la stabilit\u00e9 de sa forme (il ne cr\u00e9e pas de vagues).<br \/>\nSp\u00e9cifications<br \/>\nMati\u00e8re : Caoutchouc + tissu<br \/>\nType : M\/L\/XL\/XXL\/custom<br \/>\nEntr\u00e9e : 5V, 2A\/9V, 1.67A<br \/>\nSortie : 5V, 1.0A (maximum) \/ 9V, 1.2A (minimum)<br \/>\nTaille : 600x600MM\/700x700MM<br \/>\n800x30MM\/800x40MM\/900x400MM<br \/>\nLe paquet comprend :<br \/>\n1x Tapis de souris \u00e0 chargement sans fil<br \/>\n1x c\u00e2ble USB<\/p>\n<p><img fetchpriority=\"high\" decoding=\"async\" class=\"wp-image-2275 size-large\" src=\"https:\/\/darshion.com\/wp-content\/uploads\/2024\/05\/O1CN013BRDyI2DQgTLAb2GM_2210221638604-0-cib-1024x1024.jpg\" alt=\"wireless charging mouse pad\" width=\"800\" height=\"800\" srcset=\"https:\/\/darshion.com\/wp-content\/uploads\/2024\/05\/O1CN013BRDyI2DQgTLAb2GM_2210221638604-0-cib-1024x1024.jpg 1024w, https:\/\/darshion.com\/wp-content\/uploads\/2024\/05\/O1CN013BRDyI2DQgTLAb2GM_2210221638604-0-cib-300x300.jpg 300w, https:\/\/darshion.com\/wp-content\/uploads\/2024\/05\/O1CN013BRDyI2DQgTLAb2GM_2210221638604-0-cib-150x150.jpg 150w, https:\/\/darshion.com\/wp-content\/uploads\/2024\/05\/O1CN013BRDyI2DQgTLAb2GM_2210221638604-0-cib-768x768.jpg 768w, https:\/\/darshion.com\/wp-content\/uploads\/2024\/05\/O1CN013BRDyI2DQgTLAb2GM_2210221638604-0-cib-600x600.jpg 600w, https:\/\/darshion.com\/wp-content\/uploads\/2024\/05\/O1CN013BRDyI2DQgTLAb2GM_2210221638604-0-cib-100x100.jpg 100w, https:\/\/darshion.com\/wp-content\/uploads\/2024\/05\/O1CN013BRDyI2DQgTLAb2GM_2210221638604-0-cib.jpg 1500w\" sizes=\"(max-width: 800px) 100vw, 800px\" \/><\/p>\n<p><img decoding=\"async\" class=\"size-full wp-image-2274\" src=\"https:\/\/darshion.com\/wp-content\/uploads\/2024\/05\/O1CN01oAkOgh1Jfh3moYomr_2215432781056-0-cib.jpg\" alt=\"wireless charging mouse pad\" width=\"800\" height=\"800\" srcset=\"https:\/\/darshion.com\/wp-content\/uploads\/2024\/05\/O1CN01oAkOgh1Jfh3moYomr_2215432781056-0-cib.jpg 800w, https:\/\/darshion.com\/wp-content\/uploads\/2024\/05\/O1CN01oAkOgh1Jfh3moYomr_2215432781056-0-cib-300x300.jpg 300w, https:\/\/darshion.com\/wp-content\/uploads\/2024\/05\/O1CN01oAkOgh1Jfh3moYomr_2215432781056-0-cib-150x150.jpg 150w, https:\/\/darshion.com\/wp-content\/uploads\/2024\/05\/O1CN01oAkOgh1Jfh3moYomr_2215432781056-0-cib-768x768.jpg 768w, https:\/\/darshion.com\/wp-content\/uploads\/2024\/05\/O1CN01oAkOgh1Jfh3moYomr_2215432781056-0-cib-600x600.jpg 600w, https:\/\/darshion.com\/wp-content\/uploads\/2024\/05\/O1CN01oAkOgh1Jfh3moYomr_2215432781056-0-cib-100x100.jpg 100w\" sizes=\"(max-width: 800px) 100vw, 800px\" \/><\/p>\n<p><img decoding=\"async\" class=\"size-full wp-image-2273\" src=\"https:\/\/darshion.com\/wp-content\/uploads\/2024\/05\/O1CN01KngMsh2DQgTNcdFd2_2210221638604-0-cib.jpg\" alt=\"wireless charging mouse pad\" width=\"800\" height=\"800\" srcset=\"https:\/\/darshion.com\/wp-content\/uploads\/2024\/05\/O1CN01KngMsh2DQgTNcdFd2_2210221638604-0-cib.jpg 800w, https:\/\/darshion.com\/wp-content\/uploads\/2024\/05\/O1CN01KngMsh2DQgTNcdFd2_2210221638604-0-cib-300x300.jpg 300w, https:\/\/darshion.com\/wp-content\/uploads\/2024\/05\/O1CN01KngMsh2DQgTNcdFd2_2210221638604-0-cib-150x150.jpg 150w, https:\/\/darshion.com\/wp-content\/uploads\/2024\/05\/O1CN01KngMsh2DQgTNcdFd2_2210221638604-0-cib-768x768.jpg 768w, https:\/\/darshion.com\/wp-content\/uploads\/2024\/05\/O1CN01KngMsh2DQgTNcdFd2_2210221638604-0-cib-600x600.jpg 600w, https:\/\/darshion.com\/wp-content\/uploads\/2024\/05\/O1CN01KngMsh2DQgTNcdFd2_2210221638604-0-cib-100x100.jpg 100w\" sizes=\"(max-width: 800px) 100vw, 800px\" \/><\/p>\n<p><img loading=\"lazy\" decoding=\"async\" class=\"size-full wp-image-2272\" src=\"https:\/\/darshion.com\/wp-content\/uploads\/2024\/05\/O1CN01AardWn2DQgTLiLQ2K_2210221638604-0-cib.jpg\" alt=\"wireless charging mouse pad\" width=\"800\" height=\"800\" srcset=\"https:\/\/darshion.com\/wp-content\/uploads\/2024\/05\/O1CN01AardWn2DQgTLiLQ2K_2210221638604-0-cib.jpg 800w, https:\/\/darshion.com\/wp-content\/uploads\/2024\/05\/O1CN01AardWn2DQgTLiLQ2K_2210221638604-0-cib-300x300.jpg 300w, https:\/\/darshion.com\/wp-content\/uploads\/2024\/05\/O1CN01AardWn2DQgTLiLQ2K_2210221638604-0-cib-150x150.jpg 150w, https:\/\/darshion.com\/wp-content\/uploads\/2024\/05\/O1CN01AardWn2DQgTLiLQ2K_2210221638604-0-cib-768x768.jpg 768w, https:\/\/darshion.com\/wp-content\/uploads\/2024\/05\/O1CN01AardWn2DQgTLiLQ2K_2210221638604-0-cib-600x600.jpg 600w, https:\/\/darshion.com\/wp-content\/uploads\/2024\/05\/O1CN01AardWn2DQgTLiLQ2K_2210221638604-0-cib-100x100.jpg 100w\" sizes=\"(max-width: 800px) 100vw, 800px\" \/><\/p>","protected":false},"excerpt":{"rendered":"<p>15W Wireless Charging Desk Mat Suppliers<\/p>","protected":false},"featured_media":2271,"comment_status":"open","ping_status":"closed","template":"","meta":{"_monsterinsights_skip_tracking":false,"_monsterinsights_sitenote_active":false,"_monsterinsights_sitenote_note":"","_monsterinsights_sitenote_category":0},"product_cat":[563,100],"product_tag":[104],"yoast_head":"<!-- This site is optimized with the Yoast SEO Premium plugin v22.9 (Yoast SEO v24.0) - https:\/\/yoast.com\/wordpress\/plugins\/seo\/ -->\n<title>DS20 15W RGB Wireless Charging Desk Mat Bulk - darshion<\/title>\n<meta name=\"robots\" content=\"index, follow, max-snippet:-1, max-image-preview:large, max-video-preview:-1\" \/>\n<link rel=\"canonical\" href=\"https:\/\/darshion.com\/fr\/produit\/ds20-desk-mat-bulk\/\" \/>\n<meta property=\"og:locale\" content=\"fr_FR\" \/>\n<meta property=\"og:type\" content=\"article\" \/>\n<meta property=\"og:title\" content=\"DS20 15W RGB Wireless Charging Desk Mat Bulk\" \/>\n<meta property=\"og:description\" content=\"15W Wireless Charging Desk Mat Suppliers\" \/>\n<meta property=\"og:url\" content=\"https:\/\/darshion.com\/fr\/produit\/ds20-desk-mat-bulk\/\" \/>\n<meta property=\"og:site_name\" content=\"darshion\" \/>\n<meta property=\"og:image\" content=\"https:\/\/darshion.com\/wp-content\/uploads\/2024\/05\/O1CN01AohPqk2DQgTEGZvVb_2210221638604-0-cib.jpg\" \/>\n\t<meta property=\"og:image:width\" content=\"1500\" \/>\n\t<meta property=\"og:image:height\" content=\"1500\" \/>\n\t<meta property=\"og:image:type\" content=\"image\/jpeg\" \/>\n<meta name=\"twitter:card\" content=\"summary_large_image\" \/>\n<meta name=\"twitter:label1\" content=\"Dur\u00e9e de lecture estim\u00e9e\" \/>\n\t<meta name=\"twitter:data1\" content=\"2 minutes\" \/>\n<script type=\"application\/ld+json\" class=\"yoast-schema-graph\">{\"@context\":\"https:\/\/schema.org\",\"@graph\":[{\"@type\":\"WebPage\",\"@id\":\"https:\/\/darshion.com\/product\/ds20-desk-mat-bulk\/\",\"url\":\"https:\/\/darshion.com\/product\/ds20-desk-mat-bulk\/\",\"name\":\"DS20 15W RGB Wireless Charging Desk Mat Bulk - darshion\",\"isPartOf\":{\"@id\":\"https:\/\/darshion.com\/#website\"},\"primaryImageOfPage\":{\"@id\":\"https:\/\/darshion.com\/product\/ds20-desk-mat-bulk\/#primaryimage\"},\"image\":{\"@id\":\"https:\/\/darshion.com\/product\/ds20-desk-mat-bulk\/#primaryimage\"},\"thumbnailUrl\":\"https:\/\/darshion.com\/wp-content\/uploads\/2024\/05\/O1CN01AohPqk2DQgTEGZvVb_2210221638604-0-cib.jpg\",\"datePublished\":\"2024-07-19T06:43:21+00:00\",\"dateModified\":\"2024-07-19T06:43:21+00:00\",\"breadcrumb\":{\"@id\":\"https:\/\/darshion.com\/product\/ds20-desk-mat-bulk\/#breadcrumb\"},\"inLanguage\":\"fr-FR\",\"potentialAction\":[{\"@type\":\"ReadAction\",\"target\":[\"https:\/\/darshion.com\/product\/ds20-desk-mat-bulk\/\"]}]},{\"@type\":\"ImageObject\",\"inLanguage\":\"fr-FR\",\"@id\":\"https:\/\/darshion.com\/product\/ds20-desk-mat-bulk\/#primaryimage\",\"url\":\"https:\/\/darshion.com\/wp-content\/uploads\/2024\/05\/O1CN01AohPqk2DQgTEGZvVb_2210221638604-0-cib.jpg\",\"contentUrl\":\"https:\/\/darshion.com\/wp-content\/uploads\/2024\/05\/O1CN01AohPqk2DQgTEGZvVb_2210221638604-0-cib.jpg\",\"width\":1500,\"height\":1500,\"caption\":\"wireless charging mouse pad\"},{\"@type\":\"BreadcrumbList\",\"@id\":\"https:\/\/darshion.com\/product\/ds20-desk-mat-bulk\/#breadcrumb\",\"itemListElement\":[{\"@type\":\"ListItem\",\"position\":1,\"name\":\"\u9996\u9875\",\"item\":\"https:\/\/darshion.com\/\"},{\"@type\":\"ListItem\",\"position\":2,\"name\":\"PRODUCT\",\"item\":\"https:\/\/darshion.com\/pt\/product\/\"},{\"@type\":\"ListItem\",\"position\":3,\"name\":\"DS20 15W RGB Wireless Charging Desk Mat Bulk\"}]},{\"@type\":\"WebSite\",\"@id\":\"https:\/\/darshion.com\/#website\",\"url\":\"https:\/\/darshion.com\/\",\"name\":\"darshion\",\"description\":\"14 Years of Experience, Quality Assurance, Innovative Design\",\"publisher\":{\"@id\":\"https:\/\/darshion.com\/#organization\"},\"potentialAction\":[{\"@type\":\"SearchAction\",\"target\":{\"@type\":\"EntryPoint\",\"urlTemplate\":\"https:\/\/darshion.com\/?s={search_term_string}\"},\"query-input\":{\"@type\":\"PropertyValueSpecification\",\"valueRequired\":true,\"valueName\":\"search_term_string\"}}],\"inLanguage\":\"fr-FR\"},{\"@type\":\"Organization\",\"@id\":\"https:\/\/darshion.com\/#organization\",\"name\":\"darshion\",\"url\":\"https:\/\/darshion.com\/\",\"logo\":{\"@type\":\"ImageObject\",\"inLanguage\":\"fr-FR\",\"@id\":\"https:\/\/darshion.com\/#\/schema\/logo\/image\/\",\"url\":\"https:\/\/darshion.com\/wp-content\/uploads\/2023\/09\/01-1.png\",\"contentUrl\":\"https:\/\/darshion.com\/wp-content\/uploads\/2023\/09\/01-1.png\",\"width\":350,\"height\":100,\"caption\":\"darshion\"},\"image\":{\"@id\":\"https:\/\/darshion.com\/#\/schema\/logo\/image\/\"}}]}<\/script>\n<!-- \/ Yoast SEO Premium plugin. -->","yoast_head_json":{"title":"DS20 15W RGB Wireless Charging Mat Bulk - darshion","robots":{"index":"index","follow":"follow","max-snippet":"max-snippet:-1","max-image-preview":"max-image-preview:large","max-video-preview":"max-video-preview:-1"},"canonical":"https:\/\/darshion.com\/fr\/produit\/ds20-desk-mat-bulk\/","og_locale":"fr_FR","og_type":"article","og_title":"DS20 15W RGB Wireless Charging Desk Mat Bulk","og_description":"15W Wireless Charging Desk Mat Suppliers","og_url":"https:\/\/darshion.com\/fr\/produit\/ds20-desk-mat-bulk\/","og_site_name":"darshion","og_image":[{"width":1500,"height":1500,"url":"https:\/\/darshion.com\/wp-content\/uploads\/2024\/05\/O1CN01AohPqk2DQgTEGZvVb_2210221638604-0-cib.jpg","type":"image\/jpeg"}],"twitter_card":"summary_large_image","twitter_misc":{"Dur\u00e9e de lecture estim\u00e9e":"2 minutes"},"schema":{"@context":"https:\/\/schema.org","@graph":[{"@type":"WebPage","@id":"https:\/\/darshion.com\/product\/ds20-desk-mat-bulk\/","url":"https:\/\/darshion.com\/product\/ds20-desk-mat-bulk\/","name":"DS20 15W RGB Wireless Charging Mat Bulk - darshion","isPartOf":{"@id":"https:\/\/darshion.com\/#website"},"primaryImageOfPage":{"@id":"https:\/\/darshion.com\/product\/ds20-desk-mat-bulk\/#primaryimage"},"image":{"@id":"https:\/\/darshion.com\/product\/ds20-desk-mat-bulk\/#primaryimage"},"thumbnailUrl":"https:\/\/darshion.com\/wp-content\/uploads\/2024\/05\/O1CN01AohPqk2DQgTEGZvVb_2210221638604-0-cib.jpg","datePublished":"2024-07-19T06:43:21+00:00","dateModified":"2024-07-19T06:43:21+00:00","breadcrumb":{"@id":"https:\/\/darshion.com\/product\/ds20-desk-mat-bulk\/#breadcrumb"},"inLanguage":"fr-FR","potentialAction":[{"@type":"ReadAction","target":["https:\/\/darshion.com\/product\/ds20-desk-mat-bulk\/"]}]},{"@type":"ImageObject","inLanguage":"fr-FR","@id":"https:\/\/darshion.com\/product\/ds20-desk-mat-bulk\/#primaryimage","url":"https:\/\/darshion.com\/wp-content\/uploads\/2024\/05\/O1CN01AohPqk2DQgTEGZvVb_2210221638604-0-cib.jpg","contentUrl":"https:\/\/darshion.com\/wp-content\/uploads\/2024\/05\/O1CN01AohPqk2DQgTEGZvVb_2210221638604-0-cib.jpg","width":1500,"height":1500,"caption":"wireless charging mouse pad"},{"@type":"BreadcrumbList","@id":"https:\/\/darshion.com\/product\/ds20-desk-mat-bulk\/#breadcrumb","itemListElement":[{"@type":"ListItem","position":1,"name":"\u9996\u9875","item":"https:\/\/darshion.com\/"},{"@type":"ListItem","position":2,"name":"PRODUCT","item":"https:\/\/darshion.com\/pt\/product\/"},{"@type":"ListItem","position":3,"name":"DS20 15W RGB Wireless Charging Desk Mat Bulk"}]},{"@type":"WebSite","@id":"https:\/\/darshion.com\/#website","url":"https:\/\/darshion.com\/","name":"darshion","description":"14 ans d'exp\u00e9rience, assurance qualit\u00e9, conception innovante","publisher":{"@id":"https:\/\/darshion.com\/#organization"},"potentialAction":[{"@type":"SearchAction","target":{"@type":"EntryPoint","urlTemplate":"https:\/\/darshion.com\/?s={search_term_string}"},"query-input":{"@type":"PropertyValueSpecification","valueRequired":true,"valueName":"search_term_string"}}],"inLanguage":"fr-FR"},{"@type":"Organization","@id":"https:\/\/darshion.com\/#organization","name":"darshion","url":"https:\/\/darshion.com\/","logo":{"@type":"ImageObject","inLanguage":"fr-FR","@id":"https:\/\/darshion.com\/#\/schema\/logo\/image\/","url":"https:\/\/darshion.com\/wp-content\/uploads\/2023\/09\/01-1.png","contentUrl":"https:\/\/darshion.com\/wp-content\/uploads\/2023\/09\/01-1.png","width":350,"height":100,"caption":"darshion"},"image":{"@id":"https:\/\/darshion.com\/#\/schema\/logo\/image\/"}}]}},"_links":{"self":[{"href":"https:\/\/darshion.com\/fr\/wp-json\/wp\/v2\/product\/2268"}],"collection":[{"href":"https:\/\/darshion.com\/fr\/wp-json\/wp\/v2\/product"}],"about":[{"href":"https:\/\/darshion.com\/fr\/wp-json\/wp\/v2\/types\/product"}],"replies":[{"embeddable":true,"href":"https:\/\/darshion.com\/fr\/wp-json\/wp\/v2\/comments?post=2268"}],"wp:featuredmedia":[{"embeddable":true,"href":"https:\/\/darshion.com\/fr\/wp-json\/wp\/v2\/media\/2271"}],"wp:attachment":[{"href":"https:\/\/darshion.com\/fr\/wp-json\/wp\/v2\/media?parent=2268"}],"wp:term":[{"taxonomy":"product_cat","embeddable":true,"href":"https:\/\/darshion.com\/fr\/wp-json\/wp\/v2\/product_cat?post=2268"},{"taxonomy":"product_tag","embeddable":true,"href":"https:\/\/darshion.com\/fr\/wp-json\/wp\/v2\/product_tag?post=2268"}],"curies":[{"name":"wp","href":"https:\/\/api.w.org\/{rel}","templated":true}]}}