{"id":2298,"date":"2024-05-28T11:17:16","date_gmt":"2024-05-28T03:17:16","guid":{"rendered":"https:\/\/darshion.com\/?post_type=product&#038;p=2298"},"modified":"2026-03-07T12:52:25","modified_gmt":"2026-03-07T04:52:25","slug":"desk-mat-manufacturers","status":"publish","type":"product","link":"https:\/\/darshion.com\/fr\/produit\/desk-mat-manufacturers\/","title":{"rendered":"Tapis de souris pour jeux XXXXL Tapis de bureau Fabricants"},"content":{"rendered":"<h1>Tapis de bureau fabricant et fournisseur en gros<\/h1>\n<h2>Tapis de bureau sur mesure Fabrique de tapis de bureau pour les commandes en gros et en masse<\/h2>\n<p>Darshion est un fabricant professionnel de tapis de bureau sp\u00e9cialis\u00e9 dans la production en gros et en masse pour les marques, les distributeurs, les acheteurs de projets et les vendeurs \u00e0 grande \u00e9chelle.<\/p>\n<p>Nous fournissons des tapis de bureau OEM et ODM avec des options de personnalisation compl\u00e8tes, y compris la taille, le mat\u00e9riau, l'impression de surface, la couture des bords et l'emballage. Notre usine propose des quantit\u00e9s minimales \u00e0 partir de 500 unit\u00e9s et une production de masse stable pour une coop\u00e9ration \u00e0 long terme.<\/p>\n<h2>Tapis de bureau en gros avec personnalisation OEM et ODM<\/h2>\n<p>Nos tapis de bureau en gros sont largement utilis\u00e9s pour le merchandising des marques, l'am\u00e9nagement des bureaux, les projets promotionnels et la distribution au d\u00e9tail.<\/p>\n<p>Les options de personnalisation comprennent :<br \/>\n- Sublimation en couleur ou impression de logo<br \/>\n- Base en caoutchouc, surface en tissu, options en cuir PU<br \/>\n- Taille, \u00e9paisseur et couture des bords sur mesure<br \/>\n- Label priv\u00e9 et emballage pr\u00eat \u00e0 l'emploi<\/p>\n<p>Nous aidons nos partenaires \u00e0 cr\u00e9er des produits diff\u00e9renci\u00e9s pour les march\u00e9s concurrentiels.<\/p>\n<h2>Tapis de bureau pour les applications de bureau, de jeu et de marque<\/h2>\n<p>Nos tapis de bureau sont con\u00e7us pour \u00eatre durables et confortables. Ils conviennent \u00e0 une utilisation au bureau, \u00e0 des configurations de jeu et \u00e0 des lignes de produits de marque. Ils sont fabriqu\u00e9s pour l'approvisionnement en vrac et la distribution en gros, et non pour la vente au d\u00e9tail individuelle.<\/p>\n<h2>Fabrication de tapis de bureau en vrac avec faible MOQ<\/h2>\n<p>Notre MOQ standard pour les commandes de tapis de bureau en vrac est de 500 unit\u00e9s, en fonction des exigences de personnalisation. Gr\u00e2ce \u00e0 des lignes de production matures et \u00e0 un contr\u00f4le de qualit\u00e9 strict, nous garantissons une qualit\u00e9 et une livraison constantes pour les commandes r\u00e9p\u00e9t\u00e9es.<\/p>\n<p>\u3010Professional Gaming Mouse Pad\u3011Il s'agit d'un grand tapis de souris gaming professionnel, notre tapis de souris gaming peut vous aider \u00e0 maximiser la fluidit\u00e9 et la pr\u00e9cision du contr\u00f4le de votre souris, la surface ultra lisse du tapis de souris gaming professionnel vous permet de d\u00e9placer la souris sans effort \u00e0 tout moment pour un suivi pr\u00e9cis, afin que tous les joueurs passionn\u00e9s puissent avoir la meilleure exp\u00e9rience de jeu, utilisez ce grand tapis de souris gaming professionnel pour faire ressortir votre niveau de jeu parfait\uff01.<br \/>\n\u3010Haute stabilit\u00e9, durabilit\u00e9 et confort\u3011Ce grand tapis de souris de jeu a la stabilit\u00e9 la plus puissante, la durabilit\u00e9 et le confort ! R\u00e9soudre tous les probl\u00e8mes sur le march\u00e9 des bords pli\u00e9s du tapis de souris, du mat\u00e9riel de tapis de souris de mauvaise qualit\u00e9, de l'odeur du tapis de souris et de l'utilisation inconfortable du tapis de souris et ainsi de suite ! Nos tapis de souris ont \u00e9t\u00e9 test\u00e9s pendant d'innombrables heures et d'innombrables fois afin de fournir les meilleurs tapis de souris \u00e0 tous les joueurs !<br \/>\n\u3010Best Quality Material &amp; Strongest Anti-slip Performance\u3011Notre grande surface de tapis de souris de jeu est enti\u00e8rement faite de tissu lycra de haute pr\u00e9cision de la meilleure qualit\u00e9 pour s'assurer qu'il reste plat lorsque vous utilisez ce tapis de souris de jeu. La base antid\u00e9rapante en caoutchouc sur le fond du tapis de souris gaming maintient le tapis de souris fermement en place et fournit la performance antid\u00e9rapante la plus forte, et ce tapis de souris gaming est recouvert d'un rev\u00eatement imperm\u00e9able \u00e0 l'eau qui emp\u00eache les d\u00e9versements ou les salissures, est facile \u00e0 nettoyer et est sans odeur. Ce tapis de souris gaming de grande taille vous offrira une stabilit\u00e9, une durabilit\u00e9 et un confort optimaux.<br \/>\n\u3010Extra Large Extended XXXL Size Gaming Mouse Pad\u3011Notre grand tapis de souris gaming , plus long et plus large que les autres tapis de souris, ce grand tapis de souris gaming offre beaucoup d'espace pour votre souris et votre clavier, fournissant une plus grande surface lisse et sans obstruction pour les sessions de jeu professionnelles, et ce tapis de souris gaming prot\u00e8ge \u00e9galement votre bureau. L'\u00e9paisseur de 2 mm du tapis de souris gaming permet non seulement de r\u00e9duire le bruit, mais aussi d'assurer une exp\u00e9rience plus confortable pour vos mains.<br \/>\n\u3010Multifunctional Mouse Pad\u3011Notre grand tapis de souris de jeu ne vous donne pas seulement la meilleure performance lors du jeu, ce tapis de souris est \u00e9galement un assistant \u00e0 multiples facettes pour votre bureau \u00e0 domicile, l'\u00e9tude et le travail de bureau. La taille agrandie et allong\u00e9e du grand tapis de souris xl offre un espace d'activit\u00e9 plus confortable et plus spacieux tout en prot\u00e9geant votre bureau. Le beau motif du tapis de souris de bureau peut \u00e9galement ajouter une atmosph\u00e8re relaxante \u00e0 votre bureau. Il s'agit d'un tapis de souris multifonctionnel \u00e0 la fois pratique et beau.<\/p>\n<p><img fetchpriority=\"high\" decoding=\"async\" class=\"size-full wp-image-2305\" src=\"https:\/\/darshion.com\/wp-content\/uploads\/2024\/05\/Full-Desk-Mouse-Pad.jpg\" alt=\"Full Desk Mouse Pad\" width=\"1464\" height=\"600\" srcset=\"https:\/\/darshion.com\/wp-content\/uploads\/2024\/05\/Full-Desk-Mouse-Pad.jpg 1464w, https:\/\/darshion.com\/wp-content\/uploads\/2024\/05\/Full-Desk-Mouse-Pad-300x123.jpg 300w, https:\/\/darshion.com\/wp-content\/uploads\/2024\/05\/Full-Desk-Mouse-Pad-1024x420.jpg 1024w, https:\/\/darshion.com\/wp-content\/uploads\/2024\/05\/Full-Desk-Mouse-Pad-768x315.jpg 768w, https:\/\/darshion.com\/wp-content\/uploads\/2024\/05\/Full-Desk-Mouse-Pad-600x246.jpg 600w\" sizes=\"(max-width: 1464px) 100vw, 1464px\" \/><\/p>\n<table class=\"apm-fixed-width apm-eventhirdcol-table\" style=\"height: 566px;\" width=\"474\">\n<tbody>\n<tr>\n<th class=\"apm-center\"><span style=\"font-weight: 400;\"><img decoding=\"async\" class=\"size-full wp-image-2304\" src=\"https:\/\/darshion.com\/wp-content\/uploads\/2024\/05\/f0eff780-12f1-4eeb-8c09-f5c1a4c3b575.__CR00300225_PT0_SX300_V1___.jpg\" alt=\"xxxxl mouse pad\" width=\"300\" height=\"225\" \/><\/span><\/th>\n<th class=\"apm-center\"><span style=\"font-weight: 400;\"><img decoding=\"async\" class=\"size-full wp-image-2302\" src=\"https:\/\/darshion.com\/wp-content\/uploads\/2024\/05\/e5882a06-82f0-40e7-b46a-b5fd7878b0ed.__CR00300225_PT0_SX300_V1___.jpg\" alt=\"xxxxl mouse pad\" width=\"300\" height=\"225\" \/><\/span><\/th>\n<th class=\"apm-center\"><span style=\"font-weight: 400;\"><img loading=\"lazy\" decoding=\"async\" class=\"size-full wp-image-2301\" src=\"https:\/\/darshion.com\/wp-content\/uploads\/2024\/05\/476a90b3-1584-4bd6-98d3-390979d77c08.__CR00300225_PT0_SX300_V1___.jpg\" alt=\"xxxxl mouse pad\" width=\"300\" height=\"225\" \/><\/span><\/th>\n<th class=\"apm-center\"><span style=\"font-weight: 400;\"><img loading=\"lazy\" decoding=\"async\" class=\"size-full wp-image-2303\" src=\"https:\/\/darshion.com\/wp-content\/uploads\/2024\/05\/ec1dcddc-3d07-4e10-b350-1aaf0e3bbac3.__CR00300225_PT0_SX300_V1___.jpg\" alt=\"xxxxl mouse pad\" width=\"300\" height=\"225\" \/><\/span><\/th>\n<\/tr>\n<tr>\n<td class=\"apm-top\">\n<div class=\"a-section a-spacing-none column-heading\">\n<h4 class=\"aplus-h3 a-text-bold\"><span style=\"font-weight: 400;\">Surface r\u00e9sistante \u00e0 l'usure<\/span><\/h4>\n<\/div>\n<div class=\"a-section a-spacing-none column-description\">\n<p class=\"aplus-p3\">La surface en tissu lycra emp\u00eache les rayures dues aux objets pointus tels que les couverts et les stylos.<\/p>\n<\/div>\n<\/td>\n<td class=\"apm-top\">\n<div class=\"apm-eventhirdcol apm-floatleft\">\n<div class=\"a-section a-spacing-none column-heading\">\n<h4 class=\"aplus-h3 a-text-bold\"><span style=\"font-weight: 400;\">R\u00e9sistant aux plis<\/span><\/h4>\n<\/div>\n<div class=\"a-section a-spacing-none column-description\">\n<p class=\"aplus-p3\">La base en caoutchouc naturel est flexible, de sorte que vous n'avez pas \u00e0 craindre que votre tapis de souris se froisse ou se brise apr\u00e8s une utilisation prolong\u00e9e.<\/p>\n<\/div>\n<\/div>\n<\/td>\n<td class=\"apm-top\">\n<div class=\"apm-eventhirdcol apm-floatleft\">\n<div class=\"a-section a-spacing-none column-heading\">\n<h4 class=\"aplus-h3 a-text-bold\"><span style=\"font-weight: 400;\">R\u00e9sistant \u00e0 l'eau et \u00e0 l'huile<\/span><\/h4>\n<\/div>\n<div class=\"a-section a-spacing-none column-description\">\n<p class=\"aplus-p3\">La surface est recouverte d'un rev\u00eatement imperm\u00e9able, qui r\u00e9siste facilement \u00e0 l'eau et \u00e0 l'huile, et qui est tr\u00e8s facile \u00e0 nettoyer et \u00e0 entretenir.<\/p>\n<\/div>\n<\/div>\n<\/td>\n<td class=\"apm-top\">\n<div class=\"apm-eventhirdcol apm-floatleft\">\n<div class=\"a-section a-spacing-none column-heading\">\n<h4 class=\"aplus-h3 a-text-bold\"><span style=\"font-weight: 400;\">Durabilit\u00e9 Bords cousus<\/span><\/h4>\n<\/div>\n<div class=\"a-section a-spacing-none column-description\">\n<p class=\"aplus-p3\">Renforcement par double couture, con\u00e7u pour durer, emp\u00eachant l'effilochage et garantissant des performances constantes.<\/p>\n<\/div>\n<\/div>\n<\/td>\n<\/tr>\n<\/tbody>\n<\/table>\n<p>Q : Quel est votre MOQ pour les tapis de bureau en gros ?<br \/>\nR : Notre qualit\u00e9 de fabrication standard commence \u00e0 partir de 500 unit\u00e9s, en fonction de la taille et de la personnalisation.<\/p>\n<p>Q : Pouvez-vous fournir des tapis de bureau avec logo personnalis\u00e9 et OEM ?<br \/>\nR : Oui, nous fournissons des services OEM et ODM complets, y compris l'impression, les mat\u00e9riaux et l'emballage.<\/p>\n<p>Q : Les sous-mains sont-ils adapt\u00e9s aux projets de marque et d'entreprise ?<br \/>\nR : Oui, nos tapis de bureau sont largement utilis\u00e9s par les marques, les distributeurs et les entreprises.<\/p>","protected":false},"excerpt":{"rendered":"<p>Tapis de souris professionnel antid\u00e9rapant, Tapis de souris XXXL pour le jeu, le bureau et la maison, Tapis de souris de bureau complet<\/p>","protected":false},"featured_media":2279,"comment_status":"open","ping_status":"closed","template":"","meta":{"_monsterinsights_skip_tracking":false,"_monsterinsights_sitenote_active":false,"_monsterinsights_sitenote_note":"","_monsterinsights_sitenote_category":0},"product_cat":[100],"product_tag":[130,556],"yoast_head":"<!-- This site is optimized with the Yoast SEO Premium plugin v22.9 (Yoast SEO v24.0) - https:\/\/yoast.com\/wordpress\/plugins\/seo\/ -->\n<title>Big Mouse Pad for Gaming XXXXL Desk Mat Manufacturers<\/title>\n<meta name=\"description\" content=\"Darshion is a professional desk mat manufacturer and wholesale supplier offering custom desk mats in bulk. OEM &amp; ODM services, full color printing, low MOQ and factory direct pricing.\" \/>\n<meta name=\"robots\" content=\"index, follow, max-snippet:-1, max-image-preview:large, max-video-preview:-1\" \/>\n<link rel=\"canonical\" href=\"https:\/\/darshion.com\/fr\/produit\/desk-mat-manufacturers\/\" \/>\n<meta property=\"og:locale\" content=\"fr_FR\" \/>\n<meta property=\"og:type\" content=\"article\" \/>\n<meta property=\"og:title\" content=\"Big Mouse Pad for Gaming XXXXL Desk Mat Manufacturers\" \/>\n<meta property=\"og:description\" content=\"Darshion is a professional desk mat manufacturer and wholesale supplier offering custom desk mats in bulk. OEM &amp; ODM services, full color printing, low MOQ and factory direct pricing.\" \/>\n<meta property=\"og:url\" content=\"https:\/\/darshion.com\/fr\/produit\/desk-mat-manufacturers\/\" \/>\n<meta property=\"og:site_name\" content=\"darshion\" \/>\n<meta property=\"article:modified_time\" content=\"2026-03-07T04:52:25+00:00\" \/>\n<meta property=\"og:image\" content=\"https:\/\/darshion.com\/wp-content\/uploads\/2024\/05\/12.jpg\" \/>\n\t<meta property=\"og:image:width\" content=\"768\" \/>\n\t<meta property=\"og:image:height\" content=\"768\" \/>\n\t<meta property=\"og:image:type\" content=\"image\/jpeg\" \/>\n<meta name=\"twitter:card\" content=\"summary_large_image\" \/>\n<meta name=\"twitter:label1\" content=\"Dur\u00e9e de lecture estim\u00e9e\" \/>\n\t<meta name=\"twitter:data1\" content=\"5 minutes\" \/>\n<script type=\"application\/ld+json\" class=\"yoast-schema-graph\">{\"@context\":\"https:\/\/schema.org\",\"@graph\":[{\"@type\":\"WebPage\",\"@id\":\"https:\/\/darshion.com\/product\/desk-mat-manufacturers\/\",\"url\":\"https:\/\/darshion.com\/product\/desk-mat-manufacturers\/\",\"name\":\"Big Mouse Pad for Gaming XXXXL Desk Mat Manufacturers\",\"isPartOf\":{\"@id\":\"https:\/\/darshion.com\/#website\"},\"primaryImageOfPage\":{\"@id\":\"https:\/\/darshion.com\/product\/desk-mat-manufacturers\/#primaryimage\"},\"image\":{\"@id\":\"https:\/\/darshion.com\/product\/desk-mat-manufacturers\/#primaryimage\"},\"thumbnailUrl\":\"https:\/\/darshion.com\/wp-content\/uploads\/2024\/05\/12.jpg\",\"datePublished\":\"2024-05-28T03:17:16+00:00\",\"dateModified\":\"2026-03-07T04:52:25+00:00\",\"description\":\"Darshion is a professional desk mat manufacturer and wholesale supplier offering custom desk mats in bulk. OEM & ODM services, full color printing, low MOQ and factory direct pricing.\",\"breadcrumb\":{\"@id\":\"https:\/\/darshion.com\/product\/desk-mat-manufacturers\/#breadcrumb\"},\"inLanguage\":\"fr-FR\",\"potentialAction\":[{\"@type\":\"ReadAction\",\"target\":[\"https:\/\/darshion.com\/product\/desk-mat-manufacturers\/\"]}]},{\"@type\":\"ImageObject\",\"inLanguage\":\"fr-FR\",\"@id\":\"https:\/\/darshion.com\/product\/desk-mat-manufacturers\/#primaryimage\",\"url\":\"https:\/\/darshion.com\/wp-content\/uploads\/2024\/05\/12.jpg\",\"contentUrl\":\"https:\/\/darshion.com\/wp-content\/uploads\/2024\/05\/12.jpg\",\"width\":768,\"height\":768,\"caption\":\"xxxxl mouse pad\"},{\"@type\":\"BreadcrumbList\",\"@id\":\"https:\/\/darshion.com\/product\/desk-mat-manufacturers\/#breadcrumb\",\"itemListElement\":[{\"@type\":\"ListItem\",\"position\":1,\"name\":\"\u9996\u9875\",\"item\":\"https:\/\/darshion.com\/\"},{\"@type\":\"ListItem\",\"position\":2,\"name\":\"PRODUCT\",\"item\":\"https:\/\/darshion.com\/pt\/product\/\"},{\"@type\":\"ListItem\",\"position\":3,\"name\":\"Big Mouse Pad for Gaming XXXXL Desk Mat Manufacturers\"}]},{\"@type\":\"WebSite\",\"@id\":\"https:\/\/darshion.com\/#website\",\"url\":\"https:\/\/darshion.com\/\",\"name\":\"darshion\",\"description\":\"14 Years of Experience, Quality Assurance, Innovative Design\",\"publisher\":{\"@id\":\"https:\/\/darshion.com\/#organization\"},\"potentialAction\":[{\"@type\":\"SearchAction\",\"target\":{\"@type\":\"EntryPoint\",\"urlTemplate\":\"https:\/\/darshion.com\/?s={search_term_string}\"},\"query-input\":{\"@type\":\"PropertyValueSpecification\",\"valueRequired\":true,\"valueName\":\"search_term_string\"}}],\"inLanguage\":\"fr-FR\"},{\"@type\":\"Organization\",\"@id\":\"https:\/\/darshion.com\/#organization\",\"name\":\"darshion\",\"url\":\"https:\/\/darshion.com\/\",\"logo\":{\"@type\":\"ImageObject\",\"inLanguage\":\"fr-FR\",\"@id\":\"https:\/\/darshion.com\/#\/schema\/logo\/image\/\",\"url\":\"https:\/\/darshion.com\/wp-content\/uploads\/2023\/09\/01-1.png\",\"contentUrl\":\"https:\/\/darshion.com\/wp-content\/uploads\/2023\/09\/01-1.png\",\"width\":350,\"height\":100,\"caption\":\"darshion\"},\"image\":{\"@id\":\"https:\/\/darshion.com\/#\/schema\/logo\/image\/\"}}]}<\/script>\n<!-- \/ Yoast SEO Premium plugin. -->","yoast_head_json":{"title":"Tapis de souris pour jeux XXXXL Tapis de bureau Fabricants","description":"Darshion est un fabricant professionnel de tapis de bureau et un fournisseur en gros offrant des tapis de bureau personnalis\u00e9s en vrac. Services OEM et ODM, impression en couleur, faible MOQ et prix direct usine.","robots":{"index":"index","follow":"follow","max-snippet":"max-snippet:-1","max-image-preview":"max-image-preview:large","max-video-preview":"max-video-preview:-1"},"canonical":"https:\/\/darshion.com\/fr\/produit\/desk-mat-manufacturers\/","og_locale":"fr_FR","og_type":"article","og_title":"Big Mouse Pad for Gaming XXXXL Desk Mat Manufacturers","og_description":"Darshion is a professional desk mat manufacturer and wholesale supplier offering custom desk mats in bulk. OEM & ODM services, full color printing, low MOQ and factory direct pricing.","og_url":"https:\/\/darshion.com\/fr\/produit\/desk-mat-manufacturers\/","og_site_name":"darshion","article_modified_time":"2026-03-07T04:52:25+00:00","og_image":[{"width":768,"height":768,"url":"https:\/\/darshion.com\/wp-content\/uploads\/2024\/05\/12.jpg","type":"image\/jpeg"}],"twitter_card":"summary_large_image","twitter_misc":{"Dur\u00e9e de lecture estim\u00e9e":"5 minutes"},"schema":{"@context":"https:\/\/schema.org","@graph":[{"@type":"WebPage","@id":"https:\/\/darshion.com\/product\/desk-mat-manufacturers\/","url":"https:\/\/darshion.com\/product\/desk-mat-manufacturers\/","name":"Tapis de souris pour jeux XXXXL Tapis de bureau Fabricants","isPartOf":{"@id":"https:\/\/darshion.com\/#website"},"primaryImageOfPage":{"@id":"https:\/\/darshion.com\/product\/desk-mat-manufacturers\/#primaryimage"},"image":{"@id":"https:\/\/darshion.com\/product\/desk-mat-manufacturers\/#primaryimage"},"thumbnailUrl":"https:\/\/darshion.com\/wp-content\/uploads\/2024\/05\/12.jpg","datePublished":"2024-05-28T03:17:16+00:00","dateModified":"2026-03-07T04:52:25+00:00","description":"Darshion est un fabricant professionnel de tapis de bureau et un fournisseur en gros offrant des tapis de bureau personnalis\u00e9s en vrac. Services OEM et ODM, impression en couleur, faible MOQ et prix direct usine.","breadcrumb":{"@id":"https:\/\/darshion.com\/product\/desk-mat-manufacturers\/#breadcrumb"},"inLanguage":"fr-FR","potentialAction":[{"@type":"ReadAction","target":["https:\/\/darshion.com\/product\/desk-mat-manufacturers\/"]}]},{"@type":"ImageObject","inLanguage":"fr-FR","@id":"https:\/\/darshion.com\/product\/desk-mat-manufacturers\/#primaryimage","url":"https:\/\/darshion.com\/wp-content\/uploads\/2024\/05\/12.jpg","contentUrl":"https:\/\/darshion.com\/wp-content\/uploads\/2024\/05\/12.jpg","width":768,"height":768,"caption":"xxxxl mouse pad"},{"@type":"BreadcrumbList","@id":"https:\/\/darshion.com\/product\/desk-mat-manufacturers\/#breadcrumb","itemListElement":[{"@type":"ListItem","position":1,"name":"\u9996\u9875","item":"https:\/\/darshion.com\/"},{"@type":"ListItem","position":2,"name":"PRODUCT","item":"https:\/\/darshion.com\/pt\/product\/"},{"@type":"ListItem","position":3,"name":"Big Mouse Pad for Gaming XXXXL Desk Mat Manufacturers"}]},{"@type":"WebSite","@id":"https:\/\/darshion.com\/#website","url":"https:\/\/darshion.com\/","name":"darshion","description":"14 ans d'exp\u00e9rience, assurance qualit\u00e9, conception innovante","publisher":{"@id":"https:\/\/darshion.com\/#organization"},"potentialAction":[{"@type":"SearchAction","target":{"@type":"EntryPoint","urlTemplate":"https:\/\/darshion.com\/?s={search_term_string}"},"query-input":{"@type":"PropertyValueSpecification","valueRequired":true,"valueName":"search_term_string"}}],"inLanguage":"fr-FR"},{"@type":"Organization","@id":"https:\/\/darshion.com\/#organization","name":"darshion","url":"https:\/\/darshion.com\/","logo":{"@type":"ImageObject","inLanguage":"fr-FR","@id":"https:\/\/darshion.com\/#\/schema\/logo\/image\/","url":"https:\/\/darshion.com\/wp-content\/uploads\/2023\/09\/01-1.png","contentUrl":"https:\/\/darshion.com\/wp-content\/uploads\/2023\/09\/01-1.png","width":350,"height":100,"caption":"darshion"},"image":{"@id":"https:\/\/darshion.com\/#\/schema\/logo\/image\/"}}]}},"_links":{"self":[{"href":"https:\/\/darshion.com\/fr\/wp-json\/wp\/v2\/product\/2298"}],"collection":[{"href":"https:\/\/darshion.com\/fr\/wp-json\/wp\/v2\/product"}],"about":[{"href":"https:\/\/darshion.com\/fr\/wp-json\/wp\/v2\/types\/product"}],"replies":[{"embeddable":true,"href":"https:\/\/darshion.com\/fr\/wp-json\/wp\/v2\/comments?post=2298"}],"wp:featuredmedia":[{"embeddable":true,"href":"https:\/\/darshion.com\/fr\/wp-json\/wp\/v2\/media\/2279"}],"wp:attachment":[{"href":"https:\/\/darshion.com\/fr\/wp-json\/wp\/v2\/media?parent=2298"}],"wp:term":[{"taxonomy":"product_cat","embeddable":true,"href":"https:\/\/darshion.com\/fr\/wp-json\/wp\/v2\/product_cat?post=2298"},{"taxonomy":"product_tag","embeddable":true,"href":"https:\/\/darshion.com\/fr\/wp-json\/wp\/v2\/product_tag?post=2298"}],"curies":[{"name":"wp","href":"https:\/\/api.w.org\/{rel}","templated":true}]}}