{"id":2421,"date":"2024-06-05T17:13:08","date_gmt":"2024-06-05T09:13:08","guid":{"rendered":"https:\/\/darshion.com\/?post_type=product&#038;p=2421"},"modified":"2024-07-09T17:11:01","modified_gmt":"2024-07-09T09:11:01","slug":"rgb-gaming-mouse-v6","status":"publish","type":"product","link":"https:\/\/darshion.com\/fr\/produit\/rgb-gaming-mouse-v6\/","title":{"rendered":"Souris de jeu filaire RVB V6 Fabricant de souris de jeu pour ordinateur"},"content":{"rendered":"<p><strong>Caract\u00e9ristiques :<\/strong><br \/>\n1. Conception ergonomique, adapt\u00e9e \u00e0 tous les types de mains et d'ordinateurs.<br \/>\n2. 6 touches, plus pratiques pour les op\u00e9rations de jeu<br \/>\n3. 3 types de DPI r\u00e9glables pour un positionnement pr\u00e9cis<br \/>\n4. Param\u00e8tres macro personnalis\u00e9s, parfaitement adapt\u00e9s aux jeux plus complexes<br \/>\n5. Bien emball\u00e9 dans sa bo\u00eete d'origine, c'est un tr\u00e8s bon cadeau pour vos amis.<\/p>\n<p><strong>Sp\u00e9cification :<\/strong><br \/>\nQuantit\u00e9 de touches : 6 boutons (y compris la molette)<br \/>\nCommutateur DPI : 1200\/1600\/2400 DPI r\u00e9glable<br \/>\nDur\u00e9e de vie de la cl\u00e9 : 10 millions de fois<br \/>\nTaille : 133* 78 * 40 mm<br \/>\nPoids : environ 157g<br \/>\nCouleur : Noir<br \/>\nLongueur du c\u00e2ble USB : environ 160 cm<br \/>\nCouleur de la lumi\u00e8re de respiration : modifiable (appuyez sur la touche \"DPI\" et la touche lat\u00e9rale \"Forward\" de la souris pour activer\/d\u00e9sactiver le r\u00e9tro\u00e9clairage)<br \/>\nUtilisateur pour : Les joueurs haut de gamme et les joueurs professionnels de Dota, LOL, CSGO, etc.<br \/>\nWarm Tips:La \"roue\" sur le c\u00f4t\u00e9 de la souris n'est qu'une d\u00e9coration, elle ne peut pas tourner.<\/p>\n<p><strong>Le paquet comprend :<\/strong><br \/>\n1 x V6 Wired Computer Gaming Mouse (avec bo\u00eete d'origine)<br \/>\n1x Manuel de l'utilisateur<\/p>\n<p><img fetchpriority=\"high\" decoding=\"async\" class=\"alignnone size-full wp-image-2424\" src=\"https:\/\/darshion.com\/wp-content\/uploads\/2024\/06\/1-4.jpg\" alt=\"\" width=\"790\" height=\"1049\" srcset=\"https:\/\/darshion.com\/wp-content\/uploads\/2024\/06\/1-4.jpg 790w, https:\/\/darshion.com\/wp-content\/uploads\/2024\/06\/1-4-226x300.jpg 226w, https:\/\/darshion.com\/wp-content\/uploads\/2024\/06\/1-4-771x1024.jpg 771w, https:\/\/darshion.com\/wp-content\/uploads\/2024\/06\/1-4-768x1020.jpg 768w, https:\/\/darshion.com\/wp-content\/uploads\/2024\/06\/1-4-600x797.jpg 600w\" sizes=\"(max-width: 790px) 100vw, 790px\" \/> <img decoding=\"async\" class=\"alignnone size-full wp-image-2425\" src=\"https:\/\/darshion.com\/wp-content\/uploads\/2024\/06\/2-4.jpg\" alt=\"\" width=\"790\" height=\"1049\" srcset=\"https:\/\/darshion.com\/wp-content\/uploads\/2024\/06\/2-4.jpg 790w, https:\/\/darshion.com\/wp-content\/uploads\/2024\/06\/2-4-226x300.jpg 226w, https:\/\/darshion.com\/wp-content\/uploads\/2024\/06\/2-4-771x1024.jpg 771w, https:\/\/darshion.com\/wp-content\/uploads\/2024\/06\/2-4-768x1020.jpg 768w, https:\/\/darshion.com\/wp-content\/uploads\/2024\/06\/2-4-600x797.jpg 600w\" sizes=\"(max-width: 790px) 100vw, 790px\" \/> <img decoding=\"async\" class=\"alignnone size-full wp-image-2426\" src=\"https:\/\/darshion.com\/wp-content\/uploads\/2024\/06\/3-4.jpg\" alt=\"\" width=\"800\" height=\"800\" srcset=\"https:\/\/darshion.com\/wp-content\/uploads\/2024\/06\/3-4.jpg 800w, https:\/\/darshion.com\/wp-content\/uploads\/2024\/06\/3-4-300x300.jpg 300w, https:\/\/darshion.com\/wp-content\/uploads\/2024\/06\/3-4-150x150.jpg 150w, https:\/\/darshion.com\/wp-content\/uploads\/2024\/06\/3-4-768x768.jpg 768w, https:\/\/darshion.com\/wp-content\/uploads\/2024\/06\/3-4-600x600.jpg 600w, https:\/\/darshion.com\/wp-content\/uploads\/2024\/06\/3-4-100x100.jpg 100w\" sizes=\"(max-width: 800px) 100vw, 800px\" \/> <img loading=\"lazy\" decoding=\"async\" class=\"alignnone size-full wp-image-2427\" src=\"https:\/\/darshion.com\/wp-content\/uploads\/2024\/06\/4-4.jpg\" alt=\"\" width=\"790\" height=\"862\" srcset=\"https:\/\/darshion.com\/wp-content\/uploads\/2024\/06\/4-4.jpg 790w, https:\/\/darshion.com\/wp-content\/uploads\/2024\/06\/4-4-275x300.jpg 275w, https:\/\/darshion.com\/wp-content\/uploads\/2024\/06\/4-4-768x838.jpg 768w, https:\/\/darshion.com\/wp-content\/uploads\/2024\/06\/4-4-600x655.jpg 600w\" sizes=\"(max-width: 790px) 100vw, 790px\" \/><\/p>","protected":false},"excerpt":{"rendered":"<p class=\"pro_single_title\">Souris de jeu filaire V6 RGB pour ordinateur<\/p>","protected":false},"featured_media":2428,"comment_status":"open","ping_status":"closed","template":"","meta":{"_monsterinsights_skip_tracking":false,"_monsterinsights_sitenote_active":false,"_monsterinsights_sitenote_note":"","_monsterinsights_sitenote_category":0},"product_cat":[542],"product_tag":[],"yoast_head":"<!-- This site is optimized with the Yoast SEO Premium plugin v22.9 (Yoast SEO v24.0) - https:\/\/yoast.com\/wordpress\/plugins\/seo\/ -->\n<title>V6 RGB Wired Computer Gaming Mouse Manufacturer - darshion<\/title>\n<meta name=\"robots\" content=\"index, follow, max-snippet:-1, max-image-preview:large, max-video-preview:-1\" \/>\n<link rel=\"canonical\" href=\"https:\/\/darshion.com\/fr\/urun\/rgb-gaming-mouse-v6\/\" \/>\n<meta property=\"og:locale\" content=\"fr_FR\" \/>\n<meta property=\"og:type\" content=\"article\" \/>\n<meta property=\"og:title\" content=\"V6 RGB Wired Computer Gaming Mouse Manufacturer\" \/>\n<meta property=\"og:description\" content=\"V6 RGB Wired Computer Gaming Mouse\" \/>\n<meta property=\"og:url\" content=\"https:\/\/darshion.com\/fr\/urun\/rgb-gaming-mouse-v6\/\" \/>\n<meta property=\"og:site_name\" content=\"darshion\" \/>\n<meta property=\"article:modified_time\" content=\"2024-07-09T09:11:01+00:00\" \/>\n<meta property=\"og:image\" content=\"https:\/\/darshion.com\/wp-content\/uploads\/2024\/06\/\u4e3b-1.webp\" \/>\n\t<meta property=\"og:image:width\" content=\"600\" \/>\n\t<meta property=\"og:image:height\" content=\"600\" \/>\n\t<meta property=\"og:image:type\" content=\"image\/webp\" \/>\n<meta name=\"twitter:card\" content=\"summary_large_image\" \/>\n<meta name=\"twitter:label1\" content=\"Dur\u00e9e de lecture estim\u00e9e\" \/>\n\t<meta name=\"twitter:data1\" content=\"2 minutes\" \/>\n<script type=\"application\/ld+json\" class=\"yoast-schema-graph\">{\"@context\":\"https:\/\/schema.org\",\"@graph\":[{\"@type\":\"WebPage\",\"@id\":\"https:\/\/darshion.com\/tr\/urun\/rgb-gaming-mouse-v6\/\",\"url\":\"https:\/\/darshion.com\/tr\/urun\/rgb-gaming-mouse-v6\/\",\"name\":\"V6 RGB Wired Computer Gaming Mouse Manufacturer - darshion\",\"isPartOf\":{\"@id\":\"https:\/\/darshion.com\/#website\"},\"primaryImageOfPage\":{\"@id\":\"https:\/\/darshion.com\/tr\/urun\/rgb-gaming-mouse-v6\/#primaryimage\"},\"image\":{\"@id\":\"https:\/\/darshion.com\/tr\/urun\/rgb-gaming-mouse-v6\/#primaryimage\"},\"thumbnailUrl\":\"https:\/\/darshion.com\/wp-content\/uploads\/2024\/06\/\u4e3b-1.webp\",\"datePublished\":\"2024-06-05T09:13:08+00:00\",\"dateModified\":\"2024-07-09T09:11:01+00:00\",\"breadcrumb\":{\"@id\":\"https:\/\/darshion.com\/tr\/urun\/rgb-gaming-mouse-v6\/#breadcrumb\"},\"inLanguage\":\"fr-FR\",\"potentialAction\":[{\"@type\":\"ReadAction\",\"target\":[\"https:\/\/darshion.com\/tr\/urun\/rgb-gaming-mouse-v6\/\"]}]},{\"@type\":\"ImageObject\",\"inLanguage\":\"fr-FR\",\"@id\":\"https:\/\/darshion.com\/tr\/urun\/rgb-gaming-mouse-v6\/#primaryimage\",\"url\":\"https:\/\/darshion.com\/wp-content\/uploads\/2024\/06\/\u4e3b-1.webp\",\"contentUrl\":\"https:\/\/darshion.com\/wp-content\/uploads\/2024\/06\/\u4e3b-1.webp\",\"width\":600,\"height\":600,\"caption\":\"V6 RGB Wired Gaming Mouse\"},{\"@type\":\"BreadcrumbList\",\"@id\":\"https:\/\/darshion.com\/tr\/urun\/rgb-gaming-mouse-v6\/#breadcrumb\",\"itemListElement\":[{\"@type\":\"ListItem\",\"position\":1,\"name\":\"\u9996\u9875\",\"item\":\"https:\/\/darshion.com\/\"},{\"@type\":\"ListItem\",\"position\":2,\"name\":\"PRODUCT\",\"item\":\"https:\/\/darshion.com\/pt\/product\/\"},{\"@type\":\"ListItem\",\"position\":3,\"name\":\"V6 RGB Wired Computer Gaming Mouse Manufacturer\"}]},{\"@type\":\"WebSite\",\"@id\":\"https:\/\/darshion.com\/#website\",\"url\":\"https:\/\/darshion.com\/\",\"name\":\"darshion\",\"description\":\"14 Years of Experience, Quality Assurance, Innovative Design\",\"publisher\":{\"@id\":\"https:\/\/darshion.com\/#organization\"},\"potentialAction\":[{\"@type\":\"SearchAction\",\"target\":{\"@type\":\"EntryPoint\",\"urlTemplate\":\"https:\/\/darshion.com\/?s={search_term_string}\"},\"query-input\":{\"@type\":\"PropertyValueSpecification\",\"valueRequired\":true,\"valueName\":\"search_term_string\"}}],\"inLanguage\":\"fr-FR\"},{\"@type\":\"Organization\",\"@id\":\"https:\/\/darshion.com\/#organization\",\"name\":\"darshion\",\"url\":\"https:\/\/darshion.com\/\",\"logo\":{\"@type\":\"ImageObject\",\"inLanguage\":\"fr-FR\",\"@id\":\"https:\/\/darshion.com\/#\/schema\/logo\/image\/\",\"url\":\"https:\/\/darshion.com\/wp-content\/uploads\/2023\/09\/01-1.png\",\"contentUrl\":\"https:\/\/darshion.com\/wp-content\/uploads\/2023\/09\/01-1.png\",\"width\":350,\"height\":100,\"caption\":\"darshion\"},\"image\":{\"@id\":\"https:\/\/darshion.com\/#\/schema\/logo\/image\/\"}}]}<\/script>\n<!-- \/ Yoast SEO Premium plugin. -->","yoast_head_json":{"title":"Souris de jeu filaire RVB V6 - darshion","robots":{"index":"index","follow":"follow","max-snippet":"max-snippet:-1","max-image-preview":"max-image-preview:large","max-video-preview":"max-video-preview:-1"},"canonical":"https:\/\/darshion.com\/fr\/urun\/rgb-gaming-mouse-v6\/","og_locale":"fr_FR","og_type":"article","og_title":"V6 RGB Wired Computer Gaming Mouse Manufacturer","og_description":"V6 RGB Wired Computer Gaming Mouse","og_url":"https:\/\/darshion.com\/fr\/urun\/rgb-gaming-mouse-v6\/","og_site_name":"darshion","article_modified_time":"2024-07-09T09:11:01+00:00","og_image":[{"width":600,"height":600,"url":"https:\/\/darshion.com\/wp-content\/uploads\/2024\/06\/\u4e3b-1.webp","type":"image\/webp"}],"twitter_card":"summary_large_image","twitter_misc":{"Dur\u00e9e de lecture estim\u00e9e":"2 minutes"},"schema":{"@context":"https:\/\/schema.org","@graph":[{"@type":"WebPage","@id":"https:\/\/darshion.com\/tr\/urun\/rgb-gaming-mouse-v6\/","url":"https:\/\/darshion.com\/tr\/urun\/rgb-gaming-mouse-v6\/","name":"Souris de jeu filaire RVB V6 - darshion","isPartOf":{"@id":"https:\/\/darshion.com\/#website"},"primaryImageOfPage":{"@id":"https:\/\/darshion.com\/tr\/urun\/rgb-gaming-mouse-v6\/#primaryimage"},"image":{"@id":"https:\/\/darshion.com\/tr\/urun\/rgb-gaming-mouse-v6\/#primaryimage"},"thumbnailUrl":"https:\/\/darshion.com\/wp-content\/uploads\/2024\/06\/\u4e3b-1.webp","datePublished":"2024-06-05T09:13:08+00:00","dateModified":"2024-07-09T09:11:01+00:00","breadcrumb":{"@id":"https:\/\/darshion.com\/tr\/urun\/rgb-gaming-mouse-v6\/#breadcrumb"},"inLanguage":"fr-FR","potentialAction":[{"@type":"ReadAction","target":["https:\/\/darshion.com\/tr\/urun\/rgb-gaming-mouse-v6\/"]}]},{"@type":"ImageObject","inLanguage":"fr-FR","@id":"https:\/\/darshion.com\/tr\/urun\/rgb-gaming-mouse-v6\/#primaryimage","url":"https:\/\/darshion.com\/wp-content\/uploads\/2024\/06\/\u4e3b-1.webp","contentUrl":"https:\/\/darshion.com\/wp-content\/uploads\/2024\/06\/\u4e3b-1.webp","width":600,"height":600,"caption":"V6 RGB Wired Gaming Mouse"},{"@type":"BreadcrumbList","@id":"https:\/\/darshion.com\/tr\/urun\/rgb-gaming-mouse-v6\/#breadcrumb","itemListElement":[{"@type":"ListItem","position":1,"name":"\u9996\u9875","item":"https:\/\/darshion.com\/"},{"@type":"ListItem","position":2,"name":"PRODUCT","item":"https:\/\/darshion.com\/pt\/product\/"},{"@type":"ListItem","position":3,"name":"V6 RGB Wired Computer Gaming Mouse Manufacturer"}]},{"@type":"WebSite","@id":"https:\/\/darshion.com\/#website","url":"https:\/\/darshion.com\/","name":"darshion","description":"14 ans d'exp\u00e9rience, assurance qualit\u00e9, conception innovante","publisher":{"@id":"https:\/\/darshion.com\/#organization"},"potentialAction":[{"@type":"SearchAction","target":{"@type":"EntryPoint","urlTemplate":"https:\/\/darshion.com\/?s={search_term_string}"},"query-input":{"@type":"PropertyValueSpecification","valueRequired":true,"valueName":"search_term_string"}}],"inLanguage":"fr-FR"},{"@type":"Organization","@id":"https:\/\/darshion.com\/#organization","name":"darshion","url":"https:\/\/darshion.com\/","logo":{"@type":"ImageObject","inLanguage":"fr-FR","@id":"https:\/\/darshion.com\/#\/schema\/logo\/image\/","url":"https:\/\/darshion.com\/wp-content\/uploads\/2023\/09\/01-1.png","contentUrl":"https:\/\/darshion.com\/wp-content\/uploads\/2023\/09\/01-1.png","width":350,"height":100,"caption":"darshion"},"image":{"@id":"https:\/\/darshion.com\/#\/schema\/logo\/image\/"}}]}},"_links":{"self":[{"href":"https:\/\/darshion.com\/fr\/wp-json\/wp\/v2\/product\/2421"}],"collection":[{"href":"https:\/\/darshion.com\/fr\/wp-json\/wp\/v2\/product"}],"about":[{"href":"https:\/\/darshion.com\/fr\/wp-json\/wp\/v2\/types\/product"}],"replies":[{"embeddable":true,"href":"https:\/\/darshion.com\/fr\/wp-json\/wp\/v2\/comments?post=2421"}],"wp:featuredmedia":[{"embeddable":true,"href":"https:\/\/darshion.com\/fr\/wp-json\/wp\/v2\/media\/2428"}],"wp:attachment":[{"href":"https:\/\/darshion.com\/fr\/wp-json\/wp\/v2\/media?parent=2421"}],"wp:term":[{"taxonomy":"product_cat","embeddable":true,"href":"https:\/\/darshion.com\/fr\/wp-json\/wp\/v2\/product_cat?post=2421"},{"taxonomy":"product_tag","embeddable":true,"href":"https:\/\/darshion.com\/fr\/wp-json\/wp\/v2\/product_tag?post=2421"}],"curies":[{"name":"wp","href":"https:\/\/api.w.org\/{rel}","templated":true}]}}