{"id":2433,"date":"2024-06-05T17:30:47","date_gmt":"2024-06-05T09:30:47","guid":{"rendered":"https:\/\/darshion.com\/?post_type=product&#038;p=2433"},"modified":"2024-07-09T17:15:20","modified_gmt":"2024-07-09T09:15:20","slug":"2-4ghz-wireless-mouse-t26","status":"publish","type":"product","link":"https:\/\/darshion.com\/fr\/produit\/2-4ghz-wireless-mouse-t26\/","title":{"rendered":"T26 Gaming 2.4GHz Wireless Mouse Fabricants"},"content":{"rendered":"<p><strong>Caract\u00e9ristiques :<\/strong><br \/>\n1:Technologie laser optique T26 pour un contr\u00f4le pr\u00e9cis\uff0cBatterie lithium rechargeable int\u00e9gr\u00e9e,Le chargement utilise l'interface TYPE-C pour une charge rapide, \u00e9vitant les probl\u00e8mes de charge lente\uff0cIl n'est pas n\u00e9cessaire de remplacer la batterie.<br \/>\n2:R\u00e9cepteur sans fil, peut \u00eatre re\u00e7u dans un rayon de 10 m\u00e8tres\uff0c Moteur de haute pr\u00e9cision 2400 DPl, exp\u00e9rience pr\u00e9cise ! Prise en main confortable\uff0cProfitez de la technologie sans fil 24G, applicable aux jeux de bureau occasionnels.<br \/>\n3 boutons de souris L\/R, 2 boutons de pouce et une molette de d\u00e9filement cliquable, dpi +\/-.<br \/>\n4:Un design cool et color\u00e9 de lumi\u00e8re respirante, \u00e9teint les lumi\u00e8res et \u00e9conomise de l'\u00e9nergie.<br \/>\n5:Vous choisissez la position de la main qui vous convient le mieux. Plug and play, compatible avec Mac.<\/p>\n<p><strong>Sp\u00e9cification\uff1a<\/strong><br \/>\n1\uff1aProjet Type : Souris \u00e0 charge rapide TYPE-C<br \/>\n2\uff1aNOM DU PRODUIT : Souris sans fil 2.4G<br \/>\n3\uff1aBrand : Darshion<br \/>\n4\uff1aTechnologie sans fil : 2.4G<br \/>\n5\uff1aDistance sans fil : 10m<br \/>\n6\uff1aTension \/ courant nominal : 3,7V\/18mA<br \/>\n7\uff1aAlimentation : batterie lithium rechargeable int\u00e9gr\u00e9e (600 mAh)<br \/>\n8\uff1aNombre de touches : 7 touches\uff084 boutons et 1 molette (bouton du milieu)et dpi+\/-(r\u00e9glable) \uff09<br \/>\n9\uff1aR\u00e9solution optique : 800dpi\uff1b1600dpi ; 2400dpi.<br \/>\n10\uff1aColor Classification : Noir .<br \/>\n11\uff1aTravail : Photo\u00e9lectricit\u00e9<br \/>\n12\uff1aLa dur\u00e9e de vie du bouton : 10 millions de fois<br \/>\n13\uff1aMat\u00e9riau : ABS<br \/>\n14\uff1aPoids du produit : 102g<br \/>\n15\uff1aItem size : 12.7x7x4.1cm<br \/>\n16\uff1aPoids de l'emballage : 150g<br \/>\n17\uff1aTaille de l'emballage : 13.5\u00d78.5x5cm<br \/>\n18\uff1aSyst\u00e8me requis : Windows 98 \/ Me \/ 2000 \/ XP \/ Vista \/ Win 7 \/ Win8 \/10\/Vista Mac OS ou plus r\u00e9cent.<\/p>\n<p><strong>Le paquet comprend :<\/strong><br \/>\n1 x souris<br \/>\n1 x R\u00e9cepteur USB<br \/>\n1 x Manuel de l'utilisateur<br \/>\n1 x C\u00e2ble de charge Type-C~usb<br \/>\nRemarques :<br \/>\nAfin d'\u00e9conomiser de l'\u00e9nergie et de rendre la batterie plus durable, nous n'utilisons pas de lumi\u00e8res plus color\u00e9es. Ce n'est que lorsqu'il n'y a pas de lumi\u00e8re la nuit que l'effet d'\u00e9clairage est meilleur. Si cela vous d\u00e9range, achetez-le avec soin.<\/p>\n<p><img fetchpriority=\"high\" decoding=\"async\" class=\"alignnone size-full wp-image-2436\" src=\"https:\/\/darshion.com\/wp-content\/uploads\/2024\/06\/1-5.jpg\" alt=\"\" width=\"1500\" height=\"1500\" srcset=\"https:\/\/darshion.com\/wp-content\/uploads\/2024\/06\/1-5.jpg 1500w, https:\/\/darshion.com\/wp-content\/uploads\/2024\/06\/1-5-300x300.jpg 300w, https:\/\/darshion.com\/wp-content\/uploads\/2024\/06\/1-5-1024x1024.jpg 1024w, https:\/\/darshion.com\/wp-content\/uploads\/2024\/06\/1-5-150x150.jpg 150w, https:\/\/darshion.com\/wp-content\/uploads\/2024\/06\/1-5-768x768.jpg 768w, https:\/\/darshion.com\/wp-content\/uploads\/2024\/06\/1-5-600x600.jpg 600w, https:\/\/darshion.com\/wp-content\/uploads\/2024\/06\/1-5-100x100.jpg 100w\" sizes=\"(max-width: 1500px) 100vw, 1500px\" \/> <img decoding=\"async\" class=\"alignnone size-full wp-image-2437\" src=\"https:\/\/darshion.com\/wp-content\/uploads\/2024\/06\/2-5.jpg\" alt=\"\" width=\"1500\" height=\"1500\" srcset=\"https:\/\/darshion.com\/wp-content\/uploads\/2024\/06\/2-5.jpg 1500w, https:\/\/darshion.com\/wp-content\/uploads\/2024\/06\/2-5-300x300.jpg 300w, https:\/\/darshion.com\/wp-content\/uploads\/2024\/06\/2-5-1024x1024.jpg 1024w, https:\/\/darshion.com\/wp-content\/uploads\/2024\/06\/2-5-150x150.jpg 150w, https:\/\/darshion.com\/wp-content\/uploads\/2024\/06\/2-5-768x768.jpg 768w, https:\/\/darshion.com\/wp-content\/uploads\/2024\/06\/2-5-600x600.jpg 600w, https:\/\/darshion.com\/wp-content\/uploads\/2024\/06\/2-5-100x100.jpg 100w\" sizes=\"(max-width: 1500px) 100vw, 1500px\" \/> <img decoding=\"async\" class=\"alignnone size-full wp-image-2438\" src=\"https:\/\/darshion.com\/wp-content\/uploads\/2024\/06\/3-5.jpg\" alt=\"\" width=\"1500\" height=\"1500\" srcset=\"https:\/\/darshion.com\/wp-content\/uploads\/2024\/06\/3-5.jpg 1500w, https:\/\/darshion.com\/wp-content\/uploads\/2024\/06\/3-5-300x300.jpg 300w, https:\/\/darshion.com\/wp-content\/uploads\/2024\/06\/3-5-1024x1024.jpg 1024w, https:\/\/darshion.com\/wp-content\/uploads\/2024\/06\/3-5-150x150.jpg 150w, https:\/\/darshion.com\/wp-content\/uploads\/2024\/06\/3-5-768x768.jpg 768w, https:\/\/darshion.com\/wp-content\/uploads\/2024\/06\/3-5-600x600.jpg 600w, https:\/\/darshion.com\/wp-content\/uploads\/2024\/06\/3-5-100x100.jpg 100w\" sizes=\"(max-width: 1500px) 100vw, 1500px\" \/> <img loading=\"lazy\" decoding=\"async\" class=\"alignnone size-full wp-image-2439\" src=\"https:\/\/darshion.com\/wp-content\/uploads\/2024\/06\/4-5.jpg\" alt=\"\" width=\"1500\" height=\"1500\" srcset=\"https:\/\/darshion.com\/wp-content\/uploads\/2024\/06\/4-5.jpg 1500w, https:\/\/darshion.com\/wp-content\/uploads\/2024\/06\/4-5-300x300.jpg 300w, https:\/\/darshion.com\/wp-content\/uploads\/2024\/06\/4-5-1024x1024.jpg 1024w, https:\/\/darshion.com\/wp-content\/uploads\/2024\/06\/4-5-150x150.jpg 150w, https:\/\/darshion.com\/wp-content\/uploads\/2024\/06\/4-5-768x768.jpg 768w, https:\/\/darshion.com\/wp-content\/uploads\/2024\/06\/4-5-600x600.jpg 600w, https:\/\/darshion.com\/wp-content\/uploads\/2024\/06\/4-5-100x100.jpg 100w\" sizes=\"(max-width: 1500px) 100vw, 1500px\" \/><\/p>","protected":false},"excerpt":{"rendered":"<p class=\"pro_single_title\">T26 Backlit RGB Gaming USB Rechargeable 2.4GHz Wireless Mouse (Souris sans fil r\u00e9tro\u00e9clair\u00e9e RGB)<\/p>","protected":false},"featured_media":2440,"comment_status":"open","ping_status":"closed","template":"","meta":{"_monsterinsights_skip_tracking":false,"_monsterinsights_sitenote_active":false,"_monsterinsights_sitenote_note":"","_monsterinsights_sitenote_category":0},"product_cat":[541],"product_tag":[],"yoast_head":"<!-- This site is optimized with the Yoast SEO Premium plugin v22.9 (Yoast SEO v24.0) - https:\/\/yoast.com\/wordpress\/plugins\/seo\/ -->\n<title>T26 Gaming 2.4GHz Wireless Mouse Manufacturers - darshion<\/title>\n<meta name=\"robots\" content=\"index, follow, max-snippet:-1, max-image-preview:large, max-video-preview:-1\" \/>\n<link rel=\"canonical\" href=\"https:\/\/darshion.com\/fr\/produto\/2-4ghz-wireless-mouse-t26\/\" \/>\n<meta property=\"og:locale\" content=\"fr_FR\" \/>\n<meta property=\"og:type\" content=\"article\" \/>\n<meta property=\"og:title\" content=\"T26 Gaming 2.4GHz Wireless Mouse Manufacturers\" \/>\n<meta property=\"og:description\" content=\"T26 Backlit RGB Gaming USB Rechargeable 2.4GHz Wireless Mouse\" \/>\n<meta property=\"og:url\" content=\"https:\/\/darshion.com\/fr\/produto\/2-4ghz-wireless-mouse-t26\/\" \/>\n<meta property=\"og:site_name\" content=\"darshion\" \/>\n<meta property=\"article:modified_time\" content=\"2024-07-09T09:15:20+00:00\" \/>\n<meta property=\"og:image\" content=\"https:\/\/darshion.com\/wp-content\/uploads\/2024\/06\/2021-6-2-16226235973710.webp\" \/>\n\t<meta property=\"og:image:width\" content=\"600\" \/>\n\t<meta property=\"og:image:height\" content=\"600\" \/>\n\t<meta property=\"og:image:type\" content=\"image\/webp\" \/>\n<meta name=\"twitter:card\" content=\"summary_large_image\" \/>\n<meta name=\"twitter:label1\" content=\"Dur\u00e9e de lecture estim\u00e9e\" \/>\n\t<meta name=\"twitter:data1\" content=\"3 minutes\" \/>\n<script type=\"application\/ld+json\" class=\"yoast-schema-graph\">{\"@context\":\"https:\/\/schema.org\",\"@graph\":[{\"@type\":\"WebPage\",\"@id\":\"https:\/\/darshion.com\/pt\/produto\/2-4ghz-wireless-mouse-t26\/\",\"url\":\"https:\/\/darshion.com\/pt\/produto\/2-4ghz-wireless-mouse-t26\/\",\"name\":\"T26 Gaming 2.4GHz Wireless Mouse Manufacturers - darshion\",\"isPartOf\":{\"@id\":\"https:\/\/darshion.com\/#website\"},\"primaryImageOfPage\":{\"@id\":\"https:\/\/darshion.com\/pt\/produto\/2-4ghz-wireless-mouse-t26\/#primaryimage\"},\"image\":{\"@id\":\"https:\/\/darshion.com\/pt\/produto\/2-4ghz-wireless-mouse-t26\/#primaryimage\"},\"thumbnailUrl\":\"https:\/\/darshion.com\/wp-content\/uploads\/2024\/06\/2021-6-2-16226235973710.webp\",\"datePublished\":\"2024-06-05T09:30:47+00:00\",\"dateModified\":\"2024-07-09T09:15:20+00:00\",\"breadcrumb\":{\"@id\":\"https:\/\/darshion.com\/pt\/produto\/2-4ghz-wireless-mouse-t26\/#breadcrumb\"},\"inLanguage\":\"fr-FR\",\"potentialAction\":[{\"@type\":\"ReadAction\",\"target\":[\"https:\/\/darshion.com\/pt\/produto\/2-4ghz-wireless-mouse-t26\/\"]}]},{\"@type\":\"ImageObject\",\"inLanguage\":\"fr-FR\",\"@id\":\"https:\/\/darshion.com\/pt\/produto\/2-4ghz-wireless-mouse-t26\/#primaryimage\",\"url\":\"https:\/\/darshion.com\/wp-content\/uploads\/2024\/06\/2021-6-2-16226235973710.webp\",\"contentUrl\":\"https:\/\/darshion.com\/wp-content\/uploads\/2024\/06\/2021-6-2-16226235973710.webp\",\"width\":600,\"height\":600,\"caption\":\"T26 2.4GHz Wireless Mouse\"},{\"@type\":\"BreadcrumbList\",\"@id\":\"https:\/\/darshion.com\/pt\/produto\/2-4ghz-wireless-mouse-t26\/#breadcrumb\",\"itemListElement\":[{\"@type\":\"ListItem\",\"position\":1,\"name\":\"\u9996\u9875\",\"item\":\"https:\/\/darshion.com\/\"},{\"@type\":\"ListItem\",\"position\":2,\"name\":\"PRODUCT\",\"item\":\"https:\/\/darshion.com\/pt\/product\/\"},{\"@type\":\"ListItem\",\"position\":3,\"name\":\"T26 Gaming 2.4GHz Wireless Mouse Manufacturers\"}]},{\"@type\":\"WebSite\",\"@id\":\"https:\/\/darshion.com\/#website\",\"url\":\"https:\/\/darshion.com\/\",\"name\":\"darshion\",\"description\":\"14 Years of Experience, Quality Assurance, Innovative Design\",\"publisher\":{\"@id\":\"https:\/\/darshion.com\/#organization\"},\"potentialAction\":[{\"@type\":\"SearchAction\",\"target\":{\"@type\":\"EntryPoint\",\"urlTemplate\":\"https:\/\/darshion.com\/?s={search_term_string}\"},\"query-input\":{\"@type\":\"PropertyValueSpecification\",\"valueRequired\":true,\"valueName\":\"search_term_string\"}}],\"inLanguage\":\"fr-FR\"},{\"@type\":\"Organization\",\"@id\":\"https:\/\/darshion.com\/#organization\",\"name\":\"darshion\",\"url\":\"https:\/\/darshion.com\/\",\"logo\":{\"@type\":\"ImageObject\",\"inLanguage\":\"fr-FR\",\"@id\":\"https:\/\/darshion.com\/#\/schema\/logo\/image\/\",\"url\":\"https:\/\/darshion.com\/wp-content\/uploads\/2023\/09\/01-1.png\",\"contentUrl\":\"https:\/\/darshion.com\/wp-content\/uploads\/2023\/09\/01-1.png\",\"width\":350,\"height\":100,\"caption\":\"darshion\"},\"image\":{\"@id\":\"https:\/\/darshion.com\/#\/schema\/logo\/image\/\"}}]}<\/script>\n<!-- \/ Yoast SEO Premium plugin. -->","yoast_head_json":{"title":"T26 Gaming 2.4GHz Wireless Mouse Fabricants - darshion","robots":{"index":"index","follow":"follow","max-snippet":"max-snippet:-1","max-image-preview":"max-image-preview:large","max-video-preview":"max-video-preview:-1"},"canonical":"https:\/\/darshion.com\/fr\/produto\/2-4ghz-wireless-mouse-t26\/","og_locale":"fr_FR","og_type":"article","og_title":"T26 Gaming 2.4GHz Wireless Mouse Manufacturers","og_description":"T26 Backlit RGB Gaming USB Rechargeable 2.4GHz Wireless Mouse","og_url":"https:\/\/darshion.com\/fr\/produto\/2-4ghz-wireless-mouse-t26\/","og_site_name":"darshion","article_modified_time":"2024-07-09T09:15:20+00:00","og_image":[{"width":600,"height":600,"url":"https:\/\/darshion.com\/wp-content\/uploads\/2024\/06\/2021-6-2-16226235973710.webp","type":"image\/webp"}],"twitter_card":"summary_large_image","twitter_misc":{"Dur\u00e9e de lecture estim\u00e9e":"3 minutes"},"schema":{"@context":"https:\/\/schema.org","@graph":[{"@type":"WebPage","@id":"https:\/\/darshion.com\/pt\/produto\/2-4ghz-wireless-mouse-t26\/","url":"https:\/\/darshion.com\/pt\/produto\/2-4ghz-wireless-mouse-t26\/","name":"T26 Gaming 2.4GHz Wireless Mouse Fabricants - darshion","isPartOf":{"@id":"https:\/\/darshion.com\/#website"},"primaryImageOfPage":{"@id":"https:\/\/darshion.com\/pt\/produto\/2-4ghz-wireless-mouse-t26\/#primaryimage"},"image":{"@id":"https:\/\/darshion.com\/pt\/produto\/2-4ghz-wireless-mouse-t26\/#primaryimage"},"thumbnailUrl":"https:\/\/darshion.com\/wp-content\/uploads\/2024\/06\/2021-6-2-16226235973710.webp","datePublished":"2024-06-05T09:30:47+00:00","dateModified":"2024-07-09T09:15:20+00:00","breadcrumb":{"@id":"https:\/\/darshion.com\/pt\/produto\/2-4ghz-wireless-mouse-t26\/#breadcrumb"},"inLanguage":"fr-FR","potentialAction":[{"@type":"ReadAction","target":["https:\/\/darshion.com\/pt\/produto\/2-4ghz-wireless-mouse-t26\/"]}]},{"@type":"ImageObject","inLanguage":"fr-FR","@id":"https:\/\/darshion.com\/pt\/produto\/2-4ghz-wireless-mouse-t26\/#primaryimage","url":"https:\/\/darshion.com\/wp-content\/uploads\/2024\/06\/2021-6-2-16226235973710.webp","contentUrl":"https:\/\/darshion.com\/wp-content\/uploads\/2024\/06\/2021-6-2-16226235973710.webp","width":600,"height":600,"caption":"T26 2.4GHz Wireless Mouse"},{"@type":"BreadcrumbList","@id":"https:\/\/darshion.com\/pt\/produto\/2-4ghz-wireless-mouse-t26\/#breadcrumb","itemListElement":[{"@type":"ListItem","position":1,"name":"\u9996\u9875","item":"https:\/\/darshion.com\/"},{"@type":"ListItem","position":2,"name":"PRODUCT","item":"https:\/\/darshion.com\/pt\/product\/"},{"@type":"ListItem","position":3,"name":"T26 Gaming 2.4GHz Wireless Mouse Manufacturers"}]},{"@type":"WebSite","@id":"https:\/\/darshion.com\/#website","url":"https:\/\/darshion.com\/","name":"darshion","description":"14 ans d'exp\u00e9rience, assurance qualit\u00e9, conception innovante","publisher":{"@id":"https:\/\/darshion.com\/#organization"},"potentialAction":[{"@type":"SearchAction","target":{"@type":"EntryPoint","urlTemplate":"https:\/\/darshion.com\/?s={search_term_string}"},"query-input":{"@type":"PropertyValueSpecification","valueRequired":true,"valueName":"search_term_string"}}],"inLanguage":"fr-FR"},{"@type":"Organization","@id":"https:\/\/darshion.com\/#organization","name":"darshion","url":"https:\/\/darshion.com\/","logo":{"@type":"ImageObject","inLanguage":"fr-FR","@id":"https:\/\/darshion.com\/#\/schema\/logo\/image\/","url":"https:\/\/darshion.com\/wp-content\/uploads\/2023\/09\/01-1.png","contentUrl":"https:\/\/darshion.com\/wp-content\/uploads\/2023\/09\/01-1.png","width":350,"height":100,"caption":"darshion"},"image":{"@id":"https:\/\/darshion.com\/#\/schema\/logo\/image\/"}}]}},"_links":{"self":[{"href":"https:\/\/darshion.com\/fr\/wp-json\/wp\/v2\/product\/2433"}],"collection":[{"href":"https:\/\/darshion.com\/fr\/wp-json\/wp\/v2\/product"}],"about":[{"href":"https:\/\/darshion.com\/fr\/wp-json\/wp\/v2\/types\/product"}],"replies":[{"embeddable":true,"href":"https:\/\/darshion.com\/fr\/wp-json\/wp\/v2\/comments?post=2433"}],"wp:featuredmedia":[{"embeddable":true,"href":"https:\/\/darshion.com\/fr\/wp-json\/wp\/v2\/media\/2440"}],"wp:attachment":[{"href":"https:\/\/darshion.com\/fr\/wp-json\/wp\/v2\/media?parent=2433"}],"wp:term":[{"taxonomy":"product_cat","embeddable":true,"href":"https:\/\/darshion.com\/fr\/wp-json\/wp\/v2\/product_cat?post=2433"},{"taxonomy":"product_tag","embeddable":true,"href":"https:\/\/darshion.com\/fr\/wp-json\/wp\/v2\/product_tag?post=2433"}],"curies":[{"name":"wp","href":"https:\/\/api.w.org\/{rel}","templated":true}]}}