{"id":2684,"date":"2024-06-11T17:07:20","date_gmt":"2024-06-11T09:07:20","guid":{"rendered":"https:\/\/darshion.com\/?post_type=product&#038;p=2684"},"modified":"2024-07-05T17:24:07","modified_gmt":"2024-07-05T09:24:07","slug":"usb-rechargeable-mouse","status":"publish","type":"product","link":"https:\/\/darshion.com\/fr\/produit\/usb-rechargeable-mouse\/","title":{"rendered":"A3 Wireless Silent USB Rechargeable Mouse Suppliers"},"content":{"rendered":"<p><strong>Description<\/strong><\/p>\n<table style=\"height: 614px;\" border=\"1\" width=\"752\">\n<tbody>\n<tr>\n<th>Attribut<\/th>\n<th>Param\u00e8tres<\/th>\n<\/tr>\n<tr>\n<td>M\u00e9thode de suivi<\/td>\n<td>Optique<\/td>\n<\/tr>\n<tr>\n<td>Type d'alimentation<\/td>\n<td>RECHARGEABLE<\/td>\n<\/tr>\n<tr>\n<td>Nombre de rouleaux<\/td>\n<td>1<\/td>\n<\/tr>\n<tr>\n<td>Statut des produits<\/td>\n<td>Stock<\/td>\n<\/tr>\n<tr>\n<td>Application<\/td>\n<td>Ordinateur de bureau, LAPTOP<\/td>\n<\/tr>\n<tr>\n<td>Orientation des mains<\/td>\n<td>Droit<\/td>\n<\/tr>\n<tr>\n<td>Nom de la marque<\/td>\n<td>darshion<\/td>\n<\/tr>\n<tr>\n<td>Num\u00e9ro de mod\u00e8le<\/td>\n<td>A3<\/td>\n<\/tr>\n<tr>\n<td>R\u00e9tro-\u00e9clair\u00e9<\/td>\n<td>RVB<\/td>\n<\/tr>\n<tr>\n<td>Ergonomie<\/td>\n<td>Oui<\/td>\n<\/tr>\n<tr>\n<td>Poids<\/td>\n<td>100g<\/td>\n<\/tr>\n<tr>\n<td>Taille<\/td>\n<td>110*60*25mm<\/td>\n<\/tr>\n<tr>\n<td>Nom du produit<\/td>\n<td>Souris sans fil 2.4G<\/td>\n<\/tr>\n<tr>\n<td>Type de souris<\/td>\n<td>Wireless One<\/td>\n<\/tr>\n<tr>\n<td>Garantie<\/td>\n<td>1 an<\/td>\n<\/tr>\n<tr>\n<td>Mat\u00e9riau<\/td>\n<td>ABS<\/td>\n<\/tr>\n<tr>\n<td>Interface<\/td>\n<td>USB 2.0<\/td>\n<\/tr>\n<tr>\n<td>Certification<\/td>\n<td>CE, ROHS<\/td>\n<\/tr>\n<tr>\n<td>Capacit\u00e9 de la batterie<\/td>\n<td>500 mAh<\/td>\n<\/tr>\n<tr>\n<td>Batterie<\/td>\n<td>Rechargeable<\/td>\n<\/tr>\n<\/tbody>\n<\/table>\n<p>&nbsp;<\/p>\n<p><img fetchpriority=\"high\" decoding=\"async\" class=\"alignnone size-full wp-image-2693\" src=\"https:\/\/darshion.com\/wp-content\/uploads\/2024\/06\/H72d83ebad35f45598f3c3f607e766d05W_proc.jpg\" alt=\"\" width=\"790\" height=\"782\" srcset=\"https:\/\/darshion.com\/wp-content\/uploads\/2024\/06\/H72d83ebad35f45598f3c3f607e766d05W_proc.jpg 790w, https:\/\/darshion.com\/wp-content\/uploads\/2024\/06\/H72d83ebad35f45598f3c3f607e766d05W_proc-300x297.jpg 300w, https:\/\/darshion.com\/wp-content\/uploads\/2024\/06\/H72d83ebad35f45598f3c3f607e766d05W_proc-768x760.jpg 768w, https:\/\/darshion.com\/wp-content\/uploads\/2024\/06\/H72d83ebad35f45598f3c3f607e766d05W_proc-600x594.jpg 600w, https:\/\/darshion.com\/wp-content\/uploads\/2024\/06\/H72d83ebad35f45598f3c3f607e766d05W_proc-100x100.jpg 100w\" sizes=\"(max-width: 790px) 100vw, 790px\" \/> <img decoding=\"async\" class=\"alignnone size-full wp-image-2694\" src=\"https:\/\/darshion.com\/wp-content\/uploads\/2024\/06\/Ha60fcac618e84df28bcd98a38da5e036o_proc.jpg\" alt=\"\" width=\"790\" height=\"1083\" srcset=\"https:\/\/darshion.com\/wp-content\/uploads\/2024\/06\/Ha60fcac618e84df28bcd98a38da5e036o_proc.jpg 790w, https:\/\/darshion.com\/wp-content\/uploads\/2024\/06\/Ha60fcac618e84df28bcd98a38da5e036o_proc-219x300.jpg 219w, https:\/\/darshion.com\/wp-content\/uploads\/2024\/06\/Ha60fcac618e84df28bcd98a38da5e036o_proc-747x1024.jpg 747w, https:\/\/darshion.com\/wp-content\/uploads\/2024\/06\/Ha60fcac618e84df28bcd98a38da5e036o_proc-768x1053.jpg 768w, https:\/\/darshion.com\/wp-content\/uploads\/2024\/06\/Ha60fcac618e84df28bcd98a38da5e036o_proc-600x823.jpg 600w\" sizes=\"(max-width: 790px) 100vw, 790px\" \/> <img decoding=\"async\" class=\"alignnone size-full wp-image-2695\" src=\"https:\/\/darshion.com\/wp-content\/uploads\/2024\/06\/Hbf8ba8a77ae64c3baa82b51f09087f96Z_proc.jpg\" alt=\"\" width=\"790\" height=\"996\" srcset=\"https:\/\/darshion.com\/wp-content\/uploads\/2024\/06\/Hbf8ba8a77ae64c3baa82b51f09087f96Z_proc.jpg 790w, https:\/\/darshion.com\/wp-content\/uploads\/2024\/06\/Hbf8ba8a77ae64c3baa82b51f09087f96Z_proc-238x300.jpg 238w, https:\/\/darshion.com\/wp-content\/uploads\/2024\/06\/Hbf8ba8a77ae64c3baa82b51f09087f96Z_proc-768x968.jpg 768w, https:\/\/darshion.com\/wp-content\/uploads\/2024\/06\/Hbf8ba8a77ae64c3baa82b51f09087f96Z_proc-600x756.jpg 600w\" sizes=\"(max-width: 790px) 100vw, 790px\" \/> <img loading=\"lazy\" decoding=\"async\" class=\"alignnone size-full wp-image-2696\" src=\"https:\/\/darshion.com\/wp-content\/uploads\/2024\/06\/Hc1ff1db11bac44e0a18f41f13648d8d5y_proc.jpg\" alt=\"\" width=\"790\" height=\"1596\" srcset=\"https:\/\/darshion.com\/wp-content\/uploads\/2024\/06\/Hc1ff1db11bac44e0a18f41f13648d8d5y_proc.jpg 790w, https:\/\/darshion.com\/wp-content\/uploads\/2024\/06\/Hc1ff1db11bac44e0a18f41f13648d8d5y_proc-148x300.jpg 148w, https:\/\/darshion.com\/wp-content\/uploads\/2024\/06\/Hc1ff1db11bac44e0a18f41f13648d8d5y_proc-507x1024.jpg 507w, https:\/\/darshion.com\/wp-content\/uploads\/2024\/06\/Hc1ff1db11bac44e0a18f41f13648d8d5y_proc-768x1552.jpg 768w, https:\/\/darshion.com\/wp-content\/uploads\/2024\/06\/Hc1ff1db11bac44e0a18f41f13648d8d5y_proc-760x1536.jpg 760w, https:\/\/darshion.com\/wp-content\/uploads\/2024\/06\/Hc1ff1db11bac44e0a18f41f13648d8d5y_proc-600x1212.jpg 600w\" sizes=\"(max-width: 790px) 100vw, 790px\" \/><\/p>","protected":false},"excerpt":{"rendered":"<p class=\"pro_single_title\">Souris sans fil A3 Silent USB Rechargeable BT V5.1<\/p>","protected":false},"featured_media":2694,"comment_status":"open","ping_status":"closed","template":"","meta":{"_monsterinsights_skip_tracking":false,"_monsterinsights_sitenote_active":false,"_monsterinsights_sitenote_note":"","_monsterinsights_sitenote_category":0},"product_cat":[541],"product_tag":[],"yoast_head":"<!-- This site is optimized with the Yoast SEO Premium plugin v22.9 (Yoast SEO v24.0) - https:\/\/yoast.com\/wordpress\/plugins\/seo\/ -->\n<title>A3 Wireless Silent USB Rechargeable Mouse Suppliers - darshion<\/title>\n<meta name=\"robots\" content=\"index, follow, max-snippet:-1, max-image-preview:large, max-video-preview:-1\" \/>\n<link rel=\"canonical\" href=\"https:\/\/darshion.com\/fr\/produkt\/usb-rechargeable-mouse\/\" \/>\n<meta property=\"og:locale\" content=\"fr_FR\" \/>\n<meta property=\"og:type\" content=\"article\" \/>\n<meta property=\"og:title\" content=\"A3 Wireless Silent USB Rechargeable Mouse Suppliers\" \/>\n<meta property=\"og:description\" content=\"A3 Wireless Silent USB Rechargeable BT V5.1 Mouse\" \/>\n<meta property=\"og:url\" content=\"https:\/\/darshion.com\/fr\/produkt\/usb-rechargeable-mouse\/\" \/>\n<meta property=\"og:site_name\" content=\"darshion\" \/>\n<meta property=\"article:modified_time\" content=\"2024-07-05T09:24:07+00:00\" \/>\n<meta property=\"og:image\" content=\"https:\/\/darshion.com\/wp-content\/uploads\/2024\/06\/Ha60fcac618e84df28bcd98a38da5e036o_proc.jpg\" \/>\n\t<meta property=\"og:image:width\" content=\"790\" \/>\n\t<meta property=\"og:image:height\" content=\"1083\" \/>\n\t<meta property=\"og:image:type\" content=\"image\/jpeg\" \/>\n<meta name=\"twitter:card\" content=\"summary_large_image\" \/>\n<meta name=\"twitter:label1\" content=\"Dur\u00e9e de lecture estim\u00e9e\" \/>\n\t<meta name=\"twitter:data1\" content=\"2 minutes\" \/>\n<script type=\"application\/ld+json\" class=\"yoast-schema-graph\">{\"@context\":\"https:\/\/schema.org\",\"@graph\":[{\"@type\":\"WebPage\",\"@id\":\"https:\/\/darshion.com\/pl\/produkt\/usb-rechargeable-mouse\/\",\"url\":\"https:\/\/darshion.com\/pl\/produkt\/usb-rechargeable-mouse\/\",\"name\":\"A3 Wireless Silent USB Rechargeable Mouse Suppliers - darshion\",\"isPartOf\":{\"@id\":\"https:\/\/darshion.com\/#website\"},\"primaryImageOfPage\":{\"@id\":\"https:\/\/darshion.com\/pl\/produkt\/usb-rechargeable-mouse\/#primaryimage\"},\"image\":{\"@id\":\"https:\/\/darshion.com\/pl\/produkt\/usb-rechargeable-mouse\/#primaryimage\"},\"thumbnailUrl\":\"https:\/\/darshion.com\/wp-content\/uploads\/2024\/06\/Ha60fcac618e84df28bcd98a38da5e036o_proc.jpg\",\"datePublished\":\"2024-06-11T09:07:20+00:00\",\"dateModified\":\"2024-07-05T09:24:07+00:00\",\"breadcrumb\":{\"@id\":\"https:\/\/darshion.com\/pl\/produkt\/usb-rechargeable-mouse\/#breadcrumb\"},\"inLanguage\":\"fr-FR\",\"potentialAction\":[{\"@type\":\"ReadAction\",\"target\":[\"https:\/\/darshion.com\/pl\/produkt\/usb-rechargeable-mouse\/\"]}]},{\"@type\":\"ImageObject\",\"inLanguage\":\"fr-FR\",\"@id\":\"https:\/\/darshion.com\/pl\/produkt\/usb-rechargeable-mouse\/#primaryimage\",\"url\":\"https:\/\/darshion.com\/wp-content\/uploads\/2024\/06\/Ha60fcac618e84df28bcd98a38da5e036o_proc.jpg\",\"contentUrl\":\"https:\/\/darshion.com\/wp-content\/uploads\/2024\/06\/Ha60fcac618e84df28bcd98a38da5e036o_proc.jpg\",\"width\":790,\"height\":1083,\"caption\":\"A3 Wireless Silent Mouse\"},{\"@type\":\"BreadcrumbList\",\"@id\":\"https:\/\/darshion.com\/pl\/produkt\/usb-rechargeable-mouse\/#breadcrumb\",\"itemListElement\":[{\"@type\":\"ListItem\",\"position\":1,\"name\":\"\u9996\u9875\",\"item\":\"https:\/\/darshion.com\/\"},{\"@type\":\"ListItem\",\"position\":2,\"name\":\"PRODUCT\",\"item\":\"https:\/\/darshion.com\/pt\/product\/\"},{\"@type\":\"ListItem\",\"position\":3,\"name\":\"A3 Wireless Silent USB Rechargeable Mouse Suppliers\"}]},{\"@type\":\"WebSite\",\"@id\":\"https:\/\/darshion.com\/#website\",\"url\":\"https:\/\/darshion.com\/\",\"name\":\"darshion\",\"description\":\"14 Years of Experience, Quality Assurance, Innovative Design\",\"publisher\":{\"@id\":\"https:\/\/darshion.com\/#organization\"},\"potentialAction\":[{\"@type\":\"SearchAction\",\"target\":{\"@type\":\"EntryPoint\",\"urlTemplate\":\"https:\/\/darshion.com\/?s={search_term_string}\"},\"query-input\":{\"@type\":\"PropertyValueSpecification\",\"valueRequired\":true,\"valueName\":\"search_term_string\"}}],\"inLanguage\":\"fr-FR\"},{\"@type\":\"Organization\",\"@id\":\"https:\/\/darshion.com\/#organization\",\"name\":\"darshion\",\"url\":\"https:\/\/darshion.com\/\",\"logo\":{\"@type\":\"ImageObject\",\"inLanguage\":\"fr-FR\",\"@id\":\"https:\/\/darshion.com\/#\/schema\/logo\/image\/\",\"url\":\"https:\/\/darshion.com\/wp-content\/uploads\/2023\/09\/01-1.png\",\"contentUrl\":\"https:\/\/darshion.com\/wp-content\/uploads\/2023\/09\/01-1.png\",\"width\":350,\"height\":100,\"caption\":\"darshion\"},\"image\":{\"@id\":\"https:\/\/darshion.com\/#\/schema\/logo\/image\/\"}}]}<\/script>\n<!-- \/ Yoast SEO Premium plugin. -->","yoast_head_json":{"title":"A3 Wireless Silent USB Rechargeable Mouse Suppliers - darshion","robots":{"index":"index","follow":"follow","max-snippet":"max-snippet:-1","max-image-preview":"max-image-preview:large","max-video-preview":"max-video-preview:-1"},"canonical":"https:\/\/darshion.com\/fr\/produkt\/usb-rechargeable-mouse\/","og_locale":"fr_FR","og_type":"article","og_title":"A3 Wireless Silent USB Rechargeable Mouse Suppliers","og_description":"A3 Wireless Silent USB Rechargeable BT V5.1 Mouse","og_url":"https:\/\/darshion.com\/fr\/produkt\/usb-rechargeable-mouse\/","og_site_name":"darshion","article_modified_time":"2024-07-05T09:24:07+00:00","og_image":[{"width":790,"height":1083,"url":"https:\/\/darshion.com\/wp-content\/uploads\/2024\/06\/Ha60fcac618e84df28bcd98a38da5e036o_proc.jpg","type":"image\/jpeg"}],"twitter_card":"summary_large_image","twitter_misc":{"Dur\u00e9e de lecture estim\u00e9e":"2 minutes"},"schema":{"@context":"https:\/\/schema.org","@graph":[{"@type":"WebPage","@id":"https:\/\/darshion.com\/pl\/produkt\/usb-rechargeable-mouse\/","url":"https:\/\/darshion.com\/pl\/produkt\/usb-rechargeable-mouse\/","name":"A3 Wireless Silent USB Rechargeable Mouse Suppliers - darshion","isPartOf":{"@id":"https:\/\/darshion.com\/#website"},"primaryImageOfPage":{"@id":"https:\/\/darshion.com\/pl\/produkt\/usb-rechargeable-mouse\/#primaryimage"},"image":{"@id":"https:\/\/darshion.com\/pl\/produkt\/usb-rechargeable-mouse\/#primaryimage"},"thumbnailUrl":"https:\/\/darshion.com\/wp-content\/uploads\/2024\/06\/Ha60fcac618e84df28bcd98a38da5e036o_proc.jpg","datePublished":"2024-06-11T09:07:20+00:00","dateModified":"2024-07-05T09:24:07+00:00","breadcrumb":{"@id":"https:\/\/darshion.com\/pl\/produkt\/usb-rechargeable-mouse\/#breadcrumb"},"inLanguage":"fr-FR","potentialAction":[{"@type":"ReadAction","target":["https:\/\/darshion.com\/pl\/produkt\/usb-rechargeable-mouse\/"]}]},{"@type":"ImageObject","inLanguage":"fr-FR","@id":"https:\/\/darshion.com\/pl\/produkt\/usb-rechargeable-mouse\/#primaryimage","url":"https:\/\/darshion.com\/wp-content\/uploads\/2024\/06\/Ha60fcac618e84df28bcd98a38da5e036o_proc.jpg","contentUrl":"https:\/\/darshion.com\/wp-content\/uploads\/2024\/06\/Ha60fcac618e84df28bcd98a38da5e036o_proc.jpg","width":790,"height":1083,"caption":"A3 Wireless Silent Mouse"},{"@type":"BreadcrumbList","@id":"https:\/\/darshion.com\/pl\/produkt\/usb-rechargeable-mouse\/#breadcrumb","itemListElement":[{"@type":"ListItem","position":1,"name":"\u9996\u9875","item":"https:\/\/darshion.com\/"},{"@type":"ListItem","position":2,"name":"PRODUCT","item":"https:\/\/darshion.com\/pt\/product\/"},{"@type":"ListItem","position":3,"name":"A3 Wireless Silent USB Rechargeable Mouse Suppliers"}]},{"@type":"WebSite","@id":"https:\/\/darshion.com\/#website","url":"https:\/\/darshion.com\/","name":"darshion","description":"14 ans d'exp\u00e9rience, assurance qualit\u00e9, conception innovante","publisher":{"@id":"https:\/\/darshion.com\/#organization"},"potentialAction":[{"@type":"SearchAction","target":{"@type":"EntryPoint","urlTemplate":"https:\/\/darshion.com\/?s={search_term_string}"},"query-input":{"@type":"PropertyValueSpecification","valueRequired":true,"valueName":"search_term_string"}}],"inLanguage":"fr-FR"},{"@type":"Organization","@id":"https:\/\/darshion.com\/#organization","name":"darshion","url":"https:\/\/darshion.com\/","logo":{"@type":"ImageObject","inLanguage":"fr-FR","@id":"https:\/\/darshion.com\/#\/schema\/logo\/image\/","url":"https:\/\/darshion.com\/wp-content\/uploads\/2023\/09\/01-1.png","contentUrl":"https:\/\/darshion.com\/wp-content\/uploads\/2023\/09\/01-1.png","width":350,"height":100,"caption":"darshion"},"image":{"@id":"https:\/\/darshion.com\/#\/schema\/logo\/image\/"}}]}},"_links":{"self":[{"href":"https:\/\/darshion.com\/fr\/wp-json\/wp\/v2\/product\/2684"}],"collection":[{"href":"https:\/\/darshion.com\/fr\/wp-json\/wp\/v2\/product"}],"about":[{"href":"https:\/\/darshion.com\/fr\/wp-json\/wp\/v2\/types\/product"}],"replies":[{"embeddable":true,"href":"https:\/\/darshion.com\/fr\/wp-json\/wp\/v2\/comments?post=2684"}],"wp:featuredmedia":[{"embeddable":true,"href":"https:\/\/darshion.com\/fr\/wp-json\/wp\/v2\/media\/2694"}],"wp:attachment":[{"href":"https:\/\/darshion.com\/fr\/wp-json\/wp\/v2\/media?parent=2684"}],"wp:term":[{"taxonomy":"product_cat","embeddable":true,"href":"https:\/\/darshion.com\/fr\/wp-json\/wp\/v2\/product_cat?post=2684"},{"taxonomy":"product_tag","embeddable":true,"href":"https:\/\/darshion.com\/fr\/wp-json\/wp\/v2\/product_tag?post=2684"}],"curies":[{"name":"wp","href":"https:\/\/api.w.org\/{rel}","templated":true}]}}