{"id":2716,"date":"2024-06-14T11:55:08","date_gmt":"2024-06-14T03:55:08","guid":{"rendered":"https:\/\/darshion.com\/?post_type=product&#038;p=2716"},"modified":"2024-07-11T10:56:04","modified_gmt":"2024-07-11T02:56:04","slug":"colorful-gaming-mouse","status":"publish","type":"product","link":"https:\/\/darshion.com\/fr\/produit\/colorful-gaming-mouse\/","title":{"rendered":"S7 Colorful Wired Gaming Mouse Factory (Souris de jeu \u00e0 fil color\u00e9e)"},"content":{"rendered":"<p><strong>Caract\u00e9ristiques :<\/strong><\/p>\n<p>Conception unique combin\u00e9e \u00e0 une lumi\u00e8re LED 4 couleurs, plusieurs couleurs s'illuminent en m\u00eame temps, mettant en valeur le jeu. Appuyez sur le bouton avant\/arri\u00e8re + DPI pour \u00e9teindre la lumi\u00e8re.<br \/>\nLa molette de d\u00e9filement ergonomique avec surface en caoutchouc et respectueuse de la peau vous procure la sensation la plus confortable dans la main pendant longtemps. Excellente souris de jeu pour les joueurs occasionnels.<br \/>\nFacile et rapide \u00e0 utiliser, il n'est pas n\u00e9cessaire d'installer un logiciel suppl\u00e9mentaire. Prise en charge du port USB : 2.0 \/. 6 boutons programm\u00e9s et une molette de d\u00e9filement hyper-rapide r\u00e9glable pour des man\u0153uvres rapides et pr\u00e9cises.<br \/>\nCompatible avec Windows 10, 8, 7, Vista, XP, Linux ou tout autre syst\u00e8me d'exploitation r\u00e9cent.<br \/>\nRemarque : les boutons d'avance et de recul ne sont pas disponibles pour les syst\u00e8mes d'exploitation.<\/p>\n<p><strong>Sp\u00e9cifications :<\/strong><\/p>\n<p>Type d'article : Souris de jeu<br \/>\nMat\u00e9riau : ABS<br \/>\nTaille : environ 13.8x7cm \/ 5.43\u00d72.75in<br \/>\nCouleur : Noir<br \/>\nQuantit\u00e9 : 1 pi\u00e8ce<\/p>\n<p><strong>Le paquet comprend :<\/strong><\/p>\n<p>1 Souris de jeu (les autres accessoires de l'image ne sont pas inclus).<\/p>\n<p><img fetchpriority=\"high\" decoding=\"async\" class=\"alignnone size-full wp-image-2724\" src=\"https:\/\/darshion.com\/wp-content\/uploads\/2024\/06\/1622011121171911.jpg\" alt=\"\" width=\"1000\" height=\"1000\" srcset=\"https:\/\/darshion.com\/wp-content\/uploads\/2024\/06\/1622011121171911.jpg 1000w, https:\/\/darshion.com\/wp-content\/uploads\/2024\/06\/1622011121171911-300x300.jpg 300w, https:\/\/darshion.com\/wp-content\/uploads\/2024\/06\/1622011121171911-150x150.jpg 150w, https:\/\/darshion.com\/wp-content\/uploads\/2024\/06\/1622011121171911-768x768.jpg 768w, https:\/\/darshion.com\/wp-content\/uploads\/2024\/06\/1622011121171911-600x600.jpg 600w, https:\/\/darshion.com\/wp-content\/uploads\/2024\/06\/1622011121171911-100x100.jpg 100w\" sizes=\"(max-width: 1000px) 100vw, 1000px\" \/> <img decoding=\"async\" class=\"alignnone size-full wp-image-2725\" src=\"https:\/\/darshion.com\/wp-content\/uploads\/2024\/06\/1622011121345183.jpg\" alt=\"\" width=\"1000\" height=\"1000\" srcset=\"https:\/\/darshion.com\/wp-content\/uploads\/2024\/06\/1622011121345183.jpg 1000w, https:\/\/darshion.com\/wp-content\/uploads\/2024\/06\/1622011121345183-300x300.jpg 300w, https:\/\/darshion.com\/wp-content\/uploads\/2024\/06\/1622011121345183-150x150.jpg 150w, https:\/\/darshion.com\/wp-content\/uploads\/2024\/06\/1622011121345183-768x768.jpg 768w, https:\/\/darshion.com\/wp-content\/uploads\/2024\/06\/1622011121345183-600x600.jpg 600w, https:\/\/darshion.com\/wp-content\/uploads\/2024\/06\/1622011121345183-100x100.jpg 100w\" sizes=\"(max-width: 1000px) 100vw, 1000px\" \/> <img decoding=\"async\" class=\"alignnone size-full wp-image-2726\" src=\"https:\/\/darshion.com\/wp-content\/uploads\/2024\/06\/1622011121638570.jpg\" alt=\"\" width=\"1000\" height=\"1000\" srcset=\"https:\/\/darshion.com\/wp-content\/uploads\/2024\/06\/1622011121638570.jpg 1000w, https:\/\/darshion.com\/wp-content\/uploads\/2024\/06\/1622011121638570-300x300.jpg 300w, https:\/\/darshion.com\/wp-content\/uploads\/2024\/06\/1622011121638570-150x150.jpg 150w, https:\/\/darshion.com\/wp-content\/uploads\/2024\/06\/1622011121638570-768x768.jpg 768w, https:\/\/darshion.com\/wp-content\/uploads\/2024\/06\/1622011121638570-600x600.jpg 600w, https:\/\/darshion.com\/wp-content\/uploads\/2024\/06\/1622011121638570-100x100.jpg 100w\" sizes=\"(max-width: 1000px) 100vw, 1000px\" \/> <img loading=\"lazy\" decoding=\"async\" class=\"alignnone size-full wp-image-2727\" src=\"https:\/\/darshion.com\/wp-content\/uploads\/2024\/06\/1622011121801248.jpg\" alt=\"\" width=\"1000\" height=\"1000\" srcset=\"https:\/\/darshion.com\/wp-content\/uploads\/2024\/06\/1622011121801248.jpg 1000w, https:\/\/darshion.com\/wp-content\/uploads\/2024\/06\/1622011121801248-300x300.jpg 300w, https:\/\/darshion.com\/wp-content\/uploads\/2024\/06\/1622011121801248-150x150.jpg 150w, https:\/\/darshion.com\/wp-content\/uploads\/2024\/06\/1622011121801248-768x768.jpg 768w, https:\/\/darshion.com\/wp-content\/uploads\/2024\/06\/1622011121801248-600x600.jpg 600w, https:\/\/darshion.com\/wp-content\/uploads\/2024\/06\/1622011121801248-100x100.jpg 100w\" sizes=\"(max-width: 1000px) 100vw, 1000px\" \/> <img loading=\"lazy\" decoding=\"async\" class=\"alignnone size-full wp-image-2728\" src=\"https:\/\/darshion.com\/wp-content\/uploads\/2024\/06\/1622011121852459.jpg\" alt=\"\" width=\"1000\" height=\"1000\" srcset=\"https:\/\/darshion.com\/wp-content\/uploads\/2024\/06\/1622011121852459.jpg 1000w, https:\/\/darshion.com\/wp-content\/uploads\/2024\/06\/1622011121852459-300x300.jpg 300w, https:\/\/darshion.com\/wp-content\/uploads\/2024\/06\/1622011121852459-150x150.jpg 150w, https:\/\/darshion.com\/wp-content\/uploads\/2024\/06\/1622011121852459-768x768.jpg 768w, https:\/\/darshion.com\/wp-content\/uploads\/2024\/06\/1622011121852459-600x600.jpg 600w, https:\/\/darshion.com\/wp-content\/uploads\/2024\/06\/1622011121852459-100x100.jpg 100w\" sizes=\"(max-width: 1000px) 100vw, 1000px\" \/><\/p>","protected":false},"excerpt":{"rendered":"<p class=\"pro_single_title\">S7 USB Luminous Colorful Light Wired Computer Gaming Mouse (souris de jeu filaire pour ordinateur)<\/p>","protected":false},"featured_media":3046,"comment_status":"open","ping_status":"closed","template":"","meta":{"_monsterinsights_skip_tracking":false,"_monsterinsights_sitenote_active":false,"_monsterinsights_sitenote_note":"","_monsterinsights_sitenote_category":0},"product_cat":[542],"product_tag":[],"yoast_head":"<!-- This site is optimized with the Yoast SEO Premium plugin v22.9 (Yoast SEO v24.0) - https:\/\/yoast.com\/wordpress\/plugins\/seo\/ -->\n<title>S7 Colorful Wired Computer Gaming Mouse Factory - darshion<\/title>\n<meta name=\"robots\" content=\"index, follow, max-snippet:-1, max-image-preview:large, max-video-preview:-1\" \/>\n<link rel=\"canonical\" href=\"https:\/\/darshion.com\/fr\/produit\/colorful-gaming-mouse\/\" \/>\n<meta property=\"og:locale\" content=\"fr_FR\" \/>\n<meta property=\"og:type\" content=\"article\" \/>\n<meta property=\"og:title\" content=\"S7 Colorful Wired Computer Gaming Mouse Factory\" \/>\n<meta property=\"og:description\" content=\"S7 USB Luminous Colorful Light Wired Computer Gaming Mouse\" \/>\n<meta property=\"og:url\" content=\"https:\/\/darshion.com\/fr\/produit\/colorful-gaming-mouse\/\" \/>\n<meta property=\"og:site_name\" content=\"darshion\" \/>\n<meta property=\"article:modified_time\" content=\"2024-07-11T02:56:04+00:00\" \/>\n<meta property=\"og:image\" content=\"https:\/\/darshion.com\/wp-content\/uploads\/2024\/06\/1-8.jpg\" \/>\n\t<meta property=\"og:image:width\" content=\"500\" \/>\n\t<meta property=\"og:image:height\" content=\"500\" \/>\n\t<meta property=\"og:image:type\" content=\"image\/jpeg\" \/>\n<meta name=\"twitter:card\" content=\"summary_large_image\" \/>\n<meta name=\"twitter:label1\" content=\"Dur\u00e9e de lecture estim\u00e9e\" \/>\n\t<meta name=\"twitter:data1\" content=\"2 minutes\" \/>\n<script type=\"application\/ld+json\" class=\"yoast-schema-graph\">{\"@context\":\"https:\/\/schema.org\",\"@graph\":[{\"@type\":\"WebPage\",\"@id\":\"https:\/\/darshion.com\/fr\/produit\/colorful-gaming-mouse\/\",\"url\":\"https:\/\/darshion.com\/fr\/produit\/colorful-gaming-mouse\/\",\"name\":\"S7 Colorful Wired Computer Gaming Mouse Factory - darshion\",\"isPartOf\":{\"@id\":\"https:\/\/darshion.com\/#website\"},\"primaryImageOfPage\":{\"@id\":\"https:\/\/darshion.com\/fr\/produit\/colorful-gaming-mouse\/#primaryimage\"},\"image\":{\"@id\":\"https:\/\/darshion.com\/fr\/produit\/colorful-gaming-mouse\/#primaryimage\"},\"thumbnailUrl\":\"https:\/\/darshion.com\/wp-content\/uploads\/2024\/06\/1-8.jpg\",\"datePublished\":\"2024-06-14T03:55:08+00:00\",\"dateModified\":\"2024-07-11T02:56:04+00:00\",\"breadcrumb\":{\"@id\":\"https:\/\/darshion.com\/fr\/produit\/colorful-gaming-mouse\/#breadcrumb\"},\"inLanguage\":\"fr-FR\",\"potentialAction\":[{\"@type\":\"ReadAction\",\"target\":[\"https:\/\/darshion.com\/fr\/produit\/colorful-gaming-mouse\/\"]}]},{\"@type\":\"ImageObject\",\"inLanguage\":\"fr-FR\",\"@id\":\"https:\/\/darshion.com\/fr\/produit\/colorful-gaming-mouse\/#primaryimage\",\"url\":\"https:\/\/darshion.com\/wp-content\/uploads\/2024\/06\/1-8.jpg\",\"contentUrl\":\"https:\/\/darshion.com\/wp-content\/uploads\/2024\/06\/1-8.jpg\",\"width\":500,\"height\":500},{\"@type\":\"BreadcrumbList\",\"@id\":\"https:\/\/darshion.com\/fr\/produit\/colorful-gaming-mouse\/#breadcrumb\",\"itemListElement\":[{\"@type\":\"ListItem\",\"position\":1,\"name\":\"\u9996\u9875\",\"item\":\"https:\/\/darshion.com\/\"},{\"@type\":\"ListItem\",\"position\":2,\"name\":\"PRODUCT\",\"item\":\"https:\/\/darshion.com\/pt\/product\/\"},{\"@type\":\"ListItem\",\"position\":3,\"name\":\"S7 Colorful Wired Computer Gaming Mouse Factory\"}]},{\"@type\":\"WebSite\",\"@id\":\"https:\/\/darshion.com\/#website\",\"url\":\"https:\/\/darshion.com\/\",\"name\":\"darshion\",\"description\":\"14 Years of Experience, Quality Assurance, Innovative Design\",\"publisher\":{\"@id\":\"https:\/\/darshion.com\/#organization\"},\"potentialAction\":[{\"@type\":\"SearchAction\",\"target\":{\"@type\":\"EntryPoint\",\"urlTemplate\":\"https:\/\/darshion.com\/?s={search_term_string}\"},\"query-input\":{\"@type\":\"PropertyValueSpecification\",\"valueRequired\":true,\"valueName\":\"search_term_string\"}}],\"inLanguage\":\"fr-FR\"},{\"@type\":\"Organization\",\"@id\":\"https:\/\/darshion.com\/#organization\",\"name\":\"darshion\",\"url\":\"https:\/\/darshion.com\/\",\"logo\":{\"@type\":\"ImageObject\",\"inLanguage\":\"fr-FR\",\"@id\":\"https:\/\/darshion.com\/#\/schema\/logo\/image\/\",\"url\":\"https:\/\/darshion.com\/wp-content\/uploads\/2023\/09\/01-1.png\",\"contentUrl\":\"https:\/\/darshion.com\/wp-content\/uploads\/2023\/09\/01-1.png\",\"width\":350,\"height\":100,\"caption\":\"darshion\"},\"image\":{\"@id\":\"https:\/\/darshion.com\/#\/schema\/logo\/image\/\"}}]}<\/script>\n<!-- \/ Yoast SEO Premium plugin. -->","yoast_head_json":{"title":"S7 Souris de jeu filaire color\u00e9e - darshion","robots":{"index":"index","follow":"follow","max-snippet":"max-snippet:-1","max-image-preview":"max-image-preview:large","max-video-preview":"max-video-preview:-1"},"canonical":"https:\/\/darshion.com\/fr\/produit\/colorful-gaming-mouse\/","og_locale":"fr_FR","og_type":"article","og_title":"S7 Colorful Wired Computer Gaming Mouse Factory","og_description":"S7 USB Luminous Colorful Light Wired Computer Gaming Mouse","og_url":"https:\/\/darshion.com\/fr\/produit\/colorful-gaming-mouse\/","og_site_name":"darshion","article_modified_time":"2024-07-11T02:56:04+00:00","og_image":[{"width":500,"height":500,"url":"https:\/\/darshion.com\/wp-content\/uploads\/2024\/06\/1-8.jpg","type":"image\/jpeg"}],"twitter_card":"summary_large_image","twitter_misc":{"Dur\u00e9e de lecture estim\u00e9e":"2 minutes"},"schema":{"@context":"https:\/\/schema.org","@graph":[{"@type":"WebPage","@id":"https:\/\/darshion.com\/fr\/produit\/colorful-gaming-mouse\/","url":"https:\/\/darshion.com\/fr\/produit\/colorful-gaming-mouse\/","name":"S7 Souris de jeu filaire color\u00e9e - darshion","isPartOf":{"@id":"https:\/\/darshion.com\/#website"},"primaryImageOfPage":{"@id":"https:\/\/darshion.com\/fr\/produit\/colorful-gaming-mouse\/#primaryimage"},"image":{"@id":"https:\/\/darshion.com\/fr\/produit\/colorful-gaming-mouse\/#primaryimage"},"thumbnailUrl":"https:\/\/darshion.com\/wp-content\/uploads\/2024\/06\/1-8.jpg","datePublished":"2024-06-14T03:55:08+00:00","dateModified":"2024-07-11T02:56:04+00:00","breadcrumb":{"@id":"https:\/\/darshion.com\/fr\/produit\/colorful-gaming-mouse\/#breadcrumb"},"inLanguage":"fr-FR","potentialAction":[{"@type":"ReadAction","target":["https:\/\/darshion.com\/fr\/produit\/colorful-gaming-mouse\/"]}]},{"@type":"ImageObject","inLanguage":"fr-FR","@id":"https:\/\/darshion.com\/fr\/produit\/colorful-gaming-mouse\/#primaryimage","url":"https:\/\/darshion.com\/wp-content\/uploads\/2024\/06\/1-8.jpg","contentUrl":"https:\/\/darshion.com\/wp-content\/uploads\/2024\/06\/1-8.jpg","width":500,"height":500},{"@type":"BreadcrumbList","@id":"https:\/\/darshion.com\/fr\/produit\/colorful-gaming-mouse\/#breadcrumb","itemListElement":[{"@type":"ListItem","position":1,"name":"\u9996\u9875","item":"https:\/\/darshion.com\/"},{"@type":"ListItem","position":2,"name":"PRODUCT","item":"https:\/\/darshion.com\/pt\/product\/"},{"@type":"ListItem","position":3,"name":"S7 Colorful Wired Computer Gaming Mouse Factory"}]},{"@type":"WebSite","@id":"https:\/\/darshion.com\/#website","url":"https:\/\/darshion.com\/","name":"darshion","description":"14 ans d'exp\u00e9rience, assurance qualit\u00e9, conception innovante","publisher":{"@id":"https:\/\/darshion.com\/#organization"},"potentialAction":[{"@type":"SearchAction","target":{"@type":"EntryPoint","urlTemplate":"https:\/\/darshion.com\/?s={search_term_string}"},"query-input":{"@type":"PropertyValueSpecification","valueRequired":true,"valueName":"search_term_string"}}],"inLanguage":"fr-FR"},{"@type":"Organization","@id":"https:\/\/darshion.com\/#organization","name":"darshion","url":"https:\/\/darshion.com\/","logo":{"@type":"ImageObject","inLanguage":"fr-FR","@id":"https:\/\/darshion.com\/#\/schema\/logo\/image\/","url":"https:\/\/darshion.com\/wp-content\/uploads\/2023\/09\/01-1.png","contentUrl":"https:\/\/darshion.com\/wp-content\/uploads\/2023\/09\/01-1.png","width":350,"height":100,"caption":"darshion"},"image":{"@id":"https:\/\/darshion.com\/#\/schema\/logo\/image\/"}}]}},"_links":{"self":[{"href":"https:\/\/darshion.com\/fr\/wp-json\/wp\/v2\/product\/2716"}],"collection":[{"href":"https:\/\/darshion.com\/fr\/wp-json\/wp\/v2\/product"}],"about":[{"href":"https:\/\/darshion.com\/fr\/wp-json\/wp\/v2\/types\/product"}],"replies":[{"embeddable":true,"href":"https:\/\/darshion.com\/fr\/wp-json\/wp\/v2\/comments?post=2716"}],"wp:featuredmedia":[{"embeddable":true,"href":"https:\/\/darshion.com\/fr\/wp-json\/wp\/v2\/media\/3046"}],"wp:attachment":[{"href":"https:\/\/darshion.com\/fr\/wp-json\/wp\/v2\/media?parent=2716"}],"wp:term":[{"taxonomy":"product_cat","embeddable":true,"href":"https:\/\/darshion.com\/fr\/wp-json\/wp\/v2\/product_cat?post=2716"},{"taxonomy":"product_tag","embeddable":true,"href":"https:\/\/darshion.com\/fr\/wp-json\/wp\/v2\/product_tag?post=2716"}],"curies":[{"name":"wp","href":"https:\/\/api.w.org\/{rel}","templated":true}]}}