{"id":2762,"date":"2024-06-18T10:48:42","date_gmt":"2024-06-18T02:48:42","guid":{"rendered":"https:\/\/darshion.com\/?post_type=product&#038;p=2762"},"modified":"2024-07-05T11:27:29","modified_gmt":"2024-07-05T03:27:29","slug":"wired-gaming-mouse-custom","status":"publish","type":"product","link":"https:\/\/darshion.com\/fr\/produit\/wired-gaming-mouse-custom\/","title":{"rendered":"S8 Souris de jeu filaire \u00e0 lumi\u00e8re respirante et color\u00e9e Personnalis\u00e9e"},"content":{"rendered":"<div><span data-spm-anchor-id=\"a2g0o.detail.1000023.i0.7b9e5H3Y5H3YJK\"><strong>Points forts<\/strong> \u00a0<\/span><\/div>\n<div>\u00a0- Moteur optique haut de gamme, positionnement pr\u00e9cis<\/div>\n<div>\u00a0 - 7 boutons, dont la molette de d\u00e9filement, le bouton gauche, le bouton droit, l'avance, le recul, le s\u00e9lecteur DPI, la touche d'acc\u00e9l\u00e9ration<\/div>\n<div>\u00a0 - R\u00e9glable 1000 \/ 1600 \/ 2400 \/ 3200DPI<\/div>\n<div>\u00a0 - Connectivit\u00e9 intelligente, plug and play<\/div>\n<div>\u00a0 - Un total de 7 couleurs vives s'affichent tour \u00e0 tour, vous donnant un effet visuel color\u00e9.<\/div>\n<div>\u00a0 - Convient aux joueurs de haut niveau, aux joueurs professionnels de jeux vid\u00e9o<\/div>\n<div><strong>Donn\u00e9es techniques \u00a0\u00a0<\/strong><\/div>\n<div data-spm-anchor-id=\"a2g0o.detail.1000023.i1.7b9e5H3Y5H3YJK\">\u00a0- Couleur : Noir<\/div>\n<div>\u00a0 - Mat\u00e9riau : ABS<\/div>\n<div>\u00a0 - Syst\u00e8me de suivi : Optique<\/div>\n<div>\u00a0 - Tension nominale \/ courant \u00e9lectrique : DC 5V \/ 100mA<\/div>\n<div>\u00a0 - Connexion : C\u00e2bl\u00e9<\/div>\n<div>\u00a0 - Longueur du c\u00e2ble : Environ 150 cm<\/div>\n<div>\u00a0 - Port : USB 2.0<\/div>\n<div>\u00a0 - PPP : 1000\/1600\/2400\/3200<\/div>\n<div>\u00a0 - Dur\u00e9e de vie du commutateur : 10 millions de cycles<\/div>\n<div>\u00a0 - Boutons : gauche, droite, molette de d\u00e9filement, DPI, touche feu, avance, recul<\/div>\n<div>\u00a0 - Effet de lumi\u00e8re : color\u00e9<\/div>\n<div>\u00a0 - Syst\u00e8me de support : Windows 7\/8\/2000\/XP\/Vista Mac OS ou plus r\u00e9cent<\/div>\n<div>\u00a0 - Poids de l'article : 150 g<\/div>\n<div>\u00a0 - Taille du produit : 130*85*40 mm<\/div>\n<p><img fetchpriority=\"high\" decoding=\"async\" class=\"alignnone size-full wp-image-2771\" src=\"https:\/\/darshion.com\/wp-content\/uploads\/2024\/06\/H5ffa3372746e4676b364750e6bb9ffeby_proc.jpg\" alt=\"\" width=\"798\" height=\"868\" srcset=\"https:\/\/darshion.com\/wp-content\/uploads\/2024\/06\/H5ffa3372746e4676b364750e6bb9ffeby_proc.jpg 798w, https:\/\/darshion.com\/wp-content\/uploads\/2024\/06\/H5ffa3372746e4676b364750e6bb9ffeby_proc-276x300.jpg 276w, https:\/\/darshion.com\/wp-content\/uploads\/2024\/06\/H5ffa3372746e4676b364750e6bb9ffeby_proc-768x835.jpg 768w, https:\/\/darshion.com\/wp-content\/uploads\/2024\/06\/H5ffa3372746e4676b364750e6bb9ffeby_proc-600x653.jpg 600w\" sizes=\"(max-width: 798px) 100vw, 798px\" \/> <img decoding=\"async\" class=\"alignnone size-full wp-image-2772\" src=\"https:\/\/darshion.com\/wp-content\/uploads\/2024\/06\/H07df00db65d94d5aa0d713e143d44c84S_proc.jpg\" alt=\"\" width=\"800\" height=\"800\" srcset=\"https:\/\/darshion.com\/wp-content\/uploads\/2024\/06\/H07df00db65d94d5aa0d713e143d44c84S_proc.jpg 800w, https:\/\/darshion.com\/wp-content\/uploads\/2024\/06\/H07df00db65d94d5aa0d713e143d44c84S_proc-300x300.jpg 300w, https:\/\/darshion.com\/wp-content\/uploads\/2024\/06\/H07df00db65d94d5aa0d713e143d44c84S_proc-150x150.jpg 150w, https:\/\/darshion.com\/wp-content\/uploads\/2024\/06\/H07df00db65d94d5aa0d713e143d44c84S_proc-768x768.jpg 768w, https:\/\/darshion.com\/wp-content\/uploads\/2024\/06\/H07df00db65d94d5aa0d713e143d44c84S_proc-600x600.jpg 600w, https:\/\/darshion.com\/wp-content\/uploads\/2024\/06\/H07df00db65d94d5aa0d713e143d44c84S_proc-100x100.jpg 100w\" sizes=\"(max-width: 800px) 100vw, 800px\" \/> <img decoding=\"async\" class=\"alignnone size-full wp-image-2773\" src=\"https:\/\/darshion.com\/wp-content\/uploads\/2024\/06\/H90d2e2d725fd4708867064ac54203f6fR_proc.jpg\" alt=\"\" width=\"800\" height=\"800\" srcset=\"https:\/\/darshion.com\/wp-content\/uploads\/2024\/06\/H90d2e2d725fd4708867064ac54203f6fR_proc.jpg 800w, https:\/\/darshion.com\/wp-content\/uploads\/2024\/06\/H90d2e2d725fd4708867064ac54203f6fR_proc-300x300.jpg 300w, https:\/\/darshion.com\/wp-content\/uploads\/2024\/06\/H90d2e2d725fd4708867064ac54203f6fR_proc-150x150.jpg 150w, https:\/\/darshion.com\/wp-content\/uploads\/2024\/06\/H90d2e2d725fd4708867064ac54203f6fR_proc-768x768.jpg 768w, https:\/\/darshion.com\/wp-content\/uploads\/2024\/06\/H90d2e2d725fd4708867064ac54203f6fR_proc-600x600.jpg 600w, https:\/\/darshion.com\/wp-content\/uploads\/2024\/06\/H90d2e2d725fd4708867064ac54203f6fR_proc-100x100.jpg 100w\" sizes=\"(max-width: 800px) 100vw, 800px\" \/> <img loading=\"lazy\" decoding=\"async\" class=\"alignnone size-full wp-image-2774\" src=\"https:\/\/darshion.com\/wp-content\/uploads\/2024\/06\/H99f8c84185f2499d92b06459b1ff0a66l_proc.jpg\" alt=\"\" width=\"798\" height=\"800\" srcset=\"https:\/\/darshion.com\/wp-content\/uploads\/2024\/06\/H99f8c84185f2499d92b06459b1ff0a66l_proc.jpg 798w, https:\/\/darshion.com\/wp-content\/uploads\/2024\/06\/H99f8c84185f2499d92b06459b1ff0a66l_proc-300x300.jpg 300w, https:\/\/darshion.com\/wp-content\/uploads\/2024\/06\/H99f8c84185f2499d92b06459b1ff0a66l_proc-150x150.jpg 150w, https:\/\/darshion.com\/wp-content\/uploads\/2024\/06\/H99f8c84185f2499d92b06459b1ff0a66l_proc-768x770.jpg 768w, https:\/\/darshion.com\/wp-content\/uploads\/2024\/06\/H99f8c84185f2499d92b06459b1ff0a66l_proc-600x602.jpg 600w, https:\/\/darshion.com\/wp-content\/uploads\/2024\/06\/H99f8c84185f2499d92b06459b1ff0a66l_proc-100x100.jpg 100w\" sizes=\"(max-width: 798px) 100vw, 798px\" \/> <img loading=\"lazy\" decoding=\"async\" class=\"alignnone size-full wp-image-2775\" src=\"https:\/\/darshion.com\/wp-content\/uploads\/2024\/06\/H7492216a870443a1a38ff7bc42c72e1fo_proc.jpg\" alt=\"\" width=\"800\" height=\"800\" srcset=\"https:\/\/darshion.com\/wp-content\/uploads\/2024\/06\/H7492216a870443a1a38ff7bc42c72e1fo_proc.jpg 800w, https:\/\/darshion.com\/wp-content\/uploads\/2024\/06\/H7492216a870443a1a38ff7bc42c72e1fo_proc-300x300.jpg 300w, https:\/\/darshion.com\/wp-content\/uploads\/2024\/06\/H7492216a870443a1a38ff7bc42c72e1fo_proc-150x150.jpg 150w, https:\/\/darshion.com\/wp-content\/uploads\/2024\/06\/H7492216a870443a1a38ff7bc42c72e1fo_proc-768x768.jpg 768w, https:\/\/darshion.com\/wp-content\/uploads\/2024\/06\/H7492216a870443a1a38ff7bc42c72e1fo_proc-600x600.jpg 600w, https:\/\/darshion.com\/wp-content\/uploads\/2024\/06\/H7492216a870443a1a38ff7bc42c72e1fo_proc-100x100.jpg 100w\" sizes=\"(max-width: 800px) 100vw, 800px\" \/> <img loading=\"lazy\" decoding=\"async\" class=\"alignnone size-full wp-image-2776\" src=\"https:\/\/darshion.com\/wp-content\/uploads\/2024\/06\/Hb0181ceed16c45649b1ef505240ceaeeA_proc.jpg\" alt=\"\" width=\"800\" height=\"800\" srcset=\"https:\/\/darshion.com\/wp-content\/uploads\/2024\/06\/Hb0181ceed16c45649b1ef505240ceaeeA_proc.jpg 800w, https:\/\/darshion.com\/wp-content\/uploads\/2024\/06\/Hb0181ceed16c45649b1ef505240ceaeeA_proc-300x300.jpg 300w, https:\/\/darshion.com\/wp-content\/uploads\/2024\/06\/Hb0181ceed16c45649b1ef505240ceaeeA_proc-150x150.jpg 150w, https:\/\/darshion.com\/wp-content\/uploads\/2024\/06\/Hb0181ceed16c45649b1ef505240ceaeeA_proc-768x768.jpg 768w, https:\/\/darshion.com\/wp-content\/uploads\/2024\/06\/Hb0181ceed16c45649b1ef505240ceaeeA_proc-600x600.jpg 600w, https:\/\/darshion.com\/wp-content\/uploads\/2024\/06\/Hb0181ceed16c45649b1ef505240ceaeeA_proc-100x100.jpg 100w\" sizes=\"(max-width: 800px) 100vw, 800px\" \/> <img loading=\"lazy\" decoding=\"async\" class=\"alignnone size-full wp-image-2777\" src=\"https:\/\/darshion.com\/wp-content\/uploads\/2024\/06\/Hceea417aebc94a239fcb4fc6180ef2f75_proc.jpg\" alt=\"\" width=\"800\" height=\"800\" srcset=\"https:\/\/darshion.com\/wp-content\/uploads\/2024\/06\/Hceea417aebc94a239fcb4fc6180ef2f75_proc.jpg 800w, https:\/\/darshion.com\/wp-content\/uploads\/2024\/06\/Hceea417aebc94a239fcb4fc6180ef2f75_proc-300x300.jpg 300w, https:\/\/darshion.com\/wp-content\/uploads\/2024\/06\/Hceea417aebc94a239fcb4fc6180ef2f75_proc-150x150.jpg 150w, https:\/\/darshion.com\/wp-content\/uploads\/2024\/06\/Hceea417aebc94a239fcb4fc6180ef2f75_proc-768x768.jpg 768w, https:\/\/darshion.com\/wp-content\/uploads\/2024\/06\/Hceea417aebc94a239fcb4fc6180ef2f75_proc-600x600.jpg 600w, https:\/\/darshion.com\/wp-content\/uploads\/2024\/06\/Hceea417aebc94a239fcb4fc6180ef2f75_proc-100x100.jpg 100w\" sizes=\"(max-width: 800px) 100vw, 800px\" \/> <img loading=\"lazy\" decoding=\"async\" class=\"alignnone size-full wp-image-2778\" src=\"https:\/\/darshion.com\/wp-content\/uploads\/2024\/06\/Hd2b2804964dc455b9b49e4f854d9711c1_proc.jpg\" alt=\"\" width=\"798\" height=\"707\" srcset=\"https:\/\/darshion.com\/wp-content\/uploads\/2024\/06\/Hd2b2804964dc455b9b49e4f854d9711c1_proc.jpg 798w, https:\/\/darshion.com\/wp-content\/uploads\/2024\/06\/Hd2b2804964dc455b9b49e4f854d9711c1_proc-300x266.jpg 300w, https:\/\/darshion.com\/wp-content\/uploads\/2024\/06\/Hd2b2804964dc455b9b49e4f854d9711c1_proc-768x680.jpg 768w, https:\/\/darshion.com\/wp-content\/uploads\/2024\/06\/Hd2b2804964dc455b9b49e4f854d9711c1_proc-600x532.jpg 600w\" sizes=\"(max-width: 798px) 100vw, 798px\" \/> <img loading=\"lazy\" decoding=\"async\" class=\"alignnone size-full wp-image-2779\" src=\"https:\/\/darshion.com\/wp-content\/uploads\/2024\/06\/He7c5de2820f643c0bf2bbdc30a837e19p_proc.jpg\" alt=\"\" width=\"798\" height=\"749\" srcset=\"https:\/\/darshion.com\/wp-content\/uploads\/2024\/06\/He7c5de2820f643c0bf2bbdc30a837e19p_proc.jpg 798w, https:\/\/darshion.com\/wp-content\/uploads\/2024\/06\/He7c5de2820f643c0bf2bbdc30a837e19p_proc-300x282.jpg 300w, https:\/\/darshion.com\/wp-content\/uploads\/2024\/06\/He7c5de2820f643c0bf2bbdc30a837e19p_proc-768x721.jpg 768w, https:\/\/darshion.com\/wp-content\/uploads\/2024\/06\/He7c5de2820f643c0bf2bbdc30a837e19p_proc-600x563.jpg 600w\" sizes=\"(max-width: 798px) 100vw, 798px\" \/><\/p>","protected":false},"excerpt":{"rendered":"<p class=\"pro_single_title\">Souris de jeu filaire S8 Colorful Breathing Light<\/p>","protected":false},"featured_media":2773,"comment_status":"open","ping_status":"closed","template":"","meta":{"_monsterinsights_skip_tracking":false,"_monsterinsights_sitenote_active":false,"_monsterinsights_sitenote_note":"","_monsterinsights_sitenote_category":0},"product_cat":[542],"product_tag":[],"yoast_head":"<!-- This site is optimized with the Yoast SEO Premium plugin v22.9 (Yoast SEO v24.0) - https:\/\/yoast.com\/wordpress\/plugins\/seo\/ -->\n<title>S8 Colorful Breathing Light Wired Gaming Mouse Custom - darshion<\/title>\n<meta name=\"robots\" content=\"index, follow, max-snippet:-1, max-image-preview:large, max-video-preview:-1\" \/>\n<link rel=\"canonical\" href=\"https:\/\/darshion.com\/fr\/producto\/wired-gaming-mouse-custom\/\" \/>\n<meta property=\"og:locale\" content=\"fr_FR\" \/>\n<meta property=\"og:type\" content=\"article\" \/>\n<meta property=\"og:title\" content=\"S8 Colorful Breathing Light Wired Gaming Mouse Custom\" \/>\n<meta property=\"og:description\" content=\"S8 Colorful Breathing Light Wired Gaming Mouse\" \/>\n<meta property=\"og:url\" content=\"https:\/\/darshion.com\/fr\/producto\/wired-gaming-mouse-custom\/\" \/>\n<meta property=\"og:site_name\" content=\"darshion\" \/>\n<meta property=\"article:modified_time\" content=\"2024-07-05T03:27:29+00:00\" \/>\n<meta property=\"og:image\" content=\"https:\/\/darshion.com\/wp-content\/uploads\/2024\/06\/H90d2e2d725fd4708867064ac54203f6fR_proc.jpg\" \/>\n\t<meta property=\"og:image:width\" content=\"800\" \/>\n\t<meta property=\"og:image:height\" content=\"800\" \/>\n\t<meta property=\"og:image:type\" content=\"image\/jpeg\" \/>\n<meta name=\"twitter:card\" content=\"summary_large_image\" \/>\n<meta name=\"twitter:label1\" content=\"Dur\u00e9e de lecture estim\u00e9e\" \/>\n\t<meta name=\"twitter:data1\" content=\"3 minutes\" \/>\n<script type=\"application\/ld+json\" class=\"yoast-schema-graph\">{\"@context\":\"https:\/\/schema.org\",\"@graph\":[{\"@type\":\"WebPage\",\"@id\":\"https:\/\/darshion.com\/es\/producto\/wired-gaming-mouse-custom\/\",\"url\":\"https:\/\/darshion.com\/es\/producto\/wired-gaming-mouse-custom\/\",\"name\":\"S8 Colorful Breathing Light Wired Gaming Mouse Custom - darshion\",\"isPartOf\":{\"@id\":\"https:\/\/darshion.com\/#website\"},\"primaryImageOfPage\":{\"@id\":\"https:\/\/darshion.com\/es\/producto\/wired-gaming-mouse-custom\/#primaryimage\"},\"image\":{\"@id\":\"https:\/\/darshion.com\/es\/producto\/wired-gaming-mouse-custom\/#primaryimage\"},\"thumbnailUrl\":\"https:\/\/darshion.com\/wp-content\/uploads\/2024\/06\/H90d2e2d725fd4708867064ac54203f6fR_proc.jpg\",\"datePublished\":\"2024-06-18T02:48:42+00:00\",\"dateModified\":\"2024-07-05T03:27:29+00:00\",\"breadcrumb\":{\"@id\":\"https:\/\/darshion.com\/es\/producto\/wired-gaming-mouse-custom\/#breadcrumb\"},\"inLanguage\":\"fr-FR\",\"potentialAction\":[{\"@type\":\"ReadAction\",\"target\":[\"https:\/\/darshion.com\/es\/producto\/wired-gaming-mouse-custom\/\"]}]},{\"@type\":\"ImageObject\",\"inLanguage\":\"fr-FR\",\"@id\":\"https:\/\/darshion.com\/es\/producto\/wired-gaming-mouse-custom\/#primaryimage\",\"url\":\"https:\/\/darshion.com\/wp-content\/uploads\/2024\/06\/H90d2e2d725fd4708867064ac54203f6fR_proc.jpg\",\"contentUrl\":\"https:\/\/darshion.com\/wp-content\/uploads\/2024\/06\/H90d2e2d725fd4708867064ac54203f6fR_proc.jpg\",\"width\":800,\"height\":800,\"caption\":\"S8 Wired Gaming Mouse\"},{\"@type\":\"BreadcrumbList\",\"@id\":\"https:\/\/darshion.com\/es\/producto\/wired-gaming-mouse-custom\/#breadcrumb\",\"itemListElement\":[{\"@type\":\"ListItem\",\"position\":1,\"name\":\"\u9996\u9875\",\"item\":\"https:\/\/darshion.com\/\"},{\"@type\":\"ListItem\",\"position\":2,\"name\":\"PRODUCT\",\"item\":\"https:\/\/darshion.com\/pt\/product\/\"},{\"@type\":\"ListItem\",\"position\":3,\"name\":\"S8 Colorful Breathing Light Wired Gaming Mouse Custom\"}]},{\"@type\":\"WebSite\",\"@id\":\"https:\/\/darshion.com\/#website\",\"url\":\"https:\/\/darshion.com\/\",\"name\":\"darshion\",\"description\":\"14 Years of Experience, Quality Assurance, Innovative Design\",\"publisher\":{\"@id\":\"https:\/\/darshion.com\/#organization\"},\"potentialAction\":[{\"@type\":\"SearchAction\",\"target\":{\"@type\":\"EntryPoint\",\"urlTemplate\":\"https:\/\/darshion.com\/?s={search_term_string}\"},\"query-input\":{\"@type\":\"PropertyValueSpecification\",\"valueRequired\":true,\"valueName\":\"search_term_string\"}}],\"inLanguage\":\"fr-FR\"},{\"@type\":\"Organization\",\"@id\":\"https:\/\/darshion.com\/#organization\",\"name\":\"darshion\",\"url\":\"https:\/\/darshion.com\/\",\"logo\":{\"@type\":\"ImageObject\",\"inLanguage\":\"fr-FR\",\"@id\":\"https:\/\/darshion.com\/#\/schema\/logo\/image\/\",\"url\":\"https:\/\/darshion.com\/wp-content\/uploads\/2023\/09\/01-1.png\",\"contentUrl\":\"https:\/\/darshion.com\/wp-content\/uploads\/2023\/09\/01-1.png\",\"width\":350,\"height\":100,\"caption\":\"darshion\"},\"image\":{\"@id\":\"https:\/\/darshion.com\/#\/schema\/logo\/image\/\"}}]}<\/script>\n<!-- \/ Yoast SEO Premium plugin. -->","yoast_head_json":{"title":"S8 Souris de jeu filaire \u00e0 lumi\u00e8re respirante et color\u00e9e personnalis\u00e9e - darshion","robots":{"index":"index","follow":"follow","max-snippet":"max-snippet:-1","max-image-preview":"max-image-preview:large","max-video-preview":"max-video-preview:-1"},"canonical":"https:\/\/darshion.com\/fr\/producto\/wired-gaming-mouse-custom\/","og_locale":"fr_FR","og_type":"article","og_title":"S8 Colorful Breathing Light Wired Gaming Mouse Custom","og_description":"S8 Colorful Breathing Light Wired Gaming Mouse","og_url":"https:\/\/darshion.com\/fr\/producto\/wired-gaming-mouse-custom\/","og_site_name":"darshion","article_modified_time":"2024-07-05T03:27:29+00:00","og_image":[{"width":800,"height":800,"url":"https:\/\/darshion.com\/wp-content\/uploads\/2024\/06\/H90d2e2d725fd4708867064ac54203f6fR_proc.jpg","type":"image\/jpeg"}],"twitter_card":"summary_large_image","twitter_misc":{"Dur\u00e9e de lecture estim\u00e9e":"3 minutes"},"schema":{"@context":"https:\/\/schema.org","@graph":[{"@type":"WebPage","@id":"https:\/\/darshion.com\/es\/producto\/wired-gaming-mouse-custom\/","url":"https:\/\/darshion.com\/es\/producto\/wired-gaming-mouse-custom\/","name":"S8 Souris de jeu filaire \u00e0 lumi\u00e8re respirante et color\u00e9e personnalis\u00e9e - darshion","isPartOf":{"@id":"https:\/\/darshion.com\/#website"},"primaryImageOfPage":{"@id":"https:\/\/darshion.com\/es\/producto\/wired-gaming-mouse-custom\/#primaryimage"},"image":{"@id":"https:\/\/darshion.com\/es\/producto\/wired-gaming-mouse-custom\/#primaryimage"},"thumbnailUrl":"https:\/\/darshion.com\/wp-content\/uploads\/2024\/06\/H90d2e2d725fd4708867064ac54203f6fR_proc.jpg","datePublished":"2024-06-18T02:48:42+00:00","dateModified":"2024-07-05T03:27:29+00:00","breadcrumb":{"@id":"https:\/\/darshion.com\/es\/producto\/wired-gaming-mouse-custom\/#breadcrumb"},"inLanguage":"fr-FR","potentialAction":[{"@type":"ReadAction","target":["https:\/\/darshion.com\/es\/producto\/wired-gaming-mouse-custom\/"]}]},{"@type":"ImageObject","inLanguage":"fr-FR","@id":"https:\/\/darshion.com\/es\/producto\/wired-gaming-mouse-custom\/#primaryimage","url":"https:\/\/darshion.com\/wp-content\/uploads\/2024\/06\/H90d2e2d725fd4708867064ac54203f6fR_proc.jpg","contentUrl":"https:\/\/darshion.com\/wp-content\/uploads\/2024\/06\/H90d2e2d725fd4708867064ac54203f6fR_proc.jpg","width":800,"height":800,"caption":"S8 Wired Gaming Mouse"},{"@type":"BreadcrumbList","@id":"https:\/\/darshion.com\/es\/producto\/wired-gaming-mouse-custom\/#breadcrumb","itemListElement":[{"@type":"ListItem","position":1,"name":"\u9996\u9875","item":"https:\/\/darshion.com\/"},{"@type":"ListItem","position":2,"name":"PRODUCT","item":"https:\/\/darshion.com\/pt\/product\/"},{"@type":"ListItem","position":3,"name":"S8 Colorful Breathing Light Wired Gaming Mouse Custom"}]},{"@type":"WebSite","@id":"https:\/\/darshion.com\/#website","url":"https:\/\/darshion.com\/","name":"darshion","description":"14 ans d'exp\u00e9rience, assurance qualit\u00e9, conception innovante","publisher":{"@id":"https:\/\/darshion.com\/#organization"},"potentialAction":[{"@type":"SearchAction","target":{"@type":"EntryPoint","urlTemplate":"https:\/\/darshion.com\/?s={search_term_string}"},"query-input":{"@type":"PropertyValueSpecification","valueRequired":true,"valueName":"search_term_string"}}],"inLanguage":"fr-FR"},{"@type":"Organization","@id":"https:\/\/darshion.com\/#organization","name":"darshion","url":"https:\/\/darshion.com\/","logo":{"@type":"ImageObject","inLanguage":"fr-FR","@id":"https:\/\/darshion.com\/#\/schema\/logo\/image\/","url":"https:\/\/darshion.com\/wp-content\/uploads\/2023\/09\/01-1.png","contentUrl":"https:\/\/darshion.com\/wp-content\/uploads\/2023\/09\/01-1.png","width":350,"height":100,"caption":"darshion"},"image":{"@id":"https:\/\/darshion.com\/#\/schema\/logo\/image\/"}}]}},"_links":{"self":[{"href":"https:\/\/darshion.com\/fr\/wp-json\/wp\/v2\/product\/2762"}],"collection":[{"href":"https:\/\/darshion.com\/fr\/wp-json\/wp\/v2\/product"}],"about":[{"href":"https:\/\/darshion.com\/fr\/wp-json\/wp\/v2\/types\/product"}],"replies":[{"embeddable":true,"href":"https:\/\/darshion.com\/fr\/wp-json\/wp\/v2\/comments?post=2762"}],"wp:featuredmedia":[{"embeddable":true,"href":"https:\/\/darshion.com\/fr\/wp-json\/wp\/v2\/media\/2773"}],"wp:attachment":[{"href":"https:\/\/darshion.com\/fr\/wp-json\/wp\/v2\/media?parent=2762"}],"wp:term":[{"taxonomy":"product_cat","embeddable":true,"href":"https:\/\/darshion.com\/fr\/wp-json\/wp\/v2\/product_cat?post=2762"},{"taxonomy":"product_tag","embeddable":true,"href":"https:\/\/darshion.com\/fr\/wp-json\/wp\/v2\/product_tag?post=2762"}],"curies":[{"name":"wp","href":"https:\/\/api.w.org\/{rel}","templated":true}]}}