{"id":3299,"date":"2024-07-15T17:23:02","date_gmt":"2024-07-15T09:23:02","guid":{"rendered":"https:\/\/darshion.com\/product\/professional-wireless-gaming-mouse-rechargeable-rgb-gamer-mouse-with-honeycomb-computer-mouse-gaming\/"},"modified":"2024-07-31T10:56:21","modified_gmt":"2024-07-31T02:56:21","slug":"professional-wireless-gaming-mouse-rechargeable-rgb-gamer-mouse-with-honeycomb-computer-mouse-gaming","status":"publish","type":"product","link":"https:\/\/darshion.com\/fr\/produit\/professional-wireless-gaming-mouse-rechargeable-rgb-gamer-mouse-with-honeycomb-computer-mouse-gaming\/","title":{"rendered":"Souris de jeu professionnelle sans fil rechargeable RGB avec nid d'abeille Souris d'ordinateur Gaming"},"content":{"rendered":"<div data-magic-global=\"%7B%22bizId%22%3A2329368643%2C%22pageId%22%3A21393534069%2C%22siteId%22%3A10003129106%7D\" id=\"detail_decorate_root\">\n<div class=\"J_module\">\n<div class=\"detail-decorate-json-renderer-container\">\n<div class=\"magic-0\">\n<div class=\"magic-1\">\n<div class=\"magic-2\">\n<div class=\"magic-3\"><span><span><span><span><span><span><span>Souris de jeu professionnelle sans fil rechargeable RGB avec nid d'abeille Souris d'ordinateur Gaming<\/span><\/span><\/span><\/span><\/span><\/span><\/span><\/div>\n<\/div>\n<\/div>\n<\/div>\n<\/div>\n<\/div>\n<div class=\"J_module\">\n<div class=\"magic-4\" id=\"ali-anchor-AliMagic-r7lcjz\" data-section=\"AliMagic-r7lcjz\" data-section-title=\"TOP PICKS\">TOP PICKS<\/div>\n<\/div>\n<div class=\"J_module\">\n<div class=\"icbu-pc-images magic-5\">\n<div>\n<div class=\"flex-layout-v\">\n<div class=\"flex-layout-h magic-5\">\n<div class=\"magic-6\"><a href=\"https:\/\/cousotech.en.alibaba.com\/productgrouplist-939110870\/Best_Selling_Mouse.html\" target=\"_blank\" rel=\"noopener\"><\/a><\/div>\n<\/div>\n<\/div>\n<\/div>\n<\/div>\n<\/div>\n<div class=\"J_module\">\n<div class=\"icbu-pc-images magic-5\">\n<div class=\"flex-layout-v\">\n<div class=\"flex-layout-h magic-5\">\n<div class=\"magic-8\"><\/div>\n<div class=\"magic-10\"><\/div>\n<\/div>\n<\/div>\n<\/div>\n<\/div>\n<div class=\"J_module\">\n<div class=\"magic-11\" id=\"ali-anchor-AliMagic-8tapgg\" data-section=\"AliMagic-8tapgg\" data-section-title=\"Specification\">Sp\u00e9cifications<\/div>\n<\/div>\n<div class=\"J_module\">\n<div class=\"detail-decorate-json-renderer-container\">\n<div class=\"magic-0\">\n<div class=\"magic-1\">\n<div class=\"magic-2\">\n<div class=\"magic-3\"><span><span> <\/span><\/span>\u3010Gaming Grade Optical Sensor\u3011 (Capteur optique de qualit\u00e9 pour le jeu)<\/p>\n<p><\/p>\n<div>\n<div><span><span>Cette souris de jeu est dot\u00e9e d'un capteur optique haute performance. Le capteur Gaming Grade Sensor offre une grande pr\u00e9cision, une grande durabilit\u00e9 et une r\u00e9activit\u00e9 extr\u00eame.<\/span><\/span><\/div>\n<div><span><span><br \/> \u3010Adaptable DPI jusqu'\u00e0 7200\u3011<\/span><\/span><\/div>\n<div><span><span>La souris de jeu offre 4 options DPI r\u00e9glables (1200\/2400\/3200\/7200) pour diff\u00e9rents sc\u00e9narios de jeu. Elle peut \u00e9galement r\u00e9pondre \u00e0 vos besoins en mati\u00e8re de navigation rapide sur Internet.<\/span><\/span><\/div>\n<div><span><span><br \/> \u3010Ergonomic and Lightweight Honeycomb Design\u3011La souris de jeu est con\u00e7ue pour la vitesse, le contr\u00f4le et le confort gr\u00e2ce \u00e0 sa coque en nid d'abeille ultral\u00e9g\u00e8re et \u00e0 son design sym\u00e9trique et a\u00e9rodynamique.<\/span><\/span><\/div>\n<div><span><span><br \/> \u3010Dynamic RGB Streamer Lighting\u3011La souris de jeu dispose d'une lumi\u00e8re magique RGB de 16 millions de couleurs, cr\u00e9ant une atmosph\u00e8re de jeu comp\u00e9titive. Illuminez votre chemin vers la victoire.<\/span><\/span><\/div>\n<div><span><span><\/p>\n<p><\/p>\n<p><span><span>\u3010Customizable\u3011<br \/>- Couleurs<br \/>- Filaire\/sans fil\/2.4G\/Bluetooth Triple mode\/multiple canal<br \/>- Solutions internes:Yichip\/NORDIC\/BEKEN\/MOSART\/TELINK\/<br \/>- LOGO et emballage<\/span><\/span><\/p>\n<p><\/span><\/span><\/div>\n<\/div>\n<\/div>\n<\/div>\n<\/div>\n<\/div>\n<\/div>\n<\/div>\n<div class=\"J_module\">\n<div class=\"magic-11\" id=\"ali-anchor-AliMagic-gu67ve\" data-section=\"AliMagic-gu67ve\" data-section-title=\"Details Images\">Images d\u00e9taill\u00e9es<\/div>\n<\/div>\n<div class=\"J_module\">\n<div class=\"icbu-pc-detailManyImage magic-12\">\n<div class=\"magic-13\"><img decoding=\"async\" class=\"magic-14\" src=\"https:\/\/darshion.com\/wp-content\/uploads\/2024\/07\/H417b518acf244b2f978c24c76948375ef.jpg\" \/><\/div>\n<div class=\"magic-13\"><img decoding=\"async\" class=\"magic-14\" src=\"https:\/\/darshion.com\/wp-content\/uploads\/2024\/07\/H0e51513909f542b3ba35e075ddcb81beS.jpg\" \/><\/div>\n<div class=\"magic-13\"><img decoding=\"async\" class=\"magic-14\" src=\"https:\/\/darshion.com\/wp-content\/uploads\/2024\/07\/He3e90771c32a47748b51a17b0737c477e.jpg\" \/><\/div>\n<div class=\"magic-13\"><img decoding=\"async\" class=\"magic-14\" src=\"https:\/\/darshion.com\/wp-content\/uploads\/2024\/07\/Haf56a1a3bb364b9baed20ef890293a77r.jpg\" \/><\/div>\n<div class=\"magic-13\"><img decoding=\"async\" class=\"magic-14\" src=\"https:\/\/darshion.com\/wp-content\/uploads\/2024\/07\/H2286bcd315e346549b66d0d0ca8cb8dc2.jpg\" \/><\/div>\n<div class=\"magic-13\"><img decoding=\"async\" class=\"magic-14\" src=\"https:\/\/darshion.com\/wp-content\/uploads\/2024\/07\/H98346d21e1e9452dbfadd2314125290cz.jpg\" \/><\/div>\n<div class=\"magic-13\"><img decoding=\"async\" class=\"magic-14\" src=\"https:\/\/darshion.com\/wp-content\/uploads\/2024\/07\/Hcdb69413fdb0451ba0de3e2a6fbeaf9dq.jpg\" \/><\/div>\n<div class=\"magic-13\"><img decoding=\"async\" class=\"magic-14\" src=\"https:\/\/darshion.com\/wp-content\/uploads\/2024\/07\/H787dfcc88df44468acb06e0d36610a6eF.jpg\" \/><\/div>\n<div class=\"magic-13\"><img decoding=\"async\" class=\"magic-14\" src=\"https:\/\/darshion.com\/wp-content\/uploads\/2024\/07\/H46ae9b50c1e04a2c990f5dcbb45ef9ddH.jpg\" \/><\/div>\n<\/div>\n<\/div>\n<\/div>","protected":false},"excerpt":{"rendered":"<div>[Industry-specific attributes]<br \/>Type:2.4Ghz Wireless<br \/>Interface Type:USB receiver &amp; Type C cable<br \/>Number of Buttons:6<br \/>DPI:1200, 2400, 3600, 7200<br \/>Style:Gaming, backlit<\/p>\n<p><\/p>\n<p>[Other attributes]<br \/>Place of Origin:China<br \/>Programmable:NO<br \/>Tracking Method:Optical<br \/>Power Type:RECHARGEABLE<br \/>Number of Rollers:1<br \/>Products Status:Stock<br \/>Application:Desktop, LAPTOP, pc<br \/>Hand Orientation:Right<br \/>Brand Name:couso<br \/>Model Number:G40W<br \/>Backlit:RGB<br \/>Ergonomics:Yes<br \/>Product Name:wireless gaming Mouse<br \/>Feature:High DPI,wireless bluetooth,rechargeable<br \/>Material:ABS Plastic<br \/>Logo:Accept Customized Logo<br \/>Package:Customized Box<br \/>Keywords:Desktop &nbsp;Laptop Computer<br \/>Warranty:12 Months<br \/>MOQ:1 Pcs<br \/>Support system:Win07\/08\/10\/NT\/ME\/2000\/XP\/vista<br \/>Mouse Type:Mouse Gaming<\/p>\n<\/div>\n","protected":false},"featured_media":3291,"comment_status":"open","ping_status":"closed","template":"","meta":{"_monsterinsights_skip_tracking":false,"_monsterinsights_sitenote_active":false,"_monsterinsights_sitenote_note":"","_monsterinsights_sitenote_category":0},"product_cat":[541],"product_tag":[558],"yoast_head":"<!-- This site is optimized with the Yoast SEO Premium plugin v22.9 (Yoast SEO v24.0) - https:\/\/yoast.com\/wordpress\/plugins\/seo\/ -->\n<title>Professional Wireless Gaming Mouse Rechargeable RGB Gamer Mouse with Honeycomb Computer mouse Gaming - darshion<\/title>\n<meta name=\"robots\" content=\"index, follow, max-snippet:-1, max-image-preview:large, max-video-preview:-1\" \/>\n<link rel=\"canonical\" href=\"https:\/\/darshion.com\/fr\/produkt\/professional-wireless-gaming-mouse-rechargeable-rgb-gamer-mouse-with-honeycomb-computer-mouse-gaming\/\" \/>\n<meta property=\"og:locale\" content=\"fr_FR\" \/>\n<meta property=\"og:type\" content=\"article\" \/>\n<meta property=\"og:title\" content=\"Professional Wireless Gaming Mouse Rechargeable RGB Gamer Mouse with Honeycomb Computer mouse Gaming\" \/>\n<meta property=\"og:description\" content=\"[Industry-specific attributes]Type:2.4Ghz WirelessInterface Type:USB receiver &amp; Type C cableNumber of Buttons:6DPI:1200, 2400, 3600, 7200Style:Gaming, backlit[Other attributes]Place of Origin:ChinaProgrammable:NOTracking Method:OpticalPower Type:RECHARGEABLENumber of Rollers:1Products Status:StockApplication:Desktop, LAPTOP, pcHand Orientation:RightBrand Name:cousoModel Number:G40WBacklit:RGBErgonomics:YesProduct Name:wireless gaming MouseFeature:High DPI,wireless bluetooth,rechargeableMaterial:ABS PlasticLogo:Accept Customized LogoPackage:Customized BoxKeywords:Desktop &nbsp;Laptop ComputerWarranty:12 MonthsMOQ:1 PcsSupport system:Win07\/08\/10\/NT\/ME\/2000\/XP\/vistaMouse Type:Mouse Gaming\" \/>\n<meta property=\"og:url\" content=\"https:\/\/darshion.com\/fr\/produkt\/professional-wireless-gaming-mouse-rechargeable-rgb-gamer-mouse-with-honeycomb-computer-mouse-gaming\/\" \/>\n<meta property=\"og:site_name\" content=\"darshion\" \/>\n<meta property=\"article:modified_time\" content=\"2024-07-31T02:56:21+00:00\" \/>\n<meta property=\"og:image\" content=\"https:\/\/darshion.com\/wp-content\/uploads\/2024\/07\/H643ae8f3317449faaf06019ab33b6660X.jpg\" \/>\n\t<meta property=\"og:image:width\" content=\"800\" \/>\n\t<meta property=\"og:image:height\" content=\"827\" \/>\n\t<meta property=\"og:image:type\" content=\"image\/jpeg\" \/>\n<meta name=\"twitter:card\" content=\"summary_large_image\" \/>\n<meta name=\"twitter:label1\" content=\"Dur\u00e9e de lecture estim\u00e9e\" \/>\n\t<meta name=\"twitter:data1\" content=\"3 minutes\" \/>\n<script type=\"application\/ld+json\" class=\"yoast-schema-graph\">{\"@context\":\"https:\/\/schema.org\",\"@graph\":[{\"@type\":\"WebPage\",\"@id\":\"https:\/\/darshion.com\/de\/produkt\/professional-wireless-gaming-mouse-rechargeable-rgb-gamer-mouse-with-honeycomb-computer-mouse-gaming\/\",\"url\":\"https:\/\/darshion.com\/de\/produkt\/professional-wireless-gaming-mouse-rechargeable-rgb-gamer-mouse-with-honeycomb-computer-mouse-gaming\/\",\"name\":\"Professional Wireless Gaming Mouse Rechargeable RGB Gamer Mouse with Honeycomb Computer mouse Gaming - darshion\",\"isPartOf\":{\"@id\":\"https:\/\/darshion.com\/#website\"},\"primaryImageOfPage\":{\"@id\":\"https:\/\/darshion.com\/de\/produkt\/professional-wireless-gaming-mouse-rechargeable-rgb-gamer-mouse-with-honeycomb-computer-mouse-gaming\/#primaryimage\"},\"image\":{\"@id\":\"https:\/\/darshion.com\/de\/produkt\/professional-wireless-gaming-mouse-rechargeable-rgb-gamer-mouse-with-honeycomb-computer-mouse-gaming\/#primaryimage\"},\"thumbnailUrl\":\"https:\/\/darshion.com\/wp-content\/uploads\/2024\/07\/H643ae8f3317449faaf06019ab33b6660X.jpg\",\"datePublished\":\"2024-07-15T09:23:02+00:00\",\"dateModified\":\"2024-07-31T02:56:21+00:00\",\"breadcrumb\":{\"@id\":\"https:\/\/darshion.com\/de\/produkt\/professional-wireless-gaming-mouse-rechargeable-rgb-gamer-mouse-with-honeycomb-computer-mouse-gaming\/#breadcrumb\"},\"inLanguage\":\"fr-FR\",\"potentialAction\":[{\"@type\":\"ReadAction\",\"target\":[\"https:\/\/darshion.com\/de\/produkt\/professional-wireless-gaming-mouse-rechargeable-rgb-gamer-mouse-with-honeycomb-computer-mouse-gaming\/\"]}]},{\"@type\":\"ImageObject\",\"inLanguage\":\"fr-FR\",\"@id\":\"https:\/\/darshion.com\/de\/produkt\/professional-wireless-gaming-mouse-rechargeable-rgb-gamer-mouse-with-honeycomb-computer-mouse-gaming\/#primaryimage\",\"url\":\"https:\/\/darshion.com\/wp-content\/uploads\/2024\/07\/H643ae8f3317449faaf06019ab33b6660X.jpg\",\"contentUrl\":\"https:\/\/darshion.com\/wp-content\/uploads\/2024\/07\/H643ae8f3317449faaf06019ab33b6660X.jpg\",\"width\":800,\"height\":827},{\"@type\":\"BreadcrumbList\",\"@id\":\"https:\/\/darshion.com\/de\/produkt\/professional-wireless-gaming-mouse-rechargeable-rgb-gamer-mouse-with-honeycomb-computer-mouse-gaming\/#breadcrumb\",\"itemListElement\":[{\"@type\":\"ListItem\",\"position\":1,\"name\":\"\u9996\u9875\",\"item\":\"https:\/\/darshion.com\/\"},{\"@type\":\"ListItem\",\"position\":2,\"name\":\"PRODUCT\",\"item\":\"https:\/\/darshion.com\/pt\/product\/\"},{\"@type\":\"ListItem\",\"position\":3,\"name\":\"Professional Wireless Gaming Mouse Rechargeable RGB Gamer Mouse with Honeycomb Computer mouse Gaming\"}]},{\"@type\":\"WebSite\",\"@id\":\"https:\/\/darshion.com\/#website\",\"url\":\"https:\/\/darshion.com\/\",\"name\":\"darshion\",\"description\":\"14 Years of Experience, Quality Assurance, Innovative Design\",\"publisher\":{\"@id\":\"https:\/\/darshion.com\/#organization\"},\"potentialAction\":[{\"@type\":\"SearchAction\",\"target\":{\"@type\":\"EntryPoint\",\"urlTemplate\":\"https:\/\/darshion.com\/?s={search_term_string}\"},\"query-input\":{\"@type\":\"PropertyValueSpecification\",\"valueRequired\":true,\"valueName\":\"search_term_string\"}}],\"inLanguage\":\"fr-FR\"},{\"@type\":\"Organization\",\"@id\":\"https:\/\/darshion.com\/#organization\",\"name\":\"darshion\",\"url\":\"https:\/\/darshion.com\/\",\"logo\":{\"@type\":\"ImageObject\",\"inLanguage\":\"fr-FR\",\"@id\":\"https:\/\/darshion.com\/#\/schema\/logo\/image\/\",\"url\":\"https:\/\/darshion.com\/wp-content\/uploads\/2023\/09\/01-1.png\",\"contentUrl\":\"https:\/\/darshion.com\/wp-content\/uploads\/2023\/09\/01-1.png\",\"width\":350,\"height\":100,\"caption\":\"darshion\"},\"image\":{\"@id\":\"https:\/\/darshion.com\/#\/schema\/logo\/image\/\"}}]}<\/script>\n<!-- \/ Yoast SEO Premium plugin. -->","yoast_head_json":{"title":"Professional Wireless Gaming Mouse Rechargeable RGB Gamer Mouse with Honeycomb Computer mouse Gaming - darshion","robots":{"index":"index","follow":"follow","max-snippet":"max-snippet:-1","max-image-preview":"max-image-preview:large","max-video-preview":"max-video-preview:-1"},"canonical":"https:\/\/darshion.com\/fr\/produkt\/professional-wireless-gaming-mouse-rechargeable-rgb-gamer-mouse-with-honeycomb-computer-mouse-gaming\/","og_locale":"fr_FR","og_type":"article","og_title":"Professional Wireless Gaming Mouse Rechargeable RGB Gamer Mouse with Honeycomb Computer mouse Gaming","og_description":"[Industry-specific attributes]Type:2.4Ghz WirelessInterface Type:USB receiver &amp; Type C cableNumber of Buttons:6DPI:1200, 2400, 3600, 7200Style:Gaming, backlit[Other attributes]Place of Origin:ChinaProgrammable:NOTracking Method:OpticalPower Type:RECHARGEABLENumber of Rollers:1Products Status:StockApplication:Desktop, LAPTOP, pcHand Orientation:RightBrand Name:cousoModel Number:G40WBacklit:RGBErgonomics:YesProduct Name:wireless gaming MouseFeature:High DPI,wireless bluetooth,rechargeableMaterial:ABS PlasticLogo:Accept Customized LogoPackage:Customized BoxKeywords:Desktop &nbsp;Laptop ComputerWarranty:12 MonthsMOQ:1 PcsSupport system:Win07\/08\/10\/NT\/ME\/2000\/XP\/vistaMouse Type:Mouse Gaming","og_url":"https:\/\/darshion.com\/fr\/produkt\/professional-wireless-gaming-mouse-rechargeable-rgb-gamer-mouse-with-honeycomb-computer-mouse-gaming\/","og_site_name":"darshion","article_modified_time":"2024-07-31T02:56:21+00:00","og_image":[{"width":800,"height":827,"url":"https:\/\/darshion.com\/wp-content\/uploads\/2024\/07\/H643ae8f3317449faaf06019ab33b6660X.jpg","type":"image\/jpeg"}],"twitter_card":"summary_large_image","twitter_misc":{"Dur\u00e9e de lecture estim\u00e9e":"3 minutes"},"schema":{"@context":"https:\/\/schema.org","@graph":[{"@type":"WebPage","@id":"https:\/\/darshion.com\/de\/produkt\/professional-wireless-gaming-mouse-rechargeable-rgb-gamer-mouse-with-honeycomb-computer-mouse-gaming\/","url":"https:\/\/darshion.com\/de\/produkt\/professional-wireless-gaming-mouse-rechargeable-rgb-gamer-mouse-with-honeycomb-computer-mouse-gaming\/","name":"Professional Wireless Gaming Mouse Rechargeable RGB Gamer Mouse with Honeycomb Computer mouse Gaming - darshion","isPartOf":{"@id":"https:\/\/darshion.com\/#website"},"primaryImageOfPage":{"@id":"https:\/\/darshion.com\/de\/produkt\/professional-wireless-gaming-mouse-rechargeable-rgb-gamer-mouse-with-honeycomb-computer-mouse-gaming\/#primaryimage"},"image":{"@id":"https:\/\/darshion.com\/de\/produkt\/professional-wireless-gaming-mouse-rechargeable-rgb-gamer-mouse-with-honeycomb-computer-mouse-gaming\/#primaryimage"},"thumbnailUrl":"https:\/\/darshion.com\/wp-content\/uploads\/2024\/07\/H643ae8f3317449faaf06019ab33b6660X.jpg","datePublished":"2024-07-15T09:23:02+00:00","dateModified":"2024-07-31T02:56:21+00:00","breadcrumb":{"@id":"https:\/\/darshion.com\/de\/produkt\/professional-wireless-gaming-mouse-rechargeable-rgb-gamer-mouse-with-honeycomb-computer-mouse-gaming\/#breadcrumb"},"inLanguage":"fr-FR","potentialAction":[{"@type":"ReadAction","target":["https:\/\/darshion.com\/de\/produkt\/professional-wireless-gaming-mouse-rechargeable-rgb-gamer-mouse-with-honeycomb-computer-mouse-gaming\/"]}]},{"@type":"ImageObject","inLanguage":"fr-FR","@id":"https:\/\/darshion.com\/de\/produkt\/professional-wireless-gaming-mouse-rechargeable-rgb-gamer-mouse-with-honeycomb-computer-mouse-gaming\/#primaryimage","url":"https:\/\/darshion.com\/wp-content\/uploads\/2024\/07\/H643ae8f3317449faaf06019ab33b6660X.jpg","contentUrl":"https:\/\/darshion.com\/wp-content\/uploads\/2024\/07\/H643ae8f3317449faaf06019ab33b6660X.jpg","width":800,"height":827},{"@type":"BreadcrumbList","@id":"https:\/\/darshion.com\/de\/produkt\/professional-wireless-gaming-mouse-rechargeable-rgb-gamer-mouse-with-honeycomb-computer-mouse-gaming\/#breadcrumb","itemListElement":[{"@type":"ListItem","position":1,"name":"\u9996\u9875","item":"https:\/\/darshion.com\/"},{"@type":"ListItem","position":2,"name":"PRODUCT","item":"https:\/\/darshion.com\/pt\/product\/"},{"@type":"ListItem","position":3,"name":"Professional Wireless Gaming Mouse Rechargeable RGB Gamer Mouse with Honeycomb Computer mouse Gaming"}]},{"@type":"WebSite","@id":"https:\/\/darshion.com\/#website","url":"https:\/\/darshion.com\/","name":"darshion","description":"14 ans d'exp\u00e9rience, assurance qualit\u00e9, conception innovante","publisher":{"@id":"https:\/\/darshion.com\/#organization"},"potentialAction":[{"@type":"SearchAction","target":{"@type":"EntryPoint","urlTemplate":"https:\/\/darshion.com\/?s={search_term_string}"},"query-input":{"@type":"PropertyValueSpecification","valueRequired":true,"valueName":"search_term_string"}}],"inLanguage":"fr-FR"},{"@type":"Organization","@id":"https:\/\/darshion.com\/#organization","name":"darshion","url":"https:\/\/darshion.com\/","logo":{"@type":"ImageObject","inLanguage":"fr-FR","@id":"https:\/\/darshion.com\/#\/schema\/logo\/image\/","url":"https:\/\/darshion.com\/wp-content\/uploads\/2023\/09\/01-1.png","contentUrl":"https:\/\/darshion.com\/wp-content\/uploads\/2023\/09\/01-1.png","width":350,"height":100,"caption":"darshion"},"image":{"@id":"https:\/\/darshion.com\/#\/schema\/logo\/image\/"}}]}},"_links":{"self":[{"href":"https:\/\/darshion.com\/fr\/wp-json\/wp\/v2\/product\/3299"}],"collection":[{"href":"https:\/\/darshion.com\/fr\/wp-json\/wp\/v2\/product"}],"about":[{"href":"https:\/\/darshion.com\/fr\/wp-json\/wp\/v2\/types\/product"}],"replies":[{"embeddable":true,"href":"https:\/\/darshion.com\/fr\/wp-json\/wp\/v2\/comments?post=3299"}],"wp:featuredmedia":[{"embeddable":true,"href":"https:\/\/darshion.com\/fr\/wp-json\/wp\/v2\/media\/3291"}],"wp:attachment":[{"href":"https:\/\/darshion.com\/fr\/wp-json\/wp\/v2\/media?parent=3299"}],"wp:term":[{"taxonomy":"product_cat","embeddable":true,"href":"https:\/\/darshion.com\/fr\/wp-json\/wp\/v2\/product_cat?post=3299"},{"taxonomy":"product_tag","embeddable":true,"href":"https:\/\/darshion.com\/fr\/wp-json\/wp\/v2\/product_tag?post=3299"}],"curies":[{"name":"wp","href":"https:\/\/api.w.org\/{rel}","templated":true}]}}