{"id":3383,"date":"2024-07-16T10:54:40","date_gmt":"2024-07-16T02:54:40","guid":{"rendered":"https:\/\/darshion.com\/product\/cx20u-custom-104-keys-gaming-wired-mechanical-keyboard-manufacturers\/"},"modified":"2024-07-16T11:21:12","modified_gmt":"2024-07-16T03:21:12","slug":"cx20u-keyboard-manufacturers","status":"publish","type":"product","link":"https:\/\/darshion.com\/fr\/produit\/cx20u-keyboard-manufacturers\/","title":{"rendered":"CX20U Custom 104 Keys Gaming Wired Mechanical Keyboard Manufacturers"},"content":{"rendered":"<div id=\"detail_decorate_root\" data-magic-global=\"%7B%22bizId%22%3A2329368643%2C%22pageId%22%3A21308579315%2C%22siteId%22%3A10003129106%7D\">\n<div class=\"J_module\">\n<div class=\"detail-decorate-json-renderer-container\">\n<div class=\"magic-0\">\n<div class=\"magic-1\">\n<div class=\"magic-2\">\n<div class=\"magic-3\">Hot Sale 104 Keys Mechanical Keyboard Red Switch Ergonomic computer RGB Backlit Gaming Keyboard for Computer PC<\/div>\n<\/div>\n<\/div>\n<\/div>\n<\/div>\n<\/div>\n<div class=\"J_module\">\n<div id=\"ali-anchor-AliMagic-csq2pw\" class=\"magic-4\" data-section=\"AliMagic-csq2pw\" data-section-title=\"Products Description\">Description des produits<\/div>\n<\/div>\n<div class=\"J_module\">\n<div class=\"detail-decorate-json-renderer-container\">\n<div class=\"magic-0\">\n<div class=\"magic-1\">\n<div class=\"magic-2\">\n<div class=\"magic-3\"><strong class=\"magic-6\">\u3010Clavier m\u00e9canique \u00e0 commutateur rouge 104 touches \u3011<br \/>\n<\/strong>Pour la DACTYLOGRAPHIE et le JEU, les touches rouges sont des touches lin\u00e9aires, de haut en bas. Ces commutateurs n\u00e9cessitent moins de force pour les enfoncer et les touches sont plus souples et plus faciles \u00e0 utiliser. Pas de \"bosse\" tactile, mais r\u00e9activit\u00e9. Un excellent choix pour le travail et le jeu !<br \/>\n<strong class=\"magic-6\">\u3010Rainbow LED Backlit\u3011<br \/>\n<\/strong>Les 8 effets de r\u00e9tro\u00e9clairage monochrome conf\u00e8rent \u00e0 ce petit clavier de jeu un effet visuel vibrant et splendide.<br \/>\n<strong class=\"magic-6\">\u3010C\u00e2ble Type-C d\u00e9tachable\u3011<br \/>\n<\/strong>La connexion USB Type-C fournit \u00e9galement une transmission plus stable, la conception de s\u00e9paration du c\u00e2ble cl\u00e9, pratique avec le stockage.<\/p>\n<div><strong>\u3010Extr\u00eame durabilit\u00e9\u3011<\/strong><\/div>\n<div>Test de frappe de 50 millions de fois, faible force d'actionnement et course courte. La base solide et la conception des capuchons de touches en ABS \u00e0 double injection lui permettent de r\u00e9sister \u00e0 toute une vie de jeu.<br \/>\n<strong>\u3010Strong Compatibilit\u00e9\u3011<\/strong><\/p>\n<div>Plug and play, aucun pilote ou logiciel n'est n\u00e9cessaire. Fonctionne parfaitement avec Windows 10\/8\/7\/XP, Mac OS, et Windows<br \/>\n\u3010Customizable\u3011<br \/>\n- Couleurs des porte-cl\u00e9s<br \/>\n- Filaire\/sans fil\/2.4G\/Bluetooth Triple mode\/multiple canal<br \/>\n- Jusqu'\u00e0 20 effets de r\u00e9tro\u00e9clairage RVB r\u00e9els pr\u00e9r\u00e9gl\u00e9s<br \/>\n- Mat\u00e9riau des touches : ABS\/PBT\/Aluminium<br \/>\n- Interrupteurs m\u00e9caniques : interrupteur rouge\/interrupteur bleu\/interrupteur marron, etc.<br \/>\n- Disposition : \u00c9tats-Unis\/Royaume-Uni\/Cor\u00e9e du Sud\/SPAIN\/BRAZILIEN\/RUSSIE, etc.<br \/>\n- Mat\u00e9riau du circuit imprim\u00e9 : ABS\/aluminium de premi\u00e8re qualit\u00e9\/fer d'\u00e9lectrophor\u00e8se de premi\u00e8re qualit\u00e9<br \/>\n- LOGO et emballage<\/div>\n<\/div>\n<\/div>\n<\/div>\n<\/div>\n<\/div>\n<\/div>\n<\/div>\n<div class=\"J_module\">\n<div id=\"ali-anchor-AliMagic-ua5u15\" class=\"magic-4\" data-section=\"AliMagic-ua5u15\" data-section-title=\"Details Images\">Images d\u00e9taill\u00e9es<\/div>\n<\/div>\n<div class=\"J_module\">\n<div class=\"icbu-pc-detailManyImage magic-7\">\n<div class=\"magic-8\"><img decoding=\"async\" class=\"keyboard Manufacturers\" title=\"Clavier Fabricants\" src=\"https:\/\/darshion.com\/wp-content\/uploads\/2024\/07\/H5f33963b39bc459c80fde92c3f28e831W.jpg\" alt=\"keyboard Manufacturers\" \/><\/div>\n<div class=\"magic-8\"><img decoding=\"async\" class=\"keyboard Manufacturers\" title=\"Clavier Fabricants\" src=\"https:\/\/darshion.com\/wp-content\/uploads\/2024\/07\/H4b34c17d44dc42b78b10b1142f868217B.jpg\" alt=\"keyboard Manufacturers\" \/><\/div>\n<div class=\"magic-8\"><img decoding=\"async\" class=\"keyboard Manufacturers\" title=\"Clavier Fabricants\" src=\"https:\/\/darshion.com\/wp-content\/uploads\/2024\/07\/H4465a10126fb4f7da641d94bff217b09b.jpg\" alt=\"keyboard Manufacturers\" \/><\/div>\n<div class=\"magic-8\"><img decoding=\"async\" class=\"keyboard Manufacturers\" title=\"Clavier Fabricants\" src=\"https:\/\/darshion.com\/wp-content\/uploads\/2024\/07\/Ha4192b97f2ac4c8da2a9120cd01244f51.jpg\" alt=\"keyboard Manufacturers\" \/><\/div>\n<div class=\"magic-8\"><img decoding=\"async\" class=\"keyboard Manufacturers\" title=\"Clavier Fabricants\" src=\"https:\/\/darshion.com\/wp-content\/uploads\/2024\/07\/Hac74115f700440eba6e7c47fb946310bh.jpg\" alt=\"keyboard Manufacturers\" \/><\/div>\n<div class=\"magic-8\"><img decoding=\"async\" class=\"keyboard Manufacturers\" title=\"Clavier Fabricants\" src=\"https:\/\/darshion.com\/wp-content\/uploads\/2024\/07\/H715e2c1c353644788d7ab3f62a11b6872.jpg\" alt=\"keyboard Manufacturers\" \/><\/div>\n<div class=\"magic-8\"><img decoding=\"async\" class=\"keyboard Manufacturers\" title=\"Clavier Fabricants\" src=\"https:\/\/darshion.com\/wp-content\/uploads\/2024\/07\/He400fbc44fd34539badb05205622e8ebV.jpg\" alt=\"keyboard Manufacturers\" \/><\/div>\n<div class=\"magic-8\"><img decoding=\"async\" class=\"keyboard Manufacturers\" title=\"Clavier Fabricants\" src=\"https:\/\/darshion.com\/wp-content\/uploads\/2024\/07\/H2919cea6c7b14a1b8f74cef294545c97u.jpg\" alt=\"keyboard Manufacturers\" \/><\/div>\n<\/div>\n<\/div>\n<div class=\"J_module\">\n<div id=\"ali-anchor-AliMagic-xkyg98\" class=\"magic-4\" data-section=\"AliMagic-xkyg98\" data-section-title=\"Related Products\"><\/div>\n<\/div>\n<div class=\"J_module\">\n<div class=\"icbu-pc-images magic-11\">\n<div>\n<div class=\"flex-layout-v\">\n<div class=\"flex-layout-h magic-11\"><\/div>\n<\/div>\n<\/div>\n<\/div>\n<\/div>\n<\/div>","protected":false},"excerpt":{"rendered":"<div>\n<p>[Industry-specific attributes]<br \/>\nInterface Type:usb<br \/>\nKeyboard Standard:104 Keys<br \/>\nAnti-ghosting:Multi Keys<br \/>\nKeyboard backlit:RGB<br \/>\nMechanical:Yes<br \/>\nProgrammable:NO<\/p>\n<p>[Other attributes]<br \/>\nBrand Name:darshion<br \/>\nType:Wired<br \/>\nFull Size keyboard:Yes<br \/>\nWrist Support:NO<br \/>\nDrive Interface:USB Type C<br \/>\nPrivate Mold:Yes<br \/>\nProduct name:104 keys mechanical keyboard<br \/>\nMaterial:ABS Plastic<br \/>\nCertification:CE FCC ROHS<br \/>\nLayout:Customized Layout<br \/>\nWarranty:12 Months<br \/>\nPackage:Customized Box<br \/>\nLogo:Accept Customized Logo<br \/>\nKeywords:Gaming Keyboard OEM<br \/>\nModel:Machanical Keyboard<br \/>\nStyle:Gaming Keyboard Mechanical<\/p>\n<\/div>\n","protected":false},"featured_media":3377,"comment_status":"open","ping_status":"closed","template":"","meta":{"_monsterinsights_skip_tracking":false,"_monsterinsights_sitenote_active":false,"_monsterinsights_sitenote_note":"","_monsterinsights_sitenote_category":0},"product_cat":[559,554],"product_tag":[560,561],"yoast_head":"<!-- This site is optimized with the Yoast SEO Premium plugin v22.9 (Yoast SEO v24.0) - https:\/\/yoast.com\/wordpress\/plugins\/seo\/ -->\n<title>CX20U Custom 104 Keys Gaming Wired Mechanical Keyboard Manufacturers - darshion<\/title>\n<meta name=\"robots\" content=\"index, follow, max-snippet:-1, max-image-preview:large, max-video-preview:-1\" \/>\n<link rel=\"canonical\" href=\"https:\/\/darshion.com\/fr\/produit\/cx20u-keyboard-manufacturers\/\" \/>\n<meta property=\"og:locale\" content=\"fr_FR\" \/>\n<meta property=\"og:type\" content=\"article\" \/>\n<meta property=\"og:title\" content=\"CX20U Custom 104 Keys Gaming Wired Mechanical Keyboard Manufacturers\" \/>\n<meta property=\"og:description\" content=\"[Industry-specific attributes] Interface Type:usb Keyboard Standard:104 Keys Anti-ghosting:Multi Keys Keyboard backlit:RGB Mechanical:Yes Programmable:NO  [Other attributes] Brand Name:darshion Type:Wired Full Size keyboard:Yes Wrist Support:NO Drive Interface:USB Type C Private Mold:Yes Product name:104 keys mechanical keyboard Material:ABS Plastic Certification:CE FCC ROHS Layout:Customized Layout Warranty:12 Months Package:Customized Box Logo:Accept Customized Logo Keywords:Gaming Keyboard OEM Model:Machanical Keyboard Style:Gaming Keyboard Mechanical\" \/>\n<meta property=\"og:url\" content=\"https:\/\/darshion.com\/fr\/produit\/cx20u-keyboard-manufacturers\/\" \/>\n<meta property=\"og:site_name\" content=\"darshion\" \/>\n<meta property=\"article:modified_time\" content=\"2024-07-16T03:21:12+00:00\" \/>\n<meta property=\"og:image\" content=\"https:\/\/darshion.com\/wp-content\/uploads\/2024\/07\/Hf0b55fe747804b9e88474e86b4f1bc44L.jpg\" \/>\n\t<meta property=\"og:image:width\" content=\"1400\" \/>\n\t<meta property=\"og:image:height\" content=\"1400\" \/>\n\t<meta property=\"og:image:type\" content=\"image\/jpeg\" \/>\n<meta name=\"twitter:card\" content=\"summary_large_image\" \/>\n<meta name=\"twitter:label1\" content=\"Dur\u00e9e de lecture estim\u00e9e\" \/>\n\t<meta name=\"twitter:data1\" content=\"3 minutes\" \/>\n<script type=\"application\/ld+json\" class=\"yoast-schema-graph\">{\"@context\":\"https:\/\/schema.org\",\"@graph\":[{\"@type\":\"WebPage\",\"@id\":\"https:\/\/darshion.com\/product\/cx20u-keyboard-manufacturers\/\",\"url\":\"https:\/\/darshion.com\/product\/cx20u-keyboard-manufacturers\/\",\"name\":\"CX20U Custom 104 Keys Gaming Wired Mechanical Keyboard Manufacturers - darshion\",\"isPartOf\":{\"@id\":\"https:\/\/darshion.com\/#website\"},\"primaryImageOfPage\":{\"@id\":\"https:\/\/darshion.com\/product\/cx20u-keyboard-manufacturers\/#primaryimage\"},\"image\":{\"@id\":\"https:\/\/darshion.com\/product\/cx20u-keyboard-manufacturers\/#primaryimage\"},\"thumbnailUrl\":\"https:\/\/darshion.com\/wp-content\/uploads\/2024\/07\/Hf0b55fe747804b9e88474e86b4f1bc44L.jpg\",\"datePublished\":\"2024-07-16T02:54:40+00:00\",\"dateModified\":\"2024-07-16T03:21:12+00:00\",\"breadcrumb\":{\"@id\":\"https:\/\/darshion.com\/product\/cx20u-keyboard-manufacturers\/#breadcrumb\"},\"inLanguage\":\"fr-FR\",\"potentialAction\":[{\"@type\":\"ReadAction\",\"target\":[\"https:\/\/darshion.com\/product\/cx20u-keyboard-manufacturers\/\"]}]},{\"@type\":\"ImageObject\",\"inLanguage\":\"fr-FR\",\"@id\":\"https:\/\/darshion.com\/product\/cx20u-keyboard-manufacturers\/#primaryimage\",\"url\":\"https:\/\/darshion.com\/wp-content\/uploads\/2024\/07\/Hf0b55fe747804b9e88474e86b4f1bc44L.jpg\",\"contentUrl\":\"https:\/\/darshion.com\/wp-content\/uploads\/2024\/07\/Hf0b55fe747804b9e88474e86b4f1bc44L.jpg\",\"width\":1400,\"height\":1400},{\"@type\":\"BreadcrumbList\",\"@id\":\"https:\/\/darshion.com\/product\/cx20u-keyboard-manufacturers\/#breadcrumb\",\"itemListElement\":[{\"@type\":\"ListItem\",\"position\":1,\"name\":\"\u9996\u9875\",\"item\":\"https:\/\/darshion.com\/\"},{\"@type\":\"ListItem\",\"position\":2,\"name\":\"PRODUCT\",\"item\":\"https:\/\/darshion.com\/pt\/product\/\"},{\"@type\":\"ListItem\",\"position\":3,\"name\":\"CX20U Custom 104 Keys Gaming Wired Mechanical Keyboard Manufacturers\"}]},{\"@type\":\"WebSite\",\"@id\":\"https:\/\/darshion.com\/#website\",\"url\":\"https:\/\/darshion.com\/\",\"name\":\"darshion\",\"description\":\"14 Years of Experience, Quality Assurance, Innovative Design\",\"publisher\":{\"@id\":\"https:\/\/darshion.com\/#organization\"},\"potentialAction\":[{\"@type\":\"SearchAction\",\"target\":{\"@type\":\"EntryPoint\",\"urlTemplate\":\"https:\/\/darshion.com\/?s={search_term_string}\"},\"query-input\":{\"@type\":\"PropertyValueSpecification\",\"valueRequired\":true,\"valueName\":\"search_term_string\"}}],\"inLanguage\":\"fr-FR\"},{\"@type\":\"Organization\",\"@id\":\"https:\/\/darshion.com\/#organization\",\"name\":\"darshion\",\"url\":\"https:\/\/darshion.com\/\",\"logo\":{\"@type\":\"ImageObject\",\"inLanguage\":\"fr-FR\",\"@id\":\"https:\/\/darshion.com\/#\/schema\/logo\/image\/\",\"url\":\"https:\/\/darshion.com\/wp-content\/uploads\/2023\/09\/01-1.png\",\"contentUrl\":\"https:\/\/darshion.com\/wp-content\/uploads\/2023\/09\/01-1.png\",\"width\":350,\"height\":100,\"caption\":\"darshion\"},\"image\":{\"@id\":\"https:\/\/darshion.com\/#\/schema\/logo\/image\/\"}}]}<\/script>\n<!-- \/ Yoast SEO Premium plugin. -->","yoast_head_json":{"title":"CX20U Custom 104 Keys Gaming Wired Mechanical Keyboard Manufacturers - darshion","robots":{"index":"index","follow":"follow","max-snippet":"max-snippet:-1","max-image-preview":"max-image-preview:large","max-video-preview":"max-video-preview:-1"},"canonical":"https:\/\/darshion.com\/fr\/produit\/cx20u-keyboard-manufacturers\/","og_locale":"fr_FR","og_type":"article","og_title":"CX20U Custom 104 Keys Gaming Wired Mechanical Keyboard Manufacturers","og_description":"[Industry-specific attributes] Interface Type:usb Keyboard Standard:104 Keys Anti-ghosting:Multi Keys Keyboard backlit:RGB Mechanical:Yes Programmable:NO  [Other attributes] Brand Name:darshion Type:Wired Full Size keyboard:Yes Wrist Support:NO Drive Interface:USB Type C Private Mold:Yes Product name:104 keys mechanical keyboard Material:ABS Plastic Certification:CE FCC ROHS Layout:Customized Layout Warranty:12 Months Package:Customized Box Logo:Accept Customized Logo Keywords:Gaming Keyboard OEM Model:Machanical Keyboard Style:Gaming Keyboard Mechanical","og_url":"https:\/\/darshion.com\/fr\/produit\/cx20u-keyboard-manufacturers\/","og_site_name":"darshion","article_modified_time":"2024-07-16T03:21:12+00:00","og_image":[{"width":1400,"height":1400,"url":"https:\/\/darshion.com\/wp-content\/uploads\/2024\/07\/Hf0b55fe747804b9e88474e86b4f1bc44L.jpg","type":"image\/jpeg"}],"twitter_card":"summary_large_image","twitter_misc":{"Dur\u00e9e de lecture estim\u00e9e":"3 minutes"},"schema":{"@context":"https:\/\/schema.org","@graph":[{"@type":"WebPage","@id":"https:\/\/darshion.com\/product\/cx20u-keyboard-manufacturers\/","url":"https:\/\/darshion.com\/product\/cx20u-keyboard-manufacturers\/","name":"CX20U Custom 104 Keys Gaming Wired Mechanical Keyboard Manufacturers - darshion","isPartOf":{"@id":"https:\/\/darshion.com\/#website"},"primaryImageOfPage":{"@id":"https:\/\/darshion.com\/product\/cx20u-keyboard-manufacturers\/#primaryimage"},"image":{"@id":"https:\/\/darshion.com\/product\/cx20u-keyboard-manufacturers\/#primaryimage"},"thumbnailUrl":"https:\/\/darshion.com\/wp-content\/uploads\/2024\/07\/Hf0b55fe747804b9e88474e86b4f1bc44L.jpg","datePublished":"2024-07-16T02:54:40+00:00","dateModified":"2024-07-16T03:21:12+00:00","breadcrumb":{"@id":"https:\/\/darshion.com\/product\/cx20u-keyboard-manufacturers\/#breadcrumb"},"inLanguage":"fr-FR","potentialAction":[{"@type":"ReadAction","target":["https:\/\/darshion.com\/product\/cx20u-keyboard-manufacturers\/"]}]},{"@type":"ImageObject","inLanguage":"fr-FR","@id":"https:\/\/darshion.com\/product\/cx20u-keyboard-manufacturers\/#primaryimage","url":"https:\/\/darshion.com\/wp-content\/uploads\/2024\/07\/Hf0b55fe747804b9e88474e86b4f1bc44L.jpg","contentUrl":"https:\/\/darshion.com\/wp-content\/uploads\/2024\/07\/Hf0b55fe747804b9e88474e86b4f1bc44L.jpg","width":1400,"height":1400},{"@type":"BreadcrumbList","@id":"https:\/\/darshion.com\/product\/cx20u-keyboard-manufacturers\/#breadcrumb","itemListElement":[{"@type":"ListItem","position":1,"name":"\u9996\u9875","item":"https:\/\/darshion.com\/"},{"@type":"ListItem","position":2,"name":"PRODUCT","item":"https:\/\/darshion.com\/pt\/product\/"},{"@type":"ListItem","position":3,"name":"CX20U Custom 104 Keys Gaming Wired Mechanical Keyboard Manufacturers"}]},{"@type":"WebSite","@id":"https:\/\/darshion.com\/#website","url":"https:\/\/darshion.com\/","name":"darshion","description":"14 ans d'exp\u00e9rience, assurance qualit\u00e9, conception innovante","publisher":{"@id":"https:\/\/darshion.com\/#organization"},"potentialAction":[{"@type":"SearchAction","target":{"@type":"EntryPoint","urlTemplate":"https:\/\/darshion.com\/?s={search_term_string}"},"query-input":{"@type":"PropertyValueSpecification","valueRequired":true,"valueName":"search_term_string"}}],"inLanguage":"fr-FR"},{"@type":"Organization","@id":"https:\/\/darshion.com\/#organization","name":"darshion","url":"https:\/\/darshion.com\/","logo":{"@type":"ImageObject","inLanguage":"fr-FR","@id":"https:\/\/darshion.com\/#\/schema\/logo\/image\/","url":"https:\/\/darshion.com\/wp-content\/uploads\/2023\/09\/01-1.png","contentUrl":"https:\/\/darshion.com\/wp-content\/uploads\/2023\/09\/01-1.png","width":350,"height":100,"caption":"darshion"},"image":{"@id":"https:\/\/darshion.com\/#\/schema\/logo\/image\/"}}]}},"_links":{"self":[{"href":"https:\/\/darshion.com\/fr\/wp-json\/wp\/v2\/product\/3383"}],"collection":[{"href":"https:\/\/darshion.com\/fr\/wp-json\/wp\/v2\/product"}],"about":[{"href":"https:\/\/darshion.com\/fr\/wp-json\/wp\/v2\/types\/product"}],"replies":[{"embeddable":true,"href":"https:\/\/darshion.com\/fr\/wp-json\/wp\/v2\/comments?post=3383"}],"wp:featuredmedia":[{"embeddable":true,"href":"https:\/\/darshion.com\/fr\/wp-json\/wp\/v2\/media\/3377"}],"wp:attachment":[{"href":"https:\/\/darshion.com\/fr\/wp-json\/wp\/v2\/media?parent=3383"}],"wp:term":[{"taxonomy":"product_cat","embeddable":true,"href":"https:\/\/darshion.com\/fr\/wp-json\/wp\/v2\/product_cat?post=3383"},{"taxonomy":"product_tag","embeddable":true,"href":"https:\/\/darshion.com\/fr\/wp-json\/wp\/v2\/product_tag?post=3383"}],"curies":[{"name":"wp","href":"https:\/\/api.w.org\/{rel}","templated":true}]}}