{"id":3693,"date":"2024-07-19T11:44:01","date_gmt":"2024-07-19T03:44:01","guid":{"rendered":"https:\/\/darshion.com\/product\/v30-rechargeable-wireless-silent-vertical-gaming-mouse-suppliers\/"},"modified":"2024-07-19T17:36:59","modified_gmt":"2024-07-19T09:36:59","slug":"v30-rechargeable-wireless-silent-vertical-gaming-mouse-suppliers","status":"publish","type":"product","link":"https:\/\/darshion.com\/fr\/produit\/v30-rechargeable-wireless-silent-vertical-gaming-mouse-suppliers\/","title":{"rendered":"V30 Rechargeable Wireless Silent Vertical Gaming Mouse Suppliers"},"content":{"rendered":"<div id=\"detail_decorate_root\" data-magic-global=\"%7B%22bizId%22%3A2329368643%2C%22pageId%22%3A21359055401%2C%22siteId%22%3A10003129106%7D\">\n<div class=\"J_module\">\n<div class=\"detail-decorate-json-renderer-container\">\n<div class=\"magic-0\">\n<div class=\"magic-1\">\n<div class=\"magic-2\">\n<div class=\"magic-3\">\u3010<strong>Conception ergonomique avanc\u00e9e<\/strong>\u3011<\/div>\n<\/div>\n<\/div>\n<\/div>\n<\/div>\n<\/div>\n<div class=\"J_module\">\n<div class=\"detail-decorate-json-renderer-container\">\n<div class=\"magic-0\">\n<div class=\"magic-1\">\n<div class=\"magic-2\">\n<div class=\"magic-3\">\n<p><span style=\"font-family: Times New Roman;\"> La forme parfaitement sculpt\u00e9e \u00e0 la main soutient votre main et votre poignet dans une position confortable et naturelle.<\/span><\/p>\n<p>&nbsp;<\/p>\n<div>\n<p><span style=\"font-family: Times New Roman;\"><br \/>\n<strong>\u3010Batterie rechargeable\u3011<br \/>\n<\/strong> Gr\u00e2ce \u00e0 la batterie lithium rechargeable int\u00e9gr\u00e9e de 500mAh, vous pouvez utiliser la souris en continu pendant plusieurs jours sans avoir \u00e0 la recharger. Utilisez le c\u00e2ble USB fourni pour recharger la souris en cas de besoin. <\/span><\/p>\n<p>&nbsp;<\/p>\n<p><strong>\u3010Adjustable DPI\u3011<br \/>\n<\/strong>Basculez entre 3 niveaux de r\u00e9glages DPI pour r\u00e9pondre \u00e0 vos besoins (800\/1200\/1600)<\/p>\n<p>&nbsp;<\/p>\n<\/div>\n<div><span style=\"font-family: Times New Roman;\"><br \/>\n<span class=\"magic-6\"><strong class=\"magic-6\">\u30101 Souris verticale Bluetooth pour 3 appareils\u3011<\/strong><\/span><\/span><\/div>\n<div><span style=\"font-family: Times New Roman;\">La souris sans fil dispose de trois modes : Chaque mode peut \u00eatre connect\u00e9 \u00e0 un appareil, il suffit de cliquer sur le bouton de changement de mode pour passer librement d'un appareil \u00e0 l'autre. La souris verticale peut grandement am\u00e9liorer votre efficacit\u00e9 au travail !<\/span><\/div>\n<div><\/div>\n<div><span style=\"font-family: Times New Roman;\"><strong>\u3010Strong Compatibilit\u00e9\u3011<\/strong><\/span><\/div>\n<p><span style=\"font-family: Times New Roman;\">Windows 2000, Me, XP, Vista, Windows 7\/8\/10 ou IBM PC<\/span><\/p>\n<div>\n<p><span style=\"font-family: Times New Roman;\">\u00a0<\/span><\/p>\n<p>&nbsp;<\/p>\n<div>\n<div>\n<p><span style=\"font-family: Times New Roman;\">Demensions:124.23*82.37*49.12mm<br \/>\n<\/span><\/p>\n<p>&nbsp;<\/p>\n<div><span style=\"font-family: Times New Roman;\">Poids : 114,4 g<\/span><\/div>\n<div><span style=\"font-family: Times New Roman;\">Distance de r\u00e9ception sans fil : 10m<\/span><\/div>\n<div><span style=\"font-family: Times New Roman;\">Boutons : 6 boutons (clic gauche\/droit, retour\/avance, changement d'application, changement de mode de la molette, clic du milieu)<\/span><\/div>\n<div><span style=\"font-family: Times New Roman;\">Type d'interface:USD(port de charge USB-C disponible)<\/span><\/div>\n<div><span style=\"font-family: Times New Roman;\">Technologie sans fil : Technologie sans fil avanc\u00e9e de 2,4 GHz (2,4 G + BT4.0 + BT4.0 double mode)<\/span><\/div>\n<div><span style=\"font-family: Times New Roman;\">Dur\u00e9e de vie des boutons : 3 millions de fois<\/span><\/div>\n<div><span style=\"font-family: Times New Roman;\"><br \/>\n<strong class=\"magic-5\">\u3010Customizable\u3011<\/strong><br \/>\n- Filaire\/sans fil\/2.4G\/Bluetooth Triple mode\/multiple canal<br \/>\n- Solutions internes:Yichip\/NORDIC\/BEKEN\/MOSART\/TELINK\/<br \/>\n- LOGO &amp; Emballage &amp; Couleur de la souris<\/span><\/div>\n<\/div>\n<\/div>\n<\/div>\n<\/div>\n<\/div>\n<\/div>\n<\/div>\n<\/div>\n<\/div>\n<div class=\"J_module\">\n<div id=\"ali-anchor-AliMagic-2hz52z\" class=\"magic-4\" data-section=\"AliMagic-2hz52z\" data-section-title=\"Details Images\">Images d\u00e9taill\u00e9es<\/div>\n<\/div>\n<div class=\"J_module\">\n<div class=\"icbu-pc-detailManyImage magic-7\">\n<div class=\"magic-8\"><img decoding=\"async\" class=\"magic-9\" src=\"https:\/\/darshion.com\/wp-content\/uploads\/2024\/07\/Hf38b7013d0cb4f5899c14940c6774a9c7.jpg\" \/><\/div>\n<div class=\"magic-8\"><img decoding=\"async\" class=\"magic-9\" src=\"https:\/\/darshion.com\/wp-content\/uploads\/2024\/07\/Hd317add71d184d109064d593e10ca6e4k.jpg\" \/><\/div>\n<div class=\"magic-8\"><img decoding=\"async\" class=\"magic-9\" src=\"https:\/\/darshion.com\/wp-content\/uploads\/2024\/07\/H6aee696af0094554bfd65f472869e1d3K.jpg\" \/><\/div>\n<div class=\"magic-8\"><img decoding=\"async\" class=\"magic-9\" src=\"https:\/\/darshion.com\/wp-content\/uploads\/2024\/07\/H15861c8852b84af886c24be63be6e9595.jpg\" \/><\/div>\n<div class=\"magic-8\"><img decoding=\"async\" class=\"magic-9\" src=\"https:\/\/darshion.com\/wp-content\/uploads\/2024\/07\/H78197e63d2ec45ea9b1f4eb8ec981800w.jpg\" \/><\/div>\n<div class=\"magic-8\"><img decoding=\"async\" class=\"magic-9\" src=\"https:\/\/darshion.com\/wp-content\/uploads\/2024\/07\/H6ff35d16b8534f3f859e0bcd90491be8y.jpg\" \/><\/div>\n<div class=\"magic-8\"><img decoding=\"async\" class=\"magic-9\" src=\"https:\/\/darshion.com\/wp-content\/uploads\/2024\/07\/H5926a5d641b84c7aa43be2523ab5f881l.jpg\" \/><\/div>\n<div class=\"magic-8\"><img decoding=\"async\" class=\"magic-9\" src=\"https:\/\/darshion.com\/wp-content\/uploads\/2024\/07\/Hb20434b4f76a4d3f885ea82a1d0bc63bL.jpg\" \/><\/div>\n<div class=\"magic-8\"><img decoding=\"async\" class=\"magic-9\" src=\"https:\/\/darshion.com\/wp-content\/uploads\/2024\/07\/H0eee520489644567adef02fa095734944.jpg\" \/><\/div>\n<\/div>\n<\/div>\n<\/div>","protected":false},"excerpt":{"rendered":"<div>\n<p>[Industry-specific attributes]<br \/>\nType:2.4Ghz Wireless<br \/>\nInterface Type:usb<br \/>\nNumber of Buttons:6<br \/>\nDPI:1000, 1200, 1600<\/p>\n<p>&nbsp;<\/p>\n<p>[Other attributes]<br \/>\nPlace of Origin:Guangdong, China<br \/>\nPrivate Mold:Yes<br \/>\nProgrammable:NO<br \/>\nTracking Method:Optical<br \/>\nPower Type:RECHARGEABLE<br \/>\nNumber of Rollers:1<br \/>\nProducts Status:Stock<br \/>\nApplication:Desktop, LAPTOP<br \/>\nHand Orientation:Right<br \/>\nModel Number:V30<br \/>\nErgonomics:Yes<br \/>\nProduct Name:wireless bluetooth ergonomic mouse<br \/>\nKeywords:wireless ergonomic mouse<br \/>\nSupport:Windows XP\/7\/8\/10, IOS, Android Mobile phone, PC, Tablet, Mac<br \/>\nPackage:4c colour box<br \/>\nMouse Type:2.4G Wireless bluetooth Mouse<br \/>\nCertification:CE,ROHS,BQB,FCC<br \/>\nButtons:6D Buttons<br \/>\nFeature:2.4g Advanced Wireless Mouse<br \/>\nLogo:Accept Customized Logo<br \/>\nFunction:Gaming Office Pc Mouse<\/p>\n<\/div>\n","protected":false},"featured_media":3691,"comment_status":"open","ping_status":"closed","template":"","meta":{"_monsterinsights_skip_tracking":false,"_monsterinsights_sitenote_active":false,"_monsterinsights_sitenote_note":"","_monsterinsights_sitenote_category":0},"product_cat":[541],"product_tag":[558],"yoast_head":"<!-- This site is optimized with the Yoast SEO Premium plugin v22.9 (Yoast SEO v24.0) - https:\/\/yoast.com\/wordpress\/plugins\/seo\/ -->\n<title>V30 Rechargeable Wireless Silent Vertical Gaming Mouse Suppliers - darshion<\/title>\n<meta name=\"robots\" content=\"index, follow, max-snippet:-1, max-image-preview:large, max-video-preview:-1\" \/>\n<link rel=\"canonical\" href=\"https:\/\/darshion.com\/fr\/produit\/v30-rechargeable-wireless-silent-vertical-gaming-mouse-suppliers\/\" \/>\n<meta property=\"og:locale\" content=\"fr_FR\" \/>\n<meta property=\"og:type\" content=\"article\" \/>\n<meta property=\"og:title\" content=\"V30 Rechargeable Wireless Silent Vertical Gaming Mouse Suppliers\" \/>\n<meta property=\"og:description\" content=\"[Industry-specific attributes] Type:2.4Ghz Wireless Interface Type:usb Number of Buttons:6 DPI:1000, 1200, 1600  &nbsp;  [Other attributes] Place of Origin:Guangdong, China Private Mold:Yes Programmable:NO Tracking Method:Optical Power Type:RECHARGEABLE Number of Rollers:1 Products Status:Stock Application:Desktop, LAPTOP Hand Orientation:Right Model Number:V30 Ergonomics:Yes Product Name:wireless bluetooth ergonomic mouse Keywords:wireless ergonomic mouse Support:Windows XP\/7\/8\/10, IOS, Android Mobile phone, PC, Tablet, Mac Package:4c colour box Mouse Type:2.4G Wireless bluetooth Mouse Certification:CE,ROHS,BQB,FCC Buttons:6D Buttons Feature:2.4g Advanced Wireless Mouse Logo:Accept Customized Logo Function:Gaming Office Pc Mouse\" \/>\n<meta property=\"og:url\" content=\"https:\/\/darshion.com\/fr\/produit\/v30-rechargeable-wireless-silent-vertical-gaming-mouse-suppliers\/\" \/>\n<meta property=\"og:site_name\" content=\"darshion\" \/>\n<meta property=\"article:modified_time\" content=\"2024-07-19T09:36:59+00:00\" \/>\n<meta property=\"og:image\" content=\"https:\/\/darshion.com\/wp-content\/uploads\/2024\/07\/H90d217bb952744cfb1f1452c6ef24141y.jpg\" \/>\n\t<meta property=\"og:image:width\" content=\"1200\" \/>\n\t<meta property=\"og:image:height\" content=\"1200\" \/>\n\t<meta property=\"og:image:type\" content=\"image\/jpeg\" \/>\n<meta name=\"twitter:card\" content=\"summary_large_image\" \/>\n<meta name=\"twitter:label1\" content=\"Dur\u00e9e de lecture estim\u00e9e\" \/>\n\t<meta name=\"twitter:data1\" content=\"3 minutes\" \/>\n<script type=\"application\/ld+json\" class=\"yoast-schema-graph\">{\"@context\":\"https:\/\/schema.org\",\"@graph\":[{\"@type\":\"WebPage\",\"@id\":\"https:\/\/darshion.com\/ru\/product\/v30-rechargeable-wireless-silent-vertical-gaming-mouse-suppliers\/\",\"url\":\"https:\/\/darshion.com\/ru\/product\/v30-rechargeable-wireless-silent-vertical-gaming-mouse-suppliers\/\",\"name\":\"V30 Rechargeable Wireless Silent Vertical Gaming Mouse Suppliers - darshion\",\"isPartOf\":{\"@id\":\"https:\/\/darshion.com\/#website\"},\"primaryImageOfPage\":{\"@id\":\"https:\/\/darshion.com\/ru\/product\/v30-rechargeable-wireless-silent-vertical-gaming-mouse-suppliers\/#primaryimage\"},\"image\":{\"@id\":\"https:\/\/darshion.com\/ru\/product\/v30-rechargeable-wireless-silent-vertical-gaming-mouse-suppliers\/#primaryimage\"},\"thumbnailUrl\":\"https:\/\/darshion.com\/wp-content\/uploads\/2024\/07\/H90d217bb952744cfb1f1452c6ef24141y.jpg\",\"datePublished\":\"2024-07-19T03:44:01+00:00\",\"dateModified\":\"2024-07-19T09:36:59+00:00\",\"breadcrumb\":{\"@id\":\"https:\/\/darshion.com\/ru\/product\/v30-rechargeable-wireless-silent-vertical-gaming-mouse-suppliers\/#breadcrumb\"},\"inLanguage\":\"fr-FR\",\"potentialAction\":[{\"@type\":\"ReadAction\",\"target\":[\"https:\/\/darshion.com\/ru\/product\/v30-rechargeable-wireless-silent-vertical-gaming-mouse-suppliers\/\"]}]},{\"@type\":\"ImageObject\",\"inLanguage\":\"fr-FR\",\"@id\":\"https:\/\/darshion.com\/ru\/product\/v30-rechargeable-wireless-silent-vertical-gaming-mouse-suppliers\/#primaryimage\",\"url\":\"https:\/\/darshion.com\/wp-content\/uploads\/2024\/07\/H90d217bb952744cfb1f1452c6ef24141y.jpg\",\"contentUrl\":\"https:\/\/darshion.com\/wp-content\/uploads\/2024\/07\/H90d217bb952744cfb1f1452c6ef24141y.jpg\",\"width\":1200,\"height\":1200},{\"@type\":\"BreadcrumbList\",\"@id\":\"https:\/\/darshion.com\/ru\/product\/v30-rechargeable-wireless-silent-vertical-gaming-mouse-suppliers\/#breadcrumb\",\"itemListElement\":[{\"@type\":\"ListItem\",\"position\":1,\"name\":\"\u9996\u9875\",\"item\":\"https:\/\/darshion.com\/\"},{\"@type\":\"ListItem\",\"position\":2,\"name\":\"PRODUCT\",\"item\":\"https:\/\/darshion.com\/pt\/product\/\"},{\"@type\":\"ListItem\",\"position\":3,\"name\":\"V30 Rechargeable Wireless Silent Vertical Gaming Mouse Suppliers\"}]},{\"@type\":\"WebSite\",\"@id\":\"https:\/\/darshion.com\/#website\",\"url\":\"https:\/\/darshion.com\/\",\"name\":\"darshion\",\"description\":\"14 Years of Experience, Quality Assurance, Innovative Design\",\"publisher\":{\"@id\":\"https:\/\/darshion.com\/#organization\"},\"potentialAction\":[{\"@type\":\"SearchAction\",\"target\":{\"@type\":\"EntryPoint\",\"urlTemplate\":\"https:\/\/darshion.com\/?s={search_term_string}\"},\"query-input\":{\"@type\":\"PropertyValueSpecification\",\"valueRequired\":true,\"valueName\":\"search_term_string\"}}],\"inLanguage\":\"fr-FR\"},{\"@type\":\"Organization\",\"@id\":\"https:\/\/darshion.com\/#organization\",\"name\":\"darshion\",\"url\":\"https:\/\/darshion.com\/\",\"logo\":{\"@type\":\"ImageObject\",\"inLanguage\":\"fr-FR\",\"@id\":\"https:\/\/darshion.com\/#\/schema\/logo\/image\/\",\"url\":\"https:\/\/darshion.com\/wp-content\/uploads\/2023\/09\/01-1.png\",\"contentUrl\":\"https:\/\/darshion.com\/wp-content\/uploads\/2023\/09\/01-1.png\",\"width\":350,\"height\":100,\"caption\":\"darshion\"},\"image\":{\"@id\":\"https:\/\/darshion.com\/#\/schema\/logo\/image\/\"}}]}<\/script>\n<!-- \/ Yoast SEO Premium plugin. -->","yoast_head_json":{"title":"V30 Rechargeable Wireless Silent Vertical Gaming Mouse Fournisseurs - darshion","robots":{"index":"index","follow":"follow","max-snippet":"max-snippet:-1","max-image-preview":"max-image-preview:large","max-video-preview":"max-video-preview:-1"},"canonical":"https:\/\/darshion.com\/fr\/produit\/v30-rechargeable-wireless-silent-vertical-gaming-mouse-suppliers\/","og_locale":"fr_FR","og_type":"article","og_title":"V30 Rechargeable Wireless Silent Vertical Gaming Mouse Suppliers","og_description":"[Industry-specific attributes] Type:2.4Ghz Wireless Interface Type:usb Number of Buttons:6 DPI:1000, 1200, 1600  &nbsp;  [Other attributes] Place of Origin:Guangdong, China Private Mold:Yes Programmable:NO Tracking Method:Optical Power Type:RECHARGEABLE Number of Rollers:1 Products Status:Stock Application:Desktop, LAPTOP Hand Orientation:Right Model Number:V30 Ergonomics:Yes Product Name:wireless bluetooth ergonomic mouse Keywords:wireless ergonomic mouse Support:Windows XP\/7\/8\/10, IOS, Android Mobile phone, PC, Tablet, Mac Package:4c colour box Mouse Type:2.4G Wireless bluetooth Mouse Certification:CE,ROHS,BQB,FCC Buttons:6D Buttons Feature:2.4g Advanced Wireless Mouse Logo:Accept Customized Logo Function:Gaming Office Pc Mouse","og_url":"https:\/\/darshion.com\/fr\/produit\/v30-rechargeable-wireless-silent-vertical-gaming-mouse-suppliers\/","og_site_name":"darshion","article_modified_time":"2024-07-19T09:36:59+00:00","og_image":[{"width":1200,"height":1200,"url":"https:\/\/darshion.com\/wp-content\/uploads\/2024\/07\/H90d217bb952744cfb1f1452c6ef24141y.jpg","type":"image\/jpeg"}],"twitter_card":"summary_large_image","twitter_misc":{"Dur\u00e9e de lecture estim\u00e9e":"3 minutes"},"schema":{"@context":"https:\/\/schema.org","@graph":[{"@type":"WebPage","@id":"https:\/\/darshion.com\/ru\/product\/v30-rechargeable-wireless-silent-vertical-gaming-mouse-suppliers\/","url":"https:\/\/darshion.com\/ru\/product\/v30-rechargeable-wireless-silent-vertical-gaming-mouse-suppliers\/","name":"V30 Rechargeable Wireless Silent Vertical Gaming Mouse Fournisseurs - darshion","isPartOf":{"@id":"https:\/\/darshion.com\/#website"},"primaryImageOfPage":{"@id":"https:\/\/darshion.com\/ru\/product\/v30-rechargeable-wireless-silent-vertical-gaming-mouse-suppliers\/#primaryimage"},"image":{"@id":"https:\/\/darshion.com\/ru\/product\/v30-rechargeable-wireless-silent-vertical-gaming-mouse-suppliers\/#primaryimage"},"thumbnailUrl":"https:\/\/darshion.com\/wp-content\/uploads\/2024\/07\/H90d217bb952744cfb1f1452c6ef24141y.jpg","datePublished":"2024-07-19T03:44:01+00:00","dateModified":"2024-07-19T09:36:59+00:00","breadcrumb":{"@id":"https:\/\/darshion.com\/ru\/product\/v30-rechargeable-wireless-silent-vertical-gaming-mouse-suppliers\/#breadcrumb"},"inLanguage":"fr-FR","potentialAction":[{"@type":"ReadAction","target":["https:\/\/darshion.com\/ru\/product\/v30-rechargeable-wireless-silent-vertical-gaming-mouse-suppliers\/"]}]},{"@type":"ImageObject","inLanguage":"fr-FR","@id":"https:\/\/darshion.com\/ru\/product\/v30-rechargeable-wireless-silent-vertical-gaming-mouse-suppliers\/#primaryimage","url":"https:\/\/darshion.com\/wp-content\/uploads\/2024\/07\/H90d217bb952744cfb1f1452c6ef24141y.jpg","contentUrl":"https:\/\/darshion.com\/wp-content\/uploads\/2024\/07\/H90d217bb952744cfb1f1452c6ef24141y.jpg","width":1200,"height":1200},{"@type":"BreadcrumbList","@id":"https:\/\/darshion.com\/ru\/product\/v30-rechargeable-wireless-silent-vertical-gaming-mouse-suppliers\/#breadcrumb","itemListElement":[{"@type":"ListItem","position":1,"name":"\u9996\u9875","item":"https:\/\/darshion.com\/"},{"@type":"ListItem","position":2,"name":"PRODUCT","item":"https:\/\/darshion.com\/pt\/product\/"},{"@type":"ListItem","position":3,"name":"V30 Rechargeable Wireless Silent Vertical Gaming Mouse Suppliers"}]},{"@type":"WebSite","@id":"https:\/\/darshion.com\/#website","url":"https:\/\/darshion.com\/","name":"darshion","description":"14 ans d'exp\u00e9rience, assurance qualit\u00e9, conception innovante","publisher":{"@id":"https:\/\/darshion.com\/#organization"},"potentialAction":[{"@type":"SearchAction","target":{"@type":"EntryPoint","urlTemplate":"https:\/\/darshion.com\/?s={search_term_string}"},"query-input":{"@type":"PropertyValueSpecification","valueRequired":true,"valueName":"search_term_string"}}],"inLanguage":"fr-FR"},{"@type":"Organization","@id":"https:\/\/darshion.com\/#organization","name":"darshion","url":"https:\/\/darshion.com\/","logo":{"@type":"ImageObject","inLanguage":"fr-FR","@id":"https:\/\/darshion.com\/#\/schema\/logo\/image\/","url":"https:\/\/darshion.com\/wp-content\/uploads\/2023\/09\/01-1.png","contentUrl":"https:\/\/darshion.com\/wp-content\/uploads\/2023\/09\/01-1.png","width":350,"height":100,"caption":"darshion"},"image":{"@id":"https:\/\/darshion.com\/#\/schema\/logo\/image\/"}}]}},"_links":{"self":[{"href":"https:\/\/darshion.com\/fr\/wp-json\/wp\/v2\/product\/3693"}],"collection":[{"href":"https:\/\/darshion.com\/fr\/wp-json\/wp\/v2\/product"}],"about":[{"href":"https:\/\/darshion.com\/fr\/wp-json\/wp\/v2\/types\/product"}],"replies":[{"embeddable":true,"href":"https:\/\/darshion.com\/fr\/wp-json\/wp\/v2\/comments?post=3693"}],"wp:featuredmedia":[{"embeddable":true,"href":"https:\/\/darshion.com\/fr\/wp-json\/wp\/v2\/media\/3691"}],"wp:attachment":[{"href":"https:\/\/darshion.com\/fr\/wp-json\/wp\/v2\/media?parent=3693"}],"wp:term":[{"taxonomy":"product_cat","embeddable":true,"href":"https:\/\/darshion.com\/fr\/wp-json\/wp\/v2\/product_cat?post=3693"},{"taxonomy":"product_tag","embeddable":true,"href":"https:\/\/darshion.com\/fr\/wp-json\/wp\/v2\/product_tag?post=3693"}],"curies":[{"name":"wp","href":"https:\/\/api.w.org\/{rel}","templated":true}]}}