{"id":4053,"date":"2024-07-31T10:56:08","date_gmt":"2024-07-31T02:56:08","guid":{"rendered":"https:\/\/darshion.com\/product\/cx32-wireless-bluetooth-gaming-mechanical-keyboard-suppliers\/"},"modified":"2024-07-31T11:11:13","modified_gmt":"2024-07-31T03:11:13","slug":"cx32-wireless-gaming-mechanical-keyboard-suppliers","status":"publish","type":"product","link":"https:\/\/darshion.com\/fr\/produit\/cx32-wireless-gaming-mechanical-keyboard-suppliers\/","title":{"rendered":"CX32 Wireless Bluetooth Gaming Mechanical Keyboard Suppliers"},"content":{"rendered":"<div id=\"detail_decorate_root\" data-magic-global=\"%7B%22bizId%22%3A2329368643%2C%22pageId%22%3A21436689485%2C%22siteId%22%3A10003129106%7D\">\n<div class=\"J_module\">\n<div class=\"detail-decorate-json-renderer-container\">\n<div class=\"magic-0\">\n<div class=\"magic-1\">\n<div class=\"magic-2\">\n<div class=\"magic-3\">Description des produits<\/div>\n<\/div>\n<\/div>\n<\/div>\n<\/div>\n<\/div>\n<div class=\"J_module\">\n<div class=\"detail-decorate-json-renderer-container\">\n<div class=\"magic-0\">\n<div class=\"magic-1\">\n<div class=\"magic-2\">\n<div class=\"magic-3\">Taille : 311*121*27mm<br \/>\nPoids : 380g<br \/>\nNombre de touches : 68 touches<br \/>\nDur\u00e9e de vie du coup de cl\u00e9 : 50 millions de fois<\/p>\n<p><strong>\u3010Low-Profile Keys, Smooth Linear Typing\u3011<\/strong><br \/>\nLe clavier m\u00e9canique sans fil est dot\u00e9 de touches \u00e0 profil bas et de commutateurs m\u00e9caniques rouges, ce qui le rend r\u00e9actif et moins bruyant, id\u00e9al pour une utilisation au bureau ou en entreprise.<\/p>\n<p><strong>\u3010Premium Design with CNC Aluminium Frame \u3011<\/strong><br \/>\nCe clavier m\u00e9canique porte votre exp\u00e9rience de la frappe au sommet. Avec un bo\u00eetier en aluminium usin\u00e9 CNC, le clavier en aluminium subit une oxydation anodique pour garantir des couleurs durables, ce qui rend le clavier de jeu durable, r\u00e9sistant \u00e0 la corrosion et \u00e0 l'oxydation, offrant une meilleure exp\u00e9rience de frappe.<\/p>\n<p>\u3010Customizable\u3011<br \/>\n- Couleur des cabochons<br \/>\n- Filaire\/sans fil\/2.4G\/Bluetooth Triple mode\/multiple canal<br \/>\n- Interrupteurs m\u00e9caniques : Interrupteur rouge\/interrupteur bleu\/interrupteur marron, etc.<br \/>\n- Disposition : US\/UK\/Cor\u00e9e du Sud\/SPAIN\/BRAZILIEN\/RUSSIE, etc.<br \/>\n- Mat\u00e9riau du PCB : ABS\/Aluminium de premi\u00e8re qualit\u00e9\/Fer \u00e0 \u00e9lectrophor\u00e8se de premi\u00e8re qualit\u00e9<br \/>\n- LOGO et emballage<\/p><\/div>\n<\/div>\n<\/div>\n<\/div>\n<\/div>\n<\/div>\n<div class=\"J_module\">\n<div id=\"ali-anchor-AliMagic-5mxa25\" class=\"magic-4\" data-section=\"AliMagic-5mxa25\" data-section-title=\"Details Images\">Images d\u00e9taill\u00e9es<\/div>\n<\/div>\n<div class=\"J_module\">\n<div class=\"icbu-pc-detailManyImage magic-6\">\n<div class=\"magic-7\"><img decoding=\"async\" class=\"Gaming Mechanical Keyboard Suppliers\" title=\"Fournisseurs de claviers m\u00e9caniques de jeu\" src=\"https:\/\/darshion.com\/wp-content\/uploads\/2024\/07\/H5c8b69d0b57e40b399e9da67007ac850n.jpg\" alt=\"Gaming Mechanical Keyboard Suppliers\" \/><\/div>\n<div class=\"magic-7\"><img decoding=\"async\" class=\"Gaming Mechanical Keyboard Suppliers\" title=\"Fournisseurs de claviers m\u00e9caniques de jeu\" src=\"https:\/\/darshion.com\/wp-content\/uploads\/2024\/07\/Hf018ae509f9b4aa488919ced2bd198efT.jpg\" alt=\"Gaming Mechanical Keyboard Suppliers\" \/><\/div>\n<div class=\"magic-7\"><img decoding=\"async\" class=\"Gaming Mechanical Keyboard Suppliers\" title=\"Fournisseurs de claviers m\u00e9caniques de jeu\" src=\"https:\/\/darshion.com\/wp-content\/uploads\/2024\/07\/Hab0a9a7922864d8bb2e2f8c7f01c10735.jpg\" alt=\"Gaming Mechanical Keyboard Suppliers\" \/><\/div>\n<div class=\"magic-7\"><img decoding=\"async\" class=\"Gaming Mechanical Keyboard Suppliers\" title=\"Fournisseurs de claviers m\u00e9caniques de jeu\" src=\"https:\/\/darshion.com\/wp-content\/uploads\/2024\/07\/H61fa22763ac04cb6b1948e5025f04304n.jpg\" alt=\"Gaming Mechanical Keyboard Suppliers\" \/><\/div>\n<div class=\"magic-7\"><img decoding=\"async\" class=\"Gaming Mechanical Keyboard Suppliers\" title=\"Fournisseurs de claviers m\u00e9caniques de jeu\" src=\"https:\/\/darshion.com\/wp-content\/uploads\/2024\/07\/H84947fe0ee8c4cd798314523f3c7c13dV.jpg\" alt=\"Gaming Mechanical Keyboard Suppliers\" \/><\/div>\n<div class=\"magic-7\"><img decoding=\"async\" class=\"Gaming Mechanical Keyboard Suppliers\" title=\"Fournisseurs de claviers m\u00e9caniques de jeu\" src=\"https:\/\/darshion.com\/wp-content\/uploads\/2024\/07\/H4029e79151f440859c15b56a898003352.jpg\" alt=\"Gaming Mechanical Keyboard Suppliers\" \/><\/div>\n<div class=\"magic-7\"><img decoding=\"async\" class=\"Gaming Mechanical Keyboard Suppliers\" title=\"Fournisseurs de claviers m\u00e9caniques de jeu\" src=\"https:\/\/darshion.com\/wp-content\/uploads\/2024\/07\/H6a392fe7e77b48bc91b52fc36f1d2dbfB.jpg\" alt=\"Gaming Mechanical Keyboard Suppliers\" \/><\/div>\n<div class=\"magic-7\"><img decoding=\"async\" class=\"Gaming Mechanical Keyboard Suppliers\" title=\"Fournisseurs de claviers m\u00e9caniques de jeu\" src=\"https:\/\/darshion.com\/wp-content\/uploads\/2024\/07\/H9cd80ef2afc446159e2b063ac4639927m.jpg\" alt=\"Gaming Mechanical Keyboard Suppliers\" \/><\/div>\n<div class=\"magic-7\"><img decoding=\"async\" class=\"Gaming Mechanical Keyboard Suppliers\" title=\"Fournisseurs de claviers m\u00e9caniques de jeu\" src=\"https:\/\/darshion.com\/wp-content\/uploads\/2024\/07\/H5b038e9d67994b6f949c60caf0e089a56.jpg\" alt=\"Gaming Mechanical Keyboard Suppliers\" \/><\/div>\n<div class=\"magic-7\"><img decoding=\"async\" class=\"Gaming Mechanical Keyboard Suppliers\" title=\"Fournisseurs de claviers m\u00e9caniques de jeu\" src=\"https:\/\/darshion.com\/wp-content\/uploads\/2024\/07\/Hd85730739aeb4b8fbf36b303d531249fx.jpg\" alt=\"Gaming Mechanical Keyboard Suppliers\" \/><\/div>\n<\/div>\n<\/div>\n<\/div>","protected":false},"excerpt":{"rendered":"<p>[Industry-specific attributes]<br \/>\nInterface Type: usb<br \/>\nKeyboard Standard:84 Keys<br \/>\nAnti-ghosting:No conflicts<br \/>\nKeyboard backlit: RGB<br \/>\nMechanical:Yes<br \/>\nProgrammable:NO<\/p>\n<p>[Other attributes]<br \/>\nType:2.4Ghz Wireless<br \/>\nFull Size keyboard:Yes<br \/>\nWrist Support:NO<br \/>\nPrivate Mold:Yes<br \/>\nProduct name:low profile mechanical keyboard<br \/>\nBacklit:RGB Backling<br \/>\nMaterial:Aluminum+ABS<br \/>\nLogo:Accept Customized Logo<br \/>\nPackage:Customized Box<br \/>\nStyle:Gaming Keyboard Mechanical<br \/>\nKeywords:low profile mechanical keyboard<br \/>\nSwitch:Blue Red Brown Custom<br \/>\nLayout:Customized Layout<br \/>\nUsage:Computer PC Laptop Desktop<\/p>\n","protected":false},"featured_media":4046,"comment_status":"open","ping_status":"closed","template":"","meta":{"_monsterinsights_skip_tracking":false,"_monsterinsights_sitenote_active":false,"_monsterinsights_sitenote_note":"","_monsterinsights_sitenote_category":0},"product_cat":[559,555],"product_tag":[562,560],"yoast_head":"<!-- This site is optimized with the Yoast SEO Premium plugin v22.9 (Yoast SEO v24.0) - https:\/\/yoast.com\/wordpress\/plugins\/seo\/ -->\n<title>CX32 Wireless Bluetooth Gaming Mechanical Keyboard Suppliers - darshion<\/title>\n<meta name=\"robots\" content=\"index, follow, max-snippet:-1, max-image-preview:large, max-video-preview:-1\" \/>\n<link rel=\"canonical\" href=\"https:\/\/darshion.com\/fr\/produit\/cx32-wireless-gaming-mechanical-keyboard-suppliers\/\" \/>\n<meta property=\"og:locale\" content=\"fr_FR\" \/>\n<meta property=\"og:type\" content=\"article\" \/>\n<meta property=\"og:title\" content=\"CX32 Wireless Bluetooth Gaming Mechanical Keyboard Suppliers\" \/>\n<meta property=\"og:description\" content=\"[Industry-specific attributes] Interface Type: usb Keyboard Standard:84 Keys Anti-ghosting:No conflicts Keyboard backlit: RGB Mechanical:Yes Programmable:NO  [Other attributes] Type:2.4Ghz Wireless Full Size keyboard:Yes Wrist Support:NO Private Mold:Yes Product name:low profile mechanical keyboard Backlit:RGB Backling Material:Aluminum+ABS Logo:Accept Customized Logo Package:Customized Box Style:Gaming Keyboard Mechanical Keywords:low profile mechanical keyboard Switch:Blue Red Brown Custom Layout:Customized Layout Usage:Computer PC Laptop Desktop\" \/>\n<meta property=\"og:url\" content=\"https:\/\/darshion.com\/fr\/produit\/cx32-wireless-gaming-mechanical-keyboard-suppliers\/\" \/>\n<meta property=\"og:site_name\" content=\"darshion\" \/>\n<meta property=\"article:modified_time\" content=\"2024-07-31T03:11:13+00:00\" \/>\n<meta property=\"og:image\" content=\"https:\/\/darshion.com\/wp-content\/uploads\/2024\/07\/Hcdc0456e078b47e9beeda096cd6bdc30I.jpg\" \/>\n\t<meta property=\"og:image:width\" content=\"1400\" \/>\n\t<meta property=\"og:image:height\" content=\"1400\" \/>\n\t<meta property=\"og:image:type\" content=\"image\/jpeg\" \/>\n<meta name=\"twitter:card\" content=\"summary_large_image\" \/>\n<meta name=\"twitter:label1\" content=\"Dur\u00e9e de lecture estim\u00e9e\" \/>\n\t<meta name=\"twitter:data1\" content=\"3 minutes\" \/>\n<script type=\"application\/ld+json\" class=\"yoast-schema-graph\">{\"@context\":\"https:\/\/schema.org\",\"@graph\":[{\"@type\":\"WebPage\",\"@id\":\"https:\/\/darshion.com\/product\/cx32-wireless-gaming-mechanical-keyboard-suppliers\/\",\"url\":\"https:\/\/darshion.com\/product\/cx32-wireless-gaming-mechanical-keyboard-suppliers\/\",\"name\":\"CX32 Wireless Bluetooth Gaming Mechanical Keyboard Suppliers - darshion\",\"isPartOf\":{\"@id\":\"https:\/\/darshion.com\/#website\"},\"primaryImageOfPage\":{\"@id\":\"https:\/\/darshion.com\/product\/cx32-wireless-gaming-mechanical-keyboard-suppliers\/#primaryimage\"},\"image\":{\"@id\":\"https:\/\/darshion.com\/product\/cx32-wireless-gaming-mechanical-keyboard-suppliers\/#primaryimage\"},\"thumbnailUrl\":\"https:\/\/darshion.com\/wp-content\/uploads\/2024\/07\/Hcdc0456e078b47e9beeda096cd6bdc30I.jpg\",\"datePublished\":\"2024-07-31T02:56:08+00:00\",\"dateModified\":\"2024-07-31T03:11:13+00:00\",\"breadcrumb\":{\"@id\":\"https:\/\/darshion.com\/product\/cx32-wireless-gaming-mechanical-keyboard-suppliers\/#breadcrumb\"},\"inLanguage\":\"fr-FR\",\"potentialAction\":[{\"@type\":\"ReadAction\",\"target\":[\"https:\/\/darshion.com\/product\/cx32-wireless-gaming-mechanical-keyboard-suppliers\/\"]}]},{\"@type\":\"ImageObject\",\"inLanguage\":\"fr-FR\",\"@id\":\"https:\/\/darshion.com\/product\/cx32-wireless-gaming-mechanical-keyboard-suppliers\/#primaryimage\",\"url\":\"https:\/\/darshion.com\/wp-content\/uploads\/2024\/07\/Hcdc0456e078b47e9beeda096cd6bdc30I.jpg\",\"contentUrl\":\"https:\/\/darshion.com\/wp-content\/uploads\/2024\/07\/Hcdc0456e078b47e9beeda096cd6bdc30I.jpg\",\"width\":1400,\"height\":1400},{\"@type\":\"BreadcrumbList\",\"@id\":\"https:\/\/darshion.com\/product\/cx32-wireless-gaming-mechanical-keyboard-suppliers\/#breadcrumb\",\"itemListElement\":[{\"@type\":\"ListItem\",\"position\":1,\"name\":\"\u9996\u9875\",\"item\":\"https:\/\/darshion.com\/\"},{\"@type\":\"ListItem\",\"position\":2,\"name\":\"PRODUCT\",\"item\":\"https:\/\/darshion.com\/pt\/product\/\"},{\"@type\":\"ListItem\",\"position\":3,\"name\":\"CX32 Wireless Bluetooth Gaming Mechanical Keyboard Suppliers\"}]},{\"@type\":\"WebSite\",\"@id\":\"https:\/\/darshion.com\/#website\",\"url\":\"https:\/\/darshion.com\/\",\"name\":\"darshion\",\"description\":\"14 Years of Experience, Quality Assurance, Innovative Design\",\"publisher\":{\"@id\":\"https:\/\/darshion.com\/#organization\"},\"potentialAction\":[{\"@type\":\"SearchAction\",\"target\":{\"@type\":\"EntryPoint\",\"urlTemplate\":\"https:\/\/darshion.com\/?s={search_term_string}\"},\"query-input\":{\"@type\":\"PropertyValueSpecification\",\"valueRequired\":true,\"valueName\":\"search_term_string\"}}],\"inLanguage\":\"fr-FR\"},{\"@type\":\"Organization\",\"@id\":\"https:\/\/darshion.com\/#organization\",\"name\":\"darshion\",\"url\":\"https:\/\/darshion.com\/\",\"logo\":{\"@type\":\"ImageObject\",\"inLanguage\":\"fr-FR\",\"@id\":\"https:\/\/darshion.com\/#\/schema\/logo\/image\/\",\"url\":\"https:\/\/darshion.com\/wp-content\/uploads\/2023\/09\/01-1.png\",\"contentUrl\":\"https:\/\/darshion.com\/wp-content\/uploads\/2023\/09\/01-1.png\",\"width\":350,\"height\":100,\"caption\":\"darshion\"},\"image\":{\"@id\":\"https:\/\/darshion.com\/#\/schema\/logo\/image\/\"}}]}<\/script>\n<!-- \/ Yoast SEO Premium plugin. -->","yoast_head_json":{"title":"CX32 Wireless Bluetooth Gaming Mechanical Keyboard Suppliers - darshion","robots":{"index":"index","follow":"follow","max-snippet":"max-snippet:-1","max-image-preview":"max-image-preview:large","max-video-preview":"max-video-preview:-1"},"canonical":"https:\/\/darshion.com\/fr\/produit\/cx32-wireless-gaming-mechanical-keyboard-suppliers\/","og_locale":"fr_FR","og_type":"article","og_title":"CX32 Wireless Bluetooth Gaming Mechanical Keyboard Suppliers","og_description":"[Industry-specific attributes] Interface Type: usb Keyboard Standard:84 Keys Anti-ghosting:No conflicts Keyboard backlit: RGB Mechanical:Yes Programmable:NO  [Other attributes] Type:2.4Ghz Wireless Full Size keyboard:Yes Wrist Support:NO Private Mold:Yes Product name:low profile mechanical keyboard Backlit:RGB Backling Material:Aluminum+ABS Logo:Accept Customized Logo Package:Customized Box Style:Gaming Keyboard Mechanical Keywords:low profile mechanical keyboard Switch:Blue Red Brown Custom Layout:Customized Layout Usage:Computer PC Laptop Desktop","og_url":"https:\/\/darshion.com\/fr\/produit\/cx32-wireless-gaming-mechanical-keyboard-suppliers\/","og_site_name":"darshion","article_modified_time":"2024-07-31T03:11:13+00:00","og_image":[{"width":1400,"height":1400,"url":"https:\/\/darshion.com\/wp-content\/uploads\/2024\/07\/Hcdc0456e078b47e9beeda096cd6bdc30I.jpg","type":"image\/jpeg"}],"twitter_card":"summary_large_image","twitter_misc":{"Dur\u00e9e de lecture estim\u00e9e":"3 minutes"},"schema":{"@context":"https:\/\/schema.org","@graph":[{"@type":"WebPage","@id":"https:\/\/darshion.com\/product\/cx32-wireless-gaming-mechanical-keyboard-suppliers\/","url":"https:\/\/darshion.com\/product\/cx32-wireless-gaming-mechanical-keyboard-suppliers\/","name":"CX32 Wireless Bluetooth Gaming Mechanical Keyboard Suppliers - darshion","isPartOf":{"@id":"https:\/\/darshion.com\/#website"},"primaryImageOfPage":{"@id":"https:\/\/darshion.com\/product\/cx32-wireless-gaming-mechanical-keyboard-suppliers\/#primaryimage"},"image":{"@id":"https:\/\/darshion.com\/product\/cx32-wireless-gaming-mechanical-keyboard-suppliers\/#primaryimage"},"thumbnailUrl":"https:\/\/darshion.com\/wp-content\/uploads\/2024\/07\/Hcdc0456e078b47e9beeda096cd6bdc30I.jpg","datePublished":"2024-07-31T02:56:08+00:00","dateModified":"2024-07-31T03:11:13+00:00","breadcrumb":{"@id":"https:\/\/darshion.com\/product\/cx32-wireless-gaming-mechanical-keyboard-suppliers\/#breadcrumb"},"inLanguage":"fr-FR","potentialAction":[{"@type":"ReadAction","target":["https:\/\/darshion.com\/product\/cx32-wireless-gaming-mechanical-keyboard-suppliers\/"]}]},{"@type":"ImageObject","inLanguage":"fr-FR","@id":"https:\/\/darshion.com\/product\/cx32-wireless-gaming-mechanical-keyboard-suppliers\/#primaryimage","url":"https:\/\/darshion.com\/wp-content\/uploads\/2024\/07\/Hcdc0456e078b47e9beeda096cd6bdc30I.jpg","contentUrl":"https:\/\/darshion.com\/wp-content\/uploads\/2024\/07\/Hcdc0456e078b47e9beeda096cd6bdc30I.jpg","width":1400,"height":1400},{"@type":"BreadcrumbList","@id":"https:\/\/darshion.com\/product\/cx32-wireless-gaming-mechanical-keyboard-suppliers\/#breadcrumb","itemListElement":[{"@type":"ListItem","position":1,"name":"\u9996\u9875","item":"https:\/\/darshion.com\/"},{"@type":"ListItem","position":2,"name":"PRODUCT","item":"https:\/\/darshion.com\/pt\/product\/"},{"@type":"ListItem","position":3,"name":"CX32 Wireless Bluetooth Gaming Mechanical Keyboard Suppliers"}]},{"@type":"WebSite","@id":"https:\/\/darshion.com\/#website","url":"https:\/\/darshion.com\/","name":"darshion","description":"14 ans d'exp\u00e9rience, assurance qualit\u00e9, conception innovante","publisher":{"@id":"https:\/\/darshion.com\/#organization"},"potentialAction":[{"@type":"SearchAction","target":{"@type":"EntryPoint","urlTemplate":"https:\/\/darshion.com\/?s={search_term_string}"},"query-input":{"@type":"PropertyValueSpecification","valueRequired":true,"valueName":"search_term_string"}}],"inLanguage":"fr-FR"},{"@type":"Organization","@id":"https:\/\/darshion.com\/#organization","name":"darshion","url":"https:\/\/darshion.com\/","logo":{"@type":"ImageObject","inLanguage":"fr-FR","@id":"https:\/\/darshion.com\/#\/schema\/logo\/image\/","url":"https:\/\/darshion.com\/wp-content\/uploads\/2023\/09\/01-1.png","contentUrl":"https:\/\/darshion.com\/wp-content\/uploads\/2023\/09\/01-1.png","width":350,"height":100,"caption":"darshion"},"image":{"@id":"https:\/\/darshion.com\/#\/schema\/logo\/image\/"}}]}},"_links":{"self":[{"href":"https:\/\/darshion.com\/fr\/wp-json\/wp\/v2\/product\/4053"}],"collection":[{"href":"https:\/\/darshion.com\/fr\/wp-json\/wp\/v2\/product"}],"about":[{"href":"https:\/\/darshion.com\/fr\/wp-json\/wp\/v2\/types\/product"}],"replies":[{"embeddable":true,"href":"https:\/\/darshion.com\/fr\/wp-json\/wp\/v2\/comments?post=4053"}],"wp:featuredmedia":[{"embeddable":true,"href":"https:\/\/darshion.com\/fr\/wp-json\/wp\/v2\/media\/4046"}],"wp:attachment":[{"href":"https:\/\/darshion.com\/fr\/wp-json\/wp\/v2\/media?parent=4053"}],"wp:term":[{"taxonomy":"product_cat","embeddable":true,"href":"https:\/\/darshion.com\/fr\/wp-json\/wp\/v2\/product_cat?post=4053"},{"taxonomy":"product_tag","embeddable":true,"href":"https:\/\/darshion.com\/fr\/wp-json\/wp\/v2\/product_tag?post=4053"}],"curies":[{"name":"wp","href":"https:\/\/api.w.org\/{rel}","templated":true}]}}