{"id":4227,"date":"2026-02-26T17:41:56","date_gmt":"2026-02-26T09:41:56","guid":{"rendered":"https:\/\/darshion.com\/product\/amz-hot-sale-2-4g-full-sized-ergonomic-keyboard-mouse-quiet-click-computer-laptop-cordless-usb-wireless-keyboard-and-mouse\/"},"modified":"2026-02-26T18:02:30","modified_gmt":"2026-02-26T10:02:30","slug":"ck710-keyboard-and-mouse-combo-manufacturer","status":"publish","type":"product","link":"https:\/\/darshion.com\/fr\/produit\/ck710-keyboard-and-mouse-combo-manufacturer\/","title":{"rendered":"CK710 2.4G Full-Sized Ergonomic Wireless Keyboard and Mouse Combo Fabricant"},"content":{"rendered":"<div id=\"detail_decorate_root\" data-magic-global=\"%7B%22bizId%22%3A2329368643%2C%22pageId%22%3A21463948937%2C%22siteId%22%3A10003129106%7D\">\n<div class=\"J_module\">\n<div class=\"icbu-pc-detailVideoShow magic-0\" data-magic=\"\"><\/div>\n<\/div>\n<div class=\"J_module\">\n<p style=\"border-bottom: solid 2px currentColor; font-size: 24px; padding: 8px 0 4px 0; margin: 0 0 8px 0;\">Description des produits<\/p>\n<\/div>\n<div class=\"J_module\">\n<div class=\"detail-decorate-json-renderer-container\">1.  Nombre de touches : 104 touches<br \/>\n2.  Design fin, capuchons de cl\u00e9s en chocolat<br \/>\n3.  12 Groupe de touches de fonction multim\u00e9dia Fn+F<br \/>\n4.  Trois indicateurs<br \/>\n5.  Options avec ou sans fil disponibles<br \/>\n6.  Options de piles alcalines et de piles au lithium disponibles<br \/>\n7.  Avec pieds en caoutchouc antid\u00e9rapants, r\u00e9glage de l'inclinaison<br \/>\n8.  Taille:434.99 *184.88 *25.62mm;Poids:686g1.  Souris ergonomique 4D<br \/>\n2.  DPI :800-1200-1600<br \/>\n3.  Size:106*62*37.7mm;Weight:55g \u00b15g<br \/>\n\u3010Customizable\u3011<br \/>\n- Couleur des cabochons<br \/>\n- Filaire\/sans fil\/2.4G\/Bluetooth Triple mode\/multiple canal<br \/>\n- Disposition : \u00c9tats-Unis\/Royaume-Uni\/Cor\u00e9e du Sud\/SPAIN\/BRAZILIEN\/RUSSIE, etc.<br \/>\n- LOGO et emballage<\/p>\n<\/div>\n<\/div>\n<div class=\"J_module\">\n<div id=\"ali-anchor-AliMagic-t9ai6c\" class=\"magic-1\" style=\"border-bottom: solid 2px currentColor; font-size: 24px; padding: 8px 0 4px 0; margin: 0 0 8px 0;\" data-section=\"AliMagic-t9ai6c\" data-section-title=\"Details Images\">Images d\u00e9taill\u00e9es<\/div>\n<\/div>\n<div class=\"J_module\">\n<div class=\"icbu-pc-detailManyImage magic-6\">\n<div class=\"magic-7\"><img decoding=\"async\" class=\"magic-8\" src=\"https:\/\/darshion.com\/wp-content\/uploads\/2026\/02\/H4ebaefe40f7041bd8e4ea99d38c1f28bl.jpg\" \/><\/div>\n<div class=\"magic-7\"><img decoding=\"async\" class=\"magic-8\" src=\"https:\/\/darshion.com\/wp-content\/uploads\/2026\/02\/H41f2ec0ac7a4425bb43efc4151e977a87.jpg\" \/><\/div>\n<div class=\"magic-7\"><img decoding=\"async\" class=\"magic-8\" src=\"https:\/\/darshion.com\/wp-content\/uploads\/2026\/02\/Hdd916391c6c341afb2f9c27d29c638f0J.jpg\" \/><\/div>\n<div class=\"magic-7\"><img decoding=\"async\" class=\"magic-8\" src=\"https:\/\/darshion.com\/wp-content\/uploads\/2026\/02\/H75e968de59d3409fbf4f453704bce1a1a.jpg\" \/><\/div>\n<div class=\"magic-7\"><img decoding=\"async\" class=\"magic-8\" src=\"https:\/\/darshion.com\/wp-content\/uploads\/2026\/02\/Hba4b6f1c4c3143afa2e6e3007e8139fbx.jpg\" \/><\/div>\n<div class=\"magic-7\"><img decoding=\"async\" class=\"magic-8\" src=\"https:\/\/darshion.com\/wp-content\/uploads\/2026\/02\/H4574e576a1574e6aa3be44fc3060b44bJ.jpg\" \/><\/div>\n<\/div>\n<\/div>\n<div class=\"J_module\">\n<div class=\"icbu-pc-images magic-9\">\n<div><\/div>\n<\/div>\n<\/div>\n<div class=\"J_module\">\n<div id=\"ali-anchor-AliMagic-bfpvzk\" class=\"magic-1\" style=\"border-bottom: solid 2px currentColor; font-size: 24px; padding: 8px 0 4px 0; margin: 0 0 8px 0;\" data-section=\"AliMagic-bfpvzk\" data-section-title=\"Description\">Description<\/div>\n<\/div>\n<div class=\"J_module\">\n<div class=\"detail-decorate-json-renderer-container\">\n<p>1.2.4G Wireless Plug and Play- Il suffit de connecter le clavier et la souris sans fil \u00e0 un r\u00e9cepteur USB, pour sauvegarder le port USB de votre ordinateur. Pas de retard ni de perte de donn\u00e9es. Permet une connexion sans fil fiable jusqu'\u00e0 10 m\u00e8tres sans pilote.<br \/>\n2.104 touches - Avec la disposition standard QWERTY, le clavier sans fil Lovaky rend chaque touche du pav\u00e9 num\u00e9rique ind\u00e9pendante et bien espac\u00e9e, \u00e9vitant ainsi d'appuyer sur la mauvaise touche. Le support pliable situ\u00e9 \u00e0 l'arri\u00e8re du clavier offre un angle de frappe confortable, ce qui vous permet de profiter d'une frappe confortable pendant des heures.<br \/>\n3. l'\u00e9conomie d'\u00e9nergie prolonge la dur\u00e9e de vie de la batterie - Le clavier et la souris sans fil sont dot\u00e9s d'un interrupteur qui permet de les allumer et de les \u00e9teindre, ce qui \u00e9vite de perdre inutilement de l'\u00e9nergie. Apr\u00e8s 10 minutes d'inactivit\u00e9, le combo clavier souris sans fil se met automatiquement en mode veille pour \u00e9conomiser de l'\u00e9nergie.<br \/>\n4. souris sans fil silencieuse - La souris d'ordinateur offre un clic silencieux, vous n'avez pas \u00e0 vous soucier de d\u00e9ranger les autres pendant que vous travaillez ou que vous jouez. La souris r\u00e9glable en DPI offre 3 niveaux de DPI (800\/1200\/1600) pour r\u00e9pondre \u00e0 vos diff\u00e9rents besoins en termes de sensibilit\u00e9.<br \/>\n5. souris et clavier sans fil compatibles - comprend un clavier de taille normale et une souris \u00e0 haute sensibilit\u00e9. Fonctionne avec votre PC, votre ordinateur de bureau, votre ordinateur portable ou votre notebook. Compatible avec les syst\u00e8mes d'exploitation Windows XP \/ Vista \/ 7 \/ 8 \/10.<\/p>\n<p>6. indicateur d'alimentation - la nouvelle pile dans le clavier et la souris, si la connexion normale avec l'ordinateur est \u00e9tablie, la lumi\u00e8re rouge clignote pendant 5 \u00e0 8 secondes, si l'ordinateur n'est pas normalement connect\u00e9 \u00e0 l'alimentation, la lumi\u00e8re rouge s'allume pendant un moment, puis s'\u00e9teint. En cas de batterie faible, il suffit d'appuyer sur n'importe quelle touche pour que le voyant rouge clignote. Ainsi, lorsque vous commencez \u00e0 utiliser l'ordinateur, le voyant rouge clignote pendant 5 \u00e0 8 secondes, ce qui est normal. Conseil : si votre souris ne fonctionne plus, v\u00e9rifiez d'abord les piles et remplacez-les par des neuves.<br \/>\n7. personnalisation de la langue et de la mise en page pour l'Allemagne, l'Espagne, l'Italie, le Cor\u00e9en, le Japon, l'Arabe et le Russe<\/p>\n<\/div>\n<\/div>\n<div class=\"J_module\">\n<div id=\"ali-anchor-AliMagic-o5sbrj\" class=\"magic-12\" style=\"border-bottom: solid 2px currentColor; font-size: 24px; padding: 8px 0 4px 0; margin: 0 0 8px 0;\" data-section=\"AliMagic-o5sbrj\" data-section-title=\"WHY CHOOSE US?\"><\/div>\n<\/div>\n<\/div>","protected":false},"excerpt":{"rendered":"<div>\n<p>[Industry-specific attributes]<br \/>\nsupports human engineering:Yes<br \/>\ntype:Wireless<\/p>\n<p>[Other attributes]<br \/>\nplace of origin:Guangdong, China<br \/>\ninterface:Usb<br \/>\nkeyboard backlit:no<br \/>\nkeyboard standard:104 Keys<br \/>\nmechanical:No<br \/>\nmodel number:CK710+CM620<br \/>\nBrand:OEM<br \/>\napplicable object:For Home Office<br \/>\ndpi:1600<br \/>\nmouse connection:Wireless<br \/>\nprivate mold:Yes<br \/>\nwith multimedia function keys:Yes<br \/>\nwrist support:No<br \/>\nProduct name:Wireless Keyboard Mouse Combo<br \/>\nKeywords:Wireless Keyboard and mouse<br \/>\nLayout:Customized Layout<br \/>\nMaterial:ABS<br \/>\nUsage:Office Working Gaming<br \/>\nLogo:Accept Customized Logo<br \/>\nPackage:Customized Box<br \/>\nWarranty:12 Months<br \/>\nLanguage:Customized Lanaguage<br \/>\nMOQ:1000PCS<\/p>\n<\/div>\n","protected":false},"featured_media":4216,"comment_status":"open","ping_status":"closed","template":"","meta":{"_monsterinsights_skip_tracking":false,"_monsterinsights_sitenote_active":false,"_monsterinsights_sitenote_note":"","_monsterinsights_sitenote_category":0},"product_cat":[552],"product_tag":[130,112,558],"yoast_head":"<!-- This site is optimized with the Yoast SEO Premium plugin v22.9 (Yoast SEO v24.0) - https:\/\/yoast.com\/wordpress\/plugins\/seo\/ -->\n<title>CK710 2.4G Full-Sized Ergonomic Wireless Keyboard and Mouse Combo Manufacturer<\/title>\n<meta name=\"description\" content=\"Darshion is a professional manufacturer of 2.4G full-sized ergonomic wireless keyboard and mouse combos. We provide OEM and custom solutions for brands, distributors, and bulk buyers with stable production capacity.\" \/>\n<meta name=\"robots\" content=\"index, follow, max-snippet:-1, max-image-preview:large, max-video-preview:-1\" \/>\n<link rel=\"canonical\" href=\"https:\/\/darshion.com\/fr\/produit\/ck710-keyboard-and-mouse-combo-manufacturer\/\" \/>\n<meta property=\"og:locale\" content=\"fr_FR\" \/>\n<meta property=\"og:type\" content=\"article\" \/>\n<meta property=\"og:title\" content=\"CK710 2.4G Full-Sized Ergonomic Wireless Keyboard and Mouse Combo Manufacturer\" \/>\n<meta property=\"og:description\" content=\"Darshion is a professional manufacturer of 2.4G full-sized ergonomic wireless keyboard and mouse combos. We provide OEM and custom solutions for brands, distributors, and bulk buyers with stable production capacity.\" \/>\n<meta property=\"og:url\" content=\"https:\/\/darshion.com\/fr\/produit\/ck710-keyboard-and-mouse-combo-manufacturer\/\" \/>\n<meta property=\"og:site_name\" content=\"darshion\" \/>\n<meta property=\"article:modified_time\" content=\"2026-02-26T10:02:30+00:00\" \/>\n<meta property=\"og:image\" content=\"https:\/\/darshion.com\/wp-content\/uploads\/2026\/02\/H4ebaefe40f7041bd8e4ea99d38c1f28bl.jpg\" \/>\n\t<meta property=\"og:image:width\" content=\"1200\" \/>\n\t<meta property=\"og:image:height\" content=\"1200\" \/>\n\t<meta property=\"og:image:type\" content=\"image\/jpeg\" \/>\n<meta name=\"twitter:card\" content=\"summary_large_image\" \/>\n<meta name=\"twitter:label1\" content=\"Dur\u00e9e de lecture estim\u00e9e\" \/>\n\t<meta name=\"twitter:data1\" content=\"4 minutes\" \/>\n<script type=\"application\/ld+json\" class=\"yoast-schema-graph\">{\"@context\":\"https:\/\/schema.org\",\"@graph\":[{\"@type\":\"WebPage\",\"@id\":\"https:\/\/darshion.com\/product\/ck710-keyboard-and-mouse-combo-manufacturer\/\",\"url\":\"https:\/\/darshion.com\/product\/ck710-keyboard-and-mouse-combo-manufacturer\/\",\"name\":\"CK710 2.4G Full-Sized Ergonomic Wireless Keyboard and Mouse Combo Manufacturer\",\"isPartOf\":{\"@id\":\"https:\/\/darshion.com\/#website\"},\"primaryImageOfPage\":{\"@id\":\"https:\/\/darshion.com\/product\/ck710-keyboard-and-mouse-combo-manufacturer\/#primaryimage\"},\"image\":{\"@id\":\"https:\/\/darshion.com\/product\/ck710-keyboard-and-mouse-combo-manufacturer\/#primaryimage\"},\"thumbnailUrl\":\"https:\/\/darshion.com\/wp-content\/uploads\/2026\/02\/H4ebaefe40f7041bd8e4ea99d38c1f28bl.jpg\",\"datePublished\":\"2026-02-26T09:41:56+00:00\",\"dateModified\":\"2026-02-26T10:02:30+00:00\",\"description\":\"Darshion is a professional manufacturer of 2.4G full-sized ergonomic wireless keyboard and mouse combos. We provide OEM and custom solutions for brands, distributors, and bulk buyers with stable production capacity.\",\"breadcrumb\":{\"@id\":\"https:\/\/darshion.com\/product\/ck710-keyboard-and-mouse-combo-manufacturer\/#breadcrumb\"},\"inLanguage\":\"fr-FR\",\"potentialAction\":[{\"@type\":\"ReadAction\",\"target\":[\"https:\/\/darshion.com\/product\/ck710-keyboard-and-mouse-combo-manufacturer\/\"]}]},{\"@type\":\"ImageObject\",\"inLanguage\":\"fr-FR\",\"@id\":\"https:\/\/darshion.com\/product\/ck710-keyboard-and-mouse-combo-manufacturer\/#primaryimage\",\"url\":\"https:\/\/darshion.com\/wp-content\/uploads\/2026\/02\/H4ebaefe40f7041bd8e4ea99d38c1f28bl.jpg\",\"contentUrl\":\"https:\/\/darshion.com\/wp-content\/uploads\/2026\/02\/H4ebaefe40f7041bd8e4ea99d38c1f28bl.jpg\",\"width\":1200,\"height\":1200},{\"@type\":\"BreadcrumbList\",\"@id\":\"https:\/\/darshion.com\/product\/ck710-keyboard-and-mouse-combo-manufacturer\/#breadcrumb\",\"itemListElement\":[{\"@type\":\"ListItem\",\"position\":1,\"name\":\"\u9996\u9875\",\"item\":\"https:\/\/darshion.com\/\"},{\"@type\":\"ListItem\",\"position\":2,\"name\":\"PRODUCT\",\"item\":\"https:\/\/darshion.com\/pt\/product\/\"},{\"@type\":\"ListItem\",\"position\":3,\"name\":\"CK710 2.4G Full-Sized Ergonomic Wireless Keyboard and Mouse Combo Manufacturer\"}]},{\"@type\":\"WebSite\",\"@id\":\"https:\/\/darshion.com\/#website\",\"url\":\"https:\/\/darshion.com\/\",\"name\":\"darshion\",\"description\":\"14 Years of Experience, Quality Assurance, Innovative Design\",\"publisher\":{\"@id\":\"https:\/\/darshion.com\/#organization\"},\"potentialAction\":[{\"@type\":\"SearchAction\",\"target\":{\"@type\":\"EntryPoint\",\"urlTemplate\":\"https:\/\/darshion.com\/?s={search_term_string}\"},\"query-input\":{\"@type\":\"PropertyValueSpecification\",\"valueRequired\":true,\"valueName\":\"search_term_string\"}}],\"inLanguage\":\"fr-FR\"},{\"@type\":\"Organization\",\"@id\":\"https:\/\/darshion.com\/#organization\",\"name\":\"darshion\",\"url\":\"https:\/\/darshion.com\/\",\"logo\":{\"@type\":\"ImageObject\",\"inLanguage\":\"fr-FR\",\"@id\":\"https:\/\/darshion.com\/#\/schema\/logo\/image\/\",\"url\":\"https:\/\/darshion.com\/wp-content\/uploads\/2023\/09\/01-1.png\",\"contentUrl\":\"https:\/\/darshion.com\/wp-content\/uploads\/2023\/09\/01-1.png\",\"width\":350,\"height\":100,\"caption\":\"darshion\"},\"image\":{\"@id\":\"https:\/\/darshion.com\/#\/schema\/logo\/image\/\"}}]}<\/script>\n<!-- \/ Yoast SEO Premium plugin. -->","yoast_head_json":{"title":"CK710 2.4G Full-Sized Ergonomic Wireless Keyboard and Mouse Combo Fabricant","description":"Darshion is a professional manufacturer of 2.4G full-sized ergonomic wireless keyboard and mouse combos. We provide OEM and custom solutions for brands, distributors, and bulk buyers with stable production capacity.","robots":{"index":"index","follow":"follow","max-snippet":"max-snippet:-1","max-image-preview":"max-image-preview:large","max-video-preview":"max-video-preview:-1"},"canonical":"https:\/\/darshion.com\/fr\/produit\/ck710-keyboard-and-mouse-combo-manufacturer\/","og_locale":"fr_FR","og_type":"article","og_title":"CK710 2.4G Full-Sized Ergonomic Wireless Keyboard and Mouse Combo Manufacturer","og_description":"Darshion is a professional manufacturer of 2.4G full-sized ergonomic wireless keyboard and mouse combos. We provide OEM and custom solutions for brands, distributors, and bulk buyers with stable production capacity.","og_url":"https:\/\/darshion.com\/fr\/produit\/ck710-keyboard-and-mouse-combo-manufacturer\/","og_site_name":"darshion","article_modified_time":"2026-02-26T10:02:30+00:00","og_image":[{"width":1200,"height":1200,"url":"https:\/\/darshion.com\/wp-content\/uploads\/2026\/02\/H4ebaefe40f7041bd8e4ea99d38c1f28bl.jpg","type":"image\/jpeg"}],"twitter_card":"summary_large_image","twitter_misc":{"Dur\u00e9e de lecture estim\u00e9e":"4 minutes"},"schema":{"@context":"https:\/\/schema.org","@graph":[{"@type":"WebPage","@id":"https:\/\/darshion.com\/product\/ck710-keyboard-and-mouse-combo-manufacturer\/","url":"https:\/\/darshion.com\/product\/ck710-keyboard-and-mouse-combo-manufacturer\/","name":"CK710 2.4G Full-Sized Ergonomic Wireless Keyboard and Mouse Combo Fabricant","isPartOf":{"@id":"https:\/\/darshion.com\/#website"},"primaryImageOfPage":{"@id":"https:\/\/darshion.com\/product\/ck710-keyboard-and-mouse-combo-manufacturer\/#primaryimage"},"image":{"@id":"https:\/\/darshion.com\/product\/ck710-keyboard-and-mouse-combo-manufacturer\/#primaryimage"},"thumbnailUrl":"https:\/\/darshion.com\/wp-content\/uploads\/2026\/02\/H4ebaefe40f7041bd8e4ea99d38c1f28bl.jpg","datePublished":"2026-02-26T09:41:56+00:00","dateModified":"2026-02-26T10:02:30+00:00","description":"Darshion is a professional manufacturer of 2.4G full-sized ergonomic wireless keyboard and mouse combos. We provide OEM and custom solutions for brands, distributors, and bulk buyers with stable production capacity.","breadcrumb":{"@id":"https:\/\/darshion.com\/product\/ck710-keyboard-and-mouse-combo-manufacturer\/#breadcrumb"},"inLanguage":"fr-FR","potentialAction":[{"@type":"ReadAction","target":["https:\/\/darshion.com\/product\/ck710-keyboard-and-mouse-combo-manufacturer\/"]}]},{"@type":"ImageObject","inLanguage":"fr-FR","@id":"https:\/\/darshion.com\/product\/ck710-keyboard-and-mouse-combo-manufacturer\/#primaryimage","url":"https:\/\/darshion.com\/wp-content\/uploads\/2026\/02\/H4ebaefe40f7041bd8e4ea99d38c1f28bl.jpg","contentUrl":"https:\/\/darshion.com\/wp-content\/uploads\/2026\/02\/H4ebaefe40f7041bd8e4ea99d38c1f28bl.jpg","width":1200,"height":1200},{"@type":"BreadcrumbList","@id":"https:\/\/darshion.com\/product\/ck710-keyboard-and-mouse-combo-manufacturer\/#breadcrumb","itemListElement":[{"@type":"ListItem","position":1,"name":"\u9996\u9875","item":"https:\/\/darshion.com\/"},{"@type":"ListItem","position":2,"name":"PRODUCT","item":"https:\/\/darshion.com\/pt\/product\/"},{"@type":"ListItem","position":3,"name":"CK710 2.4G Full-Sized Ergonomic Wireless Keyboard and Mouse Combo Manufacturer"}]},{"@type":"WebSite","@id":"https:\/\/darshion.com\/#website","url":"https:\/\/darshion.com\/","name":"darshion","description":"14 ans d'exp\u00e9rience, assurance qualit\u00e9, conception innovante","publisher":{"@id":"https:\/\/darshion.com\/#organization"},"potentialAction":[{"@type":"SearchAction","target":{"@type":"EntryPoint","urlTemplate":"https:\/\/darshion.com\/?s={search_term_string}"},"query-input":{"@type":"PropertyValueSpecification","valueRequired":true,"valueName":"search_term_string"}}],"inLanguage":"fr-FR"},{"@type":"Organization","@id":"https:\/\/darshion.com\/#organization","name":"darshion","url":"https:\/\/darshion.com\/","logo":{"@type":"ImageObject","inLanguage":"fr-FR","@id":"https:\/\/darshion.com\/#\/schema\/logo\/image\/","url":"https:\/\/darshion.com\/wp-content\/uploads\/2023\/09\/01-1.png","contentUrl":"https:\/\/darshion.com\/wp-content\/uploads\/2023\/09\/01-1.png","width":350,"height":100,"caption":"darshion"},"image":{"@id":"https:\/\/darshion.com\/#\/schema\/logo\/image\/"}}]}},"_links":{"self":[{"href":"https:\/\/darshion.com\/fr\/wp-json\/wp\/v2\/product\/4227"}],"collection":[{"href":"https:\/\/darshion.com\/fr\/wp-json\/wp\/v2\/product"}],"about":[{"href":"https:\/\/darshion.com\/fr\/wp-json\/wp\/v2\/types\/product"}],"replies":[{"embeddable":true,"href":"https:\/\/darshion.com\/fr\/wp-json\/wp\/v2\/comments?post=4227"}],"wp:featuredmedia":[{"embeddable":true,"href":"https:\/\/darshion.com\/fr\/wp-json\/wp\/v2\/media\/4216"}],"wp:attachment":[{"href":"https:\/\/darshion.com\/fr\/wp-json\/wp\/v2\/media?parent=4227"}],"wp:term":[{"taxonomy":"product_cat","embeddable":true,"href":"https:\/\/darshion.com\/fr\/wp-json\/wp\/v2\/product_cat?post=4227"},{"taxonomy":"product_tag","embeddable":true,"href":"https:\/\/darshion.com\/fr\/wp-json\/wp\/v2\/product_tag?post=4227"}],"curies":[{"name":"wp","href":"https:\/\/api.w.org\/{rel}","templated":true}]}}