{"id":999,"date":"2023-10-06T11:52:02","date_gmt":"2023-10-06T03:52:02","guid":{"rendered":"https:\/\/darshion.com\/?post_type=product&#038;p=999"},"modified":"2024-06-28T09:32:24","modified_gmt":"2024-06-28T01:32:24","slug":"gaming-mousepads","status":"publish","type":"product","link":"https:\/\/darshion.com\/fr\/produit\/gaming-mousepads\/","title":{"rendered":"Tapis de souris de jeu \u00e0 bords verrouill\u00e9s Fournisseur de motifs personnalis\u00e9s"},"content":{"rendered":"<p>Caract\u00e9ristiques :<\/p>\n<p>Bords cousus durables : Ce tapis de souris a des bords d\u00e9licats qui peuvent emp\u00eacher l'usure. Il garantit une utilisation prolong\u00e9e sans d\u00e9formation ni d\u00e9gommage.<\/p>\n<p>Surface lisse : la texture est plus dense. La souris peut \u00eatre d\u00e9plac\u00e9e rapidement et positionn\u00e9e avec pr\u00e9cision pour assurer un contr\u00f4le plus fluide de la souris. Parfait pour votre ordinateur portable, votre ordinateur et votre PC.<\/p>\n<p>Base en caoutchouc antid\u00e9rapante : la base en caoutchouc naturel antid\u00e9rapante et aux nuances denses permet une bonne prise en main du bureau. Mat\u00e9riau doux de premi\u00e8re qualit\u00e9 pour le confort et le contr\u00f4le de la souris.<\/p>\n<p>Lavable et r\u00e9sistant \u00e0 la d\u00e9coloration : ce tapis de souris est fabriqu\u00e9 dans un mat\u00e9riau qui a un effet de coloration et de blocage important. Les taches liquides peuvent \u00eatre nettoy\u00e9es \u00e0 l'eau pour une utilisation continue. Il ne se d\u00e9colore pas apr\u00e8s plusieurs nettoyages.<\/p>\n<p>Couleur : Nous nous effor\u00e7ons de fournir les impressions les plus color\u00e9es. Nous utilisons 6 couleurs pour l'impression, alors que la plupart des concurrents utilisent 4 couleurs, et nous utilisons un m\u00e9lange exclusif de CMYK et de couleurs n\u00e9on pour cr\u00e9er la gamme de couleurs la plus large possible.<br \/>\nProcessus d'impression : notre tapis de souris est imprim\u00e9 et produit \u00e0 l'aide d'une presse \u00e0 chaud et de la sublimation, qui est le processus de conversion des solides en gaz. La temp\u00e9rature \u00e9lev\u00e9e de la presse \u00e0 imprimer transforme l'encre en gaz et la lie au mat\u00e9riau polyester lisse qui forme le dessus du tapis de souris, de sorte que vous n'avez pas \u00e0 vous soucier du d\u00e9collement ou de la d\u00e9coloration du motif.<\/p>\n<p>Large application : disponible pour tous les types de souris, laser et optiques. Taille id\u00e9ale pour une utilisation quotidienne.<\/p>\n<p>Personnalisez votre tapis de souris :<br \/>\n1.100% Neuf<br \/>\n2. Vous pouvez d\u00e9corer votre bureau avec le tapis de souris.<br \/>\n3. Jolie couleur imprim\u00e9e sur le tapis de souris<br \/>\n4. Haute qualit\u00e9, en caoutchouc souple et tissu lisse<br \/>\n5. Toutes les tailles (\u00e9cart : 1-3cm 2. Veuillez noter qu'une l\u00e9g\u00e8re diff\u00e9rence de couleur est acceptable en raison de la lumi\u00e8re et de l'\u00e9cran).<br \/>\n6. Nous pouvons personnaliser n'importe quelle image. Vous pouvez nous contacter si vous en avez besoin. Si vous achetez plus. Veuillez contacter notre service client\u00e8le. Nous vous donnerons le prix de gros.<\/p>\n<p>Motif personnalis\u00e9 : Veuillez vous assurer que votre image est de haute d\u00e9finition, de pr\u00e9f\u00e9rence pas moins de 1920*1080. Si votre image est plus grande que 5MB, veuillez envoyer le lien de l'image au vendeur ou demandez au vendeur d'envoyer un email.<\/p>","protected":false},"excerpt":{"rendered":"<p>Tapis de souris de jeu Fabricant de tapis de souris antid\u00e9rapants en Chine<\/p>","protected":false},"featured_media":1000,"comment_status":"open","ping_status":"closed","template":"","meta":{"_monsterinsights_skip_tracking":false,"_monsterinsights_sitenote_active":false,"_monsterinsights_sitenote_note":"","_monsterinsights_sitenote_category":0},"product_cat":[100],"product_tag":[107,103],"yoast_head":"<!-- This site is optimized with the Yoast SEO Premium plugin v22.9 (Yoast SEO v24.0) - https:\/\/yoast.com\/wordpress\/plugins\/seo\/ -->\n<title>Locking Edge Gaming Mousepad Custom Pattern Supplier - darshion<\/title>\n<meta name=\"robots\" content=\"index, follow, max-snippet:-1, max-image-preview:large, max-video-preview:-1\" \/>\n<link rel=\"canonical\" href=\"https:\/\/darshion.com\/fr\/produit\/gaming-mousepads\/\" \/>\n<meta property=\"og:locale\" content=\"fr_FR\" \/>\n<meta property=\"og:type\" content=\"article\" \/>\n<meta property=\"og:title\" content=\"Locking Edge Gaming Mousepad Custom Pattern Supplier\" \/>\n<meta property=\"og:description\" content=\"China Gaming Mousepad Computer Deskmat Non-Slip Manufacturer\" \/>\n<meta property=\"og:url\" content=\"https:\/\/darshion.com\/fr\/produit\/gaming-mousepads\/\" \/>\n<meta property=\"og:site_name\" content=\"darshion\" \/>\n<meta property=\"article:modified_time\" content=\"2024-06-28T01:32:24+00:00\" \/>\n<meta property=\"og:image\" content=\"https:\/\/darshion.com\/wp-content\/uploads\/2023\/10\/1.webp\" \/>\n\t<meta property=\"og:image:width\" content=\"720\" \/>\n\t<meta property=\"og:image:height\" content=\"720\" \/>\n\t<meta property=\"og:image:type\" content=\"image\/webp\" \/>\n<meta name=\"twitter:card\" content=\"summary_large_image\" \/>\n<meta name=\"twitter:label1\" content=\"Dur\u00e9e de lecture estim\u00e9e\" \/>\n\t<meta name=\"twitter:data1\" content=\"2 minutes\" \/>\n<script type=\"application\/ld+json\" class=\"yoast-schema-graph\">{\"@context\":\"https:\/\/schema.org\",\"@graph\":[{\"@type\":\"WebPage\",\"@id\":\"https:\/\/darshion.com\/product\/gaming-mousepads\/\",\"url\":\"https:\/\/darshion.com\/product\/gaming-mousepads\/\",\"name\":\"Locking Edge Gaming Mousepad Custom Pattern Supplier - darshion\",\"isPartOf\":{\"@id\":\"https:\/\/darshion.com\/#website\"},\"primaryImageOfPage\":{\"@id\":\"https:\/\/darshion.com\/product\/gaming-mousepads\/#primaryimage\"},\"image\":{\"@id\":\"https:\/\/darshion.com\/product\/gaming-mousepads\/#primaryimage\"},\"thumbnailUrl\":\"https:\/\/darshion.com\/wp-content\/uploads\/2023\/10\/1.webp\",\"datePublished\":\"2023-10-06T03:52:02+00:00\",\"dateModified\":\"2024-06-28T01:32:24+00:00\",\"breadcrumb\":{\"@id\":\"https:\/\/darshion.com\/product\/gaming-mousepads\/#breadcrumb\"},\"inLanguage\":\"fr-FR\",\"potentialAction\":[{\"@type\":\"ReadAction\",\"target\":[\"https:\/\/darshion.com\/product\/gaming-mousepads\/\"]}]},{\"@type\":\"ImageObject\",\"inLanguage\":\"fr-FR\",\"@id\":\"https:\/\/darshion.com\/product\/gaming-mousepads\/#primaryimage\",\"url\":\"https:\/\/darshion.com\/wp-content\/uploads\/2023\/10\/1.webp\",\"contentUrl\":\"https:\/\/darshion.com\/wp-content\/uploads\/2023\/10\/1.webp\",\"width\":720,\"height\":720},{\"@type\":\"BreadcrumbList\",\"@id\":\"https:\/\/darshion.com\/product\/gaming-mousepads\/#breadcrumb\",\"itemListElement\":[{\"@type\":\"ListItem\",\"position\":1,\"name\":\"\u9996\u9875\",\"item\":\"https:\/\/darshion.com\/\"},{\"@type\":\"ListItem\",\"position\":2,\"name\":\"PRODUCT\",\"item\":\"https:\/\/darshion.com\/pt\/product\/\"},{\"@type\":\"ListItem\",\"position\":3,\"name\":\"Locking Edge Gaming Mousepad Custom Pattern Supplier\"}]},{\"@type\":\"WebSite\",\"@id\":\"https:\/\/darshion.com\/#website\",\"url\":\"https:\/\/darshion.com\/\",\"name\":\"darshion\",\"description\":\"14 Years of Experience, Quality Assurance, Innovative Design\",\"publisher\":{\"@id\":\"https:\/\/darshion.com\/#organization\"},\"potentialAction\":[{\"@type\":\"SearchAction\",\"target\":{\"@type\":\"EntryPoint\",\"urlTemplate\":\"https:\/\/darshion.com\/?s={search_term_string}\"},\"query-input\":{\"@type\":\"PropertyValueSpecification\",\"valueRequired\":true,\"valueName\":\"search_term_string\"}}],\"inLanguage\":\"fr-FR\"},{\"@type\":\"Organization\",\"@id\":\"https:\/\/darshion.com\/#organization\",\"name\":\"darshion\",\"url\":\"https:\/\/darshion.com\/\",\"logo\":{\"@type\":\"ImageObject\",\"inLanguage\":\"fr-FR\",\"@id\":\"https:\/\/darshion.com\/#\/schema\/logo\/image\/\",\"url\":\"https:\/\/darshion.com\/wp-content\/uploads\/2023\/09\/01-1.png\",\"contentUrl\":\"https:\/\/darshion.com\/wp-content\/uploads\/2023\/09\/01-1.png\",\"width\":350,\"height\":100,\"caption\":\"darshion\"},\"image\":{\"@id\":\"https:\/\/darshion.com\/#\/schema\/logo\/image\/\"}}]}<\/script>\n<!-- \/ Yoast SEO Premium plugin. -->","yoast_head_json":{"title":"Tapis de souris Gaming Locking Edge Fournisseur de motifs personnalis\u00e9s - darshion","robots":{"index":"index","follow":"follow","max-snippet":"max-snippet:-1","max-image-preview":"max-image-preview:large","max-video-preview":"max-video-preview:-1"},"canonical":"https:\/\/darshion.com\/fr\/produit\/gaming-mousepads\/","og_locale":"fr_FR","og_type":"article","og_title":"Locking Edge Gaming Mousepad Custom Pattern Supplier","og_description":"China Gaming Mousepad Computer Deskmat Non-Slip Manufacturer","og_url":"https:\/\/darshion.com\/fr\/produit\/gaming-mousepads\/","og_site_name":"darshion","article_modified_time":"2024-06-28T01:32:24+00:00","og_image":[{"width":720,"height":720,"url":"https:\/\/darshion.com\/wp-content\/uploads\/2023\/10\/1.webp","type":"image\/webp"}],"twitter_card":"summary_large_image","twitter_misc":{"Dur\u00e9e de lecture estim\u00e9e":"2 minutes"},"schema":{"@context":"https:\/\/schema.org","@graph":[{"@type":"WebPage","@id":"https:\/\/darshion.com\/product\/gaming-mousepads\/","url":"https:\/\/darshion.com\/product\/gaming-mousepads\/","name":"Tapis de souris Gaming Locking Edge Fournisseur de motifs personnalis\u00e9s - darshion","isPartOf":{"@id":"https:\/\/darshion.com\/#website"},"primaryImageOfPage":{"@id":"https:\/\/darshion.com\/product\/gaming-mousepads\/#primaryimage"},"image":{"@id":"https:\/\/darshion.com\/product\/gaming-mousepads\/#primaryimage"},"thumbnailUrl":"https:\/\/darshion.com\/wp-content\/uploads\/2023\/10\/1.webp","datePublished":"2023-10-06T03:52:02+00:00","dateModified":"2024-06-28T01:32:24+00:00","breadcrumb":{"@id":"https:\/\/darshion.com\/product\/gaming-mousepads\/#breadcrumb"},"inLanguage":"fr-FR","potentialAction":[{"@type":"ReadAction","target":["https:\/\/darshion.com\/product\/gaming-mousepads\/"]}]},{"@type":"ImageObject","inLanguage":"fr-FR","@id":"https:\/\/darshion.com\/product\/gaming-mousepads\/#primaryimage","url":"https:\/\/darshion.com\/wp-content\/uploads\/2023\/10\/1.webp","contentUrl":"https:\/\/darshion.com\/wp-content\/uploads\/2023\/10\/1.webp","width":720,"height":720},{"@type":"BreadcrumbList","@id":"https:\/\/darshion.com\/product\/gaming-mousepads\/#breadcrumb","itemListElement":[{"@type":"ListItem","position":1,"name":"\u9996\u9875","item":"https:\/\/darshion.com\/"},{"@type":"ListItem","position":2,"name":"PRODUCT","item":"https:\/\/darshion.com\/pt\/product\/"},{"@type":"ListItem","position":3,"name":"Locking Edge Gaming Mousepad Custom Pattern Supplier"}]},{"@type":"WebSite","@id":"https:\/\/darshion.com\/#website","url":"https:\/\/darshion.com\/","name":"darshion","description":"14 ans d'exp\u00e9rience, assurance qualit\u00e9, conception innovante","publisher":{"@id":"https:\/\/darshion.com\/#organization"},"potentialAction":[{"@type":"SearchAction","target":{"@type":"EntryPoint","urlTemplate":"https:\/\/darshion.com\/?s={search_term_string}"},"query-input":{"@type":"PropertyValueSpecification","valueRequired":true,"valueName":"search_term_string"}}],"inLanguage":"fr-FR"},{"@type":"Organization","@id":"https:\/\/darshion.com\/#organization","name":"darshion","url":"https:\/\/darshion.com\/","logo":{"@type":"ImageObject","inLanguage":"fr-FR","@id":"https:\/\/darshion.com\/#\/schema\/logo\/image\/","url":"https:\/\/darshion.com\/wp-content\/uploads\/2023\/09\/01-1.png","contentUrl":"https:\/\/darshion.com\/wp-content\/uploads\/2023\/09\/01-1.png","width":350,"height":100,"caption":"darshion"},"image":{"@id":"https:\/\/darshion.com\/#\/schema\/logo\/image\/"}}]}},"_links":{"self":[{"href":"https:\/\/darshion.com\/fr\/wp-json\/wp\/v2\/product\/999"}],"collection":[{"href":"https:\/\/darshion.com\/fr\/wp-json\/wp\/v2\/product"}],"about":[{"href":"https:\/\/darshion.com\/fr\/wp-json\/wp\/v2\/types\/product"}],"replies":[{"embeddable":true,"href":"https:\/\/darshion.com\/fr\/wp-json\/wp\/v2\/comments?post=999"}],"wp:featuredmedia":[{"embeddable":true,"href":"https:\/\/darshion.com\/fr\/wp-json\/wp\/v2\/media\/1000"}],"wp:attachment":[{"href":"https:\/\/darshion.com\/fr\/wp-json\/wp\/v2\/media?parent=999"}],"wp:term":[{"taxonomy":"product_cat","embeddable":true,"href":"https:\/\/darshion.com\/fr\/wp-json\/wp\/v2\/product_cat?post=999"},{"taxonomy":"product_tag","embeddable":true,"href":"https:\/\/darshion.com\/fr\/wp-json\/wp\/v2\/product_tag?post=999"}],"curies":[{"name":"wp","href":"https:\/\/api.w.org\/{rel}","templated":true}]}}