{"id":99,"date":"2023-09-14T12:00:29","date_gmt":"2023-09-14T04:00:29","guid":{"rendered":"https:\/\/darshion.com\/?page_id=99"},"modified":"2024-07-04T11:16:07","modified_gmt":"2024-07-04T03:16:07","slug":"product","status":"publish","type":"page","link":"https:\/\/darshion.com\/pl\/product\/","title":{"rendered":"PRODUKT"},"content":{"rendered":"","protected":false},"excerpt":{"rendered":"","protected":false},"author":1,"featured_media":0,"parent":0,"menu_order":0,"comment_status":"closed","ping_status":"closed","template":"","meta":{"_monsterinsights_skip_tracking":false,"_monsterinsights_sitenote_active":false,"_monsterinsights_sitenote_note":"","_monsterinsights_sitenote_category":0,"footnotes":""},"yoast_head":"<!-- This site is optimized with the Yoast SEO Premium plugin v22.9 (Yoast SEO v24.0) - https:\/\/yoast.com\/wordpress\/plugins\/seo\/ -->\n<title>China Keyboard Maker: Quality Assembly and Innovative Design - darshion<\/title>\n<meta name=\"description\" content=\"Our keyboard production process begins in the injection workshop and mold area, where raw materials are molded into components.\" \/>\n<meta name=\"robots\" content=\"index, follow, max-snippet:-1, max-image-preview:large, max-video-preview:-1\" \/>\n<link rel=\"canonical\" href=\"https:\/\/darshion.com\/pl\/produkt\/\" \/>\n<meta property=\"og:locale\" content=\"pl_PL\" \/>\n<meta property=\"og:type\" content=\"article\" \/>\n<meta property=\"og:title\" content=\"PRODUCT\" \/>\n<meta property=\"og:description\" content=\"Our keyboard production process begins in the injection workshop and mold area, where raw materials are molded into components.\" \/>\n<meta property=\"og:url\" content=\"https:\/\/darshion.com\/pl\/produkt\/\" \/>\n<meta property=\"og:site_name\" content=\"darshion\" \/>\n<meta property=\"article:modified_time\" content=\"2024-07-04T03:16:07+00:00\" \/>\n<meta name=\"twitter:card\" content=\"summary_large_image\" \/>\n<script type=\"application\/ld+json\" class=\"yoast-schema-graph\">{\"@context\":\"https:\/\/schema.org\",\"@graph\":[{\"@type\":\"WebPage\",\"@id\":\"https:\/\/darshion.com\/pt\/product\/\",\"url\":\"https:\/\/darshion.com\/pt\/product\/\",\"name\":\"China Keyboard Maker: Quality Assembly and Innovative Design - darshion\",\"isPartOf\":{\"@id\":\"https:\/\/darshion.com\/#website\"},\"datePublished\":\"2023-09-14T04:00:29+00:00\",\"dateModified\":\"2024-07-04T03:16:07+00:00\",\"description\":\"Our keyboard production process begins in the injection workshop and mold area, where raw materials are molded into components.\",\"breadcrumb\":{\"@id\":\"https:\/\/darshion.com\/pt\/product\/#breadcrumb\"},\"inLanguage\":\"pl-PL\",\"potentialAction\":[{\"@type\":\"ReadAction\",\"target\":[\"https:\/\/darshion.com\/pt\/product\/\"]}]},{\"@type\":\"BreadcrumbList\",\"@id\":\"https:\/\/darshion.com\/pt\/product\/#breadcrumb\",\"itemListElement\":[{\"@type\":\"ListItem\",\"position\":1,\"name\":\"\u9996\u9875\",\"item\":\"https:\/\/darshion.com\/\"},{\"@type\":\"ListItem\",\"position\":2,\"name\":\"PRODUCT\"}]},{\"@type\":\"WebSite\",\"@id\":\"https:\/\/darshion.com\/#website\",\"url\":\"https:\/\/darshion.com\/\",\"name\":\"darshion\",\"description\":\"14 Years of Experience, Quality Assurance, Innovative Design\",\"publisher\":{\"@id\":\"https:\/\/darshion.com\/#organization\"},\"potentialAction\":[{\"@type\":\"SearchAction\",\"target\":{\"@type\":\"EntryPoint\",\"urlTemplate\":\"https:\/\/darshion.com\/?s={search_term_string}\"},\"query-input\":{\"@type\":\"PropertyValueSpecification\",\"valueRequired\":true,\"valueName\":\"search_term_string\"}}],\"inLanguage\":\"pl-PL\"},{\"@type\":\"Organization\",\"@id\":\"https:\/\/darshion.com\/#organization\",\"name\":\"darshion\",\"url\":\"https:\/\/darshion.com\/\",\"logo\":{\"@type\":\"ImageObject\",\"inLanguage\":\"pl-PL\",\"@id\":\"https:\/\/darshion.com\/#\/schema\/logo\/image\/\",\"url\":\"https:\/\/darshion.com\/wp-content\/uploads\/2023\/09\/01-1.png\",\"contentUrl\":\"https:\/\/darshion.com\/wp-content\/uploads\/2023\/09\/01-1.png\",\"width\":350,\"height\":100,\"caption\":\"darshion\"},\"image\":{\"@id\":\"https:\/\/darshion.com\/#\/schema\/logo\/image\/\"}}]}<\/script>\n<!-- \/ Yoast SEO Premium plugin. -->","yoast_head_json":{"title":"Chi\u0144ski producent klawiatur: Jako\u015b\u0107 monta\u017cu i innowacyjny design - darshion","description":"Nasz proces produkcji klawiatur rozpoczyna si\u0119 w warsztacie wtryskowym i obszarze form, gdzie surowce s\u0105 formowane w komponenty.","robots":{"index":"index","follow":"follow","max-snippet":"max-snippet:-1","max-image-preview":"max-image-preview:large","max-video-preview":"max-video-preview:-1"},"canonical":"https:\/\/darshion.com\/pl\/produkt\/","og_locale":"pl_PL","og_type":"article","og_title":"PRODUCT","og_description":"Our keyboard production process begins in the injection workshop and mold area, where raw materials are molded into components.","og_url":"https:\/\/darshion.com\/pl\/produkt\/","og_site_name":"darshion","article_modified_time":"2024-07-04T03:16:07+00:00","twitter_card":"summary_large_image","schema":{"@context":"https:\/\/schema.org","@graph":[{"@type":"WebPage","@id":"https:\/\/darshion.com\/pt\/product\/","url":"https:\/\/darshion.com\/pt\/product\/","name":"Chi\u0144ski producent klawiatur: Jako\u015b\u0107 monta\u017cu i innowacyjny design - darshion","isPartOf":{"@id":"https:\/\/darshion.com\/#website"},"datePublished":"2023-09-14T04:00:29+00:00","dateModified":"2024-07-04T03:16:07+00:00","description":"Nasz proces produkcji klawiatur rozpoczyna si\u0119 w warsztacie wtryskowym i obszarze form, gdzie surowce s\u0105 formowane w komponenty.","breadcrumb":{"@id":"https:\/\/darshion.com\/pt\/product\/#breadcrumb"},"inLanguage":"pl-PL","potentialAction":[{"@type":"ReadAction","target":["https:\/\/darshion.com\/pt\/product\/"]}]},{"@type":"BreadcrumbList","@id":"https:\/\/darshion.com\/pt\/product\/#breadcrumb","itemListElement":[{"@type":"ListItem","position":1,"name":"\u9996\u9875","item":"https:\/\/darshion.com\/"},{"@type":"ListItem","position":2,"name":"PRODUCT"}]},{"@type":"WebSite","@id":"https:\/\/darshion.com\/#website","url":"https:\/\/darshion.com\/","name":"darshion","description":"14 lat do\u015bwiadczenia, zapewnienie jako\u015bci, innowacyjny design","publisher":{"@id":"https:\/\/darshion.com\/#organization"},"potentialAction":[{"@type":"SearchAction","target":{"@type":"EntryPoint","urlTemplate":"https:\/\/darshion.com\/?s={search_term_string}"},"query-input":{"@type":"PropertyValueSpecification","valueRequired":true,"valueName":"search_term_string"}}],"inLanguage":"pl-PL"},{"@type":"Organization","@id":"https:\/\/darshion.com\/#organization","name":"darshion","url":"https:\/\/darshion.com\/","logo":{"@type":"ImageObject","inLanguage":"pl-PL","@id":"https:\/\/darshion.com\/#\/schema\/logo\/image\/","url":"https:\/\/darshion.com\/wp-content\/uploads\/2023\/09\/01-1.png","contentUrl":"https:\/\/darshion.com\/wp-content\/uploads\/2023\/09\/01-1.png","width":350,"height":100,"caption":"darshion"},"image":{"@id":"https:\/\/darshion.com\/#\/schema\/logo\/image\/"}}]}},"_links":{"self":[{"href":"https:\/\/darshion.com\/pl\/wp-json\/wp\/v2\/pages\/99"}],"collection":[{"href":"https:\/\/darshion.com\/pl\/wp-json\/wp\/v2\/pages"}],"about":[{"href":"https:\/\/darshion.com\/pl\/wp-json\/wp\/v2\/types\/page"}],"author":[{"embeddable":true,"href":"https:\/\/darshion.com\/pl\/wp-json\/wp\/v2\/users\/1"}],"replies":[{"embeddable":true,"href":"https:\/\/darshion.com\/pl\/wp-json\/wp\/v2\/comments?post=99"}],"version-history":[{"count":4,"href":"https:\/\/darshion.com\/pl\/wp-json\/wp\/v2\/pages\/99\/revisions"}],"predecessor-version":[{"id":3014,"href":"https:\/\/darshion.com\/pl\/wp-json\/wp\/v2\/pages\/99\/revisions\/3014"}],"wp:attachment":[{"href":"https:\/\/darshion.com\/pl\/wp-json\/wp\/v2\/media?parent=99"}],"curies":[{"name":"wp","href":"https:\/\/api.w.org\/{rel}","templated":true}]}}