{"id":149,"date":"2023-09-14T16:01:15","date_gmt":"2023-09-14T08:01:15","guid":{"rendered":"https:\/\/darshion.com\/?post_type=product&#038;p=149"},"modified":"2026-04-15T09:52:24","modified_gmt":"2026-04-15T01:52:24","slug":"rgb-mousepads","status":"publish","type":"product","link":"https:\/\/darshion.com\/pl\/produkt\/rgb-mousepads\/","title":{"rendered":"\u015awiec\u0105ce podk\u0142adki pod mysz RGB do gier luzem"},"content":{"rendered":"<div class=\"elementor-element elementor-element-1766ea6 elementor-widget elementor-widget-heading\" data-id=\"1766ea6\" data-element_type=\"widget\" data-widget_type=\"heading.default\">\n<div class=\"elementor-widget-container\">\n<div id=\"ali-anchor-AliPostDhMb-80is8\" class=\"mceSectionContainer\" style=\"color: #000000; font-family: Arial; font-size: 12px; font-style: normal; font-weight: 400; padding-top: 8px;\" data-section=\"AliPostDhMb-80is8\" data-section-title=\"Product Description\">\n<div style=\"padding: 10px 0px;\">\n<div style=\"margin: 0px; padding: 0px; border: 0px; font-style: normal; font-weight: 400; font-size: 12px; line-height: inherit; font-family: Arial; vertical-align: baseline; color: #000000;\">\n<table class=\"is-zebra all magic-7\">\n<tbody>\n<tr>\n<td colspan=\"1\" rowspan=\"1\">\n<div class=\"magic-8\">\n<div class=\"magic-9\" data-spm-anchor-id=\"a2700.custom-template.0.i45.5b423333IFnvem\"><b><span class=\"magic-10\">Pozycja:<\/span><\/b><\/div>\n<\/div>\n<\/td>\n<td colspan=\"1\" rowspan=\"1\">\n<div class=\"magic-11\"><b>Podk\u0142adka pod mysz RGB<\/b><\/div>\n<\/td>\n<td colspan=\"1\" rowspan=\"1\">\n<div class=\"magic-12\"><span class=\"magic-13\"><span class=\"magic-14\"><b data-spm-anchor-id=\"a2700.custom-template.0.i215.5b423333IFnvem\">MOQ:<\/b><\/span><\/span><\/div>\n<\/td>\n<td colspan=\"1\" rowspan=\"1\">\n<div class=\"magic-15\">100 sztuk<\/div>\n<\/td>\n<\/tr>\n<tr>\n<td colspan=\"1\" rowspan=\"1\">\n<div class=\"magic-8\">\n<div class=\"magic-9\" data-spm-anchor-id=\"a2700.custom-template.0.i56.5b423333IFnvem\"><b><span class=\"magic-10\">Materia\u0142:<\/span><\/b><\/div>\n<\/div>\n<\/td>\n<td colspan=\"1\" rowspan=\"1\">\n<div class=\"magic-11\">Kauczuk naturalny + jedwabna tkanina + o\u015bwietlenie RGB<\/div>\n<\/td>\n<td colspan=\"1\" rowspan=\"1\">\n<div class=\"magic-12\"><span class=\"magic-16\"><span class=\"magic-14\"><b data-spm-anchor-id=\"a2700.custom-template.0.i213.5b423333IFnvem\">Pr\u00f3bka :<\/b><\/span><\/span><\/div>\n<\/td>\n<td colspan=\"1\" rowspan=\"1\">\n<div class=\"magic-15\" data-spm-anchor-id=\"a2700.details.0.i82.454d7d05QsR4UP\">Op\u0142ata za pr\u00f3bk\u0119 mo\u017ce zosta\u0107 odliczona<\/div>\n<\/td>\n<\/tr>\n<tr>\n<td colspan=\"1\" rowspan=\"1\">\n<div class=\"magic-8\"><b data-spm-anchor-id=\"a2700.custom-template.0.i220.5b423333IFnvem\">Drukowanie<\/b><\/div>\n<\/td>\n<td colspan=\"1\" rowspan=\"1\">\n<div class=\"magic-11\"><b data-spm-anchor-id=\"a2700.custom-template.0.i305.5b423333IFnvem\">CMYK\u00a0<\/b><span data-spm-anchor-id=\"a2700.custom-template.0.i305.5b423333IFnvem\">Drukowanie<\/span>\/<b data-spm-anchor-id=\"a2700.custom-template.0.i306.5b423333IFnvem\">Cyfrowy<\/b>\u00a0Drukowanie\/<b>Jedwab<\/b>\u00a0Drukowanie<\/div>\n<\/td>\n<td colspan=\"1\" rowspan=\"1\">\n<div class=\"magic-12\"><span class=\"magic-10\"><b data-spm-anchor-id=\"a2700.custom-template.0.i207.5b423333IFnvem\">Czas pr\u00f3bkowania:<\/b><\/span><\/div>\n<\/td>\n<td colspan=\"1\" rowspan=\"1\">\n<div class=\"magic-15\">4-7 dni<\/div>\n<\/td>\n<\/tr>\n<tr>\n<td colspan=\"1\" rowspan=\"1\">\n<div class=\"magic-8\">\n<div class=\"magic-9\" data-spm-anchor-id=\"a2700.custom-template.0.i57.5b423333IFnvem\"><b><span class=\"magic-10\">Rozmiar M:<\/span><\/b><\/div>\n<\/div>\n<\/td>\n<td colspan=\"1\" rowspan=\"1\">\n<div class=\"magic-11\"><b>350*250 mm\u00a0<\/b><\/div>\n<\/td>\n<td colspan=\"1\" rowspan=\"1\">\n<div class=\"magic-12\"><span class=\"magic-10\"><b data-spm-anchor-id=\"a2700.custom-template.0.i212.5b423333IFnvem\">Czas dostawy:<\/b><\/span><\/div>\n<\/td>\n<td colspan=\"1\" rowspan=\"1\">\n<div class=\"magic-15\">7-28 dni (normalnie)<\/div>\n<\/td>\n<\/tr>\n<tr>\n<td colspan=\"1\" rowspan=\"1\">\n<div class=\"magic-8\">\n<div class=\"magic-9\" data-spm-anchor-id=\"a2700.custom-template.0.i58.5b423333IFnvem\"><b><span class=\"magic-10\">Rozmiar L:<\/span><\/b><\/div>\n<\/div>\n<\/td>\n<td colspan=\"1\" rowspan=\"1\">\n<div class=\"magic-11\"><b>800*300 mm<\/b><\/div>\n<\/td>\n<td colspan=\"1\" rowspan=\"1\">\n<div class=\"magic-12\"><b>Miejsce pochodzenia\uff1a<\/b><\/div>\n<\/td>\n<td colspan=\"1\" rowspan=\"1\">\n<div class=\"magic-15\">Dongguan, Chiny<\/div>\n<\/td>\n<\/tr>\n<tr>\n<td colspan=\"1\" rowspan=\"1\">\n<div class=\"magic-8\"><b><span class=\"magic-10\">Rozmiar XL:<\/span><\/b><\/div>\n<\/td>\n<td colspan=\"1\" rowspan=\"1\">\n<div class=\"magic-11\"><b data-spm-anchor-id=\"a2700.custom-template.0.i29.1bba3333LwM3EE\">900*400 mm<\/b><\/div>\n<\/td>\n<td colspan=\"1\" rowspan=\"1\">\n<div class=\"magic-12\"><span class=\"magic-10\"><span class=\"magic-17\" data-spm-anchor-id=\"a2700.custom-template.0.i152.5b423333IFnvem\"><b data-spm-anchor-id=\"a2700.custom-template.0.i202.5b423333IFnvem\">Certyfikat:<\/b><\/span><\/span><\/div>\n<\/td>\n<td colspan=\"1\" rowspan=\"1\">\n<div class=\"magic-15\">Sedex\/Reach\/RoHS\/EN-71\/CE\/PAHs\/FAMA<\/div>\n<\/td>\n<\/tr>\n<tr>\n<td colspan=\"1\" rowspan=\"1\">\n<div class=\"magic-8\"><b><span class=\"magic-10\">Grubo\u015b\u0107:<\/span><\/b><\/div>\n<\/td>\n<td colspan=\"1\" rowspan=\"1\">\n<div class=\"magic-11\"><b>3mm\/4mm\/5mm\/6mm<\/b><\/div>\n<\/td>\n<td colspan=\"1\" rowspan=\"1\">\n<div class=\"magic-12\"><b class=\"magic-18\" data-spm-anchor-id=\"a2700.custom-template.0.i202.5b423333IFnvem\">Termin ceny\uff1a<\/b><\/div>\n<\/td>\n<td colspan=\"1\" rowspan=\"1\">\n<div class=\"magic-15\">EXW\/FOB\/CIF\/Fedex\/DHL\/TNT\/UPS<\/div>\n<\/td>\n<\/tr>\n<tr>\n<td colspan=\"1\" rowspan=\"1\">\n<div class=\"magic-8\"><b><span class=\"magic-10\">Marka:<\/span><\/b><\/div>\n<\/td>\n<td colspan=\"1\" rowspan=\"1\">\n<div class=\"magic-11\"><b>Tigerwings lub OEM\/ODM<\/b><\/div>\n<\/td>\n<td colspan=\"1\" rowspan=\"1\">\n<div class=\"magic-12\"><b class=\"magic-19\" data-spm-anchor-id=\"a2700.custom-template.0.i202.5b423333IFnvem\">Termin p\u0142atno\u015bci\uff1a<\/b><\/div>\n<\/td>\n<td colspan=\"1\" rowspan=\"1\">\n<div class=\"magic-15\">T \/ T, Paypal, Western Union, L \/ C<\/div>\n<\/td>\n<\/tr>\n<tr>\n<td colspan=\"1\" rowspan=\"1\">\n<div class=\"magic-8\"><b><span class=\"magic-10\">Niestandardowe:<\/span><\/b><\/div>\n<\/td>\n<td colspan=\"3\" rowspan=\"1\">\n<div class=\"magic-20\" data-spm-anchor-id=\"a2700.details.0.i81.454d7d05QsR4UP\">Jeste\u015bmy\u00a0<b data-spm-anchor-id=\"a2700.custom-template.0.i291.5b423333IFnvem\">\u0179r\u00f3d\u0142o Fabryka<\/b>akceptuj\u0105c\u00a0<b data-spm-anchor-id=\"a2700.custom-template.0.i290.5b423333IFnvem\">Dostosowane\u00a0<\/b><span data-spm-anchor-id=\"a2700.custom-template.0.i290.5b423333IFnvem\"><b>MATERIA\u0141, ROZMIAR, NADRUK, LOGO, OBRZE\u017bE, OPAKOWANIE<\/b><\/span>itd.<\/div>\n<\/td>\n<\/tr>\n<\/tbody>\n<\/table>\n<p>Nowy prywatny model najlepiej sprzedaj\u0105cego si\u0119 produktu opatentowanego przez Amazon<\/p>\n<p>Nazwa produktu: Podk\u0142adka pod mysz z pod\u015bwietleniem RGB<\/p>\n<p>Waga produktu:<\/p>\n<ul>\n<li>900<em>400<\/em>4 mm (waga 900-950 g)<\/li>\n<li>800<em>300<\/em>4 mm (waga 630-660 g)<\/li>\n<li>300<em>250<\/em>4 mm (waga 300-350 g)<\/li>\n<\/ul>\n<p>Rozmiar kartonu: 48*<em>48*<\/em>35 cm, 25 sztuk, 17 kg<\/p>\n<p>7 jednolitych kolor\u00f3w, 14 tryb\u00f3w: Niebieski, Czerwony, Zielony, Bia\u0142y, Fioletowy, Cyjan, \u017b\u00f3\u0142ty Tryb oddychania, Tryb biegn\u0105cego konia<\/p>\n<p>Funkcja pami\u0119ci: Funkcja pami\u0119ci wy\u0142\u0105czenia zasilania<\/p>\n<p>Interfejs produktu: Interfejs typu C<\/p>\n<p>Zasilanie: 5V<\/p>\n<p>Opakowanie: English Color Box<\/p>\n<p>Mo\u017cliwo\u015b\u0107 dostosowania: Projekt logo, opakowanie papierowe, wymiary<\/p>\n<p style=\"margin: 0px; padding: 0px; border: 0px; vertical-align: baseline;\"><span style=\"margin: 0px; padding: 0px; border: 0px; font-style: inherit; font-weight: inherit; font-size: 20px; line-height: 30px; vertical-align: baseline;\"><strong>Opakowanie zawiera:<\/strong><\/span><span style=\"margin: 0px; padding: 0px; border: 0px; font-style: inherit; font-weight: inherit; font-size: 16px; line-height: 24px; vertical-align: baseline;\"> 1* Podk\u0142adka pod mysz RGB, 1* Kabel typu C<\/span><\/p>\n<p style=\"margin: 0px; padding: 0px; border: 0px; vertical-align: baseline;\"><span style=\"margin: 0px; padding: 0px; border: 0px; font-style: inherit; font-weight: inherit; font-size: inherit; line-height: 18px; vertical-align: baseline; color: #ff0000;\"><span style=\"margin: 0px; padding: 0px; border: 0px; font-style: inherit; font-weight: inherit; font-size: 16px; line-height: 24px; vertical-align: baseline;\">Uwaga:<\/span><\/span><\/p>\n<p style=\"margin: 0px; padding: 0px; border: 0px; vertical-align: baseline;\"><span style=\"margin: 0px; padding: 0px; border: 0px; font-style: inherit; font-weight: inherit; font-size: 16px; line-height: 24px; vertical-align: baseline; color: #ff0000;\">Naci\u015bnij raz, aby w\u0142\u0105czy\u0107\/ zmieni\u0107 kolor<\/span><\/p>\n<p style=\"margin: 0px; padding: 0px; border: 0px; vertical-align: baseline;\"><span style=\"margin: 0px; padding: 0px; border: 0px; font-style: inherit; font-weight: inherit; font-size: inherit; line-height: 18px; vertical-align: baseline; color: #ff0000;\"><span style=\"margin: 0px; padding: 0px; border: 0px; font-style: inherit; font-weight: inherit; font-size: 16px; line-height: 24px; vertical-align: baseline;\">Naci\u015bnij szybko dwa razy, aby dostosowa\u0107 jasno\u015b\u0107<\/span><\/span><\/p>\n<div style=\"margin: 0px; padding: 0px; border: 0px; vertical-align: baseline;\"><span style=\"margin: 0px; padding: 0px; border: 0px; font-style: inherit; font-weight: inherit; font-size: inherit; line-height: 18px; vertical-align: baseline; color: #ff0000;\"><span style=\"margin: 0px; padding: 0px; border: 0px; font-style: inherit; font-weight: inherit; font-size: 16px; line-height: 24px; vertical-align: baseline;\">d\u0142ugie naci\u015bni\u0119cie przez 3 sekundy, aby wy\u0142\u0105czy\u0107<\/span><\/span><\/div>\n<\/div>\n<\/div>\n<div>\n<h1>Instrukcja obs\u0142ugi podk\u0142adki pod mysz RGB<\/h1>\n<h2 class=\"wp-block-heading\">1. prze\u0142\u0105czanie funkcji klawiszy:<\/h2>\n<ol>\n<li>Pojedyncze klikni\u0119cie pozwala prze\u0142\u0105cza\u0107 tryby pomi\u0119dzy 14 wzorami o\u015bwietlenia.<\/li>\n<li>Kliknij dwukrotnie, aby prze\u0142\u0105cza\u0107 mi\u0119dzy wysokim i niskim poziomem jasno\u015bci.<\/li>\n<li>Naci\u015bnij i przytrzymaj przez 3 sekundy, aby wy\u0142\u0105czy\u0107 \u015bwiat\u0142o; naci\u015bnij lekko ponownie, aby je w\u0142\u0105czy\u0107.<\/li>\n<li>Zar\u00f3wno wzory o\u015bwietlenia, jak i poziomy jasno\u015bci maj\u0105 funkcj\u0119 pami\u0119ci. Niezale\u017cnie od tego, czy zasilanie zostanie wy\u0142\u0105czone przez d\u0142ugie naci\u015bni\u0119cie przycisku, czy z powodu przerwy w zasilaniu, poprzedni stan zostanie zapami\u0119tany.<\/li>\n<\/ol>\n<figure class=\"wp-block-image size-full\"><img fetchpriority=\"high\" decoding=\"async\" class=\"wp-image-1091\" src=\"https:\/\/rgbmousepad.com\/wp-content\/uploads\/2023\/10\/mousepad-swich.jpg\" sizes=\"(max-width: 790px) 100vw, 790px\" srcset=\"https:\/\/rgbmousepad.com\/wp-content\/uploads\/2023\/10\/mousepad-swich.jpg 790w, https:\/\/rgbmousepad.com\/wp-content\/uploads\/2023\/10\/mousepad-swich-300x297.jpg 300w, https:\/\/rgbmousepad.com\/wp-content\/uploads\/2023\/10\/mousepad-swich-150x150.jpg 150w, https:\/\/rgbmousepad.com\/wp-content\/uploads\/2023\/10\/mousepad-swich-768x761.jpg 768w, https:\/\/rgbmousepad.com\/wp-content\/uploads\/2023\/10\/mousepad-swich-600x595.jpg 600w, https:\/\/rgbmousepad.com\/wp-content\/uploads\/2023\/10\/mousepad-swich-100x100.jpg 100w\" alt=\"\" width=\"790\" height=\"783\" \/><\/figure>\n<h2 class=\"wp-block-heading\">2. wzorce o\u015bwietlenia<\/h2>\n<ol>\n<li>Czerwony<\/li>\n<li>Niebieski<\/li>\n<li>Zielony<\/li>\n<li>Fioletowy<\/li>\n<li>Cyjan<\/li>\n<li>\u017b\u00f3\u0142ty<\/li>\n<li>Bia\u0142y<\/li>\n<li>Asynchroniczny gradient<\/li>\n<li>Gradient synchroniczny<\/li>\n<li>Miganie<\/li>\n<li>Migocz\u0105cy gradient<\/li>\n<li>Wy\u0142.<\/li>\n<li>Oddychanie synchroniczne<\/li>\n<li>Oddychanie asynchroniczne<\/li>\n<\/ol>\n<figure class=\"wp-block-image size-full\"><img decoding=\"async\" class=\"wp-image-1095\" src=\"https:\/\/rgbmousepad.com\/wp-content\/uploads\/2023\/10\/O1CN01ueTMBo2DQgPHnwLK9_2210221638604-0-cib.gif\" alt=\"\" width=\"790\" height=\"790\" \/><\/figure>\n<h2 class=\"wp-block-heading\">3.Uwaga specjalna<\/h2>\n<ol>\n<li>Gdy u\u017cytkownik w\u0142\u0105czy podk\u0142adk\u0119 pod mysz, zostanie ona poddana samokontroli przy u\u017cyciu kolor\u00f3w czerwonego, niebieskiego i zielonego. Je\u015bli te kolory s\u0105 wy\u015bwietlane, oznacza to, \u017ce o\u015bwietlenie dzia\u0142a poprawnie.<\/li>\n<li>Podk\u0142adka obs\u0142uguje interfejs USB typu plug-and-play i nie wymaga instalacji \u017cadnego oprogramowania.<\/li>\n<\/ol>\n<h2 class=\"wp-block-heading\">4. SPECYFIKACJA TECHNICZNA<\/h2>\n<ol>\n<li>Przyciski wyboru trybu widma RGB<\/li>\n<li>Zoptymalizowany dla wszystkich ustawie\u0144 czu\u0142o\u015bci<\/li>\n<li>Antypo\u015blizgowa gumowa podstawa<\/li>\n<li>Kraw\u0119d\u017a pod\u015bwietlenia RGB<\/li>\n<li>Oddychaj\u0105ca powierzchnia z tkaniny<\/li>\n<\/ol>\n<figure class=\"wp-block-image size-large\"><a href=\"https:\/\/rgbmousepad.com\/product\/rgb-mousepads\/\"><img decoding=\"async\" class=\"wp-image-1093\" src=\"https:\/\/rgbmousepad.com\/wp-content\/uploads\/2023\/10\/7-1-1024x1024.jpg\" sizes=\"(max-width: 1024px) 100vw, 1024px\" srcset=\"https:\/\/rgbmousepad.com\/wp-content\/uploads\/2023\/10\/7-1-1024x1024.jpg 1024w, https:\/\/rgbmousepad.com\/wp-content\/uploads\/2023\/10\/7-1-300x300.jpg 300w, https:\/\/rgbmousepad.com\/wp-content\/uploads\/2023\/10\/7-1-150x150.jpg 150w, https:\/\/rgbmousepad.com\/wp-content\/uploads\/2023\/10\/7-1-768x768.jpg 768w, https:\/\/rgbmousepad.com\/wp-content\/uploads\/2023\/10\/7-1-600x600.jpg 600w, https:\/\/rgbmousepad.com\/wp-content\/uploads\/2023\/10\/7-1-100x100.jpg 100w, https:\/\/rgbmousepad.com\/wp-content\/uploads\/2023\/10\/7-1.jpg 1500w\" alt=\"\" width=\"1024\" height=\"1024\" \/><\/a><\/figure>\n<h2 class=\"wp-block-heading\">5.<strong>JAK SI\u0118 PO\u0141\u0104CZY\u0106<\/strong><\/h2>\n<p>Pod\u0142\u0105cz od\u0142\u0105czany kabel Micro USB do podk\u0142adki pod mysz, aby j\u0105 zasili\u0107<\/p>\n<h2 class=\"wp-block-heading\">6.<strong>USTAWIENIA POD\u015aWIETLENIA RGB<\/strong><\/h2>\n<ul>\n<li><strong>PRZE\u0141\u0104CZNIK<\/strong><\/li>\n<\/ul>\n<p>Naci\u015bnij przycisk SWITCH, aby wybra\u0107 14 tryb\u00f3w o\u015bwietlenia RGB Spectrum.<\/p>\n<p>Dwukrotne klikni\u0119cie SWITCH zmienia jasno\u015b\u0107 \u015bwiat\u0142a RGB, obs\u0142uguje dwie regulacje jasno\u015bci<\/p>\n<p>Produkt mo\u017ce zapami\u0119ta\u0107 jasno\u015b\u0107 i tryb RGB<\/p>\n<ul>\n<li><strong>W\u0141.<\/strong><\/li>\n<\/ul>\n<p>Naci\u015bnij i przytrzymaj przycisk przez 3 sekundy, aby w\u0142\u0105czy\u0107 lub wy\u0142\u0105czy\u0107 o\u015bwietlenie RGB.<\/p>\n<h2 class=\"wp-block-heading\">7.POWIERZCHNIA DO GIER<\/h2>\n<p>Aby osi\u0105gn\u0105\u0107 idealn\u0105 r\u00f3wnowag\u0119 mi\u0119dzy kontrol\u0105 a szybko\u015bci\u0105, powierzchnia myszy zosta\u0142a wykonana z tkaniny, kt\u00f3ra zapewnia precyzyjn\u0105 dok\u0142adno\u015b\u0107 i szybko\u015b\u0107 bez wysi\u0142ku. Precyzyjna, sp\u00f3jna powierzchnia zapewnia, \u017ce ka\u017cdy ruch myszy przek\u0142ada si\u0119 na ruch kursora, dzi\u0119ki czemu mo\u017cesz cieszy\u0107 si\u0119 najwy\u017csz\u0105 precyzj\u0105 podczas najbardziej pe\u0142nych akcji pojedynk\u00f3w w grach.<\/p>\n<h2 class=\"wp-block-heading\">8.<strong>Ostrze\u017cenie<\/strong><\/h2>\n<p>* Nie nale\u017cy serwisowa\u0107 ani modyfikowa\u0107 podk\u0142adki pod mysz.<\/p>\n<p>* Mysz nale\u017cy czy\u015bci\u0107 wy\u0142\u0105cznie such\u0105 szmatk\u0105; nie nale\u017cy u\u017cywa\u0107 alkoholu ani detergent\u00f3w.<\/p>\n<p>* Trzymaj to z daleka,<\/p>\n<h2 class=\"wp-block-heading\">9.<strong>Warunki pracy<\/strong><\/h2>\n<p>1, Temperatura pracy: -25 \u2103\uff5e65 \u2103'+10 \u2103<\/p>\n<p>2, Temperatura przechowywania \uff1a -40 \u2103 \uff5e 70 \u2103'+10 \u2103<\/p>\n<p>3. Wilgotno\u015b\u0107 robocza: 10 - 90% rh<\/p>\n<p>4. Wilgotno\u015b\u0107 przechowywania: -5 - 95% rh<\/p>\n<\/div>\n<\/div>\n<div style=\"color: #000000; font-family: Arial; font-size: 12px; font-style: normal; font-weight: 400;\">\n<p style=\"margin: 0px; padding: 0px;\">\n<\/div>\n<\/div>\n<\/div>","protected":false},"excerpt":{"rendered":"<p>14 efekt\u00f3w \u015bwietlnych Podk\u0142adka pod mysz XXL RGB do gier Factory<\/p>","protected":false},"featured_media":951,"comment_status":"open","ping_status":"closed","template":"","meta":{"_monsterinsights_skip_tracking":false,"_monsterinsights_sitenote_active":false,"_monsterinsights_sitenote_note":"","_monsterinsights_sitenote_category":0},"product_cat":[563,100],"product_tag":[103,92],"yoast_head":"<!-- This site is optimized with the Yoast SEO Premium plugin v22.9 (Yoast SEO v24.0) - https:\/\/yoast.com\/wordpress\/plugins\/seo\/ -->\n<title>Bulk Luminous Gaming RGB Mouse Pads - darshion<\/title>\n<meta name=\"description\" content=\"RGB mouse pad parameters and user manual, Professional mouse pad factory wholesale and bulk.\" \/>\n<meta name=\"robots\" content=\"index, follow, max-snippet:-1, max-image-preview:large, max-video-preview:-1\" \/>\n<link rel=\"canonical\" href=\"https:\/\/darshion.com\/pl\/produkt\/rgb-mousepads\/\" \/>\n<meta property=\"og:locale\" content=\"pl_PL\" \/>\n<meta property=\"og:type\" content=\"article\" \/>\n<meta property=\"og:title\" content=\"Bulk Luminous Gaming RGB Mouse Pads\" \/>\n<meta property=\"og:description\" content=\"RGB mouse pad parameters and user manual, Professional mouse pad factory wholesale and bulk.\" \/>\n<meta property=\"og:url\" content=\"https:\/\/darshion.com\/pl\/produkt\/rgb-mousepads\/\" \/>\n<meta property=\"og:site_name\" content=\"darshion\" \/>\n<meta property=\"article:modified_time\" content=\"2026-04-15T01:52:24+00:00\" \/>\n<meta property=\"og:image\" content=\"https:\/\/darshion.com\/wp-content\/uploads\/2023\/09\/4.jpg\" \/>\n\t<meta property=\"og:image:width\" content=\"1500\" \/>\n\t<meta property=\"og:image:height\" content=\"1500\" \/>\n\t<meta property=\"og:image:type\" content=\"image\/jpeg\" \/>\n<meta name=\"twitter:card\" content=\"summary_large_image\" \/>\n<meta name=\"twitter:label1\" content=\"Szacowany czas czytania\" \/>\n\t<meta name=\"twitter:data1\" content=\"4 minuty\" \/>\n<script type=\"application\/ld+json\" class=\"yoast-schema-graph\">{\"@context\":\"https:\/\/schema.org\",\"@graph\":[{\"@type\":\"WebPage\",\"@id\":\"https:\/\/darshion.com\/product\/rgb-mousepads\/\",\"url\":\"https:\/\/darshion.com\/product\/rgb-mousepads\/\",\"name\":\"Bulk Luminous Gaming RGB Mouse Pads - darshion\",\"isPartOf\":{\"@id\":\"https:\/\/darshion.com\/#website\"},\"primaryImageOfPage\":{\"@id\":\"https:\/\/darshion.com\/product\/rgb-mousepads\/#primaryimage\"},\"image\":{\"@id\":\"https:\/\/darshion.com\/product\/rgb-mousepads\/#primaryimage\"},\"thumbnailUrl\":\"https:\/\/darshion.com\/wp-content\/uploads\/2023\/09\/4.jpg\",\"datePublished\":\"2023-09-14T08:01:15+00:00\",\"dateModified\":\"2026-04-15T01:52:24+00:00\",\"description\":\"RGB mouse pad parameters and user manual, Professional mouse pad factory wholesale and bulk.\",\"breadcrumb\":{\"@id\":\"https:\/\/darshion.com\/product\/rgb-mousepads\/#breadcrumb\"},\"inLanguage\":\"pl-PL\",\"potentialAction\":[{\"@type\":\"ReadAction\",\"target\":[\"https:\/\/darshion.com\/product\/rgb-mousepads\/\"]}]},{\"@type\":\"ImageObject\",\"inLanguage\":\"pl-PL\",\"@id\":\"https:\/\/darshion.com\/product\/rgb-mousepads\/#primaryimage\",\"url\":\"https:\/\/darshion.com\/wp-content\/uploads\/2023\/09\/4.jpg\",\"contentUrl\":\"https:\/\/darshion.com\/wp-content\/uploads\/2023\/09\/4.jpg\",\"width\":1500,\"height\":1500},{\"@type\":\"BreadcrumbList\",\"@id\":\"https:\/\/darshion.com\/product\/rgb-mousepads\/#breadcrumb\",\"itemListElement\":[{\"@type\":\"ListItem\",\"position\":1,\"name\":\"\u9996\u9875\",\"item\":\"https:\/\/darshion.com\/\"},{\"@type\":\"ListItem\",\"position\":2,\"name\":\"PRODUCT\",\"item\":\"https:\/\/darshion.com\/pt\/product\/\"},{\"@type\":\"ListItem\",\"position\":3,\"name\":\"Bulk Luminous Gaming RGB Mouse Pads\"}]},{\"@type\":\"WebSite\",\"@id\":\"https:\/\/darshion.com\/#website\",\"url\":\"https:\/\/darshion.com\/\",\"name\":\"darshion\",\"description\":\"14 Years of Experience, Quality Assurance, Innovative Design\",\"publisher\":{\"@id\":\"https:\/\/darshion.com\/#organization\"},\"potentialAction\":[{\"@type\":\"SearchAction\",\"target\":{\"@type\":\"EntryPoint\",\"urlTemplate\":\"https:\/\/darshion.com\/?s={search_term_string}\"},\"query-input\":{\"@type\":\"PropertyValueSpecification\",\"valueRequired\":true,\"valueName\":\"search_term_string\"}}],\"inLanguage\":\"pl-PL\"},{\"@type\":\"Organization\",\"@id\":\"https:\/\/darshion.com\/#organization\",\"name\":\"darshion\",\"url\":\"https:\/\/darshion.com\/\",\"logo\":{\"@type\":\"ImageObject\",\"inLanguage\":\"pl-PL\",\"@id\":\"https:\/\/darshion.com\/#\/schema\/logo\/image\/\",\"url\":\"https:\/\/darshion.com\/wp-content\/uploads\/2023\/09\/01-1.png\",\"contentUrl\":\"https:\/\/darshion.com\/wp-content\/uploads\/2023\/09\/01-1.png\",\"width\":350,\"height\":100,\"caption\":\"darshion\"},\"image\":{\"@id\":\"https:\/\/darshion.com\/#\/schema\/logo\/image\/\"}}]}<\/script>\n<!-- \/ Yoast SEO Premium plugin. -->","yoast_head_json":{"title":"Podk\u0142adki pod mysz Bulk Luminous Gaming RGB - darshion","description":"Parametry podk\u0142adki pod mysz RGB i instrukcja obs\u0142ugi, Profesjonalna fabryka podk\u0142adek pod mysz hurtowo i luzem.","robots":{"index":"index","follow":"follow","max-snippet":"max-snippet:-1","max-image-preview":"max-image-preview:large","max-video-preview":"max-video-preview:-1"},"canonical":"https:\/\/darshion.com\/pl\/produkt\/rgb-mousepads\/","og_locale":"pl_PL","og_type":"article","og_title":"Bulk Luminous Gaming RGB Mouse Pads","og_description":"RGB mouse pad parameters and user manual, Professional mouse pad factory wholesale and bulk.","og_url":"https:\/\/darshion.com\/pl\/produkt\/rgb-mousepads\/","og_site_name":"darshion","article_modified_time":"2026-04-15T01:52:24+00:00","og_image":[{"width":1500,"height":1500,"url":"https:\/\/darshion.com\/wp-content\/uploads\/2023\/09\/4.jpg","type":"image\/jpeg"}],"twitter_card":"summary_large_image","twitter_misc":{"Szacowany czas czytania":"4 minuty"},"schema":{"@context":"https:\/\/schema.org","@graph":[{"@type":"WebPage","@id":"https:\/\/darshion.com\/product\/rgb-mousepads\/","url":"https:\/\/darshion.com\/product\/rgb-mousepads\/","name":"Podk\u0142adki pod mysz Bulk Luminous Gaming RGB - darshion","isPartOf":{"@id":"https:\/\/darshion.com\/#website"},"primaryImageOfPage":{"@id":"https:\/\/darshion.com\/product\/rgb-mousepads\/#primaryimage"},"image":{"@id":"https:\/\/darshion.com\/product\/rgb-mousepads\/#primaryimage"},"thumbnailUrl":"https:\/\/darshion.com\/wp-content\/uploads\/2023\/09\/4.jpg","datePublished":"2023-09-14T08:01:15+00:00","dateModified":"2026-04-15T01:52:24+00:00","description":"Parametry podk\u0142adki pod mysz RGB i instrukcja obs\u0142ugi, Profesjonalna fabryka podk\u0142adek pod mysz hurtowo i luzem.","breadcrumb":{"@id":"https:\/\/darshion.com\/product\/rgb-mousepads\/#breadcrumb"},"inLanguage":"pl-PL","potentialAction":[{"@type":"ReadAction","target":["https:\/\/darshion.com\/product\/rgb-mousepads\/"]}]},{"@type":"ImageObject","inLanguage":"pl-PL","@id":"https:\/\/darshion.com\/product\/rgb-mousepads\/#primaryimage","url":"https:\/\/darshion.com\/wp-content\/uploads\/2023\/09\/4.jpg","contentUrl":"https:\/\/darshion.com\/wp-content\/uploads\/2023\/09\/4.jpg","width":1500,"height":1500},{"@type":"BreadcrumbList","@id":"https:\/\/darshion.com\/product\/rgb-mousepads\/#breadcrumb","itemListElement":[{"@type":"ListItem","position":1,"name":"\u9996\u9875","item":"https:\/\/darshion.com\/"},{"@type":"ListItem","position":2,"name":"PRODUCT","item":"https:\/\/darshion.com\/pt\/product\/"},{"@type":"ListItem","position":3,"name":"Bulk Luminous Gaming RGB Mouse Pads"}]},{"@type":"WebSite","@id":"https:\/\/darshion.com\/#website","url":"https:\/\/darshion.com\/","name":"darshion","description":"14 lat do\u015bwiadczenia, zapewnienie jako\u015bci, innowacyjny design","publisher":{"@id":"https:\/\/darshion.com\/#organization"},"potentialAction":[{"@type":"SearchAction","target":{"@type":"EntryPoint","urlTemplate":"https:\/\/darshion.com\/?s={search_term_string}"},"query-input":{"@type":"PropertyValueSpecification","valueRequired":true,"valueName":"search_term_string"}}],"inLanguage":"pl-PL"},{"@type":"Organization","@id":"https:\/\/darshion.com\/#organization","name":"darshion","url":"https:\/\/darshion.com\/","logo":{"@type":"ImageObject","inLanguage":"pl-PL","@id":"https:\/\/darshion.com\/#\/schema\/logo\/image\/","url":"https:\/\/darshion.com\/wp-content\/uploads\/2023\/09\/01-1.png","contentUrl":"https:\/\/darshion.com\/wp-content\/uploads\/2023\/09\/01-1.png","width":350,"height":100,"caption":"darshion"},"image":{"@id":"https:\/\/darshion.com\/#\/schema\/logo\/image\/"}}]}},"_links":{"self":[{"href":"https:\/\/darshion.com\/pl\/wp-json\/wp\/v2\/product\/149"}],"collection":[{"href":"https:\/\/darshion.com\/pl\/wp-json\/wp\/v2\/product"}],"about":[{"href":"https:\/\/darshion.com\/pl\/wp-json\/wp\/v2\/types\/product"}],"replies":[{"embeddable":true,"href":"https:\/\/darshion.com\/pl\/wp-json\/wp\/v2\/comments?post=149"}],"wp:featuredmedia":[{"embeddable":true,"href":"https:\/\/darshion.com\/pl\/wp-json\/wp\/v2\/media\/951"}],"wp:attachment":[{"href":"https:\/\/darshion.com\/pl\/wp-json\/wp\/v2\/media?parent=149"}],"wp:term":[{"taxonomy":"product_cat","embeddable":true,"href":"https:\/\/darshion.com\/pl\/wp-json\/wp\/v2\/product_cat?post=149"},{"taxonomy":"product_tag","embeddable":true,"href":"https:\/\/darshion.com\/pl\/wp-json\/wp\/v2\/product_tag?post=149"}],"curies":[{"name":"wp","href":"https:\/\/api.w.org\/{rel}","templated":true}]}}