{"id":1842,"date":"2024-03-19T16:53:33","date_gmt":"2024-03-19T08:53:33","guid":{"rendered":"https:\/\/darshion.com\/?post_type=product&#038;p=1842"},"modified":"2024-06-28T09:32:23","modified_gmt":"2024-06-28T01:32:23","slug":"roundmousepad","status":"publish","type":"product","link":"https:\/\/darshion.com\/pl\/produkt\/roundmousepad\/","title":{"rendered":"Okr\u0105g\u0142a spersonalizowana podk\u0142adka pod mysz Producent"},"content":{"rendered":"<p>1. spersonalizowana podk\u0142adka pod mysz: Ta podk\u0142adka pod mysz ma wymiary 7,9 x 7,9 x 0,1 cala (200 mm x 200 mm x 3 mm), jest ma\u0142a, ale idealna do pracy i gier. Jej elegancki geometryczny kszta\u0142t i wykwintna ilustracja dodaj\u0105 osobowo\u015bci Twojemu biuru, idealna do wszystkich stylowych komputer\u00f3w stacjonarnych, biur, dom\u00f3w, komputer\u00f3w, klawiatur i myszy.<\/p>\n<p>2. g\u0142adka powierzchnia i antypo\u015blizgowa gumowa podstawa: Wykonana z wytrzyma\u0142ej, odpornej na ciep\u0142o tkaniny poliestrowej, g\u0142adka powierzchnia umo\u017cliwia dok\u0142adniejszy i szybszy ruch myszy. G\u0119sta, antypo\u015blizgowa gumowa podstawa mocno trzyma si\u0119 biurka, zapewniaj\u0105c stabiln\u0105 prac\u0119 myszy i zapobiegaj\u0105c przesuwaniu si\u0119.<\/p>\n<p>3. trwa\u0142y i wygodny materia\u0142: Wykonana z naturalnej gumy o wysokiej elastyczno\u015bci, ta mi\u0119kka podk\u0142adka pod mysz zapewnia maksymalny komfort podczas u\u017cytkowania. Zaktualizowana wersja posiada trwa\u0142e zszyte kraw\u0119dzie, dzi\u0119ki czemu nie ma ryzyka zu\u017cycia, odkszta\u0142cenia lub oderwania.<\/p>\n<p>4. \u0142atwa konserwacja: Nadrukowany obraz jest pokryty krystalicznie czyst\u0105 emali\u0105, oferuj\u0105c \u015bwietny efekt koloru blokuj\u0105cego, kt\u00f3ry nie wyblaknie po wielokrotnym czyszczeniu. Wodoodporna pow\u0142oka skutecznie zapobiega przypadkowemu uszkodzeniu przez rozlane p\u0142yny i jest \u0142atwa do czyszczenia, zapewniaj\u0105c brak zak\u0142\u00f3ce\u0144 w pracy lub grze.<\/p>\n<p>5. doskona\u0142e akcesoria biurowe i dekoracja biurka: Mini podk\u0142adka pod mysz o artystycznym designie, zapewniaj\u0105ca idealn\u0105 r\u00f3wnowag\u0119 mi\u0119dzy estetyk\u0105 a u\u017cyteczno\u015bci\u0105. Jej pi\u0119kny design zachwyci ka\u017cdego, dzi\u0119ki czemu idealnie nadaje si\u0119 do biura, domu, szko\u0142y i podr\u00f3\u017cy.<\/p>\n<p>6. dowolny rozmiar i wz\u00f3r mo\u017cna dostosowa\u0107, wy\u015blij zapytanie, a my wy\u015blemy Ci bezp\u0142atn\u0105 pr\u00f3bk\u0119<\/p>","protected":false},"excerpt":{"rendered":"<p>Spersonalizowana podk\u0142adka pod mysz z g\u0142adk\u0105 powierzchni\u0105, antypo\u015blizgow\u0105 gumow\u0105 podstaw\u0105, trwa\u0142ym i wygodnym materia\u0142em, \u0142atwa do czyszczenia, idealna do wystroju biurka.<\/p>","protected":false},"featured_media":1845,"comment_status":"open","ping_status":"closed","template":"","meta":{"_monsterinsights_skip_tracking":false,"_monsterinsights_sitenote_active":false,"_monsterinsights_sitenote_note":"","_monsterinsights_sitenote_category":0},"product_cat":[100],"product_tag":[107,113,134,103],"yoast_head":"<!-- This site is optimized with the Yoast SEO Premium plugin v22.9 (Yoast SEO v24.0) - https:\/\/yoast.com\/wordpress\/plugins\/seo\/ -->\n<title>Round Cute Personalized Mouse Pad Manufacturer - darshion<\/title>\n<meta name=\"robots\" content=\"index, follow, max-snippet:-1, max-image-preview:large, max-video-preview:-1\" \/>\n<link rel=\"canonical\" href=\"https:\/\/darshion.com\/pl\/produkt\/roundmousepad\/\" \/>\n<meta property=\"og:locale\" content=\"pl_PL\" \/>\n<meta property=\"og:type\" content=\"article\" \/>\n<meta property=\"og:title\" content=\"Round Cute Personalized Mouse Pad Manufacturer\" \/>\n<meta property=\"og:description\" content=\"Personalized mouse pad with smooth surface, non-slip rubber base, durable and comfortable material, easy to clean, perfect for office desk decor.\" \/>\n<meta property=\"og:url\" content=\"https:\/\/darshion.com\/pl\/produkt\/roundmousepad\/\" \/>\n<meta property=\"og:site_name\" content=\"darshion\" \/>\n<meta property=\"article:modified_time\" content=\"2024-06-28T01:32:23+00:00\" \/>\n<meta property=\"og:image\" content=\"https:\/\/darshion.com\/wp-content\/uploads\/2024\/03\/111.jpg\" \/>\n\t<meta property=\"og:image:width\" content=\"1000\" \/>\n\t<meta property=\"og:image:height\" content=\"999\" \/>\n\t<meta property=\"og:image:type\" content=\"image\/jpeg\" \/>\n<meta name=\"twitter:card\" content=\"summary_large_image\" \/>\n<meta name=\"twitter:label1\" content=\"Szacowany czas czytania\" \/>\n\t<meta name=\"twitter:data1\" content=\"1 minuta\" \/>\n<script type=\"application\/ld+json\" class=\"yoast-schema-graph\">{\"@context\":\"https:\/\/schema.org\",\"@graph\":[{\"@type\":\"WebPage\",\"@id\":\"https:\/\/darshion.com\/product\/roundmousepad\/\",\"url\":\"https:\/\/darshion.com\/product\/roundmousepad\/\",\"name\":\"Round Cute Personalized Mouse Pad Manufacturer - darshion\",\"isPartOf\":{\"@id\":\"https:\/\/darshion.com\/#website\"},\"primaryImageOfPage\":{\"@id\":\"https:\/\/darshion.com\/product\/roundmousepad\/#primaryimage\"},\"image\":{\"@id\":\"https:\/\/darshion.com\/product\/roundmousepad\/#primaryimage\"},\"thumbnailUrl\":\"https:\/\/darshion.com\/wp-content\/uploads\/2024\/03\/111.jpg\",\"datePublished\":\"2024-03-19T08:53:33+00:00\",\"dateModified\":\"2024-06-28T01:32:23+00:00\",\"breadcrumb\":{\"@id\":\"https:\/\/darshion.com\/product\/roundmousepad\/#breadcrumb\"},\"inLanguage\":\"pl-PL\",\"potentialAction\":[{\"@type\":\"ReadAction\",\"target\":[\"https:\/\/darshion.com\/product\/roundmousepad\/\"]}]},{\"@type\":\"ImageObject\",\"inLanguage\":\"pl-PL\",\"@id\":\"https:\/\/darshion.com\/product\/roundmousepad\/#primaryimage\",\"url\":\"https:\/\/darshion.com\/wp-content\/uploads\/2024\/03\/111.jpg\",\"contentUrl\":\"https:\/\/darshion.com\/wp-content\/uploads\/2024\/03\/111.jpg\",\"width\":1000,\"height\":999},{\"@type\":\"BreadcrumbList\",\"@id\":\"https:\/\/darshion.com\/product\/roundmousepad\/#breadcrumb\",\"itemListElement\":[{\"@type\":\"ListItem\",\"position\":1,\"name\":\"\u9996\u9875\",\"item\":\"https:\/\/darshion.com\/\"},{\"@type\":\"ListItem\",\"position\":2,\"name\":\"PRODUCT\",\"item\":\"https:\/\/darshion.com\/pt\/product\/\"},{\"@type\":\"ListItem\",\"position\":3,\"name\":\"Round Cute Personalized Mouse Pad Manufacturer\"}]},{\"@type\":\"WebSite\",\"@id\":\"https:\/\/darshion.com\/#website\",\"url\":\"https:\/\/darshion.com\/\",\"name\":\"darshion\",\"description\":\"14 Years of Experience, Quality Assurance, Innovative Design\",\"publisher\":{\"@id\":\"https:\/\/darshion.com\/#organization\"},\"potentialAction\":[{\"@type\":\"SearchAction\",\"target\":{\"@type\":\"EntryPoint\",\"urlTemplate\":\"https:\/\/darshion.com\/?s={search_term_string}\"},\"query-input\":{\"@type\":\"PropertyValueSpecification\",\"valueRequired\":true,\"valueName\":\"search_term_string\"}}],\"inLanguage\":\"pl-PL\"},{\"@type\":\"Organization\",\"@id\":\"https:\/\/darshion.com\/#organization\",\"name\":\"darshion\",\"url\":\"https:\/\/darshion.com\/\",\"logo\":{\"@type\":\"ImageObject\",\"inLanguage\":\"pl-PL\",\"@id\":\"https:\/\/darshion.com\/#\/schema\/logo\/image\/\",\"url\":\"https:\/\/darshion.com\/wp-content\/uploads\/2023\/09\/01-1.png\",\"contentUrl\":\"https:\/\/darshion.com\/wp-content\/uploads\/2023\/09\/01-1.png\",\"width\":350,\"height\":100,\"caption\":\"darshion\"},\"image\":{\"@id\":\"https:\/\/darshion.com\/#\/schema\/logo\/image\/\"}}]}<\/script>\n<!-- \/ Yoast SEO Premium plugin. -->","yoast_head_json":{"title":"Okr\u0105g\u0142a spersonalizowana podk\u0142adka pod mysz producenta - darshion","robots":{"index":"index","follow":"follow","max-snippet":"max-snippet:-1","max-image-preview":"max-image-preview:large","max-video-preview":"max-video-preview:-1"},"canonical":"https:\/\/darshion.com\/pl\/produkt\/roundmousepad\/","og_locale":"pl_PL","og_type":"article","og_title":"Round Cute Personalized Mouse Pad Manufacturer","og_description":"Personalized mouse pad with smooth surface, non-slip rubber base, durable and comfortable material, easy to clean, perfect for office desk decor.","og_url":"https:\/\/darshion.com\/pl\/produkt\/roundmousepad\/","og_site_name":"darshion","article_modified_time":"2024-06-28T01:32:23+00:00","og_image":[{"width":1000,"height":999,"url":"https:\/\/darshion.com\/wp-content\/uploads\/2024\/03\/111.jpg","type":"image\/jpeg"}],"twitter_card":"summary_large_image","twitter_misc":{"Szacowany czas czytania":"1 minuta"},"schema":{"@context":"https:\/\/schema.org","@graph":[{"@type":"WebPage","@id":"https:\/\/darshion.com\/product\/roundmousepad\/","url":"https:\/\/darshion.com\/product\/roundmousepad\/","name":"Okr\u0105g\u0142a spersonalizowana podk\u0142adka pod mysz producenta - darshion","isPartOf":{"@id":"https:\/\/darshion.com\/#website"},"primaryImageOfPage":{"@id":"https:\/\/darshion.com\/product\/roundmousepad\/#primaryimage"},"image":{"@id":"https:\/\/darshion.com\/product\/roundmousepad\/#primaryimage"},"thumbnailUrl":"https:\/\/darshion.com\/wp-content\/uploads\/2024\/03\/111.jpg","datePublished":"2024-03-19T08:53:33+00:00","dateModified":"2024-06-28T01:32:23+00:00","breadcrumb":{"@id":"https:\/\/darshion.com\/product\/roundmousepad\/#breadcrumb"},"inLanguage":"pl-PL","potentialAction":[{"@type":"ReadAction","target":["https:\/\/darshion.com\/product\/roundmousepad\/"]}]},{"@type":"ImageObject","inLanguage":"pl-PL","@id":"https:\/\/darshion.com\/product\/roundmousepad\/#primaryimage","url":"https:\/\/darshion.com\/wp-content\/uploads\/2024\/03\/111.jpg","contentUrl":"https:\/\/darshion.com\/wp-content\/uploads\/2024\/03\/111.jpg","width":1000,"height":999},{"@type":"BreadcrumbList","@id":"https:\/\/darshion.com\/product\/roundmousepad\/#breadcrumb","itemListElement":[{"@type":"ListItem","position":1,"name":"\u9996\u9875","item":"https:\/\/darshion.com\/"},{"@type":"ListItem","position":2,"name":"PRODUCT","item":"https:\/\/darshion.com\/pt\/product\/"},{"@type":"ListItem","position":3,"name":"Round Cute Personalized Mouse Pad Manufacturer"}]},{"@type":"WebSite","@id":"https:\/\/darshion.com\/#website","url":"https:\/\/darshion.com\/","name":"darshion","description":"14 lat do\u015bwiadczenia, zapewnienie jako\u015bci, innowacyjny design","publisher":{"@id":"https:\/\/darshion.com\/#organization"},"potentialAction":[{"@type":"SearchAction","target":{"@type":"EntryPoint","urlTemplate":"https:\/\/darshion.com\/?s={search_term_string}"},"query-input":{"@type":"PropertyValueSpecification","valueRequired":true,"valueName":"search_term_string"}}],"inLanguage":"pl-PL"},{"@type":"Organization","@id":"https:\/\/darshion.com\/#organization","name":"darshion","url":"https:\/\/darshion.com\/","logo":{"@type":"ImageObject","inLanguage":"pl-PL","@id":"https:\/\/darshion.com\/#\/schema\/logo\/image\/","url":"https:\/\/darshion.com\/wp-content\/uploads\/2023\/09\/01-1.png","contentUrl":"https:\/\/darshion.com\/wp-content\/uploads\/2023\/09\/01-1.png","width":350,"height":100,"caption":"darshion"},"image":{"@id":"https:\/\/darshion.com\/#\/schema\/logo\/image\/"}}]}},"_links":{"self":[{"href":"https:\/\/darshion.com\/pl\/wp-json\/wp\/v2\/product\/1842"}],"collection":[{"href":"https:\/\/darshion.com\/pl\/wp-json\/wp\/v2\/product"}],"about":[{"href":"https:\/\/darshion.com\/pl\/wp-json\/wp\/v2\/types\/product"}],"replies":[{"embeddable":true,"href":"https:\/\/darshion.com\/pl\/wp-json\/wp\/v2\/comments?post=1842"}],"wp:featuredmedia":[{"embeddable":true,"href":"https:\/\/darshion.com\/pl\/wp-json\/wp\/v2\/media\/1845"}],"wp:attachment":[{"href":"https:\/\/darshion.com\/pl\/wp-json\/wp\/v2\/media?parent=1842"}],"wp:term":[{"taxonomy":"product_cat","embeddable":true,"href":"https:\/\/darshion.com\/pl\/wp-json\/wp\/v2\/product_cat?post=1842"},{"taxonomy":"product_tag","embeddable":true,"href":"https:\/\/darshion.com\/pl\/wp-json\/wp\/v2\/product_tag?post=1842"}],"curies":[{"name":"wp","href":"https:\/\/api.w.org\/{rel}","templated":true}]}}