{"id":2185,"date":"2024-05-16T16:57:11","date_gmt":"2024-05-16T08:57:11","guid":{"rendered":"https:\/\/darshion.com\/?post_type=product&#038;p=2185"},"modified":"2024-07-06T09:49:32","modified_gmt":"2024-07-06T01:49:32","slug":"chair-mats-factory","status":"publish","type":"product","link":"https:\/\/darshion.com\/pl\/produkt\/chair-mats-factory\/","title":{"rendered":"Fabryka antypo\u015blizgowych okr\u0105g\u0142ych gumowych mat na krzes\u0142a do gier"},"content":{"rendered":"<div class=\"celwidget aplus-module 3p-module-b aplus-standard\" data-csa-c-id=\"ix3dej-x4kscu-p3udkf-htlicl\" data-cel-widget=\"aplus-3p-module-b\">\n<div class=\"aplus-module-wrapper aplus-3p-fixed-width\">\n<h3 class=\"a-spacing-mini\">\u00a0Antypo\u015blizgowa mata na krzes\u0142o do pod\u0142\u00f3g drewnianych<\/h3>\n<p>\u3010Fabryczne okr\u0105g\u0142e maty na krzes\u0142a do gier o niestandardowym rozmiarze\u3011 \uff1a Podk\u0142adki na krzes\u0142a komputerowe o grubo\u015bci 2 mm s\u0105 zaprojektowane tak, aby by\u0142y ch\u0142odne w pokojach gier, du\u017cy niestandardowy rozmiar i g\u0142adka powierzchnia z mikrofibry poliestrowej pozwala na swobodne przesuwanie k\u00f3\u0142 krzes\u0142a komputerowego.<br \/>\n\u3010Antypo\u015blizgowa gumowa mata na krzes\u0142o do twardego drewna\u3011 \uff1a okr\u0105g\u0142a mata na krzes\u0142o do komputera wykonana jest z naturalnej gumy i poliestrowej tkaniny z mikrofibry, gumowa konstrukcja dna zapewnia stabilno\u015b\u0107 i utrzymuje mat\u0119 pod\u0142ogow\u0105 na miejscu - ochrona bezpiecze\u0144stwa.<br \/>\n\u3010 Fabryka mat na krzes\u0142a do gier\u3011: Fajny projekt kontrolera do gier dodaje zabawy do pokoju zabaw, a ta mata na krzes\u0142o z tward\u0105 pod\u0142og\u0105 zosta\u0142a zaprojektowana do fotela do gier, aby chroni\u0107 twarde pod\u0142ogi przed wszelkiego rodzaju zadrapaniami lub wgnieceniami spowodowanymi przez k\u00f3\u0142ka krzes\u0142a i pom\u00f3c zmniejszy\u0107 ha\u0142as twardej powierzchni pod\u0142ogi.<br \/>\n\u3010Trwa\u0142a fabryka ochronnych mat na krzes\u0142o\u3011: Mi\u0119kki i wysokiej jako\u015bci materia\u0142 oraz wz\u00f3r sprawiaj\u0105, \u017ce ta okr\u0105g\u0142a mata pod\u0142ogowa elastycznie dostosowuje si\u0119 do r\u00f3\u017cnych scenariuszy \u017cyciowych, takich jak biuro, pok\u00f3j gier, si\u0142ownia, salon, sypialnia, mo\u017cna r\u00f3wnie\u017c zrobi\u0107 maty do gier VR, maty do jogi, maty do zabawy dla dzieci, dywanik do pokoju dzieci\u0119cego, maty dla zwierz\u0105t domowych, \u015bwietny prezent dla gracza, dzieci.<br \/>\nSzybka pr\u00f3bka\u3011: Mo\u017cemy zorganizowa\u0107 pr\u00f3bki tego samego dnia tak szybko, jak to mo\u017cliwe.<\/p>\n<p><img fetchpriority=\"high\" decoding=\"async\" class=\"size-full wp-image-2230\" src=\"https:\/\/darshion.com\/wp-content\/uploads\/2024\/05\/aio7j-wgimi.webp\" alt=\"Chair Mats Factory\" width=\"970\" height=\"600\" srcset=\"https:\/\/darshion.com\/wp-content\/uploads\/2024\/05\/aio7j-wgimi.webp 970w, https:\/\/darshion.com\/wp-content\/uploads\/2024\/05\/aio7j-wgimi-300x186.webp 300w, https:\/\/darshion.com\/wp-content\/uploads\/2024\/05\/aio7j-wgimi-768x475.webp 768w, https:\/\/darshion.com\/wp-content\/uploads\/2024\/05\/aio7j-wgimi-600x371.webp 600w\" sizes=\"(max-width: 970px) 100vw, 970px\" \/><\/p>\n<\/div>\n<\/div>\n<div class=\"celwidget aplus-module module-2 aplus-standard\" data-csa-c-id=\"fzxhh3-588f6e-mylyb9-23ld9s\" data-cel-widget=\"aplus-module-2\">\n<div class=\"aplus-module-wrapper apm-floatnone apm-fixed-width\">\n<div class=\"apm-sidemodule apm-spacing\">\n<div class=\"apm-sidemodule-imageleft\"><img decoding=\"async\" class=\"alignleft\" src=\"https:\/\/m.media-amazon.com\/images\/S\/aplus-media-library-service-media\/c49fade5-5406-45b3-b202-35b7aa69c0d5.__CR0,0,600,600_PT0_SX300_V1___.jpg\" alt=\"Chair Mat\" data-src=\"https:\/\/m.media-amazon.com\/images\/S\/aplus-media-library-service-media\/c49fade5-5406-45b3-b202-35b7aa69c0d5.__CR0,0,600,600_PT0_SX300_V1___.jpg\" data-wp-editing=\"1\" \/><\/div>\n<div class=\"apm-sidemodule-textright\">\n<h3 class=\"a-spacing-mini\">SPECYFIKACJA<\/h3>\n<p>&nbsp;<\/p>\n<p><span class=\"a-list-item\">Rozmiar: 47\u00d747 cali<\/span><\/p>\n<ul class=\"a-unordered-list a-vertical\">\n<li><span class=\"a-list-item\">Materia\u0142: tkanina poliestrowa z mikrofibry + gumowy sp\u00f3d<\/span><\/li>\n<li><span class=\"a-list-item\">Kolor: kolorowy<\/span><\/li>\n<li><span class=\"a-list-item\">Styl : Strefa gier<\/span><\/li>\n<li><span class=\"a-list-item\">Typ: Niskie runo 2 mm<\/span><\/li>\n<li><span class=\"a-list-item\">Instrukcje dotycz\u0105ce piel\u0119gnacji: Regularne czyszczenie za pomoc\u0105 odkurzacza<\/span><\/li>\n<li><span class=\"a-list-item\">Wszechstronne zastosowanie: doskona\u0142e do pokoju gier, domowego biura, si\u0142owni, salonu, sypialni, mo\u017cna r\u00f3wnie\u017c zrobi\u0107 maty do gier VR, maty do jogi, maty do zabawy dla dzieci, dywanik do pokoju dzieci\u0119cego, maty dla zwierz\u0105t domowych, \u015bwietny prezent dla gracza, dzieci.<\/span><\/li>\n<li><span class=\"a-list-item\"><span class=\"a-text-bold\">Uwaga :<\/span>\u00a0<span class=\"a-text-bold\"><span class=\"a-text-italic\">Na macie mog\u0105 pojawi\u0107 si\u0119 zagniecenia spowodowane z\u0142o\u017conym opakowaniem, nie martw si\u0119 i po prostu po\u0142\u00f3\u017c j\u0105 na p\u0142asko cierpliwie przez 1 do 2 dni, aby usun\u0105\u0107 zagniecenia.<\/span><\/span><\/span><\/li>\n<\/ul>\n<p>&nbsp;<\/p>\n<\/div>\n<\/div>\n<\/div>\n<div><\/div>\n<\/div>\n<div class=\"celwidget aplus-module 3p-module-b aplus-standard\" data-csa-c-id=\"dqcm5z-9pxn3f-kpstrl-nsx20o\" data-cel-widget=\"aplus-3p-module-b\">\n<div class=\"aplus-module-wrapper aplus-3p-fixed-width\">\n<p><img decoding=\"async\" class=\"size-full wp-image-2231\" src=\"https:\/\/darshion.com\/wp-content\/uploads\/2024\/05\/a3fy4-6tz9o.webp\" alt=\"Chair Mats Factory\" width=\"970\" height=\"600\" srcset=\"https:\/\/darshion.com\/wp-content\/uploads\/2024\/05\/a3fy4-6tz9o.webp 970w, https:\/\/darshion.com\/wp-content\/uploads\/2024\/05\/a3fy4-6tz9o-300x186.webp 300w, https:\/\/darshion.com\/wp-content\/uploads\/2024\/05\/a3fy4-6tz9o-768x475.webp 768w, https:\/\/darshion.com\/wp-content\/uploads\/2024\/05\/a3fy4-6tz9o-600x371.webp 600w\" sizes=\"(max-width: 970px) 100vw, 970px\" \/><\/p>\n<\/div>\n<\/div>\n<div class=\"celwidget aplus-module module-9 aplus-standard\" data-csa-c-id=\"l56t9i-od38gu-ishykx-b5z7nc\" data-cel-widget=\"aplus-module-9\">\n<div class=\"aplus-module-wrapper apm-fixed-width\">\n<div class=\"apm-spacing apm-fixed-width\">\n<h3 class=\"a-spacing-small\">Gumowy podk\u0142ad na krzes\u0142o komputerowe<\/h3>\n<table class=\"apm-fixed-width apm-eventhirdcol-table\">\n<tbody>\n<tr>\n<th class=\"apm-center\">\n<div class=\"apm-eventhirdcol apm-floatleft\">\n<p><img decoding=\"async\" class=\"a-spacing-mini\" src=\"https:\/\/m.media-amazon.com\/images\/S\/aplus-media-library-service-media\/9cdc6082-9052-4bef-992f-4c00b545d5fa.__CR0,0,600,600_PT0_SX300_V1___.jpg\" alt=\"Chair Mat\" data-src=\"https:\/\/m.media-amazon.com\/images\/S\/aplus-media-library-service-media\/9cdc6082-9052-4bef-992f-4c00b545d5fa.__CR0,0,600,600_PT0_SX300_V1___.jpg\" \/><\/p>\n<\/div>\n<\/th>\n<th class=\"apm-center\">\n<div class=\"apm-eventhirdcol apm-floatleft\">\n<p><img decoding=\"async\" class=\"a-spacing-mini\" src=\"https:\/\/m.media-amazon.com\/images\/S\/aplus-media-library-service-media\/344fd103-480a-4eff-8082-348a15b882fc.__CR0,0,600,600_PT0_SX300_V1___.jpg\" alt=\"Non Slip Chair Mat\" data-src=\"https:\/\/m.media-amazon.com\/images\/S\/aplus-media-library-service-media\/344fd103-480a-4eff-8082-348a15b882fc.__CR0,0,600,600_PT0_SX300_V1___.jpg\" \/><\/p>\n<\/div>\n<\/th>\n<th class=\"apm-center\">\n<div class=\"apm-eventhirdcol apm-floatleft\">\n<p><img decoding=\"async\" class=\"a-spacing-mini\" src=\"https:\/\/m.media-amazon.com\/images\/S\/aplus-media-library-service-media\/5e9dd705-8dd7-4651-aa82-678ef9bb6588.__CR0,0,600,600_PT0_SX300_V1___.jpg\" alt=\"chair mat\" data-src=\"https:\/\/m.media-amazon.com\/images\/S\/aplus-media-library-service-media\/5e9dd705-8dd7-4651-aa82-678ef9bb6588.__CR0,0,600,600_PT0_SX300_V1___.jpg\" \/><\/p>\n<\/div>\n<\/th>\n<\/tr>\n<tr>\n<td class=\"apm-top\">\n<div class=\"apm-eventhirdcol apm-floatleft\">\n<h4 class=\"a-spacing-mini\">G\u0142adka powierzchnia<\/h4>\n<p>&nbsp;<\/p>\n<ul class=\"a-unordered-list a-vertical\">\n<li><span class=\"a-list-item\">P\u0142ynniej i ciszej<\/span><\/li>\n<li><span class=\"a-list-item\">Konstrukcja o niskim w\u0142osiu 2 mm<\/span><\/li>\n<li><span class=\"a-list-item\">Podw\u00f3jne obszycie<\/span><\/li>\n<li><span class=\"a-list-item\">Odporny na zarysowania<\/span><\/li>\n<\/ul>\n<p>&nbsp;<\/p>\n<\/div>\n<\/td>\n<td class=\"apm-top\">\n<div class=\"apm-eventhirdcol apm-floatleft\">\n<h4 class=\"a-spacing-mini\">Antypo\u015blizgowy gumowy sp\u00f3d<\/h4>\n<p>&nbsp;<\/p>\n<ul class=\"a-unordered-list a-vertical\">\n<li><span class=\"a-list-item\">Antypo\u015blizgowe pod\u0142o\u017ce<\/span><\/li>\n<li><span class=\"a-list-item\">Przy\u0142\u00f3\u017c wystarczaj\u0105c\u0105 ilo\u015b\u0107 uchwytu do pod\u0142ogi<\/span><\/li>\n<li><span class=\"a-list-item\">Nadaje si\u0119 do pod\u0142\u00f3g z twardego drewna, marmuru i p\u0142ytek.<\/span><\/li>\n<\/ul>\n<p>&nbsp;<\/p>\n<\/div>\n<\/td>\n<td class=\"apm-top\">\n<div class=\"apm-eventhirdcol apm-floatleft\">\n<h4 class=\"a-spacing-mini\">\u0141atwo\u015b\u0107 czyszczenia<\/h4>\n<p>&nbsp;<\/p>\n<ul class=\"a-unordered-list a-vertical\">\n<li><span class=\"a-list-item\">Regularne czyszczenie za pomoc\u0105 odkurzacza<\/span><\/li>\n<li><span class=\"a-list-item\">Przetrze\u0107 wilgotn\u0105 \u015bciereczk\u0105<\/span><\/li>\n<\/ul>\n<p>&nbsp;<\/p>\n<\/div>\n<\/td>\n<\/tr>\n<\/tbody>\n<\/table>\n<\/div>\n<\/div>\n<div><\/div>\n<\/div>\n<div class=\"celwidget aplus-module module-9 aplus-standard\" data-csa-c-id=\"z9yuvq-j25pux-ucjnf7-sql50e\" data-cel-widget=\"aplus-module-9\">\n<div class=\"aplus-module-wrapper apm-fixed-width\">\n<div class=\"apm-spacing apm-fixed-width\">\n<h3 class=\"a-spacing-small\">Mata do fotela gamingowego Yincimar do pokoju gier VR w domowym biurze<\/h3>\n<table class=\"apm-fixed-width apm-eventhirdcol-table\">\n<tbody>\n<tr>\n<th class=\"apm-center\">\n<div class=\"apm-eventhirdcol apm-floatleft\">\n<p><img decoding=\"async\" class=\"a-spacing-mini\" src=\"https:\/\/m.media-amazon.com\/images\/S\/aplus-media-library-service-media\/411a0f84-f836-4b33-907f-40102cd961c2.__CR0,0,600,600_PT0_SX300_V1___.jpg\" alt=\"Gaming Chair Mat\" data-src=\"https:\/\/m.media-amazon.com\/images\/S\/aplus-media-library-service-media\/411a0f84-f836-4b33-907f-40102cd961c2.__CR0,0,600,600_PT0_SX300_V1___.jpg\" \/><\/p>\n<\/div>\n<\/th>\n<th class=\"apm-center\">\n<div class=\"apm-eventhirdcol apm-floatleft\">\n<p><img decoding=\"async\" class=\"a-spacing-mini\" src=\"https:\/\/m.media-amazon.com\/images\/S\/aplus-media-library-service-media\/12f4a4f1-da13-4bf7-937a-a77f4ab73704.__CR0,0,600,600_PT0_SX300_V1___.jpg\" alt=\"Home Office Decor\" data-src=\"https:\/\/m.media-amazon.com\/images\/S\/aplus-media-library-service-media\/12f4a4f1-da13-4bf7-937a-a77f4ab73704.__CR0,0,600,600_PT0_SX300_V1___.jpg\" \/><\/p>\n<\/div>\n<\/th>\n<th class=\"apm-center\">\n<div class=\"apm-eventhirdcol apm-floatleft\">\n<p><img decoding=\"async\" class=\"a-spacing-mini\" src=\"https:\/\/m.media-amazon.com\/images\/S\/aplus-media-library-service-media\/6c036462-88c6-4880-a2b6-d4c52616bb2e.__CR0,0,600,600_PT0_SX300_V1___.jpg\" alt=\"RV Gaming Mat\" data-src=\"https:\/\/m.media-amazon.com\/images\/S\/aplus-media-library-service-media\/6c036462-88c6-4880-a2b6-d4c52616bb2e.__CR0,0,600,600_PT0_SX300_V1___.jpg\" \/><\/p>\n<\/div>\n<\/th>\n<\/tr>\n<tr>\n<td class=\"apm-top\">\n<div class=\"apm-eventhirdcol apm-floatleft\">\n<h4 class=\"a-spacing-mini\">Mata na fotel do gier<\/h4>\n<p>&nbsp;<\/p>\n<ul class=\"a-unordered-list a-vertical\">\n<li><span class=\"a-list-item\">\u015awietny dodatek do pokoju gier i fajny wygl\u0105d kontrolera do gier dodaj\u0105 zabawy do pokoju zabaw.<\/span><\/li>\n<\/ul>\n<p>&nbsp;<\/p>\n<\/div>\n<\/td>\n<td class=\"apm-top\">\n<div class=\"apm-eventhirdcol apm-floatleft\">\n<h4 class=\"a-spacing-mini\">Mata na krzes\u0142o komputerowe do biura domowego<\/h4>\n<p>&nbsp;<\/p>\n<ul class=\"a-unordered-list a-vertical\">\n<li><span class=\"a-list-item\">Chroni twarde pod\u0142ogi przed wszelkiego rodzaju zadrapaniami lub wgnieceniami spowodowanymi przez k\u00f3\u0142ka krzese\u0142 i pomaga zmniejszy\u0107 ha\u0142as na twardej powierzchni pod\u0142ogi.<\/span><\/li>\n<\/ul>\n<p>&nbsp;<\/p>\n<\/div>\n<\/td>\n<td class=\"apm-top\">\n<div class=\"apm-eventhirdcol apm-floatleft\">\n<h4 class=\"a-spacing-mini\">Mata do gier VR<\/h4>\n<p>&nbsp;<\/p>\n<ul class=\"a-unordered-list a-vertical\">\n<li><span class=\"a-list-item\">Mi\u0119kki i wysokiej jako\u015bci materia\u0142 oraz wz\u00f3r sprawiaj\u0105, \u017ce ta okr\u0105g\u0142a mata pod\u0142ogowa elastycznie dostosowuje si\u0119 do r\u00f3\u017cnych scenariuszy \u017cyciowych.<\/span><\/li>\n<\/ul>\n<\/div>\n<\/td>\n<\/tr>\n<\/tbody>\n<\/table>\n<\/div>\n<\/div>\n<\/div>","protected":false},"excerpt":{"rendered":"<p>Fabryka gumowych mat na krzes\u0142a do gier<\/p>","protected":false},"featured_media":2188,"comment_status":"open","ping_status":"closed","template":"","meta":{"_monsterinsights_skip_tracking":false,"_monsterinsights_sitenote_active":false,"_monsterinsights_sitenote_note":"","_monsterinsights_sitenote_category":0},"product_cat":[100],"product_tag":[],"yoast_head":"<!-- This site is optimized with the Yoast SEO Premium plugin v22.9 (Yoast SEO v24.0) - https:\/\/yoast.com\/wordpress\/plugins\/seo\/ -->\n<title>Anti-Slip Round Rubber Gaming Chair Mats Factory - darshion<\/title>\n<meta name=\"robots\" content=\"index, follow, max-snippet:-1, max-image-preview:large, max-video-preview:-1\" \/>\n<link rel=\"canonical\" href=\"https:\/\/darshion.com\/pl\/produkt\/chair-mats-factory\/\" \/>\n<meta property=\"og:locale\" content=\"pl_PL\" \/>\n<meta property=\"og:type\" content=\"article\" \/>\n<meta property=\"og:title\" content=\"Anti-Slip Round Rubber Gaming Chair Mats Factory\" \/>\n<meta property=\"og:description\" content=\"Rubber Gaming Chair Mats Factory\" \/>\n<meta property=\"og:url\" content=\"https:\/\/darshion.com\/pl\/produkt\/chair-mats-factory\/\" \/>\n<meta property=\"og:site_name\" content=\"darshion\" \/>\n<meta property=\"article:modified_time\" content=\"2024-07-06T01:49:32+00:00\" \/>\n<meta property=\"og:image\" content=\"https:\/\/darshion.com\/wp-content\/uploads\/2024\/05\/1.jpg\" \/>\n\t<meta property=\"og:image:width\" content=\"1491\" \/>\n\t<meta property=\"og:image:height\" content=\"1486\" \/>\n\t<meta property=\"og:image:type\" content=\"image\/jpeg\" \/>\n<meta name=\"twitter:card\" content=\"summary_large_image\" \/>\n<meta name=\"twitter:label1\" content=\"Szacowany czas czytania\" \/>\n\t<meta name=\"twitter:data1\" content=\"2 minuty\" \/>\n<script type=\"application\/ld+json\" class=\"yoast-schema-graph\">{\"@context\":\"https:\/\/schema.org\",\"@graph\":[{\"@type\":\"WebPage\",\"@id\":\"https:\/\/darshion.com\/product\/chair-mats-factory\/\",\"url\":\"https:\/\/darshion.com\/product\/chair-mats-factory\/\",\"name\":\"Anti-Slip Round Rubber Gaming Chair Mats Factory - darshion\",\"isPartOf\":{\"@id\":\"https:\/\/darshion.com\/#website\"},\"primaryImageOfPage\":{\"@id\":\"https:\/\/darshion.com\/product\/chair-mats-factory\/#primaryimage\"},\"image\":{\"@id\":\"https:\/\/darshion.com\/product\/chair-mats-factory\/#primaryimage\"},\"thumbnailUrl\":\"https:\/\/darshion.com\/wp-content\/uploads\/2024\/05\/1.jpg\",\"datePublished\":\"2024-05-16T08:57:11+00:00\",\"dateModified\":\"2024-07-06T01:49:32+00:00\",\"breadcrumb\":{\"@id\":\"https:\/\/darshion.com\/product\/chair-mats-factory\/#breadcrumb\"},\"inLanguage\":\"pl-PL\",\"potentialAction\":[{\"@type\":\"ReadAction\",\"target\":[\"https:\/\/darshion.com\/product\/chair-mats-factory\/\"]}]},{\"@type\":\"ImageObject\",\"inLanguage\":\"pl-PL\",\"@id\":\"https:\/\/darshion.com\/product\/chair-mats-factory\/#primaryimage\",\"url\":\"https:\/\/darshion.com\/wp-content\/uploads\/2024\/05\/1.jpg\",\"contentUrl\":\"https:\/\/darshion.com\/wp-content\/uploads\/2024\/05\/1.jpg\",\"width\":1491,\"height\":1486,\"caption\":\"chair mats factory\"},{\"@type\":\"BreadcrumbList\",\"@id\":\"https:\/\/darshion.com\/product\/chair-mats-factory\/#breadcrumb\",\"itemListElement\":[{\"@type\":\"ListItem\",\"position\":1,\"name\":\"\u9996\u9875\",\"item\":\"https:\/\/darshion.com\/\"},{\"@type\":\"ListItem\",\"position\":2,\"name\":\"PRODUCT\",\"item\":\"https:\/\/darshion.com\/pt\/product\/\"},{\"@type\":\"ListItem\",\"position\":3,\"name\":\"Anti-Slip Round Rubber Gaming Chair Mats Factory\"}]},{\"@type\":\"WebSite\",\"@id\":\"https:\/\/darshion.com\/#website\",\"url\":\"https:\/\/darshion.com\/\",\"name\":\"darshion\",\"description\":\"14 Years of Experience, Quality Assurance, Innovative Design\",\"publisher\":{\"@id\":\"https:\/\/darshion.com\/#organization\"},\"potentialAction\":[{\"@type\":\"SearchAction\",\"target\":{\"@type\":\"EntryPoint\",\"urlTemplate\":\"https:\/\/darshion.com\/?s={search_term_string}\"},\"query-input\":{\"@type\":\"PropertyValueSpecification\",\"valueRequired\":true,\"valueName\":\"search_term_string\"}}],\"inLanguage\":\"pl-PL\"},{\"@type\":\"Organization\",\"@id\":\"https:\/\/darshion.com\/#organization\",\"name\":\"darshion\",\"url\":\"https:\/\/darshion.com\/\",\"logo\":{\"@type\":\"ImageObject\",\"inLanguage\":\"pl-PL\",\"@id\":\"https:\/\/darshion.com\/#\/schema\/logo\/image\/\",\"url\":\"https:\/\/darshion.com\/wp-content\/uploads\/2023\/09\/01-1.png\",\"contentUrl\":\"https:\/\/darshion.com\/wp-content\/uploads\/2023\/09\/01-1.png\",\"width\":350,\"height\":100,\"caption\":\"darshion\"},\"image\":{\"@id\":\"https:\/\/darshion.com\/#\/schema\/logo\/image\/\"}}]}<\/script>\n<!-- \/ Yoast SEO Premium plugin. -->","yoast_head_json":{"title":"Antypo\u015blizgowe okr\u0105g\u0142e gumowe maty na krzes\u0142a do gier - darshion","robots":{"index":"index","follow":"follow","max-snippet":"max-snippet:-1","max-image-preview":"max-image-preview:large","max-video-preview":"max-video-preview:-1"},"canonical":"https:\/\/darshion.com\/pl\/produkt\/chair-mats-factory\/","og_locale":"pl_PL","og_type":"article","og_title":"Anti-Slip Round Rubber Gaming Chair Mats Factory","og_description":"Rubber Gaming Chair Mats Factory","og_url":"https:\/\/darshion.com\/pl\/produkt\/chair-mats-factory\/","og_site_name":"darshion","article_modified_time":"2024-07-06T01:49:32+00:00","og_image":[{"width":1491,"height":1486,"url":"https:\/\/darshion.com\/wp-content\/uploads\/2024\/05\/1.jpg","type":"image\/jpeg"}],"twitter_card":"summary_large_image","twitter_misc":{"Szacowany czas czytania":"2 minuty"},"schema":{"@context":"https:\/\/schema.org","@graph":[{"@type":"WebPage","@id":"https:\/\/darshion.com\/product\/chair-mats-factory\/","url":"https:\/\/darshion.com\/product\/chair-mats-factory\/","name":"Antypo\u015blizgowe okr\u0105g\u0142e gumowe maty na krzes\u0142a do gier - darshion","isPartOf":{"@id":"https:\/\/darshion.com\/#website"},"primaryImageOfPage":{"@id":"https:\/\/darshion.com\/product\/chair-mats-factory\/#primaryimage"},"image":{"@id":"https:\/\/darshion.com\/product\/chair-mats-factory\/#primaryimage"},"thumbnailUrl":"https:\/\/darshion.com\/wp-content\/uploads\/2024\/05\/1.jpg","datePublished":"2024-05-16T08:57:11+00:00","dateModified":"2024-07-06T01:49:32+00:00","breadcrumb":{"@id":"https:\/\/darshion.com\/product\/chair-mats-factory\/#breadcrumb"},"inLanguage":"pl-PL","potentialAction":[{"@type":"ReadAction","target":["https:\/\/darshion.com\/product\/chair-mats-factory\/"]}]},{"@type":"ImageObject","inLanguage":"pl-PL","@id":"https:\/\/darshion.com\/product\/chair-mats-factory\/#primaryimage","url":"https:\/\/darshion.com\/wp-content\/uploads\/2024\/05\/1.jpg","contentUrl":"https:\/\/darshion.com\/wp-content\/uploads\/2024\/05\/1.jpg","width":1491,"height":1486,"caption":"chair mats factory"},{"@type":"BreadcrumbList","@id":"https:\/\/darshion.com\/product\/chair-mats-factory\/#breadcrumb","itemListElement":[{"@type":"ListItem","position":1,"name":"\u9996\u9875","item":"https:\/\/darshion.com\/"},{"@type":"ListItem","position":2,"name":"PRODUCT","item":"https:\/\/darshion.com\/pt\/product\/"},{"@type":"ListItem","position":3,"name":"Anti-Slip Round Rubber Gaming Chair Mats Factory"}]},{"@type":"WebSite","@id":"https:\/\/darshion.com\/#website","url":"https:\/\/darshion.com\/","name":"darshion","description":"14 lat do\u015bwiadczenia, zapewnienie jako\u015bci, innowacyjny design","publisher":{"@id":"https:\/\/darshion.com\/#organization"},"potentialAction":[{"@type":"SearchAction","target":{"@type":"EntryPoint","urlTemplate":"https:\/\/darshion.com\/?s={search_term_string}"},"query-input":{"@type":"PropertyValueSpecification","valueRequired":true,"valueName":"search_term_string"}}],"inLanguage":"pl-PL"},{"@type":"Organization","@id":"https:\/\/darshion.com\/#organization","name":"darshion","url":"https:\/\/darshion.com\/","logo":{"@type":"ImageObject","inLanguage":"pl-PL","@id":"https:\/\/darshion.com\/#\/schema\/logo\/image\/","url":"https:\/\/darshion.com\/wp-content\/uploads\/2023\/09\/01-1.png","contentUrl":"https:\/\/darshion.com\/wp-content\/uploads\/2023\/09\/01-1.png","width":350,"height":100,"caption":"darshion"},"image":{"@id":"https:\/\/darshion.com\/#\/schema\/logo\/image\/"}}]}},"_links":{"self":[{"href":"https:\/\/darshion.com\/pl\/wp-json\/wp\/v2\/product\/2185"}],"collection":[{"href":"https:\/\/darshion.com\/pl\/wp-json\/wp\/v2\/product"}],"about":[{"href":"https:\/\/darshion.com\/pl\/wp-json\/wp\/v2\/types\/product"}],"replies":[{"embeddable":true,"href":"https:\/\/darshion.com\/pl\/wp-json\/wp\/v2\/comments?post=2185"}],"wp:featuredmedia":[{"embeddable":true,"href":"https:\/\/darshion.com\/pl\/wp-json\/wp\/v2\/media\/2188"}],"wp:attachment":[{"href":"https:\/\/darshion.com\/pl\/wp-json\/wp\/v2\/media?parent=2185"}],"wp:term":[{"taxonomy":"product_cat","embeddable":true,"href":"https:\/\/darshion.com\/pl\/wp-json\/wp\/v2\/product_cat?post=2185"},{"taxonomy":"product_tag","embeddable":true,"href":"https:\/\/darshion.com\/pl\/wp-json\/wp\/v2\/product_tag?post=2185"}],"curies":[{"name":"wp","href":"https:\/\/api.w.org\/{rel}","templated":true}]}}