{"id":2298,"date":"2024-05-28T11:17:16","date_gmt":"2024-05-28T03:17:16","guid":{"rendered":"https:\/\/darshion.com\/?post_type=product&#038;p=2298"},"modified":"2026-03-07T12:52:25","modified_gmt":"2026-03-07T04:52:25","slug":"desk-mat-manufacturers","status":"publish","type":"product","link":"https:\/\/darshion.com\/pl\/produkt\/desk-mat-manufacturers\/","title":{"rendered":"Du\u017ca podk\u0142adka pod mysz do gier XXXXL Producenci podk\u0142adek na biurko"},"content":{"rendered":"<h1>Mata na biurko Producent i dostawca hurtowy<\/h1>\n<h2>Niestandardowa fabryka mat na biurko dla zam\u00f3wie\u0144 hurtowych i hurtowych<\/h2>\n<p>Darshion to profesjonalny producent mat na biurko specjalizuj\u0105cy si\u0119 w produkcji hurtowej i hurtowej dla marek, dystrybutor\u00f3w, nabywc\u00f3w projekt\u00f3w i sprzedawc\u00f3w na du\u017c\u0105 skal\u0119.<\/p>\n<p>Zapewniamy maty na biurko OEM i ODM z pe\u0142nymi opcjami dostosowywania, w tym rozmiaru, materia\u0142u, zadruku powierzchni, szycia kraw\u0119dzi i pakowania. Nasza fabryka obs\u0142uguje niskie MOQ zaczynaj\u0105ce si\u0119 od 500 sztuk i stabiln\u0105 masow\u0105 produkcj\u0119 dla d\u0142ugoterminowej wsp\u00f3\u0142pracy.<\/p>\n<h2>Hurtowe maty na biurko z personalizacj\u0105 OEM i ODM<\/h2>\n<p>Nasze hurtowe maty na biurko s\u0105 szeroko stosowane w merchandisingu marki, konfiguracjach biurowych, projektach promocyjnych i dystrybucji detalicznej.<\/p>\n<p>Opcje personalizacji obejmuj\u0105:<br \/>\n- Pe\u0142nokolorowy nadruk sublimacyjny lub nadruk logo<br \/>\n- Gumowa podstawa, powierzchnia z tkaniny, opcje ze sk\u00f3ry PU<br \/>\n- Niestandardowy rozmiar, grubo\u015b\u0107 i szwy na kraw\u0119dziach<br \/>\n- Marki w\u0142asne i opakowania gotowe do sprzeda\u017cy detalicznej<\/p>\n<p>Pomagamy partnerom tworzy\u0107 zr\u00f3\u017cnicowane produkty na konkurencyjne rynki.<\/p>\n<h2>Maty na biurko do zastosowa\u0144 biurowych, gamingowych i markowych<\/h2>\n<p>Nasze maty na biurko s\u0105 zaprojektowane z my\u015bl\u0105 o trwa\u0142o\u015bci i komforcie, odpowiednie do u\u017cytku biurowego, konfiguracji gier i markowych linii produkt\u00f3w. S\u0105 one produkowane z my\u015bl\u0105 o dostawach hurtowych i dystrybucji hurtowej, a nie indywidualnej sprzeda\u017cy detalicznej.<\/p>\n<h2>Masowa produkcja mat na biurko z niskim MOQ<\/h2>\n<p>Nasze standardowe MOQ dla masowych zam\u00f3wie\u0144 mat na biurko zaczyna si\u0119 od 500 sztuk w zale\u017cno\u015bci od wymaga\u0144 dostosowywania. Dzi\u0119ki dojrza\u0142ym liniom produkcyjnym i \u015bcis\u0142ej kontroli jako\u015bci zapewniamy sta\u0142\u0105 jako\u015b\u0107 i dostaw\u0119 w przypadku powtarzaj\u0105cych si\u0119 zam\u00f3wie\u0144.<\/p>\n<p>\u3010Profesjonalna podk\u0142adka pod mysz do gier\u3011 Jest to profesjonalna du\u017ca podk\u0142adka pod mysz do gier, nasza podk\u0142adka pod mysz do gier mo\u017ce pom\u00f3c zmaksymalizowa\u0107 p\u0142ynno\u015b\u0107 i precyzj\u0119 sterowania mysz\u0105, ultra-g\u0142adka powierzchnia profesjonalnej podk\u0142adki pod mysz do gier umo\u017cliwia przesuwanie myszy bez wysi\u0142ku w dowolnym momencie w celu precyzyjnego \u015bledzenia, dzi\u0119ki czemu wszyscy zapaleni gracze mog\u0105 mie\u0107 najlepsze wra\u017cenia z gry, u\u017cyj tej profesjonalnej du\u017cej podk\u0142adki pod mysz do gier, aby uzyska\u0107 idealny poziom gry\uff01.<br \/>\n\u3010Wysoka stabilno\u015b\u0107, trwa\u0142o\u015b\u0107 i komfort\u3011 Ta du\u017ca podk\u0142adka pod mysz do gier ma najwi\u0119ksz\u0105 stabilno\u015b\u0107, trwa\u0142o\u015b\u0107 i komfort! Rozwi\u0105zuje wszystkie problemy na rynku zwi\u0105zane z zagi\u0119tymi kraw\u0119dziami podk\u0142adki pod mysz, nisk\u0105 jako\u015bci\u0105 materia\u0142u podk\u0142adki pod mysz, nieprzyjemnym zapachem podk\u0142adki pod mysz i niewygodnym u\u017cytkowaniem podk\u0142adki pod mysz i tak dalej! Nasze podk\u0142adki pod mysz do gier by\u0142y testowane przez niezliczone godziny i niezliczon\u0105 ilo\u015b\u0107 razy, aby zapewni\u0107 najlepsze podk\u0142adki pod mysz do gier dla wszystkich graczy!<br \/>\n\u3010Najwy\u017cszej jako\u015bci materia\u0142 i najsilniejsze w\u0142a\u015bciwo\u015bci antypo\u015blizgowe\u3011 Nasza du\u017ca powierzchnia podk\u0142adki pod mysz do gier jest wykonana z najwy\u017cszej jako\u015bci, precyzyjnej tkaniny z lycry, aby zapewni\u0107, \u017ce pozostanie p\u0142aska podczas korzystania z tej podk\u0142adki pod mysz do gier. Antypo\u015blizgowa gumowa podstawa na spodzie du\u017cej podk\u0142adki pod mysz do gier mocno trzyma podk\u0142adk\u0119 w miejscu i zapewnia najsilniejsze w\u0142a\u015bciwo\u015bci antypo\u015blizgowe, a ta podk\u0142adka pod mysz do gier jest pokryta wodoodporn\u0105 pow\u0142ok\u0105, kt\u00f3ra zapobiega rozlaniu lub zabrudzeniu, jest \u0142atwa do czyszczenia i bezzapachowa. Ta du\u017ca podk\u0142adka pod mysz do gier zapewnia najlepsz\u0105 stabilno\u015b\u0107, trwa\u0142o\u015b\u0107 i komfort.<br \/>\nNasza du\u017ca podk\u0142adka pod mysz do gier, d\u0142u\u017csza i szersza ni\u017c inne podk\u0142adki pod myszy, ta du\u017ca podk\u0142adka pod mysz do gier zapewnia du\u017co miejsca na mysz i klawiatur\u0119, zapewniaj\u0105c wi\u0119ksz\u0105 g\u0142adk\u0105 i niezak\u0142\u00f3con\u0105 powierzchni\u0119 do profesjonalnych sesji gier, a ta podk\u0142adka pod mysz do gier chroni r\u00f3wnie\u017c pulpit. Dodatkowa grubo\u015b\u0107 2 mm podk\u0142adki pod mysz do gier nie tylko redukuje ha\u0142as, ale tak\u017ce zapewnia bardziej komfortowe wra\u017cenia dla d\u0142oni.<br \/>\n\u3010Wielofunkcyjna podk\u0142adka pod mysz\u3011 Nasza du\u017ca podk\u0142adka pod mysz do gier nie tylko zapewnia najlepsz\u0105 wydajno\u015b\u0107 podczas grania, ale tak\u017ce jest wielop\u0142aszczyznowym pomocnikiem w domowym biurze, gabinecie i pracy biurowej. Powi\u0119kszony i wyd\u0142u\u017cony rozmiar du\u017cej podk\u0142adki pod mysz xl zapewnia bardziej komfortow\u0105 i przestronn\u0105 przestrze\u0144 robocz\u0105, jednocze\u015bnie chroni\u0105c pulpit. Pi\u0119kny wz\u00f3r podk\u0142adki pod mysz na biurko mo\u017ce r\u00f3wnie\u017c doda\u0107 relaksuj\u0105cej atmosfery do biura, co jest praktyczn\u0105 i pi\u0119kn\u0105 wielofunkcyjn\u0105 podk\u0142adk\u0105 pod mysz.<\/p>\n<p><img fetchpriority=\"high\" decoding=\"async\" class=\"size-full wp-image-2305\" src=\"https:\/\/darshion.com\/wp-content\/uploads\/2024\/05\/Full-Desk-Mouse-Pad.jpg\" alt=\"Full Desk Mouse Pad\" width=\"1464\" height=\"600\" srcset=\"https:\/\/darshion.com\/wp-content\/uploads\/2024\/05\/Full-Desk-Mouse-Pad.jpg 1464w, https:\/\/darshion.com\/wp-content\/uploads\/2024\/05\/Full-Desk-Mouse-Pad-300x123.jpg 300w, https:\/\/darshion.com\/wp-content\/uploads\/2024\/05\/Full-Desk-Mouse-Pad-1024x420.jpg 1024w, https:\/\/darshion.com\/wp-content\/uploads\/2024\/05\/Full-Desk-Mouse-Pad-768x315.jpg 768w, https:\/\/darshion.com\/wp-content\/uploads\/2024\/05\/Full-Desk-Mouse-Pad-600x246.jpg 600w\" sizes=\"(max-width: 1464px) 100vw, 1464px\" \/><\/p>\n<table class=\"apm-fixed-width apm-eventhirdcol-table\" style=\"height: 566px;\" width=\"474\">\n<tbody>\n<tr>\n<th class=\"apm-center\"><span style=\"font-weight: 400;\"><img decoding=\"async\" class=\"size-full wp-image-2304\" src=\"https:\/\/darshion.com\/wp-content\/uploads\/2024\/05\/f0eff780-12f1-4eeb-8c09-f5c1a4c3b575.__CR00300225_PT0_SX300_V1___.jpg\" alt=\"xxxxl mouse pad\" width=\"300\" height=\"225\" \/><\/span><\/th>\n<th class=\"apm-center\"><span style=\"font-weight: 400;\"><img decoding=\"async\" class=\"size-full wp-image-2302\" src=\"https:\/\/darshion.com\/wp-content\/uploads\/2024\/05\/e5882a06-82f0-40e7-b46a-b5fd7878b0ed.__CR00300225_PT0_SX300_V1___.jpg\" alt=\"xxxxl mouse pad\" width=\"300\" height=\"225\" \/><\/span><\/th>\n<th class=\"apm-center\"><span style=\"font-weight: 400;\"><img loading=\"lazy\" decoding=\"async\" class=\"size-full wp-image-2301\" src=\"https:\/\/darshion.com\/wp-content\/uploads\/2024\/05\/476a90b3-1584-4bd6-98d3-390979d77c08.__CR00300225_PT0_SX300_V1___.jpg\" alt=\"xxxxl mouse pad\" width=\"300\" height=\"225\" \/><\/span><\/th>\n<th class=\"apm-center\"><span style=\"font-weight: 400;\"><img loading=\"lazy\" decoding=\"async\" class=\"size-full wp-image-2303\" src=\"https:\/\/darshion.com\/wp-content\/uploads\/2024\/05\/ec1dcddc-3d07-4e10-b350-1aaf0e3bbac3.__CR00300225_PT0_SX300_V1___.jpg\" alt=\"xxxxl mouse pad\" width=\"300\" height=\"225\" \/><\/span><\/th>\n<\/tr>\n<tr>\n<td class=\"apm-top\">\n<div class=\"a-section a-spacing-none column-heading\">\n<h4 class=\"aplus-h3 a-text-bold\"><span style=\"font-weight: 400;\">Powierzchnia odporna na zu\u017cycie<\/span><\/h4>\n<\/div>\n<div class=\"a-section a-spacing-none column-description\">\n<p class=\"aplus-p3\">Powierzchnia z tkaniny lycra zapobiega zarysowaniom ostrymi przedmiotami, takimi jak sztu\u0107ce i d\u0142ugopisy.<\/p>\n<\/div>\n<\/td>\n<td class=\"apm-top\">\n<div class=\"apm-eventhirdcol apm-floatleft\">\n<div class=\"a-section a-spacing-none column-heading\">\n<h4 class=\"aplus-h3 a-text-bold\"><span style=\"font-weight: 400;\">Odporno\u015b\u0107 na zmarszczki<\/span><\/h4>\n<\/div>\n<div class=\"a-section a-spacing-none column-description\">\n<p class=\"aplus-p3\">Podstawa z naturalnej gumy jest elastyczna, wi\u0119c nie musisz si\u0119 martwi\u0107, \u017ce podk\u0142adka si\u0119 pogniecie lub p\u0119knie po d\u0142u\u017cszym u\u017cytkowaniu.<\/p>\n<\/div>\n<\/div>\n<\/td>\n<td class=\"apm-top\">\n<div class=\"apm-eventhirdcol apm-floatleft\">\n<div class=\"a-section a-spacing-none column-heading\">\n<h4 class=\"aplus-h3 a-text-bold\"><span style=\"font-weight: 400;\">Odporno\u015b\u0107 na wod\u0119 i olej<\/span><\/h4>\n<\/div>\n<div class=\"a-section a-spacing-none column-description\">\n<p class=\"aplus-p3\">Powierzchnia ma wodoodporn\u0105 pow\u0142ok\u0119, kt\u00f3ra jest odporna na wod\u0119 i olej, a tak\u017ce jest bardzo \u0142atwa w czyszczeniu i piel\u0119gnacji.<\/p>\n<\/div>\n<\/div>\n<\/td>\n<td class=\"apm-top\">\n<div class=\"apm-eventhirdcol apm-floatleft\">\n<div class=\"a-section a-spacing-none column-heading\">\n<h4 class=\"aplus-h3 a-text-bold\"><span style=\"font-weight: 400;\">Wytrzyma\u0142e zszyte kraw\u0119dzie<\/span><\/h4>\n<\/div>\n<div class=\"a-section a-spacing-none column-description\">\n<p class=\"aplus-p3\">Podw\u00f3jne szwy wzmacniaj\u0105ce, wykonane z my\u015bl\u0105 o trwa\u0142o\u015bci, zapobiegaj\u0105ce strz\u0119pieniu si\u0119 i zapewniaj\u0105ce sta\u0142\u0105 wydajno\u015b\u0107<\/p>\n<\/div>\n<\/div>\n<\/td>\n<\/tr>\n<\/tbody>\n<\/table>\n<p>P: Jakie jest twoje MOQ dla hurtowych mat na biurko?<br \/>\nNasze standardowe MOQ zaczyna si\u0119 od 500 jednostek w zale\u017cno\u015bci od rozmiaru i dostosowania.<\/p>\n<p>P: Czy obs\u0142ugujecie niestandardowe logo i maty na biurko OEM?<br \/>\nTak, zapewniamy pe\u0142ne us\u0142ugi OEM i ODM, w tym drukowanie, materia\u0142y i opakowania.<\/p>\n<p>P: Czy maty na biurko s\u0105 odpowiednie dla marek i projekt\u00f3w korporacyjnych?<br \/>\nTak, nasze maty na biurko s\u0105 szeroko stosowane przez marki, dystrybutor\u00f3w i nabywc\u00f3w korporacyjnych.<\/p>","protected":false},"excerpt":{"rendered":"<p>Profesjonalna antypo\u015blizgowa gumowa podk\u0142adka pod mysz, du\u017ca podk\u0142adka pod mysz XXXL do gier, biura i domu, pe\u0142na podk\u0142adka pod mysz na biurko<\/p>","protected":false},"featured_media":2279,"comment_status":"open","ping_status":"closed","template":"","meta":{"_monsterinsights_skip_tracking":false,"_monsterinsights_sitenote_active":false,"_monsterinsights_sitenote_note":"","_monsterinsights_sitenote_category":0},"product_cat":[100],"product_tag":[130,556],"yoast_head":"<!-- This site is optimized with the Yoast SEO Premium plugin v22.9 (Yoast SEO v24.0) - https:\/\/yoast.com\/wordpress\/plugins\/seo\/ -->\n<title>Big Mouse Pad for Gaming XXXXL Desk Mat Manufacturers<\/title>\n<meta name=\"description\" content=\"Darshion is a professional desk mat manufacturer and wholesale supplier offering custom desk mats in bulk. OEM &amp; ODM services, full color printing, low MOQ and factory direct pricing.\" \/>\n<meta name=\"robots\" content=\"index, follow, max-snippet:-1, max-image-preview:large, max-video-preview:-1\" \/>\n<link rel=\"canonical\" href=\"https:\/\/darshion.com\/pl\/produkt\/desk-mat-manufacturers\/\" \/>\n<meta property=\"og:locale\" content=\"pl_PL\" \/>\n<meta property=\"og:type\" content=\"article\" \/>\n<meta property=\"og:title\" content=\"Big Mouse Pad for Gaming XXXXL Desk Mat Manufacturers\" \/>\n<meta property=\"og:description\" content=\"Darshion is a professional desk mat manufacturer and wholesale supplier offering custom desk mats in bulk. OEM &amp; ODM services, full color printing, low MOQ and factory direct pricing.\" \/>\n<meta property=\"og:url\" content=\"https:\/\/darshion.com\/pl\/produkt\/desk-mat-manufacturers\/\" \/>\n<meta property=\"og:site_name\" content=\"darshion\" \/>\n<meta property=\"article:modified_time\" content=\"2026-03-07T04:52:25+00:00\" \/>\n<meta property=\"og:image\" content=\"https:\/\/darshion.com\/wp-content\/uploads\/2024\/05\/12.jpg\" \/>\n\t<meta property=\"og:image:width\" content=\"768\" \/>\n\t<meta property=\"og:image:height\" content=\"768\" \/>\n\t<meta property=\"og:image:type\" content=\"image\/jpeg\" \/>\n<meta name=\"twitter:card\" content=\"summary_large_image\" \/>\n<meta name=\"twitter:label1\" content=\"Szacowany czas czytania\" \/>\n\t<meta name=\"twitter:data1\" content=\"5 minut\" \/>\n<script type=\"application\/ld+json\" class=\"yoast-schema-graph\">{\"@context\":\"https:\/\/schema.org\",\"@graph\":[{\"@type\":\"WebPage\",\"@id\":\"https:\/\/darshion.com\/product\/desk-mat-manufacturers\/\",\"url\":\"https:\/\/darshion.com\/product\/desk-mat-manufacturers\/\",\"name\":\"Big Mouse Pad for Gaming XXXXL Desk Mat Manufacturers\",\"isPartOf\":{\"@id\":\"https:\/\/darshion.com\/#website\"},\"primaryImageOfPage\":{\"@id\":\"https:\/\/darshion.com\/product\/desk-mat-manufacturers\/#primaryimage\"},\"image\":{\"@id\":\"https:\/\/darshion.com\/product\/desk-mat-manufacturers\/#primaryimage\"},\"thumbnailUrl\":\"https:\/\/darshion.com\/wp-content\/uploads\/2024\/05\/12.jpg\",\"datePublished\":\"2024-05-28T03:17:16+00:00\",\"dateModified\":\"2026-03-07T04:52:25+00:00\",\"description\":\"Darshion is a professional desk mat manufacturer and wholesale supplier offering custom desk mats in bulk. OEM & ODM services, full color printing, low MOQ and factory direct pricing.\",\"breadcrumb\":{\"@id\":\"https:\/\/darshion.com\/product\/desk-mat-manufacturers\/#breadcrumb\"},\"inLanguage\":\"pl-PL\",\"potentialAction\":[{\"@type\":\"ReadAction\",\"target\":[\"https:\/\/darshion.com\/product\/desk-mat-manufacturers\/\"]}]},{\"@type\":\"ImageObject\",\"inLanguage\":\"pl-PL\",\"@id\":\"https:\/\/darshion.com\/product\/desk-mat-manufacturers\/#primaryimage\",\"url\":\"https:\/\/darshion.com\/wp-content\/uploads\/2024\/05\/12.jpg\",\"contentUrl\":\"https:\/\/darshion.com\/wp-content\/uploads\/2024\/05\/12.jpg\",\"width\":768,\"height\":768,\"caption\":\"xxxxl mouse pad\"},{\"@type\":\"BreadcrumbList\",\"@id\":\"https:\/\/darshion.com\/product\/desk-mat-manufacturers\/#breadcrumb\",\"itemListElement\":[{\"@type\":\"ListItem\",\"position\":1,\"name\":\"\u9996\u9875\",\"item\":\"https:\/\/darshion.com\/\"},{\"@type\":\"ListItem\",\"position\":2,\"name\":\"PRODUCT\",\"item\":\"https:\/\/darshion.com\/pt\/product\/\"},{\"@type\":\"ListItem\",\"position\":3,\"name\":\"Big Mouse Pad for Gaming XXXXL Desk Mat Manufacturers\"}]},{\"@type\":\"WebSite\",\"@id\":\"https:\/\/darshion.com\/#website\",\"url\":\"https:\/\/darshion.com\/\",\"name\":\"darshion\",\"description\":\"14 Years of Experience, Quality Assurance, Innovative Design\",\"publisher\":{\"@id\":\"https:\/\/darshion.com\/#organization\"},\"potentialAction\":[{\"@type\":\"SearchAction\",\"target\":{\"@type\":\"EntryPoint\",\"urlTemplate\":\"https:\/\/darshion.com\/?s={search_term_string}\"},\"query-input\":{\"@type\":\"PropertyValueSpecification\",\"valueRequired\":true,\"valueName\":\"search_term_string\"}}],\"inLanguage\":\"pl-PL\"},{\"@type\":\"Organization\",\"@id\":\"https:\/\/darshion.com\/#organization\",\"name\":\"darshion\",\"url\":\"https:\/\/darshion.com\/\",\"logo\":{\"@type\":\"ImageObject\",\"inLanguage\":\"pl-PL\",\"@id\":\"https:\/\/darshion.com\/#\/schema\/logo\/image\/\",\"url\":\"https:\/\/darshion.com\/wp-content\/uploads\/2023\/09\/01-1.png\",\"contentUrl\":\"https:\/\/darshion.com\/wp-content\/uploads\/2023\/09\/01-1.png\",\"width\":350,\"height\":100,\"caption\":\"darshion\"},\"image\":{\"@id\":\"https:\/\/darshion.com\/#\/schema\/logo\/image\/\"}}]}<\/script>\n<!-- \/ Yoast SEO Premium plugin. -->","yoast_head_json":{"title":"Du\u017ca podk\u0142adka pod mysz do gier XXXXL Producenci podk\u0142adek na biurko","description":"Darshion to profesjonalny producent mat na biurko i dostawca hurtowy oferuj\u0105cy niestandardowe maty na biurko luzem. Us\u0142ugi OEM i ODM, druk w pe\u0142nym kolorze, niskie MOQ i bezpo\u015brednie ceny fabryczne.","robots":{"index":"index","follow":"follow","max-snippet":"max-snippet:-1","max-image-preview":"max-image-preview:large","max-video-preview":"max-video-preview:-1"},"canonical":"https:\/\/darshion.com\/pl\/produkt\/desk-mat-manufacturers\/","og_locale":"pl_PL","og_type":"article","og_title":"Big Mouse Pad for Gaming XXXXL Desk Mat Manufacturers","og_description":"Darshion is a professional desk mat manufacturer and wholesale supplier offering custom desk mats in bulk. OEM & ODM services, full color printing, low MOQ and factory direct pricing.","og_url":"https:\/\/darshion.com\/pl\/produkt\/desk-mat-manufacturers\/","og_site_name":"darshion","article_modified_time":"2026-03-07T04:52:25+00:00","og_image":[{"width":768,"height":768,"url":"https:\/\/darshion.com\/wp-content\/uploads\/2024\/05\/12.jpg","type":"image\/jpeg"}],"twitter_card":"summary_large_image","twitter_misc":{"Szacowany czas czytania":"5 minut"},"schema":{"@context":"https:\/\/schema.org","@graph":[{"@type":"WebPage","@id":"https:\/\/darshion.com\/product\/desk-mat-manufacturers\/","url":"https:\/\/darshion.com\/product\/desk-mat-manufacturers\/","name":"Du\u017ca podk\u0142adka pod mysz do gier XXXXL Producenci podk\u0142adek na biurko","isPartOf":{"@id":"https:\/\/darshion.com\/#website"},"primaryImageOfPage":{"@id":"https:\/\/darshion.com\/product\/desk-mat-manufacturers\/#primaryimage"},"image":{"@id":"https:\/\/darshion.com\/product\/desk-mat-manufacturers\/#primaryimage"},"thumbnailUrl":"https:\/\/darshion.com\/wp-content\/uploads\/2024\/05\/12.jpg","datePublished":"2024-05-28T03:17:16+00:00","dateModified":"2026-03-07T04:52:25+00:00","description":"Darshion to profesjonalny producent mat na biurko i dostawca hurtowy oferuj\u0105cy niestandardowe maty na biurko luzem. Us\u0142ugi OEM i ODM, druk w pe\u0142nym kolorze, niskie MOQ i bezpo\u015brednie ceny fabryczne.","breadcrumb":{"@id":"https:\/\/darshion.com\/product\/desk-mat-manufacturers\/#breadcrumb"},"inLanguage":"pl-PL","potentialAction":[{"@type":"ReadAction","target":["https:\/\/darshion.com\/product\/desk-mat-manufacturers\/"]}]},{"@type":"ImageObject","inLanguage":"pl-PL","@id":"https:\/\/darshion.com\/product\/desk-mat-manufacturers\/#primaryimage","url":"https:\/\/darshion.com\/wp-content\/uploads\/2024\/05\/12.jpg","contentUrl":"https:\/\/darshion.com\/wp-content\/uploads\/2024\/05\/12.jpg","width":768,"height":768,"caption":"xxxxl mouse pad"},{"@type":"BreadcrumbList","@id":"https:\/\/darshion.com\/product\/desk-mat-manufacturers\/#breadcrumb","itemListElement":[{"@type":"ListItem","position":1,"name":"\u9996\u9875","item":"https:\/\/darshion.com\/"},{"@type":"ListItem","position":2,"name":"PRODUCT","item":"https:\/\/darshion.com\/pt\/product\/"},{"@type":"ListItem","position":3,"name":"Big Mouse Pad for Gaming XXXXL Desk Mat Manufacturers"}]},{"@type":"WebSite","@id":"https:\/\/darshion.com\/#website","url":"https:\/\/darshion.com\/","name":"darshion","description":"14 lat do\u015bwiadczenia, zapewnienie jako\u015bci, innowacyjny design","publisher":{"@id":"https:\/\/darshion.com\/#organization"},"potentialAction":[{"@type":"SearchAction","target":{"@type":"EntryPoint","urlTemplate":"https:\/\/darshion.com\/?s={search_term_string}"},"query-input":{"@type":"PropertyValueSpecification","valueRequired":true,"valueName":"search_term_string"}}],"inLanguage":"pl-PL"},{"@type":"Organization","@id":"https:\/\/darshion.com\/#organization","name":"darshion","url":"https:\/\/darshion.com\/","logo":{"@type":"ImageObject","inLanguage":"pl-PL","@id":"https:\/\/darshion.com\/#\/schema\/logo\/image\/","url":"https:\/\/darshion.com\/wp-content\/uploads\/2023\/09\/01-1.png","contentUrl":"https:\/\/darshion.com\/wp-content\/uploads\/2023\/09\/01-1.png","width":350,"height":100,"caption":"darshion"},"image":{"@id":"https:\/\/darshion.com\/#\/schema\/logo\/image\/"}}]}},"_links":{"self":[{"href":"https:\/\/darshion.com\/pl\/wp-json\/wp\/v2\/product\/2298"}],"collection":[{"href":"https:\/\/darshion.com\/pl\/wp-json\/wp\/v2\/product"}],"about":[{"href":"https:\/\/darshion.com\/pl\/wp-json\/wp\/v2\/types\/product"}],"replies":[{"embeddable":true,"href":"https:\/\/darshion.com\/pl\/wp-json\/wp\/v2\/comments?post=2298"}],"wp:featuredmedia":[{"embeddable":true,"href":"https:\/\/darshion.com\/pl\/wp-json\/wp\/v2\/media\/2279"}],"wp:attachment":[{"href":"https:\/\/darshion.com\/pl\/wp-json\/wp\/v2\/media?parent=2298"}],"wp:term":[{"taxonomy":"product_cat","embeddable":true,"href":"https:\/\/darshion.com\/pl\/wp-json\/wp\/v2\/product_cat?post=2298"},{"taxonomy":"product_tag","embeddable":true,"href":"https:\/\/darshion.com\/pl\/wp-json\/wp\/v2\/product_tag?post=2298"}],"curies":[{"name":"wp","href":"https:\/\/api.w.org\/{rel}","templated":true}]}}